{"id":17531,"date":"2023-11-02T09:49:15","date_gmt":"2023-11-02T08:49:15","guid":{"rendered":"https:\/\/9staedte.de\/programmes-dune-journee-a-braunschweig\/"},"modified":"2023-11-02T17:19:19","modified_gmt":"2023-11-02T16:19:19","slug":"programmes-dune-journee-a-braunschweig","status":"publish","type":"page","link":"https:\/\/9staedte.de\/fr\/braunschweig-la-ville-du-lion\/programmes-dune-journee-a-braunschweig\/","title":{"rendered":"Programmes d&rsquo;une journ\u00e9e \u00e0 Braunschweig"},"content":{"rendered":"\n<p>Vous souhaitez passer une journ\u00e9e \u00e0 Brunswick et vous ne savez pas encore vraiment comment planifier au mieux ? Dans ce cas, l&rsquo;office de tourisme vous aidera volontiers \u00e0 \u00e9tablir un programme d&rsquo;une journ\u00e9e adapt\u00e9 \u00e0 votre visite de la ville du Lion, qu&rsquo;il s&rsquo;agisse de faire du tourisme et de fl\u00e2ner en ville, de faire un tour sur l&rsquo;Oker ou de visiter les ch\u00e2teaux environnants &#8211; ou encore de tout combiner.<\/p>\n\n\n\n<p>Plus d&rsquo;informations sur <a href=\"http:\/\/www.braunschweig.de\/reiseangebote\" target=\"_blank\" rel=\"noreferrer noopener\">www.braunschweig.de\/reiseangebote<\/a><\/p>\n\n\n\n<div style=\"height:13px\" aria-hidden=\"true\" class=\"wp-block-spacer\"><\/div>\n\n\n\n<p><strong>Conseil<\/strong>: les offres pour la p\u00e9riode de No\u00ebl sont \u00e9galement int\u00e9ressantes pour tous les voyageurs et groupes qui souhaitent d\u00e9couvrir le march\u00e9 de No\u00ebl de Brunswick sous un autre angle. Pour plus d&rsquo;informations sur les <a href=\"https:\/\/www.braunschweig.de\/weihnachtsmarkt\/besuchen.php\">visites guid\u00e9es de No\u00ebl, cliquez ici<\/a>.<\/p>\n","protected":false},"excerpt":{"rendered":"<p>Vous souhaitez passer une journ\u00e9e \u00e0 Brunswick et vous ne savez pas encore vraiment comment planifier au mieux ? Dans ce cas, l&rsquo;office de tourisme vous aidera volontiers \u00e0 \u00e9tablir un programme d&rsquo;une journ\u00e9e adapt\u00e9 \u00e0 votre visite de la ville du Lion, qu&rsquo;il s&rsquo;agisse de faire du tourisme et de fl\u00e2ner en ville, de [&hellip;]<\/p>\n","protected":false},"author":1,"featured_media":15440,"parent":17595,"menu_order":0,"comment_status":"closed","ping_status":"closed","template":"pagetemplates\/template-stadtthema.php","meta":{"_acf_changed":false,"footnotes":""},"categories":[],"tags":[],"ncap_cities_tax":[423,891],"class_list":["post-17531","page","type-page","status-publish","has-post-thumbnail","hentry","ncap_cities_tax-braunschweig-fr","ncap_cities_tax-tagesprogramme-braunschweig-fr"],"acf":[],"yoast_head":"<!-- This site is optimized with the Yoast SEO plugin v27.4 - https:\/\/yoast.com\/product\/yoast-seo-wordpress\/ -->\n<title>Programmes d&#039;une journ\u00e9e \u00e0 Braunschweig - 9 St\u00e4dte in Niedersachsen<\/title>\n<meta name=\"robots\" content=\"index, follow, max-snippet:-1, max-image-preview:large, max-video-preview:-1\" \/>\n<link rel=\"canonical\" href=\"https:\/\/9staedte.de\/fr\/braunschweig-la-ville-du-lion\/programmes-dune-journee-a-braunschweig\/\" \/>\n<meta property=\"og:locale\" content=\"fr_FR\" \/>\n<meta property=\"og:type\" content=\"article\" \/>\n<meta property=\"og:title\" content=\"Programmes d&#039;une journ\u00e9e \u00e0 Braunschweig - 9 St\u00e4dte in Niedersachsen\" \/>\n<meta property=\"og:description\" content=\"Vous souhaitez passer une journ\u00e9e \u00e0 Brunswick et vous ne savez pas encore vraiment comment planifier au mieux ? Dans ce cas, l&rsquo;office de tourisme vous aidera volontiers \u00e0 \u00e9tablir un programme d&rsquo;une journ\u00e9e adapt\u00e9 \u00e0 votre visite de la ville du Lion, qu&rsquo;il s&rsquo;agisse de faire du tourisme et de fl\u00e2ner en ville, de [&hellip;]\" \/>\n<meta property=\"og:url\" content=\"https:\/\/9staedte.de\/fr\/braunschweig-la-ville-du-lion\/programmes-dune-journee-a-braunschweig\/\" \/>\n<meta property=\"og:site_name\" content=\"9 St\u00e4dte in Niedersachsen\" \/>\n<meta property=\"article:modified_time\" content=\"2023-11-02T16:19:19+00:00\" \/>\n<meta property=\"og:image\" content=\"https:\/\/9staedte.de\/wp-content\/uploads\/2023\/01\/Braunschweig-Oldtown-Market-c-Braunschweig-Stadtmarketing-Christian-Bierwagen-1.jpg\" \/>\n\t<meta property=\"og:image:width\" content=\"1020\" \/>\n\t<meta property=\"og:image:height\" content=\"560\" \/>\n\t<meta property=\"og:image:type\" content=\"image\/jpeg\" \/>\n<meta name=\"twitter:card\" content=\"summary_large_image\" \/>\n<meta name=\"twitter:label1\" content=\"Dur\u00e9e de lecture estim\u00e9e\" \/>\n\t<meta name=\"twitter:data1\" content=\"1 minute\" \/>\n<script type=\"application\/ld+json\" class=\"yoast-schema-graph\">{\"@context\":\"https:\\\/\\\/schema.org\",\"@graph\":[{\"@type\":\"WebPage\",\"@id\":\"https:\\\/\\\/9staedte.de\\\/fr\\\/braunschweig-la-ville-du-lion\\\/programmes-dune-journee-a-braunschweig\\\/\",\"url\":\"https:\\\/\\\/9staedte.de\\\/fr\\\/braunschweig-la-ville-du-lion\\\/programmes-dune-journee-a-braunschweig\\\/\",\"name\":\"Programmes d'une journ\u00e9e \u00e0 Braunschweig - 9 St\u00e4dte in Niedersachsen\",\"isPartOf\":{\"@id\":\"https:\\\/\\\/9staedte.de\\\/fr\\\/#website\"},\"primaryImageOfPage\":{\"@id\":\"https:\\\/\\\/9staedte.de\\\/fr\\\/braunschweig-la-ville-du-lion\\\/programmes-dune-journee-a-braunschweig\\\/#primaryimage\"},\"image\":{\"@id\":\"https:\\\/\\\/9staedte.de\\\/fr\\\/braunschweig-la-ville-du-lion\\\/programmes-dune-journee-a-braunschweig\\\/#primaryimage\"},\"thumbnailUrl\":\"https:\\\/\\\/9staedte.de\\\/wp-content\\\/uploads\\\/2023\\\/01\\\/Braunschweig-Oldtown-Market-c-Braunschweig-Stadtmarketing-Christian-Bierwagen-1.jpg\",\"datePublished\":\"2023-11-02T08:49:15+00:00\",\"dateModified\":\"2023-11-02T16:19:19+00:00\",\"breadcrumb\":{\"@id\":\"https:\\\/\\\/9staedte.de\\\/fr\\\/braunschweig-la-ville-du-lion\\\/programmes-dune-journee-a-braunschweig\\\/#breadcrumb\"},\"inLanguage\":\"fr-FR\",\"potentialAction\":[{\"@type\":\"ReadAction\",\"target\":[\"https:\\\/\\\/9staedte.de\\\/fr\\\/braunschweig-la-ville-du-lion\\\/programmes-dune-journee-a-braunschweig\\\/\"]}]},{\"@type\":\"ImageObject\",\"inLanguage\":\"fr-FR\",\"@id\":\"https:\\\/\\\/9staedte.de\\\/fr\\\/braunschweig-la-ville-du-lion\\\/programmes-dune-journee-a-braunschweig\\\/#primaryimage\",\"url\":\"https:\\\/\\\/9staedte.de\\\/wp-content\\\/uploads\\\/2023\\\/01\\\/Braunschweig-Oldtown-Market-c-Braunschweig-Stadtmarketing-Christian-Bierwagen-1.jpg\",\"contentUrl\":\"https:\\\/\\\/9staedte.de\\\/wp-content\\\/uploads\\\/2023\\\/01\\\/Braunschweig-Oldtown-Market-c-Braunschweig-Stadtmarketing-Christian-Bierwagen-1.jpg\",\"width\":1020,\"height\":560,\"caption\":\"Braunschweig Oldtown Market c) Braunschweig Stadtmarketing Christian Bierwagen\"},{\"@type\":\"BreadcrumbList\",\"@id\":\"https:\\\/\\\/9staedte.de\\\/fr\\\/braunschweig-la-ville-du-lion\\\/programmes-dune-journee-a-braunschweig\\\/#breadcrumb\",\"itemListElement\":[{\"@type\":\"ListItem\",\"position\":1,\"name\":\"Startseite\",\"item\":\"https:\\\/\\\/9staedte.de\\\/fr\\\/\"},{\"@type\":\"ListItem\",\"position\":2,\"name\":\"Braunschweig &#8211; City of Lions\",\"item\":\"https:\\\/\\\/9staedte.de\\\/fr\\\/braunschweig-la-ville-du-lion\\\/\"},{\"@type\":\"ListItem\",\"position\":3,\"name\":\"Programmes d&#8217;une journ\u00e9e \u00e0 Braunschweig\"}]},{\"@type\":\"WebSite\",\"@id\":\"https:\\\/\\\/9staedte.de\\\/fr\\\/#website\",\"url\":\"https:\\\/\\\/9staedte.de\\\/fr\\\/\",\"name\":\"9 St\u00e4dte in Niedersachsen\",\"description\":\"\",\"publisher\":{\"@id\":\"https:\\\/\\\/9staedte.de\\\/fr\\\/#organization\"},\"potentialAction\":[{\"@type\":\"SearchAction\",\"target\":{\"@type\":\"EntryPoint\",\"urlTemplate\":\"https:\\\/\\\/9staedte.de\\\/fr\\\/?s={search_term_string}\"},\"query-input\":{\"@type\":\"PropertyValueSpecification\",\"valueRequired\":true,\"valueName\":\"search_term_string\"}}],\"inLanguage\":\"fr-FR\"},{\"@type\":\"Organization\",\"@id\":\"https:\\\/\\\/9staedte.de\\\/fr\\\/#organization\",\"name\":\"9 St\u00e4dte in Niedersachsen\",\"url\":\"https:\\\/\\\/9staedte.de\\\/fr\\\/\",\"logo\":{\"@type\":\"ImageObject\",\"inLanguage\":\"fr-FR\",\"@id\":\"https:\\\/\\\/9staedte.de\\\/fr\\\/#\\\/schema\\\/logo\\\/image\\\/\",\"url\":\"https:\\\/\\\/9staedte.de\\\/wp-content\\\/uploads\\\/2025\\\/01\\\/9-neg-deutsch-2-1.png\",\"contentUrl\":\"https:\\\/\\\/9staedte.de\\\/wp-content\\\/uploads\\\/2025\\\/01\\\/9-neg-deutsch-2-1.png\",\"width\":190,\"height\":114,\"caption\":\"9 St\u00e4dte in Niedersachsen\"},\"image\":{\"@id\":\"https:\\\/\\\/9staedte.de\\\/fr\\\/#\\\/schema\\\/logo\\\/image\\\/\"}}]}<\/script>\n<!-- \/ Yoast SEO plugin. -->","yoast_head_json":{"title":"Programmes d'une journ\u00e9e \u00e0 Braunschweig - 9 St\u00e4dte in Niedersachsen","robots":{"index":"index","follow":"follow","max-snippet":"max-snippet:-1","max-image-preview":"max-image-preview:large","max-video-preview":"max-video-preview:-1"},"canonical":"https:\/\/9staedte.de\/fr\/braunschweig-la-ville-du-lion\/programmes-dune-journee-a-braunschweig\/","og_locale":"fr_FR","og_type":"article","og_title":"Programmes d'une journ\u00e9e \u00e0 Braunschweig - 9 St\u00e4dte in Niedersachsen","og_description":"Vous souhaitez passer une journ\u00e9e \u00e0 Brunswick et vous ne savez pas encore vraiment comment planifier au mieux ? Dans ce cas, l&rsquo;office de tourisme vous aidera volontiers \u00e0 \u00e9tablir un programme d&rsquo;une journ\u00e9e adapt\u00e9 \u00e0 votre visite de la ville du Lion, qu&rsquo;il s&rsquo;agisse de faire du tourisme et de fl\u00e2ner en ville, de [&hellip;]","og_url":"https:\/\/9staedte.de\/fr\/braunschweig-la-ville-du-lion\/programmes-dune-journee-a-braunschweig\/","og_site_name":"9 St\u00e4dte in Niedersachsen","article_modified_time":"2023-11-02T16:19:19+00:00","og_image":[{"width":1020,"height":560,"url":"https:\/\/9staedte.de\/wp-content\/uploads\/2023\/01\/Braunschweig-Oldtown-Market-c-Braunschweig-Stadtmarketing-Christian-Bierwagen-1.jpg","type":"image\/jpeg"}],"twitter_card":"summary_large_image","twitter_misc":{"Dur\u00e9e de lecture estim\u00e9e":"1 minute"},"schema":{"@context":"https:\/\/schema.org","@graph":[{"@type":"WebPage","@id":"https:\/\/9staedte.de\/fr\/braunschweig-la-ville-du-lion\/programmes-dune-journee-a-braunschweig\/","url":"https:\/\/9staedte.de\/fr\/braunschweig-la-ville-du-lion\/programmes-dune-journee-a-braunschweig\/","name":"Programmes d'une journ\u00e9e \u00e0 Braunschweig - 9 St\u00e4dte in Niedersachsen","isPartOf":{"@id":"https:\/\/9staedte.de\/fr\/#website"},"primaryImageOfPage":{"@id":"https:\/\/9staedte.de\/fr\/braunschweig-la-ville-du-lion\/programmes-dune-journee-a-braunschweig\/#primaryimage"},"image":{"@id":"https:\/\/9staedte.de\/fr\/braunschweig-la-ville-du-lion\/programmes-dune-journee-a-braunschweig\/#primaryimage"},"thumbnailUrl":"https:\/\/9staedte.de\/wp-content\/uploads\/2023\/01\/Braunschweig-Oldtown-Market-c-Braunschweig-Stadtmarketing-Christian-Bierwagen-1.jpg","datePublished":"2023-11-02T08:49:15+00:00","dateModified":"2023-11-02T16:19:19+00:00","breadcrumb":{"@id":"https:\/\/9staedte.de\/fr\/braunschweig-la-ville-du-lion\/programmes-dune-journee-a-braunschweig\/#breadcrumb"},"inLanguage":"fr-FR","potentialAction":[{"@type":"ReadAction","target":["https:\/\/9staedte.de\/fr\/braunschweig-la-ville-du-lion\/programmes-dune-journee-a-braunschweig\/"]}]},{"@type":"ImageObject","inLanguage":"fr-FR","@id":"https:\/\/9staedte.de\/fr\/braunschweig-la-ville-du-lion\/programmes-dune-journee-a-braunschweig\/#primaryimage","url":"https:\/\/9staedte.de\/wp-content\/uploads\/2023\/01\/Braunschweig-Oldtown-Market-c-Braunschweig-Stadtmarketing-Christian-Bierwagen-1.jpg","contentUrl":"https:\/\/9staedte.de\/wp-content\/uploads\/2023\/01\/Braunschweig-Oldtown-Market-c-Braunschweig-Stadtmarketing-Christian-Bierwagen-1.jpg","width":1020,"height":560,"caption":"Braunschweig Oldtown Market c) Braunschweig Stadtmarketing Christian Bierwagen"},{"@type":"BreadcrumbList","@id":"https:\/\/9staedte.de\/fr\/braunschweig-la-ville-du-lion\/programmes-dune-journee-a-braunschweig\/#breadcrumb","itemListElement":[{"@type":"ListItem","position":1,"name":"Startseite","item":"https:\/\/9staedte.de\/fr\/"},{"@type":"ListItem","position":2,"name":"Braunschweig &#8211; City of Lions","item":"https:\/\/9staedte.de\/fr\/braunschweig-la-ville-du-lion\/"},{"@type":"ListItem","position":3,"name":"Programmes d&#8217;une journ\u00e9e \u00e0 Braunschweig"}]},{"@type":"WebSite","@id":"https:\/\/9staedte.de\/fr\/#website","url":"https:\/\/9staedte.de\/fr\/","name":"9 St\u00e4dte in Niedersachsen","description":"","publisher":{"@id":"https:\/\/9staedte.de\/fr\/#organization"},"potentialAction":[{"@type":"SearchAction","target":{"@type":"EntryPoint","urlTemplate":"https:\/\/9staedte.de\/fr\/?s={search_term_string}"},"query-input":{"@type":"PropertyValueSpecification","valueRequired":true,"valueName":"search_term_string"}}],"inLanguage":"fr-FR"},{"@type":"Organization","@id":"https:\/\/9staedte.de\/fr\/#organization","name":"9 St\u00e4dte in Niedersachsen","url":"https:\/\/9staedte.de\/fr\/","logo":{"@type":"ImageObject","inLanguage":"fr-FR","@id":"https:\/\/9staedte.de\/fr\/#\/schema\/logo\/image\/","url":"https:\/\/9staedte.de\/wp-content\/uploads\/2025\/01\/9-neg-deutsch-2-1.png","contentUrl":"https:\/\/9staedte.de\/wp-content\/uploads\/2025\/01\/9-neg-deutsch-2-1.png","width":190,"height":114,"caption":"9 St\u00e4dte in Niedersachsen"},"image":{"@id":"https:\/\/9staedte.de\/fr\/#\/schema\/logo\/image\/"}}]}},"_links":{"self":[{"href":"https:\/\/9staedte.de\/fr\/wp-json\/wp\/v2\/pages\/17531","targetHints":{"allow":["GET"]}}],"collection":[{"href":"https:\/\/9staedte.de\/fr\/wp-json\/wp\/v2\/pages"}],"about":[{"href":"https:\/\/9staedte.de\/fr\/wp-json\/wp\/v2\/types\/page"}],"author":[{"embeddable":true,"href":"https:\/\/9staedte.de\/fr\/wp-json\/wp\/v2\/users\/1"}],"replies":[{"embeddable":true,"href":"https:\/\/9staedte.de\/fr\/wp-json\/wp\/v2\/comments?post=17531"}],"version-history":[{"count":1,"href":"https:\/\/9staedte.de\/fr\/wp-json\/wp\/v2\/pages\/17531\/revisions"}],"predecessor-version":[{"id":19712,"href":"https:\/\/9staedte.de\/fr\/wp-json\/wp\/v2\/pages\/17531\/revisions\/19712"}],"up":[{"embeddable":true,"href":"https:\/\/9staedte.de\/fr\/wp-json\/wp\/v2\/pages\/17595"}],"wp:featuredmedia":[{"embeddable":true,"href":"https:\/\/9staedte.de\/fr\/wp-json\/wp\/v2\/media\/15440"}],"wp:attachment":[{"href":"https:\/\/9staedte.de\/fr\/wp-json\/wp\/v2\/media?parent=17531"}],"wp:term":[{"taxonomy":"category","embeddable":true,"href":"https:\/\/9staedte.de\/fr\/wp-json\/wp\/v2\/categories?post=17531"},{"taxonomy":"post_tag","embeddable":true,"href":"https:\/\/9staedte.de\/fr\/wp-json\/wp\/v2\/tags?post=17531"},{"taxonomy":"ncap_cities_tax","embeddable":true,"href":"https:\/\/9staedte.de\/fr\/wp-json\/wp\/v2\/ncap_cities_tax?post=17531"}],"curies":[{"name":"wp","href":"https:\/\/api.w.org\/{rel}","templated":true}]}}