{"id":17526,"date":"2023-11-02T09:49:15","date_gmt":"2023-11-02T08:49:15","guid":{"rendered":"https:\/\/9staedte.de\/prachtige-belevenissen-in-9-steden-de-magnifiques-objets-dans-9-etages\/"},"modified":"2023-11-02T09:49:15","modified_gmt":"2023-11-02T08:49:15","slug":"prachtige-belevenissen-in-9-steden-de-magnifiques-objets-dans-9-etages","status":"publish","type":"page","link":"https:\/\/9staedte.de\/fr\/prachtige-belevenissen-in-9-steden-de-magnifiques-objets-dans-9-etages\/","title":{"rendered":"Prachtige belevenissen in 9 steden (De magnifiques objets dans 9 \u00e9tages)"},"content":{"rendered":"\n<p>9 sites historiques \u00e0 Nedersaksen sont le cadre id\u00e9al pour un week-end&nbsp;avec une ambiance sp\u00e9ciale !<\/p>\n\n\n\n<p>Brunswick, Celle, G\u00f6ttingen, Goslar, Hamelin, Hanovre, Hildesheim et Wolfenb\u00fcttel offrent aux visiteurs une palette tr\u00e8s vari\u00e9e de sites historiques avec des maisons d&rsquo;artisanat, des places de march\u00e9 idylliques, des maisons d&rsquo;h\u00f4tes rustiques, de magnifiques slots, des parkings et des jardins. Hier komt de geschiedenis tot leven bij de talrijke traditierijke evenementen. Des galeries d&rsquo;angle modernes et des quartiers historiques sont n\u00e9cessaires pour faire du shopping et se d\u00e9tendre. De d\u00e9licieux g\u00e2teaux et des boissons rafra\u00eechissantes sont servis sur des terrains rustiques, dans des jardins de bi\u00e8re idylliques et, bien s\u00fbr, pendant les nombreuses festivit\u00e9s d&rsquo;\u00e9t\u00e9.<\/p>\n\n\n\n<p>Een schitterend hoogtepunt in Hannover zijn de Herrenh\u00e4user G\u00e4rten, die in de zomer het fantastisch decormen voor vuurwerk, theater en kleinkunst vormen. Met zijn natuurgetrouwe omgevingen in zeven aantrekkelijke themawerelden is de Zoo Hannover de doe-zoo bij uitstek. Des \u00e9v\u00e9nements tels que le festival international des arts d\u00e9coratifs, le festival d&rsquo;art de Herrenhausen, la f\u00eate du lac Maschsee ou la plus grande f\u00eate de l&rsquo;alimentation du monde attirent en \u00e9t\u00e9 des foules de visiteurs \u00e0 Hanovre.<\/p>\n\n\n\n<p>Que vous choisissiez la voiture, le train ou l&rsquo;avion, le voyage est toujours rapide et confortable. En het bezoek aan een of meer van de historische steden kan optimaal worden gecombineerd met een trip door de L\u00fcneburger Heide, de Harz of het Weserbergland.<\/p>\n\n\n\n<div style=\"height:60px\" aria-hidden=\"true\" class=\"wp-block-spacer\"><\/div>\n\n\n\n<div class=\"content-grid\">\n\n\n  \n  <div class=\"grid\">\n                        \n                    \n          <div class=\"featured-themen-single\">\n            <div class=\"featured-themen-single-inner\" style=\"background-image: url('https:\/\/9staedte.de\/wp-content\/smush-webp\/2022\/02\/Altstadtmarkt_Quelle_Braunschweig_Stadtmarketing_GmbH_-_Marek_Kruszewski.jpg.webp')\">\n              \n              <a href=\"https:\/\/9staedte.de\/braunschweig-welfen-hanze-knappe-koppen\/\">\n                <span>Braunschweig \u2013 Levendige grote stad met geschiedenis<\/span>\n              <\/a>\n            <\/div>\n          <\/div>\n    \n          \n                  \n                    \n          <div class=\"featured-themen-single\">\n            <div class=\"featured-themen-single-inner\" style=\"background-image: url('https:\/\/9staedte.de\/wp-content\/smush-webp\/2023\/04\/Was-ihr-wollt.jpg.webp')\">\n              \n              <a href=\"https:\/\/9staedte.de\/celle-vorstelijke-residentiestad-met-het-grootste-vakwerkensemble-van-europa\/\">\n                <span>Celle \u2013 Een sympathieke residentiestad met het grootste complex van vakwerkhuizen van Europa<\/span>\n              <\/a>\n            <\/div>\n          <\/div>\n    \n          \n                  \n                    \n          <div class=\"featured-themen-single\">\n            <div class=\"featured-themen-single-inner\" style=\"background-image: url('')\">\n              \n              <a href=\"https:\/\/9staedte.de\/einbeck-oldtimers-vakwerk-en-bier\/\">\n                <span>Einbeck \u2013 Oldtimers, vakwerk en bier<\/span>\n              <\/a>\n            <\/div>\n          <\/div>\n    \n          \n                  \n                    \n          <div class=\"featured-themen-single\">\n            <div class=\"featured-themen-single-inner\" style=\"background-image: url('https:\/\/9staedte.de\/wp-content\/smush-webp\/2023\/04\/Kulturgut_Goettingen_NDR2_Soundcheck_03c-Christoph-Mischke.jpg.webp')\">\n              \n              <a href=\"https:\/\/9staedte.de\/goettingen-stad-die-kennis-bijbrengt\/\">\n                <span>G\u00f6ttingen \u2013 Een stad die kennis bijbrengt<\/span>\n              <\/a>\n            <\/div>\n          <\/div>\n    \n          \n                  \n                    \n          <div class=\"featured-themen-single\">\n            <div class=\"featured-themen-single-inner\" style=\"background-image: url('https:\/\/9staedte.de\/wp-content\/smush-webp\/2023\/04\/Goslar_Walpurgisnacht.jpg.webp')\">\n              \n              <a href=\"https:\/\/9staedte.de\/goslar-ontdek-een-werelderfgoed\/\">\n                <span>Goslar \u2013 Wereldcultuurerfgoed in de Harz<\/span>\n              <\/a>\n            <\/div>\n          <\/div>\n    \n          \n                  \n                    \n          <div class=\"featured-themen-single\">\n            <div class=\"featured-themen-single-inner\" style=\"background-image: url('https:\/\/9staedte.de\/wp-content\/smush-webp\/2023\/04\/Sagenhaftes-Festwochenende-Wilhelm-Robin-Pfeifer.jpg.webp')\">\n              \n              <a href=\"https:\/\/9staedte.de\/hameln-legendarische-rattenvangerstad\/\">\n                <span>Hameln (Hamelen) \u2013 De stad van de rattenvanger<\/span>\n              <\/a>\n            <\/div>\n          <\/div>\n    \n          \n                  \n                    \n          <div class=\"featured-themen-single\">\n            <div class=\"featured-themen-single-inner\" style=\"background-image: url('https:\/\/9staedte.de\/wp-content\/smush-webp\/2023\/04\/Hannover-Herrenhaeuser-Gaerten-im-Herbst-c-Lars-Gerhardts.jpg.webp')\">\n              \n              <a href=\"https:\/\/9staedte.de\/hannovers-mooiste-kanten\/\">\n                <span>Hannover \u2013 Sympathiek en bruisend<\/span>\n              <\/a>\n            <\/div>\n          <\/div>\n    \n          \n                  \n                    \n          <div class=\"featured-themen-single\">\n            <div class=\"featured-themen-single-inner\" style=\"background-image: url('https:\/\/9staedte.de\/wp-content\/smush-webp\/2023\/04\/HildesheimMarktplatz2_Fotograph-Obornik\u00a9Hildesheim-Marketing.jpg.webp')\">\n              \n              <a href=\"https:\/\/9staedte.de\/hildesheim-uniek-unesco-werelderfgoed\/\">\n                <span>Hildesheim \u2013 Vakwerkstad vol cultuur en geschiedenis<\/span>\n              <\/a>\n            <\/div>\n          <\/div>\n    \n          \n                  \n                    \n          <div class=\"featured-themen-single\">\n            <div class=\"featured-themen-single-inner\" style=\"background-image: url('https:\/\/9staedte.de\/wp-content\/smush-webp\/2022\/03\/Lessinghaus-Wolfenbuettel-Bierwagen-c-Stadt-Wolfenbuettel-1-scaled.jpg.webp')\">\n              \n              <a href=\"https:\/\/9staedte.de\/wolfenbuettel-welkom-in-de-residentie-van-de-welfengertogen-en-de-stad-van-de-jaegermeister\/\">\n                <span>Wolfenb\u00fcttel \u2013 1000 vakwerkhuizen en J\u00e4germeister<\/span>\n              <\/a>\n            <\/div>\n          <\/div>\n    \n          \n                  \n                    \n          <div class=\"featured-themen-single\">\n            <div class=\"featured-themen-single-inner\" style=\"background-image: url('https:\/\/9staedte.de\/wp-content\/smush-webp\/2022\/03\/Autostadt-Uebersicht-Tag-c-Nils-Hendrick-Mueller-1.jpg.webp')\">\n              \n              <a href=\"https:\/\/9staedte.de\/de-autostadt-in-niedersachsen\/\">\n                <span>Autostadt in Wolfsburg \u2013 Op reis in de wereld van mobiliteit<\/span>\n              <\/a>\n            <\/div>\n          <\/div>\n    \n          \n                          \n        <\/div>\n<\/div>","protected":false},"excerpt":{"rendered":"<p>9 sites historiques \u00e0 Nedersaksen sont le cadre id\u00e9al pour un week-end&nbsp;avec une ambiance sp\u00e9ciale ! Brunswick, Celle, G\u00f6ttingen, Goslar, Hamelin, Hanovre, Hildesheim et Wolfenb\u00fcttel offrent aux visiteurs une palette tr\u00e8s vari\u00e9e de sites historiques avec des maisons d&rsquo;artisanat, des places de march\u00e9 idylliques, des maisons d&rsquo;h\u00f4tes rustiques, de magnifiques slots, des parkings et des [&hellip;]<\/p>\n","protected":false},"author":1,"featured_media":17535,"parent":0,"menu_order":0,"comment_status":"closed","ping_status":"closed","template":"","meta":{"_acf_changed":false,"footnotes":""},"categories":[],"tags":[],"ncap_cities_tax":[],"class_list":["post-17526","page","type-page","status-publish","has-post-thumbnail","hentry"],"acf":[],"yoast_head":"<!-- This site is optimized with the Yoast SEO plugin v26.8 - https:\/\/yoast.com\/product\/yoast-seo-wordpress\/ -->\n<title>Prachtige belevenissen in 9 steden (De magnifiques objets dans 9 \u00e9tages) - 9 St\u00e4dte in Niedersachsen<\/title>\n<meta name=\"robots\" content=\"index, follow, max-snippet:-1, max-image-preview:large, max-video-preview:-1\" \/>\n<link rel=\"canonical\" href=\"https:\/\/9staedte.de\/fr\/prachtige-belevenissen-in-9-steden-de-magnifiques-objets-dans-9-etages\/\" \/>\n<meta property=\"og:locale\" content=\"fr_FR\" \/>\n<meta property=\"og:type\" content=\"article\" \/>\n<meta property=\"og:title\" content=\"Prachtige belevenissen in 9 steden (De magnifiques objets dans 9 \u00e9tages) - 9 St\u00e4dte in Niedersachsen\" \/>\n<meta property=\"og:description\" content=\"9 sites historiques \u00e0 Nedersaksen sont le cadre id\u00e9al pour un week-end&nbsp;avec une ambiance sp\u00e9ciale ! Brunswick, Celle, G\u00f6ttingen, Goslar, Hamelin, Hanovre, Hildesheim et Wolfenb\u00fcttel offrent aux visiteurs une palette tr\u00e8s vari\u00e9e de sites historiques avec des maisons d&rsquo;artisanat, des places de march\u00e9 idylliques, des maisons d&rsquo;h\u00f4tes rustiques, de magnifiques slots, des parkings et des [&hellip;]\" \/>\n<meta property=\"og:url\" content=\"https:\/\/9staedte.de\/fr\/prachtige-belevenissen-in-9-steden-de-magnifiques-objets-dans-9-etages\/\" \/>\n<meta property=\"og:site_name\" content=\"9 St\u00e4dte in Niedersachsen\" \/>\n<meta name=\"twitter:card\" content=\"summary_large_image\" \/>\n<meta name=\"twitter:label1\" content=\"Dur\u00e9e de lecture estim\u00e9e\" \/>\n\t<meta name=\"twitter:data1\" content=\"1 minute\" \/>\n<script type=\"application\/ld+json\" class=\"yoast-schema-graph\">{\"@context\":\"https:\/\/schema.org\",\"@graph\":[{\"@type\":\"WebPage\",\"@id\":\"https:\/\/9staedte.de\/fr\/prachtige-belevenissen-in-9-steden-de-magnifiques-objets-dans-9-etages\/\",\"url\":\"https:\/\/9staedte.de\/fr\/prachtige-belevenissen-in-9-steden-de-magnifiques-objets-dans-9-etages\/\",\"name\":\"Prachtige belevenissen in 9 steden (De magnifiques objets dans 9 \u00e9tages) - 9 St\u00e4dte in Niedersachsen\",\"isPartOf\":{\"@id\":\"https:\/\/9staedte.de\/fr\/#website\"},\"primaryImageOfPage\":{\"@id\":\"https:\/\/9staedte.de\/fr\/prachtige-belevenissen-in-9-steden-de-magnifiques-objets-dans-9-etages\/#primaryimage\"},\"image\":{\"@id\":\"https:\/\/9staedte.de\/fr\/prachtige-belevenissen-in-9-steden-de-magnifiques-objets-dans-9-etages\/#primaryimage\"},\"thumbnailUrl\":\"https:\/\/9staedte.de\/wp-content\/uploads\/2023\/04\/Braunschweig-Kohlmarkt-c-Braunschweig-Stadtmarketing-Danienl-Moeller.jpg\",\"datePublished\":\"2023-11-02T08:49:15+00:00\",\"breadcrumb\":{\"@id\":\"https:\/\/9staedte.de\/fr\/prachtige-belevenissen-in-9-steden-de-magnifiques-objets-dans-9-etages\/#breadcrumb\"},\"inLanguage\":\"fr-FR\",\"potentialAction\":[{\"@type\":\"ReadAction\",\"target\":[\"https:\/\/9staedte.de\/fr\/prachtige-belevenissen-in-9-steden-de-magnifiques-objets-dans-9-etages\/\"]}]},{\"@type\":\"ImageObject\",\"inLanguage\":\"fr-FR\",\"@id\":\"https:\/\/9staedte.de\/fr\/prachtige-belevenissen-in-9-steden-de-magnifiques-objets-dans-9-etages\/#primaryimage\",\"url\":\"https:\/\/9staedte.de\/wp-content\/uploads\/2023\/04\/Braunschweig-Kohlmarkt-c-Braunschweig-Stadtmarketing-Danienl-Moeller.jpg\",\"contentUrl\":\"https:\/\/9staedte.de\/wp-content\/uploads\/2023\/04\/Braunschweig-Kohlmarkt-c-Braunschweig-Stadtmarketing-Danienl-Moeller.jpg\",\"width\":860,\"height\":365},{\"@type\":\"BreadcrumbList\",\"@id\":\"https:\/\/9staedte.de\/fr\/prachtige-belevenissen-in-9-steden-de-magnifiques-objets-dans-9-etages\/#breadcrumb\",\"itemListElement\":[{\"@type\":\"ListItem\",\"position\":1,\"name\":\"Startseite\",\"item\":\"https:\/\/9staedte.de\/fr\/\"},{\"@type\":\"ListItem\",\"position\":2,\"name\":\"Prachtige belevenissen in 9 steden (De magnifiques objets dans 9 \u00e9tages)\"}]},{\"@type\":\"WebSite\",\"@id\":\"https:\/\/9staedte.de\/fr\/#website\",\"url\":\"https:\/\/9staedte.de\/fr\/\",\"name\":\"9 St\u00e4dte in Niedersachsen\",\"description\":\"\",\"publisher\":{\"@id\":\"https:\/\/9staedte.de\/fr\/#organization\"},\"potentialAction\":[{\"@type\":\"SearchAction\",\"target\":{\"@type\":\"EntryPoint\",\"urlTemplate\":\"https:\/\/9staedte.de\/fr\/?s={search_term_string}\"},\"query-input\":{\"@type\":\"PropertyValueSpecification\",\"valueRequired\":true,\"valueName\":\"search_term_string\"}}],\"inLanguage\":\"fr-FR\"},{\"@type\":\"Organization\",\"@id\":\"https:\/\/9staedte.de\/fr\/#organization\",\"name\":\"9 St\u00e4dte in Niedersachsen\",\"url\":\"https:\/\/9staedte.de\/fr\/\",\"logo\":{\"@type\":\"ImageObject\",\"inLanguage\":\"fr-FR\",\"@id\":\"https:\/\/9staedte.de\/fr\/#\/schema\/logo\/image\/\",\"url\":\"https:\/\/9staedte.de\/wp-content\/uploads\/2025\/01\/9-neg-deutsch-2-1.png\",\"contentUrl\":\"https:\/\/9staedte.de\/wp-content\/uploads\/2025\/01\/9-neg-deutsch-2-1.png\",\"width\":190,\"height\":114,\"caption\":\"9 St\u00e4dte in Niedersachsen\"},\"image\":{\"@id\":\"https:\/\/9staedte.de\/fr\/#\/schema\/logo\/image\/\"}}]}<\/script>\n<!-- \/ Yoast SEO plugin. -->","yoast_head_json":{"title":"Prachtige belevenissen in 9 steden (De magnifiques objets dans 9 \u00e9tages) - 9 St\u00e4dte in Niedersachsen","robots":{"index":"index","follow":"follow","max-snippet":"max-snippet:-1","max-image-preview":"max-image-preview:large","max-video-preview":"max-video-preview:-1"},"canonical":"https:\/\/9staedte.de\/fr\/prachtige-belevenissen-in-9-steden-de-magnifiques-objets-dans-9-etages\/","og_locale":"fr_FR","og_type":"article","og_title":"Prachtige belevenissen in 9 steden (De magnifiques objets dans 9 \u00e9tages) - 9 St\u00e4dte in Niedersachsen","og_description":"9 sites historiques \u00e0 Nedersaksen sont le cadre id\u00e9al pour un week-end&nbsp;avec une ambiance sp\u00e9ciale ! Brunswick, Celle, G\u00f6ttingen, Goslar, Hamelin, Hanovre, Hildesheim et Wolfenb\u00fcttel offrent aux visiteurs une palette tr\u00e8s vari\u00e9e de sites historiques avec des maisons d&rsquo;artisanat, des places de march\u00e9 idylliques, des maisons d&rsquo;h\u00f4tes rustiques, de magnifiques slots, des parkings et des [&hellip;]","og_url":"https:\/\/9staedte.de\/fr\/prachtige-belevenissen-in-9-steden-de-magnifiques-objets-dans-9-etages\/","og_site_name":"9 St\u00e4dte in Niedersachsen","twitter_card":"summary_large_image","twitter_misc":{"Dur\u00e9e de lecture estim\u00e9e":"1 minute"},"schema":{"@context":"https:\/\/schema.org","@graph":[{"@type":"WebPage","@id":"https:\/\/9staedte.de\/fr\/prachtige-belevenissen-in-9-steden-de-magnifiques-objets-dans-9-etages\/","url":"https:\/\/9staedte.de\/fr\/prachtige-belevenissen-in-9-steden-de-magnifiques-objets-dans-9-etages\/","name":"Prachtige belevenissen in 9 steden (De magnifiques objets dans 9 \u00e9tages) - 9 St\u00e4dte in Niedersachsen","isPartOf":{"@id":"https:\/\/9staedte.de\/fr\/#website"},"primaryImageOfPage":{"@id":"https:\/\/9staedte.de\/fr\/prachtige-belevenissen-in-9-steden-de-magnifiques-objets-dans-9-etages\/#primaryimage"},"image":{"@id":"https:\/\/9staedte.de\/fr\/prachtige-belevenissen-in-9-steden-de-magnifiques-objets-dans-9-etages\/#primaryimage"},"thumbnailUrl":"https:\/\/9staedte.de\/wp-content\/uploads\/2023\/04\/Braunschweig-Kohlmarkt-c-Braunschweig-Stadtmarketing-Danienl-Moeller.jpg","datePublished":"2023-11-02T08:49:15+00:00","breadcrumb":{"@id":"https:\/\/9staedte.de\/fr\/prachtige-belevenissen-in-9-steden-de-magnifiques-objets-dans-9-etages\/#breadcrumb"},"inLanguage":"fr-FR","potentialAction":[{"@type":"ReadAction","target":["https:\/\/9staedte.de\/fr\/prachtige-belevenissen-in-9-steden-de-magnifiques-objets-dans-9-etages\/"]}]},{"@type":"ImageObject","inLanguage":"fr-FR","@id":"https:\/\/9staedte.de\/fr\/prachtige-belevenissen-in-9-steden-de-magnifiques-objets-dans-9-etages\/#primaryimage","url":"https:\/\/9staedte.de\/wp-content\/uploads\/2023\/04\/Braunschweig-Kohlmarkt-c-Braunschweig-Stadtmarketing-Danienl-Moeller.jpg","contentUrl":"https:\/\/9staedte.de\/wp-content\/uploads\/2023\/04\/Braunschweig-Kohlmarkt-c-Braunschweig-Stadtmarketing-Danienl-Moeller.jpg","width":860,"height":365},{"@type":"BreadcrumbList","@id":"https:\/\/9staedte.de\/fr\/prachtige-belevenissen-in-9-steden-de-magnifiques-objets-dans-9-etages\/#breadcrumb","itemListElement":[{"@type":"ListItem","position":1,"name":"Startseite","item":"https:\/\/9staedte.de\/fr\/"},{"@type":"ListItem","position":2,"name":"Prachtige belevenissen in 9 steden (De magnifiques objets dans 9 \u00e9tages)"}]},{"@type":"WebSite","@id":"https:\/\/9staedte.de\/fr\/#website","url":"https:\/\/9staedte.de\/fr\/","name":"9 St\u00e4dte in Niedersachsen","description":"","publisher":{"@id":"https:\/\/9staedte.de\/fr\/#organization"},"potentialAction":[{"@type":"SearchAction","target":{"@type":"EntryPoint","urlTemplate":"https:\/\/9staedte.de\/fr\/?s={search_term_string}"},"query-input":{"@type":"PropertyValueSpecification","valueRequired":true,"valueName":"search_term_string"}}],"inLanguage":"fr-FR"},{"@type":"Organization","@id":"https:\/\/9staedte.de\/fr\/#organization","name":"9 St\u00e4dte in Niedersachsen","url":"https:\/\/9staedte.de\/fr\/","logo":{"@type":"ImageObject","inLanguage":"fr-FR","@id":"https:\/\/9staedte.de\/fr\/#\/schema\/logo\/image\/","url":"https:\/\/9staedte.de\/wp-content\/uploads\/2025\/01\/9-neg-deutsch-2-1.png","contentUrl":"https:\/\/9staedte.de\/wp-content\/uploads\/2025\/01\/9-neg-deutsch-2-1.png","width":190,"height":114,"caption":"9 St\u00e4dte in Niedersachsen"},"image":{"@id":"https:\/\/9staedte.de\/fr\/#\/schema\/logo\/image\/"}}]}},"_links":{"self":[{"href":"https:\/\/9staedte.de\/fr\/wp-json\/wp\/v2\/pages\/17526","targetHints":{"allow":["GET"]}}],"collection":[{"href":"https:\/\/9staedte.de\/fr\/wp-json\/wp\/v2\/pages"}],"about":[{"href":"https:\/\/9staedte.de\/fr\/wp-json\/wp\/v2\/types\/page"}],"author":[{"embeddable":true,"href":"https:\/\/9staedte.de\/fr\/wp-json\/wp\/v2\/users\/1"}],"replies":[{"embeddable":true,"href":"https:\/\/9staedte.de\/fr\/wp-json\/wp\/v2\/comments?post=17526"}],"version-history":[{"count":0,"href":"https:\/\/9staedte.de\/fr\/wp-json\/wp\/v2\/pages\/17526\/revisions"}],"wp:featuredmedia":[{"embeddable":true,"href":"https:\/\/9staedte.de\/fr\/wp-json\/wp\/v2\/media\/17535"}],"wp:attachment":[{"href":"https:\/\/9staedte.de\/fr\/wp-json\/wp\/v2\/media?parent=17526"}],"wp:term":[{"taxonomy":"category","embeddable":true,"href":"https:\/\/9staedte.de\/fr\/wp-json\/wp\/v2\/categories?post=17526"},{"taxonomy":"post_tag","embeddable":true,"href":"https:\/\/9staedte.de\/fr\/wp-json\/wp\/v2\/tags?post=17526"},{"taxonomy":"ncap_cities_tax","embeddable":true,"href":"https:\/\/9staedte.de\/fr\/wp-json\/wp\/v2\/ncap_cities_tax?post=17526"}],"curies":[{"name":"wp","href":"https:\/\/api.w.org\/{rel}","templated":true}]}}