{"id":17502,"date":"2023-11-02T09:49:13","date_gmt":"2023-11-02T08:49:13","guid":{"rendered":"https:\/\/9staedte.de\/9-villes-de-basse-saxe\/"},"modified":"2023-11-02T09:49:13","modified_gmt":"2023-11-02T08:49:13","slug":"9-villes-de-basse-saxe","status":"publish","type":"page","link":"https:\/\/9staedte.de\/fr\/9-villes-de-basse-saxe\/","title":{"rendered":"9 villes de Basse-Saxe"},"content":{"rendered":"\n<p>et il est difficile de visiter les 9 villes de Basse-Saxe ! Evenemang med tradition, FN v\u00e4rldsarv, medeltida innerst\u00e4der, idylliska korsvirkesl\u00e4ngor, g\u00e4stv\u00e4nliga matst\u00e4llen, moderna shoppingpassager, liv och r\u00f6relse&#8230;<\/p>\n\n\n\n<p>Planifie ta rentr\u00e9e scolaire dans les 9 villes de Basse-Saxe. Varje stad fascinera par son charme unique. Combinez cette visite dans l&rsquo;une ou l&rsquo;autre des villes historiques avec une excursion vers le cap du Hedland, le cercle de L\u00fcneburg, le Harzbergen ou, si vous le pr\u00e9f\u00e9rez, vers les montagnes autour du fleuve Weser. L&rsquo;a\u00e9roport de Hanovre, qui est l&rsquo;a\u00e9roport le plus central du nord de la France, avec des horaires et des liaisons optimales, garantit une arriv\u00e9e sans probl\u00e8me.<\/p>\n\n\n\n<div style=\"height:60px\" aria-hidden=\"true\" class=\"wp-block-spacer\"><\/div>\n\n\n\n<div class=\"content-grid\">\n\n\n  \n  <div class=\"grid\">\n                        \n                    \n          <div class=\"featured-themen-single\">\n            <div class=\"featured-themen-single-inner\" style=\"background-image: url('https:\/\/9staedte.de\/wp-content\/smush-webp\/2023\/03\/Altstadtmarkt-c-Braunschweig-Stadtmarketing-GmbH_-Knut-Antenbrink.jpg.webp')\">\n              \n              <a href=\"https:\/\/9staedte.de\/braunschweig-welfar-hansan-snillen\/\">\n                <span>Braunschweig \u2013 En levande storstad med historia<\/span>\n              <\/a>\n            <\/div>\n          <\/div>\n    \n          \n                  \n                    \n          <div class=\"featured-themen-single\">\n            <div class=\"featured-themen-single-inner\" style=\"background-image: url('https:\/\/9staedte.de\/wp-content\/smush-webp\/2022\/03\/RS22_celle_altstadt_zoellnerstrasse.jpg.webp')\">\n              \n              <a href=\"https:\/\/9staedte.de\/celle-furstarnas-residensstad-med-europas-storsta-korsvirkesensemble\/\">\n                <span>Celle \u2013 \u00c4lskv\u00e4rd residensstad med Europas st\u00f6rstasamling korsvirkeshus<\/span>\n              <\/a>\n            <\/div>\n          <\/div>\n    \n          \n                  \n                    \n          <div class=\"featured-themen-single\">\n            <div class=\"featured-themen-single-inner\" style=\"background-image: url('')\">\n              \n              <a href=\"https:\/\/9staedte.de\/einbeck-veteranbilar-korsvirkeshus-och-oel\/\">\n                <span>Einbeck \u2013 Veteranbilar, korsvirkeshus och \u00f6l<\/span>\n              <\/a>\n            <\/div>\n          <\/div>\n    \n          \n                  \n                    \n          <div class=\"featured-themen-single\">\n            <div class=\"featured-themen-single-inner\" style=\"background-image: url('https:\/\/9staedte.de\/wp-content\/smush-webp\/2023\/02\/Goettingen_Altes-Rathaus-Abendstimmung-c-Lars-Gerhadts.jpg.webp')\">\n              \n              <a href=\"https:\/\/9staedte.de\/gottingen-staden-som-skapar-kunskap\/\">\n                <span>G\u00f6ttingen \u2013 staden som skapar kunskap<\/span>\n              <\/a>\n            <\/div>\n          <\/div>\n    \n          \n                  \n                    \n          <div class=\"featured-themen-single\">\n            <div class=\"featured-themen-single-inner\" style=\"background-image: url('https:\/\/9staedte.de\/wp-content\/smush-webp\/2023\/02\/Belebter-Marktplatz_Quelle-GOSLAR-marketing-gmbh_Fotograf-Stefan-Schiefer.jpg.webp')\">\n              \n              <a href=\"https:\/\/9staedte.de\/upptack-ett-varldskulturarv-goslar\/\">\n                <span>Goslar \u2013 V\u00e4rldskulturarv i Harz<\/span>\n              <\/a>\n            <\/div>\n          <\/div>\n    \n          \n                  \n                    \n          <div class=\"featured-themen-single\">\n            <div class=\"featured-themen-single-inner\" style=\"background-image: url('https:\/\/9staedte.de\/wp-content\/smush-webp\/2022\/03\/Der_Rattenaenger_-_an_der_Weser-scaled.jpg.webp')\">\n              \n              <a href=\"https:\/\/9staedte.de\/hameln-den-sagolika-rattfangarstaden\/\">\n                <span>Hameln \u2013 R\u00e5ttf\u00e5ngarstaden<\/span>\n              <\/a>\n            <\/div>\n          <\/div>\n    \n          \n                  \n                    \n          <div class=\"featured-themen-single\">\n            <div class=\"featured-themen-single-inner\" style=\"background-image: url('https:\/\/9staedte.de\/wp-content\/smush-webp\/2023\/03\/Hannover_NeuesRathauscMartin_Kirchner.jpg.webp')\">\n              \n              <a href=\"https:\/\/9staedte.de\/hannover-en-storstad-i-det-grona\/\">\n                <span>Hannover \u2013 Liv och lust<\/span>\n              <\/a>\n            <\/div>\n          <\/div>\n    \n          \n                  \n                    \n          <div class=\"featured-themen-single\">\n            <div class=\"featured-themen-single-inner\" style=\"background-image: url('https:\/\/9staedte.de\/wp-content\/smush-webp\/2023\/02\/Markplatz2_Fotograph-Obornik\u00a9Hildesheim-Marketing.jpg.webp')\">\n              \n              <a href=\"https:\/\/9staedte.de\/hildesheim-unesco-varldskulturarv\/\">\n                <span>Hildesheim \u2013 Korsvirkesstad full av kultur och historia<\/span>\n              <\/a>\n            <\/div>\n          <\/div>\n    \n          \n                  \n                    \n          <div class=\"featured-themen-single\">\n            <div class=\"featured-themen-single-inner\" style=\"background-image: url('https:\/\/9staedte.de\/wp-content\/smush-webp\/2023\/03\/Wolfenbuettel_Altstadt_c-Stadt-Wolfenbuettel-H.D.-Koenig1.jpg.webp')\">\n              \n              <a href=\"https:\/\/9staedte.de\/wolfenbuttel-welfhertigarnas-stad-och-jagermeisters-hem\/\">\n                <span>Wolfenb\u00fcttel \u2013 Korsvirkeshus och J\u00e4germeister<\/span>\n              <\/a>\n            <\/div>\n          <\/div>\n    \n          \n                  \n                    \n          <div class=\"featured-themen-single\">\n            <div class=\"featured-themen-single-inner\" style=\"background-image: url('https:\/\/9staedte.de\/wp-content\/smush-webp\/2022\/03\/Autostadt-Uebersicht-c-Autostadt-GmbH-Klaus-Bosselmann-scaled.jpg.webp')\">\n              \n              <a href=\"https:\/\/9staedte.de\/autostadt-i-wolfsburg\/\">\n                <span>Autostadt i Wolfsburg \u2013 En resa i en mobil v\u00e4rld<\/span>\n              <\/a>\n            <\/div>\n          <\/div>\n    \n          \n                          \n        <\/div>\n<\/div>","protected":false},"excerpt":{"rendered":"<p>et il est difficile de visiter les 9 villes de Basse-Saxe ! Evenemang med tradition, FN v\u00e4rldsarv, medeltida innerst\u00e4der, idylliska korsvirkesl\u00e4ngor, g\u00e4stv\u00e4nliga matst\u00e4llen, moderna shoppingpassager, liv och r\u00f6relse&#8230; Planifie ta rentr\u00e9e scolaire dans les 9 villes de Basse-Saxe. Varje stad fascinera par son charme unique. Combinez cette visite dans l&rsquo;une ou l&rsquo;autre des villes historiques [&hellip;]<\/p>\n","protected":false},"author":1,"featured_media":17513,"parent":0,"menu_order":0,"comment_status":"closed","ping_status":"closed","template":"","meta":{"_acf_changed":false,"footnotes":""},"categories":[],"tags":[],"ncap_cities_tax":[],"class_list":["post-17502","page","type-page","status-publish","has-post-thumbnail","hentry"],"acf":[],"yoast_head":"<!-- This site is optimized with the Yoast SEO plugin v26.8 - https:\/\/yoast.com\/product\/yoast-seo-wordpress\/ -->\n<title>9 villes de Basse-Saxe - 9 St\u00e4dte in Niedersachsen<\/title>\n<meta name=\"robots\" content=\"index, follow, max-snippet:-1, max-image-preview:large, max-video-preview:-1\" \/>\n<link rel=\"canonical\" href=\"https:\/\/9staedte.de\/fr\/9-villes-de-basse-saxe\/\" \/>\n<meta property=\"og:locale\" content=\"fr_FR\" \/>\n<meta property=\"og:type\" content=\"article\" \/>\n<meta property=\"og:title\" content=\"9 villes de Basse-Saxe - 9 St\u00e4dte in Niedersachsen\" \/>\n<meta property=\"og:description\" content=\"et il est difficile de visiter les 9 villes de Basse-Saxe ! Evenemang med tradition, FN v\u00e4rldsarv, medeltida innerst\u00e4der, idylliska korsvirkesl\u00e4ngor, g\u00e4stv\u00e4nliga matst\u00e4llen, moderna shoppingpassager, liv och r\u00f6relse&#8230; Planifie ta rentr\u00e9e scolaire dans les 9 villes de Basse-Saxe. Varje stad fascinera par son charme unique. Combinez cette visite dans l&rsquo;une ou l&rsquo;autre des villes historiques [&hellip;]\" \/>\n<meta property=\"og:url\" content=\"https:\/\/9staedte.de\/fr\/9-villes-de-basse-saxe\/\" \/>\n<meta property=\"og:site_name\" content=\"9 St\u00e4dte in Niedersachsen\" \/>\n<meta name=\"twitter:card\" content=\"summary_large_image\" \/>\n<meta name=\"twitter:label1\" content=\"Dur\u00e9e de lecture estim\u00e9e\" \/>\n\t<meta name=\"twitter:data1\" content=\"1 minute\" \/>\n<script type=\"application\/ld+json\" class=\"yoast-schema-graph\">{\"@context\":\"https:\/\/schema.org\",\"@graph\":[{\"@type\":\"WebPage\",\"@id\":\"https:\/\/9staedte.de\/fr\/9-villes-de-basse-saxe\/\",\"url\":\"https:\/\/9staedte.de\/fr\/9-villes-de-basse-saxe\/\",\"name\":\"9 villes de Basse-Saxe - 9 St\u00e4dte in Niedersachsen\",\"isPartOf\":{\"@id\":\"https:\/\/9staedte.de\/fr\/#website\"},\"primaryImageOfPage\":{\"@id\":\"https:\/\/9staedte.de\/fr\/9-villes-de-basse-saxe\/#primaryimage\"},\"image\":{\"@id\":\"https:\/\/9staedte.de\/fr\/9-villes-de-basse-saxe\/#primaryimage\"},\"thumbnailUrl\":\"https:\/\/9staedte.de\/wp-content\/uploads\/2023\/03\/Hannover-Altstadt-c-HMTG-Christian-Wyrwa.jpg\",\"datePublished\":\"2023-11-02T08:49:13+00:00\",\"breadcrumb\":{\"@id\":\"https:\/\/9staedte.de\/fr\/9-villes-de-basse-saxe\/#breadcrumb\"},\"inLanguage\":\"fr-FR\",\"potentialAction\":[{\"@type\":\"ReadAction\",\"target\":[\"https:\/\/9staedte.de\/fr\/9-villes-de-basse-saxe\/\"]}]},{\"@type\":\"ImageObject\",\"inLanguage\":\"fr-FR\",\"@id\":\"https:\/\/9staedte.de\/fr\/9-villes-de-basse-saxe\/#primaryimage\",\"url\":\"https:\/\/9staedte.de\/wp-content\/uploads\/2023\/03\/Hannover-Altstadt-c-HMTG-Christian-Wyrwa.jpg\",\"contentUrl\":\"https:\/\/9staedte.de\/wp-content\/uploads\/2023\/03\/Hannover-Altstadt-c-HMTG-Christian-Wyrwa.jpg\",\"width\":860,\"height\":365,\"caption\":\"[ (c) Christian Wyrwa, Diplom-Foto-Designer (FH), Burgwedeler Str. 91D , 30916 Isernhagen (bei Hannover), Germany, E-Mail: info@wyrwa-foto.de, Tel: +49-511-3945254, Fax:+49-511-1233545, Mobil: +49-171-8340094, 7 % MwSt, St.Nr.: DE 1800903836, Bankverbindung: Konto: 900437952, BLZ 25050180, Sparkasse Hannover, IBAN: DE03250501800900437952; BIC: SPKHDE2HXXX:, Jegliche Verwendung ausserhalb einer journalistischen bedarf einer gesonderten Freigabe.Es gelten ausschlie\u00dflich meine Gesch\u00e4ftsbedingungen (AGB). (Diese k\u00f6nnen eingesehen werden unter: http:\/\/www.wyrwa-foto.de\/Wyrwa-AGB\/Wyrwa_AGB.pdf ) Dieses Lichtbildwerk ist gesetzlich geschuetzt. Nachdruck, Veroeffentlichung und Verwendung nur gegen Honorar (mindestens MFM Liste 2008), Belegexemplar und Autorennennung.: \\\"Foto: Christian Wyrwa\\\" , www.freelens.com\/clearing\/, kein Modelrelease vorhanden, no modelrelease] [#0,26,121#]\"},{\"@type\":\"BreadcrumbList\",\"@id\":\"https:\/\/9staedte.de\/fr\/9-villes-de-basse-saxe\/#breadcrumb\",\"itemListElement\":[{\"@type\":\"ListItem\",\"position\":1,\"name\":\"Startseite\",\"item\":\"https:\/\/9staedte.de\/fr\/\"},{\"@type\":\"ListItem\",\"position\":2,\"name\":\"9 villes de Basse-Saxe\"}]},{\"@type\":\"WebSite\",\"@id\":\"https:\/\/9staedte.de\/fr\/#website\",\"url\":\"https:\/\/9staedte.de\/fr\/\",\"name\":\"9 St\u00e4dte in Niedersachsen\",\"description\":\"\",\"publisher\":{\"@id\":\"https:\/\/9staedte.de\/fr\/#organization\"},\"potentialAction\":[{\"@type\":\"SearchAction\",\"target\":{\"@type\":\"EntryPoint\",\"urlTemplate\":\"https:\/\/9staedte.de\/fr\/?s={search_term_string}\"},\"query-input\":{\"@type\":\"PropertyValueSpecification\",\"valueRequired\":true,\"valueName\":\"search_term_string\"}}],\"inLanguage\":\"fr-FR\"},{\"@type\":\"Organization\",\"@id\":\"https:\/\/9staedte.de\/fr\/#organization\",\"name\":\"9 St\u00e4dte in Niedersachsen\",\"url\":\"https:\/\/9staedte.de\/fr\/\",\"logo\":{\"@type\":\"ImageObject\",\"inLanguage\":\"fr-FR\",\"@id\":\"https:\/\/9staedte.de\/fr\/#\/schema\/logo\/image\/\",\"url\":\"https:\/\/9staedte.de\/wp-content\/uploads\/2025\/01\/9-neg-deutsch-2-1.png\",\"contentUrl\":\"https:\/\/9staedte.de\/wp-content\/uploads\/2025\/01\/9-neg-deutsch-2-1.png\",\"width\":190,\"height\":114,\"caption\":\"9 St\u00e4dte in Niedersachsen\"},\"image\":{\"@id\":\"https:\/\/9staedte.de\/fr\/#\/schema\/logo\/image\/\"}}]}<\/script>\n<!-- \/ Yoast SEO plugin. -->","yoast_head_json":{"title":"9 villes de Basse-Saxe - 9 St\u00e4dte in Niedersachsen","robots":{"index":"index","follow":"follow","max-snippet":"max-snippet:-1","max-image-preview":"max-image-preview:large","max-video-preview":"max-video-preview:-1"},"canonical":"https:\/\/9staedte.de\/fr\/9-villes-de-basse-saxe\/","og_locale":"fr_FR","og_type":"article","og_title":"9 villes de Basse-Saxe - 9 St\u00e4dte in Niedersachsen","og_description":"et il est difficile de visiter les 9 villes de Basse-Saxe ! Evenemang med tradition, FN v\u00e4rldsarv, medeltida innerst\u00e4der, idylliska korsvirkesl\u00e4ngor, g\u00e4stv\u00e4nliga matst\u00e4llen, moderna shoppingpassager, liv och r\u00f6relse&#8230; Planifie ta rentr\u00e9e scolaire dans les 9 villes de Basse-Saxe. Varje stad fascinera par son charme unique. Combinez cette visite dans l&rsquo;une ou l&rsquo;autre des villes historiques [&hellip;]","og_url":"https:\/\/9staedte.de\/fr\/9-villes-de-basse-saxe\/","og_site_name":"9 St\u00e4dte in Niedersachsen","twitter_card":"summary_large_image","twitter_misc":{"Dur\u00e9e de lecture estim\u00e9e":"1 minute"},"schema":{"@context":"https:\/\/schema.org","@graph":[{"@type":"WebPage","@id":"https:\/\/9staedte.de\/fr\/9-villes-de-basse-saxe\/","url":"https:\/\/9staedte.de\/fr\/9-villes-de-basse-saxe\/","name":"9 villes de Basse-Saxe - 9 St\u00e4dte in Niedersachsen","isPartOf":{"@id":"https:\/\/9staedte.de\/fr\/#website"},"primaryImageOfPage":{"@id":"https:\/\/9staedte.de\/fr\/9-villes-de-basse-saxe\/#primaryimage"},"image":{"@id":"https:\/\/9staedte.de\/fr\/9-villes-de-basse-saxe\/#primaryimage"},"thumbnailUrl":"https:\/\/9staedte.de\/wp-content\/uploads\/2023\/03\/Hannover-Altstadt-c-HMTG-Christian-Wyrwa.jpg","datePublished":"2023-11-02T08:49:13+00:00","breadcrumb":{"@id":"https:\/\/9staedte.de\/fr\/9-villes-de-basse-saxe\/#breadcrumb"},"inLanguage":"fr-FR","potentialAction":[{"@type":"ReadAction","target":["https:\/\/9staedte.de\/fr\/9-villes-de-basse-saxe\/"]}]},{"@type":"ImageObject","inLanguage":"fr-FR","@id":"https:\/\/9staedte.de\/fr\/9-villes-de-basse-saxe\/#primaryimage","url":"https:\/\/9staedte.de\/wp-content\/uploads\/2023\/03\/Hannover-Altstadt-c-HMTG-Christian-Wyrwa.jpg","contentUrl":"https:\/\/9staedte.de\/wp-content\/uploads\/2023\/03\/Hannover-Altstadt-c-HMTG-Christian-Wyrwa.jpg","width":860,"height":365,"caption":"[ (c) Christian Wyrwa, Diplom-Foto-Designer (FH), Burgwedeler Str. 91D , 30916 Isernhagen (bei Hannover), Germany, E-Mail: info@wyrwa-foto.de, Tel: +49-511-3945254, Fax:+49-511-1233545, Mobil: +49-171-8340094, 7 % MwSt, St.Nr.: DE 1800903836, Bankverbindung: Konto: 900437952, BLZ 25050180, Sparkasse Hannover, IBAN: DE03250501800900437952; BIC: SPKHDE2HXXX:, Jegliche Verwendung ausserhalb einer journalistischen bedarf einer gesonderten Freigabe.Es gelten ausschlie\u00dflich meine Gesch\u00e4ftsbedingungen (AGB). (Diese k\u00f6nnen eingesehen werden unter: http:\/\/www.wyrwa-foto.de\/Wyrwa-AGB\/Wyrwa_AGB.pdf ) Dieses Lichtbildwerk ist gesetzlich geschuetzt. Nachdruck, Veroeffentlichung und Verwendung nur gegen Honorar (mindestens MFM Liste 2008), Belegexemplar und Autorennennung.: \"Foto: Christian Wyrwa\" , www.freelens.com\/clearing\/, kein Modelrelease vorhanden, no modelrelease] [#0,26,121#]"},{"@type":"BreadcrumbList","@id":"https:\/\/9staedte.de\/fr\/9-villes-de-basse-saxe\/#breadcrumb","itemListElement":[{"@type":"ListItem","position":1,"name":"Startseite","item":"https:\/\/9staedte.de\/fr\/"},{"@type":"ListItem","position":2,"name":"9 villes de Basse-Saxe"}]},{"@type":"WebSite","@id":"https:\/\/9staedte.de\/fr\/#website","url":"https:\/\/9staedte.de\/fr\/","name":"9 St\u00e4dte in Niedersachsen","description":"","publisher":{"@id":"https:\/\/9staedte.de\/fr\/#organization"},"potentialAction":[{"@type":"SearchAction","target":{"@type":"EntryPoint","urlTemplate":"https:\/\/9staedte.de\/fr\/?s={search_term_string}"},"query-input":{"@type":"PropertyValueSpecification","valueRequired":true,"valueName":"search_term_string"}}],"inLanguage":"fr-FR"},{"@type":"Organization","@id":"https:\/\/9staedte.de\/fr\/#organization","name":"9 St\u00e4dte in Niedersachsen","url":"https:\/\/9staedte.de\/fr\/","logo":{"@type":"ImageObject","inLanguage":"fr-FR","@id":"https:\/\/9staedte.de\/fr\/#\/schema\/logo\/image\/","url":"https:\/\/9staedte.de\/wp-content\/uploads\/2025\/01\/9-neg-deutsch-2-1.png","contentUrl":"https:\/\/9staedte.de\/wp-content\/uploads\/2025\/01\/9-neg-deutsch-2-1.png","width":190,"height":114,"caption":"9 St\u00e4dte in Niedersachsen"},"image":{"@id":"https:\/\/9staedte.de\/fr\/#\/schema\/logo\/image\/"}}]}},"_links":{"self":[{"href":"https:\/\/9staedte.de\/fr\/wp-json\/wp\/v2\/pages\/17502","targetHints":{"allow":["GET"]}}],"collection":[{"href":"https:\/\/9staedte.de\/fr\/wp-json\/wp\/v2\/pages"}],"about":[{"href":"https:\/\/9staedte.de\/fr\/wp-json\/wp\/v2\/types\/page"}],"author":[{"embeddable":true,"href":"https:\/\/9staedte.de\/fr\/wp-json\/wp\/v2\/users\/1"}],"replies":[{"embeddable":true,"href":"https:\/\/9staedte.de\/fr\/wp-json\/wp\/v2\/comments?post=17502"}],"version-history":[{"count":0,"href":"https:\/\/9staedte.de\/fr\/wp-json\/wp\/v2\/pages\/17502\/revisions"}],"wp:featuredmedia":[{"embeddable":true,"href":"https:\/\/9staedte.de\/fr\/wp-json\/wp\/v2\/media\/17513"}],"wp:attachment":[{"href":"https:\/\/9staedte.de\/fr\/wp-json\/wp\/v2\/media?parent=17502"}],"wp:term":[{"taxonomy":"category","embeddable":true,"href":"https:\/\/9staedte.de\/fr\/wp-json\/wp\/v2\/categories?post=17502"},{"taxonomy":"post_tag","embeddable":true,"href":"https:\/\/9staedte.de\/fr\/wp-json\/wp\/v2\/tags?post=17502"},{"taxonomy":"ncap_cities_tax","embeddable":true,"href":"https:\/\/9staedte.de\/fr\/wp-json\/wp\/v2\/ncap_cities_tax?post=17502"}],"curies":[{"name":"wp","href":"https:\/\/api.w.org\/{rel}","templated":true}]}}