{"id":17494,"date":"2023-11-02T09:49:12","date_gmt":"2023-11-02T08:49:12","guid":{"rendered":"https:\/\/9staedte.de\/9-villes-en-niedersachsen-basse-saxe\/"},"modified":"2023-11-02T09:49:12","modified_gmt":"2023-11-02T08:49:12","slug":"9-villes-en-niedersachsen-basse-saxe","status":"publish","type":"page","link":"https:\/\/9staedte.de\/fr\/9-villes-en-niedersachsen-basse-saxe\/","title":{"rendered":"9 villes en Niedersachsen (Basse-Saxe)"},"content":{"rendered":"\n<p><strong>9 villes en Basse-Saxe :<\/strong><\/p>\n\n\n\n<p>Il y a une infinit\u00e9 de visiter les 9 villes ! Les \u00e9v\u00e8nements culturels riches en tradition, les h\u00e9ritages culturels mondiaux class\u00e9s par l&rsquo;UNESCO, les villes historiques moyen\u00e2geuses, les ensembles idylliques de maisons \u00e0 colombage, l&rsquo;hospitalit\u00e9 paisible, les galeries marchandes modernes, l&rsquo;animation enjou\u00e9e&#8230;<\/p>\n\n\n\n<p>Planifiez votre visite des 9 villes. Chacune de ces villes poss\u00e8de un charme unique et singulier qui rend chacune d&rsquo;elle fascinante. La visite d&rsquo;une ou de plusieurs de ces villes se compl\u00e8te parfaitement par une randonn\u00e9e dans les landes de Lunebourg, dans les montagnes du Harz ou dans la r\u00e9gion montagneuse de la Weser. L&rsquo;a\u00e9roport central du nord de l&rsquo;Allemagne, l&rsquo;a\u00e9roport d&rsquo;Hanovre, ainsi que les liaisons autorouti\u00e8res et ferroviaires optimales permettent un voyage agr\u00e9able.<\/p>\n\n\n\n<p>Conectez votre voyage au travers de l&rsquo;histoire avec un d\u00e9tour dans le monde inspir\u00e9 de l&rsquo;Autostadt de Wolfsbourg. Vivez des exp\u00e9ditions dans le futur de la mobilit\u00e9, voyagez dans le temps de l&rsquo;histoire de l&rsquo;automobile et explorez l`univers des technologies et innovations.<\/p>\n\n\n\n<div style=\"height:60px\" aria-hidden=\"true\" class=\"wp-block-spacer\"><\/div>\n\n\n\n<div class=\"content-grid\">\n\n\n  \n  <div class=\"grid\">\n                        \n                    \n          <div class=\"featured-themen-single\">\n            <div class=\"featured-themen-single-inner\" style=\"background-image: url('')\">\n              \n              <a href=\"https:\/\/9staedte.de\/braunschweig-brunswick-grande-ville-animee-et-historique\/\">\n                <span>Braunschweig (Brunswick) \u2013 Grande ville anim\u00e9e et historique<\/span>\n              <\/a>\n            <\/div>\n          <\/div>\n    \n          \n                  \n                    \n          <div class=\"featured-themen-single\">\n            <div class=\"featured-themen-single-inner\" style=\"background-image: url('')\">\n              \n              <a href=\"https:\/\/9staedte.de\/celle-charmante-ville-residentielle-comptant-le-plus-grand-nombre-de-maisons-a-colombages-deurope\/\">\n                <span>Celle \u2013 Charmante ville r\u00e9sidentielle comptant le plus grand nombre de maisons \u00e0 colombages d\u2019Europe<\/span>\n              <\/a>\n            <\/div>\n          <\/div>\n    \n          \n                  \n                    \n          <div class=\"featured-themen-single\">\n            <div class=\"featured-themen-single-inner\" style=\"background-image: url('')\">\n              \n              <a href=\"https:\/\/9staedte.de\/einbeck-vehicules-anciens-maisons-a-colombages-et-biere\/\">\n                <span>Einbeck \u2013 V\u00e9hicules anciens, maisons \u00e0 colombages et bi\u00e8re<\/span>\n              <\/a>\n            <\/div>\n          <\/div>\n    \n          \n                  \n                    \n          <div class=\"featured-themen-single\">\n            <div class=\"featured-themen-single-inner\" style=\"background-image: url('')\">\n              \n              <a href=\"https:\/\/9staedte.de\/goettingen-ville-creatrice-de-savoir\/\">\n                <span>G\u00f6ttingen \u2013 Ville cr\u00e9atrice de savoir<\/span>\n              <\/a>\n            <\/div>\n          <\/div>\n    \n          \n                  \n                    \n          <div class=\"featured-themen-single\">\n            <div class=\"featured-themen-single-inner\" style=\"background-image: url('')\">\n              \n              <a href=\"https:\/\/9staedte.de\/goslar-patrimoine-culturel-mondial-au-coeur-du-harz\/\">\n                <span>Goslar \u2013 Patrimoine culturel mondial au coeur du Harz<\/span>\n              <\/a>\n            <\/div>\n          <\/div>\n    \n          \n                  \n                    \n          <div class=\"featured-themen-single\">\n            <div class=\"featured-themen-single-inner\" style=\"background-image: url('')\">\n              \n              <a href=\"https:\/\/9staedte.de\/hameln-hamelin-la-ville-du-joueur-de-flute\/\">\n                <span>Hameln (Hamelin) \u2013 La ville du Joueur de fl\u00fbte<\/span>\n              <\/a>\n            <\/div>\n          <\/div>\n    \n          \n                  \n                    \n          <div class=\"featured-themen-single\">\n            <div class=\"featured-themen-single-inner\" style=\"background-image: url('')\">\n              \n              <a href=\"https:\/\/9staedte.de\/hannover-hanovre-une-ville-attachante-ou-il-fait-bon-vivre\/\">\n                <span>Hannover (Hanovre) \u2013 Une ville attachante o\u00f9 il fait bon vivre<\/span>\n              <\/a>\n            <\/div>\n          <\/div>\n    \n          \n                  \n                    \n          <div class=\"featured-themen-single\">\n            <div class=\"featured-themen-single-inner\" style=\"background-image: url('')\">\n              \n              <a href=\"https:\/\/9staedte.de\/hildesheim-une-ville-empreinte-de-culture-et-dhistoire-connue-pour-ses-maisons-a-colombages\/\">\n                <span>Hildesheim \u2013 Une ville empreinte de culture et d\u2019histoire connue pour ses maisons \u00e0 colombages<\/span>\n              <\/a>\n            <\/div>\n          <\/div>\n    \n          \n                  \n                    \n          <div class=\"featured-themen-single\">\n            <div class=\"featured-themen-single-inner\" style=\"background-image: url('')\">\n              \n              <a href=\"https:\/\/9staedte.de\/wolfenbuettel-maisons-a-colombages-et-jaegermeister\/\">\n                <span>Wolfenb\u00fcttel \u2013 Maisons \u00e0 colombages et J\u00e4germeister<\/span>\n              <\/a>\n            <\/div>\n          <\/div>\n    \n          \n                  \n                    \n          <div class=\"featured-themen-single\">\n            <div class=\"featured-themen-single-inner\" style=\"background-image: url('')\">\n              \n              <a href=\"https:\/\/9staedte.de\/autostadt-a-wolfsburg-une-immersion-dans-lunivers-de-la-mobilite\/\">\n                <span>Autostadt \u00e0 Wolfsburg \u2013 Une immersion dans l\u2019univers de la mobilit\u00e9<\/span>\n              <\/a>\n            <\/div>\n          <\/div>\n    \n          \n                          \n        <\/div>\n<\/div>","protected":false},"excerpt":{"rendered":"<p>9 villes en Basse-Saxe : Il y a une infinit\u00e9 de visiter les 9 villes ! Les \u00e9v\u00e8nements culturels riches en tradition, les h\u00e9ritages culturels mondiaux class\u00e9s par l&rsquo;UNESCO, les villes historiques moyen\u00e2geuses, les ensembles idylliques de maisons \u00e0 colombage, l&rsquo;hospitalit\u00e9 paisible, les galeries marchandes modernes, l&rsquo;animation enjou\u00e9e&#8230; Planifiez votre visite des 9 villes. Chacune [&hellip;]<\/p>\n","protected":false},"author":1,"featured_media":0,"parent":0,"menu_order":0,"comment_status":"closed","ping_status":"closed","template":"","meta":{"_acf_changed":false,"footnotes":""},"categories":[],"tags":[],"ncap_cities_tax":[],"class_list":["post-17494","page","type-page","status-publish","hentry"],"acf":[],"yoast_head":"<!-- This site is optimized with the Yoast SEO plugin v26.8 - https:\/\/yoast.com\/product\/yoast-seo-wordpress\/ -->\n<title>9 villes en Niedersachsen (Basse-Saxe) - 9 St\u00e4dte in Niedersachsen<\/title>\n<meta name=\"robots\" content=\"index, follow, max-snippet:-1, max-image-preview:large, max-video-preview:-1\" \/>\n<link rel=\"canonical\" href=\"https:\/\/9staedte.de\/fr\/9-villes-en-niedersachsen-basse-saxe\/\" \/>\n<meta property=\"og:locale\" content=\"fr_FR\" \/>\n<meta property=\"og:type\" content=\"article\" \/>\n<meta property=\"og:title\" content=\"9 villes en Niedersachsen (Basse-Saxe) - 9 St\u00e4dte in Niedersachsen\" \/>\n<meta property=\"og:description\" content=\"9 villes en Basse-Saxe : Il y a une infinit\u00e9 de visiter les 9 villes ! Les \u00e9v\u00e8nements culturels riches en tradition, les h\u00e9ritages culturels mondiaux class\u00e9s par l&rsquo;UNESCO, les villes historiques moyen\u00e2geuses, les ensembles idylliques de maisons \u00e0 colombage, l&rsquo;hospitalit\u00e9 paisible, les galeries marchandes modernes, l&rsquo;animation enjou\u00e9e&#8230; Planifiez votre visite des 9 villes. Chacune [&hellip;]\" \/>\n<meta property=\"og:url\" content=\"https:\/\/9staedte.de\/fr\/9-villes-en-niedersachsen-basse-saxe\/\" \/>\n<meta property=\"og:site_name\" content=\"9 St\u00e4dte in Niedersachsen\" \/>\n<meta name=\"twitter:card\" content=\"summary_large_image\" \/>\n<meta name=\"twitter:label1\" content=\"Dur\u00e9e de lecture estim\u00e9e\" \/>\n\t<meta name=\"twitter:data1\" content=\"1 minute\" \/>\n<script type=\"application\/ld+json\" class=\"yoast-schema-graph\">{\"@context\":\"https:\/\/schema.org\",\"@graph\":[{\"@type\":\"WebPage\",\"@id\":\"https:\/\/9staedte.de\/fr\/9-villes-en-niedersachsen-basse-saxe\/\",\"url\":\"https:\/\/9staedte.de\/fr\/9-villes-en-niedersachsen-basse-saxe\/\",\"name\":\"9 villes en Niedersachsen (Basse-Saxe) - 9 St\u00e4dte in Niedersachsen\",\"isPartOf\":{\"@id\":\"https:\/\/9staedte.de\/fr\/#website\"},\"datePublished\":\"2023-11-02T08:49:12+00:00\",\"breadcrumb\":{\"@id\":\"https:\/\/9staedte.de\/fr\/9-villes-en-niedersachsen-basse-saxe\/#breadcrumb\"},\"inLanguage\":\"fr-FR\",\"potentialAction\":[{\"@type\":\"ReadAction\",\"target\":[\"https:\/\/9staedte.de\/fr\/9-villes-en-niedersachsen-basse-saxe\/\"]}]},{\"@type\":\"BreadcrumbList\",\"@id\":\"https:\/\/9staedte.de\/fr\/9-villes-en-niedersachsen-basse-saxe\/#breadcrumb\",\"itemListElement\":[{\"@type\":\"ListItem\",\"position\":1,\"name\":\"Startseite\",\"item\":\"https:\/\/9staedte.de\/fr\/\"},{\"@type\":\"ListItem\",\"position\":2,\"name\":\"9 villes en Niedersachsen (Basse-Saxe)\"}]},{\"@type\":\"WebSite\",\"@id\":\"https:\/\/9staedte.de\/fr\/#website\",\"url\":\"https:\/\/9staedte.de\/fr\/\",\"name\":\"9 St\u00e4dte in Niedersachsen\",\"description\":\"\",\"publisher\":{\"@id\":\"https:\/\/9staedte.de\/fr\/#organization\"},\"potentialAction\":[{\"@type\":\"SearchAction\",\"target\":{\"@type\":\"EntryPoint\",\"urlTemplate\":\"https:\/\/9staedte.de\/fr\/?s={search_term_string}\"},\"query-input\":{\"@type\":\"PropertyValueSpecification\",\"valueRequired\":true,\"valueName\":\"search_term_string\"}}],\"inLanguage\":\"fr-FR\"},{\"@type\":\"Organization\",\"@id\":\"https:\/\/9staedte.de\/fr\/#organization\",\"name\":\"9 St\u00e4dte in Niedersachsen\",\"url\":\"https:\/\/9staedte.de\/fr\/\",\"logo\":{\"@type\":\"ImageObject\",\"inLanguage\":\"fr-FR\",\"@id\":\"https:\/\/9staedte.de\/fr\/#\/schema\/logo\/image\/\",\"url\":\"https:\/\/9staedte.de\/wp-content\/uploads\/2025\/01\/9-neg-deutsch-2-1.png\",\"contentUrl\":\"https:\/\/9staedte.de\/wp-content\/uploads\/2025\/01\/9-neg-deutsch-2-1.png\",\"width\":190,\"height\":114,\"caption\":\"9 St\u00e4dte in Niedersachsen\"},\"image\":{\"@id\":\"https:\/\/9staedte.de\/fr\/#\/schema\/logo\/image\/\"}}]}<\/script>\n<!-- \/ Yoast SEO plugin. -->","yoast_head_json":{"title":"9 villes en Niedersachsen (Basse-Saxe) - 9 St\u00e4dte in Niedersachsen","robots":{"index":"index","follow":"follow","max-snippet":"max-snippet:-1","max-image-preview":"max-image-preview:large","max-video-preview":"max-video-preview:-1"},"canonical":"https:\/\/9staedte.de\/fr\/9-villes-en-niedersachsen-basse-saxe\/","og_locale":"fr_FR","og_type":"article","og_title":"9 villes en Niedersachsen (Basse-Saxe) - 9 St\u00e4dte in Niedersachsen","og_description":"9 villes en Basse-Saxe : Il y a une infinit\u00e9 de visiter les 9 villes ! Les \u00e9v\u00e8nements culturels riches en tradition, les h\u00e9ritages culturels mondiaux class\u00e9s par l&rsquo;UNESCO, les villes historiques moyen\u00e2geuses, les ensembles idylliques de maisons \u00e0 colombage, l&rsquo;hospitalit\u00e9 paisible, les galeries marchandes modernes, l&rsquo;animation enjou\u00e9e&#8230; Planifiez votre visite des 9 villes. Chacune [&hellip;]","og_url":"https:\/\/9staedte.de\/fr\/9-villes-en-niedersachsen-basse-saxe\/","og_site_name":"9 St\u00e4dte in Niedersachsen","twitter_card":"summary_large_image","twitter_misc":{"Dur\u00e9e de lecture estim\u00e9e":"1 minute"},"schema":{"@context":"https:\/\/schema.org","@graph":[{"@type":"WebPage","@id":"https:\/\/9staedte.de\/fr\/9-villes-en-niedersachsen-basse-saxe\/","url":"https:\/\/9staedte.de\/fr\/9-villes-en-niedersachsen-basse-saxe\/","name":"9 villes en Niedersachsen (Basse-Saxe) - 9 St\u00e4dte in Niedersachsen","isPartOf":{"@id":"https:\/\/9staedte.de\/fr\/#website"},"datePublished":"2023-11-02T08:49:12+00:00","breadcrumb":{"@id":"https:\/\/9staedte.de\/fr\/9-villes-en-niedersachsen-basse-saxe\/#breadcrumb"},"inLanguage":"fr-FR","potentialAction":[{"@type":"ReadAction","target":["https:\/\/9staedte.de\/fr\/9-villes-en-niedersachsen-basse-saxe\/"]}]},{"@type":"BreadcrumbList","@id":"https:\/\/9staedte.de\/fr\/9-villes-en-niedersachsen-basse-saxe\/#breadcrumb","itemListElement":[{"@type":"ListItem","position":1,"name":"Startseite","item":"https:\/\/9staedte.de\/fr\/"},{"@type":"ListItem","position":2,"name":"9 villes en Niedersachsen (Basse-Saxe)"}]},{"@type":"WebSite","@id":"https:\/\/9staedte.de\/fr\/#website","url":"https:\/\/9staedte.de\/fr\/","name":"9 St\u00e4dte in Niedersachsen","description":"","publisher":{"@id":"https:\/\/9staedte.de\/fr\/#organization"},"potentialAction":[{"@type":"SearchAction","target":{"@type":"EntryPoint","urlTemplate":"https:\/\/9staedte.de\/fr\/?s={search_term_string}"},"query-input":{"@type":"PropertyValueSpecification","valueRequired":true,"valueName":"search_term_string"}}],"inLanguage":"fr-FR"},{"@type":"Organization","@id":"https:\/\/9staedte.de\/fr\/#organization","name":"9 St\u00e4dte in Niedersachsen","url":"https:\/\/9staedte.de\/fr\/","logo":{"@type":"ImageObject","inLanguage":"fr-FR","@id":"https:\/\/9staedte.de\/fr\/#\/schema\/logo\/image\/","url":"https:\/\/9staedte.de\/wp-content\/uploads\/2025\/01\/9-neg-deutsch-2-1.png","contentUrl":"https:\/\/9staedte.de\/wp-content\/uploads\/2025\/01\/9-neg-deutsch-2-1.png","width":190,"height":114,"caption":"9 St\u00e4dte in Niedersachsen"},"image":{"@id":"https:\/\/9staedte.de\/fr\/#\/schema\/logo\/image\/"}}]}},"_links":{"self":[{"href":"https:\/\/9staedte.de\/fr\/wp-json\/wp\/v2\/pages\/17494","targetHints":{"allow":["GET"]}}],"collection":[{"href":"https:\/\/9staedte.de\/fr\/wp-json\/wp\/v2\/pages"}],"about":[{"href":"https:\/\/9staedte.de\/fr\/wp-json\/wp\/v2\/types\/page"}],"author":[{"embeddable":true,"href":"https:\/\/9staedte.de\/fr\/wp-json\/wp\/v2\/users\/1"}],"replies":[{"embeddable":true,"href":"https:\/\/9staedte.de\/fr\/wp-json\/wp\/v2\/comments?post=17494"}],"version-history":[{"count":0,"href":"https:\/\/9staedte.de\/fr\/wp-json\/wp\/v2\/pages\/17494\/revisions"}],"wp:attachment":[{"href":"https:\/\/9staedte.de\/fr\/wp-json\/wp\/v2\/media?parent=17494"}],"wp:term":[{"taxonomy":"category","embeddable":true,"href":"https:\/\/9staedte.de\/fr\/wp-json\/wp\/v2\/categories?post=17494"},{"taxonomy":"post_tag","embeddable":true,"href":"https:\/\/9staedte.de\/fr\/wp-json\/wp\/v2\/tags?post=17494"},{"taxonomy":"ncap_cities_tax","embeddable":true,"href":"https:\/\/9staedte.de\/fr\/wp-json\/wp\/v2\/ncap_cities_tax?post=17494"}],"curies":[{"name":"wp","href":"https:\/\/api.w.org\/{rel}","templated":true}]}}