{"id":17473,"date":"2023-11-02T09:49:11","date_gmt":"2023-11-02T08:49:11","guid":{"rendered":"https:\/\/9staedte.de\/9-villes-de-basse-saxe-conseils-et-informations\/"},"modified":"2023-11-02T09:49:11","modified_gmt":"2023-11-02T08:49:11","slug":"9-villes-de-basse-saxe-conseils-et-informations","status":"publish","type":"page","link":"https:\/\/9staedte.de\/fr\/9-villes-de-basse-saxe-conseils-et-informations\/","title":{"rendered":"9 villes de Basse-Saxe &#8211; conseils et informations"},"content":{"rendered":"\n<p>Il y a une infinit\u00e9 de raisons de visiter les 9 villes de Basse-Saxe ! Manifestations riches en traditions, patrimoine mondial de l&rsquo;UNESCO, vieilles villes m\u00e9di\u00e9vales, ensembles idylliques de maisons \u00e0 colombages, hospitalit\u00e9 contemplative, galeries marchandes modernes, animation &#8230;<\/p>\n\n\n\n<p>Planifiez votre tour de 9 villes. Chaque ville fascine par son charme particulier. La visite d&rsquo;une ou de plusieurs villes historiques peut \u00eatre combin\u00e9e de mani\u00e8re optimale avec un tour dans la lande de Lunebourg, dans le Harz ou dans le Weserbergland. L&rsquo;a\u00e9roport central du nord de l&rsquo;Allemagne, l&rsquo;a\u00e9roport de Hanovre, ainsi que de bonnes liaisons ferroviaires et autorouti\u00e8res permettent un voyage agr\u00e9able.<\/p>\n\n\n\n<p>Conseil : combinez votre voyage dans l&rsquo;histoire avec un d\u00e9tour par le monde inspirant de l&rsquo;Autostadt \u00e0 Wolfsburg.<\/p>\n\n\n\n<div style=\"height:60px\" aria-hidden=\"true\" class=\"wp-block-spacer\"><\/div>\n\n\n\n<div class=\"content-grid\">\n\n\n  \n  <div class=\"grid\">\n                        \n                    \n          <div class=\"featured-themen-single\">\n            <div class=\"featured-themen-single-inner\" style=\"background-image: url('')\">\n              \n              <a href=\"https:\/\/9staedte.de\/braunschweig-lebendige-grossstadt-mit-geschichte\/\">\n                <span>Braunschweig \u2013 Lebendige Gro\u00dfstadt mit Geschichte<\/span>\n              <\/a>\n            <\/div>\n          <\/div>\n    \n          \n                  \n                    \n          <div class=\"featured-themen-single\">\n            <div class=\"featured-themen-single-inner\" style=\"background-image: url('')\">\n              \n              <a href=\"https:\/\/9staedte.de\/celle-liebenswerte-residenzstadt-mit-europas-groesstem-fachwerkensemble\/\">\n                <span>Celle \u2013 Liebenswerte Residenzstadt mit Europas gr\u00f6\u00dftem Fachwerkensemble<\/span>\n              <\/a>\n            <\/div>\n          <\/div>\n    \n          \n                  \n                    \n          <div class=\"featured-themen-single\">\n            <div class=\"featured-themen-single-inner\" style=\"background-image: url('')\">\n              \n              <a href=\"https:\/\/9staedte.de\/einbeck-oldtimer-fachwerk-und-bier\/\">\n                <span>Einbeck \u2013 Oldtimer, Fachwerk und Bier<\/span>\n              <\/a>\n            <\/div>\n          <\/div>\n    \n          \n                  \n                    \n          <div class=\"featured-themen-single\">\n            <div class=\"featured-themen-single-inner\" style=\"background-image: url('')\">\n              \n              <a href=\"https:\/\/9staedte.de\/goettingen-stadt-die-wissen-schafft\/\">\n                <span>G\u00f6ttingen \u2013 Stadt, die Wissen schafft<\/span>\n              <\/a>\n            <\/div>\n          <\/div>\n    \n          \n                  \n                    \n          <div class=\"featured-themen-single\">\n            <div class=\"featured-themen-single-inner\" style=\"background-image: url('')\">\n              \n              <a href=\"https:\/\/9staedte.de\/goslar-weltkulturerbe-im-harz\/\">\n                <span>Goslar \u2013 Weltkulturerbe im Harz<\/span>\n              <\/a>\n            <\/div>\n          <\/div>\n    \n          \n                  \n                    \n          <div class=\"featured-themen-single\">\n            <div class=\"featured-themen-single-inner\" style=\"background-image: url('')\">\n              \n              <a href=\"https:\/\/9staedte.de\/hameln-die-rattenfaengerstadt\/\">\n                <span>Hameln \u2013 Die Rattenf\u00e4ngerstadt<\/span>\n              <\/a>\n            <\/div>\n          <\/div>\n    \n          \n                  \n                    \n          <div class=\"featured-themen-single\">\n            <div class=\"featured-themen-single-inner\" style=\"background-image: url('')\">\n              \n              <a href=\"https:\/\/9staedte.de\/hannover-liebenswert-und-lebenswert\/\">\n                <span>Hannover \u2013 Liebenswert und lebenswert<\/span>\n              <\/a>\n            <\/div>\n          <\/div>\n    \n          \n                  \n                    \n          <div class=\"featured-themen-single\">\n            <div class=\"featured-themen-single-inner\" style=\"background-image: url('')\">\n              \n              <a href=\"https:\/\/9staedte.de\/hildesheim-fachwerkstadt-voller-kultur-und-geschichte\/\">\n                <span>Hildesheim \u2013 Fachwerkstadt voller Kultur und Geschichte<\/span>\n              <\/a>\n            <\/div>\n          <\/div>\n    \n          \n                  \n                    \n          <div class=\"featured-themen-single\">\n            <div class=\"featured-themen-single-inner\" style=\"background-image: url('')\">\n              \n              <a href=\"https:\/\/9staedte.de\/wolfenbuettel-1-000-fachwerkhaeuser-und-jaegermeister\/\">\n                <span>Wolfenb\u00fcttel \u2013 1.000 Fachwerkh\u00e4user und J\u00e4germeister<\/span>\n              <\/a>\n            <\/div>\n          <\/div>\n    \n          \n                  \n                    \n          <div class=\"featured-themen-single\">\n            <div class=\"featured-themen-single-inner\" style=\"background-image: url('')\">\n              \n              <a href=\"https:\/\/9staedte.de\/autostadt-in-wolfsburg-eine-reise-in-die-welt-der-mobilitaet\/\">\n                <span>Autostadt in Wolfsburg \u2013 Eine Reise in die Welt der Mobilit\u00e4t<\/span>\n              <\/a>\n            <\/div>\n          <\/div>\n    \n          \n                          \n        <\/div>\n<\/div>","protected":false},"excerpt":{"rendered":"<p>Il y a une infinit\u00e9 de raisons de visiter les 9 villes de Basse-Saxe ! Manifestations riches en traditions, patrimoine mondial de l&rsquo;UNESCO, vieilles villes m\u00e9di\u00e9vales, ensembles idylliques de maisons \u00e0 colombages, hospitalit\u00e9 contemplative, galeries marchandes modernes, animation &#8230; Planifiez votre tour de 9 villes. Chaque ville fascine par son charme particulier. La visite d&rsquo;une [&hellip;]<\/p>\n","protected":false},"author":1,"featured_media":0,"parent":0,"menu_order":0,"comment_status":"closed","ping_status":"closed","template":"","meta":{"_acf_changed":false,"footnotes":""},"categories":[],"tags":[],"ncap_cities_tax":[],"class_list":["post-17473","page","type-page","status-publish","hentry"],"acf":[],"yoast_head":"<!-- This site is optimized with the Yoast SEO plugin v26.8 - https:\/\/yoast.com\/product\/yoast-seo-wordpress\/ -->\n<title>9 villes de Basse-Saxe - conseils et informations - 9 St\u00e4dte in Niedersachsen<\/title>\n<meta name=\"robots\" content=\"index, follow, max-snippet:-1, max-image-preview:large, max-video-preview:-1\" \/>\n<link rel=\"canonical\" href=\"https:\/\/9staedte.de\/fr\/9-villes-de-basse-saxe-conseils-et-informations\/\" \/>\n<meta property=\"og:locale\" content=\"fr_FR\" \/>\n<meta property=\"og:type\" content=\"article\" \/>\n<meta property=\"og:title\" content=\"9 villes de Basse-Saxe - conseils et informations - 9 St\u00e4dte in Niedersachsen\" \/>\n<meta property=\"og:description\" content=\"Il y a une infinit\u00e9 de raisons de visiter les 9 villes de Basse-Saxe ! Manifestations riches en traditions, patrimoine mondial de l&rsquo;UNESCO, vieilles villes m\u00e9di\u00e9vales, ensembles idylliques de maisons \u00e0 colombages, hospitalit\u00e9 contemplative, galeries marchandes modernes, animation &#8230; Planifiez votre tour de 9 villes. Chaque ville fascine par son charme particulier. La visite d&rsquo;une [&hellip;]\" \/>\n<meta property=\"og:url\" content=\"https:\/\/9staedte.de\/fr\/9-villes-de-basse-saxe-conseils-et-informations\/\" \/>\n<meta property=\"og:site_name\" content=\"9 St\u00e4dte in Niedersachsen\" \/>\n<meta name=\"twitter:card\" content=\"summary_large_image\" \/>\n<meta name=\"twitter:label1\" content=\"Dur\u00e9e de lecture estim\u00e9e\" \/>\n\t<meta name=\"twitter:data1\" content=\"1 minute\" \/>\n<script type=\"application\/ld+json\" class=\"yoast-schema-graph\">{\"@context\":\"https:\/\/schema.org\",\"@graph\":[{\"@type\":\"WebPage\",\"@id\":\"https:\/\/9staedte.de\/fr\/9-villes-de-basse-saxe-conseils-et-informations\/\",\"url\":\"https:\/\/9staedte.de\/fr\/9-villes-de-basse-saxe-conseils-et-informations\/\",\"name\":\"9 villes de Basse-Saxe - conseils et informations - 9 St\u00e4dte in Niedersachsen\",\"isPartOf\":{\"@id\":\"https:\/\/9staedte.de\/fr\/#website\"},\"datePublished\":\"2023-11-02T08:49:11+00:00\",\"breadcrumb\":{\"@id\":\"https:\/\/9staedte.de\/fr\/9-villes-de-basse-saxe-conseils-et-informations\/#breadcrumb\"},\"inLanguage\":\"fr-FR\",\"potentialAction\":[{\"@type\":\"ReadAction\",\"target\":[\"https:\/\/9staedte.de\/fr\/9-villes-de-basse-saxe-conseils-et-informations\/\"]}]},{\"@type\":\"BreadcrumbList\",\"@id\":\"https:\/\/9staedte.de\/fr\/9-villes-de-basse-saxe-conseils-et-informations\/#breadcrumb\",\"itemListElement\":[{\"@type\":\"ListItem\",\"position\":1,\"name\":\"Startseite\",\"item\":\"https:\/\/9staedte.de\/fr\/\"},{\"@type\":\"ListItem\",\"position\":2,\"name\":\"9 villes de Basse-Saxe &#8211; conseils et informations\"}]},{\"@type\":\"WebSite\",\"@id\":\"https:\/\/9staedte.de\/fr\/#website\",\"url\":\"https:\/\/9staedte.de\/fr\/\",\"name\":\"9 St\u00e4dte in Niedersachsen\",\"description\":\"\",\"publisher\":{\"@id\":\"https:\/\/9staedte.de\/fr\/#organization\"},\"potentialAction\":[{\"@type\":\"SearchAction\",\"target\":{\"@type\":\"EntryPoint\",\"urlTemplate\":\"https:\/\/9staedte.de\/fr\/?s={search_term_string}\"},\"query-input\":{\"@type\":\"PropertyValueSpecification\",\"valueRequired\":true,\"valueName\":\"search_term_string\"}}],\"inLanguage\":\"fr-FR\"},{\"@type\":\"Organization\",\"@id\":\"https:\/\/9staedte.de\/fr\/#organization\",\"name\":\"9 St\u00e4dte in Niedersachsen\",\"url\":\"https:\/\/9staedte.de\/fr\/\",\"logo\":{\"@type\":\"ImageObject\",\"inLanguage\":\"fr-FR\",\"@id\":\"https:\/\/9staedte.de\/fr\/#\/schema\/logo\/image\/\",\"url\":\"https:\/\/9staedte.de\/wp-content\/uploads\/2025\/01\/9-neg-deutsch-2-1.png\",\"contentUrl\":\"https:\/\/9staedte.de\/wp-content\/uploads\/2025\/01\/9-neg-deutsch-2-1.png\",\"width\":190,\"height\":114,\"caption\":\"9 St\u00e4dte in Niedersachsen\"},\"image\":{\"@id\":\"https:\/\/9staedte.de\/fr\/#\/schema\/logo\/image\/\"}}]}<\/script>\n<!-- \/ Yoast SEO plugin. -->","yoast_head_json":{"title":"9 villes de Basse-Saxe - conseils et informations - 9 St\u00e4dte in Niedersachsen","robots":{"index":"index","follow":"follow","max-snippet":"max-snippet:-1","max-image-preview":"max-image-preview:large","max-video-preview":"max-video-preview:-1"},"canonical":"https:\/\/9staedte.de\/fr\/9-villes-de-basse-saxe-conseils-et-informations\/","og_locale":"fr_FR","og_type":"article","og_title":"9 villes de Basse-Saxe - conseils et informations - 9 St\u00e4dte in Niedersachsen","og_description":"Il y a une infinit\u00e9 de raisons de visiter les 9 villes de Basse-Saxe ! Manifestations riches en traditions, patrimoine mondial de l&rsquo;UNESCO, vieilles villes m\u00e9di\u00e9vales, ensembles idylliques de maisons \u00e0 colombages, hospitalit\u00e9 contemplative, galeries marchandes modernes, animation &#8230; Planifiez votre tour de 9 villes. Chaque ville fascine par son charme particulier. La visite d&rsquo;une [&hellip;]","og_url":"https:\/\/9staedte.de\/fr\/9-villes-de-basse-saxe-conseils-et-informations\/","og_site_name":"9 St\u00e4dte in Niedersachsen","twitter_card":"summary_large_image","twitter_misc":{"Dur\u00e9e de lecture estim\u00e9e":"1 minute"},"schema":{"@context":"https:\/\/schema.org","@graph":[{"@type":"WebPage","@id":"https:\/\/9staedte.de\/fr\/9-villes-de-basse-saxe-conseils-et-informations\/","url":"https:\/\/9staedte.de\/fr\/9-villes-de-basse-saxe-conseils-et-informations\/","name":"9 villes de Basse-Saxe - conseils et informations - 9 St\u00e4dte in Niedersachsen","isPartOf":{"@id":"https:\/\/9staedte.de\/fr\/#website"},"datePublished":"2023-11-02T08:49:11+00:00","breadcrumb":{"@id":"https:\/\/9staedte.de\/fr\/9-villes-de-basse-saxe-conseils-et-informations\/#breadcrumb"},"inLanguage":"fr-FR","potentialAction":[{"@type":"ReadAction","target":["https:\/\/9staedte.de\/fr\/9-villes-de-basse-saxe-conseils-et-informations\/"]}]},{"@type":"BreadcrumbList","@id":"https:\/\/9staedte.de\/fr\/9-villes-de-basse-saxe-conseils-et-informations\/#breadcrumb","itemListElement":[{"@type":"ListItem","position":1,"name":"Startseite","item":"https:\/\/9staedte.de\/fr\/"},{"@type":"ListItem","position":2,"name":"9 villes de Basse-Saxe &#8211; conseils et informations"}]},{"@type":"WebSite","@id":"https:\/\/9staedte.de\/fr\/#website","url":"https:\/\/9staedte.de\/fr\/","name":"9 St\u00e4dte in Niedersachsen","description":"","publisher":{"@id":"https:\/\/9staedte.de\/fr\/#organization"},"potentialAction":[{"@type":"SearchAction","target":{"@type":"EntryPoint","urlTemplate":"https:\/\/9staedte.de\/fr\/?s={search_term_string}"},"query-input":{"@type":"PropertyValueSpecification","valueRequired":true,"valueName":"search_term_string"}}],"inLanguage":"fr-FR"},{"@type":"Organization","@id":"https:\/\/9staedte.de\/fr\/#organization","name":"9 St\u00e4dte in Niedersachsen","url":"https:\/\/9staedte.de\/fr\/","logo":{"@type":"ImageObject","inLanguage":"fr-FR","@id":"https:\/\/9staedte.de\/fr\/#\/schema\/logo\/image\/","url":"https:\/\/9staedte.de\/wp-content\/uploads\/2025\/01\/9-neg-deutsch-2-1.png","contentUrl":"https:\/\/9staedte.de\/wp-content\/uploads\/2025\/01\/9-neg-deutsch-2-1.png","width":190,"height":114,"caption":"9 St\u00e4dte in Niedersachsen"},"image":{"@id":"https:\/\/9staedte.de\/fr\/#\/schema\/logo\/image\/"}}]}},"_links":{"self":[{"href":"https:\/\/9staedte.de\/fr\/wp-json\/wp\/v2\/pages\/17473","targetHints":{"allow":["GET"]}}],"collection":[{"href":"https:\/\/9staedte.de\/fr\/wp-json\/wp\/v2\/pages"}],"about":[{"href":"https:\/\/9staedte.de\/fr\/wp-json\/wp\/v2\/types\/page"}],"author":[{"embeddable":true,"href":"https:\/\/9staedte.de\/fr\/wp-json\/wp\/v2\/users\/1"}],"replies":[{"embeddable":true,"href":"https:\/\/9staedte.de\/fr\/wp-json\/wp\/v2\/comments?post=17473"}],"version-history":[{"count":0,"href":"https:\/\/9staedte.de\/fr\/wp-json\/wp\/v2\/pages\/17473\/revisions"}],"wp:attachment":[{"href":"https:\/\/9staedte.de\/fr\/wp-json\/wp\/v2\/media?parent=17473"}],"wp:term":[{"taxonomy":"category","embeddable":true,"href":"https:\/\/9staedte.de\/fr\/wp-json\/wp\/v2\/categories?post=17473"},{"taxonomy":"post_tag","embeddable":true,"href":"https:\/\/9staedte.de\/fr\/wp-json\/wp\/v2\/tags?post=17473"},{"taxonomy":"ncap_cities_tax","embeddable":true,"href":"https:\/\/9staedte.de\/fr\/wp-json\/wp\/v2\/ncap_cities_tax?post=17473"}],"curies":[{"name":"wp","href":"https:\/\/api.w.org\/{rel}","templated":true}]}}