{"id":17469,"date":"2023-11-02T09:49:10","date_gmt":"2023-11-02T08:49:10","guid":{"rendered":"https:\/\/9staedte.de\/informations-sur-le-guide-et-les-excursions-a-braunschweig\/"},"modified":"2023-11-02T17:19:35","modified_gmt":"2023-11-02T16:19:35","slug":"informations-sur-le-guide-et-les-excursions-a-braunschweig","status":"publish","type":"page","link":"https:\/\/9staedte.de\/fr\/braunschweig-la-ville-du-lion\/informations-sur-le-guide-et-les-excursions-a-braunschweig\/","title":{"rendered":"Informations sur le guide et les excursions \u00e0 Braunschweig"},"content":{"rendered":"\n<h2 class=\"wp-block-heading\">Pour votre voyage en groupe<\/h2>\n\n\n\n<h3 class=\"wp-block-heading\">Circuits dans la r\u00e9gion<\/h3>\n\n\n\n<p>\u00c0 pied, \u00e0 v\u00e9lo ou m\u00eame en bus, Braunschweig et ses environs offrent une multitude de possibilit\u00e9s pour organiser des programmes d&rsquo;excursion.<\/p>\n\n\n\n<p>Les visites sont organis\u00e9es individuellement pour les groupes. Les possibilit\u00e9s de visite, les frais de visite guid\u00e9e et les entr\u00e9es sont calcul\u00e9s sur la base d&rsquo;un accord. Des r\u00e9ductions pour les enfants peuvent \u00eatre accord\u00e9es apr\u00e8s concertation.<\/p>\n\n\n\n<h4 class=\"wp-block-heading\">R\u00e9servations aupr\u00e8s de :<\/h4>\n\n\n\n<p>Braunschweig Stadtmarketing GmbH<br>Office du tourisme<br>Petit ch\u00e2teau&nbsp;14<br>38100 Braunschweig<br>T\u00e9l. : +49 (0) 531\/4702040<br>Fax :&nbsp; +49 (0) 5 31\/4702044<br>Courrier \u00e9lectronique :&nbsp;<a href=\"mailto:touristinfo@braunschweig.de\" target=\"_blank\" rel=\"noreferrer noopener\">touristinfo@braunschweig.de<\/a><br>Internet :&nbsp;<a href=\"http:\/\/www.braunschweig.de\/\" target=\"_blank\" rel=\"noreferrer noopener\">www.braunschweig.de<\/a><\/p>\n","protected":false},"excerpt":{"rendered":"<p>Pour votre voyage en groupe Circuits dans la r\u00e9gion \u00c0 pied, \u00e0 v\u00e9lo ou m\u00eame en bus, Braunschweig et ses environs offrent une multitude de possibilit\u00e9s pour organiser des programmes d&rsquo;excursion. Les visites sont organis\u00e9es individuellement pour les groupes. Les possibilit\u00e9s de visite, les frais de visite guid\u00e9e et les entr\u00e9es sont calcul\u00e9s sur la [&hellip;]<\/p>\n","protected":false},"author":1,"featured_media":16200,"parent":17595,"menu_order":0,"comment_status":"closed","ping_status":"closed","template":"pagetemplates\/template-stadtthema.php","meta":{"_acf_changed":false,"footnotes":""},"categories":[],"tags":[],"ncap_cities_tax":[423,1262],"class_list":["post-17469","page","type-page","status-publish","has-post-thumbnail","hentry","ncap_cities_tax-braunschweig-fr","ncap_cities_tax-reiseleitung-und-ausflugen-braunschweig-fr"],"acf":[],"yoast_head":"<!-- This site is optimized with the Yoast SEO plugin v26.8 - https:\/\/yoast.com\/product\/yoast-seo-wordpress\/ -->\n<title>Informations sur le guide et les excursions \u00e0 Braunschweig - 9 St\u00e4dte in Niedersachsen<\/title>\n<meta name=\"robots\" content=\"index, follow, max-snippet:-1, max-image-preview:large, max-video-preview:-1\" \/>\n<link rel=\"canonical\" href=\"https:\/\/9staedte.de\/fr\/braunschweig-la-ville-du-lion\/informations-sur-le-guide-et-les-excursions-a-braunschweig\/\" \/>\n<meta property=\"og:locale\" content=\"fr_FR\" \/>\n<meta property=\"og:type\" content=\"article\" \/>\n<meta property=\"og:title\" content=\"Informations sur le guide et les excursions \u00e0 Braunschweig - 9 St\u00e4dte in Niedersachsen\" \/>\n<meta property=\"og:description\" content=\"Pour votre voyage en groupe Circuits dans la r\u00e9gion \u00c0 pied, \u00e0 v\u00e9lo ou m\u00eame en bus, Braunschweig et ses environs offrent une multitude de possibilit\u00e9s pour organiser des programmes d&rsquo;excursion. Les visites sont organis\u00e9es individuellement pour les groupes. Les possibilit\u00e9s de visite, les frais de visite guid\u00e9e et les entr\u00e9es sont calcul\u00e9s sur la [&hellip;]\" \/>\n<meta property=\"og:url\" content=\"https:\/\/9staedte.de\/fr\/braunschweig-la-ville-du-lion\/informations-sur-le-guide-et-les-excursions-a-braunschweig\/\" \/>\n<meta property=\"og:site_name\" content=\"9 St\u00e4dte in Niedersachsen\" \/>\n<meta property=\"article:modified_time\" content=\"2023-11-02T16:19:35+00:00\" \/>\n<meta property=\"og:image\" content=\"https:\/\/9staedte.de\/wp-content\/uploads\/2023\/02\/Kloster-Riddagshausen-c-Braunschweig-Stadtmarketing-Gerald-Grote.jpg\" \/>\n\t<meta property=\"og:image:width\" content=\"1020\" \/>\n\t<meta property=\"og:image:height\" content=\"560\" \/>\n\t<meta property=\"og:image:type\" content=\"image\/jpeg\" \/>\n<meta name=\"twitter:card\" content=\"summary_large_image\" \/>\n<meta name=\"twitter:label1\" content=\"Dur\u00e9e de lecture estim\u00e9e\" \/>\n\t<meta name=\"twitter:data1\" content=\"1 minute\" \/>\n<script type=\"application\/ld+json\" class=\"yoast-schema-graph\">{\"@context\":\"https:\/\/schema.org\",\"@graph\":[{\"@type\":\"WebPage\",\"@id\":\"https:\/\/9staedte.de\/fr\/braunschweig-la-ville-du-lion\/informations-sur-le-guide-et-les-excursions-a-braunschweig\/\",\"url\":\"https:\/\/9staedte.de\/fr\/braunschweig-la-ville-du-lion\/informations-sur-le-guide-et-les-excursions-a-braunschweig\/\",\"name\":\"Informations sur le guide et les excursions \u00e0 Braunschweig - 9 St\u00e4dte in Niedersachsen\",\"isPartOf\":{\"@id\":\"https:\/\/9staedte.de\/fr\/#website\"},\"primaryImageOfPage\":{\"@id\":\"https:\/\/9staedte.de\/fr\/braunschweig-la-ville-du-lion\/informations-sur-le-guide-et-les-excursions-a-braunschweig\/#primaryimage\"},\"image\":{\"@id\":\"https:\/\/9staedte.de\/fr\/braunschweig-la-ville-du-lion\/informations-sur-le-guide-et-les-excursions-a-braunschweig\/#primaryimage\"},\"thumbnailUrl\":\"https:\/\/9staedte.de\/wp-content\/uploads\/2023\/02\/Kloster-Riddagshausen-c-Braunschweig-Stadtmarketing-Gerald-Grote.jpg\",\"datePublished\":\"2023-11-02T08:49:10+00:00\",\"dateModified\":\"2023-11-02T16:19:35+00:00\",\"breadcrumb\":{\"@id\":\"https:\/\/9staedte.de\/fr\/braunschweig-la-ville-du-lion\/informations-sur-le-guide-et-les-excursions-a-braunschweig\/#breadcrumb\"},\"inLanguage\":\"fr-FR\",\"potentialAction\":[{\"@type\":\"ReadAction\",\"target\":[\"https:\/\/9staedte.de\/fr\/braunschweig-la-ville-du-lion\/informations-sur-le-guide-et-les-excursions-a-braunschweig\/\"]}]},{\"@type\":\"ImageObject\",\"inLanguage\":\"fr-FR\",\"@id\":\"https:\/\/9staedte.de\/fr\/braunschweig-la-ville-du-lion\/informations-sur-le-guide-et-les-excursions-a-braunschweig\/#primaryimage\",\"url\":\"https:\/\/9staedte.de\/wp-content\/uploads\/2023\/02\/Kloster-Riddagshausen-c-Braunschweig-Stadtmarketing-Gerald-Grote.jpg\",\"contentUrl\":\"https:\/\/9staedte.de\/wp-content\/uploads\/2023\/02\/Kloster-Riddagshausen-c-Braunschweig-Stadtmarketing-Gerald-Grote.jpg\",\"width\":1020,\"height\":560,\"caption\":\"Kloster Riddagshausen c) Braunschweig Stadtmarketing Gerald Grote\"},{\"@type\":\"BreadcrumbList\",\"@id\":\"https:\/\/9staedte.de\/fr\/braunschweig-la-ville-du-lion\/informations-sur-le-guide-et-les-excursions-a-braunschweig\/#breadcrumb\",\"itemListElement\":[{\"@type\":\"ListItem\",\"position\":1,\"name\":\"Startseite\",\"item\":\"https:\/\/9staedte.de\/fr\/\"},{\"@type\":\"ListItem\",\"position\":2,\"name\":\"Braunschweig &#8211; City of Lions\",\"item\":\"https:\/\/9staedte.de\/fr\/braunschweig-la-ville-du-lion\/\"},{\"@type\":\"ListItem\",\"position\":3,\"name\":\"Informations sur le guide et les excursions \u00e0 Braunschweig\"}]},{\"@type\":\"WebSite\",\"@id\":\"https:\/\/9staedte.de\/fr\/#website\",\"url\":\"https:\/\/9staedte.de\/fr\/\",\"name\":\"9 St\u00e4dte in Niedersachsen\",\"description\":\"\",\"publisher\":{\"@id\":\"https:\/\/9staedte.de\/fr\/#organization\"},\"potentialAction\":[{\"@type\":\"SearchAction\",\"target\":{\"@type\":\"EntryPoint\",\"urlTemplate\":\"https:\/\/9staedte.de\/fr\/?s={search_term_string}\"},\"query-input\":{\"@type\":\"PropertyValueSpecification\",\"valueRequired\":true,\"valueName\":\"search_term_string\"}}],\"inLanguage\":\"fr-FR\"},{\"@type\":\"Organization\",\"@id\":\"https:\/\/9staedte.de\/fr\/#organization\",\"name\":\"9 St\u00e4dte in Niedersachsen\",\"url\":\"https:\/\/9staedte.de\/fr\/\",\"logo\":{\"@type\":\"ImageObject\",\"inLanguage\":\"fr-FR\",\"@id\":\"https:\/\/9staedte.de\/fr\/#\/schema\/logo\/image\/\",\"url\":\"https:\/\/9staedte.de\/wp-content\/uploads\/2025\/01\/9-neg-deutsch-2-1.png\",\"contentUrl\":\"https:\/\/9staedte.de\/wp-content\/uploads\/2025\/01\/9-neg-deutsch-2-1.png\",\"width\":190,\"height\":114,\"caption\":\"9 St\u00e4dte in Niedersachsen\"},\"image\":{\"@id\":\"https:\/\/9staedte.de\/fr\/#\/schema\/logo\/image\/\"}}]}<\/script>\n<!-- \/ Yoast SEO plugin. -->","yoast_head_json":{"title":"Informations sur le guide et les excursions \u00e0 Braunschweig - 9 St\u00e4dte in Niedersachsen","robots":{"index":"index","follow":"follow","max-snippet":"max-snippet:-1","max-image-preview":"max-image-preview:large","max-video-preview":"max-video-preview:-1"},"canonical":"https:\/\/9staedte.de\/fr\/braunschweig-la-ville-du-lion\/informations-sur-le-guide-et-les-excursions-a-braunschweig\/","og_locale":"fr_FR","og_type":"article","og_title":"Informations sur le guide et les excursions \u00e0 Braunschweig - 9 St\u00e4dte in Niedersachsen","og_description":"Pour votre voyage en groupe Circuits dans la r\u00e9gion \u00c0 pied, \u00e0 v\u00e9lo ou m\u00eame en bus, Braunschweig et ses environs offrent une multitude de possibilit\u00e9s pour organiser des programmes d&rsquo;excursion. Les visites sont organis\u00e9es individuellement pour les groupes. Les possibilit\u00e9s de visite, les frais de visite guid\u00e9e et les entr\u00e9es sont calcul\u00e9s sur la [&hellip;]","og_url":"https:\/\/9staedte.de\/fr\/braunschweig-la-ville-du-lion\/informations-sur-le-guide-et-les-excursions-a-braunschweig\/","og_site_name":"9 St\u00e4dte in Niedersachsen","article_modified_time":"2023-11-02T16:19:35+00:00","og_image":[{"width":1020,"height":560,"url":"https:\/\/9staedte.de\/wp-content\/uploads\/2023\/02\/Kloster-Riddagshausen-c-Braunschweig-Stadtmarketing-Gerald-Grote.jpg","type":"image\/jpeg"}],"twitter_card":"summary_large_image","twitter_misc":{"Dur\u00e9e de lecture estim\u00e9e":"1 minute"},"schema":{"@context":"https:\/\/schema.org","@graph":[{"@type":"WebPage","@id":"https:\/\/9staedte.de\/fr\/braunschweig-la-ville-du-lion\/informations-sur-le-guide-et-les-excursions-a-braunschweig\/","url":"https:\/\/9staedte.de\/fr\/braunschweig-la-ville-du-lion\/informations-sur-le-guide-et-les-excursions-a-braunschweig\/","name":"Informations sur le guide et les excursions \u00e0 Braunschweig - 9 St\u00e4dte in Niedersachsen","isPartOf":{"@id":"https:\/\/9staedte.de\/fr\/#website"},"primaryImageOfPage":{"@id":"https:\/\/9staedte.de\/fr\/braunschweig-la-ville-du-lion\/informations-sur-le-guide-et-les-excursions-a-braunschweig\/#primaryimage"},"image":{"@id":"https:\/\/9staedte.de\/fr\/braunschweig-la-ville-du-lion\/informations-sur-le-guide-et-les-excursions-a-braunschweig\/#primaryimage"},"thumbnailUrl":"https:\/\/9staedte.de\/wp-content\/uploads\/2023\/02\/Kloster-Riddagshausen-c-Braunschweig-Stadtmarketing-Gerald-Grote.jpg","datePublished":"2023-11-02T08:49:10+00:00","dateModified":"2023-11-02T16:19:35+00:00","breadcrumb":{"@id":"https:\/\/9staedte.de\/fr\/braunschweig-la-ville-du-lion\/informations-sur-le-guide-et-les-excursions-a-braunschweig\/#breadcrumb"},"inLanguage":"fr-FR","potentialAction":[{"@type":"ReadAction","target":["https:\/\/9staedte.de\/fr\/braunschweig-la-ville-du-lion\/informations-sur-le-guide-et-les-excursions-a-braunschweig\/"]}]},{"@type":"ImageObject","inLanguage":"fr-FR","@id":"https:\/\/9staedte.de\/fr\/braunschweig-la-ville-du-lion\/informations-sur-le-guide-et-les-excursions-a-braunschweig\/#primaryimage","url":"https:\/\/9staedte.de\/wp-content\/uploads\/2023\/02\/Kloster-Riddagshausen-c-Braunschweig-Stadtmarketing-Gerald-Grote.jpg","contentUrl":"https:\/\/9staedte.de\/wp-content\/uploads\/2023\/02\/Kloster-Riddagshausen-c-Braunschweig-Stadtmarketing-Gerald-Grote.jpg","width":1020,"height":560,"caption":"Kloster Riddagshausen c) Braunschweig Stadtmarketing Gerald Grote"},{"@type":"BreadcrumbList","@id":"https:\/\/9staedte.de\/fr\/braunschweig-la-ville-du-lion\/informations-sur-le-guide-et-les-excursions-a-braunschweig\/#breadcrumb","itemListElement":[{"@type":"ListItem","position":1,"name":"Startseite","item":"https:\/\/9staedte.de\/fr\/"},{"@type":"ListItem","position":2,"name":"Braunschweig &#8211; City of Lions","item":"https:\/\/9staedte.de\/fr\/braunschweig-la-ville-du-lion\/"},{"@type":"ListItem","position":3,"name":"Informations sur le guide et les excursions \u00e0 Braunschweig"}]},{"@type":"WebSite","@id":"https:\/\/9staedte.de\/fr\/#website","url":"https:\/\/9staedte.de\/fr\/","name":"9 St\u00e4dte in Niedersachsen","description":"","publisher":{"@id":"https:\/\/9staedte.de\/fr\/#organization"},"potentialAction":[{"@type":"SearchAction","target":{"@type":"EntryPoint","urlTemplate":"https:\/\/9staedte.de\/fr\/?s={search_term_string}"},"query-input":{"@type":"PropertyValueSpecification","valueRequired":true,"valueName":"search_term_string"}}],"inLanguage":"fr-FR"},{"@type":"Organization","@id":"https:\/\/9staedte.de\/fr\/#organization","name":"9 St\u00e4dte in Niedersachsen","url":"https:\/\/9staedte.de\/fr\/","logo":{"@type":"ImageObject","inLanguage":"fr-FR","@id":"https:\/\/9staedte.de\/fr\/#\/schema\/logo\/image\/","url":"https:\/\/9staedte.de\/wp-content\/uploads\/2025\/01\/9-neg-deutsch-2-1.png","contentUrl":"https:\/\/9staedte.de\/wp-content\/uploads\/2025\/01\/9-neg-deutsch-2-1.png","width":190,"height":114,"caption":"9 St\u00e4dte in Niedersachsen"},"image":{"@id":"https:\/\/9staedte.de\/fr\/#\/schema\/logo\/image\/"}}]}},"_links":{"self":[{"href":"https:\/\/9staedte.de\/fr\/wp-json\/wp\/v2\/pages\/17469","targetHints":{"allow":["GET"]}}],"collection":[{"href":"https:\/\/9staedte.de\/fr\/wp-json\/wp\/v2\/pages"}],"about":[{"href":"https:\/\/9staedte.de\/fr\/wp-json\/wp\/v2\/types\/page"}],"author":[{"embeddable":true,"href":"https:\/\/9staedte.de\/fr\/wp-json\/wp\/v2\/users\/1"}],"replies":[{"embeddable":true,"href":"https:\/\/9staedte.de\/fr\/wp-json\/wp\/v2\/comments?post=17469"}],"version-history":[{"count":1,"href":"https:\/\/9staedte.de\/fr\/wp-json\/wp\/v2\/pages\/17469\/revisions"}],"predecessor-version":[{"id":19716,"href":"https:\/\/9staedte.de\/fr\/wp-json\/wp\/v2\/pages\/17469\/revisions\/19716"}],"up":[{"embeddable":true,"href":"https:\/\/9staedte.de\/fr\/wp-json\/wp\/v2\/pages\/17595"}],"wp:featuredmedia":[{"embeddable":true,"href":"https:\/\/9staedte.de\/fr\/wp-json\/wp\/v2\/media\/16200"}],"wp:attachment":[{"href":"https:\/\/9staedte.de\/fr\/wp-json\/wp\/v2\/media?parent=17469"}],"wp:term":[{"taxonomy":"category","embeddable":true,"href":"https:\/\/9staedte.de\/fr\/wp-json\/wp\/v2\/categories?post=17469"},{"taxonomy":"post_tag","embeddable":true,"href":"https:\/\/9staedte.de\/fr\/wp-json\/wp\/v2\/tags?post=17469"},{"taxonomy":"ncap_cities_tax","embeddable":true,"href":"https:\/\/9staedte.de\/fr\/wp-json\/wp\/v2\/ncap_cities_tax?post=17469"}],"curies":[{"name":"wp","href":"https:\/\/api.w.org\/{rel}","templated":true}]}}