{"id":17468,"date":"2023-11-02T09:49:10","date_gmt":"2023-11-02T08:49:10","guid":{"rendered":"https:\/\/9staedte.de\/braunschweig-decouverte-durable\/"},"modified":"2025-07-24T09:28:37","modified_gmt":"2025-07-24T07:28:37","slug":"braunschweig-decouverte-durable","status":"publish","type":"page","link":"https:\/\/9staedte.de\/fr\/braunschweig-la-ville-du-lion\/braunschweig-decouverte-durable\/","title":{"rendered":"Braunschweig &#8211; d\u00e9couverte durable"},"content":{"rendered":"\n<h2 class=\"wp-block-heading\">Ville commer\u00e7ante et culturelle anim\u00e9e<\/h2>\n\n<p>Depuis la fondation de la ville par Henri le Lion, Brunswick a \u00e9t\u00e9 marqu\u00e9e au fil des si\u00e8cles par les Guelfes et la Ligue hans\u00e9atique et convainc aujourd&rsquo;hui comme ville commerciale attrayante et ville culturelle vivante. D\u00e9couvrir Braunschweig de mani\u00e8re durable : Tout ce qui caract\u00e9rise une grande ville est accessible \u00e0 courte distance : un centre-ville charmant avec des places historiques, des magasins vari\u00e9s, des restaurants, des curiosit\u00e9s et des points forts en mati\u00e8re d&rsquo;\u00e9v\u00e9nements, tout comme le magnifique paysage de parcs au bord de la rivi\u00e8re Oker, qui baigne le centre-ville. Gr\u00e2ce aux bonnes liaisons avec le r\u00e9seau ferroviaire allemand, la ville du Lion est facilement accessible en train. Depuis la gare centrale, les visiteurs peuvent se rendre en peu de temps dans le centre-ville de Braunschweig, tout proche, en utilisant les transports en commun, leur propre v\u00e9lo ou \u00e0 pied.   <\/p>\n\n<p><\/p>\n\n<figure class=\"wp-block-image size-full is-resized\"><img loading=\"lazy\" decoding=\"async\" width=\"1019\" height=\"563\" src=\"https:\/\/9staedte.de\/wp-content\/smush-webp\/2023\/02\/Wochenmarkt-in-Braunschweig-c-Braunschweig-Stadtmarketing-Phillip-Ziebart.jpg.webp\" alt=\"Sur l'image, on peut voir un march&#xE9;. De nombreuses personnes font leurs achats sur les &#xE9;tals. Il y a des fruits, des l&#xE9;gumes et d'autres choses. Les &#xE9;tals ont des toits color&#xE9;s. En arri&#xE8;re-plan, on voit une &#xE9;glise avec deux tours. Le ciel est bleu avec des nuages blancs.     \" class=\"wp-image-3784\" style=\"width:497px;height:auto\" srcset=\"https:\/\/9staedte.de\/wp-content\/smush-webp\/2023\/02\/Wochenmarkt-in-Braunschweig-c-Braunschweig-Stadtmarketing-Phillip-Ziebart.jpg.webp 1019w, https:\/\/9staedte.de\/wp-content\/smush-webp\/2023\/02\/Wochenmarkt-in-Braunschweig-c-Braunschweig-Stadtmarketing-Phillip-Ziebart-300x166.jpg.webp 300w, https:\/\/9staedte.de\/wp-content\/smush-webp\/2023\/02\/Wochenmarkt-in-Braunschweig-c-Braunschweig-Stadtmarketing-Phillip-Ziebart-768x424.jpg.webp 768w\" sizes=\"auto, (max-width: 1019px) 100vw, 1019px\" \/><figcaption class=\"wp-element-caption\">March\u00e9 hebdomadaire sur le march\u00e9 de la vieille ville c) Braunschweig Stadtmarketing Phillip Ziebart<\/figcaption><\/figure>\n\n<h4 class=\"wp-block-heading\">D\u00e9couvrir Brunswick de mani\u00e8re durable :<br\/><br\/>9 conseils :<\/h4>\n\n<p>&#8211; Afin d&rsquo;inciter \u00e0 l&rsquo;utilisation de v\u00e9hicules \u00e9lectriques, la ville de Braunschweig a install\u00e9 suffisamment de bornes de recharge dans l&rsquo;espace urbain. De plus, vous pouvez vous garer avec votre voiture \u00e9lectrique jusqu&rsquo;\u00e0 trois heures gratuitement sur des places de stationnement publiques payantes dans la ville. <\/p>\n\n<p>&#8211; Les pistes cyclables et les sentiers p\u00e9destres du Ringgleise de Brunswick vous permettent de faire le tour de la ville du Lion et de la d\u00e9couvrir de mani\u00e8re d\u00e9tendue. L&rsquo;itin\u00e9raire vous fait passer par plusieurs installations de loisirs et offre une grande valeur r\u00e9cr\u00e9ative gr\u00e2ce \u00e0 ses tron\u00e7ons aux caract\u00e9ristiques diff\u00e9rentes. <\/p>\n\n<p>&#8211; Que ce soit dans l&rsquo;agr\u00e9able Caf\u00e9 L\u00fcttes \u00e0 la Alte Waage, dans le makery, un caf\u00e9 situ\u00e9 au c\u0153ur du pittoresque Magniviertel, ou dans l&rsquo;un des nombreux autres caf\u00e9s mignons du centre-ville, vous pourrez d\u00e9guster des sp\u00e9cialit\u00e9s de caf\u00e9, des g\u00e2teaux faits maison ou des snacks sal\u00e9s. Cerise sur le g\u00e2teau : tous les ingr\u00e9dients transform\u00e9s sont issus du commerce \u00e9quitable ou de la r\u00e9gion. <\/p>\n\n<p>&#8211; Savourer un caf\u00e9 \u00ab\u00a0to go\u00a0\u00bb en route, sans mauvaise conscience &#8211; c&rsquo;est ce que permet le syst\u00e8me de consigne r\u00e9utilisable RECUP. Faites remplir votre gobelet RECUP par l&rsquo;un des restaurateurs participant \u00e0 l&rsquo;action et rendez-le simplement \u00e0 n&rsquo;importe quel partenaire de l&rsquo;action apr\u00e8s utilisation. <\/p>\n\n<p>&#8211; Venez chiner chez Naturalou, Jojeco ou Naturladen des produits \u00e9cologiques et issus du commerce \u00e9quitable, comme des ustensiles de m\u00e9nage, des objets de d\u00e9coration, des bijoux, des v\u00eatements et toutes sortes d&rsquo;autres offres durables.<\/p>\n\n<p>&#8211; Tous les samedis, le march\u00e9 hebdomadaire sur le march\u00e9 historique de la vieille ville attire les visiteurs avec des produits frais de la r\u00e9gion. L&rsquo;offre de marchandises va des produits alimentaires r\u00e9gionaux tels que les fruits, les l\u00e9gumes, le fromage et la charcuterie au miel produit par les abeilles locales. <\/p>\n\n<p>&#8211; Si vous recherchez des produits de luxe issus du commerce \u00e9quitable ou de la production r\u00e9gionale, tels que de d\u00e9licieux chocolats et du caf\u00e9 aromatique, rendez-vous \u00e0 l&rsquo;office du tourisme, Kleine Burg 14, ou chez Contigo, une charmante boutique du centre-ville.<\/p>\n\n<p>&#8211; Une promenade d\u00e9tendue dans la r\u00e9serve naturelle de Riddagshausen ne permet pas seulement d&rsquo;observer les plantes et les oiseaux. Un troupeau de daims attend \u00e9galement votre visite dans l&rsquo;enclos forestier. Si vous le souhaitez, vous pouvez \u00e9galement participer \u00e0 la visite guid\u00e9e des rangers du centre de d\u00e9couverte de la nature Haus Entenfang et apprendre ainsi des d\u00e9tails passionnants sur la faune et la flore locales.  <\/p>\n\n<p>&#8211; De fin novembre \u00e0 fin d\u00e9cembre, le march\u00e9 de No\u00ebl de Braunschweig, riche en traditions, vous invite \u00e0 le visiter. Vous pourrez y d\u00e9guster une grande vari\u00e9t\u00e9 de plats et de boissons d\u00e9licieux, servis dans de la vaisselle durable jetable ou r\u00e9utilisable. Un \u00e9clairage LED \u00e0 faible consommation d&rsquo;\u00e9nergie et l&rsquo;utilisation d&rsquo;\u00e9lectricit\u00e9 100 % naturelle issue d&rsquo;une production renouvelable garantissent une ambiance festive sur le march\u00e9.  <\/p>\n","protected":false},"excerpt":{"rendered":"<p>Ville commer\u00e7ante et culturelle anim\u00e9e Depuis la fondation de la ville par Henri le Lion, Brunswick a \u00e9t\u00e9 marqu\u00e9e au fil des si\u00e8cles par les Guelfes et la Ligue hans\u00e9atique et convainc aujourd&rsquo;hui comme ville commerciale attrayante et ville culturelle vivante. D\u00e9couvrir Braunschweig de mani\u00e8re durable : Tout ce qui caract\u00e9rise une grande ville est [&hellip;]<\/p>\n","protected":false},"author":1,"featured_media":16499,"parent":17595,"menu_order":0,"comment_status":"closed","ping_status":"closed","template":"pagetemplates\/template-stadtthema.php","meta":{"_acf_changed":false,"footnotes":""},"categories":[],"tags":[],"ncap_cities_tax":[423,899],"class_list":["post-17468","page","type-page","status-publish","has-post-thumbnail","hentry","ncap_cities_tax-braunschweig-fr","ncap_cities_tax-naturerlebnisse-und-nachhaltigkeit-braunschweig-fr"],"acf":[],"yoast_head":"<!-- This site is optimized with the Yoast SEO plugin v26.8 - https:\/\/yoast.com\/product\/yoast-seo-wordpress\/ -->\n<title>Braunschweig - d\u00e9couverte durable - 9 St\u00e4dte in Niedersachsen<\/title>\n<meta name=\"robots\" content=\"index, follow, max-snippet:-1, max-image-preview:large, max-video-preview:-1\" \/>\n<link rel=\"canonical\" href=\"https:\/\/9staedte.de\/fr\/braunschweig-la-ville-du-lion\/braunschweig-decouverte-durable\/\" \/>\n<meta property=\"og:locale\" content=\"fr_FR\" \/>\n<meta property=\"og:type\" content=\"article\" \/>\n<meta property=\"og:title\" content=\"Braunschweig - d\u00e9couverte durable - 9 St\u00e4dte in Niedersachsen\" \/>\n<meta property=\"og:description\" content=\"Ville commer\u00e7ante et culturelle anim\u00e9e Depuis la fondation de la ville par Henri le Lion, Brunswick a \u00e9t\u00e9 marqu\u00e9e au fil des si\u00e8cles par les Guelfes et la Ligue hans\u00e9atique et convainc aujourd&rsquo;hui comme ville commerciale attrayante et ville culturelle vivante. D\u00e9couvrir Braunschweig de mani\u00e8re durable : Tout ce qui caract\u00e9rise une grande ville est [&hellip;]\" \/>\n<meta property=\"og:url\" content=\"https:\/\/9staedte.de\/fr\/braunschweig-la-ville-du-lion\/braunschweig-decouverte-durable\/\" \/>\n<meta property=\"og:site_name\" content=\"9 St\u00e4dte in Niedersachsen\" \/>\n<meta property=\"article:modified_time\" content=\"2025-07-24T07:28:37+00:00\" \/>\n<meta property=\"og:image\" content=\"https:\/\/9staedte.de\/wp-content\/uploads\/2023\/02\/Braunschweig_Buergerpark_Oker_Paddeln_Braunschweig-Stadtmarketing-GmbH_Daniel-Moeller-2.jpg\" \/>\n\t<meta property=\"og:image:width\" content=\"1020\" \/>\n\t<meta property=\"og:image:height\" content=\"553\" \/>\n\t<meta property=\"og:image:type\" content=\"image\/jpeg\" \/>\n<meta name=\"twitter:card\" content=\"summary_large_image\" \/>\n<meta name=\"twitter:label1\" content=\"Dur\u00e9e de lecture estim\u00e9e\" \/>\n\t<meta name=\"twitter:data1\" content=\"1 minute\" \/>\n<script type=\"application\/ld+json\" class=\"yoast-schema-graph\">{\"@context\":\"https:\/\/schema.org\",\"@graph\":[{\"@type\":\"WebPage\",\"@id\":\"https:\/\/9staedte.de\/fr\/braunschweig-la-ville-du-lion\/braunschweig-decouverte-durable\/\",\"url\":\"https:\/\/9staedte.de\/fr\/braunschweig-la-ville-du-lion\/braunschweig-decouverte-durable\/\",\"name\":\"Braunschweig - d\u00e9couverte durable - 9 St\u00e4dte in Niedersachsen\",\"isPartOf\":{\"@id\":\"https:\/\/9staedte.de\/fr\/#website\"},\"primaryImageOfPage\":{\"@id\":\"https:\/\/9staedte.de\/fr\/braunschweig-la-ville-du-lion\/braunschweig-decouverte-durable\/#primaryimage\"},\"image\":{\"@id\":\"https:\/\/9staedte.de\/fr\/braunschweig-la-ville-du-lion\/braunschweig-decouverte-durable\/#primaryimage\"},\"thumbnailUrl\":\"https:\/\/9staedte.de\/wp-content\/uploads\/2023\/02\/Braunschweig_Buergerpark_Oker_Paddeln_Braunschweig-Stadtmarketing-GmbH_Daniel-Moeller-2.jpg\",\"datePublished\":\"2023-11-02T08:49:10+00:00\",\"dateModified\":\"2025-07-24T07:28:37+00:00\",\"breadcrumb\":{\"@id\":\"https:\/\/9staedte.de\/fr\/braunschweig-la-ville-du-lion\/braunschweig-decouverte-durable\/#breadcrumb\"},\"inLanguage\":\"fr-FR\",\"potentialAction\":[{\"@type\":\"ReadAction\",\"target\":[\"https:\/\/9staedte.de\/fr\/braunschweig-la-ville-du-lion\/braunschweig-decouverte-durable\/\"]}]},{\"@type\":\"ImageObject\",\"inLanguage\":\"fr-FR\",\"@id\":\"https:\/\/9staedte.de\/fr\/braunschweig-la-ville-du-lion\/braunschweig-decouverte-durable\/#primaryimage\",\"url\":\"https:\/\/9staedte.de\/wp-content\/uploads\/2023\/02\/Braunschweig_Buergerpark_Oker_Paddeln_Braunschweig-Stadtmarketing-GmbH_Daniel-Moeller-2.jpg\",\"contentUrl\":\"https:\/\/9staedte.de\/wp-content\/uploads\/2023\/02\/Braunschweig_Buergerpark_Oker_Paddeln_Braunschweig-Stadtmarketing-GmbH_Daniel-Moeller-2.jpg\",\"width\":1020,\"height\":553,\"caption\":\"Braunschweig_B\u00fcrgerpark_Oker_Paddeln_Braunschweig Stadtmarketing GmbH_Daniel M\u00f6ller (2)\"},{\"@type\":\"BreadcrumbList\",\"@id\":\"https:\/\/9staedte.de\/fr\/braunschweig-la-ville-du-lion\/braunschweig-decouverte-durable\/#breadcrumb\",\"itemListElement\":[{\"@type\":\"ListItem\",\"position\":1,\"name\":\"Startseite\",\"item\":\"https:\/\/9staedte.de\/fr\/\"},{\"@type\":\"ListItem\",\"position\":2,\"name\":\"Braunschweig &#8211; City of Lions\",\"item\":\"https:\/\/9staedte.de\/fr\/braunschweig-la-ville-du-lion\/\"},{\"@type\":\"ListItem\",\"position\":3,\"name\":\"Braunschweig &#8211; d\u00e9couverte durable\"}]},{\"@type\":\"WebSite\",\"@id\":\"https:\/\/9staedte.de\/fr\/#website\",\"url\":\"https:\/\/9staedte.de\/fr\/\",\"name\":\"9 St\u00e4dte in Niedersachsen\",\"description\":\"\",\"publisher\":{\"@id\":\"https:\/\/9staedte.de\/fr\/#organization\"},\"potentialAction\":[{\"@type\":\"SearchAction\",\"target\":{\"@type\":\"EntryPoint\",\"urlTemplate\":\"https:\/\/9staedte.de\/fr\/?s={search_term_string}\"},\"query-input\":{\"@type\":\"PropertyValueSpecification\",\"valueRequired\":true,\"valueName\":\"search_term_string\"}}],\"inLanguage\":\"fr-FR\"},{\"@type\":\"Organization\",\"@id\":\"https:\/\/9staedte.de\/fr\/#organization\",\"name\":\"9 St\u00e4dte in Niedersachsen\",\"url\":\"https:\/\/9staedte.de\/fr\/\",\"logo\":{\"@type\":\"ImageObject\",\"inLanguage\":\"fr-FR\",\"@id\":\"https:\/\/9staedte.de\/fr\/#\/schema\/logo\/image\/\",\"url\":\"https:\/\/9staedte.de\/wp-content\/uploads\/2025\/01\/9-neg-deutsch-2-1.png\",\"contentUrl\":\"https:\/\/9staedte.de\/wp-content\/uploads\/2025\/01\/9-neg-deutsch-2-1.png\",\"width\":190,\"height\":114,\"caption\":\"9 St\u00e4dte in Niedersachsen\"},\"image\":{\"@id\":\"https:\/\/9staedte.de\/fr\/#\/schema\/logo\/image\/\"}}]}<\/script>\n<!-- \/ Yoast SEO plugin. -->","yoast_head_json":{"title":"Braunschweig - d\u00e9couverte durable - 9 St\u00e4dte in Niedersachsen","robots":{"index":"index","follow":"follow","max-snippet":"max-snippet:-1","max-image-preview":"max-image-preview:large","max-video-preview":"max-video-preview:-1"},"canonical":"https:\/\/9staedte.de\/fr\/braunschweig-la-ville-du-lion\/braunschweig-decouverte-durable\/","og_locale":"fr_FR","og_type":"article","og_title":"Braunschweig - d\u00e9couverte durable - 9 St\u00e4dte in Niedersachsen","og_description":"Ville commer\u00e7ante et culturelle anim\u00e9e Depuis la fondation de la ville par Henri le Lion, Brunswick a \u00e9t\u00e9 marqu\u00e9e au fil des si\u00e8cles par les Guelfes et la Ligue hans\u00e9atique et convainc aujourd&rsquo;hui comme ville commerciale attrayante et ville culturelle vivante. D\u00e9couvrir Braunschweig de mani\u00e8re durable : Tout ce qui caract\u00e9rise une grande ville est [&hellip;]","og_url":"https:\/\/9staedte.de\/fr\/braunschweig-la-ville-du-lion\/braunschweig-decouverte-durable\/","og_site_name":"9 St\u00e4dte in Niedersachsen","article_modified_time":"2025-07-24T07:28:37+00:00","og_image":[{"width":1020,"height":553,"url":"https:\/\/9staedte.de\/wp-content\/uploads\/2023\/02\/Braunschweig_Buergerpark_Oker_Paddeln_Braunschweig-Stadtmarketing-GmbH_Daniel-Moeller-2.jpg","type":"image\/jpeg"}],"twitter_card":"summary_large_image","twitter_misc":{"Dur\u00e9e de lecture estim\u00e9e":"1 minute"},"schema":{"@context":"https:\/\/schema.org","@graph":[{"@type":"WebPage","@id":"https:\/\/9staedte.de\/fr\/braunschweig-la-ville-du-lion\/braunschweig-decouverte-durable\/","url":"https:\/\/9staedte.de\/fr\/braunschweig-la-ville-du-lion\/braunschweig-decouverte-durable\/","name":"Braunschweig - d\u00e9couverte durable - 9 St\u00e4dte in Niedersachsen","isPartOf":{"@id":"https:\/\/9staedte.de\/fr\/#website"},"primaryImageOfPage":{"@id":"https:\/\/9staedte.de\/fr\/braunschweig-la-ville-du-lion\/braunschweig-decouverte-durable\/#primaryimage"},"image":{"@id":"https:\/\/9staedte.de\/fr\/braunschweig-la-ville-du-lion\/braunschweig-decouverte-durable\/#primaryimage"},"thumbnailUrl":"https:\/\/9staedte.de\/wp-content\/uploads\/2023\/02\/Braunschweig_Buergerpark_Oker_Paddeln_Braunschweig-Stadtmarketing-GmbH_Daniel-Moeller-2.jpg","datePublished":"2023-11-02T08:49:10+00:00","dateModified":"2025-07-24T07:28:37+00:00","breadcrumb":{"@id":"https:\/\/9staedte.de\/fr\/braunschweig-la-ville-du-lion\/braunschweig-decouverte-durable\/#breadcrumb"},"inLanguage":"fr-FR","potentialAction":[{"@type":"ReadAction","target":["https:\/\/9staedte.de\/fr\/braunschweig-la-ville-du-lion\/braunschweig-decouverte-durable\/"]}]},{"@type":"ImageObject","inLanguage":"fr-FR","@id":"https:\/\/9staedte.de\/fr\/braunschweig-la-ville-du-lion\/braunschweig-decouverte-durable\/#primaryimage","url":"https:\/\/9staedte.de\/wp-content\/uploads\/2023\/02\/Braunschweig_Buergerpark_Oker_Paddeln_Braunschweig-Stadtmarketing-GmbH_Daniel-Moeller-2.jpg","contentUrl":"https:\/\/9staedte.de\/wp-content\/uploads\/2023\/02\/Braunschweig_Buergerpark_Oker_Paddeln_Braunschweig-Stadtmarketing-GmbH_Daniel-Moeller-2.jpg","width":1020,"height":553,"caption":"Braunschweig_B\u00fcrgerpark_Oker_Paddeln_Braunschweig Stadtmarketing GmbH_Daniel M\u00f6ller (2)"},{"@type":"BreadcrumbList","@id":"https:\/\/9staedte.de\/fr\/braunschweig-la-ville-du-lion\/braunschweig-decouverte-durable\/#breadcrumb","itemListElement":[{"@type":"ListItem","position":1,"name":"Startseite","item":"https:\/\/9staedte.de\/fr\/"},{"@type":"ListItem","position":2,"name":"Braunschweig &#8211; City of Lions","item":"https:\/\/9staedte.de\/fr\/braunschweig-la-ville-du-lion\/"},{"@type":"ListItem","position":3,"name":"Braunschweig &#8211; d\u00e9couverte durable"}]},{"@type":"WebSite","@id":"https:\/\/9staedte.de\/fr\/#website","url":"https:\/\/9staedte.de\/fr\/","name":"9 St\u00e4dte in Niedersachsen","description":"","publisher":{"@id":"https:\/\/9staedte.de\/fr\/#organization"},"potentialAction":[{"@type":"SearchAction","target":{"@type":"EntryPoint","urlTemplate":"https:\/\/9staedte.de\/fr\/?s={search_term_string}"},"query-input":{"@type":"PropertyValueSpecification","valueRequired":true,"valueName":"search_term_string"}}],"inLanguage":"fr-FR"},{"@type":"Organization","@id":"https:\/\/9staedte.de\/fr\/#organization","name":"9 St\u00e4dte in Niedersachsen","url":"https:\/\/9staedte.de\/fr\/","logo":{"@type":"ImageObject","inLanguage":"fr-FR","@id":"https:\/\/9staedte.de\/fr\/#\/schema\/logo\/image\/","url":"https:\/\/9staedte.de\/wp-content\/uploads\/2025\/01\/9-neg-deutsch-2-1.png","contentUrl":"https:\/\/9staedte.de\/wp-content\/uploads\/2025\/01\/9-neg-deutsch-2-1.png","width":190,"height":114,"caption":"9 St\u00e4dte in Niedersachsen"},"image":{"@id":"https:\/\/9staedte.de\/fr\/#\/schema\/logo\/image\/"}}]}},"_links":{"self":[{"href":"https:\/\/9staedte.de\/fr\/wp-json\/wp\/v2\/pages\/17468","targetHints":{"allow":["GET"]}}],"collection":[{"href":"https:\/\/9staedte.de\/fr\/wp-json\/wp\/v2\/pages"}],"about":[{"href":"https:\/\/9staedte.de\/fr\/wp-json\/wp\/v2\/types\/page"}],"author":[{"embeddable":true,"href":"https:\/\/9staedte.de\/fr\/wp-json\/wp\/v2\/users\/1"}],"replies":[{"embeddable":true,"href":"https:\/\/9staedte.de\/fr\/wp-json\/wp\/v2\/comments?post=17468"}],"version-history":[{"count":2,"href":"https:\/\/9staedte.de\/fr\/wp-json\/wp\/v2\/pages\/17468\/revisions"}],"predecessor-version":[{"id":26753,"href":"https:\/\/9staedte.de\/fr\/wp-json\/wp\/v2\/pages\/17468\/revisions\/26753"}],"up":[{"embeddable":true,"href":"https:\/\/9staedte.de\/fr\/wp-json\/wp\/v2\/pages\/17595"}],"wp:featuredmedia":[{"embeddable":true,"href":"https:\/\/9staedte.de\/fr\/wp-json\/wp\/v2\/media\/16499"}],"wp:attachment":[{"href":"https:\/\/9staedte.de\/fr\/wp-json\/wp\/v2\/media?parent=17468"}],"wp:term":[{"taxonomy":"category","embeddable":true,"href":"https:\/\/9staedte.de\/fr\/wp-json\/wp\/v2\/categories?post=17468"},{"taxonomy":"post_tag","embeddable":true,"href":"https:\/\/9staedte.de\/fr\/wp-json\/wp\/v2\/tags?post=17468"},{"taxonomy":"ncap_cities_tax","embeddable":true,"href":"https:\/\/9staedte.de\/fr\/wp-json\/wp\/v2\/ncap_cities_tax?post=17468"}],"curies":[{"name":"wp","href":"https:\/\/api.w.org\/{rel}","templated":true}]}}