{"id":17462,"date":"2023-11-02T09:48:45","date_gmt":"2023-11-02T08:48:45","guid":{"rendered":"https:\/\/9staedte.de\/marche-de-noel-a-celle\/"},"modified":"2026-03-23T11:48:07","modified_gmt":"2026-03-23T10:48:07","slug":"marche-de-noel-a-celle","status":"publish","type":"page","link":"https:\/\/9staedte.de\/fr\/celle-une-charmante-ville-residentielle\/marche-de-noel-a-celle\/","title":{"rendered":"March\u00e9 de No\u00ebl \u00e0 Celle"},"content":{"rendered":"\n<h2 class=\"wp-block-heading\">La magie de No\u00ebl et ses colombages<\/h2>\n\n<p><strong>Lorsque, fin novembre, l&rsquo;odeur des amandes grill\u00e9es, des cr\u00eapes et du vin chaud flotte dans l&rsquo;air au-dessus de la vieille ville de Celle, illumin\u00e9e pour l&rsquo;occasion, le moment est enfin venu d&rsquo;ouvrir \u00e0 nouveau les portes du march\u00e9 de No\u00ebl de Celle !<\/strong><\/p>\n\n<p>Se promener tranquillement sur le march\u00e9 de No\u00ebl idyllique, \u00e0 la recherche de petits cadeaux de No\u00ebl ou de nouvelles boules de No\u00ebl, n&rsquo;attise pas seulement l&rsquo;attente de la f\u00eate, mais permet aux visiteurs de ralentir le rythme. Un vin chaud \u00e0 la main, dans les ruelles et sur les places de la vieille ville, on se plonge dans le jeu de lumi\u00e8res chaleureux des fa\u00e7ades historiques \u00e0 colombages et on se r\u00e9jouit des yeux brillants des enfants &#8211; c&rsquo;est ainsi que l&rsquo;on s&rsquo;arr\u00eate \u00e0 Celle pour c\u00e9l\u00e9brer la belle saison hivernale. <\/p>\n\n<p>Comme si cela ne suffisait pas, des actions festives et des concerts apportent encore plus de moments forts de l&rsquo;Avent. Attendue avec impatience par les petits et les grands, la grande parade lumineuse aura lieu cette ann\u00e9e encore. Le premier week-end de l&rsquo;Avent, des lumi\u00e8res magiques de No\u00ebl enchanteront tout le centre-ville. Les \u00e9v\u00e9nements musicaux de l&rsquo;Avent organis\u00e9s dans l&rsquo;\u00e9glise Sainte-Marie de la ville sont \u00e9galement tr\u00e8s appr\u00e9ci\u00e9s. Le No\u00ebl baroque au ch\u00e2teau de Celle, en bordure de la vieille ville, fait \u00e9galement partie des temps forts de l&rsquo;hiver. Une guide en costume baroque et festif emm\u00e8ne les visiteurs dans une promenade de No\u00ebl \u00e0 travers les magnifiques murs.     <\/p>\n\n<p>R\u00e9jouissez-vous d&rsquo;un programme haut en couleurs avec des tours de man\u00e8ge, de la musique live et la visite du P\u00e8re No\u00ebl en personne.<\/p>\n\n<p>Venez passer un No\u00ebl inoubliable \u00e0 Celle !<\/p>\n\n<p><a href=\"https:\/\/www.celle.de\/Kultur\/Veranstaltungen\/Celler-Weihnachtsmarkt\/\" target=\"_blank\" rel=\"noreferrer noopener\">Plus d&rsquo;informations<\/a><\/p>\n\n<p><\/p>\n\n\n<div class=\"banner-wrapper\">\n  <div class=\"banner-inner \">\n      <div class=\"img-container\">\n      <div class=\"img-wrapper\">\n        <img decoding=\"async\" src=\"https:\/\/9staedte.de\/wp-content\/smush-webp\/2024\/03\/Weihnachtsmarkt-Celle-Stechbahn_CC0.jpg.webp\" alt=\"La photo montre le march\u00e9 de No\u00ebl \u00e0 Celle. Les maisons \u00e0 colombages sont joliment \u00e9clair\u00e9es. Beaucoup de gens marchent sur le march\u00e9. Il y a des stands avec de la nourriture, des boissons et des cadeaux. Un grand sapin de No\u00ebl est en arri\u00e8re-plan.\" \/>\n                  <div class=\"thumbnail-label\">\n            <span>Weihnachtsmarkt Celle Stechbahn_CC0<\/span>\n          <\/div>\n              <\/div>\n    <\/div>\n        <div class=\"text-container\">\n      <div class=\"content\">\n        <p>&nbsp;<\/p>\n<p><strong>Conseils pour visiter le march\u00e9 de No\u00ebl de Celle<\/strong><\/p>\n<p>Diff\u00e9rents stands dans la vieille ville font de la ville r\u00e9sidentielle de Celle la ville de No\u00ebl de Celle pendant quatre semaines.<\/p>\n<ul>\n<li>D\u00e9fil\u00e9 de lumi\u00e8res les 1er et 3e samedis de l&rsquo;Avent<\/li>\n<li>Balan\u00e7oire russe sur le Grand Plan<\/li>\n<li>Pyramide de No\u00ebl de 14 m\u00e8tres de haut sur la place Robert Meyer<\/li>\n<li>Un sapin de No\u00ebl de 25 m\u00e8tres de haut sur la piste de step<\/li>\n<li>V\u00e9ritable forgeron<\/li>\n<li>Train et carrousel pour enfants<\/li>\n<\/ul>\n      <\/div>\n    <\/div>\n    <\/div>\n<\/div>\n\n\n<p class=\"h3\"><strong>March\u00e9 de No\u00ebl \u00e0 Celle<\/strong><\/p>\n\n <div class=\"brlbs-cmpnt-container brlbs-cmpnt-content-blocker brlbs-cmpnt-with-individual-styles\" data-borlabs-cookie-content-blocker-id=\"google-maps\" data-borlabs-cookie-content=\"PGlmcmFtZSBzcmM9Imh0dHBzOi8vd3d3Lmdvb2dsZS5jb20vbWFwcy9lbWJlZD9wYj0hMW0xOCExbTEyITFtMyExZDExNDMuMDU5NDY0NDI4MjYzMyEyZDEwLjA3OTk5MDEzNjc4MzAwMSEzZDUyLjYyNDM5NTQwMjkyOTA0ITJtMyExZjAhMmYwITNmMCEzbTIhMWkxMDI0ITJpNzY4ITRmMTMuMSEzbTMhMW0yITFzMHg0N2IwMjMyYzBhMmYyNWFmJTNBMHgzOGIxMTMxNjViMmNkOTQxITJzQ2VsbGUlMjBBbHRzdGFkdCE1ZTAhM20yITFzZGUhMnNkZSE0djE2OTIxODQyMzM4MTYhNW0yITFzZGUhMnNkZSIgd2lkdGg9IjYwMCIgaGVpZ2h0PSI0NTAiIHN0eWxlPSJib3JkZXI6MDsiIGFsbG93ZnVsbHNjcmVlbj0iIiBsb2FkaW5nPSJsYXp5IiByZWZlcnJlcnBvbGljeT0ibm8tcmVmZXJyZXItd2hlbi1kb3duZ3JhZGUiPjwvaWZyYW1lPg==\"><div class=\"brlbs-cmpnt-cb-preset-b brlbs-cmpnt-cb-google-maps\"> <div class=\"brlbs-cmpnt-cb-thumbnail\" style=\"background-image: url('https:\/\/9staedte.de\/wp-content\/uploads\/borlabs-cookie\/1\/brlbs-cb-google-maps-main.png')\"><\/div> <div class=\"brlbs-cmpnt-cb-main\"> <div class=\"brlbs-cmpnt-cb-content\"> <p class=\"brlbs-cmpnt-cb-description\">Vous \u00eates actuellement en train de consulter le contenu d&rsquo;un espace r\u00e9serv\u00e9 de <strong>Google Maps<\/strong>. Pour acc\u00e9der au contenu r\u00e9el, cliquez sur le bouton ci-dessous. Veuillez noter que ce faisant, des donn\u00e9es seront partag\u00e9es avec des providers tiers.<\/p> <a class=\"brlbs-cmpnt-cb-provider-toggle\" href=\"#\" data-borlabs-cookie-show-provider-information role=\"button\">Plus d&rsquo;informations<\/a> <\/div> <div class=\"brlbs-cmpnt-cb-buttons\"> <a class=\"brlbs-cmpnt-cb-btn\" href=\"#\" data-borlabs-cookie-unblock role=\"button\">D\u00e9bloquer le contenu<\/a> <a class=\"brlbs-cmpnt-cb-btn\" href=\"#\" data-borlabs-cookie-accept-service role=\"button\" style=\"display: inherit\">Accepter le service requis et d\u00e9bloquer le contenu<\/a> <\/div> <\/div> <\/div><\/div>\n\n<div style=\"height:36px\" aria-hidden=\"true\" class=\"wp-block-spacer\"><\/div>\n","protected":false},"excerpt":{"rendered":"<p>La magie de No\u00ebl et ses colombages Lorsque, fin novembre, l&rsquo;odeur des amandes grill\u00e9es, des cr\u00eapes et du vin chaud flotte dans l&rsquo;air au-dessus de la vieille ville de Celle, illumin\u00e9e pour l&rsquo;occasion, le moment est enfin venu d&rsquo;ouvrir \u00e0 nouveau les portes du march\u00e9 de No\u00ebl de Celle ! Se promener tranquillement sur le [&hellip;]<\/p>\n","protected":false},"author":1,"featured_media":24546,"parent":18079,"menu_order":0,"comment_status":"closed","ping_status":"closed","template":"pagetemplates\/template-stadtthema.php","meta":{"_acf_changed":false,"footnotes":""},"categories":[],"tags":[],"ncap_cities_tax":[429,501],"class_list":["post-17462","page","type-page","status-publish","has-post-thumbnail","hentry","ncap_cities_tax-celle-fr","ncap_cities_tax-weihnachtsmarkte-celle-fr"],"acf":[],"yoast_head":"<!-- This site is optimized with the Yoast SEO plugin v26.8 - https:\/\/yoast.com\/product\/yoast-seo-wordpress\/ -->\n<title>March\u00e9 de No\u00ebl \u00e0 Celle - 9 St\u00e4dte in Niedersachsen<\/title>\n<meta name=\"description\" content=\"March\u00e9 de No\u00ebl de Celle : L&#039;ambiance de No\u00ebl et la magie des colombages. Des lumi\u00e8res scintillantes, des stands d\u00e9cor\u00e9s dans une ambiance chaleureuse dans la vieille ville de Celle.\" \/>\n<meta name=\"robots\" content=\"index, follow, max-snippet:-1, max-image-preview:large, max-video-preview:-1\" \/>\n<link rel=\"canonical\" href=\"https:\/\/9staedte.de\/fr\/celle-une-charmante-ville-residentielle\/marche-de-noel-a-celle\/\" \/>\n<meta property=\"og:locale\" content=\"fr_FR\" \/>\n<meta property=\"og:type\" content=\"article\" \/>\n<meta property=\"og:title\" content=\"March\u00e9 de No\u00ebl \u00e0 Celle - 9 St\u00e4dte in Niedersachsen\" \/>\n<meta property=\"og:description\" content=\"March\u00e9 de No\u00ebl de Celle : L&#039;ambiance de No\u00ebl et la magie des colombages. Des lumi\u00e8res scintillantes, des stands d\u00e9cor\u00e9s dans une ambiance chaleureuse dans la vieille ville de Celle.\" \/>\n<meta property=\"og:url\" content=\"https:\/\/9staedte.de\/fr\/celle-une-charmante-ville-residentielle\/marche-de-noel-a-celle\/\" \/>\n<meta property=\"og:site_name\" content=\"9 St\u00e4dte in Niedersachsen\" \/>\n<meta property=\"article:modified_time\" content=\"2026-03-23T10:48:07+00:00\" \/>\n<meta property=\"og:image\" content=\"https:\/\/9staedte.de\/wp-content\/uploads\/2025\/02\/Celle-Christmas-Market-Grosser-Plan-cc0.jpg\" \/>\n\t<meta property=\"og:image:width\" content=\"1020\" \/>\n\t<meta property=\"og:image:height\" content=\"559\" \/>\n\t<meta property=\"og:image:type\" content=\"image\/jpeg\" \/>\n<meta name=\"twitter:card\" content=\"summary_large_image\" \/>\n<meta name=\"twitter:label1\" content=\"Dur\u00e9e de lecture estim\u00e9e\" \/>\n\t<meta name=\"twitter:data1\" content=\"2 minutes\" \/>\n<script type=\"application\/ld+json\" class=\"yoast-schema-graph\">{\"@context\":\"https:\/\/schema.org\",\"@graph\":[{\"@type\":\"WebPage\",\"@id\":\"https:\/\/9staedte.de\/fr\/celle-une-charmante-ville-residentielle\/marche-de-noel-a-celle\/\",\"url\":\"https:\/\/9staedte.de\/fr\/celle-une-charmante-ville-residentielle\/marche-de-noel-a-celle\/\",\"name\":\"March\u00e9 de No\u00ebl \u00e0 Celle - 9 St\u00e4dte in Niedersachsen\",\"isPartOf\":{\"@id\":\"https:\/\/9staedte.de\/fr\/#website\"},\"primaryImageOfPage\":{\"@id\":\"https:\/\/9staedte.de\/fr\/celle-une-charmante-ville-residentielle\/marche-de-noel-a-celle\/#primaryimage\"},\"image\":{\"@id\":\"https:\/\/9staedte.de\/fr\/celle-une-charmante-ville-residentielle\/marche-de-noel-a-celle\/#primaryimage\"},\"thumbnailUrl\":\"https:\/\/9staedte.de\/wp-content\/uploads\/2025\/02\/Celle-Christmas-Market-Grosser-Plan-cc0.jpg\",\"datePublished\":\"2023-11-02T08:48:45+00:00\",\"dateModified\":\"2026-03-23T10:48:07+00:00\",\"description\":\"March\u00e9 de No\u00ebl de Celle : L'ambiance de No\u00ebl et la magie des colombages. Des lumi\u00e8res scintillantes, des stands d\u00e9cor\u00e9s dans une ambiance chaleureuse dans la vieille ville de Celle.\",\"breadcrumb\":{\"@id\":\"https:\/\/9staedte.de\/fr\/celle-une-charmante-ville-residentielle\/marche-de-noel-a-celle\/#breadcrumb\"},\"inLanguage\":\"fr-FR\",\"potentialAction\":[{\"@type\":\"ReadAction\",\"target\":[\"https:\/\/9staedte.de\/fr\/celle-une-charmante-ville-residentielle\/marche-de-noel-a-celle\/\"]}]},{\"@type\":\"ImageObject\",\"inLanguage\":\"fr-FR\",\"@id\":\"https:\/\/9staedte.de\/fr\/celle-une-charmante-ville-residentielle\/marche-de-noel-a-celle\/#primaryimage\",\"url\":\"https:\/\/9staedte.de\/wp-content\/uploads\/2025\/02\/Celle-Christmas-Market-Grosser-Plan-cc0.jpg\",\"contentUrl\":\"https:\/\/9staedte.de\/wp-content\/uploads\/2025\/02\/Celle-Christmas-Market-Grosser-Plan-cc0.jpg\",\"width\":1020,\"height\":559,\"caption\":\"Celle Christmas Market, Gro\u00dfer Plan CC0\"},{\"@type\":\"BreadcrumbList\",\"@id\":\"https:\/\/9staedte.de\/fr\/celle-une-charmante-ville-residentielle\/marche-de-noel-a-celle\/#breadcrumb\",\"itemListElement\":[{\"@type\":\"ListItem\",\"position\":1,\"name\":\"Startseite\",\"item\":\"https:\/\/9staedte.de\/fr\/\"},{\"@type\":\"ListItem\",\"position\":2,\"name\":\"Celle &#8211; une charmante ville r\u00e9sidentielle\",\"item\":\"https:\/\/9staedte.de\/fr\/celle-une-charmante-ville-residentielle\/\"},{\"@type\":\"ListItem\",\"position\":3,\"name\":\"March\u00e9 de No\u00ebl \u00e0 Celle\"}]},{\"@type\":\"WebSite\",\"@id\":\"https:\/\/9staedte.de\/fr\/#website\",\"url\":\"https:\/\/9staedte.de\/fr\/\",\"name\":\"9 St\u00e4dte in Niedersachsen\",\"description\":\"\",\"publisher\":{\"@id\":\"https:\/\/9staedte.de\/fr\/#organization\"},\"potentialAction\":[{\"@type\":\"SearchAction\",\"target\":{\"@type\":\"EntryPoint\",\"urlTemplate\":\"https:\/\/9staedte.de\/fr\/?s={search_term_string}\"},\"query-input\":{\"@type\":\"PropertyValueSpecification\",\"valueRequired\":true,\"valueName\":\"search_term_string\"}}],\"inLanguage\":\"fr-FR\"},{\"@type\":\"Organization\",\"@id\":\"https:\/\/9staedte.de\/fr\/#organization\",\"name\":\"9 St\u00e4dte in Niedersachsen\",\"url\":\"https:\/\/9staedte.de\/fr\/\",\"logo\":{\"@type\":\"ImageObject\",\"inLanguage\":\"fr-FR\",\"@id\":\"https:\/\/9staedte.de\/fr\/#\/schema\/logo\/image\/\",\"url\":\"https:\/\/9staedte.de\/wp-content\/uploads\/2025\/01\/9-neg-deutsch-2-1.png\",\"contentUrl\":\"https:\/\/9staedte.de\/wp-content\/uploads\/2025\/01\/9-neg-deutsch-2-1.png\",\"width\":190,\"height\":114,\"caption\":\"9 St\u00e4dte in Niedersachsen\"},\"image\":{\"@id\":\"https:\/\/9staedte.de\/fr\/#\/schema\/logo\/image\/\"}}]}<\/script>\n<!-- \/ Yoast SEO plugin. -->","yoast_head_json":{"title":"March\u00e9 de No\u00ebl \u00e0 Celle - 9 St\u00e4dte in Niedersachsen","description":"March\u00e9 de No\u00ebl de Celle : L'ambiance de No\u00ebl et la magie des colombages. Des lumi\u00e8res scintillantes, des stands d\u00e9cor\u00e9s dans une ambiance chaleureuse dans la vieille ville de Celle.","robots":{"index":"index","follow":"follow","max-snippet":"max-snippet:-1","max-image-preview":"max-image-preview:large","max-video-preview":"max-video-preview:-1"},"canonical":"https:\/\/9staedte.de\/fr\/celle-une-charmante-ville-residentielle\/marche-de-noel-a-celle\/","og_locale":"fr_FR","og_type":"article","og_title":"March\u00e9 de No\u00ebl \u00e0 Celle - 9 St\u00e4dte in Niedersachsen","og_description":"March\u00e9 de No\u00ebl de Celle : L'ambiance de No\u00ebl et la magie des colombages. Des lumi\u00e8res scintillantes, des stands d\u00e9cor\u00e9s dans une ambiance chaleureuse dans la vieille ville de Celle.","og_url":"https:\/\/9staedte.de\/fr\/celle-une-charmante-ville-residentielle\/marche-de-noel-a-celle\/","og_site_name":"9 St\u00e4dte in Niedersachsen","article_modified_time":"2026-03-23T10:48:07+00:00","og_image":[{"width":1020,"height":559,"url":"https:\/\/9staedte.de\/wp-content\/uploads\/2025\/02\/Celle-Christmas-Market-Grosser-Plan-cc0.jpg","type":"image\/jpeg"}],"twitter_card":"summary_large_image","twitter_misc":{"Dur\u00e9e de lecture estim\u00e9e":"2 minutes"},"schema":{"@context":"https:\/\/schema.org","@graph":[{"@type":"WebPage","@id":"https:\/\/9staedte.de\/fr\/celle-une-charmante-ville-residentielle\/marche-de-noel-a-celle\/","url":"https:\/\/9staedte.de\/fr\/celle-une-charmante-ville-residentielle\/marche-de-noel-a-celle\/","name":"March\u00e9 de No\u00ebl \u00e0 Celle - 9 St\u00e4dte in Niedersachsen","isPartOf":{"@id":"https:\/\/9staedte.de\/fr\/#website"},"primaryImageOfPage":{"@id":"https:\/\/9staedte.de\/fr\/celle-une-charmante-ville-residentielle\/marche-de-noel-a-celle\/#primaryimage"},"image":{"@id":"https:\/\/9staedte.de\/fr\/celle-une-charmante-ville-residentielle\/marche-de-noel-a-celle\/#primaryimage"},"thumbnailUrl":"https:\/\/9staedte.de\/wp-content\/uploads\/2025\/02\/Celle-Christmas-Market-Grosser-Plan-cc0.jpg","datePublished":"2023-11-02T08:48:45+00:00","dateModified":"2026-03-23T10:48:07+00:00","description":"March\u00e9 de No\u00ebl de Celle : L'ambiance de No\u00ebl et la magie des colombages. Des lumi\u00e8res scintillantes, des stands d\u00e9cor\u00e9s dans une ambiance chaleureuse dans la vieille ville de Celle.","breadcrumb":{"@id":"https:\/\/9staedte.de\/fr\/celle-une-charmante-ville-residentielle\/marche-de-noel-a-celle\/#breadcrumb"},"inLanguage":"fr-FR","potentialAction":[{"@type":"ReadAction","target":["https:\/\/9staedte.de\/fr\/celle-une-charmante-ville-residentielle\/marche-de-noel-a-celle\/"]}]},{"@type":"ImageObject","inLanguage":"fr-FR","@id":"https:\/\/9staedte.de\/fr\/celle-une-charmante-ville-residentielle\/marche-de-noel-a-celle\/#primaryimage","url":"https:\/\/9staedte.de\/wp-content\/uploads\/2025\/02\/Celle-Christmas-Market-Grosser-Plan-cc0.jpg","contentUrl":"https:\/\/9staedte.de\/wp-content\/uploads\/2025\/02\/Celle-Christmas-Market-Grosser-Plan-cc0.jpg","width":1020,"height":559,"caption":"Celle Christmas Market, Gro\u00dfer Plan CC0"},{"@type":"BreadcrumbList","@id":"https:\/\/9staedte.de\/fr\/celle-une-charmante-ville-residentielle\/marche-de-noel-a-celle\/#breadcrumb","itemListElement":[{"@type":"ListItem","position":1,"name":"Startseite","item":"https:\/\/9staedte.de\/fr\/"},{"@type":"ListItem","position":2,"name":"Celle &#8211; une charmante ville r\u00e9sidentielle","item":"https:\/\/9staedte.de\/fr\/celle-une-charmante-ville-residentielle\/"},{"@type":"ListItem","position":3,"name":"March\u00e9 de No\u00ebl \u00e0 Celle"}]},{"@type":"WebSite","@id":"https:\/\/9staedte.de\/fr\/#website","url":"https:\/\/9staedte.de\/fr\/","name":"9 St\u00e4dte in Niedersachsen","description":"","publisher":{"@id":"https:\/\/9staedte.de\/fr\/#organization"},"potentialAction":[{"@type":"SearchAction","target":{"@type":"EntryPoint","urlTemplate":"https:\/\/9staedte.de\/fr\/?s={search_term_string}"},"query-input":{"@type":"PropertyValueSpecification","valueRequired":true,"valueName":"search_term_string"}}],"inLanguage":"fr-FR"},{"@type":"Organization","@id":"https:\/\/9staedte.de\/fr\/#organization","name":"9 St\u00e4dte in Niedersachsen","url":"https:\/\/9staedte.de\/fr\/","logo":{"@type":"ImageObject","inLanguage":"fr-FR","@id":"https:\/\/9staedte.de\/fr\/#\/schema\/logo\/image\/","url":"https:\/\/9staedte.de\/wp-content\/uploads\/2025\/01\/9-neg-deutsch-2-1.png","contentUrl":"https:\/\/9staedte.de\/wp-content\/uploads\/2025\/01\/9-neg-deutsch-2-1.png","width":190,"height":114,"caption":"9 St\u00e4dte in Niedersachsen"},"image":{"@id":"https:\/\/9staedte.de\/fr\/#\/schema\/logo\/image\/"}}]}},"_links":{"self":[{"href":"https:\/\/9staedte.de\/fr\/wp-json\/wp\/v2\/pages\/17462","targetHints":{"allow":["GET"]}}],"collection":[{"href":"https:\/\/9staedte.de\/fr\/wp-json\/wp\/v2\/pages"}],"about":[{"href":"https:\/\/9staedte.de\/fr\/wp-json\/wp\/v2\/types\/page"}],"author":[{"embeddable":true,"href":"https:\/\/9staedte.de\/fr\/wp-json\/wp\/v2\/users\/1"}],"replies":[{"embeddable":true,"href":"https:\/\/9staedte.de\/fr\/wp-json\/wp\/v2\/comments?post=17462"}],"version-history":[{"count":9,"href":"https:\/\/9staedte.de\/fr\/wp-json\/wp\/v2\/pages\/17462\/revisions"}],"predecessor-version":[{"id":27613,"href":"https:\/\/9staedte.de\/fr\/wp-json\/wp\/v2\/pages\/17462\/revisions\/27613"}],"up":[{"embeddable":true,"href":"https:\/\/9staedte.de\/fr\/wp-json\/wp\/v2\/pages\/18079"}],"wp:featuredmedia":[{"embeddable":true,"href":"https:\/\/9staedte.de\/fr\/wp-json\/wp\/v2\/media\/24546"}],"wp:attachment":[{"href":"https:\/\/9staedte.de\/fr\/wp-json\/wp\/v2\/media?parent=17462"}],"wp:term":[{"taxonomy":"category","embeddable":true,"href":"https:\/\/9staedte.de\/fr\/wp-json\/wp\/v2\/categories?post=17462"},{"taxonomy":"post_tag","embeddable":true,"href":"https:\/\/9staedte.de\/fr\/wp-json\/wp\/v2\/tags?post=17462"},{"taxonomy":"ncap_cities_tax","embeddable":true,"href":"https:\/\/9staedte.de\/fr\/wp-json\/wp\/v2\/ncap_cities_tax?post=17462"}],"curies":[{"name":"wp","href":"https:\/\/api.w.org\/{rel}","templated":true}]}}