{"id":17449,"date":"2023-11-02T09:48:41","date_gmt":"2023-11-02T08:48:41","guid":{"rendered":"https:\/\/9staedte.de\/programmes-dune-journee-a-celle\/"},"modified":"2025-05-08T15:26:20","modified_gmt":"2025-05-08T13:26:20","slug":"programmes-dune-journee-a-celle","status":"publish","type":"page","link":"https:\/\/9staedte.de\/fr\/celle-une-charmante-ville-residentielle\/programmes-dune-journee-a-celle\/","title":{"rendered":"Programmes d&rsquo;une journ\u00e9e \u00e0 Celle"},"content":{"rendered":"\n<p>L&rsquo;office de tourisme de Celle vous aidera volontiers \u00e0 \u00e9tablir un programme individuel pour la journ\u00e9e, pour vous ou votre groupe, et vous proposera des circuits de d\u00e9couverte passionnants et riches en \u00e9motions \u00e0 travers Celle. Que ce soit la vieille ville, le ch\u00e2teau r\u00e9sidentiel ou la lande de Lunebourg &#8211; \u00e0 Celle, il y a un programme adapt\u00e9 \u00e0 tous les go\u00fbts.<\/p>\n\n\n\n<p>Votre contact pour les programmes d&rsquo;une journ\u00e9e \u00e0 Celle :<\/p>\n","protected":false},"excerpt":{"rendered":"<p>L&rsquo;office de tourisme de Celle vous aidera volontiers \u00e0 \u00e9tablir un programme individuel pour la journ\u00e9e, pour vous ou votre groupe, et vous proposera des circuits de d\u00e9couverte passionnants et riches en \u00e9motions \u00e0 travers Celle. Que ce soit la vieille ville, le ch\u00e2teau r\u00e9sidentiel ou la lande de Lunebourg &#8211; \u00e0 Celle, il y [&hellip;]<\/p>\n","protected":false},"author":1,"featured_media":17451,"parent":18079,"menu_order":0,"comment_status":"closed","ping_status":"closed","template":"pagetemplates\/template-stadtthema.php","meta":{"_acf_changed":false,"footnotes":""},"categories":[],"tags":[],"ncap_cities_tax":[429,920],"class_list":["post-17449","page","type-page","status-publish","has-post-thumbnail","hentry","ncap_cities_tax-celle-fr","ncap_cities_tax-tagesprogramme-celle-fr"],"acf":[],"yoast_head":"<!-- This site is optimized with the Yoast SEO plugin v26.8 - https:\/\/yoast.com\/product\/yoast-seo-wordpress\/ -->\n<title>Programmes d&#039;une journ\u00e9e \u00e0 Celle - 9 St\u00e4dte in Niedersachsen<\/title>\n<meta name=\"robots\" content=\"index, follow, max-snippet:-1, max-image-preview:large, max-video-preview:-1\" \/>\n<link rel=\"canonical\" href=\"https:\/\/9staedte.de\/fr\/celle-une-charmante-ville-residentielle\/programmes-dune-journee-a-celle\/\" \/>\n<meta property=\"og:locale\" content=\"fr_FR\" \/>\n<meta property=\"og:type\" content=\"article\" \/>\n<meta property=\"og:title\" content=\"Programmes d&#039;une journ\u00e9e \u00e0 Celle - 9 St\u00e4dte in Niedersachsen\" \/>\n<meta property=\"og:description\" content=\"L&rsquo;office de tourisme de Celle vous aidera volontiers \u00e0 \u00e9tablir un programme individuel pour la journ\u00e9e, pour vous ou votre groupe, et vous proposera des circuits de d\u00e9couverte passionnants et riches en \u00e9motions \u00e0 travers Celle. Que ce soit la vieille ville, le ch\u00e2teau r\u00e9sidentiel ou la lande de Lunebourg &#8211; \u00e0 Celle, il y [&hellip;]\" \/>\n<meta property=\"og:url\" content=\"https:\/\/9staedte.de\/fr\/celle-une-charmante-ville-residentielle\/programmes-dune-journee-a-celle\/\" \/>\n<meta property=\"og:site_name\" content=\"9 St\u00e4dte in Niedersachsen\" \/>\n<meta property=\"article:modified_time\" content=\"2025-05-08T13:26:20+00:00\" \/>\n<meta property=\"og:image\" content=\"https:\/\/9staedte.de\/wp-content\/uploads\/2023\/02\/celle-kalandgasse-alte-lateinschule-c-Celle-Tourismus.jpg\" \/>\n\t<meta property=\"og:image:width\" content=\"1020\" \/>\n\t<meta property=\"og:image:height\" content=\"560\" \/>\n\t<meta property=\"og:image:type\" content=\"image\/jpeg\" \/>\n<meta name=\"twitter:card\" content=\"summary_large_image\" \/>\n<meta name=\"twitter:label1\" content=\"Dur\u00e9e de lecture estim\u00e9e\" \/>\n\t<meta name=\"twitter:data1\" content=\"1 minute\" \/>\n<script type=\"application\/ld+json\" class=\"yoast-schema-graph\">{\"@context\":\"https:\/\/schema.org\",\"@graph\":[{\"@type\":\"WebPage\",\"@id\":\"https:\/\/9staedte.de\/fr\/celle-une-charmante-ville-residentielle\/programmes-dune-journee-a-celle\/\",\"url\":\"https:\/\/9staedte.de\/fr\/celle-une-charmante-ville-residentielle\/programmes-dune-journee-a-celle\/\",\"name\":\"Programmes d'une journ\u00e9e \u00e0 Celle - 9 St\u00e4dte in Niedersachsen\",\"isPartOf\":{\"@id\":\"https:\/\/9staedte.de\/fr\/#website\"},\"primaryImageOfPage\":{\"@id\":\"https:\/\/9staedte.de\/fr\/celle-une-charmante-ville-residentielle\/programmes-dune-journee-a-celle\/#primaryimage\"},\"image\":{\"@id\":\"https:\/\/9staedte.de\/fr\/celle-une-charmante-ville-residentielle\/programmes-dune-journee-a-celle\/#primaryimage\"},\"thumbnailUrl\":\"https:\/\/9staedte.de\/wp-content\/uploads\/2023\/02\/celle-kalandgasse-alte-lateinschule-c-Celle-Tourismus.jpg\",\"datePublished\":\"2023-11-02T08:48:41+00:00\",\"dateModified\":\"2025-05-08T13:26:20+00:00\",\"breadcrumb\":{\"@id\":\"https:\/\/9staedte.de\/fr\/celle-une-charmante-ville-residentielle\/programmes-dune-journee-a-celle\/#breadcrumb\"},\"inLanguage\":\"fr-FR\",\"potentialAction\":[{\"@type\":\"ReadAction\",\"target\":[\"https:\/\/9staedte.de\/fr\/celle-une-charmante-ville-residentielle\/programmes-dune-journee-a-celle\/\"]}]},{\"@type\":\"ImageObject\",\"inLanguage\":\"fr-FR\",\"@id\":\"https:\/\/9staedte.de\/fr\/celle-une-charmante-ville-residentielle\/programmes-dune-journee-a-celle\/#primaryimage\",\"url\":\"https:\/\/9staedte.de\/wp-content\/uploads\/2023\/02\/celle-kalandgasse-alte-lateinschule-c-Celle-Tourismus.jpg\",\"contentUrl\":\"https:\/\/9staedte.de\/wp-content\/uploads\/2023\/02\/celle-kalandgasse-alte-lateinschule-c-Celle-Tourismus.jpg\",\"width\":1020,\"height\":560,\"caption\":\"celle-kalandgasse-alte-lateinschule c) Celle Tourismus\"},{\"@type\":\"BreadcrumbList\",\"@id\":\"https:\/\/9staedte.de\/fr\/celle-une-charmante-ville-residentielle\/programmes-dune-journee-a-celle\/#breadcrumb\",\"itemListElement\":[{\"@type\":\"ListItem\",\"position\":1,\"name\":\"Startseite\",\"item\":\"https:\/\/9staedte.de\/fr\/\"},{\"@type\":\"ListItem\",\"position\":2,\"name\":\"Celle &#8211; une charmante ville r\u00e9sidentielle\",\"item\":\"https:\/\/9staedte.de\/fr\/celle-une-charmante-ville-residentielle\/\"},{\"@type\":\"ListItem\",\"position\":3,\"name\":\"Programmes d&#8217;une journ\u00e9e \u00e0 Celle\"}]},{\"@type\":\"WebSite\",\"@id\":\"https:\/\/9staedte.de\/fr\/#website\",\"url\":\"https:\/\/9staedte.de\/fr\/\",\"name\":\"9 St\u00e4dte in Niedersachsen\",\"description\":\"\",\"publisher\":{\"@id\":\"https:\/\/9staedte.de\/fr\/#organization\"},\"potentialAction\":[{\"@type\":\"SearchAction\",\"target\":{\"@type\":\"EntryPoint\",\"urlTemplate\":\"https:\/\/9staedte.de\/fr\/?s={search_term_string}\"},\"query-input\":{\"@type\":\"PropertyValueSpecification\",\"valueRequired\":true,\"valueName\":\"search_term_string\"}}],\"inLanguage\":\"fr-FR\"},{\"@type\":\"Organization\",\"@id\":\"https:\/\/9staedte.de\/fr\/#organization\",\"name\":\"9 St\u00e4dte in Niedersachsen\",\"url\":\"https:\/\/9staedte.de\/fr\/\",\"logo\":{\"@type\":\"ImageObject\",\"inLanguage\":\"fr-FR\",\"@id\":\"https:\/\/9staedte.de\/fr\/#\/schema\/logo\/image\/\",\"url\":\"https:\/\/9staedte.de\/wp-content\/uploads\/2025\/01\/9-neg-deutsch-2-1.png\",\"contentUrl\":\"https:\/\/9staedte.de\/wp-content\/uploads\/2025\/01\/9-neg-deutsch-2-1.png\",\"width\":190,\"height\":114,\"caption\":\"9 St\u00e4dte in Niedersachsen\"},\"image\":{\"@id\":\"https:\/\/9staedte.de\/fr\/#\/schema\/logo\/image\/\"}}]}<\/script>\n<!-- \/ Yoast SEO plugin. -->","yoast_head_json":{"title":"Programmes d'une journ\u00e9e \u00e0 Celle - 9 St\u00e4dte in Niedersachsen","robots":{"index":"index","follow":"follow","max-snippet":"max-snippet:-1","max-image-preview":"max-image-preview:large","max-video-preview":"max-video-preview:-1"},"canonical":"https:\/\/9staedte.de\/fr\/celle-une-charmante-ville-residentielle\/programmes-dune-journee-a-celle\/","og_locale":"fr_FR","og_type":"article","og_title":"Programmes d'une journ\u00e9e \u00e0 Celle - 9 St\u00e4dte in Niedersachsen","og_description":"L&rsquo;office de tourisme de Celle vous aidera volontiers \u00e0 \u00e9tablir un programme individuel pour la journ\u00e9e, pour vous ou votre groupe, et vous proposera des circuits de d\u00e9couverte passionnants et riches en \u00e9motions \u00e0 travers Celle. Que ce soit la vieille ville, le ch\u00e2teau r\u00e9sidentiel ou la lande de Lunebourg &#8211; \u00e0 Celle, il y [&hellip;]","og_url":"https:\/\/9staedte.de\/fr\/celle-une-charmante-ville-residentielle\/programmes-dune-journee-a-celle\/","og_site_name":"9 St\u00e4dte in Niedersachsen","article_modified_time":"2025-05-08T13:26:20+00:00","og_image":[{"width":1020,"height":560,"url":"https:\/\/9staedte.de\/wp-content\/uploads\/2023\/02\/celle-kalandgasse-alte-lateinschule-c-Celle-Tourismus.jpg","type":"image\/jpeg"}],"twitter_card":"summary_large_image","twitter_misc":{"Dur\u00e9e de lecture estim\u00e9e":"1 minute"},"schema":{"@context":"https:\/\/schema.org","@graph":[{"@type":"WebPage","@id":"https:\/\/9staedte.de\/fr\/celle-une-charmante-ville-residentielle\/programmes-dune-journee-a-celle\/","url":"https:\/\/9staedte.de\/fr\/celle-une-charmante-ville-residentielle\/programmes-dune-journee-a-celle\/","name":"Programmes d'une journ\u00e9e \u00e0 Celle - 9 St\u00e4dte in Niedersachsen","isPartOf":{"@id":"https:\/\/9staedte.de\/fr\/#website"},"primaryImageOfPage":{"@id":"https:\/\/9staedte.de\/fr\/celle-une-charmante-ville-residentielle\/programmes-dune-journee-a-celle\/#primaryimage"},"image":{"@id":"https:\/\/9staedte.de\/fr\/celle-une-charmante-ville-residentielle\/programmes-dune-journee-a-celle\/#primaryimage"},"thumbnailUrl":"https:\/\/9staedte.de\/wp-content\/uploads\/2023\/02\/celle-kalandgasse-alte-lateinschule-c-Celle-Tourismus.jpg","datePublished":"2023-11-02T08:48:41+00:00","dateModified":"2025-05-08T13:26:20+00:00","breadcrumb":{"@id":"https:\/\/9staedte.de\/fr\/celle-une-charmante-ville-residentielle\/programmes-dune-journee-a-celle\/#breadcrumb"},"inLanguage":"fr-FR","potentialAction":[{"@type":"ReadAction","target":["https:\/\/9staedte.de\/fr\/celle-une-charmante-ville-residentielle\/programmes-dune-journee-a-celle\/"]}]},{"@type":"ImageObject","inLanguage":"fr-FR","@id":"https:\/\/9staedte.de\/fr\/celle-une-charmante-ville-residentielle\/programmes-dune-journee-a-celle\/#primaryimage","url":"https:\/\/9staedte.de\/wp-content\/uploads\/2023\/02\/celle-kalandgasse-alte-lateinschule-c-Celle-Tourismus.jpg","contentUrl":"https:\/\/9staedte.de\/wp-content\/uploads\/2023\/02\/celle-kalandgasse-alte-lateinschule-c-Celle-Tourismus.jpg","width":1020,"height":560,"caption":"celle-kalandgasse-alte-lateinschule c) Celle Tourismus"},{"@type":"BreadcrumbList","@id":"https:\/\/9staedte.de\/fr\/celle-une-charmante-ville-residentielle\/programmes-dune-journee-a-celle\/#breadcrumb","itemListElement":[{"@type":"ListItem","position":1,"name":"Startseite","item":"https:\/\/9staedte.de\/fr\/"},{"@type":"ListItem","position":2,"name":"Celle &#8211; une charmante ville r\u00e9sidentielle","item":"https:\/\/9staedte.de\/fr\/celle-une-charmante-ville-residentielle\/"},{"@type":"ListItem","position":3,"name":"Programmes d&#8217;une journ\u00e9e \u00e0 Celle"}]},{"@type":"WebSite","@id":"https:\/\/9staedte.de\/fr\/#website","url":"https:\/\/9staedte.de\/fr\/","name":"9 St\u00e4dte in Niedersachsen","description":"","publisher":{"@id":"https:\/\/9staedte.de\/fr\/#organization"},"potentialAction":[{"@type":"SearchAction","target":{"@type":"EntryPoint","urlTemplate":"https:\/\/9staedte.de\/fr\/?s={search_term_string}"},"query-input":{"@type":"PropertyValueSpecification","valueRequired":true,"valueName":"search_term_string"}}],"inLanguage":"fr-FR"},{"@type":"Organization","@id":"https:\/\/9staedte.de\/fr\/#organization","name":"9 St\u00e4dte in Niedersachsen","url":"https:\/\/9staedte.de\/fr\/","logo":{"@type":"ImageObject","inLanguage":"fr-FR","@id":"https:\/\/9staedte.de\/fr\/#\/schema\/logo\/image\/","url":"https:\/\/9staedte.de\/wp-content\/uploads\/2025\/01\/9-neg-deutsch-2-1.png","contentUrl":"https:\/\/9staedte.de\/wp-content\/uploads\/2025\/01\/9-neg-deutsch-2-1.png","width":190,"height":114,"caption":"9 St\u00e4dte in Niedersachsen"},"image":{"@id":"https:\/\/9staedte.de\/fr\/#\/schema\/logo\/image\/"}}]}},"_links":{"self":[{"href":"https:\/\/9staedte.de\/fr\/wp-json\/wp\/v2\/pages\/17449","targetHints":{"allow":["GET"]}}],"collection":[{"href":"https:\/\/9staedte.de\/fr\/wp-json\/wp\/v2\/pages"}],"about":[{"href":"https:\/\/9staedte.de\/fr\/wp-json\/wp\/v2\/types\/page"}],"author":[{"embeddable":true,"href":"https:\/\/9staedte.de\/fr\/wp-json\/wp\/v2\/users\/1"}],"replies":[{"embeddable":true,"href":"https:\/\/9staedte.de\/fr\/wp-json\/wp\/v2\/comments?post=17449"}],"version-history":[{"count":2,"href":"https:\/\/9staedte.de\/fr\/wp-json\/wp\/v2\/pages\/17449\/revisions"}],"predecessor-version":[{"id":25438,"href":"https:\/\/9staedte.de\/fr\/wp-json\/wp\/v2\/pages\/17449\/revisions\/25438"}],"up":[{"embeddable":true,"href":"https:\/\/9staedte.de\/fr\/wp-json\/wp\/v2\/pages\/18079"}],"wp:featuredmedia":[{"embeddable":true,"href":"https:\/\/9staedte.de\/fr\/wp-json\/wp\/v2\/media\/17451"}],"wp:attachment":[{"href":"https:\/\/9staedte.de\/fr\/wp-json\/wp\/v2\/media?parent=17449"}],"wp:term":[{"taxonomy":"category","embeddable":true,"href":"https:\/\/9staedte.de\/fr\/wp-json\/wp\/v2\/categories?post=17449"},{"taxonomy":"post_tag","embeddable":true,"href":"https:\/\/9staedte.de\/fr\/wp-json\/wp\/v2\/tags?post=17449"},{"taxonomy":"ncap_cities_tax","embeddable":true,"href":"https:\/\/9staedte.de\/fr\/wp-json\/wp\/v2\/ncap_cities_tax?post=17449"}],"curies":[{"name":"wp","href":"https:\/\/api.w.org\/{rel}","templated":true}]}}