{"id":17408,"date":"2023-11-02T09:48:31","date_gmt":"2023-11-02T08:48:31","guid":{"rendered":"https:\/\/9staedte.de\/decouverte-de-la-nature-et-durabilite-a-celle\/"},"modified":"2025-05-08T15:07:40","modified_gmt":"2025-05-08T13:07:40","slug":"decouverte-de-la-nature-et-durabilite-a-celle","status":"publish","type":"page","link":"https:\/\/9staedte.de\/fr\/celle-une-charmante-ville-residentielle\/decouverte-de-la-nature-et-durabilite-a-celle\/","title":{"rendered":"D\u00e9couverte de la nature et durabilit\u00e9 \u00e0 Celle"},"content":{"rendered":"\n<h2 class=\"wp-block-heading\">Celle &#8211; d\u00e9couverte durable<\/h2>\n\n\n\n<p>Celle est certifi\u00e9e depuis 2017 par le label TourCert \u00ab\u00a0destination durable\u00a0\u00bb et est ainsi la premi\u00e8re ville durable de tout le nord de l&rsquo;Allemagne. Nous nous sommes engag\u00e9s en faveur de la durabilit\u00e9 et travaillons avec nos partenaires durables des secteurs de l&rsquo;h\u00e9bergement, de la restauration, des congr\u00e8s, des attractions touristiques, du commerce de d\u00e9tail, des fournisseurs et des modes de transport, afin de rendre la durabilit\u00e9 tangible pour nos h\u00f4tes tout au long de la cha\u00eene de services. Nous nous engageons \u00e0 pr\u00e9server les maisons \u00e0 colombages et les b\u00e2timents class\u00e9s, uniques et typiques de Celle, \u00e0 entretenir les traditions, \u00e0 promouvoir le r\u00e9gionalisme et \u00e0 prot\u00e9ger les paysages naturels afin de pr\u00e9server l&rsquo;identit\u00e9 et le caract\u00e8re de notre r\u00e9gion. Nous souhaitons \u00eatre un multiplicateur de l&rsquo;id\u00e9e de durabilit\u00e9 dans notre ville et enthousiasmer ainsi peu \u00e0 peu de plus en plus de visiteurs, d&rsquo;habitants et de prestataires locaux sur ce th\u00e8me et les int\u00e9grer dans le processus de notre d\u00e9veloppement. Une fa\u00e7on pour chacun de contribuer est de venir en bus ou en train. Gr\u00e2ce \u00e0 notre r\u00e9seau bien d\u00e9velopp\u00e9, cela ne pose aucun probl\u00e8me \u00e0 Celle. Nous nous r\u00e9jouissons de votre visite !<\/p>\n\n\n\n\n<div class=\"banner-wrapper\">\n  <div class=\"banner-inner \">\n      <div class=\"img-container\">\n      <div class=\"img-wrapper\">\n        <img decoding=\"async\" src=\"https:\/\/9staedte.de\/wp-content\/smush-webp\/2023\/02\/celle-radfahren-familie-c-Stadt-Celle.jpg.webp\" alt=\"L\u2019image montre une famille qui fait du v\u00e9lo \u00e0 Celle. Un enfant roule devant sur un petit v\u00e9lo. Deux adultes suivent derri\u00e8re \u00e0 v\u00e9lo. La famille roule sur un chemin \u00e0 travers la nature verte. Le soleil brille. Tout le monde s\u2019amuse.\" \/>\n                  <div class=\"thumbnail-label\">\n            <span>celle-radfahren-familie c) Stadt Celle<\/span>\n          <\/div>\n              <\/div>\n    <\/div>\n        <div class=\"text-container\">\n      <div class=\"content\">\n        <h2>Vivre Celle de mani\u00e8re durable : 9 conseils<\/h2>\n<p>&#8211; <a href=\"https:\/\/www.allerradweg.de\/region-celle0.html\"><b>Un tour \u00e0 v\u00e9lo sur la piste cyclable Allerradweg<\/b><\/a> &#8211; Pour se d\u00e9tendre dans la nature, c&rsquo;est exactement ce qu&rsquo;il faut.<\/p>\n<p>&#8211; <a href=\"https:\/\/www.heidschnuckenweg.de\/etappe\/8751\/heidschnuckeweg-etappe-13.html\"><b>Heidschnuckenweg<\/b><\/a> &#8211; Que diriez-vous d&rsquo;une randonn\u00e9e \u00e0 travers les landes sur le plus beau sentier de randonn\u00e9e du nord de l&rsquo;Allemagne ?<\/p>\n<p>&#8211; <a href=\"https:\/\/www.reiseland-niedersachsen.de\/erleben\/urlaub-am-wasser\/kanutouren\/kanutour-aller\"><b>Cano\u00eb sur l&rsquo;Aller<\/b><\/a> &#8211; D\u00e9couvrez notre r\u00e9gion et sa nature sous un autre angle.<\/p>\n<p>&#8211; <a href=\"https:\/\/www.laves.niedersachsen.de\/tiere\/bienenkunde\/bienenkunde-73177.html\"><b>Institut des abeilles<\/b><\/a> &#8211; D\u00e9couvrez le monde des abeilles lors d&rsquo;une visite guid\u00e9e de notre institut des abeilles.<\/p>\n<p>&#8211; <a href=\"https:\/\/cafe-kraeuthaer.de\/heilpflanzengarten.html\"><b>Jardin de plantes m\u00e9dicinales<\/b><\/a> &#8211; Visitez l&rsquo;un des plus grands jardins de plantes m\u00e9dicinales d&rsquo;Europe.<\/p>\n<p>&#8211; <a href=\"https:\/\/www.celle.de\/Leben\/Einkaufen\/Wochenm%C3%A4rkte\/\"><b>March\u00e9 hebdomadaire<\/b><\/a>&#8211; Ici, vous pouvez d\u00e9couvrir la fra\u00eecheur r\u00e9gionale tous les mercredis et samedis.<\/p>\n<p>&#8211; <a href=\"https:\/\/celler-badeland.de\/\"><b>Celler Badeland<\/b><\/a> &#8211; Avant votre visite, d\u00e9couvrez ici pourquoi le Celler Badeland est durable.<\/p>\n<p>&#8211; <a href=\"https:\/\/www.alterprovisor-celle.de\/\"><b>Alter Provisor<\/b><\/a> &#8211; Tradition et artisanat d&rsquo;antan, voil\u00e0 ce qui se cache dans notre liqueur aux herbes de Celle.<\/p>\n<p>&#8211; <a href=\"https:\/\/bauhaus.celle-tourismus.de\/\"><b>Visite guid\u00e9e du Bauhaus<\/b><\/a> &#8211; D\u00e9couvrez l&rsquo;architecture du style Bauhaus, c\u00e9l\u00e8bre dans le monde entier, de l&rsquo;architecte le plus important de son \u00e9poque, Otto Haesl<\/p>\n      <\/div>\n    <\/div>\n    <\/div>\n<\/div>\n\n\n\n\n<h2 class=\"wp-block-heading\">H\u00f4tel Blumenlage<\/h2>\n\n\n\n<p>La durabilit\u00e9 a de nombreuses facettes \u00e0 Celle. Mme Hoeft donne un visage \u00e0 l&rsquo;une d&rsquo;entre elles avec son h\u00f4tel int\u00e9gratif Blumlage. Dans cet h\u00f4tel unique en son genre, l&rsquo;inclusion des personnes handicap\u00e9es est v\u00e9cue avec beaucoup de passion et la durabilit\u00e9 sociale est une priorit\u00e9. L&rsquo;h\u00f4tel Blumlage est l&rsquo;un de nos partenaires durables et propose un forfait durable.<\/p>\n\n\n\n<p>Pour voir comment la durabilit\u00e9 est v\u00e9cue \u00e0 l&rsquo;h\u00f4tel Blumlage, <a href=\"https:\/\/www.blumlage.com\/\">cliquez ici :<\/a><\/p>\n","protected":false},"excerpt":{"rendered":"<p>Celle &#8211; d\u00e9couverte durable Celle est certifi\u00e9e depuis 2017 par le label TourCert \u00ab\u00a0destination durable\u00a0\u00bb et est ainsi la premi\u00e8re ville durable de tout le nord de l&rsquo;Allemagne. Nous nous sommes engag\u00e9s en faveur de la durabilit\u00e9 et travaillons avec nos partenaires durables des secteurs de l&rsquo;h\u00e9bergement, de la restauration, des congr\u00e8s, des attractions touristiques, [&hellip;]<\/p>\n","protected":false},"author":1,"featured_media":16483,"parent":18079,"menu_order":0,"comment_status":"closed","ping_status":"closed","template":"pagetemplates\/template-stadtthema.php","meta":{"_acf_changed":false,"footnotes":""},"categories":[],"tags":[],"ncap_cities_tax":[429,926],"class_list":["post-17408","page","type-page","status-publish","has-post-thumbnail","hentry","ncap_cities_tax-celle-fr","ncap_cities_tax-naturerlebnisse-und-nachhaltigkeit-celle-fr"],"acf":[],"yoast_head":"<!-- This site is optimized with the Yoast SEO plugin v26.8 - https:\/\/yoast.com\/product\/yoast-seo-wordpress\/ -->\n<title>D\u00e9couverte de la nature et durabilit\u00e9 \u00e0 Celle - 9 St\u00e4dte in Niedersachsen<\/title>\n<meta name=\"robots\" content=\"index, follow, max-snippet:-1, max-image-preview:large, max-video-preview:-1\" \/>\n<link rel=\"canonical\" href=\"https:\/\/9staedte.de\/fr\/celle-une-charmante-ville-residentielle\/decouverte-de-la-nature-et-durabilite-a-celle\/\" \/>\n<meta property=\"og:locale\" content=\"fr_FR\" \/>\n<meta property=\"og:type\" content=\"article\" \/>\n<meta property=\"og:title\" content=\"D\u00e9couverte de la nature et durabilit\u00e9 \u00e0 Celle - 9 St\u00e4dte in Niedersachsen\" \/>\n<meta property=\"og:description\" content=\"Celle &#8211; d\u00e9couverte durable Celle est certifi\u00e9e depuis 2017 par le label TourCert \u00ab\u00a0destination durable\u00a0\u00bb et est ainsi la premi\u00e8re ville durable de tout le nord de l&rsquo;Allemagne. Nous nous sommes engag\u00e9s en faveur de la durabilit\u00e9 et travaillons avec nos partenaires durables des secteurs de l&rsquo;h\u00e9bergement, de la restauration, des congr\u00e8s, des attractions touristiques, [&hellip;]\" \/>\n<meta property=\"og:url\" content=\"https:\/\/9staedte.de\/fr\/celle-une-charmante-ville-residentielle\/decouverte-de-la-nature-et-durabilite-a-celle\/\" \/>\n<meta property=\"og:site_name\" content=\"9 St\u00e4dte in Niedersachsen\" \/>\n<meta property=\"article:modified_time\" content=\"2025-05-08T13:07:40+00:00\" \/>\n<meta property=\"og:image\" content=\"https:\/\/9staedte.de\/wp-content\/uploads\/2023\/02\/celle-franzoeischer-garten-fruehling-c-Stadt-Celle.jpg\" \/>\n\t<meta property=\"og:image:width\" content=\"1020\" \/>\n\t<meta property=\"og:image:height\" content=\"587\" \/>\n\t<meta property=\"og:image:type\" content=\"image\/jpeg\" \/>\n<meta name=\"twitter:card\" content=\"summary_large_image\" \/>\n<meta name=\"twitter:label1\" content=\"Dur\u00e9e de lecture estim\u00e9e\" \/>\n\t<meta name=\"twitter:data1\" content=\"2 minutes\" \/>\n<script type=\"application\/ld+json\" class=\"yoast-schema-graph\">{\"@context\":\"https:\/\/schema.org\",\"@graph\":[{\"@type\":\"WebPage\",\"@id\":\"https:\/\/9staedte.de\/fr\/celle-une-charmante-ville-residentielle\/decouverte-de-la-nature-et-durabilite-a-celle\/\",\"url\":\"https:\/\/9staedte.de\/fr\/celle-une-charmante-ville-residentielle\/decouverte-de-la-nature-et-durabilite-a-celle\/\",\"name\":\"D\u00e9couverte de la nature et durabilit\u00e9 \u00e0 Celle - 9 St\u00e4dte in Niedersachsen\",\"isPartOf\":{\"@id\":\"https:\/\/9staedte.de\/fr\/#website\"},\"primaryImageOfPage\":{\"@id\":\"https:\/\/9staedte.de\/fr\/celle-une-charmante-ville-residentielle\/decouverte-de-la-nature-et-durabilite-a-celle\/#primaryimage\"},\"image\":{\"@id\":\"https:\/\/9staedte.de\/fr\/celle-une-charmante-ville-residentielle\/decouverte-de-la-nature-et-durabilite-a-celle\/#primaryimage\"},\"thumbnailUrl\":\"https:\/\/9staedte.de\/wp-content\/uploads\/2023\/02\/celle-franzoeischer-garten-fruehling-c-Stadt-Celle.jpg\",\"datePublished\":\"2023-11-02T08:48:31+00:00\",\"dateModified\":\"2025-05-08T13:07:40+00:00\",\"breadcrumb\":{\"@id\":\"https:\/\/9staedte.de\/fr\/celle-une-charmante-ville-residentielle\/decouverte-de-la-nature-et-durabilite-a-celle\/#breadcrumb\"},\"inLanguage\":\"fr-FR\",\"potentialAction\":[{\"@type\":\"ReadAction\",\"target\":[\"https:\/\/9staedte.de\/fr\/celle-une-charmante-ville-residentielle\/decouverte-de-la-nature-et-durabilite-a-celle\/\"]}]},{\"@type\":\"ImageObject\",\"inLanguage\":\"fr-FR\",\"@id\":\"https:\/\/9staedte.de\/fr\/celle-une-charmante-ville-residentielle\/decouverte-de-la-nature-et-durabilite-a-celle\/#primaryimage\",\"url\":\"https:\/\/9staedte.de\/wp-content\/uploads\/2023\/02\/celle-franzoeischer-garten-fruehling-c-Stadt-Celle.jpg\",\"contentUrl\":\"https:\/\/9staedte.de\/wp-content\/uploads\/2023\/02\/celle-franzoeischer-garten-fruehling-c-Stadt-Celle.jpg\",\"width\":1020,\"height\":587,\"caption\":\"celle-franzoeischer-garten-fruehling c) Stadt Celle\"},{\"@type\":\"BreadcrumbList\",\"@id\":\"https:\/\/9staedte.de\/fr\/celle-une-charmante-ville-residentielle\/decouverte-de-la-nature-et-durabilite-a-celle\/#breadcrumb\",\"itemListElement\":[{\"@type\":\"ListItem\",\"position\":1,\"name\":\"Startseite\",\"item\":\"https:\/\/9staedte.de\/fr\/\"},{\"@type\":\"ListItem\",\"position\":2,\"name\":\"Celle &#8211; une charmante ville r\u00e9sidentielle\",\"item\":\"https:\/\/9staedte.de\/fr\/celle-une-charmante-ville-residentielle\/\"},{\"@type\":\"ListItem\",\"position\":3,\"name\":\"D\u00e9couverte de la nature et durabilit\u00e9 \u00e0 Celle\"}]},{\"@type\":\"WebSite\",\"@id\":\"https:\/\/9staedte.de\/fr\/#website\",\"url\":\"https:\/\/9staedte.de\/fr\/\",\"name\":\"9 St\u00e4dte in Niedersachsen\",\"description\":\"\",\"publisher\":{\"@id\":\"https:\/\/9staedte.de\/fr\/#organization\"},\"potentialAction\":[{\"@type\":\"SearchAction\",\"target\":{\"@type\":\"EntryPoint\",\"urlTemplate\":\"https:\/\/9staedte.de\/fr\/?s={search_term_string}\"},\"query-input\":{\"@type\":\"PropertyValueSpecification\",\"valueRequired\":true,\"valueName\":\"search_term_string\"}}],\"inLanguage\":\"fr-FR\"},{\"@type\":\"Organization\",\"@id\":\"https:\/\/9staedte.de\/fr\/#organization\",\"name\":\"9 St\u00e4dte in Niedersachsen\",\"url\":\"https:\/\/9staedte.de\/fr\/\",\"logo\":{\"@type\":\"ImageObject\",\"inLanguage\":\"fr-FR\",\"@id\":\"https:\/\/9staedte.de\/fr\/#\/schema\/logo\/image\/\",\"url\":\"https:\/\/9staedte.de\/wp-content\/uploads\/2025\/01\/9-neg-deutsch-2-1.png\",\"contentUrl\":\"https:\/\/9staedte.de\/wp-content\/uploads\/2025\/01\/9-neg-deutsch-2-1.png\",\"width\":190,\"height\":114,\"caption\":\"9 St\u00e4dte in Niedersachsen\"},\"image\":{\"@id\":\"https:\/\/9staedte.de\/fr\/#\/schema\/logo\/image\/\"}}]}<\/script>\n<!-- \/ Yoast SEO plugin. -->","yoast_head_json":{"title":"D\u00e9couverte de la nature et durabilit\u00e9 \u00e0 Celle - 9 St\u00e4dte in Niedersachsen","robots":{"index":"index","follow":"follow","max-snippet":"max-snippet:-1","max-image-preview":"max-image-preview:large","max-video-preview":"max-video-preview:-1"},"canonical":"https:\/\/9staedte.de\/fr\/celle-une-charmante-ville-residentielle\/decouverte-de-la-nature-et-durabilite-a-celle\/","og_locale":"fr_FR","og_type":"article","og_title":"D\u00e9couverte de la nature et durabilit\u00e9 \u00e0 Celle - 9 St\u00e4dte in Niedersachsen","og_description":"Celle &#8211; d\u00e9couverte durable Celle est certifi\u00e9e depuis 2017 par le label TourCert \u00ab\u00a0destination durable\u00a0\u00bb et est ainsi la premi\u00e8re ville durable de tout le nord de l&rsquo;Allemagne. Nous nous sommes engag\u00e9s en faveur de la durabilit\u00e9 et travaillons avec nos partenaires durables des secteurs de l&rsquo;h\u00e9bergement, de la restauration, des congr\u00e8s, des attractions touristiques, [&hellip;]","og_url":"https:\/\/9staedte.de\/fr\/celle-une-charmante-ville-residentielle\/decouverte-de-la-nature-et-durabilite-a-celle\/","og_site_name":"9 St\u00e4dte in Niedersachsen","article_modified_time":"2025-05-08T13:07:40+00:00","og_image":[{"width":1020,"height":587,"url":"https:\/\/9staedte.de\/wp-content\/uploads\/2023\/02\/celle-franzoeischer-garten-fruehling-c-Stadt-Celle.jpg","type":"image\/jpeg"}],"twitter_card":"summary_large_image","twitter_misc":{"Dur\u00e9e de lecture estim\u00e9e":"2 minutes"},"schema":{"@context":"https:\/\/schema.org","@graph":[{"@type":"WebPage","@id":"https:\/\/9staedte.de\/fr\/celle-une-charmante-ville-residentielle\/decouverte-de-la-nature-et-durabilite-a-celle\/","url":"https:\/\/9staedte.de\/fr\/celle-une-charmante-ville-residentielle\/decouverte-de-la-nature-et-durabilite-a-celle\/","name":"D\u00e9couverte de la nature et durabilit\u00e9 \u00e0 Celle - 9 St\u00e4dte in Niedersachsen","isPartOf":{"@id":"https:\/\/9staedte.de\/fr\/#website"},"primaryImageOfPage":{"@id":"https:\/\/9staedte.de\/fr\/celle-une-charmante-ville-residentielle\/decouverte-de-la-nature-et-durabilite-a-celle\/#primaryimage"},"image":{"@id":"https:\/\/9staedte.de\/fr\/celle-une-charmante-ville-residentielle\/decouverte-de-la-nature-et-durabilite-a-celle\/#primaryimage"},"thumbnailUrl":"https:\/\/9staedte.de\/wp-content\/uploads\/2023\/02\/celle-franzoeischer-garten-fruehling-c-Stadt-Celle.jpg","datePublished":"2023-11-02T08:48:31+00:00","dateModified":"2025-05-08T13:07:40+00:00","breadcrumb":{"@id":"https:\/\/9staedte.de\/fr\/celle-une-charmante-ville-residentielle\/decouverte-de-la-nature-et-durabilite-a-celle\/#breadcrumb"},"inLanguage":"fr-FR","potentialAction":[{"@type":"ReadAction","target":["https:\/\/9staedte.de\/fr\/celle-une-charmante-ville-residentielle\/decouverte-de-la-nature-et-durabilite-a-celle\/"]}]},{"@type":"ImageObject","inLanguage":"fr-FR","@id":"https:\/\/9staedte.de\/fr\/celle-une-charmante-ville-residentielle\/decouverte-de-la-nature-et-durabilite-a-celle\/#primaryimage","url":"https:\/\/9staedte.de\/wp-content\/uploads\/2023\/02\/celle-franzoeischer-garten-fruehling-c-Stadt-Celle.jpg","contentUrl":"https:\/\/9staedte.de\/wp-content\/uploads\/2023\/02\/celle-franzoeischer-garten-fruehling-c-Stadt-Celle.jpg","width":1020,"height":587,"caption":"celle-franzoeischer-garten-fruehling c) Stadt Celle"},{"@type":"BreadcrumbList","@id":"https:\/\/9staedte.de\/fr\/celle-une-charmante-ville-residentielle\/decouverte-de-la-nature-et-durabilite-a-celle\/#breadcrumb","itemListElement":[{"@type":"ListItem","position":1,"name":"Startseite","item":"https:\/\/9staedte.de\/fr\/"},{"@type":"ListItem","position":2,"name":"Celle &#8211; une charmante ville r\u00e9sidentielle","item":"https:\/\/9staedte.de\/fr\/celle-une-charmante-ville-residentielle\/"},{"@type":"ListItem","position":3,"name":"D\u00e9couverte de la nature et durabilit\u00e9 \u00e0 Celle"}]},{"@type":"WebSite","@id":"https:\/\/9staedte.de\/fr\/#website","url":"https:\/\/9staedte.de\/fr\/","name":"9 St\u00e4dte in Niedersachsen","description":"","publisher":{"@id":"https:\/\/9staedte.de\/fr\/#organization"},"potentialAction":[{"@type":"SearchAction","target":{"@type":"EntryPoint","urlTemplate":"https:\/\/9staedte.de\/fr\/?s={search_term_string}"},"query-input":{"@type":"PropertyValueSpecification","valueRequired":true,"valueName":"search_term_string"}}],"inLanguage":"fr-FR"},{"@type":"Organization","@id":"https:\/\/9staedte.de\/fr\/#organization","name":"9 St\u00e4dte in Niedersachsen","url":"https:\/\/9staedte.de\/fr\/","logo":{"@type":"ImageObject","inLanguage":"fr-FR","@id":"https:\/\/9staedte.de\/fr\/#\/schema\/logo\/image\/","url":"https:\/\/9staedte.de\/wp-content\/uploads\/2025\/01\/9-neg-deutsch-2-1.png","contentUrl":"https:\/\/9staedte.de\/wp-content\/uploads\/2025\/01\/9-neg-deutsch-2-1.png","width":190,"height":114,"caption":"9 St\u00e4dte in Niedersachsen"},"image":{"@id":"https:\/\/9staedte.de\/fr\/#\/schema\/logo\/image\/"}}]}},"_links":{"self":[{"href":"https:\/\/9staedte.de\/fr\/wp-json\/wp\/v2\/pages\/17408","targetHints":{"allow":["GET"]}}],"collection":[{"href":"https:\/\/9staedte.de\/fr\/wp-json\/wp\/v2\/pages"}],"about":[{"href":"https:\/\/9staedte.de\/fr\/wp-json\/wp\/v2\/types\/page"}],"author":[{"embeddable":true,"href":"https:\/\/9staedte.de\/fr\/wp-json\/wp\/v2\/users\/1"}],"replies":[{"embeddable":true,"href":"https:\/\/9staedte.de\/fr\/wp-json\/wp\/v2\/comments?post=17408"}],"version-history":[{"count":4,"href":"https:\/\/9staedte.de\/fr\/wp-json\/wp\/v2\/pages\/17408\/revisions"}],"predecessor-version":[{"id":25414,"href":"https:\/\/9staedte.de\/fr\/wp-json\/wp\/v2\/pages\/17408\/revisions\/25414"}],"up":[{"embeddable":true,"href":"https:\/\/9staedte.de\/fr\/wp-json\/wp\/v2\/pages\/18079"}],"wp:featuredmedia":[{"embeddable":true,"href":"https:\/\/9staedte.de\/fr\/wp-json\/wp\/v2\/media\/16483"}],"wp:attachment":[{"href":"https:\/\/9staedte.de\/fr\/wp-json\/wp\/v2\/media?parent=17408"}],"wp:term":[{"taxonomy":"category","embeddable":true,"href":"https:\/\/9staedte.de\/fr\/wp-json\/wp\/v2\/categories?post=17408"},{"taxonomy":"post_tag","embeddable":true,"href":"https:\/\/9staedte.de\/fr\/wp-json\/wp\/v2\/tags?post=17408"},{"taxonomy":"ncap_cities_tax","embeddable":true,"href":"https:\/\/9staedte.de\/fr\/wp-json\/wp\/v2\/ncap_cities_tax?post=17408"}],"curies":[{"name":"wp","href":"https:\/\/api.w.org\/{rel}","templated":true}]}}