{"id":17403,"date":"2023-11-02T09:48:30","date_gmt":"2023-11-02T08:48:30","guid":{"rendered":"https:\/\/9staedte.de\/informations-sur-les-guides-et-les-excursions-a-goettingen\/"},"modified":"2025-05-15T17:29:47","modified_gmt":"2025-05-15T15:29:47","slug":"informations-sur-les-guides-et-les-excursions-a-goettingen","status":"publish","type":"page","link":"https:\/\/9staedte.de\/fr\/gottingen-une-ville-qui-cree-le-savoir\/informations-sur-les-guides-et-les-excursions-a-goettingen\/","title":{"rendered":"Informations sur les guides et les excursions \u00e0 G\u00f6ttingen"},"content":{"rendered":"\n<h2 class=\"wp-block-heading\">Contact guide et excursions G\u00f6ttingen :<\/h2>\n\n\n\n<h3 class=\"wp-block-heading\">Vols d&rsquo;une journ\u00e9e<\/h3>\n\n\n\n<h4 class=\"wp-block-heading\">Tour du Weserbergland<\/h4>\n\n\n\n<p>\u00c0 l&rsquo;ouest de G\u00f6ttingen s&rsquo;\u00e9tend la r\u00e9gion du Weserbergland avec de nombreuses attractions touristiques. En route, visitez la ville aux trois rivi\u00e8res de Hann. M\u00fcnden, le monast\u00e8re de Bursfelde et la manufacture de porcelaine de F\u00fcrstenberg ou profitez d&rsquo;une croisi\u00e8re fluviale sur la Weser en toute d\u00e9contraction !<\/p>\n\n\n\n<h4 class=\"wp-block-heading\">En route dans l&rsquo;Eichsfeld<\/h4>\n\n\n\n<p>Un voyage \u00e0 travers le paysage historique de l&rsquo;Eichsfeld combine parfaitement les exp\u00e9riences naturelles et culturelles. D\u00e9couvrez le mus\u00e9e europ\u00e9en du pain et le moulin Wilhelm Busch \u00e0 Eberg\u00f6tzen, le lac de Seeburg, les maisons \u00e0 colombages de Duderstadt ou le mus\u00e9e frontalier de Teistungen.<\/p>\n\n\n\n<h4 class=\"wp-block-heading\">Voyage en r\u00e9sine<\/h4>\n\n\n\n<p>Un voyage panoramique vous emm\u00e8ne dans le monde l\u00e9gendaire des montagnes et des for\u00eats du parc national du Harz. D&rsquo;autres \u00e9tapes sont le barrage d&rsquo;Ocker et les villes mini\u00e8res de St. Andreasberg et Clausthal-Zellerfeld.<\/p>\n\n\n\n<h4 class=\"wp-block-heading\">Prix pour tous les tours :<\/h4>\n\n\n\n<p>Accompagnement sp\u00e9cialis\u00e9, excursion d&rsquo;une demi-journ\u00e9e\/4 heures :<br>\u20ac 140,00 (allemand) et \u20ac 180,00 (langue \u00e9trang\u00e8re)<br>Voyage d&rsquo;une journ\u00e9e\/8 heures :<br>sur demande<br>Autocars sur demande.<\/p>\n\n\n\n<h4 class=\"wp-block-heading\">R\u00e9servations aupr\u00e8s de :<\/h4>\n\n\n\n<p>Tourist-Information<br>Markt 8<br>37073 G\u00f6ttingen<br>Tel.: +49 (0)551 49980-0<br><a href=\"mailto:info@goettingen-tourismus.de\">info@goettingen-tourismus.de<\/a><br><a href=\"http:\/\/www.goettingen-tourismus.de\">www.goettingen-tourismus.de<\/a><\/p>\n\n\n\n<p><\/p>\n","protected":false},"excerpt":{"rendered":"<p>Contact guide et excursions G\u00f6ttingen : Vols d&rsquo;une journ\u00e9e Tour du Weserbergland \u00c0 l&rsquo;ouest de G\u00f6ttingen s&rsquo;\u00e9tend la r\u00e9gion du Weserbergland avec de nombreuses attractions touristiques. En route, visitez la ville aux trois rivi\u00e8res de Hann. M\u00fcnden, le monast\u00e8re de Bursfelde et la manufacture de porcelaine de F\u00fcrstenberg ou profitez d&rsquo;une croisi\u00e8re fluviale sur la [&hellip;]<\/p>\n","protected":false},"author":1,"featured_media":17410,"parent":17986,"menu_order":0,"comment_status":"closed","ping_status":"closed","template":"pagetemplates\/template-stadtthema.php","meta":{"_acf_changed":false,"footnotes":""},"categories":[],"tags":[],"ncap_cities_tax":[438,1278],"class_list":["post-17403","page","type-page","status-publish","has-post-thumbnail","hentry","ncap_cities_tax-goettingen-fr","ncap_cities_tax-reiseleitung-und-ausflugen-goettingen-fr"],"acf":[],"yoast_head":"<!-- This site is optimized with the Yoast SEO plugin v26.8 - https:\/\/yoast.com\/product\/yoast-seo-wordpress\/ -->\n<title>Informations sur les guides et les excursions \u00e0 G\u00f6ttingen - 9 St\u00e4dte in Niedersachsen<\/title>\n<meta name=\"robots\" content=\"index, follow, max-snippet:-1, max-image-preview:large, max-video-preview:-1\" \/>\n<link rel=\"canonical\" href=\"https:\/\/9staedte.de\/fr\/gottingen-une-ville-qui-cree-le-savoir\/informations-sur-les-guides-et-les-excursions-a-goettingen\/\" \/>\n<meta property=\"og:locale\" content=\"fr_FR\" \/>\n<meta property=\"og:type\" content=\"article\" \/>\n<meta property=\"og:title\" content=\"Informations sur les guides et les excursions \u00e0 G\u00f6ttingen - 9 St\u00e4dte in Niedersachsen\" \/>\n<meta property=\"og:description\" content=\"Contact guide et excursions G\u00f6ttingen : Vols d&rsquo;une journ\u00e9e Tour du Weserbergland \u00c0 l&rsquo;ouest de G\u00f6ttingen s&rsquo;\u00e9tend la r\u00e9gion du Weserbergland avec de nombreuses attractions touristiques. En route, visitez la ville aux trois rivi\u00e8res de Hann. M\u00fcnden, le monast\u00e8re de Bursfelde et la manufacture de porcelaine de F\u00fcrstenberg ou profitez d&rsquo;une croisi\u00e8re fluviale sur la [&hellip;]\" \/>\n<meta property=\"og:url\" content=\"https:\/\/9staedte.de\/fr\/gottingen-une-ville-qui-cree-le-savoir\/informations-sur-les-guides-et-les-excursions-a-goettingen\/\" \/>\n<meta property=\"og:site_name\" content=\"9 St\u00e4dte in Niedersachsen\" \/>\n<meta property=\"article:modified_time\" content=\"2025-05-15T15:29:47+00:00\" \/>\n<meta property=\"og:image\" content=\"https:\/\/9staedte.de\/wp-content\/uploads\/2023\/02\/Werrabruecke-CC0-Lizenz_c_Max-Wiesenbach_Hann.-Muenden-Marketing-GmbH.jpg\" \/>\n\t<meta property=\"og:image:width\" content=\"1020\" \/>\n\t<meta property=\"og:image:height\" content=\"560\" \/>\n\t<meta property=\"og:image:type\" content=\"image\/jpeg\" \/>\n<meta name=\"twitter:card\" content=\"summary_large_image\" \/>\n<meta name=\"twitter:label1\" content=\"Dur\u00e9e de lecture estim\u00e9e\" \/>\n\t<meta name=\"twitter:data1\" content=\"2 minutes\" \/>\n<script type=\"application\/ld+json\" class=\"yoast-schema-graph\">{\"@context\":\"https:\/\/schema.org\",\"@graph\":[{\"@type\":\"WebPage\",\"@id\":\"https:\/\/9staedte.de\/fr\/gottingen-une-ville-qui-cree-le-savoir\/informations-sur-les-guides-et-les-excursions-a-goettingen\/\",\"url\":\"https:\/\/9staedte.de\/fr\/gottingen-une-ville-qui-cree-le-savoir\/informations-sur-les-guides-et-les-excursions-a-goettingen\/\",\"name\":\"Informations sur les guides et les excursions \u00e0 G\u00f6ttingen - 9 St\u00e4dte in Niedersachsen\",\"isPartOf\":{\"@id\":\"https:\/\/9staedte.de\/fr\/#website\"},\"primaryImageOfPage\":{\"@id\":\"https:\/\/9staedte.de\/fr\/gottingen-une-ville-qui-cree-le-savoir\/informations-sur-les-guides-et-les-excursions-a-goettingen\/#primaryimage\"},\"image\":{\"@id\":\"https:\/\/9staedte.de\/fr\/gottingen-une-ville-qui-cree-le-savoir\/informations-sur-les-guides-et-les-excursions-a-goettingen\/#primaryimage\"},\"thumbnailUrl\":\"https:\/\/9staedte.de\/wp-content\/uploads\/2023\/02\/Werrabruecke-CC0-Lizenz_c_Max-Wiesenbach_Hann.-Muenden-Marketing-GmbH.jpg\",\"datePublished\":\"2023-11-02T08:48:30+00:00\",\"dateModified\":\"2025-05-15T15:29:47+00:00\",\"breadcrumb\":{\"@id\":\"https:\/\/9staedte.de\/fr\/gottingen-une-ville-qui-cree-le-savoir\/informations-sur-les-guides-et-les-excursions-a-goettingen\/#breadcrumb\"},\"inLanguage\":\"fr-FR\",\"potentialAction\":[{\"@type\":\"ReadAction\",\"target\":[\"https:\/\/9staedte.de\/fr\/gottingen-une-ville-qui-cree-le-savoir\/informations-sur-les-guides-et-les-excursions-a-goettingen\/\"]}]},{\"@type\":\"ImageObject\",\"inLanguage\":\"fr-FR\",\"@id\":\"https:\/\/9staedte.de\/fr\/gottingen-une-ville-qui-cree-le-savoir\/informations-sur-les-guides-et-les-excursions-a-goettingen\/#primaryimage\",\"url\":\"https:\/\/9staedte.de\/wp-content\/uploads\/2023\/02\/Werrabruecke-CC0-Lizenz_c_Max-Wiesenbach_Hann.-Muenden-Marketing-GmbH.jpg\",\"contentUrl\":\"https:\/\/9staedte.de\/wp-content\/uploads\/2023\/02\/Werrabruecke-CC0-Lizenz_c_Max-Wiesenbach_Hann.-Muenden-Marketing-GmbH.jpg\",\"width\":1020,\"height\":560,\"caption\":\"Hann. M\u00fcnden Werrabr\u00fccke CC0-Lizenz_(c)_Max Wiesenbach_Hann. M\u00fcnden Marketing GmbH\"},{\"@type\":\"BreadcrumbList\",\"@id\":\"https:\/\/9staedte.de\/fr\/gottingen-une-ville-qui-cree-le-savoir\/informations-sur-les-guides-et-les-excursions-a-goettingen\/#breadcrumb\",\"itemListElement\":[{\"@type\":\"ListItem\",\"position\":1,\"name\":\"Startseite\",\"item\":\"https:\/\/9staedte.de\/fr\/\"},{\"@type\":\"ListItem\",\"position\":2,\"name\":\"G\u00f6ttingen &#8211; une ville qui cr\u00e9e le savoir\",\"item\":\"https:\/\/9staedte.de\/fr\/gottingen-une-ville-qui-cree-le-savoir\/\"},{\"@type\":\"ListItem\",\"position\":3,\"name\":\"Informations sur les guides et les excursions \u00e0 G\u00f6ttingen\"}]},{\"@type\":\"WebSite\",\"@id\":\"https:\/\/9staedte.de\/fr\/#website\",\"url\":\"https:\/\/9staedte.de\/fr\/\",\"name\":\"9 St\u00e4dte in Niedersachsen\",\"description\":\"\",\"publisher\":{\"@id\":\"https:\/\/9staedte.de\/fr\/#organization\"},\"potentialAction\":[{\"@type\":\"SearchAction\",\"target\":{\"@type\":\"EntryPoint\",\"urlTemplate\":\"https:\/\/9staedte.de\/fr\/?s={search_term_string}\"},\"query-input\":{\"@type\":\"PropertyValueSpecification\",\"valueRequired\":true,\"valueName\":\"search_term_string\"}}],\"inLanguage\":\"fr-FR\"},{\"@type\":\"Organization\",\"@id\":\"https:\/\/9staedte.de\/fr\/#organization\",\"name\":\"9 St\u00e4dte in Niedersachsen\",\"url\":\"https:\/\/9staedte.de\/fr\/\",\"logo\":{\"@type\":\"ImageObject\",\"inLanguage\":\"fr-FR\",\"@id\":\"https:\/\/9staedte.de\/fr\/#\/schema\/logo\/image\/\",\"url\":\"https:\/\/9staedte.de\/wp-content\/uploads\/2025\/01\/9-neg-deutsch-2-1.png\",\"contentUrl\":\"https:\/\/9staedte.de\/wp-content\/uploads\/2025\/01\/9-neg-deutsch-2-1.png\",\"width\":190,\"height\":114,\"caption\":\"9 St\u00e4dte in Niedersachsen\"},\"image\":{\"@id\":\"https:\/\/9staedte.de\/fr\/#\/schema\/logo\/image\/\"}}]}<\/script>\n<!-- \/ Yoast SEO plugin. -->","yoast_head_json":{"title":"Informations sur les guides et les excursions \u00e0 G\u00f6ttingen - 9 St\u00e4dte in Niedersachsen","robots":{"index":"index","follow":"follow","max-snippet":"max-snippet:-1","max-image-preview":"max-image-preview:large","max-video-preview":"max-video-preview:-1"},"canonical":"https:\/\/9staedte.de\/fr\/gottingen-une-ville-qui-cree-le-savoir\/informations-sur-les-guides-et-les-excursions-a-goettingen\/","og_locale":"fr_FR","og_type":"article","og_title":"Informations sur les guides et les excursions \u00e0 G\u00f6ttingen - 9 St\u00e4dte in Niedersachsen","og_description":"Contact guide et excursions G\u00f6ttingen : Vols d&rsquo;une journ\u00e9e Tour du Weserbergland \u00c0 l&rsquo;ouest de G\u00f6ttingen s&rsquo;\u00e9tend la r\u00e9gion du Weserbergland avec de nombreuses attractions touristiques. En route, visitez la ville aux trois rivi\u00e8res de Hann. M\u00fcnden, le monast\u00e8re de Bursfelde et la manufacture de porcelaine de F\u00fcrstenberg ou profitez d&rsquo;une croisi\u00e8re fluviale sur la [&hellip;]","og_url":"https:\/\/9staedte.de\/fr\/gottingen-une-ville-qui-cree-le-savoir\/informations-sur-les-guides-et-les-excursions-a-goettingen\/","og_site_name":"9 St\u00e4dte in Niedersachsen","article_modified_time":"2025-05-15T15:29:47+00:00","og_image":[{"width":1020,"height":560,"url":"https:\/\/9staedte.de\/wp-content\/uploads\/2023\/02\/Werrabruecke-CC0-Lizenz_c_Max-Wiesenbach_Hann.-Muenden-Marketing-GmbH.jpg","type":"image\/jpeg"}],"twitter_card":"summary_large_image","twitter_misc":{"Dur\u00e9e de lecture estim\u00e9e":"2 minutes"},"schema":{"@context":"https:\/\/schema.org","@graph":[{"@type":"WebPage","@id":"https:\/\/9staedte.de\/fr\/gottingen-une-ville-qui-cree-le-savoir\/informations-sur-les-guides-et-les-excursions-a-goettingen\/","url":"https:\/\/9staedte.de\/fr\/gottingen-une-ville-qui-cree-le-savoir\/informations-sur-les-guides-et-les-excursions-a-goettingen\/","name":"Informations sur les guides et les excursions \u00e0 G\u00f6ttingen - 9 St\u00e4dte in Niedersachsen","isPartOf":{"@id":"https:\/\/9staedte.de\/fr\/#website"},"primaryImageOfPage":{"@id":"https:\/\/9staedte.de\/fr\/gottingen-une-ville-qui-cree-le-savoir\/informations-sur-les-guides-et-les-excursions-a-goettingen\/#primaryimage"},"image":{"@id":"https:\/\/9staedte.de\/fr\/gottingen-une-ville-qui-cree-le-savoir\/informations-sur-les-guides-et-les-excursions-a-goettingen\/#primaryimage"},"thumbnailUrl":"https:\/\/9staedte.de\/wp-content\/uploads\/2023\/02\/Werrabruecke-CC0-Lizenz_c_Max-Wiesenbach_Hann.-Muenden-Marketing-GmbH.jpg","datePublished":"2023-11-02T08:48:30+00:00","dateModified":"2025-05-15T15:29:47+00:00","breadcrumb":{"@id":"https:\/\/9staedte.de\/fr\/gottingen-une-ville-qui-cree-le-savoir\/informations-sur-les-guides-et-les-excursions-a-goettingen\/#breadcrumb"},"inLanguage":"fr-FR","potentialAction":[{"@type":"ReadAction","target":["https:\/\/9staedte.de\/fr\/gottingen-une-ville-qui-cree-le-savoir\/informations-sur-les-guides-et-les-excursions-a-goettingen\/"]}]},{"@type":"ImageObject","inLanguage":"fr-FR","@id":"https:\/\/9staedte.de\/fr\/gottingen-une-ville-qui-cree-le-savoir\/informations-sur-les-guides-et-les-excursions-a-goettingen\/#primaryimage","url":"https:\/\/9staedte.de\/wp-content\/uploads\/2023\/02\/Werrabruecke-CC0-Lizenz_c_Max-Wiesenbach_Hann.-Muenden-Marketing-GmbH.jpg","contentUrl":"https:\/\/9staedte.de\/wp-content\/uploads\/2023\/02\/Werrabruecke-CC0-Lizenz_c_Max-Wiesenbach_Hann.-Muenden-Marketing-GmbH.jpg","width":1020,"height":560,"caption":"Hann. M\u00fcnden Werrabr\u00fccke CC0-Lizenz_(c)_Max Wiesenbach_Hann. M\u00fcnden Marketing GmbH"},{"@type":"BreadcrumbList","@id":"https:\/\/9staedte.de\/fr\/gottingen-une-ville-qui-cree-le-savoir\/informations-sur-les-guides-et-les-excursions-a-goettingen\/#breadcrumb","itemListElement":[{"@type":"ListItem","position":1,"name":"Startseite","item":"https:\/\/9staedte.de\/fr\/"},{"@type":"ListItem","position":2,"name":"G\u00f6ttingen &#8211; une ville qui cr\u00e9e le savoir","item":"https:\/\/9staedte.de\/fr\/gottingen-une-ville-qui-cree-le-savoir\/"},{"@type":"ListItem","position":3,"name":"Informations sur les guides et les excursions \u00e0 G\u00f6ttingen"}]},{"@type":"WebSite","@id":"https:\/\/9staedte.de\/fr\/#website","url":"https:\/\/9staedte.de\/fr\/","name":"9 St\u00e4dte in Niedersachsen","description":"","publisher":{"@id":"https:\/\/9staedte.de\/fr\/#organization"},"potentialAction":[{"@type":"SearchAction","target":{"@type":"EntryPoint","urlTemplate":"https:\/\/9staedte.de\/fr\/?s={search_term_string}"},"query-input":{"@type":"PropertyValueSpecification","valueRequired":true,"valueName":"search_term_string"}}],"inLanguage":"fr-FR"},{"@type":"Organization","@id":"https:\/\/9staedte.de\/fr\/#organization","name":"9 St\u00e4dte in Niedersachsen","url":"https:\/\/9staedte.de\/fr\/","logo":{"@type":"ImageObject","inLanguage":"fr-FR","@id":"https:\/\/9staedte.de\/fr\/#\/schema\/logo\/image\/","url":"https:\/\/9staedte.de\/wp-content\/uploads\/2025\/01\/9-neg-deutsch-2-1.png","contentUrl":"https:\/\/9staedte.de\/wp-content\/uploads\/2025\/01\/9-neg-deutsch-2-1.png","width":190,"height":114,"caption":"9 St\u00e4dte in Niedersachsen"},"image":{"@id":"https:\/\/9staedte.de\/fr\/#\/schema\/logo\/image\/"}}]}},"_links":{"self":[{"href":"https:\/\/9staedte.de\/fr\/wp-json\/wp\/v2\/pages\/17403","targetHints":{"allow":["GET"]}}],"collection":[{"href":"https:\/\/9staedte.de\/fr\/wp-json\/wp\/v2\/pages"}],"about":[{"href":"https:\/\/9staedte.de\/fr\/wp-json\/wp\/v2\/types\/page"}],"author":[{"embeddable":true,"href":"https:\/\/9staedte.de\/fr\/wp-json\/wp\/v2\/users\/1"}],"replies":[{"embeddable":true,"href":"https:\/\/9staedte.de\/fr\/wp-json\/wp\/v2\/comments?post=17403"}],"version-history":[{"count":2,"href":"https:\/\/9staedte.de\/fr\/wp-json\/wp\/v2\/pages\/17403\/revisions"}],"predecessor-version":[{"id":25923,"href":"https:\/\/9staedte.de\/fr\/wp-json\/wp\/v2\/pages\/17403\/revisions\/25923"}],"up":[{"embeddable":true,"href":"https:\/\/9staedte.de\/fr\/wp-json\/wp\/v2\/pages\/17986"}],"wp:featuredmedia":[{"embeddable":true,"href":"https:\/\/9staedte.de\/fr\/wp-json\/wp\/v2\/media\/17410"}],"wp:attachment":[{"href":"https:\/\/9staedte.de\/fr\/wp-json\/wp\/v2\/media?parent=17403"}],"wp:term":[{"taxonomy":"category","embeddable":true,"href":"https:\/\/9staedte.de\/fr\/wp-json\/wp\/v2\/categories?post=17403"},{"taxonomy":"post_tag","embeddable":true,"href":"https:\/\/9staedte.de\/fr\/wp-json\/wp\/v2\/tags?post=17403"},{"taxonomy":"ncap_cities_tax","embeddable":true,"href":"https:\/\/9staedte.de\/fr\/wp-json\/wp\/v2\/ncap_cities_tax?post=17403"}],"curies":[{"name":"wp","href":"https:\/\/api.w.org\/{rel}","templated":true}]}}