{"id":17374,"date":"2023-11-02T09:48:28","date_gmt":"2023-11-02T08:48:28","guid":{"rendered":"https:\/\/9staedte.de\/marche-de-noel-a-goslar\/"},"modified":"2026-03-23T13:10:41","modified_gmt":"2026-03-23T12:10:41","slug":"marche-de-noel-a-goslar","status":"publish","type":"page","link":"https:\/\/9staedte.de\/fr\/goslar-patrimoine-culturel-mondial-dans-le-harz\/marche-de-noel-a-goslar\/","title":{"rendered":"March\u00e9 de No\u00ebl \u00e0 Goslar"},"content":{"rendered":"\n<h2 class=\"wp-block-heading\">March\u00e9 de No\u00ebl et for\u00eat de No\u00ebl<\/h2>\n\n<p>Chaque ann\u00e9e, Goslar brille de mille feux : le march\u00e9 de No\u00ebl d\u00e9gage une odeur all\u00e9chante de cannelle, de pommes grill\u00e9es et d&rsquo;amandes grill\u00e9es &#8211; No\u00ebl est dans l&rsquo;air ! Encadr\u00e9s de mani\u00e8re romantique par les coulisses de la place du march\u00e9, 80 chalets en bois d\u00e9cor\u00e9s avec soin invitent \u00e0 la fl\u00e2nerie et \u00e0 la gourmandise. La for\u00eat de No\u00ebl est un point fort particulier. Entour\u00e9 de 60 conif\u00e8res illumin\u00e9s, il est particuli\u00e8rement agr\u00e9able de d\u00e9guster une boisson chaude. L&rsquo;\u00e9clairage d&rsquo;ambiance et l&rsquo;animation garantissent une exp\u00e9rience de l&rsquo;Avent incomparable.<br\/>Depuis cette ann\u00e9e, le march\u00e9 de No\u00ebl de Goslar compte officiellement parmi les plus beaux d&rsquo;Europe et porte le label \u00ab\u00a0Excellent European Christmas Market 2025\u00a0\u00bb.    <\/p>\n\n<p><a href=\"https:\/\/www.weihnachtswald.de\/\" target=\"_blank\" rel=\"noreferrer noopener\">Plus d&rsquo;informations<\/a><\/p>\n\n\n<div class=\"banner-wrapper\">\n  <div class=\"banner-inner \">\n      <div class=\"img-container\">\n      <div class=\"img-wrapper\">\n        <img decoding=\"async\" src=\"https:\/\/9staedte.de\/wp-content\/smush-webp\/2025\/09\/Goslar_Weihnachtswald_GOSLAR_marketing_gmbh_Michael_Abid.jpg.webp\" alt=\"L\u2019image montre un march\u00e9 de No\u00ebl \u00e0 Goslar. De nombreux sapins se tiennent sur la place. Les arbres brillent avec de nombreuses petites lumi\u00e8res. Les maisons autour de la place sont \u00e0 colombages.\" \/>\n                  <div class=\"thumbnail-label\">\n            <span>Goslar Weihnachtswald c) GOSLAR marketing gmbh Michael_Abid<\/span>\n          <\/div>\n              <\/div>\n    <\/div>\n        <div class=\"text-container\">\n      <div class=\"content\">\n        <p class=\"h3\"><strong>9 conseils pour visiter le march\u00e9 de No\u00ebl de Goslar<\/strong><\/p>\n<ul>\n<li>D\u00e9couvrez l&rsquo;atmosph\u00e8re romantique de la for\u00eat de No\u00ebl parmi 160.000 lumi\u00e8res<\/li>\n<li>Profiter d&rsquo;une vue de r\u00eave depuis l&rsquo;\u00e9chelle c\u00e9leste de la Marktkirche<\/li>\n<li>Atelier de No\u00ebl pour les enfants<\/li>\n<li>Le Rammelsberg de No\u00ebl en surface et sous terre<\/li>\n<li>L&rsquo;Avent avec l&rsquo;artisanat \u00e0 la Grande Sainte-Croix<\/li>\n<li>Apr\u00e8s-midi en famille le 10 d\u00e9cembre<\/li>\n<li>F\u00eates du X-MAS le week-end<\/li>\n<li>Programme d&rsquo;activit\u00e9s avant No\u00ebl<\/li>\n<li>Shopping de No\u00ebl le long des rues commer\u00e7antes illumin\u00e9es pour l&rsquo;occasion<\/li>\n<\/ul>\n      <\/div>\n    <\/div>\n    <\/div>\n<\/div>\n\n\n<div class=\"wp-block-columns is-layout-flex wp-container-core-columns-is-layout-9d6595d7 wp-block-columns-is-layout-flex\">\n<div class=\"wp-block-column is-layout-flow wp-block-column-is-layout-flow\" style=\"flex-basis:66.66%\">\n <div class=\"brlbs-cmpnt-container brlbs-cmpnt-content-blocker brlbs-cmpnt-with-individual-styles\" data-borlabs-cookie-content-blocker-id=\"google-maps\" data-borlabs-cookie-content=\"PGlmcmFtZSBzcmM9Imh0dHBzOi8vd3d3Lmdvb2dsZS5jb20vbWFwcy9kL3UvMC9lbWJlZD9taWQ9MVFvdXdCT2xzZGs4VlVBQ0JqYVBSNV9GVkdoT01SWkkmZWhiYz0yRTMxMkYiIHdpZHRoPSI2NDAiIGhlaWdodD0iNDgwIj48L2lmcmFtZT4=\"><div class=\"brlbs-cmpnt-cb-preset-b brlbs-cmpnt-cb-google-maps\"> <div class=\"brlbs-cmpnt-cb-thumbnail\" style=\"background-image: url('https:\/\/9staedte.de\/wp-content\/uploads\/borlabs-cookie\/1\/brlbs-cb-google-maps-main.png')\"><\/div> <div class=\"brlbs-cmpnt-cb-main\"> <div class=\"brlbs-cmpnt-cb-content\"> <p class=\"brlbs-cmpnt-cb-description\">Vous \u00eates actuellement en train de consulter le contenu d&rsquo;un espace r\u00e9serv\u00e9 de <strong>Google Maps<\/strong>. Pour acc\u00e9der au contenu r\u00e9el, cliquez sur le bouton ci-dessous. Veuillez noter que ce faisant, des donn\u00e9es seront partag\u00e9es avec des providers tiers.<\/p> <a class=\"brlbs-cmpnt-cb-provider-toggle\" href=\"#\" data-borlabs-cookie-show-provider-information role=\"button\">Plus d&rsquo;informations<\/a> <\/div> <div class=\"brlbs-cmpnt-cb-buttons\"> <a class=\"brlbs-cmpnt-cb-btn\" href=\"#\" data-borlabs-cookie-unblock role=\"button\">D\u00e9bloquer le contenu<\/a> <a class=\"brlbs-cmpnt-cb-btn\" href=\"#\" data-borlabs-cookie-accept-service role=\"button\" style=\"display: inherit\">Accepter le service requis et d\u00e9bloquer le contenu<\/a> <\/div> <\/div> <\/div><\/div>\n<\/div>\n\n\n\n<div class=\"wp-block-column is-layout-flow wp-block-column-is-layout-flow\" style=\"flex-basis:33.33%\">\n<h4 class=\"wp-block-heading\">March\u00e9s de No\u00ebl \u00e0 Goslar<\/h4>\n\n\n\n<ul class=\"wp-block-list map-legend main-legend\">\n<li>March\u00e9 de No\u00ebl (place du march\u00e9)<\/li>\n\n\n\n<li>For\u00eat de No\u00ebl (Schuhhof)<\/li>\n\n\n\n<li>Le Rammelsberg de No\u00ebl<\/li>\n<\/ul>\n<\/div>\n<\/div>\n\n<p><\/p>\n","protected":false},"excerpt":{"rendered":"<p>March\u00e9 de No\u00ebl et for\u00eat de No\u00ebl Chaque ann\u00e9e, Goslar brille de mille feux : le march\u00e9 de No\u00ebl d\u00e9gage une odeur all\u00e9chante de cannelle, de pommes grill\u00e9es et d&rsquo;amandes grill\u00e9es &#8211; No\u00ebl est dans l&rsquo;air ! Encadr\u00e9s de mani\u00e8re romantique par les coulisses de la place du march\u00e9, 80 chalets en bois d\u00e9cor\u00e9s avec [&hellip;]<\/p>\n","protected":false},"author":1,"featured_media":24571,"parent":17930,"menu_order":0,"comment_status":"closed","ping_status":"closed","template":"pagetemplates\/template-stadtthema.php","meta":{"_acf_changed":false,"footnotes":""},"categories":[],"tags":[],"ncap_cities_tax":[444,514],"class_list":["post-17374","page","type-page","status-publish","has-post-thumbnail","hentry","ncap_cities_tax-goslar-fr","ncap_cities_tax-weihnachtsmarkte-goslar-fr"],"acf":[],"yoast_head":"<!-- This site is optimized with the Yoast SEO plugin v26.8 - https:\/\/yoast.com\/product\/yoast-seo-wordpress\/ -->\n<title>March\u00e9 de No\u00ebl \u00e0 Goslar - 9 St\u00e4dte in Niedersachsen<\/title>\n<meta name=\"description\" content=\"Devant le d\u00e9cor de la place du march\u00e9, des cabanes en bois joliment d\u00e9cor\u00e9es invitent \u00e0 la gourmandise. La for\u00eat de No\u00ebl est un point fort particulier.\" \/>\n<meta name=\"robots\" content=\"index, follow, max-snippet:-1, max-image-preview:large, max-video-preview:-1\" \/>\n<link rel=\"canonical\" href=\"https:\/\/9staedte.de\/fr\/goslar-patrimoine-culturel-mondial-dans-le-harz\/marche-de-noel-a-goslar\/\" \/>\n<meta property=\"og:locale\" content=\"fr_FR\" \/>\n<meta property=\"og:type\" content=\"article\" \/>\n<meta property=\"og:title\" content=\"March\u00e9 de No\u00ebl \u00e0 Goslar - 9 St\u00e4dte in Niedersachsen\" \/>\n<meta property=\"og:description\" content=\"Devant le d\u00e9cor de la place du march\u00e9, des cabanes en bois joliment d\u00e9cor\u00e9es invitent \u00e0 la gourmandise. La for\u00eat de No\u00ebl est un point fort particulier.\" \/>\n<meta property=\"og:url\" content=\"https:\/\/9staedte.de\/fr\/goslar-patrimoine-culturel-mondial-dans-le-harz\/marche-de-noel-a-goslar\/\" \/>\n<meta property=\"og:site_name\" content=\"9 St\u00e4dte in Niedersachsen\" \/>\n<meta property=\"article:modified_time\" content=\"2026-03-23T12:10:41+00:00\" \/>\n<meta property=\"og:image\" content=\"https:\/\/9staedte.de\/wp-content\/uploads\/2025\/02\/Goslar-Christmas-Market-Blue-hour-c-GOSLAR-marketing-Michael-Abid.jpg\" \/>\n\t<meta property=\"og:image:width\" content=\"1020\" \/>\n\t<meta property=\"og:image:height\" content=\"560\" \/>\n\t<meta property=\"og:image:type\" content=\"image\/jpeg\" \/>\n<meta name=\"twitter:card\" content=\"summary_large_image\" \/>\n<meta name=\"twitter:label1\" content=\"Dur\u00e9e de lecture estim\u00e9e\" \/>\n\t<meta name=\"twitter:data1\" content=\"1 minute\" \/>\n<script type=\"application\/ld+json\" class=\"yoast-schema-graph\">{\"@context\":\"https:\/\/schema.org\",\"@graph\":[{\"@type\":\"WebPage\",\"@id\":\"https:\/\/9staedte.de\/fr\/goslar-patrimoine-culturel-mondial-dans-le-harz\/marche-de-noel-a-goslar\/\",\"url\":\"https:\/\/9staedte.de\/fr\/goslar-patrimoine-culturel-mondial-dans-le-harz\/marche-de-noel-a-goslar\/\",\"name\":\"March\u00e9 de No\u00ebl \u00e0 Goslar - 9 St\u00e4dte in Niedersachsen\",\"isPartOf\":{\"@id\":\"https:\/\/9staedte.de\/fr\/#website\"},\"primaryImageOfPage\":{\"@id\":\"https:\/\/9staedte.de\/fr\/goslar-patrimoine-culturel-mondial-dans-le-harz\/marche-de-noel-a-goslar\/#primaryimage\"},\"image\":{\"@id\":\"https:\/\/9staedte.de\/fr\/goslar-patrimoine-culturel-mondial-dans-le-harz\/marche-de-noel-a-goslar\/#primaryimage\"},\"thumbnailUrl\":\"https:\/\/9staedte.de\/wp-content\/uploads\/2025\/02\/Goslar-Christmas-Market-Blue-hour-c-GOSLAR-marketing-Michael-Abid.jpg\",\"datePublished\":\"2023-11-02T08:48:28+00:00\",\"dateModified\":\"2026-03-23T12:10:41+00:00\",\"description\":\"Devant le d\u00e9cor de la place du march\u00e9, des cabanes en bois joliment d\u00e9cor\u00e9es invitent \u00e0 la gourmandise. La for\u00eat de No\u00ebl est un point fort particulier.\",\"breadcrumb\":{\"@id\":\"https:\/\/9staedte.de\/fr\/goslar-patrimoine-culturel-mondial-dans-le-harz\/marche-de-noel-a-goslar\/#breadcrumb\"},\"inLanguage\":\"fr-FR\",\"potentialAction\":[{\"@type\":\"ReadAction\",\"target\":[\"https:\/\/9staedte.de\/fr\/goslar-patrimoine-culturel-mondial-dans-le-harz\/marche-de-noel-a-goslar\/\"]}]},{\"@type\":\"ImageObject\",\"inLanguage\":\"fr-FR\",\"@id\":\"https:\/\/9staedte.de\/fr\/goslar-patrimoine-culturel-mondial-dans-le-harz\/marche-de-noel-a-goslar\/#primaryimage\",\"url\":\"https:\/\/9staedte.de\/wp-content\/uploads\/2025\/02\/Goslar-Christmas-Market-Blue-hour-c-GOSLAR-marketing-Michael-Abid.jpg\",\"contentUrl\":\"https:\/\/9staedte.de\/wp-content\/uploads\/2025\/02\/Goslar-Christmas-Market-Blue-hour-c-GOSLAR-marketing-Michael-Abid.jpg\",\"width\":1020,\"height\":560,\"caption\":\"Goslar Christmas Market Blue hour c) GOSLAR marketing Michael Abid\"},{\"@type\":\"BreadcrumbList\",\"@id\":\"https:\/\/9staedte.de\/fr\/goslar-patrimoine-culturel-mondial-dans-le-harz\/marche-de-noel-a-goslar\/#breadcrumb\",\"itemListElement\":[{\"@type\":\"ListItem\",\"position\":1,\"name\":\"Startseite\",\"item\":\"https:\/\/9staedte.de\/fr\/\"},{\"@type\":\"ListItem\",\"position\":2,\"name\":\"Goslar &#8211; Patrimoine culturel mondial dans le Harz\",\"item\":\"https:\/\/9staedte.de\/fr\/goslar-patrimoine-culturel-mondial-dans-le-harz\/\"},{\"@type\":\"ListItem\",\"position\":3,\"name\":\"March\u00e9 de No\u00ebl \u00e0 Goslar\"}]},{\"@type\":\"WebSite\",\"@id\":\"https:\/\/9staedte.de\/fr\/#website\",\"url\":\"https:\/\/9staedte.de\/fr\/\",\"name\":\"9 St\u00e4dte in Niedersachsen\",\"description\":\"\",\"publisher\":{\"@id\":\"https:\/\/9staedte.de\/fr\/#organization\"},\"potentialAction\":[{\"@type\":\"SearchAction\",\"target\":{\"@type\":\"EntryPoint\",\"urlTemplate\":\"https:\/\/9staedte.de\/fr\/?s={search_term_string}\"},\"query-input\":{\"@type\":\"PropertyValueSpecification\",\"valueRequired\":true,\"valueName\":\"search_term_string\"}}],\"inLanguage\":\"fr-FR\"},{\"@type\":\"Organization\",\"@id\":\"https:\/\/9staedte.de\/fr\/#organization\",\"name\":\"9 St\u00e4dte in Niedersachsen\",\"url\":\"https:\/\/9staedte.de\/fr\/\",\"logo\":{\"@type\":\"ImageObject\",\"inLanguage\":\"fr-FR\",\"@id\":\"https:\/\/9staedte.de\/fr\/#\/schema\/logo\/image\/\",\"url\":\"https:\/\/9staedte.de\/wp-content\/uploads\/2025\/01\/9-neg-deutsch-2-1.png\",\"contentUrl\":\"https:\/\/9staedte.de\/wp-content\/uploads\/2025\/01\/9-neg-deutsch-2-1.png\",\"width\":190,\"height\":114,\"caption\":\"9 St\u00e4dte in Niedersachsen\"},\"image\":{\"@id\":\"https:\/\/9staedte.de\/fr\/#\/schema\/logo\/image\/\"}}]}<\/script>\n<!-- \/ Yoast SEO plugin. -->","yoast_head_json":{"title":"March\u00e9 de No\u00ebl \u00e0 Goslar - 9 St\u00e4dte in Niedersachsen","description":"Devant le d\u00e9cor de la place du march\u00e9, des cabanes en bois joliment d\u00e9cor\u00e9es invitent \u00e0 la gourmandise. La for\u00eat de No\u00ebl est un point fort particulier.","robots":{"index":"index","follow":"follow","max-snippet":"max-snippet:-1","max-image-preview":"max-image-preview:large","max-video-preview":"max-video-preview:-1"},"canonical":"https:\/\/9staedte.de\/fr\/goslar-patrimoine-culturel-mondial-dans-le-harz\/marche-de-noel-a-goslar\/","og_locale":"fr_FR","og_type":"article","og_title":"March\u00e9 de No\u00ebl \u00e0 Goslar - 9 St\u00e4dte in Niedersachsen","og_description":"Devant le d\u00e9cor de la place du march\u00e9, des cabanes en bois joliment d\u00e9cor\u00e9es invitent \u00e0 la gourmandise. La for\u00eat de No\u00ebl est un point fort particulier.","og_url":"https:\/\/9staedte.de\/fr\/goslar-patrimoine-culturel-mondial-dans-le-harz\/marche-de-noel-a-goslar\/","og_site_name":"9 St\u00e4dte in Niedersachsen","article_modified_time":"2026-03-23T12:10:41+00:00","og_image":[{"width":1020,"height":560,"url":"https:\/\/9staedte.de\/wp-content\/uploads\/2025\/02\/Goslar-Christmas-Market-Blue-hour-c-GOSLAR-marketing-Michael-Abid.jpg","type":"image\/jpeg"}],"twitter_card":"summary_large_image","twitter_misc":{"Dur\u00e9e de lecture estim\u00e9e":"1 minute"},"schema":{"@context":"https:\/\/schema.org","@graph":[{"@type":"WebPage","@id":"https:\/\/9staedte.de\/fr\/goslar-patrimoine-culturel-mondial-dans-le-harz\/marche-de-noel-a-goslar\/","url":"https:\/\/9staedte.de\/fr\/goslar-patrimoine-culturel-mondial-dans-le-harz\/marche-de-noel-a-goslar\/","name":"March\u00e9 de No\u00ebl \u00e0 Goslar - 9 St\u00e4dte in Niedersachsen","isPartOf":{"@id":"https:\/\/9staedte.de\/fr\/#website"},"primaryImageOfPage":{"@id":"https:\/\/9staedte.de\/fr\/goslar-patrimoine-culturel-mondial-dans-le-harz\/marche-de-noel-a-goslar\/#primaryimage"},"image":{"@id":"https:\/\/9staedte.de\/fr\/goslar-patrimoine-culturel-mondial-dans-le-harz\/marche-de-noel-a-goslar\/#primaryimage"},"thumbnailUrl":"https:\/\/9staedte.de\/wp-content\/uploads\/2025\/02\/Goslar-Christmas-Market-Blue-hour-c-GOSLAR-marketing-Michael-Abid.jpg","datePublished":"2023-11-02T08:48:28+00:00","dateModified":"2026-03-23T12:10:41+00:00","description":"Devant le d\u00e9cor de la place du march\u00e9, des cabanes en bois joliment d\u00e9cor\u00e9es invitent \u00e0 la gourmandise. La for\u00eat de No\u00ebl est un point fort particulier.","breadcrumb":{"@id":"https:\/\/9staedte.de\/fr\/goslar-patrimoine-culturel-mondial-dans-le-harz\/marche-de-noel-a-goslar\/#breadcrumb"},"inLanguage":"fr-FR","potentialAction":[{"@type":"ReadAction","target":["https:\/\/9staedte.de\/fr\/goslar-patrimoine-culturel-mondial-dans-le-harz\/marche-de-noel-a-goslar\/"]}]},{"@type":"ImageObject","inLanguage":"fr-FR","@id":"https:\/\/9staedte.de\/fr\/goslar-patrimoine-culturel-mondial-dans-le-harz\/marche-de-noel-a-goslar\/#primaryimage","url":"https:\/\/9staedte.de\/wp-content\/uploads\/2025\/02\/Goslar-Christmas-Market-Blue-hour-c-GOSLAR-marketing-Michael-Abid.jpg","contentUrl":"https:\/\/9staedte.de\/wp-content\/uploads\/2025\/02\/Goslar-Christmas-Market-Blue-hour-c-GOSLAR-marketing-Michael-Abid.jpg","width":1020,"height":560,"caption":"Goslar Christmas Market Blue hour c) GOSLAR marketing Michael Abid"},{"@type":"BreadcrumbList","@id":"https:\/\/9staedte.de\/fr\/goslar-patrimoine-culturel-mondial-dans-le-harz\/marche-de-noel-a-goslar\/#breadcrumb","itemListElement":[{"@type":"ListItem","position":1,"name":"Startseite","item":"https:\/\/9staedte.de\/fr\/"},{"@type":"ListItem","position":2,"name":"Goslar &#8211; Patrimoine culturel mondial dans le Harz","item":"https:\/\/9staedte.de\/fr\/goslar-patrimoine-culturel-mondial-dans-le-harz\/"},{"@type":"ListItem","position":3,"name":"March\u00e9 de No\u00ebl \u00e0 Goslar"}]},{"@type":"WebSite","@id":"https:\/\/9staedte.de\/fr\/#website","url":"https:\/\/9staedte.de\/fr\/","name":"9 St\u00e4dte in Niedersachsen","description":"","publisher":{"@id":"https:\/\/9staedte.de\/fr\/#organization"},"potentialAction":[{"@type":"SearchAction","target":{"@type":"EntryPoint","urlTemplate":"https:\/\/9staedte.de\/fr\/?s={search_term_string}"},"query-input":{"@type":"PropertyValueSpecification","valueRequired":true,"valueName":"search_term_string"}}],"inLanguage":"fr-FR"},{"@type":"Organization","@id":"https:\/\/9staedte.de\/fr\/#organization","name":"9 St\u00e4dte in Niedersachsen","url":"https:\/\/9staedte.de\/fr\/","logo":{"@type":"ImageObject","inLanguage":"fr-FR","@id":"https:\/\/9staedte.de\/fr\/#\/schema\/logo\/image\/","url":"https:\/\/9staedte.de\/wp-content\/uploads\/2025\/01\/9-neg-deutsch-2-1.png","contentUrl":"https:\/\/9staedte.de\/wp-content\/uploads\/2025\/01\/9-neg-deutsch-2-1.png","width":190,"height":114,"caption":"9 St\u00e4dte in Niedersachsen"},"image":{"@id":"https:\/\/9staedte.de\/fr\/#\/schema\/logo\/image\/"}}]}},"_links":{"self":[{"href":"https:\/\/9staedte.de\/fr\/wp-json\/wp\/v2\/pages\/17374","targetHints":{"allow":["GET"]}}],"collection":[{"href":"https:\/\/9staedte.de\/fr\/wp-json\/wp\/v2\/pages"}],"about":[{"href":"https:\/\/9staedte.de\/fr\/wp-json\/wp\/v2\/types\/page"}],"author":[{"embeddable":true,"href":"https:\/\/9staedte.de\/fr\/wp-json\/wp\/v2\/users\/1"}],"replies":[{"embeddable":true,"href":"https:\/\/9staedte.de\/fr\/wp-json\/wp\/v2\/comments?post=17374"}],"version-history":[{"count":9,"href":"https:\/\/9staedte.de\/fr\/wp-json\/wp\/v2\/pages\/17374\/revisions"}],"predecessor-version":[{"id":27665,"href":"https:\/\/9staedte.de\/fr\/wp-json\/wp\/v2\/pages\/17374\/revisions\/27665"}],"up":[{"embeddable":true,"href":"https:\/\/9staedte.de\/fr\/wp-json\/wp\/v2\/pages\/17930"}],"wp:featuredmedia":[{"embeddable":true,"href":"https:\/\/9staedte.de\/fr\/wp-json\/wp\/v2\/media\/24571"}],"wp:attachment":[{"href":"https:\/\/9staedte.de\/fr\/wp-json\/wp\/v2\/media?parent=17374"}],"wp:term":[{"taxonomy":"category","embeddable":true,"href":"https:\/\/9staedte.de\/fr\/wp-json\/wp\/v2\/categories?post=17374"},{"taxonomy":"post_tag","embeddable":true,"href":"https:\/\/9staedte.de\/fr\/wp-json\/wp\/v2\/tags?post=17374"},{"taxonomy":"ncap_cities_tax","embeddable":true,"href":"https:\/\/9staedte.de\/fr\/wp-json\/wp\/v2\/ncap_cities_tax?post=17374"}],"curies":[{"name":"wp","href":"https:\/\/api.w.org\/{rel}","templated":true}]}}