{"id":17372,"date":"2023-11-02T09:48:28","date_gmt":"2023-11-02T08:48:28","guid":{"rendered":"https:\/\/9staedte.de\/informations-sur-le-guide-et-les-excursions-a-celle\/"},"modified":"2025-05-08T15:44:36","modified_gmt":"2025-05-08T13:44:36","slug":"informations-sur-le-guide-et-les-excursions-a-celle","status":"publish","type":"page","link":"https:\/\/9staedte.de\/fr\/celle-une-charmante-ville-residentielle\/informations-sur-le-guide-et-les-excursions-a-celle\/","title":{"rendered":"Informations sur le guide et les excursions \u00e0 Celle"},"content":{"rendered":"\n<p><strong>Contact guide et excursions Celle :<\/strong><\/p>\n\n\n\n<p>Guides touristiques dans la r\u00e9gion de Celle et dans le parc naturel de S\u00fcdheide.<br>Un paysage de lande unique et des histoires autour des vaches de la lande, des abeilles et de Hermann L\u00f6ns.<\/p>\n\n\n\n<p>Valable : toute l&rsquo;ann\u00e9e<\/p>\n\n\n\n<p>Langues : allemand, anglais, fran\u00e7ais, danois, espagnol, polonais, italien, su\u00e9dois, plattdeutsch<\/p>\n\n\n\n<p>Prix sur demande :<\/p>\n\n\n\n<h3 class=\"wp-block-heading\">R\u00e9servations :<\/h3>\n\n\n\n<p><strong>Tourist Information Celle<\/strong><br>Markt 7<br>29221 Celle<br>Tel.: +49 (0)5141 &#8211; 12 4444<br><strong><a href=\"mailto:tourismus@stadtwerke-celle.de\">tourismus@celle.de<\/a><\/strong><br><strong><a href=\"http:\/\/www.celle.de\/tourismus\">www.celle.de\/tourismus<\/a><\/strong><\/p>\n","protected":false},"excerpt":{"rendered":"<p>Contact guide et excursions Celle : Guides touristiques dans la r\u00e9gion de Celle et dans le parc naturel de S\u00fcdheide.Un paysage de lande unique et des histoires autour des vaches de la lande, des abeilles et de Hermann L\u00f6ns. Valable : toute l&rsquo;ann\u00e9e Langues : allemand, anglais, fran\u00e7ais, danois, espagnol, polonais, italien, su\u00e9dois, plattdeutsch Prix [&hellip;]<\/p>\n","protected":false},"author":1,"featured_media":17377,"parent":18079,"menu_order":0,"comment_status":"closed","ping_status":"closed","template":"pagetemplates\/template-stadtthema.php","meta":{"_acf_changed":false,"footnotes":""},"categories":[],"tags":[],"ncap_cities_tax":[429,1270],"class_list":["post-17372","page","type-page","status-publish","has-post-thumbnail","hentry","ncap_cities_tax-celle-fr","ncap_cities_tax-reiseleitung-und-ausflugen-celle-fr"],"acf":[],"yoast_head":"<!-- This site is optimized with the Yoast SEO plugin v26.8 - https:\/\/yoast.com\/product\/yoast-seo-wordpress\/ -->\n<title>Informations sur le guide et les excursions \u00e0 Celle - 9 St\u00e4dte in Niedersachsen<\/title>\n<meta name=\"robots\" content=\"index, follow, max-snippet:-1, max-image-preview:large, max-video-preview:-1\" \/>\n<link rel=\"canonical\" href=\"https:\/\/9staedte.de\/fr\/celle-une-charmante-ville-residentielle\/informations-sur-le-guide-et-les-excursions-a-celle\/\" \/>\n<meta property=\"og:locale\" content=\"fr_FR\" \/>\n<meta property=\"og:type\" content=\"article\" \/>\n<meta property=\"og:title\" content=\"Informations sur le guide et les excursions \u00e0 Celle - 9 St\u00e4dte in Niedersachsen\" \/>\n<meta property=\"og:description\" content=\"Contact guide et excursions Celle : Guides touristiques dans la r\u00e9gion de Celle et dans le parc naturel de S\u00fcdheide.Un paysage de lande unique et des histoires autour des vaches de la lande, des abeilles et de Hermann L\u00f6ns. Valable : toute l&rsquo;ann\u00e9e Langues : allemand, anglais, fran\u00e7ais, danois, espagnol, polonais, italien, su\u00e9dois, plattdeutsch Prix [&hellip;]\" \/>\n<meta property=\"og:url\" content=\"https:\/\/9staedte.de\/fr\/celle-une-charmante-ville-residentielle\/informations-sur-le-guide-et-les-excursions-a-celle\/\" \/>\n<meta property=\"og:site_name\" content=\"9 St\u00e4dte in Niedersachsen\" \/>\n<meta property=\"article:modified_time\" content=\"2025-05-08T13:44:36+00:00\" \/>\n<meta property=\"og:image\" content=\"https:\/\/9staedte.de\/wp-content\/uploads\/2023\/02\/celle-region-heide-loensstein-c-Celle-Tourismus.jpg\" \/>\n\t<meta property=\"og:image:width\" content=\"1020\" \/>\n\t<meta property=\"og:image:height\" content=\"560\" \/>\n\t<meta property=\"og:image:type\" content=\"image\/jpeg\" \/>\n<meta name=\"twitter:card\" content=\"summary_large_image\" \/>\n<meta name=\"twitter:label1\" content=\"Dur\u00e9e de lecture estim\u00e9e\" \/>\n\t<meta name=\"twitter:data1\" content=\"1 minute\" \/>\n<script type=\"application\/ld+json\" class=\"yoast-schema-graph\">{\"@context\":\"https:\/\/schema.org\",\"@graph\":[{\"@type\":\"WebPage\",\"@id\":\"https:\/\/9staedte.de\/fr\/celle-une-charmante-ville-residentielle\/informations-sur-le-guide-et-les-excursions-a-celle\/\",\"url\":\"https:\/\/9staedte.de\/fr\/celle-une-charmante-ville-residentielle\/informations-sur-le-guide-et-les-excursions-a-celle\/\",\"name\":\"Informations sur le guide et les excursions \u00e0 Celle - 9 St\u00e4dte in Niedersachsen\",\"isPartOf\":{\"@id\":\"https:\/\/9staedte.de\/fr\/#website\"},\"primaryImageOfPage\":{\"@id\":\"https:\/\/9staedte.de\/fr\/celle-une-charmante-ville-residentielle\/informations-sur-le-guide-et-les-excursions-a-celle\/#primaryimage\"},\"image\":{\"@id\":\"https:\/\/9staedte.de\/fr\/celle-une-charmante-ville-residentielle\/informations-sur-le-guide-et-les-excursions-a-celle\/#primaryimage\"},\"thumbnailUrl\":\"https:\/\/9staedte.de\/wp-content\/uploads\/2023\/02\/celle-region-heide-loensstein-c-Celle-Tourismus.jpg\",\"datePublished\":\"2023-11-02T08:48:28+00:00\",\"dateModified\":\"2025-05-08T13:44:36+00:00\",\"breadcrumb\":{\"@id\":\"https:\/\/9staedte.de\/fr\/celle-une-charmante-ville-residentielle\/informations-sur-le-guide-et-les-excursions-a-celle\/#breadcrumb\"},\"inLanguage\":\"fr-FR\",\"potentialAction\":[{\"@type\":\"ReadAction\",\"target\":[\"https:\/\/9staedte.de\/fr\/celle-une-charmante-ville-residentielle\/informations-sur-le-guide-et-les-excursions-a-celle\/\"]}]},{\"@type\":\"ImageObject\",\"inLanguage\":\"fr-FR\",\"@id\":\"https:\/\/9staedte.de\/fr\/celle-une-charmante-ville-residentielle\/informations-sur-le-guide-et-les-excursions-a-celle\/#primaryimage\",\"url\":\"https:\/\/9staedte.de\/wp-content\/uploads\/2023\/02\/celle-region-heide-loensstein-c-Celle-Tourismus.jpg\",\"contentUrl\":\"https:\/\/9staedte.de\/wp-content\/uploads\/2023\/02\/celle-region-heide-loensstein-c-Celle-Tourismus.jpg\",\"width\":1020,\"height\":560,\"caption\":\"celle-region-heide-loensstein c) Celle Tourismus\"},{\"@type\":\"BreadcrumbList\",\"@id\":\"https:\/\/9staedte.de\/fr\/celle-une-charmante-ville-residentielle\/informations-sur-le-guide-et-les-excursions-a-celle\/#breadcrumb\",\"itemListElement\":[{\"@type\":\"ListItem\",\"position\":1,\"name\":\"Startseite\",\"item\":\"https:\/\/9staedte.de\/fr\/\"},{\"@type\":\"ListItem\",\"position\":2,\"name\":\"Celle &#8211; une charmante ville r\u00e9sidentielle\",\"item\":\"https:\/\/9staedte.de\/fr\/celle-une-charmante-ville-residentielle\/\"},{\"@type\":\"ListItem\",\"position\":3,\"name\":\"Informations sur le guide et les excursions \u00e0 Celle\"}]},{\"@type\":\"WebSite\",\"@id\":\"https:\/\/9staedte.de\/fr\/#website\",\"url\":\"https:\/\/9staedte.de\/fr\/\",\"name\":\"9 St\u00e4dte in Niedersachsen\",\"description\":\"\",\"publisher\":{\"@id\":\"https:\/\/9staedte.de\/fr\/#organization\"},\"potentialAction\":[{\"@type\":\"SearchAction\",\"target\":{\"@type\":\"EntryPoint\",\"urlTemplate\":\"https:\/\/9staedte.de\/fr\/?s={search_term_string}\"},\"query-input\":{\"@type\":\"PropertyValueSpecification\",\"valueRequired\":true,\"valueName\":\"search_term_string\"}}],\"inLanguage\":\"fr-FR\"},{\"@type\":\"Organization\",\"@id\":\"https:\/\/9staedte.de\/fr\/#organization\",\"name\":\"9 St\u00e4dte in Niedersachsen\",\"url\":\"https:\/\/9staedte.de\/fr\/\",\"logo\":{\"@type\":\"ImageObject\",\"inLanguage\":\"fr-FR\",\"@id\":\"https:\/\/9staedte.de\/fr\/#\/schema\/logo\/image\/\",\"url\":\"https:\/\/9staedte.de\/wp-content\/uploads\/2025\/01\/9-neg-deutsch-2-1.png\",\"contentUrl\":\"https:\/\/9staedte.de\/wp-content\/uploads\/2025\/01\/9-neg-deutsch-2-1.png\",\"width\":190,\"height\":114,\"caption\":\"9 St\u00e4dte in Niedersachsen\"},\"image\":{\"@id\":\"https:\/\/9staedte.de\/fr\/#\/schema\/logo\/image\/\"}}]}<\/script>\n<!-- \/ Yoast SEO plugin. -->","yoast_head_json":{"title":"Informations sur le guide et les excursions \u00e0 Celle - 9 St\u00e4dte in Niedersachsen","robots":{"index":"index","follow":"follow","max-snippet":"max-snippet:-1","max-image-preview":"max-image-preview:large","max-video-preview":"max-video-preview:-1"},"canonical":"https:\/\/9staedte.de\/fr\/celle-une-charmante-ville-residentielle\/informations-sur-le-guide-et-les-excursions-a-celle\/","og_locale":"fr_FR","og_type":"article","og_title":"Informations sur le guide et les excursions \u00e0 Celle - 9 St\u00e4dte in Niedersachsen","og_description":"Contact guide et excursions Celle : Guides touristiques dans la r\u00e9gion de Celle et dans le parc naturel de S\u00fcdheide.Un paysage de lande unique et des histoires autour des vaches de la lande, des abeilles et de Hermann L\u00f6ns. Valable : toute l&rsquo;ann\u00e9e Langues : allemand, anglais, fran\u00e7ais, danois, espagnol, polonais, italien, su\u00e9dois, plattdeutsch Prix [&hellip;]","og_url":"https:\/\/9staedte.de\/fr\/celle-une-charmante-ville-residentielle\/informations-sur-le-guide-et-les-excursions-a-celle\/","og_site_name":"9 St\u00e4dte in Niedersachsen","article_modified_time":"2025-05-08T13:44:36+00:00","og_image":[{"width":1020,"height":560,"url":"https:\/\/9staedte.de\/wp-content\/uploads\/2023\/02\/celle-region-heide-loensstein-c-Celle-Tourismus.jpg","type":"image\/jpeg"}],"twitter_card":"summary_large_image","twitter_misc":{"Dur\u00e9e de lecture estim\u00e9e":"1 minute"},"schema":{"@context":"https:\/\/schema.org","@graph":[{"@type":"WebPage","@id":"https:\/\/9staedte.de\/fr\/celle-une-charmante-ville-residentielle\/informations-sur-le-guide-et-les-excursions-a-celle\/","url":"https:\/\/9staedte.de\/fr\/celle-une-charmante-ville-residentielle\/informations-sur-le-guide-et-les-excursions-a-celle\/","name":"Informations sur le guide et les excursions \u00e0 Celle - 9 St\u00e4dte in Niedersachsen","isPartOf":{"@id":"https:\/\/9staedte.de\/fr\/#website"},"primaryImageOfPage":{"@id":"https:\/\/9staedte.de\/fr\/celle-une-charmante-ville-residentielle\/informations-sur-le-guide-et-les-excursions-a-celle\/#primaryimage"},"image":{"@id":"https:\/\/9staedte.de\/fr\/celle-une-charmante-ville-residentielle\/informations-sur-le-guide-et-les-excursions-a-celle\/#primaryimage"},"thumbnailUrl":"https:\/\/9staedte.de\/wp-content\/uploads\/2023\/02\/celle-region-heide-loensstein-c-Celle-Tourismus.jpg","datePublished":"2023-11-02T08:48:28+00:00","dateModified":"2025-05-08T13:44:36+00:00","breadcrumb":{"@id":"https:\/\/9staedte.de\/fr\/celle-une-charmante-ville-residentielle\/informations-sur-le-guide-et-les-excursions-a-celle\/#breadcrumb"},"inLanguage":"fr-FR","potentialAction":[{"@type":"ReadAction","target":["https:\/\/9staedte.de\/fr\/celle-une-charmante-ville-residentielle\/informations-sur-le-guide-et-les-excursions-a-celle\/"]}]},{"@type":"ImageObject","inLanguage":"fr-FR","@id":"https:\/\/9staedte.de\/fr\/celle-une-charmante-ville-residentielle\/informations-sur-le-guide-et-les-excursions-a-celle\/#primaryimage","url":"https:\/\/9staedte.de\/wp-content\/uploads\/2023\/02\/celle-region-heide-loensstein-c-Celle-Tourismus.jpg","contentUrl":"https:\/\/9staedte.de\/wp-content\/uploads\/2023\/02\/celle-region-heide-loensstein-c-Celle-Tourismus.jpg","width":1020,"height":560,"caption":"celle-region-heide-loensstein c) Celle Tourismus"},{"@type":"BreadcrumbList","@id":"https:\/\/9staedte.de\/fr\/celle-une-charmante-ville-residentielle\/informations-sur-le-guide-et-les-excursions-a-celle\/#breadcrumb","itemListElement":[{"@type":"ListItem","position":1,"name":"Startseite","item":"https:\/\/9staedte.de\/fr\/"},{"@type":"ListItem","position":2,"name":"Celle &#8211; une charmante ville r\u00e9sidentielle","item":"https:\/\/9staedte.de\/fr\/celle-une-charmante-ville-residentielle\/"},{"@type":"ListItem","position":3,"name":"Informations sur le guide et les excursions \u00e0 Celle"}]},{"@type":"WebSite","@id":"https:\/\/9staedte.de\/fr\/#website","url":"https:\/\/9staedte.de\/fr\/","name":"9 St\u00e4dte in Niedersachsen","description":"","publisher":{"@id":"https:\/\/9staedte.de\/fr\/#organization"},"potentialAction":[{"@type":"SearchAction","target":{"@type":"EntryPoint","urlTemplate":"https:\/\/9staedte.de\/fr\/?s={search_term_string}"},"query-input":{"@type":"PropertyValueSpecification","valueRequired":true,"valueName":"search_term_string"}}],"inLanguage":"fr-FR"},{"@type":"Organization","@id":"https:\/\/9staedte.de\/fr\/#organization","name":"9 St\u00e4dte in Niedersachsen","url":"https:\/\/9staedte.de\/fr\/","logo":{"@type":"ImageObject","inLanguage":"fr-FR","@id":"https:\/\/9staedte.de\/fr\/#\/schema\/logo\/image\/","url":"https:\/\/9staedte.de\/wp-content\/uploads\/2025\/01\/9-neg-deutsch-2-1.png","contentUrl":"https:\/\/9staedte.de\/wp-content\/uploads\/2025\/01\/9-neg-deutsch-2-1.png","width":190,"height":114,"caption":"9 St\u00e4dte in Niedersachsen"},"image":{"@id":"https:\/\/9staedte.de\/fr\/#\/schema\/logo\/image\/"}}]}},"_links":{"self":[{"href":"https:\/\/9staedte.de\/fr\/wp-json\/wp\/v2\/pages\/17372","targetHints":{"allow":["GET"]}}],"collection":[{"href":"https:\/\/9staedte.de\/fr\/wp-json\/wp\/v2\/pages"}],"about":[{"href":"https:\/\/9staedte.de\/fr\/wp-json\/wp\/v2\/types\/page"}],"author":[{"embeddable":true,"href":"https:\/\/9staedte.de\/fr\/wp-json\/wp\/v2\/users\/1"}],"replies":[{"embeddable":true,"href":"https:\/\/9staedte.de\/fr\/wp-json\/wp\/v2\/comments?post=17372"}],"version-history":[{"count":2,"href":"https:\/\/9staedte.de\/fr\/wp-json\/wp\/v2\/pages\/17372\/revisions"}],"predecessor-version":[{"id":25471,"href":"https:\/\/9staedte.de\/fr\/wp-json\/wp\/v2\/pages\/17372\/revisions\/25471"}],"up":[{"embeddable":true,"href":"https:\/\/9staedte.de\/fr\/wp-json\/wp\/v2\/pages\/18079"}],"wp:featuredmedia":[{"embeddable":true,"href":"https:\/\/9staedte.de\/fr\/wp-json\/wp\/v2\/media\/17377"}],"wp:attachment":[{"href":"https:\/\/9staedte.de\/fr\/wp-json\/wp\/v2\/media?parent=17372"}],"wp:term":[{"taxonomy":"category","embeddable":true,"href":"https:\/\/9staedte.de\/fr\/wp-json\/wp\/v2\/categories?post=17372"},{"taxonomy":"post_tag","embeddable":true,"href":"https:\/\/9staedte.de\/fr\/wp-json\/wp\/v2\/tags?post=17372"},{"taxonomy":"ncap_cities_tax","embeddable":true,"href":"https:\/\/9staedte.de\/fr\/wp-json\/wp\/v2\/ncap_cities_tax?post=17372"}],"curies":[{"name":"wp","href":"https:\/\/api.w.org\/{rel}","templated":true}]}}