{"id":17370,"date":"2023-11-02T09:48:28","date_gmt":"2023-11-02T08:48:28","guid":{"rendered":"https:\/\/9staedte.de\/marche-de-noel-a-goettingen\/"},"modified":"2025-12-29T13:41:27","modified_gmt":"2025-12-29T12:41:27","slug":"marche-de-noel-a-goettingen","status":"publish","type":"page","link":"https:\/\/9staedte.de\/fr\/gottingen-une-ville-qui-cree-le-savoir\/marche-de-noel-a-goettingen\/","title":{"rendered":"March\u00e9 de No\u00ebl \u00e0 G\u00f6ttingen"},"content":{"rendered":"\n<h2 class=\"wp-block-heading\"><strong>March\u00e9 de No\u00ebl autour de l&rsquo;ancien h\u00f4tel de ville de G\u00f6ttingen<\/strong><\/h2>\n\n<p>Le march\u00e9 de No\u00ebl de la ville universitaire de G\u00f6ttingen se tient autour de l&rsquo;ancien h\u00f4tel de ville m\u00e9di\u00e9val et de l&rsquo;\u00e9glise Johanniskirche. Plus de 60 stands d\u00e9cor\u00e9s pour l&rsquo;occasion proposent des articles de No\u00ebl typiques, tels que des bougies et des d\u00e9corations de sapin de No\u00ebl. Les visiteurs du march\u00e9 peuvent profiter de la p\u00e9riode de No\u00ebl en d\u00e9gustant des friandises de No\u00ebl et du vin chaud. Les enfants se r\u00e9jouiront de la pr\u00e9sence d&rsquo;une grande roue historique et d&rsquo;un carrousel pour enfants d\u00e9cor\u00e9 aux couleurs de No\u00ebl.    <\/p>\n\n<p><a href=\"https:\/\/www.goettingen-tourismus.de\/weihnachtsmarkt\/\" target=\"_blank\" rel=\"noreferrer noopener\">Plus d&rsquo;informations<\/a><\/p>\n\n\n<div class=\"banner-wrapper\">\n  <div class=\"banner-inner \">\n      <div class=\"img-container\">\n      <div class=\"img-wrapper\">\n        <img decoding=\"async\" src=\"https:\/\/9staedte.de\/wp-content\/smush-webp\/2023\/02\/Goettingen-Gaenseliesel-Weihnachtszeit-c-Christoph-Mischke.jpg.webp\" alt=\"Sur l\u2019image, on voit une statue en bronze d\u2019une fille avec des oies. Derri\u00e8re, il y a un sapin de No\u00ebl avec des lumi\u00e8res. L\u2019arri\u00e8re-plan est \u00e9clair\u00e9 en orange chaud. C\u2019est le soir ou la nuit.\" \/>\n                  <div class=\"thumbnail-label\">\n            <span>G\u00f6ttingen G\u00e4nseliesel Weihnachtszeit c) Christoph Mischke<\/span>\n          <\/div>\n              <\/div>\n    <\/div>\n        <div class=\"text-container\">\n      <div class=\"content\">\n        <p class=\"h3\"><strong>9 conseils pour visiter le march\u00e9 de No\u00ebl de G\u00f6ttingen<\/strong><\/p>\n<ul>\n<li>Go\u00fbter au vin chaud aux cerises confites<\/li>\n<li>Visiter les expositions de cr\u00e8ches dans les \u00e9glises de G\u00f6ttingen<\/li>\n<li>Faire un tour dans une grande roue historique<\/li>\n<li>Participer \u00e0 la visite guid\u00e9e \u00ab\u00a0G\u00f6ttingen \u00e0 l&rsquo;heure de No\u00ebl<\/li>\n<li>Go\u00fbter \u00e0 la Gl\u00fchbier de G\u00f6ttingen, une sp\u00e9cialit\u00e9 locale<\/li>\n<li>Tester une des sp\u00e9cialit\u00e9s de saucisses de G\u00f6ttingen<\/li>\n<li>D\u00e9couvrir les caves historiques de la vieille ville lors d&rsquo;une visite guid\u00e9e<\/li>\n<li>Faire du shopping dans la vieille ville d\u00e9cor\u00e9e pour No\u00ebl<\/li>\n<li>Admirer le calendrier de l&rsquo;Avent dans les fen\u00eatres de la biblioth\u00e8que municipale<\/li>\n<\/ul>\n      <\/div>\n    <\/div>\n    <\/div>\n<\/div>\n\n\n<p class=\"h3\"><strong>March\u00e9 de No\u00ebl \u00e0 G\u00f6ttingen<\/strong><\/p>\n\n <div class=\"brlbs-cmpnt-container brlbs-cmpnt-content-blocker brlbs-cmpnt-with-individual-styles\" data-borlabs-cookie-content-blocker-id=\"google-maps\" data-borlabs-cookie-content=\"PGlmcmFtZSBzcmM9Imh0dHBzOi8vd3d3Lmdvb2dsZS5jb20vbWFwcy9kL3UvMC9lbWJlZD9taWQ9MVBlS2NRejdrRG5IU3d6bk5Pdzh0WVVMamZQV1BTLTQmZWhiYz0yRTMxMkYiIHdpZHRoPSI2NDAiIGhlaWdodD0iNDgwIj48L2lmcmFtZT4=\"><div class=\"brlbs-cmpnt-cb-preset-b brlbs-cmpnt-cb-google-maps\"> <div class=\"brlbs-cmpnt-cb-thumbnail\" style=\"background-image: url('https:\/\/9staedte.de\/wp-content\/uploads\/borlabs-cookie\/1\/brlbs-cb-google-maps-main.png')\"><\/div> <div class=\"brlbs-cmpnt-cb-main\"> <div class=\"brlbs-cmpnt-cb-content\"> <p class=\"brlbs-cmpnt-cb-description\">Vous \u00eates actuellement en train de consulter le contenu d&rsquo;un espace r\u00e9serv\u00e9 de <strong>Google Maps<\/strong>. Pour acc\u00e9der au contenu r\u00e9el, cliquez sur le bouton ci-dessous. Veuillez noter que ce faisant, des donn\u00e9es seront partag\u00e9es avec des providers tiers.<\/p> <a class=\"brlbs-cmpnt-cb-provider-toggle\" href=\"#\" data-borlabs-cookie-show-provider-information role=\"button\">Plus d&rsquo;informations<\/a> <\/div> <div class=\"brlbs-cmpnt-cb-buttons\"> <a class=\"brlbs-cmpnt-cb-btn\" href=\"#\" data-borlabs-cookie-unblock role=\"button\">D\u00e9bloquer le contenu<\/a> <a class=\"brlbs-cmpnt-cb-btn\" href=\"#\" data-borlabs-cookie-accept-service role=\"button\" style=\"display: inherit\">Accepter le service requis et d\u00e9bloquer le contenu<\/a> <\/div> <\/div> <\/div><\/div>\n\n<div style=\"height:42px\" aria-hidden=\"true\" class=\"wp-block-spacer\"><\/div>\n\n<p><\/p>\n","protected":false},"excerpt":{"rendered":"<p>March\u00e9 de No\u00ebl autour de l&rsquo;ancien h\u00f4tel de ville de G\u00f6ttingen Le march\u00e9 de No\u00ebl de la ville universitaire de G\u00f6ttingen se tient autour de l&rsquo;ancien h\u00f4tel de ville m\u00e9di\u00e9val et de l&rsquo;\u00e9glise Johanniskirche. Plus de 60 stands d\u00e9cor\u00e9s pour l&rsquo;occasion proposent des articles de No\u00ebl typiques, tels que des bougies et des d\u00e9corations de [&hellip;]<\/p>\n","protected":false},"author":1,"featured_media":17386,"parent":17986,"menu_order":0,"comment_status":"closed","ping_status":"closed","template":"pagetemplates\/template-stadtthema.php","meta":{"_acf_changed":false,"footnotes":""},"categories":[],"tags":[],"ncap_cities_tax":[438,506],"class_list":["post-17370","page","type-page","status-publish","has-post-thumbnail","hentry","ncap_cities_tax-goettingen-fr","ncap_cities_tax-weihnachtsmarkte-goettingen-fr"],"acf":[],"yoast_head":"<!-- This site is optimized with the Yoast SEO plugin v26.8 - https:\/\/yoast.com\/product\/yoast-seo-wordpress\/ -->\n<title>March\u00e9 de No\u00ebl \u00e0 G\u00f6ttingen - 9 St\u00e4dte in Niedersachsen<\/title>\n<meta name=\"description\" content=\"C&#039;est autour de l&#039;ancien h\u00f4tel de ville m\u00e9di\u00e9val et de l&#039;\u00e9glise Johanniskirche que se d\u00e9roule le march\u00e9 de No\u00ebl de la ville universitaire de G\u00f6ttingen.\" \/>\n<meta name=\"robots\" content=\"index, follow, max-snippet:-1, max-image-preview:large, max-video-preview:-1\" \/>\n<link rel=\"canonical\" href=\"https:\/\/9staedte.de\/fr\/gottingen-une-ville-qui-cree-le-savoir\/marche-de-noel-a-goettingen\/\" \/>\n<meta property=\"og:locale\" content=\"fr_FR\" \/>\n<meta property=\"og:type\" content=\"article\" \/>\n<meta property=\"og:title\" content=\"March\u00e9 de No\u00ebl \u00e0 G\u00f6ttingen - 9 St\u00e4dte in Niedersachsen\" \/>\n<meta property=\"og:description\" content=\"C&#039;est autour de l&#039;ancien h\u00f4tel de ville m\u00e9di\u00e9val et de l&#039;\u00e9glise Johanniskirche que se d\u00e9roule le march\u00e9 de No\u00ebl de la ville universitaire de G\u00f6ttingen.\" \/>\n<meta property=\"og:url\" content=\"https:\/\/9staedte.de\/fr\/gottingen-une-ville-qui-cree-le-savoir\/marche-de-noel-a-goettingen\/\" \/>\n<meta property=\"og:site_name\" content=\"9 St\u00e4dte in Niedersachsen\" \/>\n<meta property=\"article:modified_time\" content=\"2025-12-29T12:41:27+00:00\" \/>\n<meta property=\"og:image\" content=\"https:\/\/9staedte.de\/wp-content\/uploads\/2023\/02\/Goettingen-Weihnachtsmarkt-c-Christoph-Mischke.jpg\" \/>\n\t<meta property=\"og:image:width\" content=\"1020\" \/>\n\t<meta property=\"og:image:height\" content=\"561\" \/>\n\t<meta property=\"og:image:type\" content=\"image\/jpeg\" \/>\n<meta name=\"twitter:card\" content=\"summary_large_image\" \/>\n<meta name=\"twitter:label1\" content=\"Dur\u00e9e de lecture estim\u00e9e\" \/>\n\t<meta name=\"twitter:data1\" content=\"1 minute\" \/>\n<script type=\"application\/ld+json\" class=\"yoast-schema-graph\">{\"@context\":\"https:\/\/schema.org\",\"@graph\":[{\"@type\":\"WebPage\",\"@id\":\"https:\/\/9staedte.de\/fr\/gottingen-une-ville-qui-cree-le-savoir\/marche-de-noel-a-goettingen\/\",\"url\":\"https:\/\/9staedte.de\/fr\/gottingen-une-ville-qui-cree-le-savoir\/marche-de-noel-a-goettingen\/\",\"name\":\"March\u00e9 de No\u00ebl \u00e0 G\u00f6ttingen - 9 St\u00e4dte in Niedersachsen\",\"isPartOf\":{\"@id\":\"https:\/\/9staedte.de\/fr\/#website\"},\"primaryImageOfPage\":{\"@id\":\"https:\/\/9staedte.de\/fr\/gottingen-une-ville-qui-cree-le-savoir\/marche-de-noel-a-goettingen\/#primaryimage\"},\"image\":{\"@id\":\"https:\/\/9staedte.de\/fr\/gottingen-une-ville-qui-cree-le-savoir\/marche-de-noel-a-goettingen\/#primaryimage\"},\"thumbnailUrl\":\"https:\/\/9staedte.de\/wp-content\/uploads\/2023\/02\/Goettingen-Weihnachtsmarkt-c-Christoph-Mischke.jpg\",\"datePublished\":\"2023-11-02T08:48:28+00:00\",\"dateModified\":\"2025-12-29T12:41:27+00:00\",\"description\":\"C'est autour de l'ancien h\u00f4tel de ville m\u00e9di\u00e9val et de l'\u00e9glise Johanniskirche que se d\u00e9roule le march\u00e9 de No\u00ebl de la ville universitaire de G\u00f6ttingen.\",\"breadcrumb\":{\"@id\":\"https:\/\/9staedte.de\/fr\/gottingen-une-ville-qui-cree-le-savoir\/marche-de-noel-a-goettingen\/#breadcrumb\"},\"inLanguage\":\"fr-FR\",\"potentialAction\":[{\"@type\":\"ReadAction\",\"target\":[\"https:\/\/9staedte.de\/fr\/gottingen-une-ville-qui-cree-le-savoir\/marche-de-noel-a-goettingen\/\"]}]},{\"@type\":\"ImageObject\",\"inLanguage\":\"fr-FR\",\"@id\":\"https:\/\/9staedte.de\/fr\/gottingen-une-ville-qui-cree-le-savoir\/marche-de-noel-a-goettingen\/#primaryimage\",\"url\":\"https:\/\/9staedte.de\/wp-content\/uploads\/2023\/02\/Goettingen-Weihnachtsmarkt-c-Christoph-Mischke.jpg\",\"contentUrl\":\"https:\/\/9staedte.de\/wp-content\/uploads\/2023\/02\/Goettingen-Weihnachtsmarkt-c-Christoph-Mischke.jpg\",\"width\":1020,\"height\":561,\"caption\":\"Der G\u00f6ttinger Weihnachtsmarkt. c) Christoph Mischke\"},{\"@type\":\"BreadcrumbList\",\"@id\":\"https:\/\/9staedte.de\/fr\/gottingen-une-ville-qui-cree-le-savoir\/marche-de-noel-a-goettingen\/#breadcrumb\",\"itemListElement\":[{\"@type\":\"ListItem\",\"position\":1,\"name\":\"Startseite\",\"item\":\"https:\/\/9staedte.de\/fr\/\"},{\"@type\":\"ListItem\",\"position\":2,\"name\":\"G\u00f6ttingen &#8211; une ville qui cr\u00e9e le savoir\",\"item\":\"https:\/\/9staedte.de\/fr\/gottingen-une-ville-qui-cree-le-savoir\/\"},{\"@type\":\"ListItem\",\"position\":3,\"name\":\"March\u00e9 de No\u00ebl \u00e0 G\u00f6ttingen\"}]},{\"@type\":\"WebSite\",\"@id\":\"https:\/\/9staedte.de\/fr\/#website\",\"url\":\"https:\/\/9staedte.de\/fr\/\",\"name\":\"9 St\u00e4dte in Niedersachsen\",\"description\":\"\",\"publisher\":{\"@id\":\"https:\/\/9staedte.de\/fr\/#organization\"},\"potentialAction\":[{\"@type\":\"SearchAction\",\"target\":{\"@type\":\"EntryPoint\",\"urlTemplate\":\"https:\/\/9staedte.de\/fr\/?s={search_term_string}\"},\"query-input\":{\"@type\":\"PropertyValueSpecification\",\"valueRequired\":true,\"valueName\":\"search_term_string\"}}],\"inLanguage\":\"fr-FR\"},{\"@type\":\"Organization\",\"@id\":\"https:\/\/9staedte.de\/fr\/#organization\",\"name\":\"9 St\u00e4dte in Niedersachsen\",\"url\":\"https:\/\/9staedte.de\/fr\/\",\"logo\":{\"@type\":\"ImageObject\",\"inLanguage\":\"fr-FR\",\"@id\":\"https:\/\/9staedte.de\/fr\/#\/schema\/logo\/image\/\",\"url\":\"https:\/\/9staedte.de\/wp-content\/uploads\/2025\/01\/9-neg-deutsch-2-1.png\",\"contentUrl\":\"https:\/\/9staedte.de\/wp-content\/uploads\/2025\/01\/9-neg-deutsch-2-1.png\",\"width\":190,\"height\":114,\"caption\":\"9 St\u00e4dte in Niedersachsen\"},\"image\":{\"@id\":\"https:\/\/9staedte.de\/fr\/#\/schema\/logo\/image\/\"}}]}<\/script>\n<!-- \/ Yoast SEO plugin. -->","yoast_head_json":{"title":"March\u00e9 de No\u00ebl \u00e0 G\u00f6ttingen - 9 St\u00e4dte in Niedersachsen","description":"C'est autour de l'ancien h\u00f4tel de ville m\u00e9di\u00e9val et de l'\u00e9glise Johanniskirche que se d\u00e9roule le march\u00e9 de No\u00ebl de la ville universitaire de G\u00f6ttingen.","robots":{"index":"index","follow":"follow","max-snippet":"max-snippet:-1","max-image-preview":"max-image-preview:large","max-video-preview":"max-video-preview:-1"},"canonical":"https:\/\/9staedte.de\/fr\/gottingen-une-ville-qui-cree-le-savoir\/marche-de-noel-a-goettingen\/","og_locale":"fr_FR","og_type":"article","og_title":"March\u00e9 de No\u00ebl \u00e0 G\u00f6ttingen - 9 St\u00e4dte in Niedersachsen","og_description":"C'est autour de l'ancien h\u00f4tel de ville m\u00e9di\u00e9val et de l'\u00e9glise Johanniskirche que se d\u00e9roule le march\u00e9 de No\u00ebl de la ville universitaire de G\u00f6ttingen.","og_url":"https:\/\/9staedte.de\/fr\/gottingen-une-ville-qui-cree-le-savoir\/marche-de-noel-a-goettingen\/","og_site_name":"9 St\u00e4dte in Niedersachsen","article_modified_time":"2025-12-29T12:41:27+00:00","og_image":[{"width":1020,"height":561,"url":"https:\/\/9staedte.de\/wp-content\/uploads\/2023\/02\/Goettingen-Weihnachtsmarkt-c-Christoph-Mischke.jpg","type":"image\/jpeg"}],"twitter_card":"summary_large_image","twitter_misc":{"Dur\u00e9e de lecture estim\u00e9e":"1 minute"},"schema":{"@context":"https:\/\/schema.org","@graph":[{"@type":"WebPage","@id":"https:\/\/9staedte.de\/fr\/gottingen-une-ville-qui-cree-le-savoir\/marche-de-noel-a-goettingen\/","url":"https:\/\/9staedte.de\/fr\/gottingen-une-ville-qui-cree-le-savoir\/marche-de-noel-a-goettingen\/","name":"March\u00e9 de No\u00ebl \u00e0 G\u00f6ttingen - 9 St\u00e4dte in Niedersachsen","isPartOf":{"@id":"https:\/\/9staedte.de\/fr\/#website"},"primaryImageOfPage":{"@id":"https:\/\/9staedte.de\/fr\/gottingen-une-ville-qui-cree-le-savoir\/marche-de-noel-a-goettingen\/#primaryimage"},"image":{"@id":"https:\/\/9staedte.de\/fr\/gottingen-une-ville-qui-cree-le-savoir\/marche-de-noel-a-goettingen\/#primaryimage"},"thumbnailUrl":"https:\/\/9staedte.de\/wp-content\/uploads\/2023\/02\/Goettingen-Weihnachtsmarkt-c-Christoph-Mischke.jpg","datePublished":"2023-11-02T08:48:28+00:00","dateModified":"2025-12-29T12:41:27+00:00","description":"C'est autour de l'ancien h\u00f4tel de ville m\u00e9di\u00e9val et de l'\u00e9glise Johanniskirche que se d\u00e9roule le march\u00e9 de No\u00ebl de la ville universitaire de G\u00f6ttingen.","breadcrumb":{"@id":"https:\/\/9staedte.de\/fr\/gottingen-une-ville-qui-cree-le-savoir\/marche-de-noel-a-goettingen\/#breadcrumb"},"inLanguage":"fr-FR","potentialAction":[{"@type":"ReadAction","target":["https:\/\/9staedte.de\/fr\/gottingen-une-ville-qui-cree-le-savoir\/marche-de-noel-a-goettingen\/"]}]},{"@type":"ImageObject","inLanguage":"fr-FR","@id":"https:\/\/9staedte.de\/fr\/gottingen-une-ville-qui-cree-le-savoir\/marche-de-noel-a-goettingen\/#primaryimage","url":"https:\/\/9staedte.de\/wp-content\/uploads\/2023\/02\/Goettingen-Weihnachtsmarkt-c-Christoph-Mischke.jpg","contentUrl":"https:\/\/9staedte.de\/wp-content\/uploads\/2023\/02\/Goettingen-Weihnachtsmarkt-c-Christoph-Mischke.jpg","width":1020,"height":561,"caption":"Der G\u00f6ttinger Weihnachtsmarkt. c) Christoph Mischke"},{"@type":"BreadcrumbList","@id":"https:\/\/9staedte.de\/fr\/gottingen-une-ville-qui-cree-le-savoir\/marche-de-noel-a-goettingen\/#breadcrumb","itemListElement":[{"@type":"ListItem","position":1,"name":"Startseite","item":"https:\/\/9staedte.de\/fr\/"},{"@type":"ListItem","position":2,"name":"G\u00f6ttingen &#8211; une ville qui cr\u00e9e le savoir","item":"https:\/\/9staedte.de\/fr\/gottingen-une-ville-qui-cree-le-savoir\/"},{"@type":"ListItem","position":3,"name":"March\u00e9 de No\u00ebl \u00e0 G\u00f6ttingen"}]},{"@type":"WebSite","@id":"https:\/\/9staedte.de\/fr\/#website","url":"https:\/\/9staedte.de\/fr\/","name":"9 St\u00e4dte in Niedersachsen","description":"","publisher":{"@id":"https:\/\/9staedte.de\/fr\/#organization"},"potentialAction":[{"@type":"SearchAction","target":{"@type":"EntryPoint","urlTemplate":"https:\/\/9staedte.de\/fr\/?s={search_term_string}"},"query-input":{"@type":"PropertyValueSpecification","valueRequired":true,"valueName":"search_term_string"}}],"inLanguage":"fr-FR"},{"@type":"Organization","@id":"https:\/\/9staedte.de\/fr\/#organization","name":"9 St\u00e4dte in Niedersachsen","url":"https:\/\/9staedte.de\/fr\/","logo":{"@type":"ImageObject","inLanguage":"fr-FR","@id":"https:\/\/9staedte.de\/fr\/#\/schema\/logo\/image\/","url":"https:\/\/9staedte.de\/wp-content\/uploads\/2025\/01\/9-neg-deutsch-2-1.png","contentUrl":"https:\/\/9staedte.de\/wp-content\/uploads\/2025\/01\/9-neg-deutsch-2-1.png","width":190,"height":114,"caption":"9 St\u00e4dte in Niedersachsen"},"image":{"@id":"https:\/\/9staedte.de\/fr\/#\/schema\/logo\/image\/"}}]}},"_links":{"self":[{"href":"https:\/\/9staedte.de\/fr\/wp-json\/wp\/v2\/pages\/17370","targetHints":{"allow":["GET"]}}],"collection":[{"href":"https:\/\/9staedte.de\/fr\/wp-json\/wp\/v2\/pages"}],"about":[{"href":"https:\/\/9staedte.de\/fr\/wp-json\/wp\/v2\/types\/page"}],"author":[{"embeddable":true,"href":"https:\/\/9staedte.de\/fr\/wp-json\/wp\/v2\/users\/1"}],"replies":[{"embeddable":true,"href":"https:\/\/9staedte.de\/fr\/wp-json\/wp\/v2\/comments?post=17370"}],"version-history":[{"count":12,"href":"https:\/\/9staedte.de\/fr\/wp-json\/wp\/v2\/pages\/17370\/revisions"}],"predecessor-version":[{"id":27622,"href":"https:\/\/9staedte.de\/fr\/wp-json\/wp\/v2\/pages\/17370\/revisions\/27622"}],"up":[{"embeddable":true,"href":"https:\/\/9staedte.de\/fr\/wp-json\/wp\/v2\/pages\/17986"}],"wp:featuredmedia":[{"embeddable":true,"href":"https:\/\/9staedte.de\/fr\/wp-json\/wp\/v2\/media\/17386"}],"wp:attachment":[{"href":"https:\/\/9staedte.de\/fr\/wp-json\/wp\/v2\/media?parent=17370"}],"wp:term":[{"taxonomy":"category","embeddable":true,"href":"https:\/\/9staedte.de\/fr\/wp-json\/wp\/v2\/categories?post=17370"},{"taxonomy":"post_tag","embeddable":true,"href":"https:\/\/9staedte.de\/fr\/wp-json\/wp\/v2\/tags?post=17370"},{"taxonomy":"ncap_cities_tax","embeddable":true,"href":"https:\/\/9staedte.de\/fr\/wp-json\/wp\/v2\/ncap_cities_tax?post=17370"}],"curies":[{"name":"wp","href":"https:\/\/api.w.org\/{rel}","templated":true}]}}