{"id":17350,"date":"2023-11-02T09:48:26","date_gmt":"2023-11-02T08:48:26","guid":{"rendered":"https:\/\/9staedte.de\/goettingen-une-decouverte-durable\/"},"modified":"2025-05-15T16:58:40","modified_gmt":"2025-05-15T14:58:40","slug":"goettingen-une-decouverte-durable","status":"publish","type":"page","link":"https:\/\/9staedte.de\/fr\/gottingen-une-ville-qui-cree-le-savoir\/goettingen-une-decouverte-durable\/","title":{"rendered":"G\u00f6ttingen &#8211; une d\u00e9couverte durable"},"content":{"rendered":"\n<h2 class=\"wp-block-heading\">D\u00e9couverte de la nature et durabilit\u00e9 \u00e0 G\u00f6ttingen<\/h2>\n\n\n\n<p>En tant que site scientifique moderne, G\u00f6ttingen est toujours \u00e0 la pointe de la technologie. Trois universit\u00e9s, cinq instituts Max Planck et de nombreux autres instituts de recherche s&rsquo;efforcent en permanence de rendre notre vie plus agr\u00e9able. Et dans ce contexte, le th\u00e8me de la durabilit\u00e9 joue naturellement un r\u00f4le de plus en plus d\u00e9cisif. Mais au-del\u00e0 de ces institutions, la r\u00e9gion de G\u00f6ttingen a \u00e9galement fait de grands progr\u00e8s ces derni\u00e8res ann\u00e9es. Des projets comme les Journ\u00e9es de la protection du climat, qui proposent de nombreuses actions sur le th\u00e8me de la durabilit\u00e9, font partie depuis des ann\u00e9es de l&rsquo;agenda fixe des citoyens de G\u00f6ttingen et de leurs visiteurs. Le shopping respectueux du climat est une \u00e9vidence dans de nombreux magasins et est encourag\u00e9 par la ville gr\u00e2ce \u00e0 la carte climatique de G\u00f6ttingen.<\/p>\n\n\n\n\n<div class=\"banner-wrapper\">\n  <div class=\"banner-inner \">\n      <div class=\"img-container\">\n      <div class=\"img-wrapper\">\n        <img decoding=\"async\" src=\"https:\/\/9staedte.de\/wp-content\/smush-webp\/2023\/02\/Fair-Trade-shopping-in-Goettingen-c-Goettingen-Tourismus-und-Marketing.jpg.webp\" alt=\"L\u2019image montre une vieille maison \u00e0 colombages avec une fa\u00e7ade rouge. Au rez-de-chauss\u00e9e, il y a un magasin \u00e9quitable. Un panier color\u00e9 est suspendu \u00e0 l\u2019entr\u00e9e. Il y a beaucoup de produits dans la vitrine.\" \/>\n                  <div class=\"thumbnail-label\">\n            <span>Fair Trade shopping in G\u00f6ttingen c) G\u00f6ttingen Marketing GmbH<\/span>\n          <\/div>\n              <\/div>\n    <\/div>\n        <div class=\"text-container\">\n      <div class=\"content\">\n        <h2>Vivre G\u00f6ttingen de mani\u00e8re durable : 9 conseils<\/h2>\n<p>&#8211; Commencer la journ\u00e9e avec un petit d\u00e9jeuner v\u00e9g\u00e9talien au P-Caf\u00e9<\/p>\n<p>&#8211; Faire ses courses chez Contigo &#8211; commerce \u00e9quitable et durable &#8211; une id\u00e9e de G\u00f6ttingen<\/p>\n<p>&#8211; Avec le syst\u00e8me Recup pour un bon Coffee-to-go<\/p>\n<p>&#8211; Louer un v\u00e9lo \u00e9lectrique \u00e0 G\u00f6ttingen, la ville du v\u00e9lo<\/p>\n<p>&#8211; Tester la piste cyclable rapide de la gare jusqu&rsquo;\u00e0 la p\u00e9riph\u00e9rie nord de la ville<\/p>\n<p>&#8211; Faire du shopping respectueux du climat dans de nombreux magasins avec la carte climatique de G\u00f6ttingen<\/p>\n<p>&#8211; D\u00eener avec plaisir dans la Chay Vegan Kitchen<\/p>\n<p>&#8211; Profiter du march\u00e9 hebdomadaire avec son ambiance m\u00e9ridionale et ses produits r\u00e9gionaux<\/p>\n<p>&#8211; Une visite \u00e0 la piscine naturelle de Grone<\/p>\n      <\/div>\n    <\/div>\n    <\/div>\n<\/div>\n\n\n\n\n<h2 class=\"wp-block-heading\">D\u00e9couvrir G\u00f6ttingen &#8211; Visite guid\u00e9e de la ville \u00e0 v\u00e9lo<\/h2>\n\n\n\n<p>Apr\u00e8s avoir fait le tour du centre-ville, nous emprunterons la piste cyclable \u00e0 travers les espaces verts et les quartiers datant de la fin du XIXe si\u00e8cle pour rencontrer de nombreuses personnalit\u00e9s de G\u00f6ttingen, chez qui nous ferons \u00e0 chaque fois une courte halte. Sur le parcours propos\u00e9, il n&rsquo;y a pratiquement pas de mont\u00e9e, ce qui rend la randonn\u00e9e accessible \u00e0 tous les int\u00e9ress\u00e9s.<\/p>\n\n\n\n<p>Dur\u00e9e : 2 heures, prix : 105,- \u20ac, max. 10 participants par groupe<\/p>\n","protected":false},"excerpt":{"rendered":"<p>D\u00e9couverte de la nature et durabilit\u00e9 \u00e0 G\u00f6ttingen En tant que site scientifique moderne, G\u00f6ttingen est toujours \u00e0 la pointe de la technologie. Trois universit\u00e9s, cinq instituts Max Planck et de nombreux autres instituts de recherche s&rsquo;efforcent en permanence de rendre notre vie plus agr\u00e9able. Et dans ce contexte, le th\u00e8me de la durabilit\u00e9 joue [&hellip;]<\/p>\n","protected":false},"author":1,"featured_media":17369,"parent":17986,"menu_order":0,"comment_status":"closed","ping_status":"closed","template":"pagetemplates\/template-stadtthema.php","meta":{"_acf_changed":false,"footnotes":""},"categories":[],"tags":[],"ncap_cities_tax":[438,954],"class_list":["post-17350","page","type-page","status-publish","has-post-thumbnail","hentry","ncap_cities_tax-goettingen-fr","ncap_cities_tax-naturerlebnisse-und-nachhaltigkeit-goettingen-fr"],"acf":[],"yoast_head":"<!-- This site is optimized with the Yoast SEO plugin v26.8 - https:\/\/yoast.com\/product\/yoast-seo-wordpress\/ -->\n<title>G\u00f6ttingen - une d\u00e9couverte durable - 9 St\u00e4dte in Niedersachsen<\/title>\n<meta name=\"robots\" content=\"index, follow, max-snippet:-1, max-image-preview:large, max-video-preview:-1\" \/>\n<link rel=\"canonical\" href=\"https:\/\/9staedte.de\/fr\/gottingen-une-ville-qui-cree-le-savoir\/goettingen-une-decouverte-durable\/\" \/>\n<meta property=\"og:locale\" content=\"fr_FR\" \/>\n<meta property=\"og:type\" content=\"article\" \/>\n<meta property=\"og:title\" content=\"G\u00f6ttingen - une d\u00e9couverte durable - 9 St\u00e4dte in Niedersachsen\" \/>\n<meta property=\"og:description\" content=\"D\u00e9couverte de la nature et durabilit\u00e9 \u00e0 G\u00f6ttingen En tant que site scientifique moderne, G\u00f6ttingen est toujours \u00e0 la pointe de la technologie. Trois universit\u00e9s, cinq instituts Max Planck et de nombreux autres instituts de recherche s&rsquo;efforcent en permanence de rendre notre vie plus agr\u00e9able. Et dans ce contexte, le th\u00e8me de la durabilit\u00e9 joue [&hellip;]\" \/>\n<meta property=\"og:url\" content=\"https:\/\/9staedte.de\/fr\/gottingen-une-ville-qui-cree-le-savoir\/goettingen-une-decouverte-durable\/\" \/>\n<meta property=\"og:site_name\" content=\"9 St\u00e4dte in Niedersachsen\" \/>\n<meta property=\"article:modified_time\" content=\"2025-05-15T14:58:40+00:00\" \/>\n<meta property=\"og:image\" content=\"https:\/\/9staedte.de\/wp-content\/uploads\/2023\/02\/Goettingen_Alter_Bot._GartencChristoph_Mischke.jpg\" \/>\n\t<meta property=\"og:image:width\" content=\"1020\" \/>\n\t<meta property=\"og:image:height\" content=\"558\" \/>\n\t<meta property=\"og:image:type\" content=\"image\/jpeg\" \/>\n<meta name=\"twitter:card\" content=\"summary_large_image\" \/>\n<meta name=\"twitter:label1\" content=\"Dur\u00e9e de lecture estim\u00e9e\" \/>\n\t<meta name=\"twitter:data1\" content=\"2 minutes\" \/>\n<script type=\"application\/ld+json\" class=\"yoast-schema-graph\">{\"@context\":\"https:\/\/schema.org\",\"@graph\":[{\"@type\":\"WebPage\",\"@id\":\"https:\/\/9staedte.de\/fr\/gottingen-une-ville-qui-cree-le-savoir\/goettingen-une-decouverte-durable\/\",\"url\":\"https:\/\/9staedte.de\/fr\/gottingen-une-ville-qui-cree-le-savoir\/goettingen-une-decouverte-durable\/\",\"name\":\"G\u00f6ttingen - une d\u00e9couverte durable - 9 St\u00e4dte in Niedersachsen\",\"isPartOf\":{\"@id\":\"https:\/\/9staedte.de\/fr\/#website\"},\"primaryImageOfPage\":{\"@id\":\"https:\/\/9staedte.de\/fr\/gottingen-une-ville-qui-cree-le-savoir\/goettingen-une-decouverte-durable\/#primaryimage\"},\"image\":{\"@id\":\"https:\/\/9staedte.de\/fr\/gottingen-une-ville-qui-cree-le-savoir\/goettingen-une-decouverte-durable\/#primaryimage\"},\"thumbnailUrl\":\"https:\/\/9staedte.de\/wp-content\/uploads\/2023\/02\/Goettingen_Alter_Bot._GartencChristoph_Mischke.jpg\",\"datePublished\":\"2023-11-02T08:48:26+00:00\",\"dateModified\":\"2025-05-15T14:58:40+00:00\",\"breadcrumb\":{\"@id\":\"https:\/\/9staedte.de\/fr\/gottingen-une-ville-qui-cree-le-savoir\/goettingen-une-decouverte-durable\/#breadcrumb\"},\"inLanguage\":\"fr-FR\",\"potentialAction\":[{\"@type\":\"ReadAction\",\"target\":[\"https:\/\/9staedte.de\/fr\/gottingen-une-ville-qui-cree-le-savoir\/goettingen-une-decouverte-durable\/\"]}]},{\"@type\":\"ImageObject\",\"inLanguage\":\"fr-FR\",\"@id\":\"https:\/\/9staedte.de\/fr\/gottingen-une-ville-qui-cree-le-savoir\/goettingen-une-decouverte-durable\/#primaryimage\",\"url\":\"https:\/\/9staedte.de\/wp-content\/uploads\/2023\/02\/Goettingen_Alter_Bot._GartencChristoph_Mischke.jpg\",\"contentUrl\":\"https:\/\/9staedte.de\/wp-content\/uploads\/2023\/02\/Goettingen_Alter_Bot._GartencChristoph_Mischke.jpg\",\"width\":1020,\"height\":558,\"caption\":\"G\u00f6ttingen_Alter_Bot._Garten(c)Christoph_Mischke\"},{\"@type\":\"BreadcrumbList\",\"@id\":\"https:\/\/9staedte.de\/fr\/gottingen-une-ville-qui-cree-le-savoir\/goettingen-une-decouverte-durable\/#breadcrumb\",\"itemListElement\":[{\"@type\":\"ListItem\",\"position\":1,\"name\":\"Startseite\",\"item\":\"https:\/\/9staedte.de\/fr\/\"},{\"@type\":\"ListItem\",\"position\":2,\"name\":\"G\u00f6ttingen &#8211; une ville qui cr\u00e9e le savoir\",\"item\":\"https:\/\/9staedte.de\/fr\/gottingen-une-ville-qui-cree-le-savoir\/\"},{\"@type\":\"ListItem\",\"position\":3,\"name\":\"G\u00f6ttingen &#8211; une d\u00e9couverte durable\"}]},{\"@type\":\"WebSite\",\"@id\":\"https:\/\/9staedte.de\/fr\/#website\",\"url\":\"https:\/\/9staedte.de\/fr\/\",\"name\":\"9 St\u00e4dte in Niedersachsen\",\"description\":\"\",\"publisher\":{\"@id\":\"https:\/\/9staedte.de\/fr\/#organization\"},\"potentialAction\":[{\"@type\":\"SearchAction\",\"target\":{\"@type\":\"EntryPoint\",\"urlTemplate\":\"https:\/\/9staedte.de\/fr\/?s={search_term_string}\"},\"query-input\":{\"@type\":\"PropertyValueSpecification\",\"valueRequired\":true,\"valueName\":\"search_term_string\"}}],\"inLanguage\":\"fr-FR\"},{\"@type\":\"Organization\",\"@id\":\"https:\/\/9staedte.de\/fr\/#organization\",\"name\":\"9 St\u00e4dte in Niedersachsen\",\"url\":\"https:\/\/9staedte.de\/fr\/\",\"logo\":{\"@type\":\"ImageObject\",\"inLanguage\":\"fr-FR\",\"@id\":\"https:\/\/9staedte.de\/fr\/#\/schema\/logo\/image\/\",\"url\":\"https:\/\/9staedte.de\/wp-content\/uploads\/2025\/01\/9-neg-deutsch-2-1.png\",\"contentUrl\":\"https:\/\/9staedte.de\/wp-content\/uploads\/2025\/01\/9-neg-deutsch-2-1.png\",\"width\":190,\"height\":114,\"caption\":\"9 St\u00e4dte in Niedersachsen\"},\"image\":{\"@id\":\"https:\/\/9staedte.de\/fr\/#\/schema\/logo\/image\/\"}}]}<\/script>\n<!-- \/ Yoast SEO plugin. -->","yoast_head_json":{"title":"G\u00f6ttingen - une d\u00e9couverte durable - 9 St\u00e4dte in Niedersachsen","robots":{"index":"index","follow":"follow","max-snippet":"max-snippet:-1","max-image-preview":"max-image-preview:large","max-video-preview":"max-video-preview:-1"},"canonical":"https:\/\/9staedte.de\/fr\/gottingen-une-ville-qui-cree-le-savoir\/goettingen-une-decouverte-durable\/","og_locale":"fr_FR","og_type":"article","og_title":"G\u00f6ttingen - une d\u00e9couverte durable - 9 St\u00e4dte in Niedersachsen","og_description":"D\u00e9couverte de la nature et durabilit\u00e9 \u00e0 G\u00f6ttingen En tant que site scientifique moderne, G\u00f6ttingen est toujours \u00e0 la pointe de la technologie. Trois universit\u00e9s, cinq instituts Max Planck et de nombreux autres instituts de recherche s&rsquo;efforcent en permanence de rendre notre vie plus agr\u00e9able. Et dans ce contexte, le th\u00e8me de la durabilit\u00e9 joue [&hellip;]","og_url":"https:\/\/9staedte.de\/fr\/gottingen-une-ville-qui-cree-le-savoir\/goettingen-une-decouverte-durable\/","og_site_name":"9 St\u00e4dte in Niedersachsen","article_modified_time":"2025-05-15T14:58:40+00:00","og_image":[{"width":1020,"height":558,"url":"https:\/\/9staedte.de\/wp-content\/uploads\/2023\/02\/Goettingen_Alter_Bot._GartencChristoph_Mischke.jpg","type":"image\/jpeg"}],"twitter_card":"summary_large_image","twitter_misc":{"Dur\u00e9e de lecture estim\u00e9e":"2 minutes"},"schema":{"@context":"https:\/\/schema.org","@graph":[{"@type":"WebPage","@id":"https:\/\/9staedte.de\/fr\/gottingen-une-ville-qui-cree-le-savoir\/goettingen-une-decouverte-durable\/","url":"https:\/\/9staedte.de\/fr\/gottingen-une-ville-qui-cree-le-savoir\/goettingen-une-decouverte-durable\/","name":"G\u00f6ttingen - une d\u00e9couverte durable - 9 St\u00e4dte in Niedersachsen","isPartOf":{"@id":"https:\/\/9staedte.de\/fr\/#website"},"primaryImageOfPage":{"@id":"https:\/\/9staedte.de\/fr\/gottingen-une-ville-qui-cree-le-savoir\/goettingen-une-decouverte-durable\/#primaryimage"},"image":{"@id":"https:\/\/9staedte.de\/fr\/gottingen-une-ville-qui-cree-le-savoir\/goettingen-une-decouverte-durable\/#primaryimage"},"thumbnailUrl":"https:\/\/9staedte.de\/wp-content\/uploads\/2023\/02\/Goettingen_Alter_Bot._GartencChristoph_Mischke.jpg","datePublished":"2023-11-02T08:48:26+00:00","dateModified":"2025-05-15T14:58:40+00:00","breadcrumb":{"@id":"https:\/\/9staedte.de\/fr\/gottingen-une-ville-qui-cree-le-savoir\/goettingen-une-decouverte-durable\/#breadcrumb"},"inLanguage":"fr-FR","potentialAction":[{"@type":"ReadAction","target":["https:\/\/9staedte.de\/fr\/gottingen-une-ville-qui-cree-le-savoir\/goettingen-une-decouverte-durable\/"]}]},{"@type":"ImageObject","inLanguage":"fr-FR","@id":"https:\/\/9staedte.de\/fr\/gottingen-une-ville-qui-cree-le-savoir\/goettingen-une-decouverte-durable\/#primaryimage","url":"https:\/\/9staedte.de\/wp-content\/uploads\/2023\/02\/Goettingen_Alter_Bot._GartencChristoph_Mischke.jpg","contentUrl":"https:\/\/9staedte.de\/wp-content\/uploads\/2023\/02\/Goettingen_Alter_Bot._GartencChristoph_Mischke.jpg","width":1020,"height":558,"caption":"G\u00f6ttingen_Alter_Bot._Garten(c)Christoph_Mischke"},{"@type":"BreadcrumbList","@id":"https:\/\/9staedte.de\/fr\/gottingen-une-ville-qui-cree-le-savoir\/goettingen-une-decouverte-durable\/#breadcrumb","itemListElement":[{"@type":"ListItem","position":1,"name":"Startseite","item":"https:\/\/9staedte.de\/fr\/"},{"@type":"ListItem","position":2,"name":"G\u00f6ttingen &#8211; une ville qui cr\u00e9e le savoir","item":"https:\/\/9staedte.de\/fr\/gottingen-une-ville-qui-cree-le-savoir\/"},{"@type":"ListItem","position":3,"name":"G\u00f6ttingen &#8211; une d\u00e9couverte durable"}]},{"@type":"WebSite","@id":"https:\/\/9staedte.de\/fr\/#website","url":"https:\/\/9staedte.de\/fr\/","name":"9 St\u00e4dte in Niedersachsen","description":"","publisher":{"@id":"https:\/\/9staedte.de\/fr\/#organization"},"potentialAction":[{"@type":"SearchAction","target":{"@type":"EntryPoint","urlTemplate":"https:\/\/9staedte.de\/fr\/?s={search_term_string}"},"query-input":{"@type":"PropertyValueSpecification","valueRequired":true,"valueName":"search_term_string"}}],"inLanguage":"fr-FR"},{"@type":"Organization","@id":"https:\/\/9staedte.de\/fr\/#organization","name":"9 St\u00e4dte in Niedersachsen","url":"https:\/\/9staedte.de\/fr\/","logo":{"@type":"ImageObject","inLanguage":"fr-FR","@id":"https:\/\/9staedte.de\/fr\/#\/schema\/logo\/image\/","url":"https:\/\/9staedte.de\/wp-content\/uploads\/2025\/01\/9-neg-deutsch-2-1.png","contentUrl":"https:\/\/9staedte.de\/wp-content\/uploads\/2025\/01\/9-neg-deutsch-2-1.png","width":190,"height":114,"caption":"9 St\u00e4dte in Niedersachsen"},"image":{"@id":"https:\/\/9staedte.de\/fr\/#\/schema\/logo\/image\/"}}]}},"_links":{"self":[{"href":"https:\/\/9staedte.de\/fr\/wp-json\/wp\/v2\/pages\/17350","targetHints":{"allow":["GET"]}}],"collection":[{"href":"https:\/\/9staedte.de\/fr\/wp-json\/wp\/v2\/pages"}],"about":[{"href":"https:\/\/9staedte.de\/fr\/wp-json\/wp\/v2\/types\/page"}],"author":[{"embeddable":true,"href":"https:\/\/9staedte.de\/fr\/wp-json\/wp\/v2\/users\/1"}],"replies":[{"embeddable":true,"href":"https:\/\/9staedte.de\/fr\/wp-json\/wp\/v2\/comments?post=17350"}],"version-history":[{"count":5,"href":"https:\/\/9staedte.de\/fr\/wp-json\/wp\/v2\/pages\/17350\/revisions"}],"predecessor-version":[{"id":25874,"href":"https:\/\/9staedte.de\/fr\/wp-json\/wp\/v2\/pages\/17350\/revisions\/25874"}],"up":[{"embeddable":true,"href":"https:\/\/9staedte.de\/fr\/wp-json\/wp\/v2\/pages\/17986"}],"wp:featuredmedia":[{"embeddable":true,"href":"https:\/\/9staedte.de\/fr\/wp-json\/wp\/v2\/media\/17369"}],"wp:attachment":[{"href":"https:\/\/9staedte.de\/fr\/wp-json\/wp\/v2\/media?parent=17350"}],"wp:term":[{"taxonomy":"category","embeddable":true,"href":"https:\/\/9staedte.de\/fr\/wp-json\/wp\/v2\/categories?post=17350"},{"taxonomy":"post_tag","embeddable":true,"href":"https:\/\/9staedte.de\/fr\/wp-json\/wp\/v2\/tags?post=17350"},{"taxonomy":"ncap_cities_tax","embeddable":true,"href":"https:\/\/9staedte.de\/fr\/wp-json\/wp\/v2\/ncap_cities_tax?post=17350"}],"curies":[{"name":"wp","href":"https:\/\/api.w.org\/{rel}","templated":true}]}}