{"id":17341,"date":"2023-11-02T09:48:26","date_gmt":"2023-11-02T08:48:26","guid":{"rendered":"https:\/\/9staedte.de\/vivre-lete-a-goettingen-la-ville-de-la-science\/"},"modified":"2023-11-02T09:48:26","modified_gmt":"2023-11-02T08:48:26","slug":"vivre-lete-a-goettingen-la-ville-de-la-science","status":"publish","type":"page","link":"https:\/\/9staedte.de\/fr\/gottingen-une-ville-qui-cree-le-savoir\/vivre-lete-a-goettingen-la-ville-de-la-science\/","title":{"rendered":"Vivre l&rsquo;\u00e9t\u00e9 \u00e0 G\u00f6ttingen &#8211; La ville de la science"},"content":{"rendered":"","protected":false},"excerpt":{"rendered":"","protected":false},"author":1,"featured_media":0,"parent":17986,"menu_order":0,"comment_status":"closed","ping_status":"closed","template":"","meta":{"_acf_changed":false,"footnotes":""},"categories":[],"tags":[],"ncap_cities_tax":[1338,438],"class_list":["post-17341","page","type-page","status-publish","hentry","ncap_cities_tax-den-sommer-erleben-goettingen-fr","ncap_cities_tax-goettingen-fr"],"acf":[],"yoast_head":"<!-- This site is optimized with the Yoast SEO plugin v26.8 - https:\/\/yoast.com\/product\/yoast-seo-wordpress\/ -->\n<title>Vivre l&#039;\u00e9t\u00e9 \u00e0 G\u00f6ttingen - La ville de la science - 9 St\u00e4dte in Niedersachsen<\/title>\n<meta name=\"robots\" content=\"index, follow, max-snippet:-1, max-image-preview:large, max-video-preview:-1\" \/>\n<link rel=\"canonical\" href=\"https:\/\/9staedte.de\/fr\/gottingen-une-ville-qui-cree-le-savoir\/vivre-lete-a-goettingen-la-ville-de-la-science\/\" \/>\n<meta property=\"og:locale\" content=\"fr_FR\" \/>\n<meta property=\"og:type\" content=\"article\" \/>\n<meta property=\"og:title\" content=\"Vivre l&#039;\u00e9t\u00e9 \u00e0 G\u00f6ttingen - La ville de la science - 9 St\u00e4dte in Niedersachsen\" \/>\n<meta property=\"og:url\" content=\"https:\/\/9staedte.de\/fr\/gottingen-une-ville-qui-cree-le-savoir\/vivre-lete-a-goettingen-la-ville-de-la-science\/\" \/>\n<meta property=\"og:site_name\" content=\"9 St\u00e4dte in Niedersachsen\" \/>\n<meta name=\"twitter:card\" content=\"summary_large_image\" \/>\n<script type=\"application\/ld+json\" class=\"yoast-schema-graph\">{\"@context\":\"https:\/\/schema.org\",\"@graph\":[{\"@type\":\"WebPage\",\"@id\":\"https:\/\/9staedte.de\/fr\/gottingen-une-ville-qui-cree-le-savoir\/vivre-lete-a-goettingen-la-ville-de-la-science\/\",\"url\":\"https:\/\/9staedte.de\/fr\/gottingen-une-ville-qui-cree-le-savoir\/vivre-lete-a-goettingen-la-ville-de-la-science\/\",\"name\":\"Vivre l'\u00e9t\u00e9 \u00e0 G\u00f6ttingen - La ville de la science - 9 St\u00e4dte in Niedersachsen\",\"isPartOf\":{\"@id\":\"https:\/\/9staedte.de\/fr\/#website\"},\"datePublished\":\"2023-11-02T08:48:26+00:00\",\"breadcrumb\":{\"@id\":\"https:\/\/9staedte.de\/fr\/gottingen-une-ville-qui-cree-le-savoir\/vivre-lete-a-goettingen-la-ville-de-la-science\/#breadcrumb\"},\"inLanguage\":\"fr-FR\",\"potentialAction\":[{\"@type\":\"ReadAction\",\"target\":[\"https:\/\/9staedte.de\/fr\/gottingen-une-ville-qui-cree-le-savoir\/vivre-lete-a-goettingen-la-ville-de-la-science\/\"]}]},{\"@type\":\"BreadcrumbList\",\"@id\":\"https:\/\/9staedte.de\/fr\/gottingen-une-ville-qui-cree-le-savoir\/vivre-lete-a-goettingen-la-ville-de-la-science\/#breadcrumb\",\"itemListElement\":[{\"@type\":\"ListItem\",\"position\":1,\"name\":\"Startseite\",\"item\":\"https:\/\/9staedte.de\/fr\/\"},{\"@type\":\"ListItem\",\"position\":2,\"name\":\"Vivre l&#8217;\u00e9t\u00e9 \u00e0 G\u00f6ttingen &#8211; La ville de la science\"}]},{\"@type\":\"WebSite\",\"@id\":\"https:\/\/9staedte.de\/fr\/#website\",\"url\":\"https:\/\/9staedte.de\/fr\/\",\"name\":\"9 St\u00e4dte in Niedersachsen\",\"description\":\"\",\"publisher\":{\"@id\":\"https:\/\/9staedte.de\/fr\/#organization\"},\"potentialAction\":[{\"@type\":\"SearchAction\",\"target\":{\"@type\":\"EntryPoint\",\"urlTemplate\":\"https:\/\/9staedte.de\/fr\/?s={search_term_string}\"},\"query-input\":{\"@type\":\"PropertyValueSpecification\",\"valueRequired\":true,\"valueName\":\"search_term_string\"}}],\"inLanguage\":\"fr-FR\"},{\"@type\":\"Organization\",\"@id\":\"https:\/\/9staedte.de\/fr\/#organization\",\"name\":\"9 St\u00e4dte in Niedersachsen\",\"url\":\"https:\/\/9staedte.de\/fr\/\",\"logo\":{\"@type\":\"ImageObject\",\"inLanguage\":\"fr-FR\",\"@id\":\"https:\/\/9staedte.de\/fr\/#\/schema\/logo\/image\/\",\"url\":\"https:\/\/9staedte.de\/wp-content\/uploads\/2025\/01\/9-neg-deutsch-2-1.png\",\"contentUrl\":\"https:\/\/9staedte.de\/wp-content\/uploads\/2025\/01\/9-neg-deutsch-2-1.png\",\"width\":190,\"height\":114,\"caption\":\"9 St\u00e4dte in Niedersachsen\"},\"image\":{\"@id\":\"https:\/\/9staedte.de\/fr\/#\/schema\/logo\/image\/\"}}]}<\/script>\n<!-- \/ Yoast SEO plugin. -->","yoast_head_json":{"title":"Vivre l'\u00e9t\u00e9 \u00e0 G\u00f6ttingen - La ville de la science - 9 St\u00e4dte in Niedersachsen","robots":{"index":"index","follow":"follow","max-snippet":"max-snippet:-1","max-image-preview":"max-image-preview:large","max-video-preview":"max-video-preview:-1"},"canonical":"https:\/\/9staedte.de\/fr\/gottingen-une-ville-qui-cree-le-savoir\/vivre-lete-a-goettingen-la-ville-de-la-science\/","og_locale":"fr_FR","og_type":"article","og_title":"Vivre l'\u00e9t\u00e9 \u00e0 G\u00f6ttingen - La ville de la science - 9 St\u00e4dte in Niedersachsen","og_url":"https:\/\/9staedte.de\/fr\/gottingen-une-ville-qui-cree-le-savoir\/vivre-lete-a-goettingen-la-ville-de-la-science\/","og_site_name":"9 St\u00e4dte in Niedersachsen","twitter_card":"summary_large_image","schema":{"@context":"https:\/\/schema.org","@graph":[{"@type":"WebPage","@id":"https:\/\/9staedte.de\/fr\/gottingen-une-ville-qui-cree-le-savoir\/vivre-lete-a-goettingen-la-ville-de-la-science\/","url":"https:\/\/9staedte.de\/fr\/gottingen-une-ville-qui-cree-le-savoir\/vivre-lete-a-goettingen-la-ville-de-la-science\/","name":"Vivre l'\u00e9t\u00e9 \u00e0 G\u00f6ttingen - La ville de la science - 9 St\u00e4dte in Niedersachsen","isPartOf":{"@id":"https:\/\/9staedte.de\/fr\/#website"},"datePublished":"2023-11-02T08:48:26+00:00","breadcrumb":{"@id":"https:\/\/9staedte.de\/fr\/gottingen-une-ville-qui-cree-le-savoir\/vivre-lete-a-goettingen-la-ville-de-la-science\/#breadcrumb"},"inLanguage":"fr-FR","potentialAction":[{"@type":"ReadAction","target":["https:\/\/9staedte.de\/fr\/gottingen-une-ville-qui-cree-le-savoir\/vivre-lete-a-goettingen-la-ville-de-la-science\/"]}]},{"@type":"BreadcrumbList","@id":"https:\/\/9staedte.de\/fr\/gottingen-une-ville-qui-cree-le-savoir\/vivre-lete-a-goettingen-la-ville-de-la-science\/#breadcrumb","itemListElement":[{"@type":"ListItem","position":1,"name":"Startseite","item":"https:\/\/9staedte.de\/fr\/"},{"@type":"ListItem","position":2,"name":"Vivre l&#8217;\u00e9t\u00e9 \u00e0 G\u00f6ttingen &#8211; La ville de la science"}]},{"@type":"WebSite","@id":"https:\/\/9staedte.de\/fr\/#website","url":"https:\/\/9staedte.de\/fr\/","name":"9 St\u00e4dte in Niedersachsen","description":"","publisher":{"@id":"https:\/\/9staedte.de\/fr\/#organization"},"potentialAction":[{"@type":"SearchAction","target":{"@type":"EntryPoint","urlTemplate":"https:\/\/9staedte.de\/fr\/?s={search_term_string}"},"query-input":{"@type":"PropertyValueSpecification","valueRequired":true,"valueName":"search_term_string"}}],"inLanguage":"fr-FR"},{"@type":"Organization","@id":"https:\/\/9staedte.de\/fr\/#organization","name":"9 St\u00e4dte in Niedersachsen","url":"https:\/\/9staedte.de\/fr\/","logo":{"@type":"ImageObject","inLanguage":"fr-FR","@id":"https:\/\/9staedte.de\/fr\/#\/schema\/logo\/image\/","url":"https:\/\/9staedte.de\/wp-content\/uploads\/2025\/01\/9-neg-deutsch-2-1.png","contentUrl":"https:\/\/9staedte.de\/wp-content\/uploads\/2025\/01\/9-neg-deutsch-2-1.png","width":190,"height":114,"caption":"9 St\u00e4dte in Niedersachsen"},"image":{"@id":"https:\/\/9staedte.de\/fr\/#\/schema\/logo\/image\/"}}]}},"_links":{"self":[{"href":"https:\/\/9staedte.de\/fr\/wp-json\/wp\/v2\/pages\/17341","targetHints":{"allow":["GET"]}}],"collection":[{"href":"https:\/\/9staedte.de\/fr\/wp-json\/wp\/v2\/pages"}],"about":[{"href":"https:\/\/9staedte.de\/fr\/wp-json\/wp\/v2\/types\/page"}],"author":[{"embeddable":true,"href":"https:\/\/9staedte.de\/fr\/wp-json\/wp\/v2\/users\/1"}],"replies":[{"embeddable":true,"href":"https:\/\/9staedte.de\/fr\/wp-json\/wp\/v2\/comments?post=17341"}],"version-history":[{"count":0,"href":"https:\/\/9staedte.de\/fr\/wp-json\/wp\/v2\/pages\/17341\/revisions"}],"up":[{"embeddable":true,"href":"https:\/\/9staedte.de\/fr\/wp-json\/wp\/v2\/pages\/17986"}],"wp:attachment":[{"href":"https:\/\/9staedte.de\/fr\/wp-json\/wp\/v2\/media?parent=17341"}],"wp:term":[{"taxonomy":"category","embeddable":true,"href":"https:\/\/9staedte.de\/fr\/wp-json\/wp\/v2\/categories?post=17341"},{"taxonomy":"post_tag","embeddable":true,"href":"https:\/\/9staedte.de\/fr\/wp-json\/wp\/v2\/tags?post=17341"},{"taxonomy":"ncap_cities_tax","embeddable":true,"href":"https:\/\/9staedte.de\/fr\/wp-json\/wp\/v2\/ncap_cities_tax?post=17341"}],"curies":[{"name":"wp","href":"https:\/\/api.w.org\/{rel}","templated":true}]}}