{"id":17336,"date":"2023-11-02T09:48:25","date_gmt":"2023-11-02T08:48:25","guid":{"rendered":"https:\/\/9staedte.de\/visites-guidees-de-celle\/"},"modified":"2023-11-02T17:29:53","modified_gmt":"2023-11-02T16:29:53","slug":"visites-guidees-de-celle","status":"publish","type":"page","link":"https:\/\/9staedte.de\/fr\/celle-une-charmante-ville-residentielle\/visites-guidees-de-celle\/","title":{"rendered":"Visites guid\u00e9es de Celle"},"content":{"rendered":"\n<p>Les visites guid\u00e9es de la ville et du ch\u00e2teau de Celle vous permettront de d\u00e9couvrir des histoires locales et de magnifiques endroits de la ville. Nos guides comp\u00e9tents et qualifi\u00e9s vous feront d\u00e9couvrir le charme d&rsquo;une ville jeune et historique, vous parleront du pays et de ses habitants et vous montreront les ruelles et les cours int\u00e9rieures intimes de la ville.<\/p>\n\n\n\n<p><\/p>\n\n\n\n<p><\/p>\n\n\n\n<p><\/p>\n\n\n\r\n\r\n    <div class=\"filter-posts\">\r\n            <div  id=\"filterContent\">\r\n                                                        \n<div class=\"contentKachel filtr-item\" data-category=\"celle-fr\">\n    <a href=\"https:\/\/9staedte.de\/fr\/visites-guidees-du-chateau-de-celle\/\">\n        <div class=\"contentKachel-inner\">\n                            <div class=\"contentKachel-thumbnail\">\n                    <img loading=\"lazy\" decoding=\"async\" width=\"300\" height=\"164\" src=\"https:\/\/9staedte.de\/wp-content\/smush-webp\/2022\/07\/Stadtfuehrung-in-Celle-vor-dem-Schloss-c-Celle-Tourismus-300x164.jpg.webp\" class=\"objectfitcover withfilters wp-post-image\" alt=\"L\u2019image montre une visite guid\u00e9e \u00e0 Celle. Une femme en pantalon blanc explique quelque chose. Neuf adultes sont devant elle. Le groupe se tient \u00e0 c\u00f4t\u00e9 d\u2019un ch\u00e2teau. Le ch\u00e2teau est blanc et a de nombreuses fen\u00eatres. \u00c0 l\u2019arri\u00e8re-plan, on voit des arbres et un chemin.\" srcset=\"https:\/\/9staedte.de\/wp-content\/smush-webp\/2022\/07\/Stadtfuehrung-in-Celle-vor-dem-Schloss-c-Celle-Tourismus-300x164.jpg.webp 300w, https:\/\/9staedte.de\/wp-content\/smush-webp\/2022\/07\/Stadtfuehrung-in-Celle-vor-dem-Schloss-c-Celle-Tourismus-768x421.jpg.webp 768w, https:\/\/9staedte.de\/wp-content\/smush-webp\/2022\/07\/Stadtfuehrung-in-Celle-vor-dem-Schloss-c-Celle-Tourismus.jpg.webp 1020w\" sizes=\"auto, (max-width: 300px) 100vw, 300px\" \/>                    <img loading=\"lazy\" decoding=\"async\" width=\"300\" height=\"164\" src=\"https:\/\/9staedte.de\/wp-content\/smush-webp\/2022\/07\/Stadtfuehrung-in-Celle-vor-dem-Schloss-c-Celle-Tourismus-300x164.jpg.webp\" class=\"objectfitcontain wp-post-image\" alt=\"L\u2019image montre une visite guid\u00e9e \u00e0 Celle. Une femme en pantalon blanc explique quelque chose. Neuf adultes sont devant elle. Le groupe se tient \u00e0 c\u00f4t\u00e9 d\u2019un ch\u00e2teau. Le ch\u00e2teau est blanc et a de nombreuses fen\u00eatres. \u00c0 l\u2019arri\u00e8re-plan, on voit des arbres et un chemin.\" srcset=\"https:\/\/9staedte.de\/wp-content\/smush-webp\/2022\/07\/Stadtfuehrung-in-Celle-vor-dem-Schloss-c-Celle-Tourismus-300x164.jpg.webp 300w, https:\/\/9staedte.de\/wp-content\/smush-webp\/2022\/07\/Stadtfuehrung-in-Celle-vor-dem-Schloss-c-Celle-Tourismus-768x421.jpg.webp 768w, https:\/\/9staedte.de\/wp-content\/smush-webp\/2022\/07\/Stadtfuehrung-in-Celle-vor-dem-Schloss-c-Celle-Tourismus.jpg.webp 1020w\" sizes=\"auto, (max-width: 300px) 100vw, 300px\" \/>                        <div class=\"thumbnail-label\">\n    <span>Stadtf\u00fchrung in Celle vor dem Schloss c) Celle Tourismus<\/span>\n    <\/div>\n                <\/div>\n                        <div class=\"contentKachel-content\">\n                                    <div class=\"city-tag bg-celle\">\n                        Celle                    <\/div>\n                \n                <div class=\"title\">\n\n                    Visites guid\u00e9es du ch\u00e2teau de Celle                    \n                <\/div>\n\n                            <\/div>\n\n        <\/div>\n    <\/a>\n<\/div>                                                        \n<div class=\"contentKachel filtr-item\" data-category=\"celle-fr\">\n    <a href=\"https:\/\/9staedte.de\/fr\/visites-guidees-de-celle\/\">\n        <div class=\"contentKachel-inner\">\n                            <div class=\"contentKachel-thumbnail\">\n                    <img loading=\"lazy\" decoding=\"async\" width=\"300\" height=\"165\" src=\"https:\/\/9staedte.de\/wp-content\/smush-webp\/2023\/01\/Museum-Gruppe_058-300x165.jpg.webp\" class=\"objectfitcover withfilters wp-post-image\" alt=\"L\u2019image montre une visite guid\u00e9e \u00e0 Celle. Une femme avec un foulard rouge explique quelque chose. Huit adultes sont devant elle. Tous sourient ou rient. \u00c0 l\u2019arri\u00e8re-plan, on voit des b\u00e2timents modernes et anciens. La visite a lieu \u00e0 l\u2019ext\u00e9rieur.\" srcset=\"https:\/\/9staedte.de\/wp-content\/smush-webp\/2023\/01\/Museum-Gruppe_058-300x165.jpg.webp 300w, https:\/\/9staedte.de\/wp-content\/smush-webp\/2023\/01\/Museum-Gruppe_058-768x422.jpg.webp 768w, https:\/\/9staedte.de\/wp-content\/smush-webp\/2023\/01\/Museum-Gruppe_058.jpg.webp 1019w\" sizes=\"auto, (max-width: 300px) 100vw, 300px\" \/>                    <img loading=\"lazy\" decoding=\"async\" width=\"300\" height=\"165\" src=\"https:\/\/9staedte.de\/wp-content\/smush-webp\/2023\/01\/Museum-Gruppe_058-300x165.jpg.webp\" class=\"objectfitcontain wp-post-image\" alt=\"L\u2019image montre une visite guid\u00e9e \u00e0 Celle. Une femme avec un foulard rouge explique quelque chose. Huit adultes sont devant elle. Tous sourient ou rient. \u00c0 l\u2019arri\u00e8re-plan, on voit des b\u00e2timents modernes et anciens. La visite a lieu \u00e0 l\u2019ext\u00e9rieur.\" srcset=\"https:\/\/9staedte.de\/wp-content\/smush-webp\/2023\/01\/Museum-Gruppe_058-300x165.jpg.webp 300w, https:\/\/9staedte.de\/wp-content\/smush-webp\/2023\/01\/Museum-Gruppe_058-768x422.jpg.webp 768w, https:\/\/9staedte.de\/wp-content\/smush-webp\/2023\/01\/Museum-Gruppe_058.jpg.webp 1019w\" sizes=\"auto, (max-width: 300px) 100vw, 300px\" \/>                        <div class=\"thumbnail-label\">\n    <span>Stadtf\u00fchrung in Celle c) Celle Tourismus<\/span>\n    <\/div>\n                <\/div>\n                        <div class=\"contentKachel-content\">\n                                    <div class=\"city-tag bg-celle\">\n                        Celle                    <\/div>\n                \n                <div class=\"title\">\n\n                    Visites guid\u00e9es de Celle                    \n                <\/div>\n\n                            <\/div>\n\n        <\/div>\n    <\/a>\n<\/div>                                                        \n<div class=\"contentKachel filtr-item\" data-category=\"celle-fr\">\n    <a href=\"https:\/\/9staedte.de\/fr\/architecture-bauhaus-les-traces-dotto-haesler-a-celle\/\">\n        <div class=\"contentKachel-inner\">\n                            <div class=\"contentKachel-thumbnail\">\n                    <img loading=\"lazy\" decoding=\"async\" width=\"300\" height=\"165\" src=\"https:\/\/9staedte.de\/wp-content\/smush-webp\/2022\/06\/Celle-Bauhaus-c-Stadt-Celle-300x165.jpg.webp\" class=\"objectfitcover withfilters wp-post-image\" alt=\"Sur l\u2019image, il y a des maisons color\u00e9es. Les maisons sont rouges, bleues et blanches. Elles ont une forme simple. Les fen\u00eatres sont droites. C\u2019est un exemple de Bauhaus. Les maisons sont \u00e0 Celle.\" srcset=\"https:\/\/9staedte.de\/wp-content\/smush-webp\/2022\/06\/Celle-Bauhaus-c-Stadt-Celle-300x165.jpg.webp 300w, https:\/\/9staedte.de\/wp-content\/smush-webp\/2022\/06\/Celle-Bauhaus-c-Stadt-Celle-768x422.jpg.webp 768w, https:\/\/9staedte.de\/wp-content\/smush-webp\/2022\/06\/Celle-Bauhaus-c-Stadt-Celle.jpg.webp 1020w\" sizes=\"auto, (max-width: 300px) 100vw, 300px\" \/>                    <img loading=\"lazy\" decoding=\"async\" width=\"300\" height=\"165\" src=\"https:\/\/9staedte.de\/wp-content\/smush-webp\/2022\/06\/Celle-Bauhaus-c-Stadt-Celle-300x165.jpg.webp\" class=\"objectfitcontain wp-post-image\" alt=\"Sur l\u2019image, il y a des maisons color\u00e9es. Les maisons sont rouges, bleues et blanches. Elles ont une forme simple. Les fen\u00eatres sont droites. C\u2019est un exemple de Bauhaus. Les maisons sont \u00e0 Celle.\" srcset=\"https:\/\/9staedte.de\/wp-content\/smush-webp\/2022\/06\/Celle-Bauhaus-c-Stadt-Celle-300x165.jpg.webp 300w, https:\/\/9staedte.de\/wp-content\/smush-webp\/2022\/06\/Celle-Bauhaus-c-Stadt-Celle-768x422.jpg.webp 768w, https:\/\/9staedte.de\/wp-content\/smush-webp\/2022\/06\/Celle-Bauhaus-c-Stadt-Celle.jpg.webp 1020w\" sizes=\"auto, (max-width: 300px) 100vw, 300px\" \/>                        <div class=\"thumbnail-label\">\n    <span>Bauhaus in Celle c) Stadt Celle<\/span>\n    <\/div>\n                <\/div>\n                        <div class=\"contentKachel-content\">\n                                    <div class=\"city-tag bg-celle\">\n                        Celle                    <\/div>\n                \n                <div class=\"title\">\n\n                    Architecture Bauhaus &#8211; Les traces d&rsquo;otto haesler \u00e0 Celle                    \n                <\/div>\n\n                            <\/div>\n\n        <\/div>\n    <\/a>\n<\/div>                                                        \n<div class=\"contentKachel filtr-item\" data-category=\"celle-fr\">\n    <a href=\"https:\/\/9staedte.de\/fr\/sur-les-traces-des-sorcieres-visite-guidee-de-la-ville-de-celle\/\">\n        <div class=\"contentKachel-inner\">\n                            <div class=\"contentKachel-thumbnail\">\n                    <img loading=\"lazy\" decoding=\"async\" width=\"300\" height=\"133\" src=\"https:\/\/9staedte.de\/wp-content\/smush-webp\/2022\/06\/Petronella-und-Begina-Hexenfuehrung-c-Celle-Tourismus-300x133.jpg.webp\" class=\"objectfitcover withfilters wp-post-image\" alt=\"L\u2019image montre deux femmes devant le ch\u00e2teau de Celle. Les femmes portent des v\u00eatements m\u00e9di\u00e9vaux. L\u2019une porte une robe blanche avec une ceinture bleue. L\u2019autre porte un corset rouge et un chemisier blanc. Toutes deux tiennent un panier \u00e0 la main. En arri\u00e8re-plan, on voit le ch\u00e2teau et un arbre.\" srcset=\"https:\/\/9staedte.de\/wp-content\/smush-webp\/2022\/06\/Petronella-und-Begina-Hexenfuehrung-c-Celle-Tourismus-300x133.jpg.webp 300w, https:\/\/9staedte.de\/wp-content\/smush-webp\/2022\/06\/Petronella-und-Begina-Hexenfuehrung-c-Celle-Tourismus.jpg.webp 719w\" sizes=\"auto, (max-width: 300px) 100vw, 300px\" \/>                    <img loading=\"lazy\" decoding=\"async\" width=\"300\" height=\"133\" src=\"https:\/\/9staedte.de\/wp-content\/smush-webp\/2022\/06\/Petronella-und-Begina-Hexenfuehrung-c-Celle-Tourismus-300x133.jpg.webp\" class=\"objectfitcontain wp-post-image\" alt=\"L\u2019image montre deux femmes devant le ch\u00e2teau de Celle. Les femmes portent des v\u00eatements m\u00e9di\u00e9vaux. L\u2019une porte une robe blanche avec une ceinture bleue. L\u2019autre porte un corset rouge et un chemisier blanc. Toutes deux tiennent un panier \u00e0 la main. En arri\u00e8re-plan, on voit le ch\u00e2teau et un arbre.\" srcset=\"https:\/\/9staedte.de\/wp-content\/smush-webp\/2022\/06\/Petronella-und-Begina-Hexenfuehrung-c-Celle-Tourismus-300x133.jpg.webp 300w, https:\/\/9staedte.de\/wp-content\/smush-webp\/2022\/06\/Petronella-und-Begina-Hexenfuehrung-c-Celle-Tourismus.jpg.webp 719w\" sizes=\"auto, (max-width: 300px) 100vw, 300px\" \/>                        <div class=\"thumbnail-label\">\n    <span>Petronella und Begina &#8211; Hexenf\u00fchrung<\/span>\n    <\/div>\n                <\/div>\n                        <div class=\"contentKachel-content\">\n                                    <div class=\"city-tag bg-celle\">\n                        Celle                    <\/div>\n                \n                <div class=\"title\">\n\n                    Sur les traces des sorci\u00e8res &#8211; Visite guid\u00e9e de la ville de Celle                    \n                <\/div>\n\n                            <\/div>\n\n        <\/div>\n    <\/a>\n<\/div>                                            <\/div>\r\n    <\/div>\r\n","protected":false},"excerpt":{"rendered":"<p>Les visites guid\u00e9es de la ville et du ch\u00e2teau de Celle vous permettront de d\u00e9couvrir des histoires locales et de magnifiques endroits de la ville. Nos guides comp\u00e9tents et qualifi\u00e9s vous feront d\u00e9couvrir le charme d&rsquo;une ville jeune et historique, vous parleront du pays et de ses habitants et vous montreront les ruelles et les [&hellip;]<\/p>\n","protected":false},"author":1,"featured_media":17345,"parent":18079,"menu_order":0,"comment_status":"closed","ping_status":"closed","template":"pagetemplates\/template-stadtthema.php","meta":{"_acf_changed":false,"footnotes":""},"categories":[],"tags":[],"ncap_cities_tax":[429,1206],"class_list":["post-17336","page","type-page","status-publish","has-post-thumbnail","hentry","ncap_cities_tax-celle-fr","ncap_cities_tax-stadtfuhrungen-celle-fr"],"acf":[],"yoast_head":"<!-- This site is optimized with the Yoast SEO plugin v26.8 - https:\/\/yoast.com\/product\/yoast-seo-wordpress\/ -->\n<title>Visites guid\u00e9es de Celle - 9 St\u00e4dte in Niedersachsen<\/title>\n<meta name=\"robots\" content=\"index, follow, max-snippet:-1, max-image-preview:large, max-video-preview:-1\" \/>\n<link rel=\"canonical\" href=\"https:\/\/9staedte.de\/fr\/celle-une-charmante-ville-residentielle\/visites-guidees-de-celle\/\" \/>\n<meta property=\"og:locale\" content=\"fr_FR\" \/>\n<meta property=\"og:type\" content=\"article\" \/>\n<meta property=\"og:title\" content=\"Visites guid\u00e9es de Celle - 9 St\u00e4dte in Niedersachsen\" \/>\n<meta property=\"og:description\" content=\"Les visites guid\u00e9es de la ville et du ch\u00e2teau de Celle vous permettront de d\u00e9couvrir des histoires locales et de magnifiques endroits de la ville. Nos guides comp\u00e9tents et qualifi\u00e9s vous feront d\u00e9couvrir le charme d&rsquo;une ville jeune et historique, vous parleront du pays et de ses habitants et vous montreront les ruelles et les [&hellip;]\" \/>\n<meta property=\"og:url\" content=\"https:\/\/9staedte.de\/fr\/celle-une-charmante-ville-residentielle\/visites-guidees-de-celle\/\" \/>\n<meta property=\"og:site_name\" content=\"9 St\u00e4dte in Niedersachsen\" \/>\n<meta property=\"article:modified_time\" content=\"2023-11-02T16:29:53+00:00\" \/>\n<meta property=\"og:image\" content=\"https:\/\/9staedte.de\/wp-content\/uploads\/2023\/01\/Rundgang-durch-Celle-c-Stadt-Celle.jpg\" \/>\n\t<meta property=\"og:image:width\" content=\"1020\" \/>\n\t<meta property=\"og:image:height\" content=\"560\" \/>\n\t<meta property=\"og:image:type\" content=\"image\/jpeg\" \/>\n<meta name=\"twitter:card\" content=\"summary_large_image\" \/>\n<meta name=\"twitter:label1\" content=\"Dur\u00e9e de lecture estim\u00e9e\" \/>\n\t<meta name=\"twitter:data1\" content=\"1 minute\" \/>\n<script type=\"application\/ld+json\" class=\"yoast-schema-graph\">{\"@context\":\"https:\/\/schema.org\",\"@graph\":[{\"@type\":\"WebPage\",\"@id\":\"https:\/\/9staedte.de\/fr\/celle-une-charmante-ville-residentielle\/visites-guidees-de-celle\/\",\"url\":\"https:\/\/9staedte.de\/fr\/celle-une-charmante-ville-residentielle\/visites-guidees-de-celle\/\",\"name\":\"Visites guid\u00e9es de Celle - 9 St\u00e4dte in Niedersachsen\",\"isPartOf\":{\"@id\":\"https:\/\/9staedte.de\/fr\/#website\"},\"primaryImageOfPage\":{\"@id\":\"https:\/\/9staedte.de\/fr\/celle-une-charmante-ville-residentielle\/visites-guidees-de-celle\/#primaryimage\"},\"image\":{\"@id\":\"https:\/\/9staedte.de\/fr\/celle-une-charmante-ville-residentielle\/visites-guidees-de-celle\/#primaryimage\"},\"thumbnailUrl\":\"https:\/\/9staedte.de\/wp-content\/uploads\/2023\/01\/Rundgang-durch-Celle-c-Stadt-Celle.jpg\",\"datePublished\":\"2023-11-02T08:48:25+00:00\",\"dateModified\":\"2023-11-02T16:29:53+00:00\",\"breadcrumb\":{\"@id\":\"https:\/\/9staedte.de\/fr\/celle-une-charmante-ville-residentielle\/visites-guidees-de-celle\/#breadcrumb\"},\"inLanguage\":\"fr-FR\",\"potentialAction\":[{\"@type\":\"ReadAction\",\"target\":[\"https:\/\/9staedte.de\/fr\/celle-une-charmante-ville-residentielle\/visites-guidees-de-celle\/\"]}]},{\"@type\":\"ImageObject\",\"inLanguage\":\"fr-FR\",\"@id\":\"https:\/\/9staedte.de\/fr\/celle-une-charmante-ville-residentielle\/visites-guidees-de-celle\/#primaryimage\",\"url\":\"https:\/\/9staedte.de\/wp-content\/uploads\/2023\/01\/Rundgang-durch-Celle-c-Stadt-Celle.jpg\",\"contentUrl\":\"https:\/\/9staedte.de\/wp-content\/uploads\/2023\/01\/Rundgang-durch-Celle-c-Stadt-Celle.jpg\",\"width\":1020,\"height\":560,\"caption\":\"Rundgang durch Celle c) Stadt Celle\"},{\"@type\":\"BreadcrumbList\",\"@id\":\"https:\/\/9staedte.de\/fr\/celle-une-charmante-ville-residentielle\/visites-guidees-de-celle\/#breadcrumb\",\"itemListElement\":[{\"@type\":\"ListItem\",\"position\":1,\"name\":\"Startseite\",\"item\":\"https:\/\/9staedte.de\/fr\/\"},{\"@type\":\"ListItem\",\"position\":2,\"name\":\"Celle &#8211; une charmante ville r\u00e9sidentielle\",\"item\":\"https:\/\/9staedte.de\/fr\/celle-une-charmante-ville-residentielle\/\"},{\"@type\":\"ListItem\",\"position\":3,\"name\":\"Visites guid\u00e9es de Celle\"}]},{\"@type\":\"WebSite\",\"@id\":\"https:\/\/9staedte.de\/fr\/#website\",\"url\":\"https:\/\/9staedte.de\/fr\/\",\"name\":\"9 St\u00e4dte in Niedersachsen\",\"description\":\"\",\"publisher\":{\"@id\":\"https:\/\/9staedte.de\/fr\/#organization\"},\"potentialAction\":[{\"@type\":\"SearchAction\",\"target\":{\"@type\":\"EntryPoint\",\"urlTemplate\":\"https:\/\/9staedte.de\/fr\/?s={search_term_string}\"},\"query-input\":{\"@type\":\"PropertyValueSpecification\",\"valueRequired\":true,\"valueName\":\"search_term_string\"}}],\"inLanguage\":\"fr-FR\"},{\"@type\":\"Organization\",\"@id\":\"https:\/\/9staedte.de\/fr\/#organization\",\"name\":\"9 St\u00e4dte in Niedersachsen\",\"url\":\"https:\/\/9staedte.de\/fr\/\",\"logo\":{\"@type\":\"ImageObject\",\"inLanguage\":\"fr-FR\",\"@id\":\"https:\/\/9staedte.de\/fr\/#\/schema\/logo\/image\/\",\"url\":\"https:\/\/9staedte.de\/wp-content\/uploads\/2025\/01\/9-neg-deutsch-2-1.png\",\"contentUrl\":\"https:\/\/9staedte.de\/wp-content\/uploads\/2025\/01\/9-neg-deutsch-2-1.png\",\"width\":190,\"height\":114,\"caption\":\"9 St\u00e4dte in Niedersachsen\"},\"image\":{\"@id\":\"https:\/\/9staedte.de\/fr\/#\/schema\/logo\/image\/\"}}]}<\/script>\n<!-- \/ Yoast SEO plugin. -->","yoast_head_json":{"title":"Visites guid\u00e9es de Celle - 9 St\u00e4dte in Niedersachsen","robots":{"index":"index","follow":"follow","max-snippet":"max-snippet:-1","max-image-preview":"max-image-preview:large","max-video-preview":"max-video-preview:-1"},"canonical":"https:\/\/9staedte.de\/fr\/celle-une-charmante-ville-residentielle\/visites-guidees-de-celle\/","og_locale":"fr_FR","og_type":"article","og_title":"Visites guid\u00e9es de Celle - 9 St\u00e4dte in Niedersachsen","og_description":"Les visites guid\u00e9es de la ville et du ch\u00e2teau de Celle vous permettront de d\u00e9couvrir des histoires locales et de magnifiques endroits de la ville. Nos guides comp\u00e9tents et qualifi\u00e9s vous feront d\u00e9couvrir le charme d&rsquo;une ville jeune et historique, vous parleront du pays et de ses habitants et vous montreront les ruelles et les [&hellip;]","og_url":"https:\/\/9staedte.de\/fr\/celle-une-charmante-ville-residentielle\/visites-guidees-de-celle\/","og_site_name":"9 St\u00e4dte in Niedersachsen","article_modified_time":"2023-11-02T16:29:53+00:00","og_image":[{"width":1020,"height":560,"url":"https:\/\/9staedte.de\/wp-content\/uploads\/2023\/01\/Rundgang-durch-Celle-c-Stadt-Celle.jpg","type":"image\/jpeg"}],"twitter_card":"summary_large_image","twitter_misc":{"Dur\u00e9e de lecture estim\u00e9e":"1 minute"},"schema":{"@context":"https:\/\/schema.org","@graph":[{"@type":"WebPage","@id":"https:\/\/9staedte.de\/fr\/celle-une-charmante-ville-residentielle\/visites-guidees-de-celle\/","url":"https:\/\/9staedte.de\/fr\/celle-une-charmante-ville-residentielle\/visites-guidees-de-celle\/","name":"Visites guid\u00e9es de Celle - 9 St\u00e4dte in Niedersachsen","isPartOf":{"@id":"https:\/\/9staedte.de\/fr\/#website"},"primaryImageOfPage":{"@id":"https:\/\/9staedte.de\/fr\/celle-une-charmante-ville-residentielle\/visites-guidees-de-celle\/#primaryimage"},"image":{"@id":"https:\/\/9staedte.de\/fr\/celle-une-charmante-ville-residentielle\/visites-guidees-de-celle\/#primaryimage"},"thumbnailUrl":"https:\/\/9staedte.de\/wp-content\/uploads\/2023\/01\/Rundgang-durch-Celle-c-Stadt-Celle.jpg","datePublished":"2023-11-02T08:48:25+00:00","dateModified":"2023-11-02T16:29:53+00:00","breadcrumb":{"@id":"https:\/\/9staedte.de\/fr\/celle-une-charmante-ville-residentielle\/visites-guidees-de-celle\/#breadcrumb"},"inLanguage":"fr-FR","potentialAction":[{"@type":"ReadAction","target":["https:\/\/9staedte.de\/fr\/celle-une-charmante-ville-residentielle\/visites-guidees-de-celle\/"]}]},{"@type":"ImageObject","inLanguage":"fr-FR","@id":"https:\/\/9staedte.de\/fr\/celle-une-charmante-ville-residentielle\/visites-guidees-de-celle\/#primaryimage","url":"https:\/\/9staedte.de\/wp-content\/uploads\/2023\/01\/Rundgang-durch-Celle-c-Stadt-Celle.jpg","contentUrl":"https:\/\/9staedte.de\/wp-content\/uploads\/2023\/01\/Rundgang-durch-Celle-c-Stadt-Celle.jpg","width":1020,"height":560,"caption":"Rundgang durch Celle c) Stadt Celle"},{"@type":"BreadcrumbList","@id":"https:\/\/9staedte.de\/fr\/celle-une-charmante-ville-residentielle\/visites-guidees-de-celle\/#breadcrumb","itemListElement":[{"@type":"ListItem","position":1,"name":"Startseite","item":"https:\/\/9staedte.de\/fr\/"},{"@type":"ListItem","position":2,"name":"Celle &#8211; une charmante ville r\u00e9sidentielle","item":"https:\/\/9staedte.de\/fr\/celle-une-charmante-ville-residentielle\/"},{"@type":"ListItem","position":3,"name":"Visites guid\u00e9es de Celle"}]},{"@type":"WebSite","@id":"https:\/\/9staedte.de\/fr\/#website","url":"https:\/\/9staedte.de\/fr\/","name":"9 St\u00e4dte in Niedersachsen","description":"","publisher":{"@id":"https:\/\/9staedte.de\/fr\/#organization"},"potentialAction":[{"@type":"SearchAction","target":{"@type":"EntryPoint","urlTemplate":"https:\/\/9staedte.de\/fr\/?s={search_term_string}"},"query-input":{"@type":"PropertyValueSpecification","valueRequired":true,"valueName":"search_term_string"}}],"inLanguage":"fr-FR"},{"@type":"Organization","@id":"https:\/\/9staedte.de\/fr\/#organization","name":"9 St\u00e4dte in Niedersachsen","url":"https:\/\/9staedte.de\/fr\/","logo":{"@type":"ImageObject","inLanguage":"fr-FR","@id":"https:\/\/9staedte.de\/fr\/#\/schema\/logo\/image\/","url":"https:\/\/9staedte.de\/wp-content\/uploads\/2025\/01\/9-neg-deutsch-2-1.png","contentUrl":"https:\/\/9staedte.de\/wp-content\/uploads\/2025\/01\/9-neg-deutsch-2-1.png","width":190,"height":114,"caption":"9 St\u00e4dte in Niedersachsen"},"image":{"@id":"https:\/\/9staedte.de\/fr\/#\/schema\/logo\/image\/"}}]}},"_links":{"self":[{"href":"https:\/\/9staedte.de\/fr\/wp-json\/wp\/v2\/pages\/17336","targetHints":{"allow":["GET"]}}],"collection":[{"href":"https:\/\/9staedte.de\/fr\/wp-json\/wp\/v2\/pages"}],"about":[{"href":"https:\/\/9staedte.de\/fr\/wp-json\/wp\/v2\/types\/page"}],"author":[{"embeddable":true,"href":"https:\/\/9staedte.de\/fr\/wp-json\/wp\/v2\/users\/1"}],"replies":[{"embeddable":true,"href":"https:\/\/9staedte.de\/fr\/wp-json\/wp\/v2\/comments?post=17336"}],"version-history":[{"count":1,"href":"https:\/\/9staedte.de\/fr\/wp-json\/wp\/v2\/pages\/17336\/revisions"}],"predecessor-version":[{"id":19733,"href":"https:\/\/9staedte.de\/fr\/wp-json\/wp\/v2\/pages\/17336\/revisions\/19733"}],"up":[{"embeddable":true,"href":"https:\/\/9staedte.de\/fr\/wp-json\/wp\/v2\/pages\/18079"}],"wp:featuredmedia":[{"embeddable":true,"href":"https:\/\/9staedte.de\/fr\/wp-json\/wp\/v2\/media\/17345"}],"wp:attachment":[{"href":"https:\/\/9staedte.de\/fr\/wp-json\/wp\/v2\/media?parent=17336"}],"wp:term":[{"taxonomy":"category","embeddable":true,"href":"https:\/\/9staedte.de\/fr\/wp-json\/wp\/v2\/categories?post=17336"},{"taxonomy":"post_tag","embeddable":true,"href":"https:\/\/9staedte.de\/fr\/wp-json\/wp\/v2\/tags?post=17336"},{"taxonomy":"ncap_cities_tax","embeddable":true,"href":"https:\/\/9staedte.de\/fr\/wp-json\/wp\/v2\/ncap_cities_tax?post=17336"}],"curies":[{"name":"wp","href":"https:\/\/api.w.org\/{rel}","templated":true}]}}