{"id":17313,"date":"2023-11-02T09:48:24","date_gmt":"2023-11-02T08:48:24","guid":{"rendered":"https:\/\/9staedte.de\/reunions-et-congres-a-goettingen\/"},"modified":"2025-05-05T16:22:54","modified_gmt":"2025-05-05T14:22:54","slug":"reunions-et-congres-a-goettingen","status":"publish","type":"page","link":"https:\/\/9staedte.de\/fr\/gottingen-une-ville-qui-cree-le-savoir\/reunions-et-congres-a-goettingen\/","title":{"rendered":"R\u00e9unions et congr\u00e8s \u00e0 G\u00f6ttingen"},"content":{"rendered":"\n<h2 class=\"wp-block-heading\">R\u00e9unions et congr\u00e8s \u00e0 G\u00f6ttingen : une bonne id\u00e9e !<\/h2>\n\n\n\n<p>La r\u00e9gion de G\u00f6ttingen, qui accueille des r\u00e9unions et des congr\u00e8s, est situ\u00e9e au centre de l&rsquo;Allemagne et est parfaitement accessible en train et en voiture depuis toutes les directions. Que vous veniez de Hambourg, Cologne, Munich, Stuttgart, Dresde ou Berlin : G\u00f6ttingen est \u00e0 quatre heures de route au maximum. Sur place, vous trouverez des lieux de manifestation impressionnants, d&rsquo;excellents h\u00f4tels de conf\u00e9rence, en tout 1.600 chambres avec environ 2.800 lits, une ville aux distances courtes, une r\u00e9gion environnante vari\u00e9e avec de multiples possibilit\u00e9s pour les incentives et les programmes cadres ainsi qu&rsquo;un service fort de partenaires \u00e9troitement li\u00e9s entre eux. En voiture, vous pouvez facilement atteindre G\u00f6ttingen en empruntant la tangente nord-sud la plus importante d&rsquo;Allemagne, l&rsquo;A 7, et la nouvelle liaison est-ouest, l&rsquo;A 38. Chaque jour, plus de 100 liaisons ICE vous permettent de venir confortablement en train, y compris depuis de nombreux a\u00e9roports. Organiser des journ\u00e9es \u00e0 G\u00f6ttingen &#8211; toujours une bonne id\u00e9e !<\/p>\n\n\n\n<figure class=\"wp-block-image size-full\"><img loading=\"lazy\" decoding=\"async\" width=\"580\" height=\"535\" src=\"https:\/\/9staedte.de\/wp-content\/smush-webp\/2023\/02\/Goettingen-Entfernungsgrafik-D.jpg.webp\" alt=\"\" class=\"wp-image-3979\" srcset=\"https:\/\/9staedte.de\/wp-content\/smush-webp\/2023\/02\/Goettingen-Entfernungsgrafik-D.jpg.webp 580w, https:\/\/9staedte.de\/wp-content\/smush-webp\/2023\/02\/Goettingen-Entfernungsgrafik-D-300x277.jpg.webp 300w\" sizes=\"auto, (max-width: 580px) 100vw, 580px\" \/><\/figure>\n\n\n\n\n<div class=\"banner-wrapper\">\n  <div class=\"banner-inner \">\n      <div class=\"img-container\">\n      <div class=\"img-wrapper\">\n        <img decoding=\"async\" src=\"https:\/\/9staedte.de\/wp-content\/smush-webp\/2023\/02\/Lokhalle-Abenveranstaltung-c-Goettingen-Tourismus.jpg.webp\" alt=\"L\u2019image montre un grand \u00e9v\u00e9nement en soir\u00e9e. Beaucoup de gens sont assis sur des chaises longues sur le sable. Un grand toit rond couvre la zone. Une lumi\u00e8re bleue vient d\u2019en haut. \u00c0 l\u2019arri\u00e8re-plan, un grand b\u00e2timent avec beaucoup de fen\u00eatres.\" \/>\n                  <div class=\"thumbnail-label\">\n            <span>G\u00f6ttingen Lokhalle &#8211; Abendveranstaltung c) G\u00f6ttingen Marketing GmbH<\/span>\n          <\/div>\n              <\/div>\n    <\/div>\n        <div class=\"text-container\">\n      <div class=\"content\">\n        <h3>Unsere 9 Tipps f\u00fcr Tagungen und Kongresse in G\u00f6ttingen<\/h3>\n<p>1) Tagen im Industriedenkmal Lokhalle  \u2013 mit \u00fcber 8.400 m\u00b2 Ausstellungsfl\u00e4che<br \/>\n2) G\u00f6ttingen ist die Stadt der kurzen Wege \u2013 alles da, alles nah<br \/>\n3) XL Oriental Lounge \u2013 feuriges Rahmenprogramm im Hotel Freizeit In<br \/>\n4) Eine ganz besondere Location \u2013 der historische Saal in der Paulinerkirche<br \/>\n5) Veranstaltungen in gr\u00e4flichem Ambiente \u2013 auf dem Landsitz derer zu Hardenberg<br \/>\n6) Stadt, die Wissen schafft \u2013 Symposien und Kongresse im Umfeld von drei Universit\u00e4ten und 5 Max-Planck-Instituten<br \/>\n7) Ein Gang durch G\u00f6ttingens Unterwelt \u2013 Rahmenprogramme, die Spa\u00df machen<br \/>\n8) Bistro \u2013 dinieren bei einer der besten K\u00f6chinnen Deutschlands<br \/>\n9) Tagungs- und Kongress-Service beim G\u00f6ttingen Tourismus e.V. \u2013 kompetent und bestens vernetzt in der Region<\/p>\n      <\/div>\n    <\/div>\n    <\/div>\n<\/div>\n\n\n\n\n<h2 class=\"wp-block-heading\">Nos services pour les r\u00e9unions et les congr\u00e8s \u00e0 G\u00f6ttingen<\/h2>\n\n\n\n<p>&#8211; Aide au d\u00e9marrage<br>Pour que votre \u00e9v\u00e9nement soit une r\u00e9ussite, il est essentiel de trouver la date et le lieu qui conviennent. Nous vous informons des dates auxquelles il reste suffisamment de capacit\u00e9s disponibles et vous faisons des propositions sur les lieux les plus susceptibles d&rsquo;accueillir vos actions.<br>&#8211; Visites<br>C&rsquo;est toujours sur place que vous aurez la meilleure impression. Nous nous ferons un plaisir d&rsquo;\u00e9tablir pour vous un programme de visites et de vous procurer des entretiens avec les principaux partenaires et personnes de contact.<br>&#8211; R\u00e9servations d&rsquo;h\u00f4tel<br>En accord individuel avec vous, nous \u00e9tablissons des contingents de chambres dans les h\u00f4tels souhait\u00e9s. Gr\u00e2ce \u00e0 un lien de r\u00e9servation exclusif, les participants \u00e0 votre \u00e9v\u00e9nement peuvent consulter toutes les informations sur les h\u00e9bergements et r\u00e9server les chambres de mani\u00e8re autonome. L&rsquo;\u00e9quipe comp\u00e9tente du service de r\u00e9servation de chambres r\u00e9pond aux demandes par fax, e-mail ou t\u00e9l\u00e9phone.<br>&#8211; Services en ligne<br>Outre la cr\u00e9ation de contingents de chambres, nous vous proposons \u00e9galement, par extension, l&rsquo;enregistrement des participants, les inscriptions aux ateliers et le d\u00e9compte des frais de conf\u00e9rence en ligne.<br>&#8211; Programmes cadres<br>Qu&rsquo;il s&rsquo;agisse de visites guid\u00e9es autour de la G\u00e4nseliesel, en costumes historiques ou dans les bas-fonds de G\u00f6ttingen, d\u00e9couvrez votre ville d&rsquo;accueil \u00e0 travers l&rsquo;une des 30 visites amusantes et informatives. D\u00e9couvrez G\u00f6ttingen lors d&rsquo;un circuit en bus londonien ou partez \u00e0 la conqu\u00eate de l&rsquo;Eichsfeld, du Harz ou du Weserbergland lors d&rsquo;une excursion d&rsquo;une journ\u00e9e. Si vous recherchez des d\u00e9fis sportifs ou des activit\u00e9s visant \u00e0 renforcer l&rsquo;esprit d&rsquo;\u00e9quipe, nous vous mettons en contact avec des parcs d&rsquo;accrobranche, des prestataires de tours en cano\u00eb, des tours en GPS-Moutainbike, des terrains de golf&#8230;<br>&#8211; Bureau d&rsquo;accueil<br>Le Tagungs- und Kongress-Service G\u00f6ttingen met en place un Welcome Desk lors de votre \u00e9v\u00e9nement. L&rsquo;une de nos collaboratrices distribue du mat\u00e9riel d&rsquo;information comme des plans de ville et des brochures d&rsquo;image, aide \u00e0 trouver un h\u00e9bergement et donne des conseils sur les restaurants et les soir\u00e9es divertissantes.<\/p>\n","protected":false},"excerpt":{"rendered":"<p>R\u00e9unions et congr\u00e8s \u00e0 G\u00f6ttingen : une bonne id\u00e9e ! La r\u00e9gion de G\u00f6ttingen, qui accueille des r\u00e9unions et des congr\u00e8s, est situ\u00e9e au centre de l&rsquo;Allemagne et est parfaitement accessible en train et en voiture depuis toutes les directions. Que vous veniez de Hambourg, Cologne, Munich, Stuttgart, Dresde ou Berlin : G\u00f6ttingen est \u00e0 [&hellip;]<\/p>\n","protected":false},"author":1,"featured_media":17321,"parent":17986,"menu_order":0,"comment_status":"closed","ping_status":"closed","template":"pagetemplates\/template-stadtthema.php","meta":{"_acf_changed":false,"footnotes":""},"categories":[],"tags":[],"ncap_cities_tax":[438,1143],"class_list":["post-17313","page","type-page","status-publish","has-post-thumbnail","hentry","ncap_cities_tax-goettingen-fr","ncap_cities_tax-tagungen-und-kongresse-goettingen-fr"],"acf":[],"yoast_head":"<!-- This site is optimized with the Yoast SEO plugin v27.4 - https:\/\/yoast.com\/product\/yoast-seo-wordpress\/ -->\n<title>R\u00e9unions et congr\u00e8s \u00e0 G\u00f6ttingen - 9 St\u00e4dte in Niedersachsen<\/title>\n<meta name=\"robots\" content=\"index, follow, max-snippet:-1, max-image-preview:large, max-video-preview:-1\" \/>\n<link rel=\"canonical\" href=\"https:\/\/9staedte.de\/fr\/gottingen-une-ville-qui-cree-le-savoir\/reunions-et-congres-a-goettingen\/\" \/>\n<meta property=\"og:locale\" content=\"fr_FR\" \/>\n<meta property=\"og:type\" content=\"article\" \/>\n<meta property=\"og:title\" content=\"R\u00e9unions et congr\u00e8s \u00e0 G\u00f6ttingen - 9 St\u00e4dte in Niedersachsen\" \/>\n<meta property=\"og:description\" content=\"R\u00e9unions et congr\u00e8s \u00e0 G\u00f6ttingen : une bonne id\u00e9e ! La r\u00e9gion de G\u00f6ttingen, qui accueille des r\u00e9unions et des congr\u00e8s, est situ\u00e9e au centre de l&rsquo;Allemagne et est parfaitement accessible en train et en voiture depuis toutes les directions. Que vous veniez de Hambourg, Cologne, Munich, Stuttgart, Dresde ou Berlin : G\u00f6ttingen est \u00e0 [&hellip;]\" \/>\n<meta property=\"og:url\" content=\"https:\/\/9staedte.de\/fr\/gottingen-une-ville-qui-cree-le-savoir\/reunions-et-congres-a-goettingen\/\" \/>\n<meta property=\"og:site_name\" content=\"9 St\u00e4dte in Niedersachsen\" \/>\n<meta property=\"article:modified_time\" content=\"2025-05-05T14:22:54+00:00\" \/>\n<meta property=\"og:image\" content=\"https:\/\/9staedte.de\/wp-content\/uploads\/2023\/02\/Goettingen_Altes-Rathaus-Abendstimmung-c-Lars-Gerhadts.jpg\" \/>\n\t<meta property=\"og:image:width\" content=\"1020\" \/>\n\t<meta property=\"og:image:height\" content=\"560\" \/>\n\t<meta property=\"og:image:type\" content=\"image\/jpeg\" \/>\n<meta name=\"twitter:card\" content=\"summary_large_image\" \/>\n<meta name=\"twitter:label1\" content=\"Dur\u00e9e de lecture estim\u00e9e\" \/>\n\t<meta name=\"twitter:data1\" content=\"4 minutes\" \/>\n<script type=\"application\/ld+json\" class=\"yoast-schema-graph\">{\"@context\":\"https:\\\/\\\/schema.org\",\"@graph\":[{\"@type\":\"WebPage\",\"@id\":\"https:\\\/\\\/9staedte.de\\\/fr\\\/gottingen-une-ville-qui-cree-le-savoir\\\/reunions-et-congres-a-goettingen\\\/\",\"url\":\"https:\\\/\\\/9staedte.de\\\/fr\\\/gottingen-une-ville-qui-cree-le-savoir\\\/reunions-et-congres-a-goettingen\\\/\",\"name\":\"R\u00e9unions et congr\u00e8s \u00e0 G\u00f6ttingen - 9 St\u00e4dte in Niedersachsen\",\"isPartOf\":{\"@id\":\"https:\\\/\\\/9staedte.de\\\/fr\\\/#website\"},\"primaryImageOfPage\":{\"@id\":\"https:\\\/\\\/9staedte.de\\\/fr\\\/gottingen-une-ville-qui-cree-le-savoir\\\/reunions-et-congres-a-goettingen\\\/#primaryimage\"},\"image\":{\"@id\":\"https:\\\/\\\/9staedte.de\\\/fr\\\/gottingen-une-ville-qui-cree-le-savoir\\\/reunions-et-congres-a-goettingen\\\/#primaryimage\"},\"thumbnailUrl\":\"https:\\\/\\\/9staedte.de\\\/wp-content\\\/uploads\\\/2023\\\/02\\\/Goettingen_Altes-Rathaus-Abendstimmung-c-Lars-Gerhadts.jpg\",\"datePublished\":\"2023-11-02T08:48:24+00:00\",\"dateModified\":\"2025-05-05T14:22:54+00:00\",\"breadcrumb\":{\"@id\":\"https:\\\/\\\/9staedte.de\\\/fr\\\/gottingen-une-ville-qui-cree-le-savoir\\\/reunions-et-congres-a-goettingen\\\/#breadcrumb\"},\"inLanguage\":\"fr-FR\",\"potentialAction\":[{\"@type\":\"ReadAction\",\"target\":[\"https:\\\/\\\/9staedte.de\\\/fr\\\/gottingen-une-ville-qui-cree-le-savoir\\\/reunions-et-congres-a-goettingen\\\/\"]}]},{\"@type\":\"ImageObject\",\"inLanguage\":\"fr-FR\",\"@id\":\"https:\\\/\\\/9staedte.de\\\/fr\\\/gottingen-une-ville-qui-cree-le-savoir\\\/reunions-et-congres-a-goettingen\\\/#primaryimage\",\"url\":\"https:\\\/\\\/9staedte.de\\\/wp-content\\\/uploads\\\/2023\\\/02\\\/Goettingen_Altes-Rathaus-Abendstimmung-c-Lars-Gerhadts.jpg\",\"contentUrl\":\"https:\\\/\\\/9staedte.de\\\/wp-content\\\/uploads\\\/2023\\\/02\\\/Goettingen_Altes-Rathaus-Abendstimmung-c-Lars-Gerhadts.jpg\",\"width\":1020,\"height\":560,\"caption\":\"G\u00f6ttingen_Altes Rathaus - Abendstimmung c) Lars Gerhadts\"},{\"@type\":\"BreadcrumbList\",\"@id\":\"https:\\\/\\\/9staedte.de\\\/fr\\\/gottingen-une-ville-qui-cree-le-savoir\\\/reunions-et-congres-a-goettingen\\\/#breadcrumb\",\"itemListElement\":[{\"@type\":\"ListItem\",\"position\":1,\"name\":\"Startseite\",\"item\":\"https:\\\/\\\/9staedte.de\\\/fr\\\/\"},{\"@type\":\"ListItem\",\"position\":2,\"name\":\"G\u00f6ttingen &#8211; une ville qui cr\u00e9e le savoir\",\"item\":\"https:\\\/\\\/9staedte.de\\\/fr\\\/gottingen-une-ville-qui-cree-le-savoir\\\/\"},{\"@type\":\"ListItem\",\"position\":3,\"name\":\"R\u00e9unions et congr\u00e8s \u00e0 G\u00f6ttingen\"}]},{\"@type\":\"WebSite\",\"@id\":\"https:\\\/\\\/9staedte.de\\\/fr\\\/#website\",\"url\":\"https:\\\/\\\/9staedte.de\\\/fr\\\/\",\"name\":\"9 St\u00e4dte in Niedersachsen\",\"description\":\"\",\"publisher\":{\"@id\":\"https:\\\/\\\/9staedte.de\\\/fr\\\/#organization\"},\"potentialAction\":[{\"@type\":\"SearchAction\",\"target\":{\"@type\":\"EntryPoint\",\"urlTemplate\":\"https:\\\/\\\/9staedte.de\\\/fr\\\/?s={search_term_string}\"},\"query-input\":{\"@type\":\"PropertyValueSpecification\",\"valueRequired\":true,\"valueName\":\"search_term_string\"}}],\"inLanguage\":\"fr-FR\"},{\"@type\":\"Organization\",\"@id\":\"https:\\\/\\\/9staedte.de\\\/fr\\\/#organization\",\"name\":\"9 St\u00e4dte in Niedersachsen\",\"url\":\"https:\\\/\\\/9staedte.de\\\/fr\\\/\",\"logo\":{\"@type\":\"ImageObject\",\"inLanguage\":\"fr-FR\",\"@id\":\"https:\\\/\\\/9staedte.de\\\/fr\\\/#\\\/schema\\\/logo\\\/image\\\/\",\"url\":\"https:\\\/\\\/9staedte.de\\\/wp-content\\\/uploads\\\/2025\\\/01\\\/9-neg-deutsch-2-1.png\",\"contentUrl\":\"https:\\\/\\\/9staedte.de\\\/wp-content\\\/uploads\\\/2025\\\/01\\\/9-neg-deutsch-2-1.png\",\"width\":190,\"height\":114,\"caption\":\"9 St\u00e4dte in Niedersachsen\"},\"image\":{\"@id\":\"https:\\\/\\\/9staedte.de\\\/fr\\\/#\\\/schema\\\/logo\\\/image\\\/\"}}]}<\/script>\n<!-- \/ Yoast SEO plugin. -->","yoast_head_json":{"title":"R\u00e9unions et congr\u00e8s \u00e0 G\u00f6ttingen - 9 St\u00e4dte in Niedersachsen","robots":{"index":"index","follow":"follow","max-snippet":"max-snippet:-1","max-image-preview":"max-image-preview:large","max-video-preview":"max-video-preview:-1"},"canonical":"https:\/\/9staedte.de\/fr\/gottingen-une-ville-qui-cree-le-savoir\/reunions-et-congres-a-goettingen\/","og_locale":"fr_FR","og_type":"article","og_title":"R\u00e9unions et congr\u00e8s \u00e0 G\u00f6ttingen - 9 St\u00e4dte in Niedersachsen","og_description":"R\u00e9unions et congr\u00e8s \u00e0 G\u00f6ttingen : une bonne id\u00e9e ! La r\u00e9gion de G\u00f6ttingen, qui accueille des r\u00e9unions et des congr\u00e8s, est situ\u00e9e au centre de l&rsquo;Allemagne et est parfaitement accessible en train et en voiture depuis toutes les directions. Que vous veniez de Hambourg, Cologne, Munich, Stuttgart, Dresde ou Berlin : G\u00f6ttingen est \u00e0 [&hellip;]","og_url":"https:\/\/9staedte.de\/fr\/gottingen-une-ville-qui-cree-le-savoir\/reunions-et-congres-a-goettingen\/","og_site_name":"9 St\u00e4dte in Niedersachsen","article_modified_time":"2025-05-05T14:22:54+00:00","og_image":[{"width":1020,"height":560,"url":"https:\/\/9staedte.de\/wp-content\/uploads\/2023\/02\/Goettingen_Altes-Rathaus-Abendstimmung-c-Lars-Gerhadts.jpg","type":"image\/jpeg"}],"twitter_card":"summary_large_image","twitter_misc":{"Dur\u00e9e de lecture estim\u00e9e":"4 minutes"},"schema":{"@context":"https:\/\/schema.org","@graph":[{"@type":"WebPage","@id":"https:\/\/9staedte.de\/fr\/gottingen-une-ville-qui-cree-le-savoir\/reunions-et-congres-a-goettingen\/","url":"https:\/\/9staedte.de\/fr\/gottingen-une-ville-qui-cree-le-savoir\/reunions-et-congres-a-goettingen\/","name":"R\u00e9unions et congr\u00e8s \u00e0 G\u00f6ttingen - 9 St\u00e4dte in Niedersachsen","isPartOf":{"@id":"https:\/\/9staedte.de\/fr\/#website"},"primaryImageOfPage":{"@id":"https:\/\/9staedte.de\/fr\/gottingen-une-ville-qui-cree-le-savoir\/reunions-et-congres-a-goettingen\/#primaryimage"},"image":{"@id":"https:\/\/9staedte.de\/fr\/gottingen-une-ville-qui-cree-le-savoir\/reunions-et-congres-a-goettingen\/#primaryimage"},"thumbnailUrl":"https:\/\/9staedte.de\/wp-content\/uploads\/2023\/02\/Goettingen_Altes-Rathaus-Abendstimmung-c-Lars-Gerhadts.jpg","datePublished":"2023-11-02T08:48:24+00:00","dateModified":"2025-05-05T14:22:54+00:00","breadcrumb":{"@id":"https:\/\/9staedte.de\/fr\/gottingen-une-ville-qui-cree-le-savoir\/reunions-et-congres-a-goettingen\/#breadcrumb"},"inLanguage":"fr-FR","potentialAction":[{"@type":"ReadAction","target":["https:\/\/9staedte.de\/fr\/gottingen-une-ville-qui-cree-le-savoir\/reunions-et-congres-a-goettingen\/"]}]},{"@type":"ImageObject","inLanguage":"fr-FR","@id":"https:\/\/9staedte.de\/fr\/gottingen-une-ville-qui-cree-le-savoir\/reunions-et-congres-a-goettingen\/#primaryimage","url":"https:\/\/9staedte.de\/wp-content\/uploads\/2023\/02\/Goettingen_Altes-Rathaus-Abendstimmung-c-Lars-Gerhadts.jpg","contentUrl":"https:\/\/9staedte.de\/wp-content\/uploads\/2023\/02\/Goettingen_Altes-Rathaus-Abendstimmung-c-Lars-Gerhadts.jpg","width":1020,"height":560,"caption":"G\u00f6ttingen_Altes Rathaus - Abendstimmung c) Lars Gerhadts"},{"@type":"BreadcrumbList","@id":"https:\/\/9staedte.de\/fr\/gottingen-une-ville-qui-cree-le-savoir\/reunions-et-congres-a-goettingen\/#breadcrumb","itemListElement":[{"@type":"ListItem","position":1,"name":"Startseite","item":"https:\/\/9staedte.de\/fr\/"},{"@type":"ListItem","position":2,"name":"G\u00f6ttingen &#8211; une ville qui cr\u00e9e le savoir","item":"https:\/\/9staedte.de\/fr\/gottingen-une-ville-qui-cree-le-savoir\/"},{"@type":"ListItem","position":3,"name":"R\u00e9unions et congr\u00e8s \u00e0 G\u00f6ttingen"}]},{"@type":"WebSite","@id":"https:\/\/9staedte.de\/fr\/#website","url":"https:\/\/9staedte.de\/fr\/","name":"9 St\u00e4dte in Niedersachsen","description":"","publisher":{"@id":"https:\/\/9staedte.de\/fr\/#organization"},"potentialAction":[{"@type":"SearchAction","target":{"@type":"EntryPoint","urlTemplate":"https:\/\/9staedte.de\/fr\/?s={search_term_string}"},"query-input":{"@type":"PropertyValueSpecification","valueRequired":true,"valueName":"search_term_string"}}],"inLanguage":"fr-FR"},{"@type":"Organization","@id":"https:\/\/9staedte.de\/fr\/#organization","name":"9 St\u00e4dte in Niedersachsen","url":"https:\/\/9staedte.de\/fr\/","logo":{"@type":"ImageObject","inLanguage":"fr-FR","@id":"https:\/\/9staedte.de\/fr\/#\/schema\/logo\/image\/","url":"https:\/\/9staedte.de\/wp-content\/uploads\/2025\/01\/9-neg-deutsch-2-1.png","contentUrl":"https:\/\/9staedte.de\/wp-content\/uploads\/2025\/01\/9-neg-deutsch-2-1.png","width":190,"height":114,"caption":"9 St\u00e4dte in Niedersachsen"},"image":{"@id":"https:\/\/9staedte.de\/fr\/#\/schema\/logo\/image\/"}}]}},"_links":{"self":[{"href":"https:\/\/9staedte.de\/fr\/wp-json\/wp\/v2\/pages\/17313","targetHints":{"allow":["GET"]}}],"collection":[{"href":"https:\/\/9staedte.de\/fr\/wp-json\/wp\/v2\/pages"}],"about":[{"href":"https:\/\/9staedte.de\/fr\/wp-json\/wp\/v2\/types\/page"}],"author":[{"embeddable":true,"href":"https:\/\/9staedte.de\/fr\/wp-json\/wp\/v2\/users\/1"}],"replies":[{"embeddable":true,"href":"https:\/\/9staedte.de\/fr\/wp-json\/wp\/v2\/comments?post=17313"}],"version-history":[{"count":2,"href":"https:\/\/9staedte.de\/fr\/wp-json\/wp\/v2\/pages\/17313\/revisions"}],"predecessor-version":[{"id":25356,"href":"https:\/\/9staedte.de\/fr\/wp-json\/wp\/v2\/pages\/17313\/revisions\/25356"}],"up":[{"embeddable":true,"href":"https:\/\/9staedte.de\/fr\/wp-json\/wp\/v2\/pages\/17986"}],"wp:featuredmedia":[{"embeddable":true,"href":"https:\/\/9staedte.de\/fr\/wp-json\/wp\/v2\/media\/17321"}],"wp:attachment":[{"href":"https:\/\/9staedte.de\/fr\/wp-json\/wp\/v2\/media?parent=17313"}],"wp:term":[{"taxonomy":"category","embeddable":true,"href":"https:\/\/9staedte.de\/fr\/wp-json\/wp\/v2\/categories?post=17313"},{"taxonomy":"post_tag","embeddable":true,"href":"https:\/\/9staedte.de\/fr\/wp-json\/wp\/v2\/tags?post=17313"},{"taxonomy":"ncap_cities_tax","embeddable":true,"href":"https:\/\/9staedte.de\/fr\/wp-json\/wp\/v2\/ncap_cities_tax?post=17313"}],"curies":[{"name":"wp","href":"https:\/\/api.w.org\/{rel}","templated":true}]}}