{"id":17302,"date":"2023-11-02T09:47:57","date_gmt":"2023-11-02T08:47:57","guid":{"rendered":"https:\/\/9staedte.de\/goslar-decouverte-durable\/"},"modified":"2024-05-08T15:15:32","modified_gmt":"2024-05-08T13:15:32","slug":"goslar-decouverte-durable","status":"publish","type":"page","link":"https:\/\/9staedte.de\/fr\/goslar-patrimoine-culturel-mondial-dans-le-harz\/goslar-decouverte-durable\/","title":{"rendered":"Goslar &#8211; d\u00e9couverte durable"},"content":{"rendered":"\n<h2 class=\"wp-block-heading\">Des moments inoubliables dans la ville imp\u00e9riale<\/h2>\n\n\n\n<p>Vivez des moments inoubliables dans la ville imp\u00e9riale mill\u00e9naire. D\u00e9couvrez la magie m\u00e9di\u00e9vale, les ruelles \u00e9troites, les maisons \u00e0 colombages recouvertes d&rsquo;ardoise et l&rsquo;ambiance nostalgique. Plongez dans l&rsquo;histoire, r\u00e9jouissez-vous de l&rsquo;architecture historique impressionnante et d\u00e9couvrez vos propres points forts. Lors d&rsquo;une randonn\u00e9e ou d&rsquo;une balade guid\u00e9e \u00e0 v\u00e9lo, vous pouvez vous d\u00e9connecter du quotidien et profiter de l&rsquo;air frais du Harz.<\/p>\n\n\n\n\n<div class=\"banner-wrapper\">\n  <div class=\"banner-inner \">\n      <div class=\"img-container\">\n      <div class=\"img-wrapper\">\n        <img decoding=\"async\" src=\"https:\/\/9staedte.de\/wp-content\/smush-webp\/2023\/02\/Goslar-c-Martin-Kirchner.jpg.webp\" alt=\"L\u2019image montre une vieille rue \u00e0 Goslar. Il y a des maisons \u00e0 colombages des deux c\u00f4t\u00e9s. La rue est faite de petites pierres. Deux personnes font du v\u00e9lo. Le soleil brille sur les maisons. C\u2019est calme et charmant.\" \/>\n                  <div class=\"thumbnail-label\">\n            <span>Goslar, Peterstrasse c) Martin Kirchner<\/span>\n          <\/div>\n              <\/div>\n    <\/div>\n        <div class=\"text-container\">\n      <div class=\"content\">\n        <h2>Vivre Goslar de mani\u00e8re durable : 9 conseils<\/h2>\n<p>&#8211; D\u00e9tendez-vous pendant votre voyage en train &#8211; Goslar dispose d&rsquo;une connexion ferroviaire (trafic r\u00e9gional), par exemple vers les gares ICE de Hanovre, Hildesheim et Braunschweig.<\/p>\n<p>&#8211; Explorez le Harz en bus et en train. Les h\u00f4tes h\u00e9berg\u00e9s voyagent gratuitement avec HATIX.<\/p>\n<p>&#8211; D\u00e9gustez des d\u00e9lices v\u00e9g\u00e9tariens et v\u00e9g\u00e9taliens au caf\u00e9-bistrot Schneeweiss &amp; Rosenrot ou au restaurant Soup &amp; Soul Kitchen.<\/p>\n<p>&#8211; \u00c9conomisez le plastique lors de vos achats et visitez le magasin sans emballage de Goslar.<\/p>\n<p>&#8211; D\u00e9gustez consciemment et r\u00e9gionalement avec la marque \u00ab\u00a0Typisch Harz\u00a0\u00bb, par exemple chez le boulanger Braun, \u00e0 la brasserie Goslar, \u00e0 la distillerie du monast\u00e8re W\u00f6ltingerode, \u00e0 la boucherie Henning Klu\u00df ou \u00e0 l&rsquo;apiculture du monast\u00e8re Grauhof.<\/p>\n<p>&#8211; Fl\u00e2nez sur l&rsquo;un des march\u00e9s hebdomadaires de Goslar et achetez des produits frais r\u00e9gionaux et saisonniers aupr\u00e8s des commer\u00e7ants locaux.<\/p>\n<p>&#8211; Fl\u00e2nez dans les ruelles agr\u00e9ables de la vieille ville de Goslar, avec ses boutiques g\u00e9r\u00e9es par les propri\u00e9taires et ses remarquables maisons en ardoise et \u00e0 colombages, et explorez la ville avec notre audioguide.<\/p>\n<p>&#8211; D\u00e9couvrez le Harz et sa magnifique nature sur deux roues lors d&rsquo;une randonn\u00e9e guid\u00e9e en v\u00e9lo \u00e9lectrique, en v\u00e9lo de randonn\u00e9e ou en VTT.<\/p>\n<p>&#8211; Partez en randonn\u00e9e sur le Liebesbankweg \u00e0 Hahnenklee et profitez de la nature.<\/p>\n      <\/div>\n    <\/div>\n    <\/div>\n<\/div>\n\n","protected":false},"excerpt":{"rendered":"<p>Des moments inoubliables dans la ville imp\u00e9riale Vivez des moments inoubliables dans la ville imp\u00e9riale mill\u00e9naire. D\u00e9couvrez la magie m\u00e9di\u00e9vale, les ruelles \u00e9troites, les maisons \u00e0 colombages recouvertes d&rsquo;ardoise et l&rsquo;ambiance nostalgique. Plongez dans l&rsquo;histoire, r\u00e9jouissez-vous de l&rsquo;architecture historique impressionnante et d\u00e9couvrez vos propres points forts. Lors d&rsquo;une randonn\u00e9e ou d&rsquo;une balade guid\u00e9e \u00e0 v\u00e9lo, [&hellip;]<\/p>\n","protected":false},"author":1,"featured_media":17303,"parent":17930,"menu_order":0,"comment_status":"closed","ping_status":"closed","template":"pagetemplates\/template-stadtthema.php","meta":{"_acf_changed":false,"footnotes":""},"categories":[],"tags":[],"ncap_cities_tax":[444,984],"class_list":["post-17302","page","type-page","status-publish","has-post-thumbnail","hentry","ncap_cities_tax-goslar-fr","ncap_cities_tax-naturerlebnisse-und-nachhaltigkeit-goslar-fr"],"acf":[],"yoast_head":"<!-- This site is optimized with the Yoast SEO plugin v26.8 - https:\/\/yoast.com\/product\/yoast-seo-wordpress\/ -->\n<title>Goslar - d\u00e9couverte durable - 9 St\u00e4dte in Niedersachsen<\/title>\n<meta name=\"robots\" content=\"index, follow, max-snippet:-1, max-image-preview:large, max-video-preview:-1\" \/>\n<link rel=\"canonical\" href=\"https:\/\/9staedte.de\/fr\/goslar-patrimoine-culturel-mondial-dans-le-harz\/goslar-decouverte-durable\/\" \/>\n<meta property=\"og:locale\" content=\"fr_FR\" \/>\n<meta property=\"og:type\" content=\"article\" \/>\n<meta property=\"og:title\" content=\"Goslar - d\u00e9couverte durable - 9 St\u00e4dte in Niedersachsen\" \/>\n<meta property=\"og:description\" content=\"Des moments inoubliables dans la ville imp\u00e9riale Vivez des moments inoubliables dans la ville imp\u00e9riale mill\u00e9naire. D\u00e9couvrez la magie m\u00e9di\u00e9vale, les ruelles \u00e9troites, les maisons \u00e0 colombages recouvertes d&rsquo;ardoise et l&rsquo;ambiance nostalgique. Plongez dans l&rsquo;histoire, r\u00e9jouissez-vous de l&rsquo;architecture historique impressionnante et d\u00e9couvrez vos propres points forts. Lors d&rsquo;une randonn\u00e9e ou d&rsquo;une balade guid\u00e9e \u00e0 v\u00e9lo, [&hellip;]\" \/>\n<meta property=\"og:url\" content=\"https:\/\/9staedte.de\/fr\/goslar-patrimoine-culturel-mondial-dans-le-harz\/goslar-decouverte-durable\/\" \/>\n<meta property=\"og:site_name\" content=\"9 St\u00e4dte in Niedersachsen\" \/>\n<meta property=\"article:modified_time\" content=\"2024-05-08T13:15:32+00:00\" \/>\n<meta property=\"og:image\" content=\"https:\/\/9staedte.de\/wp-content\/uploads\/2023\/02\/Mountainbiking_GOSLAR_marketing_gmbh.jpg\" \/>\n\t<meta property=\"og:image:width\" content=\"1020\" \/>\n\t<meta property=\"og:image:height\" content=\"569\" \/>\n\t<meta property=\"og:image:type\" content=\"image\/jpeg\" \/>\n<meta name=\"twitter:card\" content=\"summary_large_image\" \/>\n<meta name=\"twitter:label1\" content=\"Dur\u00e9e de lecture estim\u00e9e\" \/>\n\t<meta name=\"twitter:data1\" content=\"1 minute\" \/>\n<script type=\"application\/ld+json\" class=\"yoast-schema-graph\">{\"@context\":\"https:\/\/schema.org\",\"@graph\":[{\"@type\":\"WebPage\",\"@id\":\"https:\/\/9staedte.de\/fr\/goslar-patrimoine-culturel-mondial-dans-le-harz\/goslar-decouverte-durable\/\",\"url\":\"https:\/\/9staedte.de\/fr\/goslar-patrimoine-culturel-mondial-dans-le-harz\/goslar-decouverte-durable\/\",\"name\":\"Goslar - d\u00e9couverte durable - 9 St\u00e4dte in Niedersachsen\",\"isPartOf\":{\"@id\":\"https:\/\/9staedte.de\/fr\/#website\"},\"primaryImageOfPage\":{\"@id\":\"https:\/\/9staedte.de\/fr\/goslar-patrimoine-culturel-mondial-dans-le-harz\/goslar-decouverte-durable\/#primaryimage\"},\"image\":{\"@id\":\"https:\/\/9staedte.de\/fr\/goslar-patrimoine-culturel-mondial-dans-le-harz\/goslar-decouverte-durable\/#primaryimage\"},\"thumbnailUrl\":\"https:\/\/9staedte.de\/wp-content\/uploads\/2023\/02\/Mountainbiking_GOSLAR_marketing_gmbh.jpg\",\"datePublished\":\"2023-11-02T08:47:57+00:00\",\"dateModified\":\"2024-05-08T13:15:32+00:00\",\"breadcrumb\":{\"@id\":\"https:\/\/9staedte.de\/fr\/goslar-patrimoine-culturel-mondial-dans-le-harz\/goslar-decouverte-durable\/#breadcrumb\"},\"inLanguage\":\"fr-FR\",\"potentialAction\":[{\"@type\":\"ReadAction\",\"target\":[\"https:\/\/9staedte.de\/fr\/goslar-patrimoine-culturel-mondial-dans-le-harz\/goslar-decouverte-durable\/\"]}]},{\"@type\":\"ImageObject\",\"inLanguage\":\"fr-FR\",\"@id\":\"https:\/\/9staedte.de\/fr\/goslar-patrimoine-culturel-mondial-dans-le-harz\/goslar-decouverte-durable\/#primaryimage\",\"url\":\"https:\/\/9staedte.de\/wp-content\/uploads\/2023\/02\/Mountainbiking_GOSLAR_marketing_gmbh.jpg\",\"contentUrl\":\"https:\/\/9staedte.de\/wp-content\/uploads\/2023\/02\/Mountainbiking_GOSLAR_marketing_gmbh.jpg\",\"width\":1020,\"height\":569,\"caption\":\"Mountainbiking_GOSLAR_marketing_gmbh\"},{\"@type\":\"BreadcrumbList\",\"@id\":\"https:\/\/9staedte.de\/fr\/goslar-patrimoine-culturel-mondial-dans-le-harz\/goslar-decouverte-durable\/#breadcrumb\",\"itemListElement\":[{\"@type\":\"ListItem\",\"position\":1,\"name\":\"Startseite\",\"item\":\"https:\/\/9staedte.de\/fr\/\"},{\"@type\":\"ListItem\",\"position\":2,\"name\":\"Goslar &#8211; Patrimoine culturel mondial dans le Harz\",\"item\":\"https:\/\/9staedte.de\/fr\/goslar-patrimoine-culturel-mondial-dans-le-harz\/\"},{\"@type\":\"ListItem\",\"position\":3,\"name\":\"Goslar &#8211; d\u00e9couverte durable\"}]},{\"@type\":\"WebSite\",\"@id\":\"https:\/\/9staedte.de\/fr\/#website\",\"url\":\"https:\/\/9staedte.de\/fr\/\",\"name\":\"9 St\u00e4dte in Niedersachsen\",\"description\":\"\",\"publisher\":{\"@id\":\"https:\/\/9staedte.de\/fr\/#organization\"},\"potentialAction\":[{\"@type\":\"SearchAction\",\"target\":{\"@type\":\"EntryPoint\",\"urlTemplate\":\"https:\/\/9staedte.de\/fr\/?s={search_term_string}\"},\"query-input\":{\"@type\":\"PropertyValueSpecification\",\"valueRequired\":true,\"valueName\":\"search_term_string\"}}],\"inLanguage\":\"fr-FR\"},{\"@type\":\"Organization\",\"@id\":\"https:\/\/9staedte.de\/fr\/#organization\",\"name\":\"9 St\u00e4dte in Niedersachsen\",\"url\":\"https:\/\/9staedte.de\/fr\/\",\"logo\":{\"@type\":\"ImageObject\",\"inLanguage\":\"fr-FR\",\"@id\":\"https:\/\/9staedte.de\/fr\/#\/schema\/logo\/image\/\",\"url\":\"https:\/\/9staedte.de\/wp-content\/uploads\/2025\/01\/9-neg-deutsch-2-1.png\",\"contentUrl\":\"https:\/\/9staedte.de\/wp-content\/uploads\/2025\/01\/9-neg-deutsch-2-1.png\",\"width\":190,\"height\":114,\"caption\":\"9 St\u00e4dte in Niedersachsen\"},\"image\":{\"@id\":\"https:\/\/9staedte.de\/fr\/#\/schema\/logo\/image\/\"}}]}<\/script>\n<!-- \/ Yoast SEO plugin. -->","yoast_head_json":{"title":"Goslar - d\u00e9couverte durable - 9 St\u00e4dte in Niedersachsen","robots":{"index":"index","follow":"follow","max-snippet":"max-snippet:-1","max-image-preview":"max-image-preview:large","max-video-preview":"max-video-preview:-1"},"canonical":"https:\/\/9staedte.de\/fr\/goslar-patrimoine-culturel-mondial-dans-le-harz\/goslar-decouverte-durable\/","og_locale":"fr_FR","og_type":"article","og_title":"Goslar - d\u00e9couverte durable - 9 St\u00e4dte in Niedersachsen","og_description":"Des moments inoubliables dans la ville imp\u00e9riale Vivez des moments inoubliables dans la ville imp\u00e9riale mill\u00e9naire. D\u00e9couvrez la magie m\u00e9di\u00e9vale, les ruelles \u00e9troites, les maisons \u00e0 colombages recouvertes d&rsquo;ardoise et l&rsquo;ambiance nostalgique. Plongez dans l&rsquo;histoire, r\u00e9jouissez-vous de l&rsquo;architecture historique impressionnante et d\u00e9couvrez vos propres points forts. Lors d&rsquo;une randonn\u00e9e ou d&rsquo;une balade guid\u00e9e \u00e0 v\u00e9lo, [&hellip;]","og_url":"https:\/\/9staedte.de\/fr\/goslar-patrimoine-culturel-mondial-dans-le-harz\/goslar-decouverte-durable\/","og_site_name":"9 St\u00e4dte in Niedersachsen","article_modified_time":"2024-05-08T13:15:32+00:00","og_image":[{"width":1020,"height":569,"url":"https:\/\/9staedte.de\/wp-content\/uploads\/2023\/02\/Mountainbiking_GOSLAR_marketing_gmbh.jpg","type":"image\/jpeg"}],"twitter_card":"summary_large_image","twitter_misc":{"Dur\u00e9e de lecture estim\u00e9e":"1 minute"},"schema":{"@context":"https:\/\/schema.org","@graph":[{"@type":"WebPage","@id":"https:\/\/9staedte.de\/fr\/goslar-patrimoine-culturel-mondial-dans-le-harz\/goslar-decouverte-durable\/","url":"https:\/\/9staedte.de\/fr\/goslar-patrimoine-culturel-mondial-dans-le-harz\/goslar-decouverte-durable\/","name":"Goslar - d\u00e9couverte durable - 9 St\u00e4dte in Niedersachsen","isPartOf":{"@id":"https:\/\/9staedte.de\/fr\/#website"},"primaryImageOfPage":{"@id":"https:\/\/9staedte.de\/fr\/goslar-patrimoine-culturel-mondial-dans-le-harz\/goslar-decouverte-durable\/#primaryimage"},"image":{"@id":"https:\/\/9staedte.de\/fr\/goslar-patrimoine-culturel-mondial-dans-le-harz\/goslar-decouverte-durable\/#primaryimage"},"thumbnailUrl":"https:\/\/9staedte.de\/wp-content\/uploads\/2023\/02\/Mountainbiking_GOSLAR_marketing_gmbh.jpg","datePublished":"2023-11-02T08:47:57+00:00","dateModified":"2024-05-08T13:15:32+00:00","breadcrumb":{"@id":"https:\/\/9staedte.de\/fr\/goslar-patrimoine-culturel-mondial-dans-le-harz\/goslar-decouverte-durable\/#breadcrumb"},"inLanguage":"fr-FR","potentialAction":[{"@type":"ReadAction","target":["https:\/\/9staedte.de\/fr\/goslar-patrimoine-culturel-mondial-dans-le-harz\/goslar-decouverte-durable\/"]}]},{"@type":"ImageObject","inLanguage":"fr-FR","@id":"https:\/\/9staedte.de\/fr\/goslar-patrimoine-culturel-mondial-dans-le-harz\/goslar-decouverte-durable\/#primaryimage","url":"https:\/\/9staedte.de\/wp-content\/uploads\/2023\/02\/Mountainbiking_GOSLAR_marketing_gmbh.jpg","contentUrl":"https:\/\/9staedte.de\/wp-content\/uploads\/2023\/02\/Mountainbiking_GOSLAR_marketing_gmbh.jpg","width":1020,"height":569,"caption":"Mountainbiking_GOSLAR_marketing_gmbh"},{"@type":"BreadcrumbList","@id":"https:\/\/9staedte.de\/fr\/goslar-patrimoine-culturel-mondial-dans-le-harz\/goslar-decouverte-durable\/#breadcrumb","itemListElement":[{"@type":"ListItem","position":1,"name":"Startseite","item":"https:\/\/9staedte.de\/fr\/"},{"@type":"ListItem","position":2,"name":"Goslar &#8211; Patrimoine culturel mondial dans le Harz","item":"https:\/\/9staedte.de\/fr\/goslar-patrimoine-culturel-mondial-dans-le-harz\/"},{"@type":"ListItem","position":3,"name":"Goslar &#8211; d\u00e9couverte durable"}]},{"@type":"WebSite","@id":"https:\/\/9staedte.de\/fr\/#website","url":"https:\/\/9staedte.de\/fr\/","name":"9 St\u00e4dte in Niedersachsen","description":"","publisher":{"@id":"https:\/\/9staedte.de\/fr\/#organization"},"potentialAction":[{"@type":"SearchAction","target":{"@type":"EntryPoint","urlTemplate":"https:\/\/9staedte.de\/fr\/?s={search_term_string}"},"query-input":{"@type":"PropertyValueSpecification","valueRequired":true,"valueName":"search_term_string"}}],"inLanguage":"fr-FR"},{"@type":"Organization","@id":"https:\/\/9staedte.de\/fr\/#organization","name":"9 St\u00e4dte in Niedersachsen","url":"https:\/\/9staedte.de\/fr\/","logo":{"@type":"ImageObject","inLanguage":"fr-FR","@id":"https:\/\/9staedte.de\/fr\/#\/schema\/logo\/image\/","url":"https:\/\/9staedte.de\/wp-content\/uploads\/2025\/01\/9-neg-deutsch-2-1.png","contentUrl":"https:\/\/9staedte.de\/wp-content\/uploads\/2025\/01\/9-neg-deutsch-2-1.png","width":190,"height":114,"caption":"9 St\u00e4dte in Niedersachsen"},"image":{"@id":"https:\/\/9staedte.de\/fr\/#\/schema\/logo\/image\/"}}]}},"_links":{"self":[{"href":"https:\/\/9staedte.de\/fr\/wp-json\/wp\/v2\/pages\/17302","targetHints":{"allow":["GET"]}}],"collection":[{"href":"https:\/\/9staedte.de\/fr\/wp-json\/wp\/v2\/pages"}],"about":[{"href":"https:\/\/9staedte.de\/fr\/wp-json\/wp\/v2\/types\/page"}],"author":[{"embeddable":true,"href":"https:\/\/9staedte.de\/fr\/wp-json\/wp\/v2\/users\/1"}],"replies":[{"embeddable":true,"href":"https:\/\/9staedte.de\/fr\/wp-json\/wp\/v2\/comments?post=17302"}],"version-history":[{"count":4,"href":"https:\/\/9staedte.de\/fr\/wp-json\/wp\/v2\/pages\/17302\/revisions"}],"predecessor-version":[{"id":22270,"href":"https:\/\/9staedte.de\/fr\/wp-json\/wp\/v2\/pages\/17302\/revisions\/22270"}],"up":[{"embeddable":true,"href":"https:\/\/9staedte.de\/fr\/wp-json\/wp\/v2\/pages\/17930"}],"wp:featuredmedia":[{"embeddable":true,"href":"https:\/\/9staedte.de\/fr\/wp-json\/wp\/v2\/media\/17303"}],"wp:attachment":[{"href":"https:\/\/9staedte.de\/fr\/wp-json\/wp\/v2\/media?parent=17302"}],"wp:term":[{"taxonomy":"category","embeddable":true,"href":"https:\/\/9staedte.de\/fr\/wp-json\/wp\/v2\/categories?post=17302"},{"taxonomy":"post_tag","embeddable":true,"href":"https:\/\/9staedte.de\/fr\/wp-json\/wp\/v2\/tags?post=17302"},{"taxonomy":"ncap_cities_tax","embeddable":true,"href":"https:\/\/9staedte.de\/fr\/wp-json\/wp\/v2\/ncap_cities_tax?post=17302"}],"curies":[{"name":"wp","href":"https:\/\/api.w.org\/{rel}","templated":true}]}}