{"id":17251,"date":"2023-11-02T09:47:47","date_gmt":"2023-11-02T08:47:47","guid":{"rendered":"https:\/\/9staedte.de\/reunions-et-congres-a-hamelin\/"},"modified":"2023-11-02T18:00:20","modified_gmt":"2023-11-02T17:00:20","slug":"reunions-et-congres-a-hamelin","status":"publish","type":"page","link":"https:\/\/9staedte.de\/fr\/hamelin-la-legendaire-ville-du-joueur-de-flute\/reunions-et-congres-a-hamelin\/","title":{"rendered":"R\u00e9unions et congr\u00e8s \u00e0 Hamelin"},"content":{"rendered":"\n<h2 class=\"wp-block-heading\">Votre \u00e9v\u00e9nement dans la ville du joueur de fl\u00fbte<\/h2>\n\n\n\n<p>L&rsquo;importance de Hamelin en tant que lieu de r\u00e9union a consid\u00e9rablement augment\u00e9 ces derni\u00e8res ann\u00e9es. L&rsquo;ach\u00e8vement en 1996 du Weserbergland-Zentrum (WB-Z), une salle de spectacle moderne et situ\u00e9e au centre de la ville, a \u00e9t\u00e9 un facteur d\u00e9terminant. L&rsquo;\u00e9quipement technique de l&rsquo;\u00e9tablissement r\u00e9pond aux exigences les plus modernes et permet, gr\u00e2ce \u00e0 un am\u00e9nagement flexible des salles, d&rsquo;organiser des r\u00e9unions pour des groupes de 17 \u00e0 700 personnes sur une surface d&rsquo;environ 1 500 m\u00b2. Gr\u00e2ce au raccordement direct du Weserbergland-Zentrum au th\u00e9\u00e2tre de Hamelin, 700 places suppl\u00e9mentaires (si\u00e8ges fixes en rang\u00e9es) et une sc\u00e8ne de th\u00e9\u00e2tre compl\u00e8te peuvent \u00eatre utilis\u00e9es. Ainsi, on dispose en m\u00eame temps d&rsquo;un grand auditorium et on peut utiliser les salles du centre de congr\u00e8s pour des ateliers ou des expositions. Un autre lieu de r\u00e9union \u00e0 Hamelin est la salle polyvalente Rattenf\u00e4nger-Halle. Elle offre de l&rsquo;espace pour divers grands \u00e9v\u00e9nements \u00e9conomiques, culturels et sportifs jusqu&rsquo;\u00e0 2200 places assises et pour des salons.<\/p>\n\n\n\r\n\r\n    <div class=\"filter-posts\">\r\n            <div  id=\"filterContent\">\r\n                                                        \n<div class=\"contentKachel filtr-item\" data-category=\"hameln-fr\">\n    <a href=\"https:\/\/9staedte.de\/fr\/9-raisons-pour-votre-evenement-a-hamelin\/\">\n        <div class=\"contentKachel-inner\">\n                            <div class=\"contentKachel-thumbnail\">\n                    <img loading=\"lazy\" decoding=\"async\" width=\"300\" height=\"200\" src=\"https:\/\/9staedte.de\/wp-content\/smush-webp\/2023\/02\/Hameln-herbstempfang-c-HMT-300x200.jpg.webp\" class=\"objectfitcover withfilters wp-post-image\" alt=\"Sur l\u2019image, on voit une grande salle. Il y a beaucoup de chaises en rang\u00e9es. Devant, il y a un grand \u00e9cran et un pupitre. La sc\u00e8ne est \u00e9clair\u00e9e en bleu. La salle est encore vide. Un \u00e9v\u00e9nement aura lieu ici. C\u2019est la r\u00e9ception d\u2019automne \u00e0 Hameln.\" srcset=\"https:\/\/9staedte.de\/wp-content\/smush-webp\/2023\/02\/Hameln-herbstempfang-c-HMT-300x200.jpg.webp 300w, https:\/\/9staedte.de\/wp-content\/smush-webp\/2023\/02\/Hameln-herbstempfang-c-HMT-768x511.jpg.webp 768w, https:\/\/9staedte.de\/wp-content\/smush-webp\/2023\/02\/Hameln-herbstempfang-c-HMT.jpg.webp 850w\" sizes=\"auto, (max-width: 300px) 100vw, 300px\" \/>                    <img loading=\"lazy\" decoding=\"async\" width=\"300\" height=\"200\" src=\"https:\/\/9staedte.de\/wp-content\/smush-webp\/2023\/02\/Hameln-herbstempfang-c-HMT-300x200.jpg.webp\" class=\"objectfitcontain wp-post-image\" alt=\"Sur l\u2019image, on voit une grande salle. Il y a beaucoup de chaises en rang\u00e9es. Devant, il y a un grand \u00e9cran et un pupitre. La sc\u00e8ne est \u00e9clair\u00e9e en bleu. La salle est encore vide. Un \u00e9v\u00e9nement aura lieu ici. C\u2019est la r\u00e9ception d\u2019automne \u00e0 Hameln.\" srcset=\"https:\/\/9staedte.de\/wp-content\/smush-webp\/2023\/02\/Hameln-herbstempfang-c-HMT-300x200.jpg.webp 300w, https:\/\/9staedte.de\/wp-content\/smush-webp\/2023\/02\/Hameln-herbstempfang-c-HMT-768x511.jpg.webp 768w, https:\/\/9staedte.de\/wp-content\/smush-webp\/2023\/02\/Hameln-herbstempfang-c-HMT.jpg.webp 850w\" sizes=\"auto, (max-width: 300px) 100vw, 300px\" \/>                        <div class=\"thumbnail-label\">\n    <span>Hameln herbstempfang c) HMT<\/span>\n    <\/div>\n                <\/div>\n                        <div class=\"contentKachel-content\">\n                                    <div class=\"city-tag bg-hameln\">\n                        Hameln                    <\/div>\n                \n                <div class=\"title\">\n\n                    9 raisons pour votre \u00e9v\u00e9nement \u00e0 Hamelin                    \n                <\/div>\n\n                            <\/div>\n\n        <\/div>\n    <\/a>\n<\/div>                                                        \n<div class=\"contentKachel filtr-item\" data-category=\"hameln-fr\">\n    <a href=\"https:\/\/9staedte.de\/fr\/hameln-marketing-und-tourismus-gmbh-nos-services\/\">\n        <div class=\"contentKachel-inner\">\n                            <div class=\"contentKachel-thumbnail\">\n                    <img loading=\"lazy\" decoding=\"async\" width=\"300\" height=\"165\" src=\"https:\/\/9staedte.de\/wp-content\/smush-webp\/2023\/02\/Hameln-Theater-und-Weserberglandzentrum-bei-Nacht-c-HMT-300x165.jpg.webp\" class=\"objectfitcover withfilters wp-post-image\" alt=\"L\u2019image montre un grand b\u00e2timent la nuit. Le b\u00e2timent est bien \u00e9clair\u00e9. \u00c0 gauche, c\u2019est le th\u00e9\u00e2tre. \u00c0 droite, c\u2019est le centre Weserbergland. Il y a beaucoup de fen\u00eatres. Quelques personnes sont devant l\u2019entr\u00e9e. Il fait nuit, mais les lumi\u00e8res \u00e9clairent bien.\" srcset=\"https:\/\/9staedte.de\/wp-content\/smush-webp\/2023\/02\/Hameln-Theater-und-Weserberglandzentrum-bei-Nacht-c-HMT-300x165.jpg.webp 300w, https:\/\/9staedte.de\/wp-content\/smush-webp\/2023\/02\/Hameln-Theater-und-Weserberglandzentrum-bei-Nacht-c-HMT-768x422.jpg.webp 768w, https:\/\/9staedte.de\/wp-content\/smush-webp\/2023\/02\/Hameln-Theater-und-Weserberglandzentrum-bei-Nacht-c-HMT.jpg.webp 1020w\" sizes=\"auto, (max-width: 300px) 100vw, 300px\" \/>                    <img loading=\"lazy\" decoding=\"async\" width=\"300\" height=\"165\" src=\"https:\/\/9staedte.de\/wp-content\/smush-webp\/2023\/02\/Hameln-Theater-und-Weserberglandzentrum-bei-Nacht-c-HMT-300x165.jpg.webp\" class=\"objectfitcontain wp-post-image\" alt=\"L\u2019image montre un grand b\u00e2timent la nuit. Le b\u00e2timent est bien \u00e9clair\u00e9. \u00c0 gauche, c\u2019est le th\u00e9\u00e2tre. \u00c0 droite, c\u2019est le centre Weserbergland. Il y a beaucoup de fen\u00eatres. Quelques personnes sont devant l\u2019entr\u00e9e. Il fait nuit, mais les lumi\u00e8res \u00e9clairent bien.\" srcset=\"https:\/\/9staedte.de\/wp-content\/smush-webp\/2023\/02\/Hameln-Theater-und-Weserberglandzentrum-bei-Nacht-c-HMT-300x165.jpg.webp 300w, https:\/\/9staedte.de\/wp-content\/smush-webp\/2023\/02\/Hameln-Theater-und-Weserberglandzentrum-bei-Nacht-c-HMT-768x422.jpg.webp 768w, https:\/\/9staedte.de\/wp-content\/smush-webp\/2023\/02\/Hameln-Theater-und-Weserberglandzentrum-bei-Nacht-c-HMT.jpg.webp 1020w\" sizes=\"auto, (max-width: 300px) 100vw, 300px\" \/>                        <div class=\"thumbnail-label\">\n    <span>Hameln Theater und Weserberglandzentrum bei Nacht c) HMT<\/span>\n    <\/div>\n                <\/div>\n                        <div class=\"contentKachel-content\">\n                                    <div class=\"city-tag bg-hameln\">\n                        Hameln                    <\/div>\n                \n                <div class=\"title\">\n\n                    Hameln Marketing und Tourismus GmbH : Nos services :                    \n                <\/div>\n\n                            <\/div>\n\n        <\/div>\n    <\/a>\n<\/div>                                            <\/div>\r\n    <\/div>\r\n","protected":false},"excerpt":{"rendered":"<p>Votre \u00e9v\u00e9nement dans la ville du joueur de fl\u00fbte L&rsquo;importance de Hamelin en tant que lieu de r\u00e9union a consid\u00e9rablement augment\u00e9 ces derni\u00e8res ann\u00e9es. L&rsquo;ach\u00e8vement en 1996 du Weserbergland-Zentrum (WB-Z), une salle de spectacle moderne et situ\u00e9e au centre de la ville, a \u00e9t\u00e9 un facteur d\u00e9terminant. L&rsquo;\u00e9quipement technique de l&rsquo;\u00e9tablissement r\u00e9pond aux exigences les [&hellip;]<\/p>\n","protected":false},"author":1,"featured_media":17259,"parent":18046,"menu_order":0,"comment_status":"closed","ping_status":"closed","template":"pagetemplates\/template-stadtthema.php","meta":{"_acf_changed":false,"footnotes":""},"categories":[],"tags":[],"ncap_cities_tax":[452,1159],"class_list":["post-17251","page","type-page","status-publish","has-post-thumbnail","hentry","ncap_cities_tax-hameln-fr","ncap_cities_tax-tagungen-und-kongresse-hameln-fr"],"acf":[],"yoast_head":"<!-- This site is optimized with the Yoast SEO plugin v26.8 - https:\/\/yoast.com\/product\/yoast-seo-wordpress\/ -->\n<title>R\u00e9unions et congr\u00e8s \u00e0 Hamelin - 9 St\u00e4dte in Niedersachsen<\/title>\n<meta name=\"robots\" content=\"index, follow, max-snippet:-1, max-image-preview:large, max-video-preview:-1\" \/>\n<link rel=\"canonical\" href=\"https:\/\/9staedte.de\/fr\/hamelin-la-legendaire-ville-du-joueur-de-flute\/reunions-et-congres-a-hamelin\/\" \/>\n<meta property=\"og:locale\" content=\"fr_FR\" \/>\n<meta property=\"og:type\" content=\"article\" \/>\n<meta property=\"og:title\" content=\"R\u00e9unions et congr\u00e8s \u00e0 Hamelin - 9 St\u00e4dte in Niedersachsen\" \/>\n<meta property=\"og:description\" content=\"Votre \u00e9v\u00e9nement dans la ville du joueur de fl\u00fbte L&rsquo;importance de Hamelin en tant que lieu de r\u00e9union a consid\u00e9rablement augment\u00e9 ces derni\u00e8res ann\u00e9es. L&rsquo;ach\u00e8vement en 1996 du Weserbergland-Zentrum (WB-Z), une salle de spectacle moderne et situ\u00e9e au centre de la ville, a \u00e9t\u00e9 un facteur d\u00e9terminant. L&rsquo;\u00e9quipement technique de l&rsquo;\u00e9tablissement r\u00e9pond aux exigences les [&hellip;]\" \/>\n<meta property=\"og:url\" content=\"https:\/\/9staedte.de\/fr\/hamelin-la-legendaire-ville-du-joueur-de-flute\/reunions-et-congres-a-hamelin\/\" \/>\n<meta property=\"og:site_name\" content=\"9 St\u00e4dte in Niedersachsen\" \/>\n<meta property=\"article:modified_time\" content=\"2023-11-02T17:00:20+00:00\" \/>\n<meta property=\"og:image\" content=\"https:\/\/9staedte.de\/wp-content\/uploads\/2023\/07\/Weserbergland-Zentrum_-_Herzlich_Willkommen-1.jpg\" \/>\n\t<meta property=\"og:image:width\" content=\"1020\" \/>\n\t<meta property=\"og:image:height\" content=\"560\" \/>\n\t<meta property=\"og:image:type\" content=\"image\/jpeg\" \/>\n<meta name=\"twitter:card\" content=\"summary_large_image\" \/>\n<meta name=\"twitter:label1\" content=\"Dur\u00e9e de lecture estim\u00e9e\" \/>\n\t<meta name=\"twitter:data1\" content=\"1 minute\" \/>\n<script type=\"application\/ld+json\" class=\"yoast-schema-graph\">{\"@context\":\"https:\/\/schema.org\",\"@graph\":[{\"@type\":\"WebPage\",\"@id\":\"https:\/\/9staedte.de\/fr\/hamelin-la-legendaire-ville-du-joueur-de-flute\/reunions-et-congres-a-hamelin\/\",\"url\":\"https:\/\/9staedte.de\/fr\/hamelin-la-legendaire-ville-du-joueur-de-flute\/reunions-et-congres-a-hamelin\/\",\"name\":\"R\u00e9unions et congr\u00e8s \u00e0 Hamelin - 9 St\u00e4dte in Niedersachsen\",\"isPartOf\":{\"@id\":\"https:\/\/9staedte.de\/fr\/#website\"},\"primaryImageOfPage\":{\"@id\":\"https:\/\/9staedte.de\/fr\/hamelin-la-legendaire-ville-du-joueur-de-flute\/reunions-et-congres-a-hamelin\/#primaryimage\"},\"image\":{\"@id\":\"https:\/\/9staedte.de\/fr\/hamelin-la-legendaire-ville-du-joueur-de-flute\/reunions-et-congres-a-hamelin\/#primaryimage\"},\"thumbnailUrl\":\"https:\/\/9staedte.de\/wp-content\/uploads\/2023\/07\/Weserbergland-Zentrum_-_Herzlich_Willkommen-1.jpg\",\"datePublished\":\"2023-11-02T08:47:47+00:00\",\"dateModified\":\"2023-11-02T17:00:20+00:00\",\"breadcrumb\":{\"@id\":\"https:\/\/9staedte.de\/fr\/hamelin-la-legendaire-ville-du-joueur-de-flute\/reunions-et-congres-a-hamelin\/#breadcrumb\"},\"inLanguage\":\"fr-FR\",\"potentialAction\":[{\"@type\":\"ReadAction\",\"target\":[\"https:\/\/9staedte.de\/fr\/hamelin-la-legendaire-ville-du-joueur-de-flute\/reunions-et-congres-a-hamelin\/\"]}]},{\"@type\":\"ImageObject\",\"inLanguage\":\"fr-FR\",\"@id\":\"https:\/\/9staedte.de\/fr\/hamelin-la-legendaire-ville-du-joueur-de-flute\/reunions-et-congres-a-hamelin\/#primaryimage\",\"url\":\"https:\/\/9staedte.de\/wp-content\/uploads\/2023\/07\/Weserbergland-Zentrum_-_Herzlich_Willkommen-1.jpg\",\"contentUrl\":\"https:\/\/9staedte.de\/wp-content\/uploads\/2023\/07\/Weserbergland-Zentrum_-_Herzlich_Willkommen-1.jpg\",\"width\":1020,\"height\":560,\"caption\":\"Tagen in Hameln - Weserbergland-Zentrum Herzlich Willkommen\"},{\"@type\":\"BreadcrumbList\",\"@id\":\"https:\/\/9staedte.de\/fr\/hamelin-la-legendaire-ville-du-joueur-de-flute\/reunions-et-congres-a-hamelin\/#breadcrumb\",\"itemListElement\":[{\"@type\":\"ListItem\",\"position\":1,\"name\":\"Startseite\",\"item\":\"https:\/\/9staedte.de\/fr\/\"},{\"@type\":\"ListItem\",\"position\":2,\"name\":\"Hamelin &#8211; la l\u00e9gendaire ville du joueur de fl\u00fbte\",\"item\":\"https:\/\/9staedte.de\/fr\/hamelin-la-legendaire-ville-du-joueur-de-flute\/\"},{\"@type\":\"ListItem\",\"position\":3,\"name\":\"R\u00e9unions et congr\u00e8s \u00e0 Hamelin\"}]},{\"@type\":\"WebSite\",\"@id\":\"https:\/\/9staedte.de\/fr\/#website\",\"url\":\"https:\/\/9staedte.de\/fr\/\",\"name\":\"9 St\u00e4dte in Niedersachsen\",\"description\":\"\",\"publisher\":{\"@id\":\"https:\/\/9staedte.de\/fr\/#organization\"},\"potentialAction\":[{\"@type\":\"SearchAction\",\"target\":{\"@type\":\"EntryPoint\",\"urlTemplate\":\"https:\/\/9staedte.de\/fr\/?s={search_term_string}\"},\"query-input\":{\"@type\":\"PropertyValueSpecification\",\"valueRequired\":true,\"valueName\":\"search_term_string\"}}],\"inLanguage\":\"fr-FR\"},{\"@type\":\"Organization\",\"@id\":\"https:\/\/9staedte.de\/fr\/#organization\",\"name\":\"9 St\u00e4dte in Niedersachsen\",\"url\":\"https:\/\/9staedte.de\/fr\/\",\"logo\":{\"@type\":\"ImageObject\",\"inLanguage\":\"fr-FR\",\"@id\":\"https:\/\/9staedte.de\/fr\/#\/schema\/logo\/image\/\",\"url\":\"https:\/\/9staedte.de\/wp-content\/uploads\/2025\/01\/9-neg-deutsch-2-1.png\",\"contentUrl\":\"https:\/\/9staedte.de\/wp-content\/uploads\/2025\/01\/9-neg-deutsch-2-1.png\",\"width\":190,\"height\":114,\"caption\":\"9 St\u00e4dte in Niedersachsen\"},\"image\":{\"@id\":\"https:\/\/9staedte.de\/fr\/#\/schema\/logo\/image\/\"}}]}<\/script>\n<!-- \/ Yoast SEO plugin. -->","yoast_head_json":{"title":"R\u00e9unions et congr\u00e8s \u00e0 Hamelin - 9 St\u00e4dte in Niedersachsen","robots":{"index":"index","follow":"follow","max-snippet":"max-snippet:-1","max-image-preview":"max-image-preview:large","max-video-preview":"max-video-preview:-1"},"canonical":"https:\/\/9staedte.de\/fr\/hamelin-la-legendaire-ville-du-joueur-de-flute\/reunions-et-congres-a-hamelin\/","og_locale":"fr_FR","og_type":"article","og_title":"R\u00e9unions et congr\u00e8s \u00e0 Hamelin - 9 St\u00e4dte in Niedersachsen","og_description":"Votre \u00e9v\u00e9nement dans la ville du joueur de fl\u00fbte L&rsquo;importance de Hamelin en tant que lieu de r\u00e9union a consid\u00e9rablement augment\u00e9 ces derni\u00e8res ann\u00e9es. L&rsquo;ach\u00e8vement en 1996 du Weserbergland-Zentrum (WB-Z), une salle de spectacle moderne et situ\u00e9e au centre de la ville, a \u00e9t\u00e9 un facteur d\u00e9terminant. L&rsquo;\u00e9quipement technique de l&rsquo;\u00e9tablissement r\u00e9pond aux exigences les [&hellip;]","og_url":"https:\/\/9staedte.de\/fr\/hamelin-la-legendaire-ville-du-joueur-de-flute\/reunions-et-congres-a-hamelin\/","og_site_name":"9 St\u00e4dte in Niedersachsen","article_modified_time":"2023-11-02T17:00:20+00:00","og_image":[{"width":1020,"height":560,"url":"https:\/\/9staedte.de\/wp-content\/uploads\/2023\/07\/Weserbergland-Zentrum_-_Herzlich_Willkommen-1.jpg","type":"image\/jpeg"}],"twitter_card":"summary_large_image","twitter_misc":{"Dur\u00e9e de lecture estim\u00e9e":"1 minute"},"schema":{"@context":"https:\/\/schema.org","@graph":[{"@type":"WebPage","@id":"https:\/\/9staedte.de\/fr\/hamelin-la-legendaire-ville-du-joueur-de-flute\/reunions-et-congres-a-hamelin\/","url":"https:\/\/9staedte.de\/fr\/hamelin-la-legendaire-ville-du-joueur-de-flute\/reunions-et-congres-a-hamelin\/","name":"R\u00e9unions et congr\u00e8s \u00e0 Hamelin - 9 St\u00e4dte in Niedersachsen","isPartOf":{"@id":"https:\/\/9staedte.de\/fr\/#website"},"primaryImageOfPage":{"@id":"https:\/\/9staedte.de\/fr\/hamelin-la-legendaire-ville-du-joueur-de-flute\/reunions-et-congres-a-hamelin\/#primaryimage"},"image":{"@id":"https:\/\/9staedte.de\/fr\/hamelin-la-legendaire-ville-du-joueur-de-flute\/reunions-et-congres-a-hamelin\/#primaryimage"},"thumbnailUrl":"https:\/\/9staedte.de\/wp-content\/uploads\/2023\/07\/Weserbergland-Zentrum_-_Herzlich_Willkommen-1.jpg","datePublished":"2023-11-02T08:47:47+00:00","dateModified":"2023-11-02T17:00:20+00:00","breadcrumb":{"@id":"https:\/\/9staedte.de\/fr\/hamelin-la-legendaire-ville-du-joueur-de-flute\/reunions-et-congres-a-hamelin\/#breadcrumb"},"inLanguage":"fr-FR","potentialAction":[{"@type":"ReadAction","target":["https:\/\/9staedte.de\/fr\/hamelin-la-legendaire-ville-du-joueur-de-flute\/reunions-et-congres-a-hamelin\/"]}]},{"@type":"ImageObject","inLanguage":"fr-FR","@id":"https:\/\/9staedte.de\/fr\/hamelin-la-legendaire-ville-du-joueur-de-flute\/reunions-et-congres-a-hamelin\/#primaryimage","url":"https:\/\/9staedte.de\/wp-content\/uploads\/2023\/07\/Weserbergland-Zentrum_-_Herzlich_Willkommen-1.jpg","contentUrl":"https:\/\/9staedte.de\/wp-content\/uploads\/2023\/07\/Weserbergland-Zentrum_-_Herzlich_Willkommen-1.jpg","width":1020,"height":560,"caption":"Tagen in Hameln - Weserbergland-Zentrum Herzlich Willkommen"},{"@type":"BreadcrumbList","@id":"https:\/\/9staedte.de\/fr\/hamelin-la-legendaire-ville-du-joueur-de-flute\/reunions-et-congres-a-hamelin\/#breadcrumb","itemListElement":[{"@type":"ListItem","position":1,"name":"Startseite","item":"https:\/\/9staedte.de\/fr\/"},{"@type":"ListItem","position":2,"name":"Hamelin &#8211; la l\u00e9gendaire ville du joueur de fl\u00fbte","item":"https:\/\/9staedte.de\/fr\/hamelin-la-legendaire-ville-du-joueur-de-flute\/"},{"@type":"ListItem","position":3,"name":"R\u00e9unions et congr\u00e8s \u00e0 Hamelin"}]},{"@type":"WebSite","@id":"https:\/\/9staedte.de\/fr\/#website","url":"https:\/\/9staedte.de\/fr\/","name":"9 St\u00e4dte in Niedersachsen","description":"","publisher":{"@id":"https:\/\/9staedte.de\/fr\/#organization"},"potentialAction":[{"@type":"SearchAction","target":{"@type":"EntryPoint","urlTemplate":"https:\/\/9staedte.de\/fr\/?s={search_term_string}"},"query-input":{"@type":"PropertyValueSpecification","valueRequired":true,"valueName":"search_term_string"}}],"inLanguage":"fr-FR"},{"@type":"Organization","@id":"https:\/\/9staedte.de\/fr\/#organization","name":"9 St\u00e4dte in Niedersachsen","url":"https:\/\/9staedte.de\/fr\/","logo":{"@type":"ImageObject","inLanguage":"fr-FR","@id":"https:\/\/9staedte.de\/fr\/#\/schema\/logo\/image\/","url":"https:\/\/9staedte.de\/wp-content\/uploads\/2025\/01\/9-neg-deutsch-2-1.png","contentUrl":"https:\/\/9staedte.de\/wp-content\/uploads\/2025\/01\/9-neg-deutsch-2-1.png","width":190,"height":114,"caption":"9 St\u00e4dte in Niedersachsen"},"image":{"@id":"https:\/\/9staedte.de\/fr\/#\/schema\/logo\/image\/"}}]}},"_links":{"self":[{"href":"https:\/\/9staedte.de\/fr\/wp-json\/wp\/v2\/pages\/17251","targetHints":{"allow":["GET"]}}],"collection":[{"href":"https:\/\/9staedte.de\/fr\/wp-json\/wp\/v2\/pages"}],"about":[{"href":"https:\/\/9staedte.de\/fr\/wp-json\/wp\/v2\/types\/page"}],"author":[{"embeddable":true,"href":"https:\/\/9staedte.de\/fr\/wp-json\/wp\/v2\/users\/1"}],"replies":[{"embeddable":true,"href":"https:\/\/9staedte.de\/fr\/wp-json\/wp\/v2\/comments?post=17251"}],"version-history":[{"count":1,"href":"https:\/\/9staedte.de\/fr\/wp-json\/wp\/v2\/pages\/17251\/revisions"}],"predecessor-version":[{"id":19895,"href":"https:\/\/9staedte.de\/fr\/wp-json\/wp\/v2\/pages\/17251\/revisions\/19895"}],"up":[{"embeddable":true,"href":"https:\/\/9staedte.de\/fr\/wp-json\/wp\/v2\/pages\/18046"}],"wp:featuredmedia":[{"embeddable":true,"href":"https:\/\/9staedte.de\/fr\/wp-json\/wp\/v2\/media\/17259"}],"wp:attachment":[{"href":"https:\/\/9staedte.de\/fr\/wp-json\/wp\/v2\/media?parent=17251"}],"wp:term":[{"taxonomy":"category","embeddable":true,"href":"https:\/\/9staedte.de\/fr\/wp-json\/wp\/v2\/categories?post=17251"},{"taxonomy":"post_tag","embeddable":true,"href":"https:\/\/9staedte.de\/fr\/wp-json\/wp\/v2\/tags?post=17251"},{"taxonomy":"ncap_cities_tax","embeddable":true,"href":"https:\/\/9staedte.de\/fr\/wp-json\/wp\/v2\/ncap_cities_tax?post=17251"}],"curies":[{"name":"wp","href":"https:\/\/api.w.org\/{rel}","templated":true}]}}