{"id":17241,"date":"2023-11-02T09:47:47","date_gmt":"2023-11-02T08:47:47","guid":{"rendered":"https:\/\/9staedte.de\/shopping-et-sorties-a-hanovre\/"},"modified":"2025-05-14T09:49:35","modified_gmt":"2025-05-14T07:49:35","slug":"shopping-et-sorties-a-hanovre","status":"publish","type":"page","link":"https:\/\/9staedte.de\/fr\/hanovre-capitale-de-la-basse-saxe\/shopping-et-sorties-a-hanovre\/","title":{"rendered":"Shopping et sorties \u00e0 Hanovre"},"content":{"rendered":"\n<p>Dans l&rsquo;une des plus grandes zones pi\u00e9tonnes d&rsquo;Allemagne, il y en a pour tous les go\u00fbts &#8211; et toutes les bourses ! Vous y trouverez non seulement les grands magasins avec leur vaste offre de produits, des rues commer\u00e7antes et des passages exclusifs, mais aussi les magasins et les boutiques de la vieille ville avec leur atmosph\u00e8re contemplative. Sortir \u00e0 Hanovre est aussi une exp\u00e9rience \u00e0 vivre. Bars et restaurants confortables, jardins \u00e0 bi\u00e8re idylliques, clubs branch\u00e9s, discoth\u00e8ques, vari\u00e9t\u00e9s, jazz, th\u00e9\u00e2tre, cabaret, op\u00e9ra &#8230; : R\u00e9jouissez-vous de toute la diversit\u00e9 qu&rsquo;une grande ville peut offrir.<\/p>\n\n\n<div class=\"banner-wrapper\">\n  <div class=\"banner-inner \">\n      <div class=\"img-container\">\n      <div class=\"img-wrapper\">\n        <img decoding=\"async\" src=\"https:\/\/9staedte.de\/wp-content\/smush-webp\/2023\/02\/Hannover-Altstadt-Ballhof-c-HMTG-Patrick-Graf.jpg.webp\" alt=\"La photo montre le Ballhof \u00e0 Hanovre, le soir. Les maisons \u00e0 colombages sont \u00e9clair\u00e9es. Beaucoup de gens sont assis dehors au restaurant. Il y a de grands parasols sur les tables. Des arbres et des plantes sont autour.\" \/>\n                  <div class=\"thumbnail-label\">\n            <span>Hannover Altstadt Ballhofplatz c) HMTG Patrick Graf<\/span>\n          <\/div>\n              <\/div>\n    <\/div>\n        <div class=\"text-container\">\n      <div class=\"content\">\n        <p><strong>9 conseils pour le shopping et les sorties \u00e0 Hanovre :<\/strong><\/p>\n<ul>\n<li>Ernst-August-Galerie avec plus de 150 boutiques directement \u00e0 la gare centrale, ainsi que des passages et galeries exclusifs autour de Kr\u00f6pcke et de l&rsquo;op\u00e9ra.<\/li>\n<li>Le march\u00e9 couvert, le \u00ab\u00a0ventre de Hanovre\u00a0\u00bb, avec des d\u00e9lices culinaires internationaux.<\/li>\n<li>La gare centrale : paradis du shopping et de la gourmandise m\u00eame le dimanche<\/li>\n<li>March\u00e9 aux puces sur la Haute Rive, tous les samedis<\/li>\n<li>La vieille ville avec ses petites boutiques, ses pubs, ses caf\u00e9s en plein air et ses restaurants sur les rives de la Leineu.<\/li>\n<li>Sc\u00e8ne vari\u00e9e avec des magasins, des bars et des restaurants \u00e0 la mode dans les quartiers de Linden, Nordstadt et List<\/li>\n<li>Club de jazz de Hanovre<\/li>\n<li>Prim\u00e9s au niveau international : l&rsquo;op\u00e9ra et le th\u00e9\u00e2tre<\/li>\n<li>En \u00e9t\u00e9 : ambiance m\u00e9diterran\u00e9enne dans les Bierg\u00e4rten et les restaurants autour du lac Maschsee<\/li>\n<\/ul>\n      <\/div>\n    <\/div>\n    <\/div>\n<\/div>\n\n","protected":false},"excerpt":{"rendered":"<p>Dans l&rsquo;une des plus grandes zones pi\u00e9tonnes d&rsquo;Allemagne, il y en a pour tous les go\u00fbts &#8211; et toutes les bourses ! Vous y trouverez non seulement les grands magasins avec leur vaste offre de produits, des rues commer\u00e7antes et des passages exclusifs, mais aussi les magasins et les boutiques de la vieille ville avec [&hellip;]<\/p>\n","protected":false},"author":1,"featured_media":17250,"parent":18000,"menu_order":0,"comment_status":"closed","ping_status":"closed","template":"pagetemplates\/template-stadtthema.php","meta":{"_acf_changed":false,"footnotes":""},"categories":[],"tags":[],"ncap_cities_tax":[457,795],"class_list":["post-17241","page","type-page","status-publish","has-post-thumbnail","hentry","ncap_cities_tax-hannover-fr","ncap_cities_tax-shopping-und-ausgehen-hannover-fr"],"acf":[],"yoast_head":"<!-- This site is optimized with the Yoast SEO plugin v26.8 - https:\/\/yoast.com\/product\/yoast-seo-wordpress\/ -->\n<title>Shopping et sorties \u00e0 Hanovre - 9 St\u00e4dte in Niedersachsen<\/title>\n<meta name=\"robots\" content=\"index, follow, max-snippet:-1, max-image-preview:large, max-video-preview:-1\" \/>\n<link rel=\"canonical\" href=\"https:\/\/9staedte.de\/fr\/hanovre-capitale-de-la-basse-saxe\/shopping-et-sorties-a-hanovre\/\" \/>\n<meta property=\"og:locale\" content=\"fr_FR\" \/>\n<meta property=\"og:type\" content=\"article\" \/>\n<meta property=\"og:title\" content=\"Shopping et sorties \u00e0 Hanovre - 9 St\u00e4dte in Niedersachsen\" \/>\n<meta property=\"og:description\" content=\"Dans l&rsquo;une des plus grandes zones pi\u00e9tonnes d&rsquo;Allemagne, il y en a pour tous les go\u00fbts &#8211; et toutes les bourses ! Vous y trouverez non seulement les grands magasins avec leur vaste offre de produits, des rues commer\u00e7antes et des passages exclusifs, mais aussi les magasins et les boutiques de la vieille ville avec [&hellip;]\" \/>\n<meta property=\"og:url\" content=\"https:\/\/9staedte.de\/fr\/hanovre-capitale-de-la-basse-saxe\/shopping-et-sorties-a-hanovre\/\" \/>\n<meta property=\"og:site_name\" content=\"9 St\u00e4dte in Niedersachsen\" \/>\n<meta property=\"article:modified_time\" content=\"2025-05-14T07:49:35+00:00\" \/>\n<meta property=\"og:image\" content=\"https:\/\/9staedte.de\/wp-content\/uploads\/2023\/02\/Hannover-Hauptbahnhof-c-HMTG-Christian-Wyrwa.jpg\" \/>\n\t<meta property=\"og:image:width\" content=\"1020\" \/>\n\t<meta property=\"og:image:height\" content=\"560\" \/>\n\t<meta property=\"og:image:type\" content=\"image\/jpeg\" \/>\n<meta name=\"twitter:card\" content=\"summary_large_image\" \/>\n<meta name=\"twitter:label1\" content=\"Dur\u00e9e de lecture estim\u00e9e\" \/>\n\t<meta name=\"twitter:data1\" content=\"1 minute\" \/>\n<script type=\"application\/ld+json\" class=\"yoast-schema-graph\">{\"@context\":\"https:\/\/schema.org\",\"@graph\":[{\"@type\":\"WebPage\",\"@id\":\"https:\/\/9staedte.de\/fr\/hanovre-capitale-de-la-basse-saxe\/shopping-et-sorties-a-hanovre\/\",\"url\":\"https:\/\/9staedte.de\/fr\/hanovre-capitale-de-la-basse-saxe\/shopping-et-sorties-a-hanovre\/\",\"name\":\"Shopping et sorties \u00e0 Hanovre - 9 St\u00e4dte in Niedersachsen\",\"isPartOf\":{\"@id\":\"https:\/\/9staedte.de\/fr\/#website\"},\"primaryImageOfPage\":{\"@id\":\"https:\/\/9staedte.de\/fr\/hanovre-capitale-de-la-basse-saxe\/shopping-et-sorties-a-hanovre\/#primaryimage\"},\"image\":{\"@id\":\"https:\/\/9staedte.de\/fr\/hanovre-capitale-de-la-basse-saxe\/shopping-et-sorties-a-hanovre\/#primaryimage\"},\"thumbnailUrl\":\"https:\/\/9staedte.de\/wp-content\/uploads\/2023\/02\/Hannover-Hauptbahnhof-c-HMTG-Christian-Wyrwa.jpg\",\"datePublished\":\"2023-11-02T08:47:47+00:00\",\"dateModified\":\"2025-05-14T07:49:35+00:00\",\"breadcrumb\":{\"@id\":\"https:\/\/9staedte.de\/fr\/hanovre-capitale-de-la-basse-saxe\/shopping-et-sorties-a-hanovre\/#breadcrumb\"},\"inLanguage\":\"fr-FR\",\"potentialAction\":[{\"@type\":\"ReadAction\",\"target\":[\"https:\/\/9staedte.de\/fr\/hanovre-capitale-de-la-basse-saxe\/shopping-et-sorties-a-hanovre\/\"]}]},{\"@type\":\"ImageObject\",\"inLanguage\":\"fr-FR\",\"@id\":\"https:\/\/9staedte.de\/fr\/hanovre-capitale-de-la-basse-saxe\/shopping-et-sorties-a-hanovre\/#primaryimage\",\"url\":\"https:\/\/9staedte.de\/wp-content\/uploads\/2023\/02\/Hannover-Hauptbahnhof-c-HMTG-Christian-Wyrwa.jpg\",\"contentUrl\":\"https:\/\/9staedte.de\/wp-content\/uploads\/2023\/02\/Hannover-Hauptbahnhof-c-HMTG-Christian-Wyrwa.jpg\",\"width\":1020,\"height\":560,\"caption\":\"Hannover Hauptbahnhof c) HMTG Chrisitan Wyrwa\"},{\"@type\":\"BreadcrumbList\",\"@id\":\"https:\/\/9staedte.de\/fr\/hanovre-capitale-de-la-basse-saxe\/shopping-et-sorties-a-hanovre\/#breadcrumb\",\"itemListElement\":[{\"@type\":\"ListItem\",\"position\":1,\"name\":\"Startseite\",\"item\":\"https:\/\/9staedte.de\/fr\/\"},{\"@type\":\"ListItem\",\"position\":2,\"name\":\"Hanovre &#8211; capitale de la Basse-Saxe\",\"item\":\"https:\/\/9staedte.de\/fr\/hanovre-capitale-de-la-basse-saxe\/\"},{\"@type\":\"ListItem\",\"position\":3,\"name\":\"Shopping et sorties \u00e0 Hanovre\"}]},{\"@type\":\"WebSite\",\"@id\":\"https:\/\/9staedte.de\/fr\/#website\",\"url\":\"https:\/\/9staedte.de\/fr\/\",\"name\":\"9 St\u00e4dte in Niedersachsen\",\"description\":\"\",\"publisher\":{\"@id\":\"https:\/\/9staedte.de\/fr\/#organization\"},\"potentialAction\":[{\"@type\":\"SearchAction\",\"target\":{\"@type\":\"EntryPoint\",\"urlTemplate\":\"https:\/\/9staedte.de\/fr\/?s={search_term_string}\"},\"query-input\":{\"@type\":\"PropertyValueSpecification\",\"valueRequired\":true,\"valueName\":\"search_term_string\"}}],\"inLanguage\":\"fr-FR\"},{\"@type\":\"Organization\",\"@id\":\"https:\/\/9staedte.de\/fr\/#organization\",\"name\":\"9 St\u00e4dte in Niedersachsen\",\"url\":\"https:\/\/9staedte.de\/fr\/\",\"logo\":{\"@type\":\"ImageObject\",\"inLanguage\":\"fr-FR\",\"@id\":\"https:\/\/9staedte.de\/fr\/#\/schema\/logo\/image\/\",\"url\":\"https:\/\/9staedte.de\/wp-content\/uploads\/2025\/01\/9-neg-deutsch-2-1.png\",\"contentUrl\":\"https:\/\/9staedte.de\/wp-content\/uploads\/2025\/01\/9-neg-deutsch-2-1.png\",\"width\":190,\"height\":114,\"caption\":\"9 St\u00e4dte in Niedersachsen\"},\"image\":{\"@id\":\"https:\/\/9staedte.de\/fr\/#\/schema\/logo\/image\/\"}}]}<\/script>\n<!-- \/ Yoast SEO plugin. -->","yoast_head_json":{"title":"Shopping et sorties \u00e0 Hanovre - 9 St\u00e4dte in Niedersachsen","robots":{"index":"index","follow":"follow","max-snippet":"max-snippet:-1","max-image-preview":"max-image-preview:large","max-video-preview":"max-video-preview:-1"},"canonical":"https:\/\/9staedte.de\/fr\/hanovre-capitale-de-la-basse-saxe\/shopping-et-sorties-a-hanovre\/","og_locale":"fr_FR","og_type":"article","og_title":"Shopping et sorties \u00e0 Hanovre - 9 St\u00e4dte in Niedersachsen","og_description":"Dans l&rsquo;une des plus grandes zones pi\u00e9tonnes d&rsquo;Allemagne, il y en a pour tous les go\u00fbts &#8211; et toutes les bourses ! Vous y trouverez non seulement les grands magasins avec leur vaste offre de produits, des rues commer\u00e7antes et des passages exclusifs, mais aussi les magasins et les boutiques de la vieille ville avec [&hellip;]","og_url":"https:\/\/9staedte.de\/fr\/hanovre-capitale-de-la-basse-saxe\/shopping-et-sorties-a-hanovre\/","og_site_name":"9 St\u00e4dte in Niedersachsen","article_modified_time":"2025-05-14T07:49:35+00:00","og_image":[{"width":1020,"height":560,"url":"https:\/\/9staedte.de\/wp-content\/uploads\/2023\/02\/Hannover-Hauptbahnhof-c-HMTG-Christian-Wyrwa.jpg","type":"image\/jpeg"}],"twitter_card":"summary_large_image","twitter_misc":{"Dur\u00e9e de lecture estim\u00e9e":"1 minute"},"schema":{"@context":"https:\/\/schema.org","@graph":[{"@type":"WebPage","@id":"https:\/\/9staedte.de\/fr\/hanovre-capitale-de-la-basse-saxe\/shopping-et-sorties-a-hanovre\/","url":"https:\/\/9staedte.de\/fr\/hanovre-capitale-de-la-basse-saxe\/shopping-et-sorties-a-hanovre\/","name":"Shopping et sorties \u00e0 Hanovre - 9 St\u00e4dte in Niedersachsen","isPartOf":{"@id":"https:\/\/9staedte.de\/fr\/#website"},"primaryImageOfPage":{"@id":"https:\/\/9staedte.de\/fr\/hanovre-capitale-de-la-basse-saxe\/shopping-et-sorties-a-hanovre\/#primaryimage"},"image":{"@id":"https:\/\/9staedte.de\/fr\/hanovre-capitale-de-la-basse-saxe\/shopping-et-sorties-a-hanovre\/#primaryimage"},"thumbnailUrl":"https:\/\/9staedte.de\/wp-content\/uploads\/2023\/02\/Hannover-Hauptbahnhof-c-HMTG-Christian-Wyrwa.jpg","datePublished":"2023-11-02T08:47:47+00:00","dateModified":"2025-05-14T07:49:35+00:00","breadcrumb":{"@id":"https:\/\/9staedte.de\/fr\/hanovre-capitale-de-la-basse-saxe\/shopping-et-sorties-a-hanovre\/#breadcrumb"},"inLanguage":"fr-FR","potentialAction":[{"@type":"ReadAction","target":["https:\/\/9staedte.de\/fr\/hanovre-capitale-de-la-basse-saxe\/shopping-et-sorties-a-hanovre\/"]}]},{"@type":"ImageObject","inLanguage":"fr-FR","@id":"https:\/\/9staedte.de\/fr\/hanovre-capitale-de-la-basse-saxe\/shopping-et-sorties-a-hanovre\/#primaryimage","url":"https:\/\/9staedte.de\/wp-content\/uploads\/2023\/02\/Hannover-Hauptbahnhof-c-HMTG-Christian-Wyrwa.jpg","contentUrl":"https:\/\/9staedte.de\/wp-content\/uploads\/2023\/02\/Hannover-Hauptbahnhof-c-HMTG-Christian-Wyrwa.jpg","width":1020,"height":560,"caption":"Hannover Hauptbahnhof c) HMTG Chrisitan Wyrwa"},{"@type":"BreadcrumbList","@id":"https:\/\/9staedte.de\/fr\/hanovre-capitale-de-la-basse-saxe\/shopping-et-sorties-a-hanovre\/#breadcrumb","itemListElement":[{"@type":"ListItem","position":1,"name":"Startseite","item":"https:\/\/9staedte.de\/fr\/"},{"@type":"ListItem","position":2,"name":"Hanovre &#8211; capitale de la Basse-Saxe","item":"https:\/\/9staedte.de\/fr\/hanovre-capitale-de-la-basse-saxe\/"},{"@type":"ListItem","position":3,"name":"Shopping et sorties \u00e0 Hanovre"}]},{"@type":"WebSite","@id":"https:\/\/9staedte.de\/fr\/#website","url":"https:\/\/9staedte.de\/fr\/","name":"9 St\u00e4dte in Niedersachsen","description":"","publisher":{"@id":"https:\/\/9staedte.de\/fr\/#organization"},"potentialAction":[{"@type":"SearchAction","target":{"@type":"EntryPoint","urlTemplate":"https:\/\/9staedte.de\/fr\/?s={search_term_string}"},"query-input":{"@type":"PropertyValueSpecification","valueRequired":true,"valueName":"search_term_string"}}],"inLanguage":"fr-FR"},{"@type":"Organization","@id":"https:\/\/9staedte.de\/fr\/#organization","name":"9 St\u00e4dte in Niedersachsen","url":"https:\/\/9staedte.de\/fr\/","logo":{"@type":"ImageObject","inLanguage":"fr-FR","@id":"https:\/\/9staedte.de\/fr\/#\/schema\/logo\/image\/","url":"https:\/\/9staedte.de\/wp-content\/uploads\/2025\/01\/9-neg-deutsch-2-1.png","contentUrl":"https:\/\/9staedte.de\/wp-content\/uploads\/2025\/01\/9-neg-deutsch-2-1.png","width":190,"height":114,"caption":"9 St\u00e4dte in Niedersachsen"},"image":{"@id":"https:\/\/9staedte.de\/fr\/#\/schema\/logo\/image\/"}}]}},"_links":{"self":[{"href":"https:\/\/9staedte.de\/fr\/wp-json\/wp\/v2\/pages\/17241","targetHints":{"allow":["GET"]}}],"collection":[{"href":"https:\/\/9staedte.de\/fr\/wp-json\/wp\/v2\/pages"}],"about":[{"href":"https:\/\/9staedte.de\/fr\/wp-json\/wp\/v2\/types\/page"}],"author":[{"embeddable":true,"href":"https:\/\/9staedte.de\/fr\/wp-json\/wp\/v2\/users\/1"}],"replies":[{"embeddable":true,"href":"https:\/\/9staedte.de\/fr\/wp-json\/wp\/v2\/comments?post=17241"}],"version-history":[{"count":2,"href":"https:\/\/9staedte.de\/fr\/wp-json\/wp\/v2\/pages\/17241\/revisions"}],"predecessor-version":[{"id":25750,"href":"https:\/\/9staedte.de\/fr\/wp-json\/wp\/v2\/pages\/17241\/revisions\/25750"}],"up":[{"embeddable":true,"href":"https:\/\/9staedte.de\/fr\/wp-json\/wp\/v2\/pages\/18000"}],"wp:featuredmedia":[{"embeddable":true,"href":"https:\/\/9staedte.de\/fr\/wp-json\/wp\/v2\/media\/17250"}],"wp:attachment":[{"href":"https:\/\/9staedte.de\/fr\/wp-json\/wp\/v2\/media?parent=17241"}],"wp:term":[{"taxonomy":"category","embeddable":true,"href":"https:\/\/9staedte.de\/fr\/wp-json\/wp\/v2\/categories?post=17241"},{"taxonomy":"post_tag","embeddable":true,"href":"https:\/\/9staedte.de\/fr\/wp-json\/wp\/v2\/tags?post=17241"},{"taxonomy":"ncap_cities_tax","embeddable":true,"href":"https:\/\/9staedte.de\/fr\/wp-json\/wp\/v2\/ncap_cities_tax?post=17241"}],"curies":[{"name":"wp","href":"https:\/\/api.w.org\/{rel}","templated":true}]}}