{"id":17231,"date":"2023-11-02T09:47:46","date_gmt":"2023-11-02T08:47:46","guid":{"rendered":"https:\/\/9staedte.de\/reunions-et-congres-a-goslar\/"},"modified":"2024-05-08T15:26:30","modified_gmt":"2024-05-08T13:26:30","slug":"reunions-et-congres-a-goslar","status":"publish","type":"page","link":"https:\/\/9staedte.de\/fr\/goslar-patrimoine-culturel-mondial-dans-le-harz\/reunions-et-congres-a-goslar\/","title":{"rendered":"R\u00e9unions et congr\u00e8s \u00e0 Goslar"},"content":{"rendered":"\n<h2 class=\"wp-block-heading\">R\u00e9unions et congr\u00e8s dans la ville de Goslar, class\u00e9e au patrimoine mondial de l&rsquo;UNESCO<\/h2>\n\n\n\n<p><strong>R\u00e9unions et congr\u00e8s dans la ville de Goslar, class\u00e9e au patrimoine mondial de l&rsquo;UNESCO :<\/strong><\/p>\n\n\n\n<p>Conf\u00e9rez et logez dans la ville de Goslar, class\u00e9e au patrimoine mondial de l&rsquo;UNESCO, et laissez-vous s\u00e9duire par les excellentes possibilit\u00e9s d&rsquo;organiser des \u00e9v\u00e9nements r\u00e9ussis dans un cadre exceptionnel. Toutes les attractions touristiques, les lieux d&rsquo;\u00e9v\u00e9nements et de r\u00e9unions sont facilement accessibles \u00e0 pied.<br>Elargir les perspectives, former des \u00e9quipes, entra\u00eener les comp\u00e9tences individuelles, saisir les probl\u00e8mes et trouver des solutions &#8211; loin des grands centres urbains, vous trouverez chez nous une combinaison de r\u00eave entre l&rsquo;histoire dans les vieux murs de la ville et la nature pure du Harz. La sc\u00e8ne sur laquelle s&rsquo;\u00e9crivait autrefois l&rsquo;histoire mondiale vous est ouverte.<\/p>\n\n\n\n\n<div class=\"banner-wrapper\">\n  <div class=\"banner-inner \">\n      <div class=\"img-container\">\n      <div class=\"img-wrapper\">\n        <img decoding=\"async\" src=\"https:\/\/9staedte.de\/wp-content\/smush-webp\/2023\/02\/Tagung-in-Goslar-Grosses-Heiliges-Kreuz.jpg.webp\" alt=\"L\u2019image montre une grande salle avec des poutres en bois. Beaucoup de personnes sont assises \u00e0 de longues tables. Il y a \u00e0 manger et \u00e0 boire. Un homme parle \u00e0 un pupitre. Les murs sont vieux et en pierre. La salle s\u2019appelle : Gro\u00dfes Heiliges Kreuz \u00e0 Goslar. C\u2019est une r\u00e9union ou un \u00e9v\u00e9nement.\" \/>\n                  <div class=\"thumbnail-label\">\n            <span>Tagung in Goslar Gro\u00dfes Heiliges Kreuz<\/span>\n          <\/div>\n              <\/div>\n    <\/div>\n        <div class=\"text-container\">\n      <div class=\"content\">\n        <h3>9 Tipps f\u00fcr Ihre Veranstaltung in Goslar<\/h3>\n<p>&#8211; Hotel Der ACHTERMANN \u2013 Das historische Haus mit besonderem Ambiente, welches Tradition und Moderne geschmackvoll vereint, liegt zentral an der Fu\u00dfg\u00e4ngerzone und in Bahnhofsn\u00e4he.<br \/>\n\u2013 Hotel Nieders\u00e4chsischer Hof \u2013 Das stilvolle, traditionsreiche Haus wurde in Zusammenarbeit mit dem bekannten M\u00f6nchehaus Museum f\u00fcr Moderne Kunst mit vielen Kunstwerken ausgestattet und liegt zentral, dem Bahnhofsplatz gegen\u00fcber.<br \/>\n\u2013 Hotel &amp; Restaurant Schiefer \u2013 Das Hotel &amp; Restaurant Schiefer bietet Ihnen ein atemberaubendes Wohnerlebnis am historischen Marktplatz und die besten Voraussetzungen f\u00fcr Tagungen und Seminare.<br \/>\n\u2013 Klosterhotel W\u00f6ltingerode \u2013 Schon aus Tradition ist das Kloster ein Ort der Begegnung und bietet viel Platz zum Tagen und Arbeiten. Das stimmungsvolle Ambiente der Tagungsr\u00e4ume l\u00e4dt Sie ein.<\/p>\n<p>Au\u00dfergew\u00f6hnliche Tagungslocations:<br \/>\n\u2013 UNESCO Weltkulturerbe Rammelsberg \u2013 Erleben Sie das besondere Highlight: Tagen untertage! (max.  650 Personen)<br \/>\n&#8211; Kaiserpfalz \u2013 Tagen, wo einst die Kaiser Weltgeschichte schrieben. (Max. 515 Personen)<br \/>\nTipp: Als Alternative f\u00fcr kleinere Veranstaltungen steht der 120 qm gro\u00dfe \u201eWintersaal\u201c zur Verf\u00fcgung. (max. 515 Personen)<br \/>\n&#8211;  Gro\u00dfes Heiliges Kreuz \u2013 Die \u201eD\u00e4le\u201c des Gro\u00dfen Heiligen Kreuzes bietet eine unvergleichliche Atmosph\u00e4re f\u00fcr Ihre Veranstaltung. (max. 99 Personen)<br \/>\n&#8211; Siemenshaus \u2013  Tagen Sie im 1693 erbauten Stammsitz der Industriellenfamilie und eines der gr\u00f6\u00dften B\u00fcrgerh\u00e4user der Stadt. (max. 50 Personen)<\/p>\n      <\/div>\n    <\/div>\n    <\/div>\n<\/div>\n\n","protected":false},"excerpt":{"rendered":"<p>R\u00e9unions et congr\u00e8s dans la ville de Goslar, class\u00e9e au patrimoine mondial de l&rsquo;UNESCO R\u00e9unions et congr\u00e8s dans la ville de Goslar, class\u00e9e au patrimoine mondial de l&rsquo;UNESCO : Conf\u00e9rez et logez dans la ville de Goslar, class\u00e9e au patrimoine mondial de l&rsquo;UNESCO, et laissez-vous s\u00e9duire par les excellentes possibilit\u00e9s d&rsquo;organiser des \u00e9v\u00e9nements r\u00e9ussis dans [&hellip;]<\/p>\n","protected":false},"author":1,"featured_media":17243,"parent":17930,"menu_order":0,"comment_status":"closed","ping_status":"closed","template":"pagetemplates\/template-stadtthema.php","meta":{"_acf_changed":false,"footnotes":""},"categories":[],"tags":[],"ncap_cities_tax":[444,1150],"class_list":["post-17231","page","type-page","status-publish","has-post-thumbnail","hentry","ncap_cities_tax-goslar-fr","ncap_cities_tax-tagungen-und-kongresse-goslar-fr"],"acf":[],"yoast_head":"<!-- This site is optimized with the Yoast SEO plugin v27.4 - https:\/\/yoast.com\/product\/yoast-seo-wordpress\/ -->\n<title>R\u00e9unions et congr\u00e8s \u00e0 Goslar - 9 St\u00e4dte in Niedersachsen<\/title>\n<meta name=\"robots\" content=\"index, follow, max-snippet:-1, max-image-preview:large, max-video-preview:-1\" \/>\n<link rel=\"canonical\" href=\"https:\/\/9staedte.de\/fr\/goslar-patrimoine-culturel-mondial-dans-le-harz\/reunions-et-congres-a-goslar\/\" \/>\n<meta property=\"og:locale\" content=\"fr_FR\" \/>\n<meta property=\"og:type\" content=\"article\" \/>\n<meta property=\"og:title\" content=\"R\u00e9unions et congr\u00e8s \u00e0 Goslar - 9 St\u00e4dte in Niedersachsen\" \/>\n<meta property=\"og:description\" content=\"R\u00e9unions et congr\u00e8s dans la ville de Goslar, class\u00e9e au patrimoine mondial de l&rsquo;UNESCO R\u00e9unions et congr\u00e8s dans la ville de Goslar, class\u00e9e au patrimoine mondial de l&rsquo;UNESCO : Conf\u00e9rez et logez dans la ville de Goslar, class\u00e9e au patrimoine mondial de l&rsquo;UNESCO, et laissez-vous s\u00e9duire par les excellentes possibilit\u00e9s d&rsquo;organiser des \u00e9v\u00e9nements r\u00e9ussis dans [&hellip;]\" \/>\n<meta property=\"og:url\" content=\"https:\/\/9staedte.de\/fr\/goslar-patrimoine-culturel-mondial-dans-le-harz\/reunions-et-congres-a-goslar\/\" \/>\n<meta property=\"og:site_name\" content=\"9 St\u00e4dte in Niedersachsen\" \/>\n<meta property=\"article:modified_time\" content=\"2024-05-08T13:26:30+00:00\" \/>\n<meta property=\"og:image\" content=\"https:\/\/9staedte.de\/wp-content\/uploads\/2023\/02\/Goslar-Kaiserpfalz-c-GOSLAR-marketing-gmbh-Fotograf-Stefan-Schiefer.jpg\" \/>\n\t<meta property=\"og:image:width\" content=\"1020\" \/>\n\t<meta property=\"og:image:height\" content=\"559\" \/>\n\t<meta property=\"og:image:type\" content=\"image\/jpeg\" \/>\n<meta name=\"twitter:card\" content=\"summary_large_image\" \/>\n<meta name=\"twitter:label1\" content=\"Dur\u00e9e de lecture estim\u00e9e\" \/>\n\t<meta name=\"twitter:data1\" content=\"1 minute\" \/>\n<script type=\"application\/ld+json\" class=\"yoast-schema-graph\">{\"@context\":\"https:\\\/\\\/schema.org\",\"@graph\":[{\"@type\":\"WebPage\",\"@id\":\"https:\\\/\\\/9staedte.de\\\/fr\\\/goslar-patrimoine-culturel-mondial-dans-le-harz\\\/reunions-et-congres-a-goslar\\\/\",\"url\":\"https:\\\/\\\/9staedte.de\\\/fr\\\/goslar-patrimoine-culturel-mondial-dans-le-harz\\\/reunions-et-congres-a-goslar\\\/\",\"name\":\"R\u00e9unions et congr\u00e8s \u00e0 Goslar - 9 St\u00e4dte in Niedersachsen\",\"isPartOf\":{\"@id\":\"https:\\\/\\\/9staedte.de\\\/fr\\\/#website\"},\"primaryImageOfPage\":{\"@id\":\"https:\\\/\\\/9staedte.de\\\/fr\\\/goslar-patrimoine-culturel-mondial-dans-le-harz\\\/reunions-et-congres-a-goslar\\\/#primaryimage\"},\"image\":{\"@id\":\"https:\\\/\\\/9staedte.de\\\/fr\\\/goslar-patrimoine-culturel-mondial-dans-le-harz\\\/reunions-et-congres-a-goslar\\\/#primaryimage\"},\"thumbnailUrl\":\"https:\\\/\\\/9staedte.de\\\/wp-content\\\/uploads\\\/2023\\\/02\\\/Goslar-Kaiserpfalz-c-GOSLAR-marketing-gmbh-Fotograf-Stefan-Schiefer.jpg\",\"datePublished\":\"2023-11-02T08:47:46+00:00\",\"dateModified\":\"2024-05-08T13:26:30+00:00\",\"breadcrumb\":{\"@id\":\"https:\\\/\\\/9staedte.de\\\/fr\\\/goslar-patrimoine-culturel-mondial-dans-le-harz\\\/reunions-et-congres-a-goslar\\\/#breadcrumb\"},\"inLanguage\":\"fr-FR\",\"potentialAction\":[{\"@type\":\"ReadAction\",\"target\":[\"https:\\\/\\\/9staedte.de\\\/fr\\\/goslar-patrimoine-culturel-mondial-dans-le-harz\\\/reunions-et-congres-a-goslar\\\/\"]}]},{\"@type\":\"ImageObject\",\"inLanguage\":\"fr-FR\",\"@id\":\"https:\\\/\\\/9staedte.de\\\/fr\\\/goslar-patrimoine-culturel-mondial-dans-le-harz\\\/reunions-et-congres-a-goslar\\\/#primaryimage\",\"url\":\"https:\\\/\\\/9staedte.de\\\/wp-content\\\/uploads\\\/2023\\\/02\\\/Goslar-Kaiserpfalz-c-GOSLAR-marketing-gmbh-Fotograf-Stefan-Schiefer.jpg\",\"contentUrl\":\"https:\\\/\\\/9staedte.de\\\/wp-content\\\/uploads\\\/2023\\\/02\\\/Goslar-Kaiserpfalz-c-GOSLAR-marketing-gmbh-Fotograf-Stefan-Schiefer.jpg\",\"width\":1020,\"height\":559,\"caption\":\"Goslar Kaiserpfalz c) GOSLAR marketing gmbh Fotograf Stefan Schiefer\"},{\"@type\":\"BreadcrumbList\",\"@id\":\"https:\\\/\\\/9staedte.de\\\/fr\\\/goslar-patrimoine-culturel-mondial-dans-le-harz\\\/reunions-et-congres-a-goslar\\\/#breadcrumb\",\"itemListElement\":[{\"@type\":\"ListItem\",\"position\":1,\"name\":\"Startseite\",\"item\":\"https:\\\/\\\/9staedte.de\\\/fr\\\/\"},{\"@type\":\"ListItem\",\"position\":2,\"name\":\"Goslar &#8211; Patrimoine culturel mondial dans le Harz\",\"item\":\"https:\\\/\\\/9staedte.de\\\/fr\\\/goslar-patrimoine-culturel-mondial-dans-le-harz\\\/\"},{\"@type\":\"ListItem\",\"position\":3,\"name\":\"R\u00e9unions et congr\u00e8s \u00e0 Goslar\"}]},{\"@type\":\"WebSite\",\"@id\":\"https:\\\/\\\/9staedte.de\\\/fr\\\/#website\",\"url\":\"https:\\\/\\\/9staedte.de\\\/fr\\\/\",\"name\":\"9 St\u00e4dte in Niedersachsen\",\"description\":\"\",\"publisher\":{\"@id\":\"https:\\\/\\\/9staedte.de\\\/fr\\\/#organization\"},\"potentialAction\":[{\"@type\":\"SearchAction\",\"target\":{\"@type\":\"EntryPoint\",\"urlTemplate\":\"https:\\\/\\\/9staedte.de\\\/fr\\\/?s={search_term_string}\"},\"query-input\":{\"@type\":\"PropertyValueSpecification\",\"valueRequired\":true,\"valueName\":\"search_term_string\"}}],\"inLanguage\":\"fr-FR\"},{\"@type\":\"Organization\",\"@id\":\"https:\\\/\\\/9staedte.de\\\/fr\\\/#organization\",\"name\":\"9 St\u00e4dte in Niedersachsen\",\"url\":\"https:\\\/\\\/9staedte.de\\\/fr\\\/\",\"logo\":{\"@type\":\"ImageObject\",\"inLanguage\":\"fr-FR\",\"@id\":\"https:\\\/\\\/9staedte.de\\\/fr\\\/#\\\/schema\\\/logo\\\/image\\\/\",\"url\":\"https:\\\/\\\/9staedte.de\\\/wp-content\\\/uploads\\\/2025\\\/01\\\/9-neg-deutsch-2-1.png\",\"contentUrl\":\"https:\\\/\\\/9staedte.de\\\/wp-content\\\/uploads\\\/2025\\\/01\\\/9-neg-deutsch-2-1.png\",\"width\":190,\"height\":114,\"caption\":\"9 St\u00e4dte in Niedersachsen\"},\"image\":{\"@id\":\"https:\\\/\\\/9staedte.de\\\/fr\\\/#\\\/schema\\\/logo\\\/image\\\/\"}}]}<\/script>\n<!-- \/ Yoast SEO plugin. -->","yoast_head_json":{"title":"R\u00e9unions et congr\u00e8s \u00e0 Goslar - 9 St\u00e4dte in Niedersachsen","robots":{"index":"index","follow":"follow","max-snippet":"max-snippet:-1","max-image-preview":"max-image-preview:large","max-video-preview":"max-video-preview:-1"},"canonical":"https:\/\/9staedte.de\/fr\/goslar-patrimoine-culturel-mondial-dans-le-harz\/reunions-et-congres-a-goslar\/","og_locale":"fr_FR","og_type":"article","og_title":"R\u00e9unions et congr\u00e8s \u00e0 Goslar - 9 St\u00e4dte in Niedersachsen","og_description":"R\u00e9unions et congr\u00e8s dans la ville de Goslar, class\u00e9e au patrimoine mondial de l&rsquo;UNESCO R\u00e9unions et congr\u00e8s dans la ville de Goslar, class\u00e9e au patrimoine mondial de l&rsquo;UNESCO : Conf\u00e9rez et logez dans la ville de Goslar, class\u00e9e au patrimoine mondial de l&rsquo;UNESCO, et laissez-vous s\u00e9duire par les excellentes possibilit\u00e9s d&rsquo;organiser des \u00e9v\u00e9nements r\u00e9ussis dans [&hellip;]","og_url":"https:\/\/9staedte.de\/fr\/goslar-patrimoine-culturel-mondial-dans-le-harz\/reunions-et-congres-a-goslar\/","og_site_name":"9 St\u00e4dte in Niedersachsen","article_modified_time":"2024-05-08T13:26:30+00:00","og_image":[{"width":1020,"height":559,"url":"https:\/\/9staedte.de\/wp-content\/uploads\/2023\/02\/Goslar-Kaiserpfalz-c-GOSLAR-marketing-gmbh-Fotograf-Stefan-Schiefer.jpg","type":"image\/jpeg"}],"twitter_card":"summary_large_image","twitter_misc":{"Dur\u00e9e de lecture estim\u00e9e":"1 minute"},"schema":{"@context":"https:\/\/schema.org","@graph":[{"@type":"WebPage","@id":"https:\/\/9staedte.de\/fr\/goslar-patrimoine-culturel-mondial-dans-le-harz\/reunions-et-congres-a-goslar\/","url":"https:\/\/9staedte.de\/fr\/goslar-patrimoine-culturel-mondial-dans-le-harz\/reunions-et-congres-a-goslar\/","name":"R\u00e9unions et congr\u00e8s \u00e0 Goslar - 9 St\u00e4dte in Niedersachsen","isPartOf":{"@id":"https:\/\/9staedte.de\/fr\/#website"},"primaryImageOfPage":{"@id":"https:\/\/9staedte.de\/fr\/goslar-patrimoine-culturel-mondial-dans-le-harz\/reunions-et-congres-a-goslar\/#primaryimage"},"image":{"@id":"https:\/\/9staedte.de\/fr\/goslar-patrimoine-culturel-mondial-dans-le-harz\/reunions-et-congres-a-goslar\/#primaryimage"},"thumbnailUrl":"https:\/\/9staedte.de\/wp-content\/uploads\/2023\/02\/Goslar-Kaiserpfalz-c-GOSLAR-marketing-gmbh-Fotograf-Stefan-Schiefer.jpg","datePublished":"2023-11-02T08:47:46+00:00","dateModified":"2024-05-08T13:26:30+00:00","breadcrumb":{"@id":"https:\/\/9staedte.de\/fr\/goslar-patrimoine-culturel-mondial-dans-le-harz\/reunions-et-congres-a-goslar\/#breadcrumb"},"inLanguage":"fr-FR","potentialAction":[{"@type":"ReadAction","target":["https:\/\/9staedte.de\/fr\/goslar-patrimoine-culturel-mondial-dans-le-harz\/reunions-et-congres-a-goslar\/"]}]},{"@type":"ImageObject","inLanguage":"fr-FR","@id":"https:\/\/9staedte.de\/fr\/goslar-patrimoine-culturel-mondial-dans-le-harz\/reunions-et-congres-a-goslar\/#primaryimage","url":"https:\/\/9staedte.de\/wp-content\/uploads\/2023\/02\/Goslar-Kaiserpfalz-c-GOSLAR-marketing-gmbh-Fotograf-Stefan-Schiefer.jpg","contentUrl":"https:\/\/9staedte.de\/wp-content\/uploads\/2023\/02\/Goslar-Kaiserpfalz-c-GOSLAR-marketing-gmbh-Fotograf-Stefan-Schiefer.jpg","width":1020,"height":559,"caption":"Goslar Kaiserpfalz c) GOSLAR marketing gmbh Fotograf Stefan Schiefer"},{"@type":"BreadcrumbList","@id":"https:\/\/9staedte.de\/fr\/goslar-patrimoine-culturel-mondial-dans-le-harz\/reunions-et-congres-a-goslar\/#breadcrumb","itemListElement":[{"@type":"ListItem","position":1,"name":"Startseite","item":"https:\/\/9staedte.de\/fr\/"},{"@type":"ListItem","position":2,"name":"Goslar &#8211; Patrimoine culturel mondial dans le Harz","item":"https:\/\/9staedte.de\/fr\/goslar-patrimoine-culturel-mondial-dans-le-harz\/"},{"@type":"ListItem","position":3,"name":"R\u00e9unions et congr\u00e8s \u00e0 Goslar"}]},{"@type":"WebSite","@id":"https:\/\/9staedte.de\/fr\/#website","url":"https:\/\/9staedte.de\/fr\/","name":"9 St\u00e4dte in Niedersachsen","description":"","publisher":{"@id":"https:\/\/9staedte.de\/fr\/#organization"},"potentialAction":[{"@type":"SearchAction","target":{"@type":"EntryPoint","urlTemplate":"https:\/\/9staedte.de\/fr\/?s={search_term_string}"},"query-input":{"@type":"PropertyValueSpecification","valueRequired":true,"valueName":"search_term_string"}}],"inLanguage":"fr-FR"},{"@type":"Organization","@id":"https:\/\/9staedte.de\/fr\/#organization","name":"9 St\u00e4dte in Niedersachsen","url":"https:\/\/9staedte.de\/fr\/","logo":{"@type":"ImageObject","inLanguage":"fr-FR","@id":"https:\/\/9staedte.de\/fr\/#\/schema\/logo\/image\/","url":"https:\/\/9staedte.de\/wp-content\/uploads\/2025\/01\/9-neg-deutsch-2-1.png","contentUrl":"https:\/\/9staedte.de\/wp-content\/uploads\/2025\/01\/9-neg-deutsch-2-1.png","width":190,"height":114,"caption":"9 St\u00e4dte in Niedersachsen"},"image":{"@id":"https:\/\/9staedte.de\/fr\/#\/schema\/logo\/image\/"}}]}},"_links":{"self":[{"href":"https:\/\/9staedte.de\/fr\/wp-json\/wp\/v2\/pages\/17231","targetHints":{"allow":["GET"]}}],"collection":[{"href":"https:\/\/9staedte.de\/fr\/wp-json\/wp\/v2\/pages"}],"about":[{"href":"https:\/\/9staedte.de\/fr\/wp-json\/wp\/v2\/types\/page"}],"author":[{"embeddable":true,"href":"https:\/\/9staedte.de\/fr\/wp-json\/wp\/v2\/users\/1"}],"replies":[{"embeddable":true,"href":"https:\/\/9staedte.de\/fr\/wp-json\/wp\/v2\/comments?post=17231"}],"version-history":[{"count":2,"href":"https:\/\/9staedte.de\/fr\/wp-json\/wp\/v2\/pages\/17231\/revisions"}],"predecessor-version":[{"id":22286,"href":"https:\/\/9staedte.de\/fr\/wp-json\/wp\/v2\/pages\/17231\/revisions\/22286"}],"up":[{"embeddable":true,"href":"https:\/\/9staedte.de\/fr\/wp-json\/wp\/v2\/pages\/17930"}],"wp:featuredmedia":[{"embeddable":true,"href":"https:\/\/9staedte.de\/fr\/wp-json\/wp\/v2\/media\/17243"}],"wp:attachment":[{"href":"https:\/\/9staedte.de\/fr\/wp-json\/wp\/v2\/media?parent=17231"}],"wp:term":[{"taxonomy":"category","embeddable":true,"href":"https:\/\/9staedte.de\/fr\/wp-json\/wp\/v2\/categories?post=17231"},{"taxonomy":"post_tag","embeddable":true,"href":"https:\/\/9staedte.de\/fr\/wp-json\/wp\/v2\/tags?post=17231"},{"taxonomy":"ncap_cities_tax","embeddable":true,"href":"https:\/\/9staedte.de\/fr\/wp-json\/wp\/v2\/ncap_cities_tax?post=17231"}],"curies":[{"name":"wp","href":"https:\/\/api.w.org\/{rel}","templated":true}]}}