{"id":17215,"date":"2023-11-02T09:47:45","date_gmt":"2023-11-02T08:47:45","guid":{"rendered":"https:\/\/9staedte.de\/marches-de-noel-a-hanovre\/"},"modified":"2026-03-23T17:15:15","modified_gmt":"2026-03-23T16:15:15","slug":"marches-de-noel-a-hanovre","status":"publish","type":"page","link":"https:\/\/9staedte.de\/fr\/hanovre-capitale-de-la-basse-saxe\/marches-de-noel-a-hanovre\/","title":{"rendered":"March\u00e9s de No\u00ebl \u00e0 Hanovre"},"content":{"rendered":"\n<h2 class=\"wp-block-heading\">March\u00e9 de No\u00ebl dans la vieille ville<\/h2>\n\n<p>Laissez-vous envo\u00fbter par le cadre romantique du march\u00e9 de No\u00ebl de la vieille ville. Sur<br\/>plus de 190 stands, devant des b\u00e2timents historiques magnifiquement illumin\u00e9s, vous trouverez des d\u00e9corations de sapin de No\u00ebl, de l&rsquo;artisanat et des sp\u00e9cialit\u00e9s de No\u00ebl.  Dans le village de No\u00ebl historique, des artisans offrent un aper\u00e7u de leur savoir-faire. Des saltimbanques et des artistes proposent des spectacles passionnants. Un village de No\u00ebl finlandais vous s\u00e9duira avec du saumon flamb\u00e9 et du gl\u00f6gi sur la Ballhofplatz. Au milieu de la \u00ab\u00a0for\u00eat des fontaines \u00e0 souhaits\u00a0\u00bb, vous trouverez un anneau d&rsquo;or \u00e0 la fontaine Oskar Winter.   Les souhaits se r\u00e9alisent lorsque cet anneau est tourn\u00e9<\/p>\n\n<h2 class=\"wp-block-heading\">Village de No\u00ebl Roncalli \u00e0 la gare centrale<\/h2>\n\n<p>Devant le d\u00e9cor de la gare centrale de Hanovre, le village de No\u00ebl Roncalli vous invite \u00e0 vivre une exp\u00e9rience festive jusqu&rsquo;au 30 d\u00e9cembre. Inspir\u00e9s par l&rsquo;architecture \u00e0 colombages de Basse-Saxe, les chalets d\u00e9cor\u00e9s avec amour r\u00e9pandent une atmosph\u00e8re f\u00e9erique. Les points forts sont la grande roue historique et les projections lumineuses qui ont lieu trois fois par jour et qui font resplendir la gare dans l&rsquo;esprit de No\u00ebl.    <\/p>\n\n<h2 class=\"wp-block-heading\">Christmas Garden au zoo d&rsquo;Hanovre  <\/h2>\n\n<p>Christmas Garden Hannover apporte une atmosph\u00e8re magique au zoo de l&rsquo;aventure avec des installations lumineuses rayonnantes. Un nouveau circuit illumin\u00e9 d&rsquo;environ deux kilom\u00e8tres promet des heures magiques dans le zoo de l&rsquo;aventure d\u00e9cor\u00e9 pour No\u00ebl. <br\/><a href=\"https:\/\/www.hannover.de\/Veranstaltungskalender\/Weihnachten\/Weihnachtsmarkt-Hannover\">Plus d&rsquo;informations<\/a><\/p>\n\n<h2 class=\"wp-block-heading\"><\/h2>\n\n\n<div class=\"banner-wrapper\">\n  <div class=\"banner-inner \">\n      <div class=\"img-container\">\n      <div class=\"img-wrapper\">\n        <img decoding=\"async\" src=\"https:\/\/9staedte.de\/wp-content\/smush-webp\/2025\/02\/Hannover-Christmas-Market-Old-Town-c-HMTG-Christian-Wyrwa.jpg.webp\" alt=\"De nombreuses personnes visitent le village de No\u00ebl historique \u00e0 Hanovre, pr\u00e8s de la Leine. C\u2019est le soir, les lumi\u00e8res brillent et un grand arbre est illumin\u00e9 en violet.\" \/>\n                  <div class=\"thumbnail-label\">\n            <span>Hannover Christmas Market Old Town medieval village c) HMTG Christian Wyrwa<\/span>\n          <\/div>\n              <\/div>\n    <\/div>\n        <div class=\"text-container\">\n      <div class=\"content\">\n        <h2>9 conseils pour visiter le march\u00e9 de No\u00ebl \u00e0 Hanovre<\/h2>\n<p>Profitez de la p\u00e9riode pr\u00e9c\u00e9dant No\u00ebl dans la ville de No\u00ebl de Hanovre.<\/p>\n<ul>\n<li>March\u00e9 de No\u00ebl sur le Lister Meile<\/li>\n<li>Vari\u00e9t\u00e9 d&rsquo;hiver \u00e0 l&rsquo;Orangerie des jardins de Herrenhausen<\/li>\n<li>Com\u00e9die musicale pour enfants au GOP Variet\u00e9<\/li>\n<li>Visite guid\u00e9e de la ville \u00ab\u00a0Hanovre illumin\u00e9e<\/li>\n<li>Shopping de No\u00ebl dans l&rsquo;une des plus grandes zones pi\u00e9tonnes d&rsquo;Allemagne<\/li>\n<li>Village de No\u00ebl \u00e0 Lindener Berg tous les week-ends de l&rsquo;Avent<\/li>\n<li>Le programme de plus de 50 sc\u00e8nes \u00e0 Hanovre : <a href=\"http:\/\/www.hannover.de\/buehnen\" target=\"_blank\" rel=\"noopener noreferrer\">www.hannover.de\/buehnen<\/a><\/li>\n<li>Le paysage mus\u00e9al de Hanovre<\/li>\n<li>Cirque de No\u00ebl sur la place des Tireurs<\/li>\n<\/ul>\n      <\/div>\n    <\/div>\n    <\/div>\n<\/div>\n\n\n<div class=\"wp-block-columns is-layout-flex wp-container-core-columns-is-layout-9d6595d7 wp-block-columns-is-layout-flex\">\n<div class=\"wp-block-column is-layout-flow wp-block-column-is-layout-flow\" style=\"flex-basis:66.66%\">\n <div class=\"brlbs-cmpnt-container brlbs-cmpnt-content-blocker brlbs-cmpnt-with-individual-styles\" data-borlabs-cookie-content-blocker-id=\"google-maps\" data-borlabs-cookie-content=\"PGlmcmFtZSBzcmM9Imh0dHBzOi8vd3d3Lmdvb2dsZS5jb20vbWFwcy9kL2VtYmVkP21pZD0xVDQtMGI5RHFNcTlDdGE2bC04anVGUm9EZnNMaXRIWSZlaGJjPTJFMzEyRiIgd2lkdGg9IjY0MCIgaGVpZ2h0PSI0ODAiPjwvaWZyYW1lPg==\"><div class=\"brlbs-cmpnt-cb-preset-b brlbs-cmpnt-cb-google-maps\"> <div class=\"brlbs-cmpnt-cb-thumbnail\" style=\"background-image: url('https:\/\/9staedte.de\/wp-content\/uploads\/borlabs-cookie\/1\/brlbs-cb-google-maps-main.png')\"><\/div> <div class=\"brlbs-cmpnt-cb-main\"> <div class=\"brlbs-cmpnt-cb-content\"> <p class=\"brlbs-cmpnt-cb-description\">Vous \u00eates actuellement en train de consulter le contenu d&rsquo;un espace r\u00e9serv\u00e9 de <strong>Google Maps<\/strong>. Pour acc\u00e9der au contenu r\u00e9el, cliquez sur le bouton ci-dessous. Veuillez noter que ce faisant, des donn\u00e9es seront partag\u00e9es avec des providers tiers.<\/p> <a class=\"brlbs-cmpnt-cb-provider-toggle\" href=\"#\" data-borlabs-cookie-show-provider-information role=\"button\">Plus d&rsquo;informations<\/a> <\/div> <div class=\"brlbs-cmpnt-cb-buttons\"> <a class=\"brlbs-cmpnt-cb-btn\" href=\"#\" data-borlabs-cookie-unblock role=\"button\">D\u00e9bloquer le contenu<\/a> <a class=\"brlbs-cmpnt-cb-btn\" href=\"#\" data-borlabs-cookie-accept-service role=\"button\" style=\"display: inherit\">Accepter le service requis et d\u00e9bloquer le contenu<\/a> <\/div> <\/div> <\/div><\/div>\n<\/div>\n\n\n\n<div class=\"wp-block-column is-layout-flow wp-block-column-is-layout-flow\" style=\"flex-basis:33.33%\">\n<h4 class=\"wp-block-heading\"><strong>March\u00e9s de No\u00ebl \u00e0 Hanovre<\/strong><\/h4>\n\n\n\n<ul class=\"wp-block-list map-legend main-legend\">\n<li>March\u00e9 de No\u00ebl devant la gare centrale<\/li>\n\n\n\n<li>Pyramide de No\u00ebl sur le Kr\u00f6pcke<\/li>\n\n\n\n<li>March\u00e9 de No\u00ebl dans la vieille ville<\/li>\n\n\n\n<li>\u00ab\u00a0For\u00eat de la fontaine des souhaits\u00a0\u00bb<\/li>\n\n\n\n<li>Village historique au bord de la Leineu<\/li>\n\n\n\n<li>Village de No\u00ebl finlandais<\/li>\n\n\n\n<li>March\u00e9 de No\u00ebl sur le Lister Meile<\/li>\n\n\n\n<li>Christmas Garden au zoo d&rsquo;Hanovre<\/li>\n\n\n\n<li>Vari\u00e9t\u00e9 d&rsquo;hiver \u00e0 l&rsquo;Orangerie Herrenhausen<\/li>\n<\/ul>\n<\/div>\n<\/div>\n\n<p><\/p>\n","protected":false},"excerpt":{"rendered":"<p>March\u00e9 de No\u00ebl dans la vieille ville Laissez-vous envo\u00fbter par le cadre romantique du march\u00e9 de No\u00ebl de la vieille ville. Surplus de 190 stands, devant des b\u00e2timents historiques magnifiquement illumin\u00e9s, vous trouverez des d\u00e9corations de sapin de No\u00ebl, de l&rsquo;artisanat et des sp\u00e9cialit\u00e9s de No\u00ebl. Dans le village de No\u00ebl historique, des artisans offrent [&hellip;]<\/p>\n","protected":false},"author":1,"featured_media":27236,"parent":18000,"menu_order":0,"comment_status":"closed","ping_status":"closed","template":"pagetemplates\/template-stadtthema.php","meta":{"_acf_changed":false,"footnotes":""},"categories":[],"tags":[],"ncap_cities_tax":[457,527],"class_list":["post-17215","page","type-page","status-publish","has-post-thumbnail","hentry","ncap_cities_tax-hannover-fr","ncap_cities_tax-weihnachtsmarkte-hannover-fr"],"acf":[],"yoast_head":"<!-- This site is optimized with the Yoast SEO plugin v26.8 - https:\/\/yoast.com\/product\/yoast-seo-wordpress\/ -->\n<title>March\u00e9s de No\u00ebl \u00e0 Hanovre - 9 St\u00e4dte in Niedersachsen<\/title>\n<meta name=\"description\" content=\"Trois march\u00e9s de No\u00ebl mettent toute la ville dans l&#039;ambiance des f\u00eates. Le march\u00e9 de No\u00ebl dans la vieille ville historique est riche en traditions.\" \/>\n<meta name=\"robots\" content=\"index, follow, max-snippet:-1, max-image-preview:large, max-video-preview:-1\" \/>\n<link rel=\"canonical\" href=\"https:\/\/9staedte.de\/fr\/hanovre-capitale-de-la-basse-saxe\/marches-de-noel-a-hanovre\/\" \/>\n<meta property=\"og:locale\" content=\"fr_FR\" \/>\n<meta property=\"og:type\" content=\"article\" \/>\n<meta property=\"og:title\" content=\"March\u00e9s de No\u00ebl \u00e0 Hanovre - 9 St\u00e4dte in Niedersachsen\" \/>\n<meta property=\"og:description\" content=\"Trois march\u00e9s de No\u00ebl mettent toute la ville dans l&#039;ambiance des f\u00eates. Le march\u00e9 de No\u00ebl dans la vieille ville historique est riche en traditions.\" \/>\n<meta property=\"og:url\" content=\"https:\/\/9staedte.de\/fr\/hanovre-capitale-de-la-basse-saxe\/marches-de-noel-a-hanovre\/\" \/>\n<meta property=\"og:site_name\" content=\"9 St\u00e4dte in Niedersachsen\" \/>\n<meta property=\"article:modified_time\" content=\"2026-03-23T16:15:15+00:00\" \/>\n<meta property=\"og:image\" content=\"https:\/\/9staedte.de\/wp-content\/uploads\/2025\/10\/Hannover-Roncalli-Christmas-Market-Main-Station-c-HMTG-Christian-Wyrwa-.jpg\" \/>\n\t<meta property=\"og:image:width\" content=\"1020\" \/>\n\t<meta property=\"og:image:height\" content=\"560\" \/>\n\t<meta property=\"og:image:type\" content=\"image\/jpeg\" \/>\n<meta name=\"twitter:card\" content=\"summary_large_image\" \/>\n<meta name=\"twitter:label1\" content=\"Dur\u00e9e de lecture estim\u00e9e\" \/>\n\t<meta name=\"twitter:data1\" content=\"2 minutes\" \/>\n<script type=\"application\/ld+json\" class=\"yoast-schema-graph\">{\"@context\":\"https:\/\/schema.org\",\"@graph\":[{\"@type\":\"WebPage\",\"@id\":\"https:\/\/9staedte.de\/fr\/hanovre-capitale-de-la-basse-saxe\/marches-de-noel-a-hanovre\/\",\"url\":\"https:\/\/9staedte.de\/fr\/hanovre-capitale-de-la-basse-saxe\/marches-de-noel-a-hanovre\/\",\"name\":\"March\u00e9s de No\u00ebl \u00e0 Hanovre - 9 St\u00e4dte in Niedersachsen\",\"isPartOf\":{\"@id\":\"https:\/\/9staedte.de\/fr\/#website\"},\"primaryImageOfPage\":{\"@id\":\"https:\/\/9staedte.de\/fr\/hanovre-capitale-de-la-basse-saxe\/marches-de-noel-a-hanovre\/#primaryimage\"},\"image\":{\"@id\":\"https:\/\/9staedte.de\/fr\/hanovre-capitale-de-la-basse-saxe\/marches-de-noel-a-hanovre\/#primaryimage\"},\"thumbnailUrl\":\"https:\/\/9staedte.de\/wp-content\/uploads\/2025\/10\/Hannover-Roncalli-Christmas-Market-Main-Station-c-HMTG-Christian-Wyrwa-.jpg\",\"datePublished\":\"2023-11-02T08:47:45+00:00\",\"dateModified\":\"2026-03-23T16:15:15+00:00\",\"description\":\"Trois march\u00e9s de No\u00ebl mettent toute la ville dans l'ambiance des f\u00eates. Le march\u00e9 de No\u00ebl dans la vieille ville historique est riche en traditions.\",\"breadcrumb\":{\"@id\":\"https:\/\/9staedte.de\/fr\/hanovre-capitale-de-la-basse-saxe\/marches-de-noel-a-hanovre\/#breadcrumb\"},\"inLanguage\":\"fr-FR\",\"potentialAction\":[{\"@type\":\"ReadAction\",\"target\":[\"https:\/\/9staedte.de\/fr\/hanovre-capitale-de-la-basse-saxe\/marches-de-noel-a-hanovre\/\"]}]},{\"@type\":\"ImageObject\",\"inLanguage\":\"fr-FR\",\"@id\":\"https:\/\/9staedte.de\/fr\/hanovre-capitale-de-la-basse-saxe\/marches-de-noel-a-hanovre\/#primaryimage\",\"url\":\"https:\/\/9staedte.de\/wp-content\/uploads\/2025\/10\/Hannover-Roncalli-Christmas-Market-Main-Station-c-HMTG-Christian-Wyrwa-.jpg\",\"contentUrl\":\"https:\/\/9staedte.de\/wp-content\/uploads\/2025\/10\/Hannover-Roncalli-Christmas-Market-Main-Station-c-HMTG-Christian-Wyrwa-.jpg\",\"width\":1020,\"height\":560,\"caption\":\"Hannover Roncalli Weihnachtsdorf vor dem Hauptbahnhof c) HMTG Christian Wyrwa\"},{\"@type\":\"BreadcrumbList\",\"@id\":\"https:\/\/9staedte.de\/fr\/hanovre-capitale-de-la-basse-saxe\/marches-de-noel-a-hanovre\/#breadcrumb\",\"itemListElement\":[{\"@type\":\"ListItem\",\"position\":1,\"name\":\"Startseite\",\"item\":\"https:\/\/9staedte.de\/fr\/\"},{\"@type\":\"ListItem\",\"position\":2,\"name\":\"Hanovre &#8211; capitale de la Basse-Saxe\",\"item\":\"https:\/\/9staedte.de\/fr\/hanovre-capitale-de-la-basse-saxe\/\"},{\"@type\":\"ListItem\",\"position\":3,\"name\":\"March\u00e9s de No\u00ebl \u00e0 Hanovre\"}]},{\"@type\":\"WebSite\",\"@id\":\"https:\/\/9staedte.de\/fr\/#website\",\"url\":\"https:\/\/9staedte.de\/fr\/\",\"name\":\"9 St\u00e4dte in Niedersachsen\",\"description\":\"\",\"publisher\":{\"@id\":\"https:\/\/9staedte.de\/fr\/#organization\"},\"potentialAction\":[{\"@type\":\"SearchAction\",\"target\":{\"@type\":\"EntryPoint\",\"urlTemplate\":\"https:\/\/9staedte.de\/fr\/?s={search_term_string}\"},\"query-input\":{\"@type\":\"PropertyValueSpecification\",\"valueRequired\":true,\"valueName\":\"search_term_string\"}}],\"inLanguage\":\"fr-FR\"},{\"@type\":\"Organization\",\"@id\":\"https:\/\/9staedte.de\/fr\/#organization\",\"name\":\"9 St\u00e4dte in Niedersachsen\",\"url\":\"https:\/\/9staedte.de\/fr\/\",\"logo\":{\"@type\":\"ImageObject\",\"inLanguage\":\"fr-FR\",\"@id\":\"https:\/\/9staedte.de\/fr\/#\/schema\/logo\/image\/\",\"url\":\"https:\/\/9staedte.de\/wp-content\/uploads\/2025\/01\/9-neg-deutsch-2-1.png\",\"contentUrl\":\"https:\/\/9staedte.de\/wp-content\/uploads\/2025\/01\/9-neg-deutsch-2-1.png\",\"width\":190,\"height\":114,\"caption\":\"9 St\u00e4dte in Niedersachsen\"},\"image\":{\"@id\":\"https:\/\/9staedte.de\/fr\/#\/schema\/logo\/image\/\"}}]}<\/script>\n<!-- \/ Yoast SEO plugin. -->","yoast_head_json":{"title":"March\u00e9s de No\u00ebl \u00e0 Hanovre - 9 St\u00e4dte in Niedersachsen","description":"Trois march\u00e9s de No\u00ebl mettent toute la ville dans l'ambiance des f\u00eates. Le march\u00e9 de No\u00ebl dans la vieille ville historique est riche en traditions.","robots":{"index":"index","follow":"follow","max-snippet":"max-snippet:-1","max-image-preview":"max-image-preview:large","max-video-preview":"max-video-preview:-1"},"canonical":"https:\/\/9staedte.de\/fr\/hanovre-capitale-de-la-basse-saxe\/marches-de-noel-a-hanovre\/","og_locale":"fr_FR","og_type":"article","og_title":"March\u00e9s de No\u00ebl \u00e0 Hanovre - 9 St\u00e4dte in Niedersachsen","og_description":"Trois march\u00e9s de No\u00ebl mettent toute la ville dans l'ambiance des f\u00eates. Le march\u00e9 de No\u00ebl dans la vieille ville historique est riche en traditions.","og_url":"https:\/\/9staedte.de\/fr\/hanovre-capitale-de-la-basse-saxe\/marches-de-noel-a-hanovre\/","og_site_name":"9 St\u00e4dte in Niedersachsen","article_modified_time":"2026-03-23T16:15:15+00:00","og_image":[{"width":1020,"height":560,"url":"https:\/\/9staedte.de\/wp-content\/uploads\/2025\/10\/Hannover-Roncalli-Christmas-Market-Main-Station-c-HMTG-Christian-Wyrwa-.jpg","type":"image\/jpeg"}],"twitter_card":"summary_large_image","twitter_misc":{"Dur\u00e9e de lecture estim\u00e9e":"2 minutes"},"schema":{"@context":"https:\/\/schema.org","@graph":[{"@type":"WebPage","@id":"https:\/\/9staedte.de\/fr\/hanovre-capitale-de-la-basse-saxe\/marches-de-noel-a-hanovre\/","url":"https:\/\/9staedte.de\/fr\/hanovre-capitale-de-la-basse-saxe\/marches-de-noel-a-hanovre\/","name":"March\u00e9s de No\u00ebl \u00e0 Hanovre - 9 St\u00e4dte in Niedersachsen","isPartOf":{"@id":"https:\/\/9staedte.de\/fr\/#website"},"primaryImageOfPage":{"@id":"https:\/\/9staedte.de\/fr\/hanovre-capitale-de-la-basse-saxe\/marches-de-noel-a-hanovre\/#primaryimage"},"image":{"@id":"https:\/\/9staedte.de\/fr\/hanovre-capitale-de-la-basse-saxe\/marches-de-noel-a-hanovre\/#primaryimage"},"thumbnailUrl":"https:\/\/9staedte.de\/wp-content\/uploads\/2025\/10\/Hannover-Roncalli-Christmas-Market-Main-Station-c-HMTG-Christian-Wyrwa-.jpg","datePublished":"2023-11-02T08:47:45+00:00","dateModified":"2026-03-23T16:15:15+00:00","description":"Trois march\u00e9s de No\u00ebl mettent toute la ville dans l'ambiance des f\u00eates. Le march\u00e9 de No\u00ebl dans la vieille ville historique est riche en traditions.","breadcrumb":{"@id":"https:\/\/9staedte.de\/fr\/hanovre-capitale-de-la-basse-saxe\/marches-de-noel-a-hanovre\/#breadcrumb"},"inLanguage":"fr-FR","potentialAction":[{"@type":"ReadAction","target":["https:\/\/9staedte.de\/fr\/hanovre-capitale-de-la-basse-saxe\/marches-de-noel-a-hanovre\/"]}]},{"@type":"ImageObject","inLanguage":"fr-FR","@id":"https:\/\/9staedte.de\/fr\/hanovre-capitale-de-la-basse-saxe\/marches-de-noel-a-hanovre\/#primaryimage","url":"https:\/\/9staedte.de\/wp-content\/uploads\/2025\/10\/Hannover-Roncalli-Christmas-Market-Main-Station-c-HMTG-Christian-Wyrwa-.jpg","contentUrl":"https:\/\/9staedte.de\/wp-content\/uploads\/2025\/10\/Hannover-Roncalli-Christmas-Market-Main-Station-c-HMTG-Christian-Wyrwa-.jpg","width":1020,"height":560,"caption":"Hannover Roncalli Weihnachtsdorf vor dem Hauptbahnhof c) HMTG Christian Wyrwa"},{"@type":"BreadcrumbList","@id":"https:\/\/9staedte.de\/fr\/hanovre-capitale-de-la-basse-saxe\/marches-de-noel-a-hanovre\/#breadcrumb","itemListElement":[{"@type":"ListItem","position":1,"name":"Startseite","item":"https:\/\/9staedte.de\/fr\/"},{"@type":"ListItem","position":2,"name":"Hanovre &#8211; capitale de la Basse-Saxe","item":"https:\/\/9staedte.de\/fr\/hanovre-capitale-de-la-basse-saxe\/"},{"@type":"ListItem","position":3,"name":"March\u00e9s de No\u00ebl \u00e0 Hanovre"}]},{"@type":"WebSite","@id":"https:\/\/9staedte.de\/fr\/#website","url":"https:\/\/9staedte.de\/fr\/","name":"9 St\u00e4dte in Niedersachsen","description":"","publisher":{"@id":"https:\/\/9staedte.de\/fr\/#organization"},"potentialAction":[{"@type":"SearchAction","target":{"@type":"EntryPoint","urlTemplate":"https:\/\/9staedte.de\/fr\/?s={search_term_string}"},"query-input":{"@type":"PropertyValueSpecification","valueRequired":true,"valueName":"search_term_string"}}],"inLanguage":"fr-FR"},{"@type":"Organization","@id":"https:\/\/9staedte.de\/fr\/#organization","name":"9 St\u00e4dte in Niedersachsen","url":"https:\/\/9staedte.de\/fr\/","logo":{"@type":"ImageObject","inLanguage":"fr-FR","@id":"https:\/\/9staedte.de\/fr\/#\/schema\/logo\/image\/","url":"https:\/\/9staedte.de\/wp-content\/uploads\/2025\/01\/9-neg-deutsch-2-1.png","contentUrl":"https:\/\/9staedte.de\/wp-content\/uploads\/2025\/01\/9-neg-deutsch-2-1.png","width":190,"height":114,"caption":"9 St\u00e4dte in Niedersachsen"},"image":{"@id":"https:\/\/9staedte.de\/fr\/#\/schema\/logo\/image\/"}}]}},"_links":{"self":[{"href":"https:\/\/9staedte.de\/fr\/wp-json\/wp\/v2\/pages\/17215","targetHints":{"allow":["GET"]}}],"collection":[{"href":"https:\/\/9staedte.de\/fr\/wp-json\/wp\/v2\/pages"}],"about":[{"href":"https:\/\/9staedte.de\/fr\/wp-json\/wp\/v2\/types\/page"}],"author":[{"embeddable":true,"href":"https:\/\/9staedte.de\/fr\/wp-json\/wp\/v2\/users\/1"}],"replies":[{"embeddable":true,"href":"https:\/\/9staedte.de\/fr\/wp-json\/wp\/v2\/comments?post=17215"}],"version-history":[{"count":20,"href":"https:\/\/9staedte.de\/fr\/wp-json\/wp\/v2\/pages\/17215\/revisions"}],"predecessor-version":[{"id":27940,"href":"https:\/\/9staedte.de\/fr\/wp-json\/wp\/v2\/pages\/17215\/revisions\/27940"}],"up":[{"embeddable":true,"href":"https:\/\/9staedte.de\/fr\/wp-json\/wp\/v2\/pages\/18000"}],"wp:featuredmedia":[{"embeddable":true,"href":"https:\/\/9staedte.de\/fr\/wp-json\/wp\/v2\/media\/27236"}],"wp:attachment":[{"href":"https:\/\/9staedte.de\/fr\/wp-json\/wp\/v2\/media?parent=17215"}],"wp:term":[{"taxonomy":"category","embeddable":true,"href":"https:\/\/9staedte.de\/fr\/wp-json\/wp\/v2\/categories?post=17215"},{"taxonomy":"post_tag","embeddable":true,"href":"https:\/\/9staedte.de\/fr\/wp-json\/wp\/v2\/tags?post=17215"},{"taxonomy":"ncap_cities_tax","embeddable":true,"href":"https:\/\/9staedte.de\/fr\/wp-json\/wp\/v2\/ncap_cities_tax?post=17215"}],"curies":[{"name":"wp","href":"https:\/\/api.w.org\/{rel}","templated":true}]}}