{"id":17212,"date":"2023-11-02T09:47:45","date_gmt":"2023-11-02T08:47:45","guid":{"rendered":"https:\/\/9staedte.de\/programmes-dune-journee-a-hanovre\/"},"modified":"2023-11-02T18:09:32","modified_gmt":"2023-11-02T17:09:32","slug":"programmes-dune-journee-a-hanovre","status":"publish","type":"page","link":"https:\/\/9staedte.de\/fr\/hanovre-capitale-de-la-basse-saxe\/programmes-dune-journee-a-hanovre\/","title":{"rendered":"Programmes d&rsquo;une journ\u00e9e \u00e0 Hanovre"},"content":{"rendered":"\r\n\r\n    <div class=\"filter-posts\">\r\n            <div  id=\"filterContent\">\r\n                                                        \n<div class=\"contentKachel filtr-item\" data-category=\"hannover-fr\">\n    <a href=\"https:\/\/9staedte.de\/fr\/le-monde-baroque-des-chateaux-et-des-jardins-herrenhausen-en-toute-gourmandise\/\">\n        <div class=\"contentKachel-inner\">\n                            <div class=\"contentKachel-thumbnail\">\n                    <img loading=\"lazy\" decoding=\"async\" width=\"300\" height=\"165\" src=\"https:\/\/9staedte.de\/wp-content\/smush-webp\/2022\/07\/Hannover-HerrenhaeuserGaerten-c-HMTG-LarsGerhardts-300x165.jpg.webp\" class=\"objectfitcover withfilters wp-post-image\" alt=\"L\u2019image montre le Grand Jardin \u00e0 Hanovre. Une fontaine est au premier plan. L\u2019eau jaillit vers le haut. Un chemin m\u00e8ne au palais Herrenhausen. Des parterres de fleurs sont \u00e0 gauche et \u00e0 droite. Des statues blanches bordent les chemins. Des palmiers sont devant le palais. Le ciel est bleu et le soleil brille. L\u2019ambiance est calme et \u00e9l\u00e9gante.\" srcset=\"https:\/\/9staedte.de\/wp-content\/smush-webp\/2022\/07\/Hannover-HerrenhaeuserGaerten-c-HMTG-LarsGerhardts-300x165.jpg.webp 300w, https:\/\/9staedte.de\/wp-content\/smush-webp\/2022\/07\/Hannover-HerrenhaeuserGaerten-c-HMTG-LarsGerhardts-768x422.jpg.webp 768w, https:\/\/9staedte.de\/wp-content\/smush-webp\/2022\/07\/Hannover-HerrenhaeuserGaerten-c-HMTG-LarsGerhardts.jpg.webp 1020w\" sizes=\"auto, (max-width: 300px) 100vw, 300px\" \/>                    <img loading=\"lazy\" decoding=\"async\" width=\"300\" height=\"165\" src=\"https:\/\/9staedte.de\/wp-content\/smush-webp\/2022\/07\/Hannover-HerrenhaeuserGaerten-c-HMTG-LarsGerhardts-300x165.jpg.webp\" class=\"objectfitcontain wp-post-image\" alt=\"L\u2019image montre le Grand Jardin \u00e0 Hanovre. Une fontaine est au premier plan. L\u2019eau jaillit vers le haut. Un chemin m\u00e8ne au palais Herrenhausen. Des parterres de fleurs sont \u00e0 gauche et \u00e0 droite. Des statues blanches bordent les chemins. Des palmiers sont devant le palais. Le ciel est bleu et le soleil brille. L\u2019ambiance est calme et \u00e9l\u00e9gante.\" srcset=\"https:\/\/9staedte.de\/wp-content\/smush-webp\/2022\/07\/Hannover-HerrenhaeuserGaerten-c-HMTG-LarsGerhardts-300x165.jpg.webp 300w, https:\/\/9staedte.de\/wp-content\/smush-webp\/2022\/07\/Hannover-HerrenhaeuserGaerten-c-HMTG-LarsGerhardts-768x422.jpg.webp 768w, https:\/\/9staedte.de\/wp-content\/smush-webp\/2022\/07\/Hannover-HerrenhaeuserGaerten-c-HMTG-LarsGerhardts.jpg.webp 1020w\" sizes=\"auto, (max-width: 300px) 100vw, 300px\" \/>                        <div class=\"thumbnail-label\">\n    <span>Hannover Herrenh\u00e4user G\u00e4rten c) HMTG Lars Gerhardts<\/span>\n    <\/div>\n                <\/div>\n                        <div class=\"contentKachel-content\">\n                                    <div class=\"city-tag bg-hannover\">\n                        Hannover                    <\/div>\n                \n                <div class=\"title\">\n\n                    Le monde baroque des ch\u00e2teaux et des jardins &#8211; Herrenhausen en toute gourmandise                    \n                <\/div>\n\n                            <\/div>\n\n        <\/div>\n    <\/a>\n<\/div>                                                        \n<div class=\"contentKachel filtr-item\" data-category=\"hannover-fr\">\n    <a href=\"https:\/\/9staedte.de\/fr\/programme-dune-journee-visite-du-zoo-daventure-de-hanovre\/\">\n        <div class=\"contentKachel-inner\">\n                            <div class=\"contentKachel-thumbnail\">\n                    <img loading=\"lazy\" decoding=\"async\" width=\"300\" height=\"165\" src=\"https:\/\/9staedte.de\/wp-content\/smush-webp\/2022\/07\/Erlebnis-Zoo-Hannover-Flamingos_Bootsfahrt-c-Martin-Bargiel-300x165.jpg.webp\" class=\"objectfitcover withfilters wp-post-image\" alt=\"Sur l\u2019image, il y a un bateau. Des personnes sont dans le bateau. Le bateau est sur une petite rivi\u00e8re. Devant le bateau, il y a beaucoup de flamants roses. Les flamants roses sont de couleur rose. Il y a beaucoup de plantes et d\u2019arbres. L\u2019image montre le zoo de Hanovre.\" srcset=\"https:\/\/9staedte.de\/wp-content\/smush-webp\/2022\/07\/Erlebnis-Zoo-Hannover-Flamingos_Bootsfahrt-c-Martin-Bargiel-300x165.jpg.webp 300w, https:\/\/9staedte.de\/wp-content\/smush-webp\/2022\/07\/Erlebnis-Zoo-Hannover-Flamingos_Bootsfahrt-c-Martin-Bargiel-768x422.jpg.webp 768w, https:\/\/9staedte.de\/wp-content\/smush-webp\/2022\/07\/Erlebnis-Zoo-Hannover-Flamingos_Bootsfahrt-c-Martin-Bargiel.jpg.webp 1019w\" sizes=\"auto, (max-width: 300px) 100vw, 300px\" \/>                    <img loading=\"lazy\" decoding=\"async\" width=\"300\" height=\"165\" src=\"https:\/\/9staedte.de\/wp-content\/smush-webp\/2022\/07\/Erlebnis-Zoo-Hannover-Flamingos_Bootsfahrt-c-Martin-Bargiel-300x165.jpg.webp\" class=\"objectfitcontain wp-post-image\" alt=\"Sur l\u2019image, il y a un bateau. Des personnes sont dans le bateau. Le bateau est sur une petite rivi\u00e8re. Devant le bateau, il y a beaucoup de flamants roses. Les flamants roses sont de couleur rose. Il y a beaucoup de plantes et d\u2019arbres. L\u2019image montre le zoo de Hanovre.\" srcset=\"https:\/\/9staedte.de\/wp-content\/smush-webp\/2022\/07\/Erlebnis-Zoo-Hannover-Flamingos_Bootsfahrt-c-Martin-Bargiel-300x165.jpg.webp 300w, https:\/\/9staedte.de\/wp-content\/smush-webp\/2022\/07\/Erlebnis-Zoo-Hannover-Flamingos_Bootsfahrt-c-Martin-Bargiel-768x422.jpg.webp 768w, https:\/\/9staedte.de\/wp-content\/smush-webp\/2022\/07\/Erlebnis-Zoo-Hannover-Flamingos_Bootsfahrt-c-Martin-Bargiel.jpg.webp 1019w\" sizes=\"auto, (max-width: 300px) 100vw, 300px\" \/>                        <div class=\"thumbnail-label\">\n    <span>Flamingos vor Bootsfahrt, Familie im Boot, Martin Bargiel, 2022<\/span>\n    <\/div>\n                <\/div>\n                        <div class=\"contentKachel-content\">\n                                    <div class=\"city-tag bg-hannover\">\n                        Hannover                    <\/div>\n                \n                <div class=\"title\">\n\n                    Programme d&rsquo;une journ\u00e9e : Visite du zoo d&rsquo;aventure de Hanovre                    \n                <\/div>\n\n                            <\/div>\n\n        <\/div>\n    <\/a>\n<\/div>                                                        \n<div class=\"contentKachel filtr-item\" data-category=\"hannover-fr\">\n    <a href=\"https:\/\/9staedte.de\/fr\/programme-du-jour-lambiance-de-noel-a-hanovre\/\">\n        <div class=\"contentKachel-inner\">\n                            <div class=\"contentKachel-thumbnail\">\n                    <img loading=\"lazy\" decoding=\"async\" width=\"300\" height=\"165\" src=\"https:\/\/9staedte.de\/wp-content\/smush-webp\/2022\/07\/Hannover-Historic-Christams-village-c-Hannover-Marketing-und-Tourismus-GmbH-Lars-Gerhardts-300x165.jpg.webp\" class=\"objectfitcover withfilters wp-post-image\" alt=\"Sur l\u2019image, il y a beaucoup de gens. Ils sont dehors, dans la ville. Il fait nuit, mais il y a des lumi\u00e8res partout. On voit de petits stands avec des lumi\u00e8res. Les gens mangent et boivent. En arri\u00e8re-plan, il y a une vieille tour ronde. L\u2019image montre le village de No\u00ebl historique \u00e0 Hanovre.\" srcset=\"https:\/\/9staedte.de\/wp-content\/smush-webp\/2022\/07\/Hannover-Historic-Christams-village-c-Hannover-Marketing-und-Tourismus-GmbH-Lars-Gerhardts-300x165.jpg.webp 300w, https:\/\/9staedte.de\/wp-content\/smush-webp\/2022\/07\/Hannover-Historic-Christams-village-c-Hannover-Marketing-und-Tourismus-GmbH-Lars-Gerhardts-768x422.jpg.webp 768w, https:\/\/9staedte.de\/wp-content\/smush-webp\/2022\/07\/Hannover-Historic-Christams-village-c-Hannover-Marketing-und-Tourismus-GmbH-Lars-Gerhardts.jpg.webp 1019w\" sizes=\"auto, (max-width: 300px) 100vw, 300px\" \/>                    <img loading=\"lazy\" decoding=\"async\" width=\"300\" height=\"165\" src=\"https:\/\/9staedte.de\/wp-content\/smush-webp\/2022\/07\/Hannover-Historic-Christams-village-c-Hannover-Marketing-und-Tourismus-GmbH-Lars-Gerhardts-300x165.jpg.webp\" class=\"objectfitcontain wp-post-image\" alt=\"Sur l\u2019image, il y a beaucoup de gens. Ils sont dehors, dans la ville. Il fait nuit, mais il y a des lumi\u00e8res partout. On voit de petits stands avec des lumi\u00e8res. Les gens mangent et boivent. En arri\u00e8re-plan, il y a une vieille tour ronde. L\u2019image montre le village de No\u00ebl historique \u00e0 Hanovre.\" srcset=\"https:\/\/9staedte.de\/wp-content\/smush-webp\/2022\/07\/Hannover-Historic-Christams-village-c-Hannover-Marketing-und-Tourismus-GmbH-Lars-Gerhardts-300x165.jpg.webp 300w, https:\/\/9staedte.de\/wp-content\/smush-webp\/2022\/07\/Hannover-Historic-Christams-village-c-Hannover-Marketing-und-Tourismus-GmbH-Lars-Gerhardts-768x422.jpg.webp 768w, https:\/\/9staedte.de\/wp-content\/smush-webp\/2022\/07\/Hannover-Historic-Christams-village-c-Hannover-Marketing-und-Tourismus-GmbH-Lars-Gerhardts.jpg.webp 1019w\" sizes=\"auto, (max-width: 300px) 100vw, 300px\" \/>                        <div class=\"thumbnail-label\">\n    <span>Hannover Historic Christams village c) Hannover Marketing und Tourismus GmbH Lars Gerhardts<\/span>\n    <\/div>\n                <\/div>\n                        <div class=\"contentKachel-content\">\n                                    <div class=\"city-tag bg-hannover\">\n                        Hannover                    <\/div>\n                \n                <div class=\"title\">\n\n                    Programme du jour : L&rsquo;ambiance de No\u00ebl \u00e0 Hanovre                    \n                <\/div>\n\n                            <\/div>\n\n        <\/div>\n    <\/a>\n<\/div>                                            <\/div>\r\n    <\/div>\r\n","protected":false},"excerpt":{"rendered":"","protected":false},"author":1,"featured_media":17226,"parent":18000,"menu_order":0,"comment_status":"closed","ping_status":"closed","template":"pagetemplates\/template-stadtthema.php","meta":{"_acf_changed":false,"footnotes":""},"categories":[],"tags":[],"ncap_cities_tax":[457,1032],"class_list":["post-17212","page","type-page","status-publish","has-post-thumbnail","hentry","ncap_cities_tax-hannover-fr","ncap_cities_tax-tagesprogramme-hannover-fr"],"acf":[],"yoast_head":"<!-- This site is optimized with the Yoast SEO plugin v26.8 - https:\/\/yoast.com\/product\/yoast-seo-wordpress\/ -->\n<title>Programmes d&#039;une journ\u00e9e \u00e0 Hanovre - 9 St\u00e4dte in Niedersachsen<\/title>\n<meta name=\"robots\" content=\"index, follow, max-snippet:-1, max-image-preview:large, max-video-preview:-1\" \/>\n<link rel=\"canonical\" href=\"https:\/\/9staedte.de\/fr\/hanovre-capitale-de-la-basse-saxe\/programmes-dune-journee-a-hanovre\/\" \/>\n<meta property=\"og:locale\" content=\"fr_FR\" \/>\n<meta property=\"og:type\" content=\"article\" \/>\n<meta property=\"og:title\" content=\"Programmes d&#039;une journ\u00e9e \u00e0 Hanovre - 9 St\u00e4dte in Niedersachsen\" \/>\n<meta property=\"og:url\" content=\"https:\/\/9staedte.de\/fr\/hanovre-capitale-de-la-basse-saxe\/programmes-dune-journee-a-hanovre\/\" \/>\n<meta property=\"og:site_name\" content=\"9 St\u00e4dte in Niedersachsen\" \/>\n<meta property=\"article:modified_time\" content=\"2023-11-02T17:09:32+00:00\" \/>\n<meta property=\"og:image\" content=\"https:\/\/9staedte.de\/wp-content\/uploads\/2023\/06\/Neues-Rathaus-Luftbild-c-HMTG-Lars-Gerhardts.jpg\" \/>\n\t<meta property=\"og:image:width\" content=\"1020\" \/>\n\t<meta property=\"og:image:height\" content=\"560\" \/>\n\t<meta property=\"og:image:type\" content=\"image\/jpeg\" \/>\n<meta name=\"twitter:card\" content=\"summary_large_image\" \/>\n<script type=\"application\/ld+json\" class=\"yoast-schema-graph\">{\"@context\":\"https:\/\/schema.org\",\"@graph\":[{\"@type\":\"WebPage\",\"@id\":\"https:\/\/9staedte.de\/fr\/hanovre-capitale-de-la-basse-saxe\/programmes-dune-journee-a-hanovre\/\",\"url\":\"https:\/\/9staedte.de\/fr\/hanovre-capitale-de-la-basse-saxe\/programmes-dune-journee-a-hanovre\/\",\"name\":\"Programmes d'une journ\u00e9e \u00e0 Hanovre - 9 St\u00e4dte in Niedersachsen\",\"isPartOf\":{\"@id\":\"https:\/\/9staedte.de\/fr\/#website\"},\"primaryImageOfPage\":{\"@id\":\"https:\/\/9staedte.de\/fr\/hanovre-capitale-de-la-basse-saxe\/programmes-dune-journee-a-hanovre\/#primaryimage\"},\"image\":{\"@id\":\"https:\/\/9staedte.de\/fr\/hanovre-capitale-de-la-basse-saxe\/programmes-dune-journee-a-hanovre\/#primaryimage\"},\"thumbnailUrl\":\"https:\/\/9staedte.de\/wp-content\/uploads\/2023\/06\/Neues-Rathaus-Luftbild-c-HMTG-Lars-Gerhardts.jpg\",\"datePublished\":\"2023-11-02T08:47:45+00:00\",\"dateModified\":\"2023-11-02T17:09:32+00:00\",\"breadcrumb\":{\"@id\":\"https:\/\/9staedte.de\/fr\/hanovre-capitale-de-la-basse-saxe\/programmes-dune-journee-a-hanovre\/#breadcrumb\"},\"inLanguage\":\"fr-FR\",\"potentialAction\":[{\"@type\":\"ReadAction\",\"target\":[\"https:\/\/9staedte.de\/fr\/hanovre-capitale-de-la-basse-saxe\/programmes-dune-journee-a-hanovre\/\"]}]},{\"@type\":\"ImageObject\",\"inLanguage\":\"fr-FR\",\"@id\":\"https:\/\/9staedte.de\/fr\/hanovre-capitale-de-la-basse-saxe\/programmes-dune-journee-a-hanovre\/#primaryimage\",\"url\":\"https:\/\/9staedte.de\/wp-content\/uploads\/2023\/06\/Neues-Rathaus-Luftbild-c-HMTG-Lars-Gerhardts.jpg\",\"contentUrl\":\"https:\/\/9staedte.de\/wp-content\/uploads\/2023\/06\/Neues-Rathaus-Luftbild-c-HMTG-Lars-Gerhardts.jpg\",\"width\":1020,\"height\":560,\"caption\":\"Neues Rathaus Luftbild - c) HMTG Lars Gerhardts\"},{\"@type\":\"BreadcrumbList\",\"@id\":\"https:\/\/9staedte.de\/fr\/hanovre-capitale-de-la-basse-saxe\/programmes-dune-journee-a-hanovre\/#breadcrumb\",\"itemListElement\":[{\"@type\":\"ListItem\",\"position\":1,\"name\":\"Startseite\",\"item\":\"https:\/\/9staedte.de\/fr\/\"},{\"@type\":\"ListItem\",\"position\":2,\"name\":\"Hanovre &#8211; capitale de la Basse-Saxe\",\"item\":\"https:\/\/9staedte.de\/fr\/hanovre-capitale-de-la-basse-saxe\/\"},{\"@type\":\"ListItem\",\"position\":3,\"name\":\"Programmes d&#8217;une journ\u00e9e \u00e0 Hanovre\"}]},{\"@type\":\"WebSite\",\"@id\":\"https:\/\/9staedte.de\/fr\/#website\",\"url\":\"https:\/\/9staedte.de\/fr\/\",\"name\":\"9 St\u00e4dte in Niedersachsen\",\"description\":\"\",\"publisher\":{\"@id\":\"https:\/\/9staedte.de\/fr\/#organization\"},\"potentialAction\":[{\"@type\":\"SearchAction\",\"target\":{\"@type\":\"EntryPoint\",\"urlTemplate\":\"https:\/\/9staedte.de\/fr\/?s={search_term_string}\"},\"query-input\":{\"@type\":\"PropertyValueSpecification\",\"valueRequired\":true,\"valueName\":\"search_term_string\"}}],\"inLanguage\":\"fr-FR\"},{\"@type\":\"Organization\",\"@id\":\"https:\/\/9staedte.de\/fr\/#organization\",\"name\":\"9 St\u00e4dte in Niedersachsen\",\"url\":\"https:\/\/9staedte.de\/fr\/\",\"logo\":{\"@type\":\"ImageObject\",\"inLanguage\":\"fr-FR\",\"@id\":\"https:\/\/9staedte.de\/fr\/#\/schema\/logo\/image\/\",\"url\":\"https:\/\/9staedte.de\/wp-content\/uploads\/2025\/01\/9-neg-deutsch-2-1.png\",\"contentUrl\":\"https:\/\/9staedte.de\/wp-content\/uploads\/2025\/01\/9-neg-deutsch-2-1.png\",\"width\":190,\"height\":114,\"caption\":\"9 St\u00e4dte in Niedersachsen\"},\"image\":{\"@id\":\"https:\/\/9staedte.de\/fr\/#\/schema\/logo\/image\/\"}}]}<\/script>\n<!-- \/ Yoast SEO plugin. -->","yoast_head_json":{"title":"Programmes d'une journ\u00e9e \u00e0 Hanovre - 9 St\u00e4dte in Niedersachsen","robots":{"index":"index","follow":"follow","max-snippet":"max-snippet:-1","max-image-preview":"max-image-preview:large","max-video-preview":"max-video-preview:-1"},"canonical":"https:\/\/9staedte.de\/fr\/hanovre-capitale-de-la-basse-saxe\/programmes-dune-journee-a-hanovre\/","og_locale":"fr_FR","og_type":"article","og_title":"Programmes d'une journ\u00e9e \u00e0 Hanovre - 9 St\u00e4dte in Niedersachsen","og_url":"https:\/\/9staedte.de\/fr\/hanovre-capitale-de-la-basse-saxe\/programmes-dune-journee-a-hanovre\/","og_site_name":"9 St\u00e4dte in Niedersachsen","article_modified_time":"2023-11-02T17:09:32+00:00","og_image":[{"width":1020,"height":560,"url":"https:\/\/9staedte.de\/wp-content\/uploads\/2023\/06\/Neues-Rathaus-Luftbild-c-HMTG-Lars-Gerhardts.jpg","type":"image\/jpeg"}],"twitter_card":"summary_large_image","schema":{"@context":"https:\/\/schema.org","@graph":[{"@type":"WebPage","@id":"https:\/\/9staedte.de\/fr\/hanovre-capitale-de-la-basse-saxe\/programmes-dune-journee-a-hanovre\/","url":"https:\/\/9staedte.de\/fr\/hanovre-capitale-de-la-basse-saxe\/programmes-dune-journee-a-hanovre\/","name":"Programmes d'une journ\u00e9e \u00e0 Hanovre - 9 St\u00e4dte in Niedersachsen","isPartOf":{"@id":"https:\/\/9staedte.de\/fr\/#website"},"primaryImageOfPage":{"@id":"https:\/\/9staedte.de\/fr\/hanovre-capitale-de-la-basse-saxe\/programmes-dune-journee-a-hanovre\/#primaryimage"},"image":{"@id":"https:\/\/9staedte.de\/fr\/hanovre-capitale-de-la-basse-saxe\/programmes-dune-journee-a-hanovre\/#primaryimage"},"thumbnailUrl":"https:\/\/9staedte.de\/wp-content\/uploads\/2023\/06\/Neues-Rathaus-Luftbild-c-HMTG-Lars-Gerhardts.jpg","datePublished":"2023-11-02T08:47:45+00:00","dateModified":"2023-11-02T17:09:32+00:00","breadcrumb":{"@id":"https:\/\/9staedte.de\/fr\/hanovre-capitale-de-la-basse-saxe\/programmes-dune-journee-a-hanovre\/#breadcrumb"},"inLanguage":"fr-FR","potentialAction":[{"@type":"ReadAction","target":["https:\/\/9staedte.de\/fr\/hanovre-capitale-de-la-basse-saxe\/programmes-dune-journee-a-hanovre\/"]}]},{"@type":"ImageObject","inLanguage":"fr-FR","@id":"https:\/\/9staedte.de\/fr\/hanovre-capitale-de-la-basse-saxe\/programmes-dune-journee-a-hanovre\/#primaryimage","url":"https:\/\/9staedte.de\/wp-content\/uploads\/2023\/06\/Neues-Rathaus-Luftbild-c-HMTG-Lars-Gerhardts.jpg","contentUrl":"https:\/\/9staedte.de\/wp-content\/uploads\/2023\/06\/Neues-Rathaus-Luftbild-c-HMTG-Lars-Gerhardts.jpg","width":1020,"height":560,"caption":"Neues Rathaus Luftbild - c) HMTG Lars Gerhardts"},{"@type":"BreadcrumbList","@id":"https:\/\/9staedte.de\/fr\/hanovre-capitale-de-la-basse-saxe\/programmes-dune-journee-a-hanovre\/#breadcrumb","itemListElement":[{"@type":"ListItem","position":1,"name":"Startseite","item":"https:\/\/9staedte.de\/fr\/"},{"@type":"ListItem","position":2,"name":"Hanovre &#8211; capitale de la Basse-Saxe","item":"https:\/\/9staedte.de\/fr\/hanovre-capitale-de-la-basse-saxe\/"},{"@type":"ListItem","position":3,"name":"Programmes d&#8217;une journ\u00e9e \u00e0 Hanovre"}]},{"@type":"WebSite","@id":"https:\/\/9staedte.de\/fr\/#website","url":"https:\/\/9staedte.de\/fr\/","name":"9 St\u00e4dte in Niedersachsen","description":"","publisher":{"@id":"https:\/\/9staedte.de\/fr\/#organization"},"potentialAction":[{"@type":"SearchAction","target":{"@type":"EntryPoint","urlTemplate":"https:\/\/9staedte.de\/fr\/?s={search_term_string}"},"query-input":{"@type":"PropertyValueSpecification","valueRequired":true,"valueName":"search_term_string"}}],"inLanguage":"fr-FR"},{"@type":"Organization","@id":"https:\/\/9staedte.de\/fr\/#organization","name":"9 St\u00e4dte in Niedersachsen","url":"https:\/\/9staedte.de\/fr\/","logo":{"@type":"ImageObject","inLanguage":"fr-FR","@id":"https:\/\/9staedte.de\/fr\/#\/schema\/logo\/image\/","url":"https:\/\/9staedte.de\/wp-content\/uploads\/2025\/01\/9-neg-deutsch-2-1.png","contentUrl":"https:\/\/9staedte.de\/wp-content\/uploads\/2025\/01\/9-neg-deutsch-2-1.png","width":190,"height":114,"caption":"9 St\u00e4dte in Niedersachsen"},"image":{"@id":"https:\/\/9staedte.de\/fr\/#\/schema\/logo\/image\/"}}]}},"_links":{"self":[{"href":"https:\/\/9staedte.de\/fr\/wp-json\/wp\/v2\/pages\/17212","targetHints":{"allow":["GET"]}}],"collection":[{"href":"https:\/\/9staedte.de\/fr\/wp-json\/wp\/v2\/pages"}],"about":[{"href":"https:\/\/9staedte.de\/fr\/wp-json\/wp\/v2\/types\/page"}],"author":[{"embeddable":true,"href":"https:\/\/9staedte.de\/fr\/wp-json\/wp\/v2\/users\/1"}],"replies":[{"embeddable":true,"href":"https:\/\/9staedte.de\/fr\/wp-json\/wp\/v2\/comments?post=17212"}],"version-history":[{"count":1,"href":"https:\/\/9staedte.de\/fr\/wp-json\/wp\/v2\/pages\/17212\/revisions"}],"predecessor-version":[{"id":19928,"href":"https:\/\/9staedte.de\/fr\/wp-json\/wp\/v2\/pages\/17212\/revisions\/19928"}],"up":[{"embeddable":true,"href":"https:\/\/9staedte.de\/fr\/wp-json\/wp\/v2\/pages\/18000"}],"wp:featuredmedia":[{"embeddable":true,"href":"https:\/\/9staedte.de\/fr\/wp-json\/wp\/v2\/media\/17226"}],"wp:attachment":[{"href":"https:\/\/9staedte.de\/fr\/wp-json\/wp\/v2\/media?parent=17212"}],"wp:term":[{"taxonomy":"category","embeddable":true,"href":"https:\/\/9staedte.de\/fr\/wp-json\/wp\/v2\/categories?post=17212"},{"taxonomy":"post_tag","embeddable":true,"href":"https:\/\/9staedte.de\/fr\/wp-json\/wp\/v2\/tags?post=17212"},{"taxonomy":"ncap_cities_tax","embeddable":true,"href":"https:\/\/9staedte.de\/fr\/wp-json\/wp\/v2\/ncap_cities_tax?post=17212"}],"curies":[{"name":"wp","href":"https:\/\/api.w.org\/{rel}","templated":true}]}}