{"id":17207,"date":"2023-11-02T09:47:44","date_gmt":"2023-11-02T08:47:44","guid":{"rendered":"https:\/\/9staedte.de\/informations-sur-le-guide-et-les-excursions-a-hamelin\/"},"modified":"2023-11-02T18:00:22","modified_gmt":"2023-11-02T17:00:22","slug":"informations-sur-le-guide-et-les-excursions-a-hamelin","status":"publish","type":"page","link":"https:\/\/9staedte.de\/fr\/hamelin-la-legendaire-ville-du-joueur-de-flute\/informations-sur-le-guide-et-les-excursions-a-hamelin\/","title":{"rendered":"Informations sur le guide et les excursions \u00e0 Hamelin"},"content":{"rendered":"\n<h2 class=\"wp-block-heading\">R\u00e9servez votre excursion dans le Weserbergland  <\/h2>\n\n\n\n<p>La soci\u00e9t\u00e9 Hameln Marketing und Tourismus GmbH vous fournit volontiers des guides pour des excursions en bus, des tours en v\u00e9lo<br>ou des randonn\u00e9es dans le Weserbergland. Les th\u00e8mes propos\u00e9s sont par exemple les l\u00e9gendes et les contes, la renaissance de la Weser et les \u00e9glises.<\/p>\n\n\n\n<p><\/p>\n\n\n\n<h3 class=\"wp-block-heading\">La r\u00e9gion du Weserbergland est consid\u00e9r\u00e9e comme une terre de d\u00e9couvertes&#8230;<\/h3>\n\n\n\n<p>&#8230;vous trouverez ici non seulement des possibilit\u00e9s de retraite insoup\u00e7onn\u00e9es pour laisser votre \u00e2me vagabonder, mais aussi des possibilit\u00e9s de loisirs attrayantes. Des villes \u00e0 colombages magnifiquement d\u00e9cor\u00e9es, situ\u00e9es dans un paysage idyllique de moyenne montagne marqu\u00e9 par la Weser, ouvrent de multiples possibilit\u00e9s pour les vacanciers.<\/p>\n\n\n\n<p>Un r\u00e9seau de sentiers de randonn\u00e9e et de pistes cyclables bien balis\u00e9s entoure Hamelin et relie la ville du joueur de fl\u00fbte aux zones de loisirs attrayantes le long de la Weser. La tour S\u00fcntelturm et le Hohenstein pr\u00e8s de Hessisch Oldendorf sont des buts d&rsquo;excursion appr\u00e9ci\u00e9s des randonneurs.<\/p>\n\n\n\n<p>La piste cyclable de la Weser est tr\u00e8s attrayante et donc tr\u00e8s appr\u00e9ci\u00e9e. Il traverse Hamelin sur son itin\u00e9raire de 450 km de Hannoversch M\u00fcnden \u00e0 Bremerhaven et est emprunt\u00e9 par environ 150.000 cyclotouristes par an. Selon l&rsquo;Allgemeines Deutscher Fahrradclub (ADFC), la piste cyclable de la Weser est depuis des ann\u00e9es la piste cyclable allemande la plus populaire.<\/p>\n\n\n\n<p>Le ch\u00e2teau de H\u00e4melschenburg, pr\u00e8s de Hamelin, est l&rsquo;un des points forts de la r\u00e9gion du Weserbergland. Construit en 1588 comme ch\u00e2teau d&rsquo;eau dans le style de la Weser Renaissance, il est consid\u00e9r\u00e9 comme l&rsquo;un des plus beaux ch\u00e2teaux du nord de l&rsquo;Allemagne.<\/p>\n\n\n\n<p>L&rsquo;abbaye de Fischbeck \u00e0 Hessich Oldendorf, avec sa c\u00e9l\u00e8bre tapisserie de 1583, vaut \u00e9galement le d\u00e9tour. L&rsquo;abbaye peut \u00eatre visit\u00e9e tous les jours d&rsquo;avril \u00e0 octobre, sauf le lundi.<\/p>\n\n\n\n<p>Parmi les autres destinations qui valent le d\u00e9tour dans le Weserbergland, on trouve par exemple la station thermale de Bad Pyrmont avec son vaste parc de cure et son jardin de palmiers (le plus grand espace libre de palmiers au nord des Alpes), la ville de M\u00fcnchhausen Bodenwerder, Rinteln, B\u00fcckeburg et Holzminden.<\/p>\n\n\n\n<p>\u00c0 environ 60 km au sud de Hamelin, F\u00fcrstenberg est le si\u00e8ge de l&rsquo;une des plus anciennes manufactures de porcelaine d&rsquo;Europe, dans un magnifique ch\u00e2teau de la Weser Renaissance. L&rsquo;exposition du mus\u00e9e, qui retrace plus de 250 ans d&rsquo;histoire de la manufacture, vaut le d\u00e9tour. Non loin de l\u00e0, de l&rsquo;autre c\u00f4t\u00e9 de la Weser, le ch\u00e2teau de Corvey m\u00e9rite une visite.<\/p>\n\n\n\n<p>La r\u00e9gion du Weserbergland est travers\u00e9e par la route allemande des colombages, la route de la Weserrenaissance et la route allemande des contes.<\/p>\n\n\n\n<p>La r\u00e9gion du Weserbergland est consid\u00e9r\u00e9e comme un pays de contes et de l\u00e9gendes. Outre le spectacle en plein air du joueur de fl\u00fbte et la com\u00e9die musicale \u00ab\u00a0Rats\u00a0\u00bb \u00e0 Hamelin, d&rsquo;autres spectacles en plein air sont pr\u00e9sent\u00e9s : Les jeux de M\u00fcnchhausen \u00e0 Bodenwerder, les jeux de Cendrillon \u00e0 Polle, H\u00e4nsel et Gretel \u00e0 H\u00f6xter ainsi que les jeux du Docteur Eisenbart \u00e0 Hann. M\u00fcnden.<\/p>\n\n\n\n<p>\u00c0 environ 25 km \u00e0 l&rsquo;est de Hamelin, jeunes et moins jeunes trouveront leur bonheur dans le parc de loisirs Rastiland. Une visite de la piste de luge de Bodenwerder (23 km au sud) promet \u00e9galement beaucoup de plaisir.<\/p>\n\n\n\n<p>L&rsquo;<a href=\"https:\/\/www.weserbergland-tourismus.de\/de\/\" target=\"_blank\" rel=\"noreferrer noopener\">association Weserbergland Tourismus e.V.<\/a> fournit de plus amples informations sur les environs attrayants de Hamelin. \u00e0 votre disposition.<\/p>\n\n\n\n<h4 class=\"wp-block-heading\">R\u00e9servations aupr\u00e8s de :<\/h4>\n\n\n\n<p>Hameln Marketing und Tourismus GmbH<br>Informations touristiques<br>Deisterallee 1<br>31785 Hamelin<br>T\u00e9l. : +49 (0) 5151\/957823<br>Fax :&nbsp; +49 (0) 5151\/957840<br>Courrier \u00e9lectronique :&nbsp;<a href=\"mailto:touristinfo@hameln.de\" target=\"_blank\" rel=\"noreferrer noopener\">touristinfo@hameln.de<\/a><br>Internet :&nbsp;<a href=\"http:\/\/www.hameln.de\/\" target=\"_blank\" rel=\"noreferrer noopener\">www.hameln.de<\/a><\/p>\n","protected":false},"excerpt":{"rendered":"<p>R\u00e9servez votre excursion dans le Weserbergland La soci\u00e9t\u00e9 Hameln Marketing und Tourismus GmbH vous fournit volontiers des guides pour des excursions en bus, des tours en v\u00e9loou des randonn\u00e9es dans le Weserbergland. Les th\u00e8mes propos\u00e9s sont par exemple les l\u00e9gendes et les contes, la renaissance de la Weser et les \u00e9glises. La r\u00e9gion du Weserbergland [&hellip;]<\/p>\n","protected":false},"author":1,"featured_media":17214,"parent":18046,"menu_order":0,"comment_status":"closed","ping_status":"closed","template":"pagetemplates\/template-stadtthema.php","meta":{"_acf_changed":false,"footnotes":""},"categories":[],"tags":[],"ncap_cities_tax":[452,1291],"class_list":["post-17207","page","type-page","status-publish","has-post-thumbnail","hentry","ncap_cities_tax-hameln-fr","ncap_cities_tax-reiseleitung-und-ausflugen-hameln-fr"],"acf":[],"yoast_head":"<!-- This site is optimized with the Yoast SEO plugin v26.8 - https:\/\/yoast.com\/product\/yoast-seo-wordpress\/ -->\n<title>Informations sur le guide et les excursions \u00e0 Hamelin - 9 St\u00e4dte in Niedersachsen<\/title>\n<meta name=\"robots\" content=\"index, follow, max-snippet:-1, max-image-preview:large, max-video-preview:-1\" \/>\n<link rel=\"canonical\" href=\"https:\/\/9staedte.de\/fr\/hamelin-la-legendaire-ville-du-joueur-de-flute\/informations-sur-le-guide-et-les-excursions-a-hamelin\/\" \/>\n<meta property=\"og:locale\" content=\"fr_FR\" \/>\n<meta property=\"og:type\" content=\"article\" \/>\n<meta property=\"og:title\" content=\"Informations sur le guide et les excursions \u00e0 Hamelin - 9 St\u00e4dte in Niedersachsen\" \/>\n<meta property=\"og:description\" content=\"R\u00e9servez votre excursion dans le Weserbergland La soci\u00e9t\u00e9 Hameln Marketing und Tourismus GmbH vous fournit volontiers des guides pour des excursions en bus, des tours en v\u00e9loou des randonn\u00e9es dans le Weserbergland. Les th\u00e8mes propos\u00e9s sont par exemple les l\u00e9gendes et les contes, la renaissance de la Weser et les \u00e9glises. La r\u00e9gion du Weserbergland [&hellip;]\" \/>\n<meta property=\"og:url\" content=\"https:\/\/9staedte.de\/fr\/hamelin-la-legendaire-ville-du-joueur-de-flute\/informations-sur-le-guide-et-les-excursions-a-hamelin\/\" \/>\n<meta property=\"og:site_name\" content=\"9 St\u00e4dte in Niedersachsen\" \/>\n<meta property=\"article:modified_time\" content=\"2023-11-02T17:00:22+00:00\" \/>\n<meta property=\"og:image\" content=\"https:\/\/9staedte.de\/wp-content\/uploads\/2023\/02\/Indian-Summer-iim-Weserbergland-cHMT.jpg\" \/>\n\t<meta property=\"og:image:width\" content=\"1020\" \/>\n\t<meta property=\"og:image:height\" content=\"560\" \/>\n\t<meta property=\"og:image:type\" content=\"image\/jpeg\" \/>\n<meta name=\"twitter:card\" content=\"summary_large_image\" \/>\n<meta name=\"twitter:label1\" content=\"Dur\u00e9e de lecture estim\u00e9e\" \/>\n\t<meta name=\"twitter:data1\" content=\"4 minutes\" \/>\n<script type=\"application\/ld+json\" class=\"yoast-schema-graph\">{\"@context\":\"https:\/\/schema.org\",\"@graph\":[{\"@type\":\"WebPage\",\"@id\":\"https:\/\/9staedte.de\/fr\/hamelin-la-legendaire-ville-du-joueur-de-flute\/informations-sur-le-guide-et-les-excursions-a-hamelin\/\",\"url\":\"https:\/\/9staedte.de\/fr\/hamelin-la-legendaire-ville-du-joueur-de-flute\/informations-sur-le-guide-et-les-excursions-a-hamelin\/\",\"name\":\"Informations sur le guide et les excursions \u00e0 Hamelin - 9 St\u00e4dte in Niedersachsen\",\"isPartOf\":{\"@id\":\"https:\/\/9staedte.de\/fr\/#website\"},\"primaryImageOfPage\":{\"@id\":\"https:\/\/9staedte.de\/fr\/hamelin-la-legendaire-ville-du-joueur-de-flute\/informations-sur-le-guide-et-les-excursions-a-hamelin\/#primaryimage\"},\"image\":{\"@id\":\"https:\/\/9staedte.de\/fr\/hamelin-la-legendaire-ville-du-joueur-de-flute\/informations-sur-le-guide-et-les-excursions-a-hamelin\/#primaryimage\"},\"thumbnailUrl\":\"https:\/\/9staedte.de\/wp-content\/uploads\/2023\/02\/Indian-Summer-iim-Weserbergland-cHMT.jpg\",\"datePublished\":\"2023-11-02T08:47:44+00:00\",\"dateModified\":\"2023-11-02T17:00:22+00:00\",\"breadcrumb\":{\"@id\":\"https:\/\/9staedte.de\/fr\/hamelin-la-legendaire-ville-du-joueur-de-flute\/informations-sur-le-guide-et-les-excursions-a-hamelin\/#breadcrumb\"},\"inLanguage\":\"fr-FR\",\"potentialAction\":[{\"@type\":\"ReadAction\",\"target\":[\"https:\/\/9staedte.de\/fr\/hamelin-la-legendaire-ville-du-joueur-de-flute\/informations-sur-le-guide-et-les-excursions-a-hamelin\/\"]}]},{\"@type\":\"ImageObject\",\"inLanguage\":\"fr-FR\",\"@id\":\"https:\/\/9staedte.de\/fr\/hamelin-la-legendaire-ville-du-joueur-de-flute\/informations-sur-le-guide-et-les-excursions-a-hamelin\/#primaryimage\",\"url\":\"https:\/\/9staedte.de\/wp-content\/uploads\/2023\/02\/Indian-Summer-iim-Weserbergland-cHMT.jpg\",\"contentUrl\":\"https:\/\/9staedte.de\/wp-content\/uploads\/2023\/02\/Indian-Summer-iim-Weserbergland-cHMT.jpg\",\"width\":1020,\"height\":560,\"caption\":\"Indian Summer im Weserbergland c)HMT\"},{\"@type\":\"BreadcrumbList\",\"@id\":\"https:\/\/9staedte.de\/fr\/hamelin-la-legendaire-ville-du-joueur-de-flute\/informations-sur-le-guide-et-les-excursions-a-hamelin\/#breadcrumb\",\"itemListElement\":[{\"@type\":\"ListItem\",\"position\":1,\"name\":\"Startseite\",\"item\":\"https:\/\/9staedte.de\/fr\/\"},{\"@type\":\"ListItem\",\"position\":2,\"name\":\"Hamelin &#8211; la l\u00e9gendaire ville du joueur de fl\u00fbte\",\"item\":\"https:\/\/9staedte.de\/fr\/hamelin-la-legendaire-ville-du-joueur-de-flute\/\"},{\"@type\":\"ListItem\",\"position\":3,\"name\":\"Informations sur le guide et les excursions \u00e0 Hamelin\"}]},{\"@type\":\"WebSite\",\"@id\":\"https:\/\/9staedte.de\/fr\/#website\",\"url\":\"https:\/\/9staedte.de\/fr\/\",\"name\":\"9 St\u00e4dte in Niedersachsen\",\"description\":\"\",\"publisher\":{\"@id\":\"https:\/\/9staedte.de\/fr\/#organization\"},\"potentialAction\":[{\"@type\":\"SearchAction\",\"target\":{\"@type\":\"EntryPoint\",\"urlTemplate\":\"https:\/\/9staedte.de\/fr\/?s={search_term_string}\"},\"query-input\":{\"@type\":\"PropertyValueSpecification\",\"valueRequired\":true,\"valueName\":\"search_term_string\"}}],\"inLanguage\":\"fr-FR\"},{\"@type\":\"Organization\",\"@id\":\"https:\/\/9staedte.de\/fr\/#organization\",\"name\":\"9 St\u00e4dte in Niedersachsen\",\"url\":\"https:\/\/9staedte.de\/fr\/\",\"logo\":{\"@type\":\"ImageObject\",\"inLanguage\":\"fr-FR\",\"@id\":\"https:\/\/9staedte.de\/fr\/#\/schema\/logo\/image\/\",\"url\":\"https:\/\/9staedte.de\/wp-content\/uploads\/2025\/01\/9-neg-deutsch-2-1.png\",\"contentUrl\":\"https:\/\/9staedte.de\/wp-content\/uploads\/2025\/01\/9-neg-deutsch-2-1.png\",\"width\":190,\"height\":114,\"caption\":\"9 St\u00e4dte in Niedersachsen\"},\"image\":{\"@id\":\"https:\/\/9staedte.de\/fr\/#\/schema\/logo\/image\/\"}}]}<\/script>\n<!-- \/ Yoast SEO plugin. -->","yoast_head_json":{"title":"Informations sur le guide et les excursions \u00e0 Hamelin - 9 St\u00e4dte in Niedersachsen","robots":{"index":"index","follow":"follow","max-snippet":"max-snippet:-1","max-image-preview":"max-image-preview:large","max-video-preview":"max-video-preview:-1"},"canonical":"https:\/\/9staedte.de\/fr\/hamelin-la-legendaire-ville-du-joueur-de-flute\/informations-sur-le-guide-et-les-excursions-a-hamelin\/","og_locale":"fr_FR","og_type":"article","og_title":"Informations sur le guide et les excursions \u00e0 Hamelin - 9 St\u00e4dte in Niedersachsen","og_description":"R\u00e9servez votre excursion dans le Weserbergland La soci\u00e9t\u00e9 Hameln Marketing und Tourismus GmbH vous fournit volontiers des guides pour des excursions en bus, des tours en v\u00e9loou des randonn\u00e9es dans le Weserbergland. Les th\u00e8mes propos\u00e9s sont par exemple les l\u00e9gendes et les contes, la renaissance de la Weser et les \u00e9glises. La r\u00e9gion du Weserbergland [&hellip;]","og_url":"https:\/\/9staedte.de\/fr\/hamelin-la-legendaire-ville-du-joueur-de-flute\/informations-sur-le-guide-et-les-excursions-a-hamelin\/","og_site_name":"9 St\u00e4dte in Niedersachsen","article_modified_time":"2023-11-02T17:00:22+00:00","og_image":[{"width":1020,"height":560,"url":"https:\/\/9staedte.de\/wp-content\/uploads\/2023\/02\/Indian-Summer-iim-Weserbergland-cHMT.jpg","type":"image\/jpeg"}],"twitter_card":"summary_large_image","twitter_misc":{"Dur\u00e9e de lecture estim\u00e9e":"4 minutes"},"schema":{"@context":"https:\/\/schema.org","@graph":[{"@type":"WebPage","@id":"https:\/\/9staedte.de\/fr\/hamelin-la-legendaire-ville-du-joueur-de-flute\/informations-sur-le-guide-et-les-excursions-a-hamelin\/","url":"https:\/\/9staedte.de\/fr\/hamelin-la-legendaire-ville-du-joueur-de-flute\/informations-sur-le-guide-et-les-excursions-a-hamelin\/","name":"Informations sur le guide et les excursions \u00e0 Hamelin - 9 St\u00e4dte in Niedersachsen","isPartOf":{"@id":"https:\/\/9staedte.de\/fr\/#website"},"primaryImageOfPage":{"@id":"https:\/\/9staedte.de\/fr\/hamelin-la-legendaire-ville-du-joueur-de-flute\/informations-sur-le-guide-et-les-excursions-a-hamelin\/#primaryimage"},"image":{"@id":"https:\/\/9staedte.de\/fr\/hamelin-la-legendaire-ville-du-joueur-de-flute\/informations-sur-le-guide-et-les-excursions-a-hamelin\/#primaryimage"},"thumbnailUrl":"https:\/\/9staedte.de\/wp-content\/uploads\/2023\/02\/Indian-Summer-iim-Weserbergland-cHMT.jpg","datePublished":"2023-11-02T08:47:44+00:00","dateModified":"2023-11-02T17:00:22+00:00","breadcrumb":{"@id":"https:\/\/9staedte.de\/fr\/hamelin-la-legendaire-ville-du-joueur-de-flute\/informations-sur-le-guide-et-les-excursions-a-hamelin\/#breadcrumb"},"inLanguage":"fr-FR","potentialAction":[{"@type":"ReadAction","target":["https:\/\/9staedte.de\/fr\/hamelin-la-legendaire-ville-du-joueur-de-flute\/informations-sur-le-guide-et-les-excursions-a-hamelin\/"]}]},{"@type":"ImageObject","inLanguage":"fr-FR","@id":"https:\/\/9staedte.de\/fr\/hamelin-la-legendaire-ville-du-joueur-de-flute\/informations-sur-le-guide-et-les-excursions-a-hamelin\/#primaryimage","url":"https:\/\/9staedte.de\/wp-content\/uploads\/2023\/02\/Indian-Summer-iim-Weserbergland-cHMT.jpg","contentUrl":"https:\/\/9staedte.de\/wp-content\/uploads\/2023\/02\/Indian-Summer-iim-Weserbergland-cHMT.jpg","width":1020,"height":560,"caption":"Indian Summer im Weserbergland c)HMT"},{"@type":"BreadcrumbList","@id":"https:\/\/9staedte.de\/fr\/hamelin-la-legendaire-ville-du-joueur-de-flute\/informations-sur-le-guide-et-les-excursions-a-hamelin\/#breadcrumb","itemListElement":[{"@type":"ListItem","position":1,"name":"Startseite","item":"https:\/\/9staedte.de\/fr\/"},{"@type":"ListItem","position":2,"name":"Hamelin &#8211; la l\u00e9gendaire ville du joueur de fl\u00fbte","item":"https:\/\/9staedte.de\/fr\/hamelin-la-legendaire-ville-du-joueur-de-flute\/"},{"@type":"ListItem","position":3,"name":"Informations sur le guide et les excursions \u00e0 Hamelin"}]},{"@type":"WebSite","@id":"https:\/\/9staedte.de\/fr\/#website","url":"https:\/\/9staedte.de\/fr\/","name":"9 St\u00e4dte in Niedersachsen","description":"","publisher":{"@id":"https:\/\/9staedte.de\/fr\/#organization"},"potentialAction":[{"@type":"SearchAction","target":{"@type":"EntryPoint","urlTemplate":"https:\/\/9staedte.de\/fr\/?s={search_term_string}"},"query-input":{"@type":"PropertyValueSpecification","valueRequired":true,"valueName":"search_term_string"}}],"inLanguage":"fr-FR"},{"@type":"Organization","@id":"https:\/\/9staedte.de\/fr\/#organization","name":"9 St\u00e4dte in Niedersachsen","url":"https:\/\/9staedte.de\/fr\/","logo":{"@type":"ImageObject","inLanguage":"fr-FR","@id":"https:\/\/9staedte.de\/fr\/#\/schema\/logo\/image\/","url":"https:\/\/9staedte.de\/wp-content\/uploads\/2025\/01\/9-neg-deutsch-2-1.png","contentUrl":"https:\/\/9staedte.de\/wp-content\/uploads\/2025\/01\/9-neg-deutsch-2-1.png","width":190,"height":114,"caption":"9 St\u00e4dte in Niedersachsen"},"image":{"@id":"https:\/\/9staedte.de\/fr\/#\/schema\/logo\/image\/"}}]}},"_links":{"self":[{"href":"https:\/\/9staedte.de\/fr\/wp-json\/wp\/v2\/pages\/17207","targetHints":{"allow":["GET"]}}],"collection":[{"href":"https:\/\/9staedte.de\/fr\/wp-json\/wp\/v2\/pages"}],"about":[{"href":"https:\/\/9staedte.de\/fr\/wp-json\/wp\/v2\/types\/page"}],"author":[{"embeddable":true,"href":"https:\/\/9staedte.de\/fr\/wp-json\/wp\/v2\/users\/1"}],"replies":[{"embeddable":true,"href":"https:\/\/9staedte.de\/fr\/wp-json\/wp\/v2\/comments?post=17207"}],"version-history":[{"count":1,"href":"https:\/\/9staedte.de\/fr\/wp-json\/wp\/v2\/pages\/17207\/revisions"}],"predecessor-version":[{"id":19896,"href":"https:\/\/9staedte.de\/fr\/wp-json\/wp\/v2\/pages\/17207\/revisions\/19896"}],"up":[{"embeddable":true,"href":"https:\/\/9staedte.de\/fr\/wp-json\/wp\/v2\/pages\/18046"}],"wp:featuredmedia":[{"embeddable":true,"href":"https:\/\/9staedte.de\/fr\/wp-json\/wp\/v2\/media\/17214"}],"wp:attachment":[{"href":"https:\/\/9staedte.de\/fr\/wp-json\/wp\/v2\/media?parent=17207"}],"wp:term":[{"taxonomy":"category","embeddable":true,"href":"https:\/\/9staedte.de\/fr\/wp-json\/wp\/v2\/categories?post=17207"},{"taxonomy":"post_tag","embeddable":true,"href":"https:\/\/9staedte.de\/fr\/wp-json\/wp\/v2\/tags?post=17207"},{"taxonomy":"ncap_cities_tax","embeddable":true,"href":"https:\/\/9staedte.de\/fr\/wp-json\/wp\/v2\/ncap_cities_tax?post=17207"}],"curies":[{"name":"wp","href":"https:\/\/api.w.org\/{rel}","templated":true}]}}