{"id":17179,"date":"2023-11-02T09:47:42","date_gmt":"2023-11-02T08:47:42","guid":{"rendered":"https:\/\/9staedte.de\/marche-de-noel-a-hamelin\/"},"modified":"2026-03-23T13:19:14","modified_gmt":"2026-03-23T12:19:14","slug":"marche-de-noel-a-hamelin","status":"publish","type":"page","link":"https:\/\/9staedte.de\/fr\/hamelin-la-legendaire-ville-du-joueur-de-flute\/marche-de-noel-a-hamelin\/","title":{"rendered":"March\u00e9 de No\u00ebl \u00e0 Hamelin"},"content":{"rendered":"\n<h2 class=\"wp-block-heading\">La magie de No\u00ebl dans la ville du joueur de fl\u00fbte<\/h2>\n\n<p>Hamelin attire &#8230; surtout \u00e0 la p\u00e9riode de No\u00ebl ! Tous les ans, les b\u00e2timents magnifiquement d\u00e9cor\u00e9s de la Weser-Renaissance et les charmantes maisonnettes \u00e0 colombages avec leurs boutiques d\u00e9cor\u00e9es avec amour forment le d\u00e9cor unique du march\u00e9 de No\u00ebl de Hamelin.<br\/>60 chalets d\u00e9cor\u00e9s individuellement et l&rsquo;immense pyramide sont mis en sc\u00e8ne pour No\u00ebl. Le joueur de fl\u00fbte se prom\u00e8ne dans les rues avec les visiteurs dans une ambiance color\u00e9e et joyeuse, et le \u00ab\u00a0MusicalWinter Hameln\u00a0\u00bb attire les spectateurs au th\u00e9\u00e2tre avec un show sc\u00e9nique spectaculaire. Laissez-vous enchanter par Hamelin et ses offres fabuleuses.   <\/p>\n\n<p><a href=\"https:\/\/www.hameln.de\/de\/veranstaltungen\/weihnachtsmarkt\/\" target=\"_blank\" rel=\"noreferrer noopener\">Plus d&rsquo;informations<\/a><\/p>\n\n\n<div class=\"banner-wrapper\">\n  <div class=\"banner-inner \">\n      <div class=\"img-container\">\n      <div class=\"img-wrapper\">\n        <img decoding=\"async\" src=\"https:\/\/9staedte.de\/wp-content\/smush-webp\/2022\/03\/Hameln_Weihnachtsmarkt-1.jpg.webp\" alt=\"La photo montre le march\u00e9 de No\u00ebl \u00e0 Hameln. C\u2019est le soir et le ciel est sombre. Un grand sapin de No\u00ebl est d\u00e9cor\u00e9 de lumi\u00e8res. Beaucoup de gens marchent entre les stands. En arri\u00e8re-plan, on voit une vieille \u00e9glise. Il y a de la neige par terre et sur les toits. Tout est tr\u00e8s festif.\" \/>\n                  <div class=\"thumbnail-label\">\n            <span>Hamelner Weihnachtsmarkt c) HMT<\/span>\n          <\/div>\n              <\/div>\n    <\/div>\n        <div class=\"text-container\">\n      <div class=\"content\">\n        <h2>9 conseils pour visiter le march\u00e9 de No\u00ebl de Hamelin<\/h2>\n<p>&#8211; Visite de la com\u00e9die musicale d&rsquo;hiver \u00ab\u00a0Le cavalier gris\u00a0\u00bb.<br \/>\n&#8211; arrangements de No\u00ebl avec ou sans nuit\u00e9e<br \/>\n&#8211; pyramide g\u00e9ante<br \/>\n&#8211; Croisi\u00e8res de l&rsquo;Avent en bateau sur la Weser<br \/>\n&#8211; visite guid\u00e9e de la ville \u00e0 l&rsquo;occasion de No\u00ebl<br \/>\n&#8211; grande roue historique<br \/>\n&#8211; Mus\u00e9e de Hamelin avec le th\u00e9\u00e2tre du joueur de fl\u00fbte<br \/>\n&#8211; des possibilit\u00e9s de shopping attrayantes<br \/>\n&#8211; Mont\u00e9e au clocher de l&rsquo;\u00e9glise<\/p>\n      <\/div>\n    <\/div>\n    <\/div>\n<\/div>\n\n\n<p class=\"h3\"><strong>March\u00e9 de No\u00ebl \u00e0 Hamelin<\/strong><\/p>\n\n <div class=\"brlbs-cmpnt-container brlbs-cmpnt-content-blocker brlbs-cmpnt-with-individual-styles\" data-borlabs-cookie-content-blocker-id=\"google-maps\" data-borlabs-cookie-content=\"PGlmcmFtZSBzcmM9Imh0dHBzOi8vd3d3Lmdvb2dsZS5jb20vbWFwcy9lbWJlZD9wYj0hMW0xOCExbTEyITFtMyExZDcyOC41NjkyNTMxODk0MjUxITJkOS4zNTYzODk2OTI5OTY4NDQhM2Q1Mi4xMDUxMjAxNTc3MzQxMiEybTMhMWYwITJmMCEzZjAhM20yITFpMTAyNCEyaTc2OCE0ZjEzLjEhM20zITFtMiExczB4NDdiYThmMmVhYzU1OGMwNyUzQTB4NzVmYWNiMTI2MmE5MDBmNCEyc1dlaWhhY2h0c21hcmt0JTIwSGFtZWxuITVlMCEzbTIhMXNkZSEyc2RlITR2MTY5MjE4MzMzNTMzOCE1bTIhMXNkZSEyc2RlIiB3aWR0aD0iNjAwIiBoZWlnaHQ9IjQ1MCIgc3R5bGU9ImJvcmRlcjowOyIgYWxsb3dmdWxsc2NyZWVuPSIiIGxvYWRpbmc9ImxhenkiIHJlZmVycmVycG9saWN5PSJuby1yZWZlcnJlci13aGVuLWRvd25ncmFkZSI+PC9pZnJhbWU+\"><div class=\"brlbs-cmpnt-cb-preset-b brlbs-cmpnt-cb-google-maps\"> <div class=\"brlbs-cmpnt-cb-thumbnail\" style=\"background-image: url('https:\/\/9staedte.de\/wp-content\/uploads\/borlabs-cookie\/1\/brlbs-cb-google-maps-main.png')\"><\/div> <div class=\"brlbs-cmpnt-cb-main\"> <div class=\"brlbs-cmpnt-cb-content\"> <p class=\"brlbs-cmpnt-cb-description\">Vous \u00eates actuellement en train de consulter le contenu d&rsquo;un espace r\u00e9serv\u00e9 de <strong>Google Maps<\/strong>. Pour acc\u00e9der au contenu r\u00e9el, cliquez sur le bouton ci-dessous. Veuillez noter que ce faisant, des donn\u00e9es seront partag\u00e9es avec des providers tiers.<\/p> <a class=\"brlbs-cmpnt-cb-provider-toggle\" href=\"#\" data-borlabs-cookie-show-provider-information role=\"button\">Plus d&rsquo;informations<\/a> <\/div> <div class=\"brlbs-cmpnt-cb-buttons\"> <a class=\"brlbs-cmpnt-cb-btn\" href=\"#\" data-borlabs-cookie-unblock role=\"button\">D\u00e9bloquer le contenu<\/a> <a class=\"brlbs-cmpnt-cb-btn\" href=\"#\" data-borlabs-cookie-accept-service role=\"button\" style=\"display: inherit\">Accepter le service requis et d\u00e9bloquer le contenu<\/a> <\/div> <\/div> <\/div><\/div>\n\n<div style=\"height:43px\" aria-hidden=\"true\" class=\"wp-block-spacer\"><\/div>\n","protected":false},"excerpt":{"rendered":"<p>La magie de No\u00ebl dans la ville du joueur de fl\u00fbte Hamelin attire &#8230; surtout \u00e0 la p\u00e9riode de No\u00ebl ! Tous les ans, les b\u00e2timents magnifiquement d\u00e9cor\u00e9s de la Weser-Renaissance et les charmantes maisonnettes \u00e0 colombages avec leurs boutiques d\u00e9cor\u00e9es avec amour forment le d\u00e9cor unique du march\u00e9 de No\u00ebl de Hamelin.60 chalets d\u00e9cor\u00e9s [&hellip;]<\/p>\n","protected":false},"author":1,"featured_media":15274,"parent":18046,"menu_order":0,"comment_status":"closed","ping_status":"closed","template":"pagetemplates\/template-stadtthema.php","meta":{"_acf_changed":false,"footnotes":""},"categories":[],"tags":[],"ncap_cities_tax":[452,520],"class_list":["post-17179","page","type-page","status-publish","has-post-thumbnail","hentry","ncap_cities_tax-hameln-fr","ncap_cities_tax-weihnachtsmarkte-hameln-fr"],"acf":[],"yoast_head":"<!-- This site is optimized with the Yoast SEO plugin v26.8 - https:\/\/yoast.com\/product\/yoast-seo-wordpress\/ -->\n<title>March\u00e9 de No\u00ebl \u00e0 Hamelin - 9 St\u00e4dte in Niedersachsen<\/title>\n<meta name=\"description\" content=\"D\u00e9couvrez le march\u00e9 de No\u00ebl de Hamelin au c\u0153ur de la vieille ville historique avec ses b\u00e2timents uniques de la Weserrenaissance.\" \/>\n<meta name=\"robots\" content=\"index, follow, max-snippet:-1, max-image-preview:large, max-video-preview:-1\" \/>\n<link rel=\"canonical\" href=\"https:\/\/9staedte.de\/fr\/hamelin-la-legendaire-ville-du-joueur-de-flute\/marche-de-noel-a-hamelin\/\" \/>\n<meta property=\"og:locale\" content=\"fr_FR\" \/>\n<meta property=\"og:type\" content=\"article\" \/>\n<meta property=\"og:title\" content=\"March\u00e9 de No\u00ebl \u00e0 Hamelin - 9 St\u00e4dte in Niedersachsen\" \/>\n<meta property=\"og:description\" content=\"D\u00e9couvrez le march\u00e9 de No\u00ebl de Hamelin au c\u0153ur de la vieille ville historique avec ses b\u00e2timents uniques de la Weserrenaissance.\" \/>\n<meta property=\"og:url\" content=\"https:\/\/9staedte.de\/fr\/hamelin-la-legendaire-ville-du-joueur-de-flute\/marche-de-noel-a-hamelin\/\" \/>\n<meta property=\"og:site_name\" content=\"9 St\u00e4dte in Niedersachsen\" \/>\n<meta property=\"article:modified_time\" content=\"2026-03-23T12:19:14+00:00\" \/>\n<meta property=\"og:image\" content=\"https:\/\/9staedte.de\/wp-content\/uploads\/2023\/02\/Hameln-Christmas-Market-n-c-Hameln-Marketing-und-Tourismus-GmbH-1.jpg\" \/>\n\t<meta property=\"og:image:width\" content=\"1020\" \/>\n\t<meta property=\"og:image:height\" content=\"559\" \/>\n\t<meta property=\"og:image:type\" content=\"image\/jpeg\" \/>\n<meta name=\"twitter:card\" content=\"summary_large_image\" \/>\n<meta name=\"twitter:label1\" content=\"Dur\u00e9e de lecture estim\u00e9e\" \/>\n\t<meta name=\"twitter:data1\" content=\"1 minute\" \/>\n<script type=\"application\/ld+json\" class=\"yoast-schema-graph\">{\"@context\":\"https:\/\/schema.org\",\"@graph\":[{\"@type\":\"WebPage\",\"@id\":\"https:\/\/9staedte.de\/fr\/hamelin-la-legendaire-ville-du-joueur-de-flute\/marche-de-noel-a-hamelin\/\",\"url\":\"https:\/\/9staedte.de\/fr\/hamelin-la-legendaire-ville-du-joueur-de-flute\/marche-de-noel-a-hamelin\/\",\"name\":\"March\u00e9 de No\u00ebl \u00e0 Hamelin - 9 St\u00e4dte in Niedersachsen\",\"isPartOf\":{\"@id\":\"https:\/\/9staedte.de\/fr\/#website\"},\"primaryImageOfPage\":{\"@id\":\"https:\/\/9staedte.de\/fr\/hamelin-la-legendaire-ville-du-joueur-de-flute\/marche-de-noel-a-hamelin\/#primaryimage\"},\"image\":{\"@id\":\"https:\/\/9staedte.de\/fr\/hamelin-la-legendaire-ville-du-joueur-de-flute\/marche-de-noel-a-hamelin\/#primaryimage\"},\"thumbnailUrl\":\"https:\/\/9staedte.de\/wp-content\/uploads\/2023\/02\/Hameln-Christmas-Market-n-c-Hameln-Marketing-und-Tourismus-GmbH-1.jpg\",\"datePublished\":\"2023-11-02T08:47:42+00:00\",\"dateModified\":\"2026-03-23T12:19:14+00:00\",\"description\":\"D\u00e9couvrez le march\u00e9 de No\u00ebl de Hamelin au c\u0153ur de la vieille ville historique avec ses b\u00e2timents uniques de la Weserrenaissance.\",\"breadcrumb\":{\"@id\":\"https:\/\/9staedte.de\/fr\/hamelin-la-legendaire-ville-du-joueur-de-flute\/marche-de-noel-a-hamelin\/#breadcrumb\"},\"inLanguage\":\"fr-FR\",\"potentialAction\":[{\"@type\":\"ReadAction\",\"target\":[\"https:\/\/9staedte.de\/fr\/hamelin-la-legendaire-ville-du-joueur-de-flute\/marche-de-noel-a-hamelin\/\"]}]},{\"@type\":\"ImageObject\",\"inLanguage\":\"fr-FR\",\"@id\":\"https:\/\/9staedte.de\/fr\/hamelin-la-legendaire-ville-du-joueur-de-flute\/marche-de-noel-a-hamelin\/#primaryimage\",\"url\":\"https:\/\/9staedte.de\/wp-content\/uploads\/2023\/02\/Hameln-Christmas-Market-n-c-Hameln-Marketing-und-Tourismus-GmbH-1.jpg\",\"contentUrl\":\"https:\/\/9staedte.de\/wp-content\/uploads\/2023\/02\/Hameln-Christmas-Market-n-c-Hameln-Marketing-und-Tourismus-GmbH-1.jpg\",\"width\":1020,\"height\":559,\"caption\":\"Hameln Christmas Market n c) Hameln Marketing und Tourismus GmbH\"},{\"@type\":\"BreadcrumbList\",\"@id\":\"https:\/\/9staedte.de\/fr\/hamelin-la-legendaire-ville-du-joueur-de-flute\/marche-de-noel-a-hamelin\/#breadcrumb\",\"itemListElement\":[{\"@type\":\"ListItem\",\"position\":1,\"name\":\"Startseite\",\"item\":\"https:\/\/9staedte.de\/fr\/\"},{\"@type\":\"ListItem\",\"position\":2,\"name\":\"Hamelin &#8211; la l\u00e9gendaire ville du joueur de fl\u00fbte\",\"item\":\"https:\/\/9staedte.de\/fr\/hamelin-la-legendaire-ville-du-joueur-de-flute\/\"},{\"@type\":\"ListItem\",\"position\":3,\"name\":\"March\u00e9 de No\u00ebl \u00e0 Hamelin\"}]},{\"@type\":\"WebSite\",\"@id\":\"https:\/\/9staedte.de\/fr\/#website\",\"url\":\"https:\/\/9staedte.de\/fr\/\",\"name\":\"9 St\u00e4dte in Niedersachsen\",\"description\":\"\",\"publisher\":{\"@id\":\"https:\/\/9staedte.de\/fr\/#organization\"},\"potentialAction\":[{\"@type\":\"SearchAction\",\"target\":{\"@type\":\"EntryPoint\",\"urlTemplate\":\"https:\/\/9staedte.de\/fr\/?s={search_term_string}\"},\"query-input\":{\"@type\":\"PropertyValueSpecification\",\"valueRequired\":true,\"valueName\":\"search_term_string\"}}],\"inLanguage\":\"fr-FR\"},{\"@type\":\"Organization\",\"@id\":\"https:\/\/9staedte.de\/fr\/#organization\",\"name\":\"9 St\u00e4dte in Niedersachsen\",\"url\":\"https:\/\/9staedte.de\/fr\/\",\"logo\":{\"@type\":\"ImageObject\",\"inLanguage\":\"fr-FR\",\"@id\":\"https:\/\/9staedte.de\/fr\/#\/schema\/logo\/image\/\",\"url\":\"https:\/\/9staedte.de\/wp-content\/uploads\/2025\/01\/9-neg-deutsch-2-1.png\",\"contentUrl\":\"https:\/\/9staedte.de\/wp-content\/uploads\/2025\/01\/9-neg-deutsch-2-1.png\",\"width\":190,\"height\":114,\"caption\":\"9 St\u00e4dte in Niedersachsen\"},\"image\":{\"@id\":\"https:\/\/9staedte.de\/fr\/#\/schema\/logo\/image\/\"}}]}<\/script>\n<!-- \/ Yoast SEO plugin. -->","yoast_head_json":{"title":"March\u00e9 de No\u00ebl \u00e0 Hamelin - 9 St\u00e4dte in Niedersachsen","description":"D\u00e9couvrez le march\u00e9 de No\u00ebl de Hamelin au c\u0153ur de la vieille ville historique avec ses b\u00e2timents uniques de la Weserrenaissance.","robots":{"index":"index","follow":"follow","max-snippet":"max-snippet:-1","max-image-preview":"max-image-preview:large","max-video-preview":"max-video-preview:-1"},"canonical":"https:\/\/9staedte.de\/fr\/hamelin-la-legendaire-ville-du-joueur-de-flute\/marche-de-noel-a-hamelin\/","og_locale":"fr_FR","og_type":"article","og_title":"March\u00e9 de No\u00ebl \u00e0 Hamelin - 9 St\u00e4dte in Niedersachsen","og_description":"D\u00e9couvrez le march\u00e9 de No\u00ebl de Hamelin au c\u0153ur de la vieille ville historique avec ses b\u00e2timents uniques de la Weserrenaissance.","og_url":"https:\/\/9staedte.de\/fr\/hamelin-la-legendaire-ville-du-joueur-de-flute\/marche-de-noel-a-hamelin\/","og_site_name":"9 St\u00e4dte in Niedersachsen","article_modified_time":"2026-03-23T12:19:14+00:00","og_image":[{"width":1020,"height":559,"url":"https:\/\/9staedte.de\/wp-content\/uploads\/2023\/02\/Hameln-Christmas-Market-n-c-Hameln-Marketing-und-Tourismus-GmbH-1.jpg","type":"image\/jpeg"}],"twitter_card":"summary_large_image","twitter_misc":{"Dur\u00e9e de lecture estim\u00e9e":"1 minute"},"schema":{"@context":"https:\/\/schema.org","@graph":[{"@type":"WebPage","@id":"https:\/\/9staedte.de\/fr\/hamelin-la-legendaire-ville-du-joueur-de-flute\/marche-de-noel-a-hamelin\/","url":"https:\/\/9staedte.de\/fr\/hamelin-la-legendaire-ville-du-joueur-de-flute\/marche-de-noel-a-hamelin\/","name":"March\u00e9 de No\u00ebl \u00e0 Hamelin - 9 St\u00e4dte in Niedersachsen","isPartOf":{"@id":"https:\/\/9staedte.de\/fr\/#website"},"primaryImageOfPage":{"@id":"https:\/\/9staedte.de\/fr\/hamelin-la-legendaire-ville-du-joueur-de-flute\/marche-de-noel-a-hamelin\/#primaryimage"},"image":{"@id":"https:\/\/9staedte.de\/fr\/hamelin-la-legendaire-ville-du-joueur-de-flute\/marche-de-noel-a-hamelin\/#primaryimage"},"thumbnailUrl":"https:\/\/9staedte.de\/wp-content\/uploads\/2023\/02\/Hameln-Christmas-Market-n-c-Hameln-Marketing-und-Tourismus-GmbH-1.jpg","datePublished":"2023-11-02T08:47:42+00:00","dateModified":"2026-03-23T12:19:14+00:00","description":"D\u00e9couvrez le march\u00e9 de No\u00ebl de Hamelin au c\u0153ur de la vieille ville historique avec ses b\u00e2timents uniques de la Weserrenaissance.","breadcrumb":{"@id":"https:\/\/9staedte.de\/fr\/hamelin-la-legendaire-ville-du-joueur-de-flute\/marche-de-noel-a-hamelin\/#breadcrumb"},"inLanguage":"fr-FR","potentialAction":[{"@type":"ReadAction","target":["https:\/\/9staedte.de\/fr\/hamelin-la-legendaire-ville-du-joueur-de-flute\/marche-de-noel-a-hamelin\/"]}]},{"@type":"ImageObject","inLanguage":"fr-FR","@id":"https:\/\/9staedte.de\/fr\/hamelin-la-legendaire-ville-du-joueur-de-flute\/marche-de-noel-a-hamelin\/#primaryimage","url":"https:\/\/9staedte.de\/wp-content\/uploads\/2023\/02\/Hameln-Christmas-Market-n-c-Hameln-Marketing-und-Tourismus-GmbH-1.jpg","contentUrl":"https:\/\/9staedte.de\/wp-content\/uploads\/2023\/02\/Hameln-Christmas-Market-n-c-Hameln-Marketing-und-Tourismus-GmbH-1.jpg","width":1020,"height":559,"caption":"Hameln Christmas Market n c) Hameln Marketing und Tourismus GmbH"},{"@type":"BreadcrumbList","@id":"https:\/\/9staedte.de\/fr\/hamelin-la-legendaire-ville-du-joueur-de-flute\/marche-de-noel-a-hamelin\/#breadcrumb","itemListElement":[{"@type":"ListItem","position":1,"name":"Startseite","item":"https:\/\/9staedte.de\/fr\/"},{"@type":"ListItem","position":2,"name":"Hamelin &#8211; la l\u00e9gendaire ville du joueur de fl\u00fbte","item":"https:\/\/9staedte.de\/fr\/hamelin-la-legendaire-ville-du-joueur-de-flute\/"},{"@type":"ListItem","position":3,"name":"March\u00e9 de No\u00ebl \u00e0 Hamelin"}]},{"@type":"WebSite","@id":"https:\/\/9staedte.de\/fr\/#website","url":"https:\/\/9staedte.de\/fr\/","name":"9 St\u00e4dte in Niedersachsen","description":"","publisher":{"@id":"https:\/\/9staedte.de\/fr\/#organization"},"potentialAction":[{"@type":"SearchAction","target":{"@type":"EntryPoint","urlTemplate":"https:\/\/9staedte.de\/fr\/?s={search_term_string}"},"query-input":{"@type":"PropertyValueSpecification","valueRequired":true,"valueName":"search_term_string"}}],"inLanguage":"fr-FR"},{"@type":"Organization","@id":"https:\/\/9staedte.de\/fr\/#organization","name":"9 St\u00e4dte in Niedersachsen","url":"https:\/\/9staedte.de\/fr\/","logo":{"@type":"ImageObject","inLanguage":"fr-FR","@id":"https:\/\/9staedte.de\/fr\/#\/schema\/logo\/image\/","url":"https:\/\/9staedte.de\/wp-content\/uploads\/2025\/01\/9-neg-deutsch-2-1.png","contentUrl":"https:\/\/9staedte.de\/wp-content\/uploads\/2025\/01\/9-neg-deutsch-2-1.png","width":190,"height":114,"caption":"9 St\u00e4dte in Niedersachsen"},"image":{"@id":"https:\/\/9staedte.de\/fr\/#\/schema\/logo\/image\/"}}]}},"_links":{"self":[{"href":"https:\/\/9staedte.de\/fr\/wp-json\/wp\/v2\/pages\/17179","targetHints":{"allow":["GET"]}}],"collection":[{"href":"https:\/\/9staedte.de\/fr\/wp-json\/wp\/v2\/pages"}],"about":[{"href":"https:\/\/9staedte.de\/fr\/wp-json\/wp\/v2\/types\/page"}],"author":[{"embeddable":true,"href":"https:\/\/9staedte.de\/fr\/wp-json\/wp\/v2\/users\/1"}],"replies":[{"embeddable":true,"href":"https:\/\/9staedte.de\/fr\/wp-json\/wp\/v2\/comments?post=17179"}],"version-history":[{"count":12,"href":"https:\/\/9staedte.de\/fr\/wp-json\/wp\/v2\/pages\/17179\/revisions"}],"predecessor-version":[{"id":27923,"href":"https:\/\/9staedte.de\/fr\/wp-json\/wp\/v2\/pages\/17179\/revisions\/27923"}],"up":[{"embeddable":true,"href":"https:\/\/9staedte.de\/fr\/wp-json\/wp\/v2\/pages\/18046"}],"wp:featuredmedia":[{"embeddable":true,"href":"https:\/\/9staedte.de\/fr\/wp-json\/wp\/v2\/media\/15274"}],"wp:attachment":[{"href":"https:\/\/9staedte.de\/fr\/wp-json\/wp\/v2\/media?parent=17179"}],"wp:term":[{"taxonomy":"category","embeddable":true,"href":"https:\/\/9staedte.de\/fr\/wp-json\/wp\/v2\/categories?post=17179"},{"taxonomy":"post_tag","embeddable":true,"href":"https:\/\/9staedte.de\/fr\/wp-json\/wp\/v2\/tags?post=17179"},{"taxonomy":"ncap_cities_tax","embeddable":true,"href":"https:\/\/9staedte.de\/fr\/wp-json\/wp\/v2\/ncap_cities_tax?post=17179"}],"curies":[{"name":"wp","href":"https:\/\/api.w.org\/{rel}","templated":true}]}}