{"id":17161,"date":"2023-11-02T09:47:40","date_gmt":"2023-11-02T08:47:40","guid":{"rendered":"https:\/\/9staedte.de\/hanovre-decouverte-durable\/"},"modified":"2024-03-21T14:40:35","modified_gmt":"2024-03-21T13:40:35","slug":"hanovre-decouverte-durable","status":"publish","type":"page","link":"https:\/\/9staedte.de\/fr\/hanovre-capitale-de-la-basse-saxe\/hanovre-decouverte-durable\/","title":{"rendered":"Hanovre &#8211; d\u00e9couverte durable"},"content":{"rendered":"\n<h2 class=\"wp-block-heading\">Hanovre : verte et agr\u00e9able \u00e0 vivre<\/h2>\n\n\n\n<p>En 2018, Hanovre a \u00e9t\u00e9 d\u00e9sign\u00e9e comme la grande ville la plus durable d&rsquo;Allemagne et a re\u00e7u le prix allemand du d\u00e9veloppement durable. La qualit\u00e9 de vie dans la ville est donc \u00e9lev\u00e9e. On trouve de la verdure \u00e0 volont\u00e9 dans l&rsquo;Eilenriede, la plus grande for\u00eat urbaine d&rsquo;Europe, dans les jardins de Herrenhausen et autour des rivi\u00e8res Leine et Ihme, du Mittellandkanal ou du lac Maschsee. De nombreuses pistes cyclables et un r\u00e9seau de transports en commun bien d\u00e9velopp\u00e9 permettent de se d\u00e9placer facilement et durablement \u00e0 Hanovre. Hanovre offre de superbes possibilit\u00e9s de balades \u00e0 v\u00e9lo dans la ville et bien s\u00fbr dans la r\u00e9gion. Les excursions en cano\u00eb permettent de d\u00e9couvrir la ville depuis l&rsquo;eau. Les quartiers, en particulier, regorgent de petites boutiques et de restaurants proposant des produits r\u00e9gionaux, durables et \u00e9quitables.<\/p>\n\n\n\n<p>Hanovre est un important n\u0153ud de communication en Europe. Gr\u00e2ce aux liaisons rapides ICE dans toutes les directions, le voyage en train est l&rsquo;une des possibilit\u00e9s les plus confortables et bien s\u00fbr aussi les plus durables.<\/p>\n\n\n\n\n<div class=\"banner-wrapper\">\n  <div class=\"banner-inner \">\n      <div class=\"img-container\">\n      <div class=\"img-wrapper\">\n        <img decoding=\"async\" src=\"https:\/\/9staedte.de\/wp-content\/smush-webp\/2022\/06\/Hannover-Neues-Leineufer-c-HMTG-Christian-Wyrwa1.jpg.webp\" alt=\"L\u2019image montre la rive de la Leine \u00e0 Hanovre. \u00c0 gauche, il y a un grand restaurant avec des tables dehors. Des gens mangent et boivent. \u00c0 droite, on voit la rivi\u00e8re Leine. Deux bateaux avec des jeunes sont sur l\u2019eau. Le soleil brille, il fait chaud. C\u2019est une belle journ\u00e9e d\u2019\u00e9t\u00e9. L\u2019ambiance est d\u00e9tendue et joyeuse.\" \/>\n                  <div class=\"thumbnail-label\">\n            <span>Hannover Altstadt Leineufer c) HMTG Christian Wyrwa<\/span>\n          <\/div>\n              <\/div>\n    <\/div>\n        <div class=\"text-container\">\n      <div class=\"content\">\n        <h2>D\u00e9couvrir Hanovre de mani\u00e8re durable : 9 conseils<\/h2>\n<p>&#8211; Il y a environ 1.000 kilom\u00e8tres de pistes cyclables \u00e0 Hanovre et dans la r\u00e9gion.<\/p>\n<p>&#8211; HannoverCard : d\u00e9couvrir de nombreuses attractions touristiques \u00e0 Hanovre et dans la r\u00e9gion de mani\u00e8re durable gr\u00e2ce aux transports en commun.<\/p>\n<p>&#8211; March\u00e9s hebdomadaires avec des offres r\u00e9gionales, saisonni\u00e8res et biologiques dans de nombreux quartiers de la ville.<\/p>\n<p>&#8211; Hannoccino : le gobelet r\u00e9utilisable de Hanovre pour la boisson \u00e0 emporter.<\/p>\n<p>&#8211; Caf\u00e9s, restaurants et magasins proposant des offres durables et biologiques dans le quartier branch\u00e9 de Linden.<\/p>\n<p>&#8211; La bourse d&rsquo;upcycling \u00e0 la Glocksee<\/p>\n<p>&#8211; La mobilit\u00e9 sur l&rsquo;eau : ramer, pagayer ou faire du p\u00e9dalo sur le lac Maschsee, faire des tours en cano\u00eb sur l&rsquo;Ihme et la Leine.<\/p>\n<p>&#8211; R\u00e9server le service de ridesharing de Moja, filiale de VW, confortablement via une application.<\/p>\n<p>&#8211; La brochure <a href=\"https:\/\/www.visit-hannover.com\/Media\/01-DATA-Neu\/Downloads\/HMTG\/Imagebrosch%C3%BCren\/Hannover-Living-nachhaltig-unterwegs\">\u00ab\u00a0Hannover inside &#8211; Nachhaltig unterwegs\u00a0\u00bb (Hanovre \u00e0 l&rsquo;int\u00e9rieur &#8211; Voyager de mani\u00e8re durable<\/a> ) avec de nombreux autres conseils.<\/p>\n      <\/div>\n    <\/div>\n    <\/div>\n<\/div>\n\n","protected":false},"excerpt":{"rendered":"<p>Hanovre : verte et agr\u00e9able \u00e0 vivre En 2018, Hanovre a \u00e9t\u00e9 d\u00e9sign\u00e9e comme la grande ville la plus durable d&rsquo;Allemagne et a re\u00e7u le prix allemand du d\u00e9veloppement durable. La qualit\u00e9 de vie dans la ville est donc \u00e9lev\u00e9e. On trouve de la verdure \u00e0 volont\u00e9 dans l&rsquo;Eilenriede, la plus grande for\u00eat urbaine d&rsquo;Europe, [&hellip;]<\/p>\n","protected":false},"author":1,"featured_media":17164,"parent":18000,"menu_order":0,"comment_status":"closed","ping_status":"closed","template":"pagetemplates\/template-stadtthema.php","meta":{"_acf_changed":false,"footnotes":""},"categories":[],"tags":[],"ncap_cities_tax":[457,1038],"class_list":["post-17161","page","type-page","status-publish","has-post-thumbnail","hentry","ncap_cities_tax-hannover-fr","ncap_cities_tax-naturerlebnisse-und-nachhaltigkeit-hannover-fr"],"acf":[],"yoast_head":"<!-- This site is optimized with the Yoast SEO plugin v26.8 - https:\/\/yoast.com\/product\/yoast-seo-wordpress\/ -->\n<title>Hanovre - d\u00e9couverte durable - 9 St\u00e4dte in Niedersachsen<\/title>\n<meta name=\"robots\" content=\"index, follow, max-snippet:-1, max-image-preview:large, max-video-preview:-1\" \/>\n<link rel=\"canonical\" href=\"https:\/\/9staedte.de\/fr\/hanovre-capitale-de-la-basse-saxe\/hanovre-decouverte-durable\/\" \/>\n<meta property=\"og:locale\" content=\"fr_FR\" \/>\n<meta property=\"og:type\" content=\"article\" \/>\n<meta property=\"og:title\" content=\"Hanovre - d\u00e9couverte durable - 9 St\u00e4dte in Niedersachsen\" \/>\n<meta property=\"og:description\" content=\"Hanovre : verte et agr\u00e9able \u00e0 vivre En 2018, Hanovre a \u00e9t\u00e9 d\u00e9sign\u00e9e comme la grande ville la plus durable d&rsquo;Allemagne et a re\u00e7u le prix allemand du d\u00e9veloppement durable. La qualit\u00e9 de vie dans la ville est donc \u00e9lev\u00e9e. On trouve de la verdure \u00e0 volont\u00e9 dans l&rsquo;Eilenriede, la plus grande for\u00eat urbaine d&rsquo;Europe, [&hellip;]\" \/>\n<meta property=\"og:url\" content=\"https:\/\/9staedte.de\/fr\/hanovre-capitale-de-la-basse-saxe\/hanovre-decouverte-durable\/\" \/>\n<meta property=\"og:site_name\" content=\"9 St\u00e4dte in Niedersachsen\" \/>\n<meta property=\"article:modified_time\" content=\"2024-03-21T13:40:35+00:00\" \/>\n<meta property=\"og:image\" content=\"https:\/\/9staedte.de\/wp-content\/uploads\/2023\/03\/Green-Hannover-c-HMTG-Sebastian-Grote.jpg\" \/>\n\t<meta property=\"og:image:width\" content=\"1020\" \/>\n\t<meta property=\"og:image:height\" content=\"560\" \/>\n\t<meta property=\"og:image:type\" content=\"image\/jpeg\" \/>\n<meta name=\"twitter:card\" content=\"summary_large_image\" \/>\n<meta name=\"twitter:label1\" content=\"Dur\u00e9e de lecture estim\u00e9e\" \/>\n\t<meta name=\"twitter:data1\" content=\"2 minutes\" \/>\n<script type=\"application\/ld+json\" class=\"yoast-schema-graph\">{\"@context\":\"https:\/\/schema.org\",\"@graph\":[{\"@type\":\"WebPage\",\"@id\":\"https:\/\/9staedte.de\/fr\/hanovre-capitale-de-la-basse-saxe\/hanovre-decouverte-durable\/\",\"url\":\"https:\/\/9staedte.de\/fr\/hanovre-capitale-de-la-basse-saxe\/hanovre-decouverte-durable\/\",\"name\":\"Hanovre - d\u00e9couverte durable - 9 St\u00e4dte in Niedersachsen\",\"isPartOf\":{\"@id\":\"https:\/\/9staedte.de\/fr\/#website\"},\"primaryImageOfPage\":{\"@id\":\"https:\/\/9staedte.de\/fr\/hanovre-capitale-de-la-basse-saxe\/hanovre-decouverte-durable\/#primaryimage\"},\"image\":{\"@id\":\"https:\/\/9staedte.de\/fr\/hanovre-capitale-de-la-basse-saxe\/hanovre-decouverte-durable\/#primaryimage\"},\"thumbnailUrl\":\"https:\/\/9staedte.de\/wp-content\/uploads\/2023\/03\/Green-Hannover-c-HMTG-Sebastian-Grote.jpg\",\"datePublished\":\"2023-11-02T08:47:40+00:00\",\"dateModified\":\"2024-03-21T13:40:35+00:00\",\"breadcrumb\":{\"@id\":\"https:\/\/9staedte.de\/fr\/hanovre-capitale-de-la-basse-saxe\/hanovre-decouverte-durable\/#breadcrumb\"},\"inLanguage\":\"fr-FR\",\"potentialAction\":[{\"@type\":\"ReadAction\",\"target\":[\"https:\/\/9staedte.de\/fr\/hanovre-capitale-de-la-basse-saxe\/hanovre-decouverte-durable\/\"]}]},{\"@type\":\"ImageObject\",\"inLanguage\":\"fr-FR\",\"@id\":\"https:\/\/9staedte.de\/fr\/hanovre-capitale-de-la-basse-saxe\/hanovre-decouverte-durable\/#primaryimage\",\"url\":\"https:\/\/9staedte.de\/wp-content\/uploads\/2023\/03\/Green-Hannover-c-HMTG-Sebastian-Grote.jpg\",\"contentUrl\":\"https:\/\/9staedte.de\/wp-content\/uploads\/2023\/03\/Green-Hannover-c-HMTG-Sebastian-Grote.jpg\",\"width\":1020,\"height\":560,\"caption\":\"Green Hannover c) HMTG Sebastian Grote\"},{\"@type\":\"BreadcrumbList\",\"@id\":\"https:\/\/9staedte.de\/fr\/hanovre-capitale-de-la-basse-saxe\/hanovre-decouverte-durable\/#breadcrumb\",\"itemListElement\":[{\"@type\":\"ListItem\",\"position\":1,\"name\":\"Startseite\",\"item\":\"https:\/\/9staedte.de\/fr\/\"},{\"@type\":\"ListItem\",\"position\":2,\"name\":\"Hanovre &#8211; capitale de la Basse-Saxe\",\"item\":\"https:\/\/9staedte.de\/fr\/hanovre-capitale-de-la-basse-saxe\/\"},{\"@type\":\"ListItem\",\"position\":3,\"name\":\"Hanovre &#8211; d\u00e9couverte durable\"}]},{\"@type\":\"WebSite\",\"@id\":\"https:\/\/9staedte.de\/fr\/#website\",\"url\":\"https:\/\/9staedte.de\/fr\/\",\"name\":\"9 St\u00e4dte in Niedersachsen\",\"description\":\"\",\"publisher\":{\"@id\":\"https:\/\/9staedte.de\/fr\/#organization\"},\"potentialAction\":[{\"@type\":\"SearchAction\",\"target\":{\"@type\":\"EntryPoint\",\"urlTemplate\":\"https:\/\/9staedte.de\/fr\/?s={search_term_string}\"},\"query-input\":{\"@type\":\"PropertyValueSpecification\",\"valueRequired\":true,\"valueName\":\"search_term_string\"}}],\"inLanguage\":\"fr-FR\"},{\"@type\":\"Organization\",\"@id\":\"https:\/\/9staedte.de\/fr\/#organization\",\"name\":\"9 St\u00e4dte in Niedersachsen\",\"url\":\"https:\/\/9staedte.de\/fr\/\",\"logo\":{\"@type\":\"ImageObject\",\"inLanguage\":\"fr-FR\",\"@id\":\"https:\/\/9staedte.de\/fr\/#\/schema\/logo\/image\/\",\"url\":\"https:\/\/9staedte.de\/wp-content\/uploads\/2025\/01\/9-neg-deutsch-2-1.png\",\"contentUrl\":\"https:\/\/9staedte.de\/wp-content\/uploads\/2025\/01\/9-neg-deutsch-2-1.png\",\"width\":190,\"height\":114,\"caption\":\"9 St\u00e4dte in Niedersachsen\"},\"image\":{\"@id\":\"https:\/\/9staedte.de\/fr\/#\/schema\/logo\/image\/\"}}]}<\/script>\n<!-- \/ Yoast SEO plugin. -->","yoast_head_json":{"title":"Hanovre - d\u00e9couverte durable - 9 St\u00e4dte in Niedersachsen","robots":{"index":"index","follow":"follow","max-snippet":"max-snippet:-1","max-image-preview":"max-image-preview:large","max-video-preview":"max-video-preview:-1"},"canonical":"https:\/\/9staedte.de\/fr\/hanovre-capitale-de-la-basse-saxe\/hanovre-decouverte-durable\/","og_locale":"fr_FR","og_type":"article","og_title":"Hanovre - d\u00e9couverte durable - 9 St\u00e4dte in Niedersachsen","og_description":"Hanovre : verte et agr\u00e9able \u00e0 vivre En 2018, Hanovre a \u00e9t\u00e9 d\u00e9sign\u00e9e comme la grande ville la plus durable d&rsquo;Allemagne et a re\u00e7u le prix allemand du d\u00e9veloppement durable. La qualit\u00e9 de vie dans la ville est donc \u00e9lev\u00e9e. On trouve de la verdure \u00e0 volont\u00e9 dans l&rsquo;Eilenriede, la plus grande for\u00eat urbaine d&rsquo;Europe, [&hellip;]","og_url":"https:\/\/9staedte.de\/fr\/hanovre-capitale-de-la-basse-saxe\/hanovre-decouverte-durable\/","og_site_name":"9 St\u00e4dte in Niedersachsen","article_modified_time":"2024-03-21T13:40:35+00:00","og_image":[{"width":1020,"height":560,"url":"https:\/\/9staedte.de\/wp-content\/uploads\/2023\/03\/Green-Hannover-c-HMTG-Sebastian-Grote.jpg","type":"image\/jpeg"}],"twitter_card":"summary_large_image","twitter_misc":{"Dur\u00e9e de lecture estim\u00e9e":"2 minutes"},"schema":{"@context":"https:\/\/schema.org","@graph":[{"@type":"WebPage","@id":"https:\/\/9staedte.de\/fr\/hanovre-capitale-de-la-basse-saxe\/hanovre-decouverte-durable\/","url":"https:\/\/9staedte.de\/fr\/hanovre-capitale-de-la-basse-saxe\/hanovre-decouverte-durable\/","name":"Hanovre - d\u00e9couverte durable - 9 St\u00e4dte in Niedersachsen","isPartOf":{"@id":"https:\/\/9staedte.de\/fr\/#website"},"primaryImageOfPage":{"@id":"https:\/\/9staedte.de\/fr\/hanovre-capitale-de-la-basse-saxe\/hanovre-decouverte-durable\/#primaryimage"},"image":{"@id":"https:\/\/9staedte.de\/fr\/hanovre-capitale-de-la-basse-saxe\/hanovre-decouverte-durable\/#primaryimage"},"thumbnailUrl":"https:\/\/9staedte.de\/wp-content\/uploads\/2023\/03\/Green-Hannover-c-HMTG-Sebastian-Grote.jpg","datePublished":"2023-11-02T08:47:40+00:00","dateModified":"2024-03-21T13:40:35+00:00","breadcrumb":{"@id":"https:\/\/9staedte.de\/fr\/hanovre-capitale-de-la-basse-saxe\/hanovre-decouverte-durable\/#breadcrumb"},"inLanguage":"fr-FR","potentialAction":[{"@type":"ReadAction","target":["https:\/\/9staedte.de\/fr\/hanovre-capitale-de-la-basse-saxe\/hanovre-decouverte-durable\/"]}]},{"@type":"ImageObject","inLanguage":"fr-FR","@id":"https:\/\/9staedte.de\/fr\/hanovre-capitale-de-la-basse-saxe\/hanovre-decouverte-durable\/#primaryimage","url":"https:\/\/9staedte.de\/wp-content\/uploads\/2023\/03\/Green-Hannover-c-HMTG-Sebastian-Grote.jpg","contentUrl":"https:\/\/9staedte.de\/wp-content\/uploads\/2023\/03\/Green-Hannover-c-HMTG-Sebastian-Grote.jpg","width":1020,"height":560,"caption":"Green Hannover c) HMTG Sebastian Grote"},{"@type":"BreadcrumbList","@id":"https:\/\/9staedte.de\/fr\/hanovre-capitale-de-la-basse-saxe\/hanovre-decouverte-durable\/#breadcrumb","itemListElement":[{"@type":"ListItem","position":1,"name":"Startseite","item":"https:\/\/9staedte.de\/fr\/"},{"@type":"ListItem","position":2,"name":"Hanovre &#8211; capitale de la Basse-Saxe","item":"https:\/\/9staedte.de\/fr\/hanovre-capitale-de-la-basse-saxe\/"},{"@type":"ListItem","position":3,"name":"Hanovre &#8211; d\u00e9couverte durable"}]},{"@type":"WebSite","@id":"https:\/\/9staedte.de\/fr\/#website","url":"https:\/\/9staedte.de\/fr\/","name":"9 St\u00e4dte in Niedersachsen","description":"","publisher":{"@id":"https:\/\/9staedte.de\/fr\/#organization"},"potentialAction":[{"@type":"SearchAction","target":{"@type":"EntryPoint","urlTemplate":"https:\/\/9staedte.de\/fr\/?s={search_term_string}"},"query-input":{"@type":"PropertyValueSpecification","valueRequired":true,"valueName":"search_term_string"}}],"inLanguage":"fr-FR"},{"@type":"Organization","@id":"https:\/\/9staedte.de\/fr\/#organization","name":"9 St\u00e4dte in Niedersachsen","url":"https:\/\/9staedte.de\/fr\/","logo":{"@type":"ImageObject","inLanguage":"fr-FR","@id":"https:\/\/9staedte.de\/fr\/#\/schema\/logo\/image\/","url":"https:\/\/9staedte.de\/wp-content\/uploads\/2025\/01\/9-neg-deutsch-2-1.png","contentUrl":"https:\/\/9staedte.de\/wp-content\/uploads\/2025\/01\/9-neg-deutsch-2-1.png","width":190,"height":114,"caption":"9 St\u00e4dte in Niedersachsen"},"image":{"@id":"https:\/\/9staedte.de\/fr\/#\/schema\/logo\/image\/"}}]}},"_links":{"self":[{"href":"https:\/\/9staedte.de\/fr\/wp-json\/wp\/v2\/pages\/17161","targetHints":{"allow":["GET"]}}],"collection":[{"href":"https:\/\/9staedte.de\/fr\/wp-json\/wp\/v2\/pages"}],"about":[{"href":"https:\/\/9staedte.de\/fr\/wp-json\/wp\/v2\/types\/page"}],"author":[{"embeddable":true,"href":"https:\/\/9staedte.de\/fr\/wp-json\/wp\/v2\/users\/1"}],"replies":[{"embeddable":true,"href":"https:\/\/9staedte.de\/fr\/wp-json\/wp\/v2\/comments?post=17161"}],"version-history":[{"count":3,"href":"https:\/\/9staedte.de\/fr\/wp-json\/wp\/v2\/pages\/17161\/revisions"}],"predecessor-version":[{"id":21480,"href":"https:\/\/9staedte.de\/fr\/wp-json\/wp\/v2\/pages\/17161\/revisions\/21480"}],"up":[{"embeddable":true,"href":"https:\/\/9staedte.de\/fr\/wp-json\/wp\/v2\/pages\/18000"}],"wp:featuredmedia":[{"embeddable":true,"href":"https:\/\/9staedte.de\/fr\/wp-json\/wp\/v2\/media\/17164"}],"wp:attachment":[{"href":"https:\/\/9staedte.de\/fr\/wp-json\/wp\/v2\/media?parent=17161"}],"wp:term":[{"taxonomy":"category","embeddable":true,"href":"https:\/\/9staedte.de\/fr\/wp-json\/wp\/v2\/categories?post=17161"},{"taxonomy":"post_tag","embeddable":true,"href":"https:\/\/9staedte.de\/fr\/wp-json\/wp\/v2\/tags?post=17161"},{"taxonomy":"ncap_cities_tax","embeddable":true,"href":"https:\/\/9staedte.de\/fr\/wp-json\/wp\/v2\/ncap_cities_tax?post=17161"}],"curies":[{"name":"wp","href":"https:\/\/api.w.org\/{rel}","templated":true}]}}