{"id":17156,"date":"2023-11-02T09:47:40","date_gmt":"2023-11-02T08:47:40","guid":{"rendered":"https:\/\/9staedte.de\/hamelin-decouverte-durable\/"},"modified":"2023-11-02T18:00:14","modified_gmt":"2023-11-02T17:00:14","slug":"hamelin-decouverte-durable","status":"publish","type":"page","link":"https:\/\/9staedte.de\/fr\/hamelin-la-legendaire-ville-du-joueur-de-flute\/hamelin-decouverte-durable\/","title":{"rendered":"Hamelin &#8211; d\u00e9couverte durable"},"content":{"rendered":"\n<p>D\u00e9couvrez la ville des joueurs de fl\u00fbte de mani\u00e8re tendance et durable en scooter \u00e9lectrique ou en Segway, fl\u00e2nez sur le march\u00e9 hebdomadaire ou dans la belle vieille ville avec ses petites boutiques ou d\u00e9couvrez les environs sous une autre perspective sur deux roues. Pour vous y rendre, utilisez l&rsquo;offre de la Deutsche Bahn. Le temps de trajet du S5 \/ S 51 de la gare centrale de Hanovre \u00e0 Hameln est de 38 \u00e0 45 minutes, de l&rsquo;a\u00e9roport de Hanovre de 64 minutes. Depuis l&rsquo;ouest ou l&rsquo;est, le train du nord-ouest vous emm\u00e8ne \u00e0 Hamelin. Astuce : le \u00ab\u00a0Niedersachsen-Ticket\u00a0\u00bb des chemins de fer est \u00e9galement valable pour les trajets en bus dans les transports en commun de Hameln-Pyrmont.<\/p>\n\n\n\n<p><\/p>\n\n\n\n\n<div class=\"banner-wrapper\">\n  <div class=\"banner-inner \">\n      <div class=\"img-container\">\n      <div class=\"img-wrapper\">\n        <img decoding=\"async\" src=\"https:\/\/9staedte.de\/wp-content\/smush-webp\/2023\/02\/EBike-HMT.jpg.webp\" alt=\"Auf dem Bild sieht man viele E-Bikes.Die E-Bikes stehen in einer Reihe.Sie sind gelb-gr\u00fcn und schwarz.Sie stehen vor einem Geb\u00e4ude mit gro\u00dfen Fenstern.Die Fahrr\u00e4der geh\u00f6ren zur Touristen-Information in Hameln.Man kann sie dort ausleihen.\" \/>\n                  <div class=\"thumbnail-label\">\n            <span>EBike Tourist Info Hameln c) HMT<\/span>\n          <\/div>\n              <\/div>\n    <\/div>\n        <div class=\"text-container\">\n      <div class=\"content\">\n        <section class=\"opacity-on\">\n<article class=\"bg-cities\">\n<div class=\"content\">\n<h2>Hameln nachhaltig entdecken: 9 Tipps<\/h2>\n<p>\u2013 E-Bike-Verleih: Erkunden Sie die sch\u00f6nsten Ecken des Weserberglandes mit einem unserer  Elektrofahrr\u00e4dern<br \/>\n\u2013 Gleiten Sie bei einer Segway-Tour durch unsere historische Altstadt und erleben Sie die pure Mobilit\u00e4t bei Ihrer Fahrt raus in die Natur.<br \/>\n\u2013 Wandern rund um Hameln \u2013 Bergauf, bergab: Immer eine gute Aussicht. Hameln und seine idyllischen Ortsteile sind eingebettet in einige der waldreichsten H\u00f6henz\u00fcge des landschaftlich reizvollen Weserberglandes. Fast ein Drittel der Stadt ist bewaldet. Damit z\u00e4hlt Hameln zu den waldreichsten St\u00e4dten Norddeutschlands.<br \/>\n\u2013 Eine Kanu-Tour entlang der idyllischen Landschaft der Weser ist das perfekte Erlebnis, um die m\u00fcden Knochen mal wieder ein wenig in Bewegung zu bringen<br \/>\n\u2013 Erleben Sie bei einer Flo\u00df-Tour die jahrhundertlange Tradition der Weser-Fl\u00f6\u00dferei, w\u00e4hrend Sie Ihren Blick auf die vorbeiziehende Landschaft des Weserberglandes schweifen lassen.<br \/>\n\u2013 Bestaunen Sie bei einem Bummel \u00fcber den Hamelner Wochenmarkt die bunte Vielfalt an saisonalen Produkten aus regionalem Anbau. Der Hamelner Wochenmarkt auf dem Rathausplatz lockt jeden Mi und Sa von 7-13 Uhr Besucher aus Nah und Fern an.<br \/>\n\u2013 St\u00f6bern Sie durch den Souvenir-Shop der Tourist-Information und entdecken neben typischen Hamelner Souvenirs wie Brotratten oder Rattenkiller auch Produkte aus der Region.<br \/>\n\u2013 Das Geb\u00e4ude der Tourist-Information ist ein energetisch optimiertes Solargeb\u00e4ude. Die rund 150 qm umfassenden Photovoltaik-Module liefern Strom und dienen gleichzeitig als statische Verschattung. Vakuum-R\u00f6hrenkollektoren unterst\u00fctzen die Heizung, die ohne Heizk\u00f6rper auskommt und \u00fcber ein L\u00fcftungssystem w\u00e4rmt. Die Frischluft-Konditionierung erfolgt \u00fcber Erdkan\u00e4le. Das Geb\u00e4ude ist als Niedrigenergiehaus erlebbar, weil die photovoltaische und thermische Sonnenenergienutzung sichtbar und \u201ebegreifbar\u201c in das Geb\u00e4udekonzept integriert wurde.<\/p>\n<\/div>\n<\/article>\n<\/section>\n      <\/div>\n    <\/div>\n    <\/div>\n<\/div>\n\n","protected":false},"excerpt":{"rendered":"<p>D\u00e9couvrez la ville des joueurs de fl\u00fbte de mani\u00e8re tendance et durable en scooter \u00e9lectrique ou en Segway, fl\u00e2nez sur le march\u00e9 hebdomadaire ou dans la belle vieille ville avec ses petites boutiques ou d\u00e9couvrez les environs sous une autre perspective sur deux roues. Pour vous y rendre, utilisez l&rsquo;offre de la Deutsche Bahn. Le [&hellip;]<\/p>\n","protected":false},"author":1,"featured_media":17165,"parent":18046,"menu_order":0,"comment_status":"closed","ping_status":"closed","template":"pagetemplates\/template-stadtthema.php","meta":{"_acf_changed":false,"footnotes":""},"categories":[],"tags":[],"ncap_cities_tax":[452,1010],"class_list":["post-17156","page","type-page","status-publish","has-post-thumbnail","hentry","ncap_cities_tax-hameln-fr","ncap_cities_tax-naturerlebnisse-und-nachhaltigkeit-hameln-fr"],"acf":[],"yoast_head":"<!-- This site is optimized with the Yoast SEO plugin v26.8 - https:\/\/yoast.com\/product\/yoast-seo-wordpress\/ -->\n<title>Hamelin - d\u00e9couverte durable - 9 St\u00e4dte in Niedersachsen<\/title>\n<meta name=\"robots\" content=\"index, follow, max-snippet:-1, max-image-preview:large, max-video-preview:-1\" \/>\n<link rel=\"canonical\" href=\"https:\/\/9staedte.de\/fr\/hamelin-la-legendaire-ville-du-joueur-de-flute\/hamelin-decouverte-durable\/\" \/>\n<meta property=\"og:locale\" content=\"fr_FR\" \/>\n<meta property=\"og:type\" content=\"article\" \/>\n<meta property=\"og:title\" content=\"Hamelin - d\u00e9couverte durable - 9 St\u00e4dte in Niedersachsen\" \/>\n<meta property=\"og:description\" content=\"D\u00e9couvrez la ville des joueurs de fl\u00fbte de mani\u00e8re tendance et durable en scooter \u00e9lectrique ou en Segway, fl\u00e2nez sur le march\u00e9 hebdomadaire ou dans la belle vieille ville avec ses petites boutiques ou d\u00e9couvrez les environs sous une autre perspective sur deux roues. Pour vous y rendre, utilisez l&rsquo;offre de la Deutsche Bahn. Le [&hellip;]\" \/>\n<meta property=\"og:url\" content=\"https:\/\/9staedte.de\/fr\/hamelin-la-legendaire-ville-du-joueur-de-flute\/hamelin-decouverte-durable\/\" \/>\n<meta property=\"og:site_name\" content=\"9 St\u00e4dte in Niedersachsen\" \/>\n<meta property=\"article:modified_time\" content=\"2023-11-02T17:00:14+00:00\" \/>\n<meta property=\"og:image\" content=\"https:\/\/9staedte.de\/wp-content\/uploads\/2023\/02\/Kanu_auf_der_Weser-c-HMT.jpg\" \/>\n\t<meta property=\"og:image:width\" content=\"1020\" \/>\n\t<meta property=\"og:image:height\" content=\"560\" \/>\n\t<meta property=\"og:image:type\" content=\"image\/jpeg\" \/>\n<meta name=\"twitter:card\" content=\"summary_large_image\" \/>\n<meta name=\"twitter:label1\" content=\"Dur\u00e9e de lecture estim\u00e9e\" \/>\n\t<meta name=\"twitter:data1\" content=\"1 minute\" \/>\n<script type=\"application\/ld+json\" class=\"yoast-schema-graph\">{\"@context\":\"https:\/\/schema.org\",\"@graph\":[{\"@type\":\"WebPage\",\"@id\":\"https:\/\/9staedte.de\/fr\/hamelin-la-legendaire-ville-du-joueur-de-flute\/hamelin-decouverte-durable\/\",\"url\":\"https:\/\/9staedte.de\/fr\/hamelin-la-legendaire-ville-du-joueur-de-flute\/hamelin-decouverte-durable\/\",\"name\":\"Hamelin - d\u00e9couverte durable - 9 St\u00e4dte in Niedersachsen\",\"isPartOf\":{\"@id\":\"https:\/\/9staedte.de\/fr\/#website\"},\"primaryImageOfPage\":{\"@id\":\"https:\/\/9staedte.de\/fr\/hamelin-la-legendaire-ville-du-joueur-de-flute\/hamelin-decouverte-durable\/#primaryimage\"},\"image\":{\"@id\":\"https:\/\/9staedte.de\/fr\/hamelin-la-legendaire-ville-du-joueur-de-flute\/hamelin-decouverte-durable\/#primaryimage\"},\"thumbnailUrl\":\"https:\/\/9staedte.de\/wp-content\/uploads\/2023\/02\/Kanu_auf_der_Weser-c-HMT.jpg\",\"datePublished\":\"2023-11-02T08:47:40+00:00\",\"dateModified\":\"2023-11-02T17:00:14+00:00\",\"breadcrumb\":{\"@id\":\"https:\/\/9staedte.de\/fr\/hamelin-la-legendaire-ville-du-joueur-de-flute\/hamelin-decouverte-durable\/#breadcrumb\"},\"inLanguage\":\"fr-FR\",\"potentialAction\":[{\"@type\":\"ReadAction\",\"target\":[\"https:\/\/9staedte.de\/fr\/hamelin-la-legendaire-ville-du-joueur-de-flute\/hamelin-decouverte-durable\/\"]}]},{\"@type\":\"ImageObject\",\"inLanguage\":\"fr-FR\",\"@id\":\"https:\/\/9staedte.de\/fr\/hamelin-la-legendaire-ville-du-joueur-de-flute\/hamelin-decouverte-durable\/#primaryimage\",\"url\":\"https:\/\/9staedte.de\/wp-content\/uploads\/2023\/02\/Kanu_auf_der_Weser-c-HMT.jpg\",\"contentUrl\":\"https:\/\/9staedte.de\/wp-content\/uploads\/2023\/02\/Kanu_auf_der_Weser-c-HMT.jpg\",\"width\":1020,\"height\":560,\"caption\":\"Kanu_auf_der_Weser c) HMT\"},{\"@type\":\"BreadcrumbList\",\"@id\":\"https:\/\/9staedte.de\/fr\/hamelin-la-legendaire-ville-du-joueur-de-flute\/hamelin-decouverte-durable\/#breadcrumb\",\"itemListElement\":[{\"@type\":\"ListItem\",\"position\":1,\"name\":\"Startseite\",\"item\":\"https:\/\/9staedte.de\/fr\/\"},{\"@type\":\"ListItem\",\"position\":2,\"name\":\"Hamelin &#8211; la l\u00e9gendaire ville du joueur de fl\u00fbte\",\"item\":\"https:\/\/9staedte.de\/fr\/hamelin-la-legendaire-ville-du-joueur-de-flute\/\"},{\"@type\":\"ListItem\",\"position\":3,\"name\":\"Hamelin &#8211; d\u00e9couverte durable\"}]},{\"@type\":\"WebSite\",\"@id\":\"https:\/\/9staedte.de\/fr\/#website\",\"url\":\"https:\/\/9staedte.de\/fr\/\",\"name\":\"9 St\u00e4dte in Niedersachsen\",\"description\":\"\",\"publisher\":{\"@id\":\"https:\/\/9staedte.de\/fr\/#organization\"},\"potentialAction\":[{\"@type\":\"SearchAction\",\"target\":{\"@type\":\"EntryPoint\",\"urlTemplate\":\"https:\/\/9staedte.de\/fr\/?s={search_term_string}\"},\"query-input\":{\"@type\":\"PropertyValueSpecification\",\"valueRequired\":true,\"valueName\":\"search_term_string\"}}],\"inLanguage\":\"fr-FR\"},{\"@type\":\"Organization\",\"@id\":\"https:\/\/9staedte.de\/fr\/#organization\",\"name\":\"9 St\u00e4dte in Niedersachsen\",\"url\":\"https:\/\/9staedte.de\/fr\/\",\"logo\":{\"@type\":\"ImageObject\",\"inLanguage\":\"fr-FR\",\"@id\":\"https:\/\/9staedte.de\/fr\/#\/schema\/logo\/image\/\",\"url\":\"https:\/\/9staedte.de\/wp-content\/uploads\/2025\/01\/9-neg-deutsch-2-1.png\",\"contentUrl\":\"https:\/\/9staedte.de\/wp-content\/uploads\/2025\/01\/9-neg-deutsch-2-1.png\",\"width\":190,\"height\":114,\"caption\":\"9 St\u00e4dte in Niedersachsen\"},\"image\":{\"@id\":\"https:\/\/9staedte.de\/fr\/#\/schema\/logo\/image\/\"}}]}<\/script>\n<!-- \/ Yoast SEO plugin. -->","yoast_head_json":{"title":"Hamelin - d\u00e9couverte durable - 9 St\u00e4dte in Niedersachsen","robots":{"index":"index","follow":"follow","max-snippet":"max-snippet:-1","max-image-preview":"max-image-preview:large","max-video-preview":"max-video-preview:-1"},"canonical":"https:\/\/9staedte.de\/fr\/hamelin-la-legendaire-ville-du-joueur-de-flute\/hamelin-decouverte-durable\/","og_locale":"fr_FR","og_type":"article","og_title":"Hamelin - d\u00e9couverte durable - 9 St\u00e4dte in Niedersachsen","og_description":"D\u00e9couvrez la ville des joueurs de fl\u00fbte de mani\u00e8re tendance et durable en scooter \u00e9lectrique ou en Segway, fl\u00e2nez sur le march\u00e9 hebdomadaire ou dans la belle vieille ville avec ses petites boutiques ou d\u00e9couvrez les environs sous une autre perspective sur deux roues. Pour vous y rendre, utilisez l&rsquo;offre de la Deutsche Bahn. Le [&hellip;]","og_url":"https:\/\/9staedte.de\/fr\/hamelin-la-legendaire-ville-du-joueur-de-flute\/hamelin-decouverte-durable\/","og_site_name":"9 St\u00e4dte in Niedersachsen","article_modified_time":"2023-11-02T17:00:14+00:00","og_image":[{"width":1020,"height":560,"url":"https:\/\/9staedte.de\/wp-content\/uploads\/2023\/02\/Kanu_auf_der_Weser-c-HMT.jpg","type":"image\/jpeg"}],"twitter_card":"summary_large_image","twitter_misc":{"Dur\u00e9e de lecture estim\u00e9e":"1 minute"},"schema":{"@context":"https:\/\/schema.org","@graph":[{"@type":"WebPage","@id":"https:\/\/9staedte.de\/fr\/hamelin-la-legendaire-ville-du-joueur-de-flute\/hamelin-decouverte-durable\/","url":"https:\/\/9staedte.de\/fr\/hamelin-la-legendaire-ville-du-joueur-de-flute\/hamelin-decouverte-durable\/","name":"Hamelin - d\u00e9couverte durable - 9 St\u00e4dte in Niedersachsen","isPartOf":{"@id":"https:\/\/9staedte.de\/fr\/#website"},"primaryImageOfPage":{"@id":"https:\/\/9staedte.de\/fr\/hamelin-la-legendaire-ville-du-joueur-de-flute\/hamelin-decouverte-durable\/#primaryimage"},"image":{"@id":"https:\/\/9staedte.de\/fr\/hamelin-la-legendaire-ville-du-joueur-de-flute\/hamelin-decouverte-durable\/#primaryimage"},"thumbnailUrl":"https:\/\/9staedte.de\/wp-content\/uploads\/2023\/02\/Kanu_auf_der_Weser-c-HMT.jpg","datePublished":"2023-11-02T08:47:40+00:00","dateModified":"2023-11-02T17:00:14+00:00","breadcrumb":{"@id":"https:\/\/9staedte.de\/fr\/hamelin-la-legendaire-ville-du-joueur-de-flute\/hamelin-decouverte-durable\/#breadcrumb"},"inLanguage":"fr-FR","potentialAction":[{"@type":"ReadAction","target":["https:\/\/9staedte.de\/fr\/hamelin-la-legendaire-ville-du-joueur-de-flute\/hamelin-decouverte-durable\/"]}]},{"@type":"ImageObject","inLanguage":"fr-FR","@id":"https:\/\/9staedte.de\/fr\/hamelin-la-legendaire-ville-du-joueur-de-flute\/hamelin-decouverte-durable\/#primaryimage","url":"https:\/\/9staedte.de\/wp-content\/uploads\/2023\/02\/Kanu_auf_der_Weser-c-HMT.jpg","contentUrl":"https:\/\/9staedte.de\/wp-content\/uploads\/2023\/02\/Kanu_auf_der_Weser-c-HMT.jpg","width":1020,"height":560,"caption":"Kanu_auf_der_Weser c) HMT"},{"@type":"BreadcrumbList","@id":"https:\/\/9staedte.de\/fr\/hamelin-la-legendaire-ville-du-joueur-de-flute\/hamelin-decouverte-durable\/#breadcrumb","itemListElement":[{"@type":"ListItem","position":1,"name":"Startseite","item":"https:\/\/9staedte.de\/fr\/"},{"@type":"ListItem","position":2,"name":"Hamelin &#8211; la l\u00e9gendaire ville du joueur de fl\u00fbte","item":"https:\/\/9staedte.de\/fr\/hamelin-la-legendaire-ville-du-joueur-de-flute\/"},{"@type":"ListItem","position":3,"name":"Hamelin &#8211; d\u00e9couverte durable"}]},{"@type":"WebSite","@id":"https:\/\/9staedte.de\/fr\/#website","url":"https:\/\/9staedte.de\/fr\/","name":"9 St\u00e4dte in Niedersachsen","description":"","publisher":{"@id":"https:\/\/9staedte.de\/fr\/#organization"},"potentialAction":[{"@type":"SearchAction","target":{"@type":"EntryPoint","urlTemplate":"https:\/\/9staedte.de\/fr\/?s={search_term_string}"},"query-input":{"@type":"PropertyValueSpecification","valueRequired":true,"valueName":"search_term_string"}}],"inLanguage":"fr-FR"},{"@type":"Organization","@id":"https:\/\/9staedte.de\/fr\/#organization","name":"9 St\u00e4dte in Niedersachsen","url":"https:\/\/9staedte.de\/fr\/","logo":{"@type":"ImageObject","inLanguage":"fr-FR","@id":"https:\/\/9staedte.de\/fr\/#\/schema\/logo\/image\/","url":"https:\/\/9staedte.de\/wp-content\/uploads\/2025\/01\/9-neg-deutsch-2-1.png","contentUrl":"https:\/\/9staedte.de\/wp-content\/uploads\/2025\/01\/9-neg-deutsch-2-1.png","width":190,"height":114,"caption":"9 St\u00e4dte in Niedersachsen"},"image":{"@id":"https:\/\/9staedte.de\/fr\/#\/schema\/logo\/image\/"}}]}},"_links":{"self":[{"href":"https:\/\/9staedte.de\/fr\/wp-json\/wp\/v2\/pages\/17156","targetHints":{"allow":["GET"]}}],"collection":[{"href":"https:\/\/9staedte.de\/fr\/wp-json\/wp\/v2\/pages"}],"about":[{"href":"https:\/\/9staedte.de\/fr\/wp-json\/wp\/v2\/types\/page"}],"author":[{"embeddable":true,"href":"https:\/\/9staedte.de\/fr\/wp-json\/wp\/v2\/users\/1"}],"replies":[{"embeddable":true,"href":"https:\/\/9staedte.de\/fr\/wp-json\/wp\/v2\/comments?post=17156"}],"version-history":[{"count":1,"href":"https:\/\/9staedte.de\/fr\/wp-json\/wp\/v2\/pages\/17156\/revisions"}],"predecessor-version":[{"id":19894,"href":"https:\/\/9staedte.de\/fr\/wp-json\/wp\/v2\/pages\/17156\/revisions\/19894"}],"up":[{"embeddable":true,"href":"https:\/\/9staedte.de\/fr\/wp-json\/wp\/v2\/pages\/18046"}],"wp:featuredmedia":[{"embeddable":true,"href":"https:\/\/9staedte.de\/fr\/wp-json\/wp\/v2\/media\/17165"}],"wp:attachment":[{"href":"https:\/\/9staedte.de\/fr\/wp-json\/wp\/v2\/media?parent=17156"}],"wp:term":[{"taxonomy":"category","embeddable":true,"href":"https:\/\/9staedte.de\/fr\/wp-json\/wp\/v2\/categories?post=17156"},{"taxonomy":"post_tag","embeddable":true,"href":"https:\/\/9staedte.de\/fr\/wp-json\/wp\/v2\/tags?post=17156"},{"taxonomy":"ncap_cities_tax","embeddable":true,"href":"https:\/\/9staedte.de\/fr\/wp-json\/wp\/v2\/ncap_cities_tax?post=17156"}],"curies":[{"name":"wp","href":"https:\/\/api.w.org\/{rel}","templated":true}]}}