{"id":17138,"date":"2023-11-02T09:47:17","date_gmt":"2023-11-02T08:47:17","guid":{"rendered":"https:\/\/9staedte.de\/reunions-et-congres-a-hanovre\/"},"modified":"2025-03-07T12:56:46","modified_gmt":"2025-03-07T11:56:46","slug":"reunions-et-congres-a-hanovre","status":"publish","type":"page","link":"https:\/\/9staedte.de\/fr\/hanovre-capitale-de-la-basse-saxe\/reunions-et-congres-a-hanovre\/","title":{"rendered":"R\u00e9unions et congr\u00e8s \u00e0 Hanovre"},"content":{"rendered":"\n\n<div class=\"banner-wrapper\">\n  <div class=\"banner-inner \">\n      <div class=\"img-container\">\n      <div class=\"img-wrapper\">\n        <img decoding=\"async\" src=\"https:\/\/9staedte.de\/wp-content\/smush-webp\/2023\/02\/HMTG_Europakarte_200x200.jpg.webp\" alt=\"\" \/>\n                  <div class=\"thumbnail-label\">\n            <span>Hannover HMTG_Europakarte_200x200<\/span>\n          <\/div>\n              <\/div>\n    <\/div>\n        <div class=\"text-container\">\n      <div class=\"content\">\n        <h3><strong>Hannover &#8211; Zentraler Wirtschafts- und Kongressstandort<\/strong><\/h3>\n<p><strong>Die Messe- und Kongressmetropole im Herzen Europas<br \/>\n<\/strong>Als weltweit bedeutende Messestadt blickt Hannover auf eine \u00fcber 75-j\u00e4hrige Tradition zur\u00fcck. Das hannoversche Messegel\u00e4nde ist Schauplatz f\u00fcr internationale Leitmessen wie die HANNOVER MESSE, IAA Transportation, DOMOTEX, LIGNA, EMO oder AGRITECHNICA. Auch als Konferenz- und Kongressort spielt Hannover eine wichtige Rolle und beeindruckt mit einer gro\u00dfen Auswahl von au\u00dfergew\u00f6hnlichen Locations.<\/p>\n<p><strong>Made in Hannover<\/strong><br \/>\nNamhafte Marken und Weltkonzerne verleihen der Wirtschaftsregion internationale Strahlkraft: Bahlsen, KIND H\u00f6rger\u00e4te, Komatsu-Hanomag, Rossmann, Sennheiser electronic und die TUI sind hier ans\u00e4ssig. Besondere Bedeutung haben die Automobilindustrie (Volkswagen Nutzfahrzeuge und Continental) sowie die Versicherungs- und Finanzdienstleistungsbranche. Und auch eine florierende Startup-Szene Wirtschaftsplatz Hannover.<\/p>\n<p>&nbsp;<\/p>\n<p>&nbsp;<\/p>\n      <\/div>\n    <\/div>\n    <\/div>\n<\/div>\n\n\n\n\r\n\r\n    <div class=\"filter-posts\">\r\n            <div  id=\"filterContent\">\r\n                                                        \n<div class=\"contentKachel filtr-item\" data-category=\"hannover-fr\">\n    <a href=\"https:\/\/9staedte.de\/fr\/bureau-des-congres-et-des-evenements-de-hanovre-un-service-parfait-dune-seule-main\/\">\n        <div class=\"contentKachel-inner\">\n                            <div class=\"contentKachel-thumbnail\">\n                    <img loading=\"lazy\" decoding=\"async\" width=\"300\" height=\"164\" src=\"https:\/\/9staedte.de\/wp-content\/smush-webp\/2023\/02\/Deutsche-Messe-Halle-19-c-Marc-Winkel-Fotografie-300x164.jpg.webp\" class=\"objectfitcover withfilters wp-post-image\" alt=\"L\u2019image montre un grand b\u00e2timent d\u2019exposition. Le b\u00e2timent a beaucoup de fen\u00eatres et est bien \u00e9clair\u00e9. C\u2019est le soir, le ciel est bleu et rose. De petits arbres se trouvent devant le b\u00e2timent. Le b\u00e2timent s\u2019appelle Hall 19 de la Deutsche Messe \u00e0 Hanovre.\" srcset=\"https:\/\/9staedte.de\/wp-content\/smush-webp\/2023\/02\/Deutsche-Messe-Halle-19-c-Marc-Winkel-Fotografie-300x164.jpg.webp 300w, https:\/\/9staedte.de\/wp-content\/smush-webp\/2023\/02\/Deutsche-Messe-Halle-19-c-Marc-Winkel-Fotografie-768x421.jpg.webp 768w, https:\/\/9staedte.de\/wp-content\/smush-webp\/2023\/02\/Deutsche-Messe-Halle-19-c-Marc-Winkel-Fotografie.jpg.webp 1020w\" sizes=\"auto, (max-width: 300px) 100vw, 300px\" \/>                    <img loading=\"lazy\" decoding=\"async\" width=\"300\" height=\"164\" src=\"https:\/\/9staedte.de\/wp-content\/smush-webp\/2023\/02\/Deutsche-Messe-Halle-19-c-Marc-Winkel-Fotografie-300x164.jpg.webp\" class=\"objectfitcontain wp-post-image\" alt=\"L\u2019image montre un grand b\u00e2timent d\u2019exposition. Le b\u00e2timent a beaucoup de fen\u00eatres et est bien \u00e9clair\u00e9. C\u2019est le soir, le ciel est bleu et rose. De petits arbres se trouvent devant le b\u00e2timent. Le b\u00e2timent s\u2019appelle Hall 19 de la Deutsche Messe \u00e0 Hanovre.\" srcset=\"https:\/\/9staedte.de\/wp-content\/smush-webp\/2023\/02\/Deutsche-Messe-Halle-19-c-Marc-Winkel-Fotografie-300x164.jpg.webp 300w, https:\/\/9staedte.de\/wp-content\/smush-webp\/2023\/02\/Deutsche-Messe-Halle-19-c-Marc-Winkel-Fotografie-768x421.jpg.webp 768w, https:\/\/9staedte.de\/wp-content\/smush-webp\/2023\/02\/Deutsche-Messe-Halle-19-c-Marc-Winkel-Fotografie.jpg.webp 1020w\" sizes=\"auto, (max-width: 300px) 100vw, 300px\" \/>                        <div class=\"thumbnail-label\">\n    <span>Deutsche Messe Halle 19 c) Marc Winkel Fotografie<\/span>\n    <\/div>\n                <\/div>\n                        <div class=\"contentKachel-content\">\n                                    <div class=\"city-tag bg-hannover\">\n                        Hannover                    <\/div>\n                \n                <div class=\"title\">\n\n                    Hannover Convention Bureau &#8211; Un service parfait d&rsquo;une seule main                    \n                <\/div>\n\n                            <\/div>\n\n        <\/div>\n    <\/a>\n<\/div>                                                        \n<div class=\"contentKachel filtr-item\" data-category=\"hannover-fr\">\n    <a href=\"https:\/\/9staedte.de\/fr\/bureau-des-congres-et-evenements-de-hanovre-locationportal\/\">\n        <div class=\"contentKachel-inner\">\n                            <div class=\"contentKachel-thumbnail\">\n                    <img loading=\"lazy\" decoding=\"async\" width=\"300\" height=\"165\" src=\"https:\/\/9staedte.de\/wp-content\/smush-webp\/2022\/06\/Kuppelsaal-2-\u00a9-R.-Droese-300x165.jpg.webp\" class=\"objectfitcover withfilters wp-post-image\" alt=\"L\u2019image montre une grande salle de concert. La salle est ronde. Il y a beaucoup de si\u00e8ges violets. Le plafond est rond et haut. De grandes lampes pendent du plafond. La salle s\u2019appelle Kuppelsaal au Hannover Congress Centrum.\" srcset=\"https:\/\/9staedte.de\/wp-content\/smush-webp\/2022\/06\/Kuppelsaal-2-\u00a9-R.-Droese-300x165.jpg.webp 300w, https:\/\/9staedte.de\/wp-content\/smush-webp\/2022\/06\/Kuppelsaal-2-\u00a9-R.-Droese-768x422.jpg.webp 768w, https:\/\/9staedte.de\/wp-content\/smush-webp\/2022\/06\/Kuppelsaal-2-\u00a9-R.-Droese.jpg.webp 1020w\" sizes=\"auto, (max-width: 300px) 100vw, 300px\" \/>                    <img loading=\"lazy\" decoding=\"async\" width=\"300\" height=\"165\" src=\"https:\/\/9staedte.de\/wp-content\/smush-webp\/2022\/06\/Kuppelsaal-2-\u00a9-R.-Droese-300x165.jpg.webp\" class=\"objectfitcontain wp-post-image\" alt=\"L\u2019image montre une grande salle de concert. La salle est ronde. Il y a beaucoup de si\u00e8ges violets. Le plafond est rond et haut. De grandes lampes pendent du plafond. La salle s\u2019appelle Kuppelsaal au Hannover Congress Centrum.\" srcset=\"https:\/\/9staedte.de\/wp-content\/smush-webp\/2022\/06\/Kuppelsaal-2-\u00a9-R.-Droese-300x165.jpg.webp 300w, https:\/\/9staedte.de\/wp-content\/smush-webp\/2022\/06\/Kuppelsaal-2-\u00a9-R.-Droese-768x422.jpg.webp 768w, https:\/\/9staedte.de\/wp-content\/smush-webp\/2022\/06\/Kuppelsaal-2-\u00a9-R.-Droese.jpg.webp 1020w\" sizes=\"auto, (max-width: 300px) 100vw, 300px\" \/>                        <div class=\"thumbnail-label\">\n    <span>HCC Kuppelsaal c) R. Dr\u00f6se<\/span>\n    <\/div>\n                <\/div>\n                        <div class=\"contentKachel-content\">\n                                    <div class=\"city-tag bg-hannover\">\n                        Hannover                    <\/div>\n                \n                <div class=\"title\">\n\n                    Hannover Convention Bureau &#8211; Locationportal                    \n                <\/div>\n\n                            <\/div>\n\n        <\/div>\n    <\/a>\n<\/div>                                                        \n<div class=\"contentKachel filtr-item\" data-category=\"hannover-fr\">\n    <a href=\"https:\/\/9staedte.de\/fr\/hannover-locations-pour-reunions-salons-et-congres-en-360\/\">\n        <div class=\"contentKachel-inner\">\n                            <div class=\"contentKachel-thumbnail\">\n                    <img loading=\"lazy\" decoding=\"async\" width=\"300\" height=\"150\" src=\"https:\/\/9staedte.de\/wp-content\/smush-webp\/2023\/02\/Little-Planet-Messe-21-300x150.jpg.webp\" class=\"objectfitcover withfilters wp-post-image\" alt=\"L\u2019image montre le site du salon \u00e0 Hanovre. Elle a \u00e9t\u00e9 prise avec une cam\u00e9ra sp\u00e9ciale. Le site ressemble \u00e0 un petit monde rond. On voit un grand b\u00e2timent en verre. Le ciel est bleu avec quelques nuages. Le centre est pav\u00e9. L\u2019image ressemble \u00e0 une petite plan\u00e8te vue d\u2019en haut.\" srcset=\"https:\/\/9staedte.de\/wp-content\/smush-webp\/2023\/02\/Little-Planet-Messe-21-300x150.jpg.webp 300w, https:\/\/9staedte.de\/wp-content\/smush-webp\/2023\/02\/Little-Planet-Messe-21-768x384.jpg.webp 768w, https:\/\/9staedte.de\/wp-content\/smush-webp\/2023\/02\/Little-Planet-Messe-21.jpg.webp 1020w\" sizes=\"auto, (max-width: 300px) 100vw, 300px\" \/>                    <img loading=\"lazy\" decoding=\"async\" width=\"300\" height=\"150\" src=\"https:\/\/9staedte.de\/wp-content\/smush-webp\/2023\/02\/Little-Planet-Messe-21-300x150.jpg.webp\" class=\"objectfitcontain wp-post-image\" alt=\"L\u2019image montre le site du salon \u00e0 Hanovre. Elle a \u00e9t\u00e9 prise avec une cam\u00e9ra sp\u00e9ciale. Le site ressemble \u00e0 un petit monde rond. On voit un grand b\u00e2timent en verre. Le ciel est bleu avec quelques nuages. Le centre est pav\u00e9. L\u2019image ressemble \u00e0 une petite plan\u00e8te vue d\u2019en haut.\" srcset=\"https:\/\/9staedte.de\/wp-content\/smush-webp\/2023\/02\/Little-Planet-Messe-21-300x150.jpg.webp 300w, https:\/\/9staedte.de\/wp-content\/smush-webp\/2023\/02\/Little-Planet-Messe-21-768x384.jpg.webp 768w, https:\/\/9staedte.de\/wp-content\/smush-webp\/2023\/02\/Little-Planet-Messe-21.jpg.webp 1020w\" sizes=\"auto, (max-width: 300px) 100vw, 300px\" \/>                        <div class=\"thumbnail-label\">\n    <span>360\u00b0 Hannover Messegel\u00e4nde c) HMTG<\/span>\n    <\/div>\n                <\/div>\n                        <div class=\"contentKachel-content\">\n                                    <div class=\"city-tag bg-hannover\">\n                        Hannover                    <\/div>\n                \n                <div class=\"title\">\n\n                    Hannover Locations pour r\u00e9unions, salons et congr\u00e8s en 360                    \n                <\/div>\n\n                            <\/div>\n\n        <\/div>\n    <\/a>\n<\/div>                                            <\/div>\r\n    <\/div>\r\n","protected":false},"excerpt":{"rendered":"","protected":false},"author":1,"featured_media":17143,"parent":18000,"menu_order":0,"comment_status":"closed","ping_status":"closed","template":"pagetemplates\/template-stadtthema.php","meta":{"_acf_changed":false,"footnotes":""},"categories":[],"tags":[],"ncap_cities_tax":[457,1164],"class_list":["post-17138","page","type-page","status-publish","has-post-thumbnail","hentry","ncap_cities_tax-hannover-fr","ncap_cities_tax-tagungen-und-kongresse-hannover-fr"],"acf":[],"yoast_head":"<!-- This site is optimized with the Yoast SEO plugin v27.4 - https:\/\/yoast.com\/product\/yoast-seo-wordpress\/ -->\n<title>R\u00e9unions et congr\u00e8s \u00e0 Hanovre - 9 St\u00e4dte in Niedersachsen<\/title>\n<meta name=\"robots\" content=\"index, follow, max-snippet:-1, max-image-preview:large, max-video-preview:-1\" \/>\n<link rel=\"canonical\" href=\"https:\/\/9staedte.de\/fr\/hanovre-capitale-de-la-basse-saxe\/reunions-et-congres-a-hanovre\/\" \/>\n<meta property=\"og:locale\" content=\"fr_FR\" \/>\n<meta property=\"og:type\" content=\"article\" \/>\n<meta property=\"og:title\" content=\"R\u00e9unions et congr\u00e8s \u00e0 Hanovre - 9 St\u00e4dte in Niedersachsen\" \/>\n<meta property=\"og:url\" content=\"https:\/\/9staedte.de\/fr\/hanovre-capitale-de-la-basse-saxe\/reunions-et-congres-a-hanovre\/\" \/>\n<meta property=\"og:site_name\" content=\"9 St\u00e4dte in Niedersachsen\" \/>\n<meta property=\"article:modified_time\" content=\"2025-03-07T11:56:46+00:00\" \/>\n<meta property=\"og:image\" content=\"https:\/\/9staedte.de\/wp-content\/uploads\/2023\/02\/Veranstaltung-im-Schloss-Herrenhausen-c-Bjoern-Kuessner.jpg\" \/>\n\t<meta property=\"og:image:width\" content=\"1020\" \/>\n\t<meta property=\"og:image:height\" content=\"559\" \/>\n\t<meta property=\"og:image:type\" content=\"image\/jpeg\" \/>\n<meta name=\"twitter:card\" content=\"summary_large_image\" \/>\n<meta name=\"twitter:label1\" content=\"Dur\u00e9e de lecture estim\u00e9e\" \/>\n\t<meta name=\"twitter:data1\" content=\"1 minute\" \/>\n<script type=\"application\/ld+json\" class=\"yoast-schema-graph\">{\"@context\":\"https:\\\/\\\/schema.org\",\"@graph\":[{\"@type\":\"WebPage\",\"@id\":\"https:\\\/\\\/9staedte.de\\\/fr\\\/hanovre-capitale-de-la-basse-saxe\\\/reunions-et-congres-a-hanovre\\\/\",\"url\":\"https:\\\/\\\/9staedte.de\\\/fr\\\/hanovre-capitale-de-la-basse-saxe\\\/reunions-et-congres-a-hanovre\\\/\",\"name\":\"R\u00e9unions et congr\u00e8s \u00e0 Hanovre - 9 St\u00e4dte in Niedersachsen\",\"isPartOf\":{\"@id\":\"https:\\\/\\\/9staedte.de\\\/fr\\\/#website\"},\"primaryImageOfPage\":{\"@id\":\"https:\\\/\\\/9staedte.de\\\/fr\\\/hanovre-capitale-de-la-basse-saxe\\\/reunions-et-congres-a-hanovre\\\/#primaryimage\"},\"image\":{\"@id\":\"https:\\\/\\\/9staedte.de\\\/fr\\\/hanovre-capitale-de-la-basse-saxe\\\/reunions-et-congres-a-hanovre\\\/#primaryimage\"},\"thumbnailUrl\":\"https:\\\/\\\/9staedte.de\\\/wp-content\\\/uploads\\\/2023\\\/02\\\/Veranstaltung-im-Schloss-Herrenhausen-c-Bjoern-Kuessner.jpg\",\"datePublished\":\"2023-11-02T08:47:17+00:00\",\"dateModified\":\"2025-03-07T11:56:46+00:00\",\"breadcrumb\":{\"@id\":\"https:\\\/\\\/9staedte.de\\\/fr\\\/hanovre-capitale-de-la-basse-saxe\\\/reunions-et-congres-a-hanovre\\\/#breadcrumb\"},\"inLanguage\":\"fr-FR\",\"potentialAction\":[{\"@type\":\"ReadAction\",\"target\":[\"https:\\\/\\\/9staedte.de\\\/fr\\\/hanovre-capitale-de-la-basse-saxe\\\/reunions-et-congres-a-hanovre\\\/\"]}]},{\"@type\":\"ImageObject\",\"inLanguage\":\"fr-FR\",\"@id\":\"https:\\\/\\\/9staedte.de\\\/fr\\\/hanovre-capitale-de-la-basse-saxe\\\/reunions-et-congres-a-hanovre\\\/#primaryimage\",\"url\":\"https:\\\/\\\/9staedte.de\\\/wp-content\\\/uploads\\\/2023\\\/02\\\/Veranstaltung-im-Schloss-Herrenhausen-c-Bjoern-Kuessner.jpg\",\"contentUrl\":\"https:\\\/\\\/9staedte.de\\\/wp-content\\\/uploads\\\/2023\\\/02\\\/Veranstaltung-im-Schloss-Herrenhausen-c-Bjoern-Kuessner.jpg\",\"width\":1020,\"height\":559,\"caption\":\"Veranstaltung im Schloss Herrenhausen c) Bj\u00f6rn K\u00fcssner\"},{\"@type\":\"BreadcrumbList\",\"@id\":\"https:\\\/\\\/9staedte.de\\\/fr\\\/hanovre-capitale-de-la-basse-saxe\\\/reunions-et-congres-a-hanovre\\\/#breadcrumb\",\"itemListElement\":[{\"@type\":\"ListItem\",\"position\":1,\"name\":\"Startseite\",\"item\":\"https:\\\/\\\/9staedte.de\\\/fr\\\/\"},{\"@type\":\"ListItem\",\"position\":2,\"name\":\"Hanovre &#8211; capitale de la Basse-Saxe\",\"item\":\"https:\\\/\\\/9staedte.de\\\/fr\\\/hanovre-capitale-de-la-basse-saxe\\\/\"},{\"@type\":\"ListItem\",\"position\":3,\"name\":\"R\u00e9unions et congr\u00e8s \u00e0 Hanovre\"}]},{\"@type\":\"WebSite\",\"@id\":\"https:\\\/\\\/9staedte.de\\\/fr\\\/#website\",\"url\":\"https:\\\/\\\/9staedte.de\\\/fr\\\/\",\"name\":\"9 St\u00e4dte in Niedersachsen\",\"description\":\"\",\"publisher\":{\"@id\":\"https:\\\/\\\/9staedte.de\\\/fr\\\/#organization\"},\"potentialAction\":[{\"@type\":\"SearchAction\",\"target\":{\"@type\":\"EntryPoint\",\"urlTemplate\":\"https:\\\/\\\/9staedte.de\\\/fr\\\/?s={search_term_string}\"},\"query-input\":{\"@type\":\"PropertyValueSpecification\",\"valueRequired\":true,\"valueName\":\"search_term_string\"}}],\"inLanguage\":\"fr-FR\"},{\"@type\":\"Organization\",\"@id\":\"https:\\\/\\\/9staedte.de\\\/fr\\\/#organization\",\"name\":\"9 St\u00e4dte in Niedersachsen\",\"url\":\"https:\\\/\\\/9staedte.de\\\/fr\\\/\",\"logo\":{\"@type\":\"ImageObject\",\"inLanguage\":\"fr-FR\",\"@id\":\"https:\\\/\\\/9staedte.de\\\/fr\\\/#\\\/schema\\\/logo\\\/image\\\/\",\"url\":\"https:\\\/\\\/9staedte.de\\\/wp-content\\\/uploads\\\/2025\\\/01\\\/9-neg-deutsch-2-1.png\",\"contentUrl\":\"https:\\\/\\\/9staedte.de\\\/wp-content\\\/uploads\\\/2025\\\/01\\\/9-neg-deutsch-2-1.png\",\"width\":190,\"height\":114,\"caption\":\"9 St\u00e4dte in Niedersachsen\"},\"image\":{\"@id\":\"https:\\\/\\\/9staedte.de\\\/fr\\\/#\\\/schema\\\/logo\\\/image\\\/\"}}]}<\/script>\n<!-- \/ Yoast SEO plugin. -->","yoast_head_json":{"title":"R\u00e9unions et congr\u00e8s \u00e0 Hanovre - 9 St\u00e4dte in Niedersachsen","robots":{"index":"index","follow":"follow","max-snippet":"max-snippet:-1","max-image-preview":"max-image-preview:large","max-video-preview":"max-video-preview:-1"},"canonical":"https:\/\/9staedte.de\/fr\/hanovre-capitale-de-la-basse-saxe\/reunions-et-congres-a-hanovre\/","og_locale":"fr_FR","og_type":"article","og_title":"R\u00e9unions et congr\u00e8s \u00e0 Hanovre - 9 St\u00e4dte in Niedersachsen","og_url":"https:\/\/9staedte.de\/fr\/hanovre-capitale-de-la-basse-saxe\/reunions-et-congres-a-hanovre\/","og_site_name":"9 St\u00e4dte in Niedersachsen","article_modified_time":"2025-03-07T11:56:46+00:00","og_image":[{"width":1020,"height":559,"url":"https:\/\/9staedte.de\/wp-content\/uploads\/2023\/02\/Veranstaltung-im-Schloss-Herrenhausen-c-Bjoern-Kuessner.jpg","type":"image\/jpeg"}],"twitter_card":"summary_large_image","twitter_misc":{"Dur\u00e9e de lecture estim\u00e9e":"1 minute"},"schema":{"@context":"https:\/\/schema.org","@graph":[{"@type":"WebPage","@id":"https:\/\/9staedte.de\/fr\/hanovre-capitale-de-la-basse-saxe\/reunions-et-congres-a-hanovre\/","url":"https:\/\/9staedte.de\/fr\/hanovre-capitale-de-la-basse-saxe\/reunions-et-congres-a-hanovre\/","name":"R\u00e9unions et congr\u00e8s \u00e0 Hanovre - 9 St\u00e4dte in Niedersachsen","isPartOf":{"@id":"https:\/\/9staedte.de\/fr\/#website"},"primaryImageOfPage":{"@id":"https:\/\/9staedte.de\/fr\/hanovre-capitale-de-la-basse-saxe\/reunions-et-congres-a-hanovre\/#primaryimage"},"image":{"@id":"https:\/\/9staedte.de\/fr\/hanovre-capitale-de-la-basse-saxe\/reunions-et-congres-a-hanovre\/#primaryimage"},"thumbnailUrl":"https:\/\/9staedte.de\/wp-content\/uploads\/2023\/02\/Veranstaltung-im-Schloss-Herrenhausen-c-Bjoern-Kuessner.jpg","datePublished":"2023-11-02T08:47:17+00:00","dateModified":"2025-03-07T11:56:46+00:00","breadcrumb":{"@id":"https:\/\/9staedte.de\/fr\/hanovre-capitale-de-la-basse-saxe\/reunions-et-congres-a-hanovre\/#breadcrumb"},"inLanguage":"fr-FR","potentialAction":[{"@type":"ReadAction","target":["https:\/\/9staedte.de\/fr\/hanovre-capitale-de-la-basse-saxe\/reunions-et-congres-a-hanovre\/"]}]},{"@type":"ImageObject","inLanguage":"fr-FR","@id":"https:\/\/9staedte.de\/fr\/hanovre-capitale-de-la-basse-saxe\/reunions-et-congres-a-hanovre\/#primaryimage","url":"https:\/\/9staedte.de\/wp-content\/uploads\/2023\/02\/Veranstaltung-im-Schloss-Herrenhausen-c-Bjoern-Kuessner.jpg","contentUrl":"https:\/\/9staedte.de\/wp-content\/uploads\/2023\/02\/Veranstaltung-im-Schloss-Herrenhausen-c-Bjoern-Kuessner.jpg","width":1020,"height":559,"caption":"Veranstaltung im Schloss Herrenhausen c) Bj\u00f6rn K\u00fcssner"},{"@type":"BreadcrumbList","@id":"https:\/\/9staedte.de\/fr\/hanovre-capitale-de-la-basse-saxe\/reunions-et-congres-a-hanovre\/#breadcrumb","itemListElement":[{"@type":"ListItem","position":1,"name":"Startseite","item":"https:\/\/9staedte.de\/fr\/"},{"@type":"ListItem","position":2,"name":"Hanovre &#8211; capitale de la Basse-Saxe","item":"https:\/\/9staedte.de\/fr\/hanovre-capitale-de-la-basse-saxe\/"},{"@type":"ListItem","position":3,"name":"R\u00e9unions et congr\u00e8s \u00e0 Hanovre"}]},{"@type":"WebSite","@id":"https:\/\/9staedte.de\/fr\/#website","url":"https:\/\/9staedte.de\/fr\/","name":"9 St\u00e4dte in Niedersachsen","description":"","publisher":{"@id":"https:\/\/9staedte.de\/fr\/#organization"},"potentialAction":[{"@type":"SearchAction","target":{"@type":"EntryPoint","urlTemplate":"https:\/\/9staedte.de\/fr\/?s={search_term_string}"},"query-input":{"@type":"PropertyValueSpecification","valueRequired":true,"valueName":"search_term_string"}}],"inLanguage":"fr-FR"},{"@type":"Organization","@id":"https:\/\/9staedte.de\/fr\/#organization","name":"9 St\u00e4dte in Niedersachsen","url":"https:\/\/9staedte.de\/fr\/","logo":{"@type":"ImageObject","inLanguage":"fr-FR","@id":"https:\/\/9staedte.de\/fr\/#\/schema\/logo\/image\/","url":"https:\/\/9staedte.de\/wp-content\/uploads\/2025\/01\/9-neg-deutsch-2-1.png","contentUrl":"https:\/\/9staedte.de\/wp-content\/uploads\/2025\/01\/9-neg-deutsch-2-1.png","width":190,"height":114,"caption":"9 St\u00e4dte in Niedersachsen"},"image":{"@id":"https:\/\/9staedte.de\/fr\/#\/schema\/logo\/image\/"}}]}},"_links":{"self":[{"href":"https:\/\/9staedte.de\/fr\/wp-json\/wp\/v2\/pages\/17138","targetHints":{"allow":["GET"]}}],"collection":[{"href":"https:\/\/9staedte.de\/fr\/wp-json\/wp\/v2\/pages"}],"about":[{"href":"https:\/\/9staedte.de\/fr\/wp-json\/wp\/v2\/types\/page"}],"author":[{"embeddable":true,"href":"https:\/\/9staedte.de\/fr\/wp-json\/wp\/v2\/users\/1"}],"replies":[{"embeddable":true,"href":"https:\/\/9staedte.de\/fr\/wp-json\/wp\/v2\/comments?post=17138"}],"version-history":[{"count":2,"href":"https:\/\/9staedte.de\/fr\/wp-json\/wp\/v2\/pages\/17138\/revisions"}],"predecessor-version":[{"id":24882,"href":"https:\/\/9staedte.de\/fr\/wp-json\/wp\/v2\/pages\/17138\/revisions\/24882"}],"up":[{"embeddable":true,"href":"https:\/\/9staedte.de\/fr\/wp-json\/wp\/v2\/pages\/18000"}],"wp:featuredmedia":[{"embeddable":true,"href":"https:\/\/9staedte.de\/fr\/wp-json\/wp\/v2\/media\/17143"}],"wp:attachment":[{"href":"https:\/\/9staedte.de\/fr\/wp-json\/wp\/v2\/media?parent=17138"}],"wp:term":[{"taxonomy":"category","embeddable":true,"href":"https:\/\/9staedte.de\/fr\/wp-json\/wp\/v2\/categories?post=17138"},{"taxonomy":"post_tag","embeddable":true,"href":"https:\/\/9staedte.de\/fr\/wp-json\/wp\/v2\/tags?post=17138"},{"taxonomy":"ncap_cities_tax","embeddable":true,"href":"https:\/\/9staedte.de\/fr\/wp-json\/wp\/v2\/ncap_cities_tax?post=17138"}],"curies":[{"name":"wp","href":"https:\/\/api.w.org\/{rel}","templated":true}]}}