{"id":17122,"date":"2023-11-02T09:47:11","date_gmt":"2023-11-02T08:47:11","guid":{"rendered":"https:\/\/9staedte.de\/visites-guidees-a-hanovre\/"},"modified":"2023-11-02T18:06:59","modified_gmt":"2023-11-02T17:06:59","slug":"visites-guidees-a-hanovre","status":"publish","type":"page","link":"https:\/\/9staedte.de\/fr\/hanovre-capitale-de-la-basse-saxe\/visites-guidees-a-hanovre\/","title":{"rendered":"Visites guid\u00e9es \u00e0 Hanovre"},"content":{"rendered":"\r\n\r\n    <div class=\"filter-posts\">\r\n            <div  id=\"filterContent\">\r\n                                                        \n<div class=\"contentKachel filtr-item\" data-category=\"hannover-fr\">\n    <a href=\"https:\/\/9staedte.de\/fr\/decouvrir-hanovre-par-soi-meme\/\">\n        <div class=\"contentKachel-inner\">\n                            <div class=\"contentKachel-thumbnail\">\n                    <img loading=\"lazy\" decoding=\"async\" width=\"300\" height=\"165\" src=\"https:\/\/9staedte.de\/wp-content\/smush-webp\/2022\/06\/Roter-Faden-Lars-Gerhardts-16-300x165.jpg.webp\" class=\"objectfitcover withfilters wp-post-image\" alt=\"\" srcset=\"https:\/\/9staedte.de\/wp-content\/smush-webp\/2022\/06\/Roter-Faden-Lars-Gerhardts-16-300x165.jpg.webp 300w, https:\/\/9staedte.de\/wp-content\/smush-webp\/2022\/06\/Roter-Faden-Lars-Gerhardts-16-768x423.jpg.webp 768w, https:\/\/9staedte.de\/wp-content\/smush-webp\/2022\/06\/Roter-Faden-Lars-Gerhardts-16.jpg.webp 1019w\" sizes=\"auto, (max-width: 300px) 100vw, 300px\" \/>                    <img loading=\"lazy\" decoding=\"async\" width=\"300\" height=\"165\" src=\"https:\/\/9staedte.de\/wp-content\/smush-webp\/2022\/06\/Roter-Faden-Lars-Gerhardts-16-300x165.jpg.webp\" class=\"objectfitcontain wp-post-image\" alt=\"\" srcset=\"https:\/\/9staedte.de\/wp-content\/smush-webp\/2022\/06\/Roter-Faden-Lars-Gerhardts-16-300x165.jpg.webp 300w, https:\/\/9staedte.de\/wp-content\/smush-webp\/2022\/06\/Roter-Faden-Lars-Gerhardts-16-768x423.jpg.webp 768w, https:\/\/9staedte.de\/wp-content\/smush-webp\/2022\/06\/Roter-Faden-Lars-Gerhardts-16.jpg.webp 1019w\" sizes=\"auto, (max-width: 300px) 100vw, 300px\" \/>                        <div class=\"thumbnail-label\">\n    <span>Roter Faden &#8211; c) Lars Gerhard<\/span>\n    <\/div>\n                <\/div>\n                        <div class=\"contentKachel-content\">\n                                    <div class=\"city-tag bg-hannover\">\n                        Hannover                    <\/div>\n                \n                <div class=\"title\">\n\n                    D\u00e9couvrir Hanovre par soi-m\u00eame                    \n                <\/div>\n\n                            <\/div>\n\n        <\/div>\n    <\/a>\n<\/div>                                                        \n<div class=\"contentKachel filtr-item\" data-category=\"hannover-fr\">\n    <a href=\"https:\/\/9staedte.de\/fr\/a-pied-vers-les-attractions-du-centre-ville\/\">\n        <div class=\"contentKachel-inner\">\n                            <div class=\"contentKachel-thumbnail\">\n                    <img loading=\"lazy\" decoding=\"async\" width=\"300\" height=\"165\" src=\"https:\/\/9staedte.de\/wp-content\/smush-webp\/2022\/06\/Hannover-Altstadt-c-HMTG-Lars-Gerhardts-300x165.jpg.webp\" class=\"objectfitcover withfilters wp-post-image\" alt=\"Sur la photo, on voit de vieilles maisons \u00e0 colombages. Elles sont dans la vieille ville de Hanovre. Au centre, il y a une grande \u00e9glise avec une tour. Des gens marchent dans la rue. Le soleil brille.\" srcset=\"https:\/\/9staedte.de\/wp-content\/smush-webp\/2022\/06\/Hannover-Altstadt-c-HMTG-Lars-Gerhardts-300x165.jpg.webp 300w, https:\/\/9staedte.de\/wp-content\/smush-webp\/2022\/06\/Hannover-Altstadt-c-HMTG-Lars-Gerhardts-768x422.jpg.webp 768w, https:\/\/9staedte.de\/wp-content\/smush-webp\/2022\/06\/Hannover-Altstadt-c-HMTG-Lars-Gerhardts.jpg.webp 1020w\" sizes=\"auto, (max-width: 300px) 100vw, 300px\" \/>                    <img loading=\"lazy\" decoding=\"async\" width=\"300\" height=\"165\" src=\"https:\/\/9staedte.de\/wp-content\/smush-webp\/2022\/06\/Hannover-Altstadt-c-HMTG-Lars-Gerhardts-300x165.jpg.webp\" class=\"objectfitcontain wp-post-image\" alt=\"Sur la photo, on voit de vieilles maisons \u00e0 colombages. Elles sont dans la vieille ville de Hanovre. Au centre, il y a une grande \u00e9glise avec une tour. Des gens marchent dans la rue. Le soleil brille.\" srcset=\"https:\/\/9staedte.de\/wp-content\/smush-webp\/2022\/06\/Hannover-Altstadt-c-HMTG-Lars-Gerhardts-300x165.jpg.webp 300w, https:\/\/9staedte.de\/wp-content\/smush-webp\/2022\/06\/Hannover-Altstadt-c-HMTG-Lars-Gerhardts-768x422.jpg.webp 768w, https:\/\/9staedte.de\/wp-content\/smush-webp\/2022\/06\/Hannover-Altstadt-c-HMTG-Lars-Gerhardts.jpg.webp 1020w\" sizes=\"auto, (max-width: 300px) 100vw, 300px\" \/>                        <div class=\"thumbnail-label\">\n    <span>Hannover Altstadt c) HMTG Lars Gerhardts<\/span>\n    <\/div>\n                <\/div>\n                        <div class=\"contentKachel-content\">\n                                    <div class=\"city-tag bg-hannover\">\n                        Hannover                    <\/div>\n                \n                <div class=\"title\">\n\n                    A pied vers les attractions du centre-ville                    \n                <\/div>\n\n                            <\/div>\n\n        <\/div>\n    <\/a>\n<\/div>                                                        \n<div class=\"contentKachel filtr-item\" data-category=\"hannover-fr\">\n    <a href=\"https:\/\/9staedte.de\/fr\/tour-de-ville-a-arrets-multiples-en-bus-a-deux-etages\/\">\n        <div class=\"contentKachel-inner\">\n                            <div class=\"contentKachel-thumbnail\">\n                    <img loading=\"lazy\" decoding=\"async\" width=\"300\" height=\"166\" src=\"https:\/\/9staedte.de\/wp-content\/smush-webp\/2022\/06\/Stadtrundfahrt-Hannover-c-HMTG-Lars-Gerhardts-300x166.jpg.webp\" class=\"objectfitcover withfilters wp-post-image\" alt=\"Un bus rouge \u00e0 deux \u00e9tages traverse la ville. Des personnes sont assises en haut et regardent autour d\u2019elles. Derri\u00e8re le bus, il y a un grand b\u00e2timent ancien. C\u2019est le nouvel h\u00f4tel de ville de Hanovre. Le ciel est bleu. Le soleil brille.\" srcset=\"https:\/\/9staedte.de\/wp-content\/smush-webp\/2022\/06\/Stadtrundfahrt-Hannover-c-HMTG-Lars-Gerhardts-300x166.jpg.webp 300w, https:\/\/9staedte.de\/wp-content\/smush-webp\/2022\/06\/Stadtrundfahrt-Hannover-c-HMTG-Lars-Gerhardts-768x424.jpg.webp 768w, https:\/\/9staedte.de\/wp-content\/smush-webp\/2022\/06\/Stadtrundfahrt-Hannover-c-HMTG-Lars-Gerhardts.jpg.webp 1017w\" sizes=\"auto, (max-width: 300px) 100vw, 300px\" \/>                    <img loading=\"lazy\" decoding=\"async\" width=\"300\" height=\"166\" src=\"https:\/\/9staedte.de\/wp-content\/smush-webp\/2022\/06\/Stadtrundfahrt-Hannover-c-HMTG-Lars-Gerhardts-300x166.jpg.webp\" class=\"objectfitcontain wp-post-image\" alt=\"Un bus rouge \u00e0 deux \u00e9tages traverse la ville. Des personnes sont assises en haut et regardent autour d\u2019elles. Derri\u00e8re le bus, il y a un grand b\u00e2timent ancien. C\u2019est le nouvel h\u00f4tel de ville de Hanovre. Le ciel est bleu. Le soleil brille.\" srcset=\"https:\/\/9staedte.de\/wp-content\/smush-webp\/2022\/06\/Stadtrundfahrt-Hannover-c-HMTG-Lars-Gerhardts-300x166.jpg.webp 300w, https:\/\/9staedte.de\/wp-content\/smush-webp\/2022\/06\/Stadtrundfahrt-Hannover-c-HMTG-Lars-Gerhardts-768x424.jpg.webp 768w, https:\/\/9staedte.de\/wp-content\/smush-webp\/2022\/06\/Stadtrundfahrt-Hannover-c-HMTG-Lars-Gerhardts.jpg.webp 1017w\" sizes=\"auto, (max-width: 300px) 100vw, 300px\" \/>                        <div class=\"thumbnail-label\">\n    <span>Stadtrundfahrt Hannover c) HMTG Lars Gerhardts<\/span>\n    <\/div>\n                <\/div>\n                        <div class=\"contentKachel-content\">\n                                    <div class=\"city-tag bg-hannover\">\n                        Hannover                    <\/div>\n                \n                <div class=\"title\">\n\n                    Tour de ville \u00e0 arr\u00eats multiples en bus \u00e0 deux \u00e9tages                    \n                <\/div>\n\n                            <\/div>\n\n        <\/div>\n    <\/a>\n<\/div>                                                        \n<div class=\"contentKachel filtr-item\" data-category=\"hannover-fr\">\n    <a href=\"https:\/\/9staedte.de\/fr\/hannovernascht-visite-guidee-culinaire-de-la-ville\/\">\n        <div class=\"contentKachel-inner\">\n                            <div class=\"contentKachel-thumbnail\">\n                    <img loading=\"lazy\" decoding=\"async\" width=\"300\" height=\"165\" src=\"https:\/\/9staedte.de\/wp-content\/smush-webp\/2022\/06\/Kulinarikrundfahrt-Lars-Gerhardts-14-300x165.jpg.webp\" class=\"objectfitcover withfilters wp-post-image\" alt=\"\" srcset=\"https:\/\/9staedte.de\/wp-content\/smush-webp\/2022\/06\/Kulinarikrundfahrt-Lars-Gerhardts-14-300x165.jpg.webp 300w, https:\/\/9staedte.de\/wp-content\/smush-webp\/2022\/06\/Kulinarikrundfahrt-Lars-Gerhardts-14-768x422.jpg.webp 768w, https:\/\/9staedte.de\/wp-content\/smush-webp\/2022\/06\/Kulinarikrundfahrt-Lars-Gerhardts-14.jpg.webp 1020w\" sizes=\"auto, (max-width: 300px) 100vw, 300px\" \/>                    <img loading=\"lazy\" decoding=\"async\" width=\"300\" height=\"165\" src=\"https:\/\/9staedte.de\/wp-content\/smush-webp\/2022\/06\/Kulinarikrundfahrt-Lars-Gerhardts-14-300x165.jpg.webp\" class=\"objectfitcontain wp-post-image\" alt=\"\" srcset=\"https:\/\/9staedte.de\/wp-content\/smush-webp\/2022\/06\/Kulinarikrundfahrt-Lars-Gerhardts-14-300x165.jpg.webp 300w, https:\/\/9staedte.de\/wp-content\/smush-webp\/2022\/06\/Kulinarikrundfahrt-Lars-Gerhardts-14-768x422.jpg.webp 768w, https:\/\/9staedte.de\/wp-content\/smush-webp\/2022\/06\/Kulinarikrundfahrt-Lars-Gerhardts-14.jpg.webp 1020w\" sizes=\"auto, (max-width: 300px) 100vw, 300px\" \/>                        <div class=\"thumbnail-label\">\n    <span>Kulinarikrundfahrt c) HMTG Lars Gerhardts <\/span>\n    <\/div>\n                <\/div>\n                        <div class=\"contentKachel-content\">\n                                    <div class=\"city-tag bg-hannover\">\n                        Hannover                    <\/div>\n                \n                <div class=\"title\">\n\n                    Hanno(ver)nascht &#8211; Visite guid\u00e9e culinaire de la ville                    \n                <\/div>\n\n                            <\/div>\n\n        <\/div>\n    <\/a>\n<\/div>                                                        \n<div class=\"contentKachel filtr-item\" data-category=\"hannover-fr\">\n    <a href=\"https:\/\/9staedte.de\/fr\/la-splendeur-royale-des-jardins-de-herrenhausen\/\">\n        <div class=\"contentKachel-inner\">\n                            <div class=\"contentKachel-thumbnail\">\n                    <img loading=\"lazy\" decoding=\"async\" width=\"300\" height=\"167\" src=\"https:\/\/9staedte.de\/wp-content\/smush-webp\/2022\/06\/Grosser-Garten-Herrenhausen-c-HMTG-Lars-Gerhardts1-300x167.jpg.webp\" class=\"objectfitcover withfilters wp-post-image\" alt=\"Das Bild zeigt den Gro\u00dfen Garten in Hannover.\nIm Vordergrund sieht man einen Wasserbrunnen.\nDas Wasser spritzt gerade hoch.\nEin langer Weg f\u00fchrt zum Schloss Herrenhausen.\nLinks und rechts gibt es bunte Blumenbeete.\nDie Blumen sind ordentlich angeordnet.\nWei\u00dfe Statuen stehen an den Wegen.\nPalmen stehen vor dem Schloss.\nDer Himmel ist blau. Es ist sonnig.\nDie Stimmung ist ruhig und elegant.\" srcset=\"https:\/\/9staedte.de\/wp-content\/smush-webp\/2022\/06\/Grosser-Garten-Herrenhausen-c-HMTG-Lars-Gerhardts1-300x167.jpg.webp 300w, https:\/\/9staedte.de\/wp-content\/smush-webp\/2022\/06\/Grosser-Garten-Herrenhausen-c-HMTG-Lars-Gerhardts1.jpg.webp 580w\" sizes=\"auto, (max-width: 300px) 100vw, 300px\" \/>                    <img loading=\"lazy\" decoding=\"async\" width=\"300\" height=\"167\" src=\"https:\/\/9staedte.de\/wp-content\/smush-webp\/2022\/06\/Grosser-Garten-Herrenhausen-c-HMTG-Lars-Gerhardts1-300x167.jpg.webp\" class=\"objectfitcontain wp-post-image\" alt=\"Das Bild zeigt den Gro\u00dfen Garten in Hannover.\nIm Vordergrund sieht man einen Wasserbrunnen.\nDas Wasser spritzt gerade hoch.\nEin langer Weg f\u00fchrt zum Schloss Herrenhausen.\nLinks und rechts gibt es bunte Blumenbeete.\nDie Blumen sind ordentlich angeordnet.\nWei\u00dfe Statuen stehen an den Wegen.\nPalmen stehen vor dem Schloss.\nDer Himmel ist blau. Es ist sonnig.\nDie Stimmung ist ruhig und elegant.\" srcset=\"https:\/\/9staedte.de\/wp-content\/smush-webp\/2022\/06\/Grosser-Garten-Herrenhausen-c-HMTG-Lars-Gerhardts1-300x167.jpg.webp 300w, https:\/\/9staedte.de\/wp-content\/smush-webp\/2022\/06\/Grosser-Garten-Herrenhausen-c-HMTG-Lars-Gerhardts1.jpg.webp 580w\" sizes=\"auto, (max-width: 300px) 100vw, 300px\" \/>                        <div class=\"thumbnail-label\">\n    <span>Gro\u00dfer-Garten-Herrenhausen-c-HMTG-Lars-Gerhardts[1]<\/span>\n    <\/div>\n                <\/div>\n                        <div class=\"contentKachel-content\">\n                                    <div class=\"city-tag bg-hannover\">\n                        Hannover                    <\/div>\n                \n                <div class=\"title\">\n\n                    La splendeur royale des jardins de Herrenhausen                    \n                <\/div>\n\n                            <\/div>\n\n        <\/div>\n    <\/a>\n<\/div>                                            <\/div>\r\n    <\/div>\r\n","protected":false},"excerpt":{"rendered":"","protected":false},"author":1,"featured_media":17124,"parent":18000,"menu_order":0,"comment_status":"closed","ping_status":"closed","template":"pagetemplates\/template-stadtthema.php","meta":{"_acf_changed":false,"footnotes":""},"categories":[],"tags":[],"ncap_cities_tax":[457,1235],"class_list":["post-17122","page","type-page","status-publish","has-post-thumbnail","hentry","ncap_cities_tax-hannover-fr","ncap_cities_tax-stadtfuhrungen-hannover-fr"],"acf":[],"yoast_head":"<!-- This site is optimized with the Yoast SEO plugin v26.8 - https:\/\/yoast.com\/product\/yoast-seo-wordpress\/ -->\n<title>Visites guid\u00e9es \u00e0 Hanovre - 9 St\u00e4dte in Niedersachsen<\/title>\n<meta name=\"robots\" content=\"index, follow, max-snippet:-1, max-image-preview:large, max-video-preview:-1\" \/>\n<link rel=\"canonical\" href=\"https:\/\/9staedte.de\/fr\/hanovre-capitale-de-la-basse-saxe\/visites-guidees-a-hanovre\/\" \/>\n<meta property=\"og:locale\" content=\"fr_FR\" \/>\n<meta property=\"og:type\" content=\"article\" \/>\n<meta property=\"og:title\" content=\"Visites guid\u00e9es \u00e0 Hanovre - 9 St\u00e4dte in Niedersachsen\" \/>\n<meta property=\"og:url\" content=\"https:\/\/9staedte.de\/fr\/hanovre-capitale-de-la-basse-saxe\/visites-guidees-a-hanovre\/\" \/>\n<meta property=\"og:site_name\" content=\"9 St\u00e4dte in Niedersachsen\" \/>\n<meta property=\"article:modified_time\" content=\"2023-11-02T17:06:59+00:00\" \/>\n<meta property=\"og:image\" content=\"https:\/\/9staedte.de\/wp-content\/uploads\/2023\/02\/Stadtrundfahrt-c-HMTG-Christian-Wyrwa.jpg\" \/>\n\t<meta property=\"og:image:width\" content=\"1019\" \/>\n\t<meta property=\"og:image:height\" content=\"562\" \/>\n\t<meta property=\"og:image:type\" content=\"image\/jpeg\" \/>\n<meta name=\"twitter:card\" content=\"summary_large_image\" \/>\n<script type=\"application\/ld+json\" class=\"yoast-schema-graph\">{\"@context\":\"https:\/\/schema.org\",\"@graph\":[{\"@type\":\"WebPage\",\"@id\":\"https:\/\/9staedte.de\/fr\/hanovre-capitale-de-la-basse-saxe\/visites-guidees-a-hanovre\/\",\"url\":\"https:\/\/9staedte.de\/fr\/hanovre-capitale-de-la-basse-saxe\/visites-guidees-a-hanovre\/\",\"name\":\"Visites guid\u00e9es \u00e0 Hanovre - 9 St\u00e4dte in Niedersachsen\",\"isPartOf\":{\"@id\":\"https:\/\/9staedte.de\/fr\/#website\"},\"primaryImageOfPage\":{\"@id\":\"https:\/\/9staedte.de\/fr\/hanovre-capitale-de-la-basse-saxe\/visites-guidees-a-hanovre\/#primaryimage\"},\"image\":{\"@id\":\"https:\/\/9staedte.de\/fr\/hanovre-capitale-de-la-basse-saxe\/visites-guidees-a-hanovre\/#primaryimage\"},\"thumbnailUrl\":\"https:\/\/9staedte.de\/wp-content\/uploads\/2023\/02\/Stadtrundfahrt-c-HMTG-Christian-Wyrwa.jpg\",\"datePublished\":\"2023-11-02T08:47:11+00:00\",\"dateModified\":\"2023-11-02T17:06:59+00:00\",\"breadcrumb\":{\"@id\":\"https:\/\/9staedte.de\/fr\/hanovre-capitale-de-la-basse-saxe\/visites-guidees-a-hanovre\/#breadcrumb\"},\"inLanguage\":\"fr-FR\",\"potentialAction\":[{\"@type\":\"ReadAction\",\"target\":[\"https:\/\/9staedte.de\/fr\/hanovre-capitale-de-la-basse-saxe\/visites-guidees-a-hanovre\/\"]}]},{\"@type\":\"ImageObject\",\"inLanguage\":\"fr-FR\",\"@id\":\"https:\/\/9staedte.de\/fr\/hanovre-capitale-de-la-basse-saxe\/visites-guidees-a-hanovre\/#primaryimage\",\"url\":\"https:\/\/9staedte.de\/wp-content\/uploads\/2023\/02\/Stadtrundfahrt-c-HMTG-Christian-Wyrwa.jpg\",\"contentUrl\":\"https:\/\/9staedte.de\/wp-content\/uploads\/2023\/02\/Stadtrundfahrt-c-HMTG-Christian-Wyrwa.jpg\",\"width\":1019,\"height\":562,\"caption\":\"Hannover Stadtrundfahrt c) HMTG Christian Wyrwa\"},{\"@type\":\"BreadcrumbList\",\"@id\":\"https:\/\/9staedte.de\/fr\/hanovre-capitale-de-la-basse-saxe\/visites-guidees-a-hanovre\/#breadcrumb\",\"itemListElement\":[{\"@type\":\"ListItem\",\"position\":1,\"name\":\"Startseite\",\"item\":\"https:\/\/9staedte.de\/fr\/\"},{\"@type\":\"ListItem\",\"position\":2,\"name\":\"Hanovre &#8211; capitale de la Basse-Saxe\",\"item\":\"https:\/\/9staedte.de\/fr\/hanovre-capitale-de-la-basse-saxe\/\"},{\"@type\":\"ListItem\",\"position\":3,\"name\":\"Visites guid\u00e9es \u00e0 Hanovre\"}]},{\"@type\":\"WebSite\",\"@id\":\"https:\/\/9staedte.de\/fr\/#website\",\"url\":\"https:\/\/9staedte.de\/fr\/\",\"name\":\"9 St\u00e4dte in Niedersachsen\",\"description\":\"\",\"publisher\":{\"@id\":\"https:\/\/9staedte.de\/fr\/#organization\"},\"potentialAction\":[{\"@type\":\"SearchAction\",\"target\":{\"@type\":\"EntryPoint\",\"urlTemplate\":\"https:\/\/9staedte.de\/fr\/?s={search_term_string}\"},\"query-input\":{\"@type\":\"PropertyValueSpecification\",\"valueRequired\":true,\"valueName\":\"search_term_string\"}}],\"inLanguage\":\"fr-FR\"},{\"@type\":\"Organization\",\"@id\":\"https:\/\/9staedte.de\/fr\/#organization\",\"name\":\"9 St\u00e4dte in Niedersachsen\",\"url\":\"https:\/\/9staedte.de\/fr\/\",\"logo\":{\"@type\":\"ImageObject\",\"inLanguage\":\"fr-FR\",\"@id\":\"https:\/\/9staedte.de\/fr\/#\/schema\/logo\/image\/\",\"url\":\"https:\/\/9staedte.de\/wp-content\/uploads\/2025\/01\/9-neg-deutsch-2-1.png\",\"contentUrl\":\"https:\/\/9staedte.de\/wp-content\/uploads\/2025\/01\/9-neg-deutsch-2-1.png\",\"width\":190,\"height\":114,\"caption\":\"9 St\u00e4dte in Niedersachsen\"},\"image\":{\"@id\":\"https:\/\/9staedte.de\/fr\/#\/schema\/logo\/image\/\"}}]}<\/script>\n<!-- \/ Yoast SEO plugin. -->","yoast_head_json":{"title":"Visites guid\u00e9es \u00e0 Hanovre - 9 St\u00e4dte in Niedersachsen","robots":{"index":"index","follow":"follow","max-snippet":"max-snippet:-1","max-image-preview":"max-image-preview:large","max-video-preview":"max-video-preview:-1"},"canonical":"https:\/\/9staedte.de\/fr\/hanovre-capitale-de-la-basse-saxe\/visites-guidees-a-hanovre\/","og_locale":"fr_FR","og_type":"article","og_title":"Visites guid\u00e9es \u00e0 Hanovre - 9 St\u00e4dte in Niedersachsen","og_url":"https:\/\/9staedte.de\/fr\/hanovre-capitale-de-la-basse-saxe\/visites-guidees-a-hanovre\/","og_site_name":"9 St\u00e4dte in Niedersachsen","article_modified_time":"2023-11-02T17:06:59+00:00","og_image":[{"width":1019,"height":562,"url":"https:\/\/9staedte.de\/wp-content\/uploads\/2023\/02\/Stadtrundfahrt-c-HMTG-Christian-Wyrwa.jpg","type":"image\/jpeg"}],"twitter_card":"summary_large_image","schema":{"@context":"https:\/\/schema.org","@graph":[{"@type":"WebPage","@id":"https:\/\/9staedte.de\/fr\/hanovre-capitale-de-la-basse-saxe\/visites-guidees-a-hanovre\/","url":"https:\/\/9staedte.de\/fr\/hanovre-capitale-de-la-basse-saxe\/visites-guidees-a-hanovre\/","name":"Visites guid\u00e9es \u00e0 Hanovre - 9 St\u00e4dte in Niedersachsen","isPartOf":{"@id":"https:\/\/9staedte.de\/fr\/#website"},"primaryImageOfPage":{"@id":"https:\/\/9staedte.de\/fr\/hanovre-capitale-de-la-basse-saxe\/visites-guidees-a-hanovre\/#primaryimage"},"image":{"@id":"https:\/\/9staedte.de\/fr\/hanovre-capitale-de-la-basse-saxe\/visites-guidees-a-hanovre\/#primaryimage"},"thumbnailUrl":"https:\/\/9staedte.de\/wp-content\/uploads\/2023\/02\/Stadtrundfahrt-c-HMTG-Christian-Wyrwa.jpg","datePublished":"2023-11-02T08:47:11+00:00","dateModified":"2023-11-02T17:06:59+00:00","breadcrumb":{"@id":"https:\/\/9staedte.de\/fr\/hanovre-capitale-de-la-basse-saxe\/visites-guidees-a-hanovre\/#breadcrumb"},"inLanguage":"fr-FR","potentialAction":[{"@type":"ReadAction","target":["https:\/\/9staedte.de\/fr\/hanovre-capitale-de-la-basse-saxe\/visites-guidees-a-hanovre\/"]}]},{"@type":"ImageObject","inLanguage":"fr-FR","@id":"https:\/\/9staedte.de\/fr\/hanovre-capitale-de-la-basse-saxe\/visites-guidees-a-hanovre\/#primaryimage","url":"https:\/\/9staedte.de\/wp-content\/uploads\/2023\/02\/Stadtrundfahrt-c-HMTG-Christian-Wyrwa.jpg","contentUrl":"https:\/\/9staedte.de\/wp-content\/uploads\/2023\/02\/Stadtrundfahrt-c-HMTG-Christian-Wyrwa.jpg","width":1019,"height":562,"caption":"Hannover Stadtrundfahrt c) HMTG Christian Wyrwa"},{"@type":"BreadcrumbList","@id":"https:\/\/9staedte.de\/fr\/hanovre-capitale-de-la-basse-saxe\/visites-guidees-a-hanovre\/#breadcrumb","itemListElement":[{"@type":"ListItem","position":1,"name":"Startseite","item":"https:\/\/9staedte.de\/fr\/"},{"@type":"ListItem","position":2,"name":"Hanovre &#8211; capitale de la Basse-Saxe","item":"https:\/\/9staedte.de\/fr\/hanovre-capitale-de-la-basse-saxe\/"},{"@type":"ListItem","position":3,"name":"Visites guid\u00e9es \u00e0 Hanovre"}]},{"@type":"WebSite","@id":"https:\/\/9staedte.de\/fr\/#website","url":"https:\/\/9staedte.de\/fr\/","name":"9 St\u00e4dte in Niedersachsen","description":"","publisher":{"@id":"https:\/\/9staedte.de\/fr\/#organization"},"potentialAction":[{"@type":"SearchAction","target":{"@type":"EntryPoint","urlTemplate":"https:\/\/9staedte.de\/fr\/?s={search_term_string}"},"query-input":{"@type":"PropertyValueSpecification","valueRequired":true,"valueName":"search_term_string"}}],"inLanguage":"fr-FR"},{"@type":"Organization","@id":"https:\/\/9staedte.de\/fr\/#organization","name":"9 St\u00e4dte in Niedersachsen","url":"https:\/\/9staedte.de\/fr\/","logo":{"@type":"ImageObject","inLanguage":"fr-FR","@id":"https:\/\/9staedte.de\/fr\/#\/schema\/logo\/image\/","url":"https:\/\/9staedte.de\/wp-content\/uploads\/2025\/01\/9-neg-deutsch-2-1.png","contentUrl":"https:\/\/9staedte.de\/wp-content\/uploads\/2025\/01\/9-neg-deutsch-2-1.png","width":190,"height":114,"caption":"9 St\u00e4dte in Niedersachsen"},"image":{"@id":"https:\/\/9staedte.de\/fr\/#\/schema\/logo\/image\/"}}]}},"_links":{"self":[{"href":"https:\/\/9staedte.de\/fr\/wp-json\/wp\/v2\/pages\/17122","targetHints":{"allow":["GET"]}}],"collection":[{"href":"https:\/\/9staedte.de\/fr\/wp-json\/wp\/v2\/pages"}],"about":[{"href":"https:\/\/9staedte.de\/fr\/wp-json\/wp\/v2\/types\/page"}],"author":[{"embeddable":true,"href":"https:\/\/9staedte.de\/fr\/wp-json\/wp\/v2\/users\/1"}],"replies":[{"embeddable":true,"href":"https:\/\/9staedte.de\/fr\/wp-json\/wp\/v2\/comments?post=17122"}],"version-history":[{"count":1,"href":"https:\/\/9staedte.de\/fr\/wp-json\/wp\/v2\/pages\/17122\/revisions"}],"predecessor-version":[{"id":19913,"href":"https:\/\/9staedte.de\/fr\/wp-json\/wp\/v2\/pages\/17122\/revisions\/19913"}],"up":[{"embeddable":true,"href":"https:\/\/9staedte.de\/fr\/wp-json\/wp\/v2\/pages\/18000"}],"wp:featuredmedia":[{"embeddable":true,"href":"https:\/\/9staedte.de\/fr\/wp-json\/wp\/v2\/media\/17124"}],"wp:attachment":[{"href":"https:\/\/9staedte.de\/fr\/wp-json\/wp\/v2\/media?parent=17122"}],"wp:term":[{"taxonomy":"category","embeddable":true,"href":"https:\/\/9staedte.de\/fr\/wp-json\/wp\/v2\/categories?post=17122"},{"taxonomy":"post_tag","embeddable":true,"href":"https:\/\/9staedte.de\/fr\/wp-json\/wp\/v2\/tags?post=17122"},{"taxonomy":"ncap_cities_tax","embeddable":true,"href":"https:\/\/9staedte.de\/fr\/wp-json\/wp\/v2\/ncap_cities_tax?post=17122"}],"curies":[{"name":"wp","href":"https:\/\/api.w.org\/{rel}","templated":true}]}}