{"id":17050,"date":"2023-11-02T09:47:02","date_gmt":"2023-11-02T08:47:02","guid":{"rendered":"https:\/\/9staedte.de\/informations-sur-les-guides-et-les-excursions-a-hanovre\/"},"modified":"2025-05-09T12:19:47","modified_gmt":"2025-05-09T10:19:47","slug":"informations-sur-les-guides-et-les-excursions-a-hanovre","status":"publish","type":"page","link":"https:\/\/9staedte.de\/fr\/hanovre-capitale-de-la-basse-saxe\/informations-sur-les-guides-et-les-excursions-a-hanovre\/","title":{"rendered":"Informations sur les guides et les excursions \u00e0 Hanovre"},"content":{"rendered":"\n<h3 class=\"wp-block-heading\">Prix et offres :<\/h3>\n\n\n\n<h3 class=\"wp-block-heading\">1. les missions d&rsquo;assistance langue \u00e9trang\u00e8re<\/h3>\n\n\n\n<p>(par ex. assistants de transfert, Airport Meet and Greet, etc.)<\/p>\n\n\n\n<p>jusqu&rsquo;\u00e0 2 heures d&rsquo;intervention\u00a0<br>Prix : \u20ac 140,-<br>chaque heure suppl\u00e9mentaire entam\u00e9e : \u20ac 65,-<\/p>\n\n\n\n<h3 class=\"wp-block-heading\">2\u00e8me mission d&rsquo;assistance \/ accompagnement de voyage (langue \u00e9trang\u00e8re)<\/h3>\n\n\n\n<p>Intervention \u00e0 la demi-journ\u00e9e \/ jusqu&rsquo;\u00e0 4 heures :<br>Prix : \u20ac 225,-<br>chaque heure suppl\u00e9mentaire entam\u00e9e : \u20ac 65,-<\/p>\n\n\n\n<p>toute la journ\u00e9e \/ 8 heures :<br>Prix : \u20ac 395,-<\/p>\n\n\n\n<p>* Il ne s&rsquo;agit cependant pas<br>pour les guides touristiques dipl\u00f4m\u00e9s.<\/p>\n\n\n\n<h3 class=\"wp-block-heading\">3. mission d&rsquo;assistance avec activit\u00e9 de traduction<\/h3>\n\n\n\n<p>(par ex. visites d&rsquo;entreprises, de salons)<\/p>\n\n\n\n<p>Jusqu&rsquo;\u00e0 2 heures d&rsquo;utilisation :<br>Prix : \u20ac 185,-<br>chaque heure suppl\u00e9mentaire entam\u00e9e : \u20ac 65,-<br>demi-journ\u00e9e \/ 4 heures : \u20ac 315,-<br>journ\u00e9e enti\u00e8re \/ 8 heures : \u20ac 430,-<\/p>\n\n\n\n<p>Suppl\u00e9ments pour toutes les missions susmentionn\u00e9es :<\/p>\n\n\n\n<p>Suppl\u00e9ment pour les lieux de rencontre difficiles d&rsquo;acc\u00e8s et situ\u00e9s \u00e0 l&rsquo;ext\u00e9rieur, plus \u20ac 50,- (forfait)<br>Il en va de m\u00eame pour les lieux de d\u00e9part\/d&rsquo;arriv\u00e9e\u00a0mal situ\u00e9s par rapport au trafic.<\/p>\n\n\n\n<h4 class=\"wp-block-heading\">Suppl\u00e9ment de nuit :<\/h4>\n\n\n\n<p>pour les interventions entre 22h00 et 06h00<br>un suppl\u00e9ment d&rsquo;un montant de<br>de l&rsquo;heure de prolongation est factur\u00e9e.<br>&#8211; Pour les missions de longue dur\u00e9e, les frais annexes sont pris en charge par l&rsquo;organisation.<br>(par ex. frais de d\u00e9placement, de parking, de restauration, d&rsquo;h\u00e9bergement, etc.) sont factur\u00e9s en sus.<\/p>\n\n\n\n<h4 class=\"wp-block-heading\">R\u00e9mun\u00e9ration du placement\/traitement<\/h4>\n\n\n\n<p>En fonction de l&rsquo;ampleur de la commande, des frais d&rsquo;agence\/de traitement sont factur\u00e9s, sauf pour les r\u00e9servations de tours de ville\/visites guid\u00e9es uniquement.<\/p>\n\n\n\n<p>Langues \u00e9trang\u00e8res sur demande !<br>(anglais, fran\u00e7ais, espagnol, italien, portugais, n\u00e9erlandais, russe, polonais, bulgare, japonais, etc.)<\/p>\n\n\n\n<h4 class=\"wp-block-heading\">R\u00e9servations aupr\u00e8s de :<\/h4>\n\n\n\n<p>Hannover Marketing &amp; Tourismus GmbH<br>Voyages intervilles<br>7, rue Vahrenwalder<br>30165 Hanovre<br>T\u00e9l. : +49 (0) 511\/12345-333<br>Fax :&nbsp; +49 (0) 511\/12345-334<br>Courrier \u00e9lectronique :&nbsp;<a href=\"mailto:staedtereisen@hannover-tourismus.de\" target=\"_blank\" rel=\"noreferrer noopener\">staedtereise@hannover-tourismus.de<\/a><br>Internet :<a href=\"http:\/\/www.visit-hannover.com\/\">&nbsp;www.visit-hannover.com<\/a><\/p>\n","protected":false},"excerpt":{"rendered":"<p>Prix et offres : 1. les missions d&rsquo;assistance langue \u00e9trang\u00e8re (par ex. assistants de transfert, Airport Meet and Greet, etc.) jusqu&rsquo;\u00e0 2 heures d&rsquo;intervention\u00a0Prix : \u20ac 140,-chaque heure suppl\u00e9mentaire entam\u00e9e : \u20ac 65,- 2\u00e8me mission d&rsquo;assistance \/ accompagnement de voyage (langue \u00e9trang\u00e8re) Intervention \u00e0 la demi-journ\u00e9e \/ jusqu&rsquo;\u00e0 4 heures :Prix : \u20ac 225,-chaque heure [&hellip;]<\/p>\n","protected":false},"author":1,"featured_media":16430,"parent":18000,"menu_order":0,"comment_status":"closed","ping_status":"closed","template":"pagetemplates\/template-stadtthema.php","meta":{"_acf_changed":false,"footnotes":""},"categories":[],"tags":[],"ncap_cities_tax":[457,1297],"class_list":["post-17050","page","type-page","status-publish","has-post-thumbnail","hentry","ncap_cities_tax-hannover-fr","ncap_cities_tax-reiseleitung-und-ausflugen-hannover-fr"],"acf":[],"yoast_head":"<!-- This site is optimized with the Yoast SEO plugin v26.8 - https:\/\/yoast.com\/product\/yoast-seo-wordpress\/ -->\n<title>Informations sur les guides et les excursions \u00e0 Hanovre - 9 St\u00e4dte in Niedersachsen<\/title>\n<meta name=\"robots\" content=\"index, follow, max-snippet:-1, max-image-preview:large, max-video-preview:-1\" \/>\n<link rel=\"canonical\" href=\"https:\/\/9staedte.de\/fr\/hanovre-capitale-de-la-basse-saxe\/informations-sur-les-guides-et-les-excursions-a-hanovre\/\" \/>\n<meta property=\"og:locale\" content=\"fr_FR\" \/>\n<meta property=\"og:type\" content=\"article\" \/>\n<meta property=\"og:title\" content=\"Informations sur les guides et les excursions \u00e0 Hanovre - 9 St\u00e4dte in Niedersachsen\" \/>\n<meta property=\"og:description\" content=\"Prix et offres : 1. les missions d&rsquo;assistance langue \u00e9trang\u00e8re (par ex. assistants de transfert, Airport Meet and Greet, etc.) jusqu&rsquo;\u00e0 2 heures d&rsquo;intervention\u00a0Prix : \u20ac 140,-chaque heure suppl\u00e9mentaire entam\u00e9e : \u20ac 65,- 2\u00e8me mission d&rsquo;assistance \/ accompagnement de voyage (langue \u00e9trang\u00e8re) Intervention \u00e0 la demi-journ\u00e9e \/ jusqu&rsquo;\u00e0 4 heures :Prix : \u20ac 225,-chaque heure [&hellip;]\" \/>\n<meta property=\"og:url\" content=\"https:\/\/9staedte.de\/fr\/hanovre-capitale-de-la-basse-saxe\/informations-sur-les-guides-et-les-excursions-a-hanovre\/\" \/>\n<meta property=\"og:site_name\" content=\"9 St\u00e4dte in Niedersachsen\" \/>\n<meta property=\"article:modified_time\" content=\"2025-05-09T10:19:47+00:00\" \/>\n<meta property=\"og:image\" content=\"https:\/\/9staedte.de\/wp-content\/uploads\/2022\/03\/Schloss-Marienburg-c-HMTG-Michael-Abid.jpg\" \/>\n\t<meta property=\"og:image:width\" content=\"1019\" \/>\n\t<meta property=\"og:image:height\" content=\"554\" \/>\n\t<meta property=\"og:image:type\" content=\"image\/jpeg\" \/>\n<meta name=\"twitter:card\" content=\"summary_large_image\" \/>\n<meta name=\"twitter:label1\" content=\"Dur\u00e9e de lecture estim\u00e9e\" \/>\n\t<meta name=\"twitter:data1\" content=\"2 minutes\" \/>\n<script type=\"application\/ld+json\" class=\"yoast-schema-graph\">{\"@context\":\"https:\/\/schema.org\",\"@graph\":[{\"@type\":\"WebPage\",\"@id\":\"https:\/\/9staedte.de\/fr\/hanovre-capitale-de-la-basse-saxe\/informations-sur-les-guides-et-les-excursions-a-hanovre\/\",\"url\":\"https:\/\/9staedte.de\/fr\/hanovre-capitale-de-la-basse-saxe\/informations-sur-les-guides-et-les-excursions-a-hanovre\/\",\"name\":\"Informations sur les guides et les excursions \u00e0 Hanovre - 9 St\u00e4dte in Niedersachsen\",\"isPartOf\":{\"@id\":\"https:\/\/9staedte.de\/fr\/#website\"},\"primaryImageOfPage\":{\"@id\":\"https:\/\/9staedte.de\/fr\/hanovre-capitale-de-la-basse-saxe\/informations-sur-les-guides-et-les-excursions-a-hanovre\/#primaryimage\"},\"image\":{\"@id\":\"https:\/\/9staedte.de\/fr\/hanovre-capitale-de-la-basse-saxe\/informations-sur-les-guides-et-les-excursions-a-hanovre\/#primaryimage\"},\"thumbnailUrl\":\"https:\/\/9staedte.de\/wp-content\/uploads\/2022\/03\/Schloss-Marienburg-c-HMTG-Michael-Abid.jpg\",\"datePublished\":\"2023-11-02T08:47:02+00:00\",\"dateModified\":\"2025-05-09T10:19:47+00:00\",\"breadcrumb\":{\"@id\":\"https:\/\/9staedte.de\/fr\/hanovre-capitale-de-la-basse-saxe\/informations-sur-les-guides-et-les-excursions-a-hanovre\/#breadcrumb\"},\"inLanguage\":\"fr-FR\",\"potentialAction\":[{\"@type\":\"ReadAction\",\"target\":[\"https:\/\/9staedte.de\/fr\/hanovre-capitale-de-la-basse-saxe\/informations-sur-les-guides-et-les-excursions-a-hanovre\/\"]}]},{\"@type\":\"ImageObject\",\"inLanguage\":\"fr-FR\",\"@id\":\"https:\/\/9staedte.de\/fr\/hanovre-capitale-de-la-basse-saxe\/informations-sur-les-guides-et-les-excursions-a-hanovre\/#primaryimage\",\"url\":\"https:\/\/9staedte.de\/wp-content\/uploads\/2022\/03\/Schloss-Marienburg-c-HMTG-Michael-Abid.jpg\",\"contentUrl\":\"https:\/\/9staedte.de\/wp-content\/uploads\/2022\/03\/Schloss-Marienburg-c-HMTG-Michael-Abid.jpg\",\"width\":1019,\"height\":554,\"caption\":\"Schloss Marienburg c) HMTG Michael Abid\"},{\"@type\":\"BreadcrumbList\",\"@id\":\"https:\/\/9staedte.de\/fr\/hanovre-capitale-de-la-basse-saxe\/informations-sur-les-guides-et-les-excursions-a-hanovre\/#breadcrumb\",\"itemListElement\":[{\"@type\":\"ListItem\",\"position\":1,\"name\":\"Startseite\",\"item\":\"https:\/\/9staedte.de\/fr\/\"},{\"@type\":\"ListItem\",\"position\":2,\"name\":\"Hanovre &#8211; capitale de la Basse-Saxe\",\"item\":\"https:\/\/9staedte.de\/fr\/hanovre-capitale-de-la-basse-saxe\/\"},{\"@type\":\"ListItem\",\"position\":3,\"name\":\"Informations sur les guides et les excursions \u00e0 Hanovre\"}]},{\"@type\":\"WebSite\",\"@id\":\"https:\/\/9staedte.de\/fr\/#website\",\"url\":\"https:\/\/9staedte.de\/fr\/\",\"name\":\"9 St\u00e4dte in Niedersachsen\",\"description\":\"\",\"publisher\":{\"@id\":\"https:\/\/9staedte.de\/fr\/#organization\"},\"potentialAction\":[{\"@type\":\"SearchAction\",\"target\":{\"@type\":\"EntryPoint\",\"urlTemplate\":\"https:\/\/9staedte.de\/fr\/?s={search_term_string}\"},\"query-input\":{\"@type\":\"PropertyValueSpecification\",\"valueRequired\":true,\"valueName\":\"search_term_string\"}}],\"inLanguage\":\"fr-FR\"},{\"@type\":\"Organization\",\"@id\":\"https:\/\/9staedte.de\/fr\/#organization\",\"name\":\"9 St\u00e4dte in Niedersachsen\",\"url\":\"https:\/\/9staedte.de\/fr\/\",\"logo\":{\"@type\":\"ImageObject\",\"inLanguage\":\"fr-FR\",\"@id\":\"https:\/\/9staedte.de\/fr\/#\/schema\/logo\/image\/\",\"url\":\"https:\/\/9staedte.de\/wp-content\/uploads\/2025\/01\/9-neg-deutsch-2-1.png\",\"contentUrl\":\"https:\/\/9staedte.de\/wp-content\/uploads\/2025\/01\/9-neg-deutsch-2-1.png\",\"width\":190,\"height\":114,\"caption\":\"9 St\u00e4dte in Niedersachsen\"},\"image\":{\"@id\":\"https:\/\/9staedte.de\/fr\/#\/schema\/logo\/image\/\"}}]}<\/script>\n<!-- \/ Yoast SEO plugin. -->","yoast_head_json":{"title":"Informations sur les guides et les excursions \u00e0 Hanovre - 9 St\u00e4dte in Niedersachsen","robots":{"index":"index","follow":"follow","max-snippet":"max-snippet:-1","max-image-preview":"max-image-preview:large","max-video-preview":"max-video-preview:-1"},"canonical":"https:\/\/9staedte.de\/fr\/hanovre-capitale-de-la-basse-saxe\/informations-sur-les-guides-et-les-excursions-a-hanovre\/","og_locale":"fr_FR","og_type":"article","og_title":"Informations sur les guides et les excursions \u00e0 Hanovre - 9 St\u00e4dte in Niedersachsen","og_description":"Prix et offres : 1. les missions d&rsquo;assistance langue \u00e9trang\u00e8re (par ex. assistants de transfert, Airport Meet and Greet, etc.) jusqu&rsquo;\u00e0 2 heures d&rsquo;intervention\u00a0Prix : \u20ac 140,-chaque heure suppl\u00e9mentaire entam\u00e9e : \u20ac 65,- 2\u00e8me mission d&rsquo;assistance \/ accompagnement de voyage (langue \u00e9trang\u00e8re) Intervention \u00e0 la demi-journ\u00e9e \/ jusqu&rsquo;\u00e0 4 heures :Prix : \u20ac 225,-chaque heure [&hellip;]","og_url":"https:\/\/9staedte.de\/fr\/hanovre-capitale-de-la-basse-saxe\/informations-sur-les-guides-et-les-excursions-a-hanovre\/","og_site_name":"9 St\u00e4dte in Niedersachsen","article_modified_time":"2025-05-09T10:19:47+00:00","og_image":[{"width":1019,"height":554,"url":"https:\/\/9staedte.de\/wp-content\/uploads\/2022\/03\/Schloss-Marienburg-c-HMTG-Michael-Abid.jpg","type":"image\/jpeg"}],"twitter_card":"summary_large_image","twitter_misc":{"Dur\u00e9e de lecture estim\u00e9e":"2 minutes"},"schema":{"@context":"https:\/\/schema.org","@graph":[{"@type":"WebPage","@id":"https:\/\/9staedte.de\/fr\/hanovre-capitale-de-la-basse-saxe\/informations-sur-les-guides-et-les-excursions-a-hanovre\/","url":"https:\/\/9staedte.de\/fr\/hanovre-capitale-de-la-basse-saxe\/informations-sur-les-guides-et-les-excursions-a-hanovre\/","name":"Informations sur les guides et les excursions \u00e0 Hanovre - 9 St\u00e4dte in Niedersachsen","isPartOf":{"@id":"https:\/\/9staedte.de\/fr\/#website"},"primaryImageOfPage":{"@id":"https:\/\/9staedte.de\/fr\/hanovre-capitale-de-la-basse-saxe\/informations-sur-les-guides-et-les-excursions-a-hanovre\/#primaryimage"},"image":{"@id":"https:\/\/9staedte.de\/fr\/hanovre-capitale-de-la-basse-saxe\/informations-sur-les-guides-et-les-excursions-a-hanovre\/#primaryimage"},"thumbnailUrl":"https:\/\/9staedte.de\/wp-content\/uploads\/2022\/03\/Schloss-Marienburg-c-HMTG-Michael-Abid.jpg","datePublished":"2023-11-02T08:47:02+00:00","dateModified":"2025-05-09T10:19:47+00:00","breadcrumb":{"@id":"https:\/\/9staedte.de\/fr\/hanovre-capitale-de-la-basse-saxe\/informations-sur-les-guides-et-les-excursions-a-hanovre\/#breadcrumb"},"inLanguage":"fr-FR","potentialAction":[{"@type":"ReadAction","target":["https:\/\/9staedte.de\/fr\/hanovre-capitale-de-la-basse-saxe\/informations-sur-les-guides-et-les-excursions-a-hanovre\/"]}]},{"@type":"ImageObject","inLanguage":"fr-FR","@id":"https:\/\/9staedte.de\/fr\/hanovre-capitale-de-la-basse-saxe\/informations-sur-les-guides-et-les-excursions-a-hanovre\/#primaryimage","url":"https:\/\/9staedte.de\/wp-content\/uploads\/2022\/03\/Schloss-Marienburg-c-HMTG-Michael-Abid.jpg","contentUrl":"https:\/\/9staedte.de\/wp-content\/uploads\/2022\/03\/Schloss-Marienburg-c-HMTG-Michael-Abid.jpg","width":1019,"height":554,"caption":"Schloss Marienburg c) HMTG Michael Abid"},{"@type":"BreadcrumbList","@id":"https:\/\/9staedte.de\/fr\/hanovre-capitale-de-la-basse-saxe\/informations-sur-les-guides-et-les-excursions-a-hanovre\/#breadcrumb","itemListElement":[{"@type":"ListItem","position":1,"name":"Startseite","item":"https:\/\/9staedte.de\/fr\/"},{"@type":"ListItem","position":2,"name":"Hanovre &#8211; capitale de la Basse-Saxe","item":"https:\/\/9staedte.de\/fr\/hanovre-capitale-de-la-basse-saxe\/"},{"@type":"ListItem","position":3,"name":"Informations sur les guides et les excursions \u00e0 Hanovre"}]},{"@type":"WebSite","@id":"https:\/\/9staedte.de\/fr\/#website","url":"https:\/\/9staedte.de\/fr\/","name":"9 St\u00e4dte in Niedersachsen","description":"","publisher":{"@id":"https:\/\/9staedte.de\/fr\/#organization"},"potentialAction":[{"@type":"SearchAction","target":{"@type":"EntryPoint","urlTemplate":"https:\/\/9staedte.de\/fr\/?s={search_term_string}"},"query-input":{"@type":"PropertyValueSpecification","valueRequired":true,"valueName":"search_term_string"}}],"inLanguage":"fr-FR"},{"@type":"Organization","@id":"https:\/\/9staedte.de\/fr\/#organization","name":"9 St\u00e4dte in Niedersachsen","url":"https:\/\/9staedte.de\/fr\/","logo":{"@type":"ImageObject","inLanguage":"fr-FR","@id":"https:\/\/9staedte.de\/fr\/#\/schema\/logo\/image\/","url":"https:\/\/9staedte.de\/wp-content\/uploads\/2025\/01\/9-neg-deutsch-2-1.png","contentUrl":"https:\/\/9staedte.de\/wp-content\/uploads\/2025\/01\/9-neg-deutsch-2-1.png","width":190,"height":114,"caption":"9 St\u00e4dte in Niedersachsen"},"image":{"@id":"https:\/\/9staedte.de\/fr\/#\/schema\/logo\/image\/"}}]}},"_links":{"self":[{"href":"https:\/\/9staedte.de\/fr\/wp-json\/wp\/v2\/pages\/17050","targetHints":{"allow":["GET"]}}],"collection":[{"href":"https:\/\/9staedte.de\/fr\/wp-json\/wp\/v2\/pages"}],"about":[{"href":"https:\/\/9staedte.de\/fr\/wp-json\/wp\/v2\/types\/page"}],"author":[{"embeddable":true,"href":"https:\/\/9staedte.de\/fr\/wp-json\/wp\/v2\/users\/1"}],"replies":[{"embeddable":true,"href":"https:\/\/9staedte.de\/fr\/wp-json\/wp\/v2\/comments?post=17050"}],"version-history":[{"count":2,"href":"https:\/\/9staedte.de\/fr\/wp-json\/wp\/v2\/pages\/17050\/revisions"}],"predecessor-version":[{"id":25678,"href":"https:\/\/9staedte.de\/fr\/wp-json\/wp\/v2\/pages\/17050\/revisions\/25678"}],"up":[{"embeddable":true,"href":"https:\/\/9staedte.de\/fr\/wp-json\/wp\/v2\/pages\/18000"}],"wp:featuredmedia":[{"embeddable":true,"href":"https:\/\/9staedte.de\/fr\/wp-json\/wp\/v2\/media\/16430"}],"wp:attachment":[{"href":"https:\/\/9staedte.de\/fr\/wp-json\/wp\/v2\/media?parent=17050"}],"wp:term":[{"taxonomy":"category","embeddable":true,"href":"https:\/\/9staedte.de\/fr\/wp-json\/wp\/v2\/categories?post=17050"},{"taxonomy":"post_tag","embeddable":true,"href":"https:\/\/9staedte.de\/fr\/wp-json\/wp\/v2\/tags?post=17050"},{"taxonomy":"ncap_cities_tax","embeddable":true,"href":"https:\/\/9staedte.de\/fr\/wp-json\/wp\/v2\/ncap_cities_tax?post=17050"}],"curies":[{"name":"wp","href":"https:\/\/api.w.org\/{rel}","templated":true}]}}