{"id":17043,"date":"2023-11-02T09:47:01","date_gmt":"2023-11-02T08:47:01","guid":{"rendered":"https:\/\/9staedte.de\/marche-de-noel-a-hildesheim\/"},"modified":"2026-03-23T16:58:34","modified_gmt":"2026-03-23T15:58:34","slug":"marche-de-noel-a-hildesheim","status":"publish","type":"page","link":"https:\/\/9staedte.de\/fr\/hildesheim-ville-classee-au-patrimoine-mondial-de-lunesco\/marche-de-noel-a-hildesheim\/","title":{"rendered":"March\u00e9 de No\u00ebl \u00e0 Hildesheim"},"content":{"rendered":"\n<h2 class=\"wp-block-heading\">Le c\u0153ur du march\u00e9 de No\u00ebl bat sur la place historique du march\u00e9<\/h2>\n\n<p>Ici, les magnifiques fa\u00e7ades \u00e0 colombages et l&rsquo;odeur du pain d&rsquo;\u00e9pices frais et du vin chaud cr\u00e9ent une ambiance toute particuli\u00e8re avant No\u00ebl. Sur la place An der Lilie, des stands d\u00e9cor\u00e9s invitent \u00e9galement \u00e0 la fl\u00e2nerie.<br\/>Au bureau de poste \u00ab\u00a0Zum Rentier\u00a0\u00bb sur la place An der Lilie, les enfants peuvent d\u00e9poser leur liste de cadeaux jusqu&rsquo;au 12 d\u00e9cembre, qui sera envoy\u00e9e directement au plus ancien bureau de poste de No\u00ebl, \u00e0 Himmelsth\u00fcr. <br\/>Les plus de 30 \u00e9glises de Hildesheim, marquent le paysage urbain et racontent la riche histoire de la ville. A l&rsquo;approche de No\u00ebl, les \u00e9glises sont un lieu de paix int\u00e9rieure accompagn\u00e9 de musique de l&rsquo;Avent et de No\u00ebl. <\/p>\n\n<p><a href=\"https:\/\/www.hildesheim-tourismus.de\/weihnachtsmarkt\" target=\"_blank\" rel=\"noreferrer noopener\">Plus d&rsquo;informations<\/a><\/p>\n\n\n<div class=\"banner-wrapper\">\n  <div class=\"banner-inner \">\n      <div class=\"img-container\">\n      <div class=\"img-wrapper\">\n        <img decoding=\"async\" src=\"https:\/\/9staedte.de\/wp-content\/smush-webp\/2023\/02\/Weihnachtsmarkt-Hildesheim-\u00a9-Dirk-Bastert.jpg.webp\" alt=\"La photo montre le march\u00e9 de No\u00ebl \u00e0 Hildesheim. C\u2019est le soir et le ciel est sombre. Au centre se trouve une grande pyramide de No\u00ebl illumin\u00e9e. Beaucoup de gens marchent entre les stands. Un sapin d\u00e9cor\u00e9 est visible \u00e0 droite. \u00c0 l\u2019arri\u00e8re-plan, on voit de belles maisons anciennes. L\u2019ambiance est festive et chaleureuse.\" \/>\n                  <div class=\"thumbnail-label\">\n            <span>Weihnachtsmarkt Hildesheim \u00a9 Dirk Bastert<\/span>\n          <\/div>\n              <\/div>\n    <\/div>\n        <div class=\"text-container\">\n      <div class=\"content\">\n        <h2 class=\"h3\">9 conseils pour visiter le march\u00e9 de No\u00ebl de Hildesheim<\/h2>\n<ul>\n<li>Visites guid\u00e9es de la ville de Hildesheim \u00e0 l&rsquo;occasion de No\u00ebl<\/li>\n<li>Chaleureux, confortables, conviviaux &#8211; des chalets pleins de magie de No\u00ebl<\/li>\n<li>Spots photos : Rennes, ours polaire, for\u00eat des l\u00e9gendes, arbre \u00e0 cadeaux (#weihnachtsmarkthildesheim)<\/li>\n<li>exposition artisanale de No\u00ebl dans le hall de l&rsquo;h\u00f4tel de ville<\/li>\n<li><a href=\"https:\/\/www.hildesheim-tourismus.de\/veranstaltungen\">Musique de l&rsquo;Avent et de No\u00ebl dans les \u00e9glises romanes<\/a><\/li>\n<li>Bureau de poste \u00ab\u00a0Zum Rentier\u00a0\u00bb pour les lettres et les listes de souhaits au P\u00e8re No\u00ebl<\/li>\n<li>ruban du patrimoine mondial illumin\u00e9 de mani\u00e8re festive vers les \u00e9glises UNESCO St. Michaelis et Dom<\/li>\n<li>Go\u00fbter au pumpernickel de Hildesheim et aux truffes c\u00e9lestes<\/li>\n<li>Souvenirs de No\u00ebl, cadeaux et ch\u00e8ques-cadeaux \u00e0 l&rsquo;office de tourisme.<\/li>\n<\/ul>\n      <\/div>\n    <\/div>\n    <\/div>\n<\/div>\n\n\n<p class=\"h3\"><strong>March\u00e9 de No\u00ebl \u00e0 Hildesheim<\/strong><\/p>\n\n <div class=\"brlbs-cmpnt-container brlbs-cmpnt-content-blocker brlbs-cmpnt-with-individual-styles\" data-borlabs-cookie-content-blocker-id=\"google-maps\" data-borlabs-cookie-content=\"PGlmcmFtZSBzcmM9Imh0dHBzOi8vd3d3Lmdvb2dsZS5jb20vbWFwcy9lbWJlZD9wYj0hMW0xOCExbTEyITFtMyExZDI0NDcuOTg1ODQ4NjY0MjQ3NCEyZDkuOTQ4OTY3ODc3MzEyNjQ3ITNkNTIuMTUyNzY3MDcxOTY3MjA1ITJtMyExZjAhMmYwITNmMCEzbTIhMWkxMDI0ITJpNzY4ITRmMTMuMSEzbTMhMW0yITFzMHg0N2JhYWZhOWJkY2U4ZjI1JTNBMHg0YzY5M2M3MzYyMmRiZmJjITJzTWFya3RwbGF0eiUyMEhpbGRlc2hlaW0hNWUwITNtMiExc2RlITJzZGUhNHYxNjkyMTg0NTQ1OTk5ITVtMiExc2RlITJzZGUiIHdpZHRoPSI2MDAiIGhlaWdodD0iNDUwIiBzdHlsZT0iYm9yZGVyOjA7IiBhbGxvd2Z1bGxzY3JlZW49IiIgbG9hZGluZz0ibGF6eSIgcmVmZXJyZXJwb2xpY3k9Im5vLXJlZmVycmVyLXdoZW4tZG93bmdyYWRlIj48L2lmcmFtZT4=\"><div class=\"brlbs-cmpnt-cb-preset-b brlbs-cmpnt-cb-google-maps\"> <div class=\"brlbs-cmpnt-cb-thumbnail\" style=\"background-image: url('https:\/\/9staedte.de\/wp-content\/uploads\/borlabs-cookie\/1\/brlbs-cb-google-maps-main.png')\"><\/div> <div class=\"brlbs-cmpnt-cb-main\"> <div class=\"brlbs-cmpnt-cb-content\"> <p class=\"brlbs-cmpnt-cb-description\">Vous \u00eates actuellement en train de consulter le contenu d&rsquo;un espace r\u00e9serv\u00e9 de <strong>Google Maps<\/strong>. Pour acc\u00e9der au contenu r\u00e9el, cliquez sur le bouton ci-dessous. Veuillez noter que ce faisant, des donn\u00e9es seront partag\u00e9es avec des providers tiers.<\/p> <a class=\"brlbs-cmpnt-cb-provider-toggle\" href=\"#\" data-borlabs-cookie-show-provider-information role=\"button\">Plus d&rsquo;informations<\/a> <\/div> <div class=\"brlbs-cmpnt-cb-buttons\"> <a class=\"brlbs-cmpnt-cb-btn\" href=\"#\" data-borlabs-cookie-unblock role=\"button\">D\u00e9bloquer le contenu<\/a> <a class=\"brlbs-cmpnt-cb-btn\" href=\"#\" data-borlabs-cookie-accept-service role=\"button\" style=\"display: inherit\">Accepter le service requis et d\u00e9bloquer le contenu<\/a> <\/div> <\/div> <\/div><\/div>\n\n<div style=\"height:41px\" aria-hidden=\"true\" class=\"wp-block-spacer\"><\/div>\n\n<h2 class=\"wp-block-heading h3\">Magie de No\u00ebl \u00e0 Hildesheim<\/h2>\n\n<p>&#8211; une nuit incluse Petit d\u00e9jeuner<br\/>&#8211; un vin chaud sur le march\u00e9 de No\u00ebl<br\/>&#8211; un souvenir de No\u00ebl<br\/>&#8211; dossier d&rsquo;information sur la p\u00e9riode de No\u00ebl \u00e0 Hildesheim par chambre <br\/><br\/><strong><a href=\"https:\/\/www.hildesheim-tourismus.de\/package\/weihnachtszauber-in-hildesheim-fuer-kleingruppen\" target=\"_blank\" rel=\"noreferrer noopener\">R\u00e9servations<\/a><\/strong><br\/><br\/>Les CGV de Hildesheim Marketing GmbH s&rsquo;appliquent.<\/p>\n\n<p><\/p>\n","protected":false},"excerpt":{"rendered":"<p>Le c\u0153ur du march\u00e9 de No\u00ebl bat sur la place historique du march\u00e9 Ici, les magnifiques fa\u00e7ades \u00e0 colombages et l&rsquo;odeur du pain d&rsquo;\u00e9pices frais et du vin chaud cr\u00e9ent une ambiance toute particuli\u00e8re avant No\u00ebl. Sur la place An der Lilie, des stands d\u00e9cor\u00e9s invitent \u00e9galement \u00e0 la fl\u00e2nerie.Au bureau de poste \u00ab\u00a0Zum Rentier\u00a0\u00bb [&hellip;]<\/p>\n","protected":false},"author":1,"featured_media":23635,"parent":17998,"menu_order":0,"comment_status":"closed","ping_status":"closed","template":"pagetemplates\/template-stadtthema.php","meta":{"_acf_changed":false,"footnotes":""},"categories":[],"tags":[],"ncap_cities_tax":[464,534],"class_list":["post-17043","page","type-page","status-publish","has-post-thumbnail","hentry","ncap_cities_tax-hildesheim-fr","ncap_cities_tax-weihnachtsmarkte-hildesheim-fr"],"acf":[],"yoast_head":"<!-- This site is optimized with the Yoast SEO plugin v26.8 - https:\/\/yoast.com\/product\/yoast-seo-wordpress\/ -->\n<title>March\u00e9 de No\u00ebl \u00e0 Hildesheim - 9 St\u00e4dte in Niedersachsen<\/title>\n<meta name=\"description\" content=\"Le c\u0153ur du march\u00e9 de No\u00ebl de Hildesheim bat sur la place historique du march\u00e9 avec ses magnifiques maisons \u00e0 colombages.\" \/>\n<meta name=\"robots\" content=\"index, follow, max-snippet:-1, max-image-preview:large, max-video-preview:-1\" \/>\n<link rel=\"canonical\" href=\"https:\/\/9staedte.de\/fr\/hildesheim-ville-classee-au-patrimoine-mondial-de-lunesco\/marche-de-noel-a-hildesheim\/\" \/>\n<meta property=\"og:locale\" content=\"fr_FR\" \/>\n<meta property=\"og:type\" content=\"article\" \/>\n<meta property=\"og:title\" content=\"March\u00e9 de No\u00ebl \u00e0 Hildesheim - 9 St\u00e4dte in Niedersachsen\" \/>\n<meta property=\"og:description\" content=\"Le c\u0153ur du march\u00e9 de No\u00ebl de Hildesheim bat sur la place historique du march\u00e9 avec ses magnifiques maisons \u00e0 colombages.\" \/>\n<meta property=\"og:url\" content=\"https:\/\/9staedte.de\/fr\/hildesheim-ville-classee-au-patrimoine-mondial-de-lunesco\/marche-de-noel-a-hildesheim\/\" \/>\n<meta property=\"og:site_name\" content=\"9 St\u00e4dte in Niedersachsen\" \/>\n<meta property=\"article:modified_time\" content=\"2026-03-23T15:58:34+00:00\" \/>\n<meta property=\"og:image\" content=\"https:\/\/9staedte.de\/wp-content\/uploads\/2024\/09\/Weihnachtsmarkt-Hildesheim-c-Hildesheim-Marketing-Foto-Lars-Griebner-CC-BY.jpg\" \/>\n\t<meta property=\"og:image:width\" content=\"1020\" \/>\n\t<meta property=\"og:image:height\" content=\"560\" \/>\n\t<meta property=\"og:image:type\" content=\"image\/jpeg\" \/>\n<meta name=\"twitter:card\" content=\"summary_large_image\" \/>\n<meta name=\"twitter:label1\" content=\"Dur\u00e9e de lecture estim\u00e9e\" \/>\n\t<meta name=\"twitter:data1\" content=\"2 minutes\" \/>\n<script type=\"application\/ld+json\" class=\"yoast-schema-graph\">{\"@context\":\"https:\/\/schema.org\",\"@graph\":[{\"@type\":\"WebPage\",\"@id\":\"https:\/\/9staedte.de\/fr\/hildesheim-ville-classee-au-patrimoine-mondial-de-lunesco\/marche-de-noel-a-hildesheim\/\",\"url\":\"https:\/\/9staedte.de\/fr\/hildesheim-ville-classee-au-patrimoine-mondial-de-lunesco\/marche-de-noel-a-hildesheim\/\",\"name\":\"March\u00e9 de No\u00ebl \u00e0 Hildesheim - 9 St\u00e4dte in Niedersachsen\",\"isPartOf\":{\"@id\":\"https:\/\/9staedte.de\/fr\/#website\"},\"primaryImageOfPage\":{\"@id\":\"https:\/\/9staedte.de\/fr\/hildesheim-ville-classee-au-patrimoine-mondial-de-lunesco\/marche-de-noel-a-hildesheim\/#primaryimage\"},\"image\":{\"@id\":\"https:\/\/9staedte.de\/fr\/hildesheim-ville-classee-au-patrimoine-mondial-de-lunesco\/marche-de-noel-a-hildesheim\/#primaryimage\"},\"thumbnailUrl\":\"https:\/\/9staedte.de\/wp-content\/uploads\/2024\/09\/Weihnachtsmarkt-Hildesheim-c-Hildesheim-Marketing-Foto-Lars-Griebner-CC-BY.jpg\",\"datePublished\":\"2023-11-02T08:47:01+00:00\",\"dateModified\":\"2026-03-23T15:58:34+00:00\",\"description\":\"Le c\u0153ur du march\u00e9 de No\u00ebl de Hildesheim bat sur la place historique du march\u00e9 avec ses magnifiques maisons \u00e0 colombages.\",\"breadcrumb\":{\"@id\":\"https:\/\/9staedte.de\/fr\/hildesheim-ville-classee-au-patrimoine-mondial-de-lunesco\/marche-de-noel-a-hildesheim\/#breadcrumb\"},\"inLanguage\":\"fr-FR\",\"potentialAction\":[{\"@type\":\"ReadAction\",\"target\":[\"https:\/\/9staedte.de\/fr\/hildesheim-ville-classee-au-patrimoine-mondial-de-lunesco\/marche-de-noel-a-hildesheim\/\"]}]},{\"@type\":\"ImageObject\",\"inLanguage\":\"fr-FR\",\"@id\":\"https:\/\/9staedte.de\/fr\/hildesheim-ville-classee-au-patrimoine-mondial-de-lunesco\/marche-de-noel-a-hildesheim\/#primaryimage\",\"url\":\"https:\/\/9staedte.de\/wp-content\/uploads\/2024\/09\/Weihnachtsmarkt-Hildesheim-c-Hildesheim-Marketing-Foto-Lars-Griebner-CC-BY.jpg\",\"contentUrl\":\"https:\/\/9staedte.de\/wp-content\/uploads\/2024\/09\/Weihnachtsmarkt-Hildesheim-c-Hildesheim-Marketing-Foto-Lars-Griebner-CC-BY.jpg\",\"width\":1020,\"height\":560,\"caption\":\"Weihnachtsmarkt Hildesheim c) Hildesheim Marketing Foto Lars Griebner (CC-BY)\"},{\"@type\":\"BreadcrumbList\",\"@id\":\"https:\/\/9staedte.de\/fr\/hildesheim-ville-classee-au-patrimoine-mondial-de-lunesco\/marche-de-noel-a-hildesheim\/#breadcrumb\",\"itemListElement\":[{\"@type\":\"ListItem\",\"position\":1,\"name\":\"Startseite\",\"item\":\"https:\/\/9staedte.de\/fr\/\"},{\"@type\":\"ListItem\",\"position\":2,\"name\":\"Hildesheim &#8211; ville class\u00e9e au patrimoine mondial de l&#8217;UNESCO\",\"item\":\"https:\/\/9staedte.de\/fr\/hildesheim-ville-classee-au-patrimoine-mondial-de-lunesco\/\"},{\"@type\":\"ListItem\",\"position\":3,\"name\":\"March\u00e9 de No\u00ebl \u00e0 Hildesheim\"}]},{\"@type\":\"WebSite\",\"@id\":\"https:\/\/9staedte.de\/fr\/#website\",\"url\":\"https:\/\/9staedte.de\/fr\/\",\"name\":\"9 St\u00e4dte in Niedersachsen\",\"description\":\"\",\"publisher\":{\"@id\":\"https:\/\/9staedte.de\/fr\/#organization\"},\"potentialAction\":[{\"@type\":\"SearchAction\",\"target\":{\"@type\":\"EntryPoint\",\"urlTemplate\":\"https:\/\/9staedte.de\/fr\/?s={search_term_string}\"},\"query-input\":{\"@type\":\"PropertyValueSpecification\",\"valueRequired\":true,\"valueName\":\"search_term_string\"}}],\"inLanguage\":\"fr-FR\"},{\"@type\":\"Organization\",\"@id\":\"https:\/\/9staedte.de\/fr\/#organization\",\"name\":\"9 St\u00e4dte in Niedersachsen\",\"url\":\"https:\/\/9staedte.de\/fr\/\",\"logo\":{\"@type\":\"ImageObject\",\"inLanguage\":\"fr-FR\",\"@id\":\"https:\/\/9staedte.de\/fr\/#\/schema\/logo\/image\/\",\"url\":\"https:\/\/9staedte.de\/wp-content\/uploads\/2025\/01\/9-neg-deutsch-2-1.png\",\"contentUrl\":\"https:\/\/9staedte.de\/wp-content\/uploads\/2025\/01\/9-neg-deutsch-2-1.png\",\"width\":190,\"height\":114,\"caption\":\"9 St\u00e4dte in Niedersachsen\"},\"image\":{\"@id\":\"https:\/\/9staedte.de\/fr\/#\/schema\/logo\/image\/\"}}]}<\/script>\n<!-- \/ Yoast SEO plugin. -->","yoast_head_json":{"title":"March\u00e9 de No\u00ebl \u00e0 Hildesheim - 9 St\u00e4dte in Niedersachsen","description":"Le c\u0153ur du march\u00e9 de No\u00ebl de Hildesheim bat sur la place historique du march\u00e9 avec ses magnifiques maisons \u00e0 colombages.","robots":{"index":"index","follow":"follow","max-snippet":"max-snippet:-1","max-image-preview":"max-image-preview:large","max-video-preview":"max-video-preview:-1"},"canonical":"https:\/\/9staedte.de\/fr\/hildesheim-ville-classee-au-patrimoine-mondial-de-lunesco\/marche-de-noel-a-hildesheim\/","og_locale":"fr_FR","og_type":"article","og_title":"March\u00e9 de No\u00ebl \u00e0 Hildesheim - 9 St\u00e4dte in Niedersachsen","og_description":"Le c\u0153ur du march\u00e9 de No\u00ebl de Hildesheim bat sur la place historique du march\u00e9 avec ses magnifiques maisons \u00e0 colombages.","og_url":"https:\/\/9staedte.de\/fr\/hildesheim-ville-classee-au-patrimoine-mondial-de-lunesco\/marche-de-noel-a-hildesheim\/","og_site_name":"9 St\u00e4dte in Niedersachsen","article_modified_time":"2026-03-23T15:58:34+00:00","og_image":[{"width":1020,"height":560,"url":"https:\/\/9staedte.de\/wp-content\/uploads\/2024\/09\/Weihnachtsmarkt-Hildesheim-c-Hildesheim-Marketing-Foto-Lars-Griebner-CC-BY.jpg","type":"image\/jpeg"}],"twitter_card":"summary_large_image","twitter_misc":{"Dur\u00e9e de lecture estim\u00e9e":"2 minutes"},"schema":{"@context":"https:\/\/schema.org","@graph":[{"@type":"WebPage","@id":"https:\/\/9staedte.de\/fr\/hildesheim-ville-classee-au-patrimoine-mondial-de-lunesco\/marche-de-noel-a-hildesheim\/","url":"https:\/\/9staedte.de\/fr\/hildesheim-ville-classee-au-patrimoine-mondial-de-lunesco\/marche-de-noel-a-hildesheim\/","name":"March\u00e9 de No\u00ebl \u00e0 Hildesheim - 9 St\u00e4dte in Niedersachsen","isPartOf":{"@id":"https:\/\/9staedte.de\/fr\/#website"},"primaryImageOfPage":{"@id":"https:\/\/9staedte.de\/fr\/hildesheim-ville-classee-au-patrimoine-mondial-de-lunesco\/marche-de-noel-a-hildesheim\/#primaryimage"},"image":{"@id":"https:\/\/9staedte.de\/fr\/hildesheim-ville-classee-au-patrimoine-mondial-de-lunesco\/marche-de-noel-a-hildesheim\/#primaryimage"},"thumbnailUrl":"https:\/\/9staedte.de\/wp-content\/uploads\/2024\/09\/Weihnachtsmarkt-Hildesheim-c-Hildesheim-Marketing-Foto-Lars-Griebner-CC-BY.jpg","datePublished":"2023-11-02T08:47:01+00:00","dateModified":"2026-03-23T15:58:34+00:00","description":"Le c\u0153ur du march\u00e9 de No\u00ebl de Hildesheim bat sur la place historique du march\u00e9 avec ses magnifiques maisons \u00e0 colombages.","breadcrumb":{"@id":"https:\/\/9staedte.de\/fr\/hildesheim-ville-classee-au-patrimoine-mondial-de-lunesco\/marche-de-noel-a-hildesheim\/#breadcrumb"},"inLanguage":"fr-FR","potentialAction":[{"@type":"ReadAction","target":["https:\/\/9staedte.de\/fr\/hildesheim-ville-classee-au-patrimoine-mondial-de-lunesco\/marche-de-noel-a-hildesheim\/"]}]},{"@type":"ImageObject","inLanguage":"fr-FR","@id":"https:\/\/9staedte.de\/fr\/hildesheim-ville-classee-au-patrimoine-mondial-de-lunesco\/marche-de-noel-a-hildesheim\/#primaryimage","url":"https:\/\/9staedte.de\/wp-content\/uploads\/2024\/09\/Weihnachtsmarkt-Hildesheim-c-Hildesheim-Marketing-Foto-Lars-Griebner-CC-BY.jpg","contentUrl":"https:\/\/9staedte.de\/wp-content\/uploads\/2024\/09\/Weihnachtsmarkt-Hildesheim-c-Hildesheim-Marketing-Foto-Lars-Griebner-CC-BY.jpg","width":1020,"height":560,"caption":"Weihnachtsmarkt Hildesheim c) Hildesheim Marketing Foto Lars Griebner (CC-BY)"},{"@type":"BreadcrumbList","@id":"https:\/\/9staedte.de\/fr\/hildesheim-ville-classee-au-patrimoine-mondial-de-lunesco\/marche-de-noel-a-hildesheim\/#breadcrumb","itemListElement":[{"@type":"ListItem","position":1,"name":"Startseite","item":"https:\/\/9staedte.de\/fr\/"},{"@type":"ListItem","position":2,"name":"Hildesheim &#8211; ville class\u00e9e au patrimoine mondial de l&#8217;UNESCO","item":"https:\/\/9staedte.de\/fr\/hildesheim-ville-classee-au-patrimoine-mondial-de-lunesco\/"},{"@type":"ListItem","position":3,"name":"March\u00e9 de No\u00ebl \u00e0 Hildesheim"}]},{"@type":"WebSite","@id":"https:\/\/9staedte.de\/fr\/#website","url":"https:\/\/9staedte.de\/fr\/","name":"9 St\u00e4dte in Niedersachsen","description":"","publisher":{"@id":"https:\/\/9staedte.de\/fr\/#organization"},"potentialAction":[{"@type":"SearchAction","target":{"@type":"EntryPoint","urlTemplate":"https:\/\/9staedte.de\/fr\/?s={search_term_string}"},"query-input":{"@type":"PropertyValueSpecification","valueRequired":true,"valueName":"search_term_string"}}],"inLanguage":"fr-FR"},{"@type":"Organization","@id":"https:\/\/9staedte.de\/fr\/#organization","name":"9 St\u00e4dte in Niedersachsen","url":"https:\/\/9staedte.de\/fr\/","logo":{"@type":"ImageObject","inLanguage":"fr-FR","@id":"https:\/\/9staedte.de\/fr\/#\/schema\/logo\/image\/","url":"https:\/\/9staedte.de\/wp-content\/uploads\/2025\/01\/9-neg-deutsch-2-1.png","contentUrl":"https:\/\/9staedte.de\/wp-content\/uploads\/2025\/01\/9-neg-deutsch-2-1.png","width":190,"height":114,"caption":"9 St\u00e4dte in Niedersachsen"},"image":{"@id":"https:\/\/9staedte.de\/fr\/#\/schema\/logo\/image\/"}}]}},"_links":{"self":[{"href":"https:\/\/9staedte.de\/fr\/wp-json\/wp\/v2\/pages\/17043","targetHints":{"allow":["GET"]}}],"collection":[{"href":"https:\/\/9staedte.de\/fr\/wp-json\/wp\/v2\/pages"}],"about":[{"href":"https:\/\/9staedte.de\/fr\/wp-json\/wp\/v2\/types\/page"}],"author":[{"embeddable":true,"href":"https:\/\/9staedte.de\/fr\/wp-json\/wp\/v2\/users\/1"}],"replies":[{"embeddable":true,"href":"https:\/\/9staedte.de\/fr\/wp-json\/wp\/v2\/comments?post=17043"}],"version-history":[{"count":9,"href":"https:\/\/9staedte.de\/fr\/wp-json\/wp\/v2\/pages\/17043\/revisions"}],"predecessor-version":[{"id":27932,"href":"https:\/\/9staedte.de\/fr\/wp-json\/wp\/v2\/pages\/17043\/revisions\/27932"}],"up":[{"embeddable":true,"href":"https:\/\/9staedte.de\/fr\/wp-json\/wp\/v2\/pages\/17998"}],"wp:featuredmedia":[{"embeddable":true,"href":"https:\/\/9staedte.de\/fr\/wp-json\/wp\/v2\/media\/23635"}],"wp:attachment":[{"href":"https:\/\/9staedte.de\/fr\/wp-json\/wp\/v2\/media?parent=17043"}],"wp:term":[{"taxonomy":"category","embeddable":true,"href":"https:\/\/9staedte.de\/fr\/wp-json\/wp\/v2\/categories?post=17043"},{"taxonomy":"post_tag","embeddable":true,"href":"https:\/\/9staedte.de\/fr\/wp-json\/wp\/v2\/tags?post=17043"},{"taxonomy":"ncap_cities_tax","embeddable":true,"href":"https:\/\/9staedte.de\/fr\/wp-json\/wp\/v2\/ncap_cities_tax?post=17043"}],"curies":[{"name":"wp","href":"https:\/\/api.w.org\/{rel}","templated":true}]}}