{"id":17042,"date":"2023-11-02T09:47:01","date_gmt":"2023-11-02T08:47:01","guid":{"rendered":"https:\/\/9staedte.de\/reunions-et-congres-a-hildesheim\/"},"modified":"2023-11-02T18:16:07","modified_gmt":"2023-11-02T17:16:07","slug":"reunions-et-congres-a-hildesheim","status":"publish","type":"page","link":"https:\/\/9staedte.de\/fr\/hildesheim-ville-classee-au-patrimoine-mondial-de-lunesco\/reunions-et-congres-a-hildesheim\/","title":{"rendered":"R\u00e9unions et congr\u00e8s \u00e0 Hildesheim"},"content":{"rendered":"\n<h2 class=\"wp-block-heading\">Votre prochain \u00e9v\u00e9nement \u00e0 Hildesheim<\/h2>\n\n\n\n<p>Tout comme la ville elle-m\u00eame, les h\u00f4tels et lieux de r\u00e9union \u00e0 Hildesheim sont tr\u00e8s vari\u00e9s : r\u00e9unions dans des h\u00f4tels de style, pr\u00e9sentations efficaces dans des salles de r\u00e9union modernes ou des lieux inhabituels, conf\u00e9rences dans un mus\u00e9e, pr\u00e9sentations sp\u00e9cialis\u00e9es dans le patrimoine mondial de l&rsquo;UNESCO, journ\u00e9es de m\u00e9diation dans un monast\u00e8re ou s\u00e9ries de conf\u00e9rences \u00e0 l&rsquo;universit\u00e9 &#8211; Hildesheim offre un cadre attrayant et des structures de service professionnelles pour les discussions sp\u00e9cialis\u00e9es, les r\u00e9unions et les congr\u00e8s.<\/p>\n\n\n\n\n<div class=\"banner-wrapper\">\n  <div class=\"banner-inner \">\n      <div class=\"img-container\">\n      <div class=\"img-wrapper\">\n        <img decoding=\"async\" src=\"https:\/\/9staedte.de\/wp-content\/smush-webp\/2023\/07\/Pelizaeus-Pavillon_Aussicht-c-RPM.jpg.webp\" alt=\"Sur l\u2019image, il y a une table dress\u00e9e pour une f\u00eate. Elle est dans une salle avec un mur en verre. Dehors, il y a des tables et des chaises sur une terrasse. \u00c0 l\u2019arri\u00e8re-plan, on voit des toits rouges et un vieux ch\u00e2teau. La vue est belle.\" \/>\n                  <div class=\"thumbnail-label\">\n            <span>Pelizeaus Pavillon im Roemer-  und Pelizeaus Museum <\/span>\n          <\/div>\n              <\/div>\n    <\/div>\n        <div class=\"text-container\">\n      <div class=\"content\">\n        <p><strong>Mit diesen 9 Tipps f\u00fcr Tagungen und Kongresse in Hildesheim : <\/strong><\/p>\n<p>\u2013  N\u00e4he zum gr\u00f6\u00dften Messegel\u00e4nde der Welt Hannover\/Laatzen<br \/>\n\u2013 Direkte Autobahnanbindung, ICE-Bahnhof, 30 min. zum Flughafen Hannover<br \/>\n\u2013 Multifunktionale Tagungsr\u00e4ume von 25 m\u00b2 bis knapp 2.000 m\u00b2<br \/>\n\u2013 Au\u00dfergew\u00f6hnliche Locations \u2013 Veranstaltungen im Welterbe und in Museen<br \/>\n\u2013 Knapp 5000  Betten in der Region<br \/>\n\u2013 Kurze Wege bei \u00fcber 100.000 Einwohnern<br \/>\n\u2013 Eine Universit\u00e4t und zwei Hochschulen<br \/>\n\u2013 UNESCO-Welterbe, vielf\u00e4ltige Kultur, historische Bauten und viel Gr\u00fcn<br \/>\n\u2013 Service aus einer Hand<\/p>\n      <\/div>\n    <\/div>\n    <\/div>\n<\/div>\n\n\n\n\n\n<div class=\"banner-wrapper\">\n  <div class=\"banner-inner reverse\">\n      <div class=\"img-container\">\n      <div class=\"img-wrapper\">\n        <img decoding=\"async\" src=\"https:\/\/9staedte.de\/wp-content\/smush-webp\/2023\/07\/Wollenweber_Tagungraum-im-Van-der-Valk-Hotel-Hildesheim.jpg.webp\" alt=\"Sur l\u2019image, il y a une tasse de caf\u00e9 sur un plateau. \u00c0 c\u00f4t\u00e9, il y a un verre d\u2019eau. Il y a aussi une cuill\u00e8re, un biscuit et du sucre. \u00c0 l\u2019arri\u00e8re-plan, on voit des muffins sur des assiettes. Deux bougies allum\u00e9es sont sur la table. C\u2019est calme et agr\u00e9able.\" \/>\n                  <div class=\"thumbnail-label\">\n            <span>Wollenweber_Tagungraum im Van der Valk Hotel Hildesheim<\/span>\n          <\/div>\n              <\/div>\n    <\/div>\n        <div class=\"text-container\">\n      <div class=\"content\">\n        <p><strong>Angebots- und Serviceleistungen der Hildesheim Marketing GmbH<br \/>\n<\/strong><br \/>\nVon der Basisleistung bis zu Full-Services \u2013 wir unterst\u00fctzen Sie erfolgreiche Tagungen und Kongresse in Hildesheim bei f\u00fcr Sie minimalem Aufwand und geringem Risiko durchzuf\u00fchren. Unser Team steht Ihnen von der ersten Planung an bis hin zur Veranstaltungsdokumentation zur Seite. Bei uns finden Sie umfassende Informationen zu den Tagungsst\u00e4tten sowie zu professionellen Leistungsanbietern. Wir beraten bei der Festlegung Ihrer Tagungsorte, organisieren ausgefallene Rahmenprogramme und verwalten die Hotelkontingente f\u00fcr Ihre Veranstaltung. Bis hin zur kompletten Tagungsabwicklung, speziell auf Ihre Bed\u00fcrfnisse zugeschnitten.<\/p>\n<p><a href=\"https:\/\/www.hildesheim.de\/tagen-in-hildesheim.html\">Weitere Informationen:<\/a><\/p>\n      <\/div>\n    <\/div>\n    <\/div>\n<\/div>\n\n","protected":false},"excerpt":{"rendered":"<p>Votre prochain \u00e9v\u00e9nement \u00e0 Hildesheim Tout comme la ville elle-m\u00eame, les h\u00f4tels et lieux de r\u00e9union \u00e0 Hildesheim sont tr\u00e8s vari\u00e9s : r\u00e9unions dans des h\u00f4tels de style, pr\u00e9sentations efficaces dans des salles de r\u00e9union modernes ou des lieux inhabituels, conf\u00e9rences dans un mus\u00e9e, pr\u00e9sentations sp\u00e9cialis\u00e9es dans le patrimoine mondial de l&rsquo;UNESCO, journ\u00e9es de m\u00e9diation [&hellip;]<\/p>\n","protected":false},"author":1,"featured_media":17051,"parent":17998,"menu_order":0,"comment_status":"closed","ping_status":"closed","template":"pagetemplates\/template-stadtthema.php","meta":{"_acf_changed":false,"footnotes":""},"categories":[],"tags":[],"ncap_cities_tax":[464,1171],"class_list":["post-17042","page","type-page","status-publish","has-post-thumbnail","hentry","ncap_cities_tax-hildesheim-fr","ncap_cities_tax-tagungen-und-kongresse-hildesheim-fr"],"acf":[],"yoast_head":"<!-- This site is optimized with the Yoast SEO plugin v26.8 - https:\/\/yoast.com\/product\/yoast-seo-wordpress\/ -->\n<title>R\u00e9unions et congr\u00e8s \u00e0 Hildesheim - 9 St\u00e4dte in Niedersachsen<\/title>\n<meta name=\"robots\" content=\"index, follow, max-snippet:-1, max-image-preview:large, max-video-preview:-1\" \/>\n<link rel=\"canonical\" href=\"https:\/\/9staedte.de\/fr\/hildesheim-ville-classee-au-patrimoine-mondial-de-lunesco\/reunions-et-congres-a-hildesheim\/\" \/>\n<meta property=\"og:locale\" content=\"fr_FR\" \/>\n<meta property=\"og:type\" content=\"article\" \/>\n<meta property=\"og:title\" content=\"R\u00e9unions et congr\u00e8s \u00e0 Hildesheim - 9 St\u00e4dte in Niedersachsen\" \/>\n<meta property=\"og:description\" content=\"Votre prochain \u00e9v\u00e9nement \u00e0 Hildesheim Tout comme la ville elle-m\u00eame, les h\u00f4tels et lieux de r\u00e9union \u00e0 Hildesheim sont tr\u00e8s vari\u00e9s : r\u00e9unions dans des h\u00f4tels de style, pr\u00e9sentations efficaces dans des salles de r\u00e9union modernes ou des lieux inhabituels, conf\u00e9rences dans un mus\u00e9e, pr\u00e9sentations sp\u00e9cialis\u00e9es dans le patrimoine mondial de l&rsquo;UNESCO, journ\u00e9es de m\u00e9diation [&hellip;]\" \/>\n<meta property=\"og:url\" content=\"https:\/\/9staedte.de\/fr\/hildesheim-ville-classee-au-patrimoine-mondial-de-lunesco\/reunions-et-congres-a-hildesheim\/\" \/>\n<meta property=\"og:site_name\" content=\"9 St\u00e4dte in Niedersachsen\" \/>\n<meta property=\"article:modified_time\" content=\"2023-11-02T17:16:07+00:00\" \/>\n<meta property=\"og:image\" content=\"https:\/\/9staedte.de\/wp-content\/uploads\/2023\/07\/Hildesheimer-Marktplatz_Foto-Max-Wiesenbach-1.jpg\" \/>\n\t<meta property=\"og:image:width\" content=\"1020\" \/>\n\t<meta property=\"og:image:height\" content=\"561\" \/>\n\t<meta property=\"og:image:type\" content=\"image\/jpeg\" \/>\n<meta name=\"twitter:card\" content=\"summary_large_image\" \/>\n<meta name=\"twitter:label1\" content=\"Dur\u00e9e de lecture estim\u00e9e\" \/>\n\t<meta name=\"twitter:data1\" content=\"1 minute\" \/>\n<script type=\"application\/ld+json\" class=\"yoast-schema-graph\">{\"@context\":\"https:\/\/schema.org\",\"@graph\":[{\"@type\":\"WebPage\",\"@id\":\"https:\/\/9staedte.de\/fr\/hildesheim-ville-classee-au-patrimoine-mondial-de-lunesco\/reunions-et-congres-a-hildesheim\/\",\"url\":\"https:\/\/9staedte.de\/fr\/hildesheim-ville-classee-au-patrimoine-mondial-de-lunesco\/reunions-et-congres-a-hildesheim\/\",\"name\":\"R\u00e9unions et congr\u00e8s \u00e0 Hildesheim - 9 St\u00e4dte in Niedersachsen\",\"isPartOf\":{\"@id\":\"https:\/\/9staedte.de\/fr\/#website\"},\"primaryImageOfPage\":{\"@id\":\"https:\/\/9staedte.de\/fr\/hildesheim-ville-classee-au-patrimoine-mondial-de-lunesco\/reunions-et-congres-a-hildesheim\/#primaryimage\"},\"image\":{\"@id\":\"https:\/\/9staedte.de\/fr\/hildesheim-ville-classee-au-patrimoine-mondial-de-lunesco\/reunions-et-congres-a-hildesheim\/#primaryimage\"},\"thumbnailUrl\":\"https:\/\/9staedte.de\/wp-content\/uploads\/2023\/07\/Hildesheimer-Marktplatz_Foto-Max-Wiesenbach-1.jpg\",\"datePublished\":\"2023-11-02T08:47:01+00:00\",\"dateModified\":\"2023-11-02T17:16:07+00:00\",\"breadcrumb\":{\"@id\":\"https:\/\/9staedte.de\/fr\/hildesheim-ville-classee-au-patrimoine-mondial-de-lunesco\/reunions-et-congres-a-hildesheim\/#breadcrumb\"},\"inLanguage\":\"fr-FR\",\"potentialAction\":[{\"@type\":\"ReadAction\",\"target\":[\"https:\/\/9staedte.de\/fr\/hildesheim-ville-classee-au-patrimoine-mondial-de-lunesco\/reunions-et-congres-a-hildesheim\/\"]}]},{\"@type\":\"ImageObject\",\"inLanguage\":\"fr-FR\",\"@id\":\"https:\/\/9staedte.de\/fr\/hildesheim-ville-classee-au-patrimoine-mondial-de-lunesco\/reunions-et-congres-a-hildesheim\/#primaryimage\",\"url\":\"https:\/\/9staedte.de\/wp-content\/uploads\/2023\/07\/Hildesheimer-Marktplatz_Foto-Max-Wiesenbach-1.jpg\",\"contentUrl\":\"https:\/\/9staedte.de\/wp-content\/uploads\/2023\/07\/Hildesheimer-Marktplatz_Foto-Max-Wiesenbach-1.jpg\",\"width\":1020,\"height\":561,\"caption\":\"Hildesheimer Marktplatz_Foto Max Wiesenbach (1)\"},{\"@type\":\"BreadcrumbList\",\"@id\":\"https:\/\/9staedte.de\/fr\/hildesheim-ville-classee-au-patrimoine-mondial-de-lunesco\/reunions-et-congres-a-hildesheim\/#breadcrumb\",\"itemListElement\":[{\"@type\":\"ListItem\",\"position\":1,\"name\":\"Startseite\",\"item\":\"https:\/\/9staedte.de\/fr\/\"},{\"@type\":\"ListItem\",\"position\":2,\"name\":\"Hildesheim &#8211; ville class\u00e9e au patrimoine mondial de l&#8217;UNESCO\",\"item\":\"https:\/\/9staedte.de\/fr\/hildesheim-ville-classee-au-patrimoine-mondial-de-lunesco\/\"},{\"@type\":\"ListItem\",\"position\":3,\"name\":\"R\u00e9unions et congr\u00e8s \u00e0 Hildesheim\"}]},{\"@type\":\"WebSite\",\"@id\":\"https:\/\/9staedte.de\/fr\/#website\",\"url\":\"https:\/\/9staedte.de\/fr\/\",\"name\":\"9 St\u00e4dte in Niedersachsen\",\"description\":\"\",\"publisher\":{\"@id\":\"https:\/\/9staedte.de\/fr\/#organization\"},\"potentialAction\":[{\"@type\":\"SearchAction\",\"target\":{\"@type\":\"EntryPoint\",\"urlTemplate\":\"https:\/\/9staedte.de\/fr\/?s={search_term_string}\"},\"query-input\":{\"@type\":\"PropertyValueSpecification\",\"valueRequired\":true,\"valueName\":\"search_term_string\"}}],\"inLanguage\":\"fr-FR\"},{\"@type\":\"Organization\",\"@id\":\"https:\/\/9staedte.de\/fr\/#organization\",\"name\":\"9 St\u00e4dte in Niedersachsen\",\"url\":\"https:\/\/9staedte.de\/fr\/\",\"logo\":{\"@type\":\"ImageObject\",\"inLanguage\":\"fr-FR\",\"@id\":\"https:\/\/9staedte.de\/fr\/#\/schema\/logo\/image\/\",\"url\":\"https:\/\/9staedte.de\/wp-content\/uploads\/2025\/01\/9-neg-deutsch-2-1.png\",\"contentUrl\":\"https:\/\/9staedte.de\/wp-content\/uploads\/2025\/01\/9-neg-deutsch-2-1.png\",\"width\":190,\"height\":114,\"caption\":\"9 St\u00e4dte in Niedersachsen\"},\"image\":{\"@id\":\"https:\/\/9staedte.de\/fr\/#\/schema\/logo\/image\/\"}}]}<\/script>\n<!-- \/ Yoast SEO plugin. -->","yoast_head_json":{"title":"R\u00e9unions et congr\u00e8s \u00e0 Hildesheim - 9 St\u00e4dte in Niedersachsen","robots":{"index":"index","follow":"follow","max-snippet":"max-snippet:-1","max-image-preview":"max-image-preview:large","max-video-preview":"max-video-preview:-1"},"canonical":"https:\/\/9staedte.de\/fr\/hildesheim-ville-classee-au-patrimoine-mondial-de-lunesco\/reunions-et-congres-a-hildesheim\/","og_locale":"fr_FR","og_type":"article","og_title":"R\u00e9unions et congr\u00e8s \u00e0 Hildesheim - 9 St\u00e4dte in Niedersachsen","og_description":"Votre prochain \u00e9v\u00e9nement \u00e0 Hildesheim Tout comme la ville elle-m\u00eame, les h\u00f4tels et lieux de r\u00e9union \u00e0 Hildesheim sont tr\u00e8s vari\u00e9s : r\u00e9unions dans des h\u00f4tels de style, pr\u00e9sentations efficaces dans des salles de r\u00e9union modernes ou des lieux inhabituels, conf\u00e9rences dans un mus\u00e9e, pr\u00e9sentations sp\u00e9cialis\u00e9es dans le patrimoine mondial de l&rsquo;UNESCO, journ\u00e9es de m\u00e9diation [&hellip;]","og_url":"https:\/\/9staedte.de\/fr\/hildesheim-ville-classee-au-patrimoine-mondial-de-lunesco\/reunions-et-congres-a-hildesheim\/","og_site_name":"9 St\u00e4dte in Niedersachsen","article_modified_time":"2023-11-02T17:16:07+00:00","og_image":[{"width":1020,"height":561,"url":"https:\/\/9staedte.de\/wp-content\/uploads\/2023\/07\/Hildesheimer-Marktplatz_Foto-Max-Wiesenbach-1.jpg","type":"image\/jpeg"}],"twitter_card":"summary_large_image","twitter_misc":{"Dur\u00e9e de lecture estim\u00e9e":"1 minute"},"schema":{"@context":"https:\/\/schema.org","@graph":[{"@type":"WebPage","@id":"https:\/\/9staedte.de\/fr\/hildesheim-ville-classee-au-patrimoine-mondial-de-lunesco\/reunions-et-congres-a-hildesheim\/","url":"https:\/\/9staedte.de\/fr\/hildesheim-ville-classee-au-patrimoine-mondial-de-lunesco\/reunions-et-congres-a-hildesheim\/","name":"R\u00e9unions et congr\u00e8s \u00e0 Hildesheim - 9 St\u00e4dte in Niedersachsen","isPartOf":{"@id":"https:\/\/9staedte.de\/fr\/#website"},"primaryImageOfPage":{"@id":"https:\/\/9staedte.de\/fr\/hildesheim-ville-classee-au-patrimoine-mondial-de-lunesco\/reunions-et-congres-a-hildesheim\/#primaryimage"},"image":{"@id":"https:\/\/9staedte.de\/fr\/hildesheim-ville-classee-au-patrimoine-mondial-de-lunesco\/reunions-et-congres-a-hildesheim\/#primaryimage"},"thumbnailUrl":"https:\/\/9staedte.de\/wp-content\/uploads\/2023\/07\/Hildesheimer-Marktplatz_Foto-Max-Wiesenbach-1.jpg","datePublished":"2023-11-02T08:47:01+00:00","dateModified":"2023-11-02T17:16:07+00:00","breadcrumb":{"@id":"https:\/\/9staedte.de\/fr\/hildesheim-ville-classee-au-patrimoine-mondial-de-lunesco\/reunions-et-congres-a-hildesheim\/#breadcrumb"},"inLanguage":"fr-FR","potentialAction":[{"@type":"ReadAction","target":["https:\/\/9staedte.de\/fr\/hildesheim-ville-classee-au-patrimoine-mondial-de-lunesco\/reunions-et-congres-a-hildesheim\/"]}]},{"@type":"ImageObject","inLanguage":"fr-FR","@id":"https:\/\/9staedte.de\/fr\/hildesheim-ville-classee-au-patrimoine-mondial-de-lunesco\/reunions-et-congres-a-hildesheim\/#primaryimage","url":"https:\/\/9staedte.de\/wp-content\/uploads\/2023\/07\/Hildesheimer-Marktplatz_Foto-Max-Wiesenbach-1.jpg","contentUrl":"https:\/\/9staedte.de\/wp-content\/uploads\/2023\/07\/Hildesheimer-Marktplatz_Foto-Max-Wiesenbach-1.jpg","width":1020,"height":561,"caption":"Hildesheimer Marktplatz_Foto Max Wiesenbach (1)"},{"@type":"BreadcrumbList","@id":"https:\/\/9staedte.de\/fr\/hildesheim-ville-classee-au-patrimoine-mondial-de-lunesco\/reunions-et-congres-a-hildesheim\/#breadcrumb","itemListElement":[{"@type":"ListItem","position":1,"name":"Startseite","item":"https:\/\/9staedte.de\/fr\/"},{"@type":"ListItem","position":2,"name":"Hildesheim &#8211; ville class\u00e9e au patrimoine mondial de l&#8217;UNESCO","item":"https:\/\/9staedte.de\/fr\/hildesheim-ville-classee-au-patrimoine-mondial-de-lunesco\/"},{"@type":"ListItem","position":3,"name":"R\u00e9unions et congr\u00e8s \u00e0 Hildesheim"}]},{"@type":"WebSite","@id":"https:\/\/9staedte.de\/fr\/#website","url":"https:\/\/9staedte.de\/fr\/","name":"9 St\u00e4dte in Niedersachsen","description":"","publisher":{"@id":"https:\/\/9staedte.de\/fr\/#organization"},"potentialAction":[{"@type":"SearchAction","target":{"@type":"EntryPoint","urlTemplate":"https:\/\/9staedte.de\/fr\/?s={search_term_string}"},"query-input":{"@type":"PropertyValueSpecification","valueRequired":true,"valueName":"search_term_string"}}],"inLanguage":"fr-FR"},{"@type":"Organization","@id":"https:\/\/9staedte.de\/fr\/#organization","name":"9 St\u00e4dte in Niedersachsen","url":"https:\/\/9staedte.de\/fr\/","logo":{"@type":"ImageObject","inLanguage":"fr-FR","@id":"https:\/\/9staedte.de\/fr\/#\/schema\/logo\/image\/","url":"https:\/\/9staedte.de\/wp-content\/uploads\/2025\/01\/9-neg-deutsch-2-1.png","contentUrl":"https:\/\/9staedte.de\/wp-content\/uploads\/2025\/01\/9-neg-deutsch-2-1.png","width":190,"height":114,"caption":"9 St\u00e4dte in Niedersachsen"},"image":{"@id":"https:\/\/9staedte.de\/fr\/#\/schema\/logo\/image\/"}}]}},"_links":{"self":[{"href":"https:\/\/9staedte.de\/fr\/wp-json\/wp\/v2\/pages\/17042","targetHints":{"allow":["GET"]}}],"collection":[{"href":"https:\/\/9staedte.de\/fr\/wp-json\/wp\/v2\/pages"}],"about":[{"href":"https:\/\/9staedte.de\/fr\/wp-json\/wp\/v2\/types\/page"}],"author":[{"embeddable":true,"href":"https:\/\/9staedte.de\/fr\/wp-json\/wp\/v2\/users\/1"}],"replies":[{"embeddable":true,"href":"https:\/\/9staedte.de\/fr\/wp-json\/wp\/v2\/comments?post=17042"}],"version-history":[{"count":1,"href":"https:\/\/9staedte.de\/fr\/wp-json\/wp\/v2\/pages\/17042\/revisions"}],"predecessor-version":[{"id":19967,"href":"https:\/\/9staedte.de\/fr\/wp-json\/wp\/v2\/pages\/17042\/revisions\/19967"}],"up":[{"embeddable":true,"href":"https:\/\/9staedte.de\/fr\/wp-json\/wp\/v2\/pages\/17998"}],"wp:featuredmedia":[{"embeddable":true,"href":"https:\/\/9staedte.de\/fr\/wp-json\/wp\/v2\/media\/17051"}],"wp:attachment":[{"href":"https:\/\/9staedte.de\/fr\/wp-json\/wp\/v2\/media?parent=17042"}],"wp:term":[{"taxonomy":"category","embeddable":true,"href":"https:\/\/9staedte.de\/fr\/wp-json\/wp\/v2\/categories?post=17042"},{"taxonomy":"post_tag","embeddable":true,"href":"https:\/\/9staedte.de\/fr\/wp-json\/wp\/v2\/tags?post=17042"},{"taxonomy":"ncap_cities_tax","embeddable":true,"href":"https:\/\/9staedte.de\/fr\/wp-json\/wp\/v2\/ncap_cities_tax?post=17042"}],"curies":[{"name":"wp","href":"https:\/\/api.w.org\/{rel}","templated":true}]}}