{"id":17030,"date":"2023-11-02T09:47:01","date_gmt":"2023-11-02T08:47:01","guid":{"rendered":"https:\/\/9staedte.de\/wolfenbuettel-decouvrir-durablement\/"},"modified":"2024-03-21T16:00:10","modified_gmt":"2024-03-21T15:00:10","slug":"wolfenbuettel-decouvrir-durablement","status":"publish","type":"page","link":"https:\/\/9staedte.de\/fr\/wolfenbuttel-la-ville-de-lessing\/wolfenbuettel-decouvrir-durablement\/","title":{"rendered":"Wolfenb\u00fcttel &#8211; d\u00e9couvrir durablement"},"content":{"rendered":"\n<h2 class=\"wp-block-heading\">Vacances d\u00e8s le d\u00e9but<\/h2>\n\n\n\n<p>Les vacances \u00e0 Wolfenb\u00fcttel commencent d\u00e9j\u00e0 par une promenade de la gare \u00e0 l&rsquo;h\u00e9bergement choisi. En longeant de magnifiques maisons datant de la fin du XIXe si\u00e8cle ou en traversant le Seeligerpark ou le Wallanlage avec ses vieux arbres, vous atteindrez la vieille ville en quelques minutes. La vieille ville convainc avec plus de 1.000 maisons \u00e0 colombages, de belles places et bien s\u00fbr le ch\u00e2teau des Guelfes, la biblioth\u00e8que Herzog August mondialement connue, la maison de Lessing, le nouveau m\u00e9morial sur la justice nazie et les \u00e9glises. Et pourtant, une visite de la ville de Lessing est particuli\u00e8rement durable, car tout est si proche. Dans le centre-ville, toutes les visites peuvent \u00eatre facilement effectu\u00e9es \u00e0 pied et ceux qui souhaitent se d\u00e9placer souvent peuvent tout simplement louer un eBike \u00e0 l&rsquo;office de tourisme accessible. Wolfenb\u00fcttel est \u00e9galement un point de d\u00e9part id\u00e9al pour des randonn\u00e9es \u00e0 v\u00e9lo dans la r\u00e9gion.<\/p>\n\n\n\n<p>Wolfenb\u00fcttel est facilement accessible par les transports en commun. Depuis la gare ICE de la ville voisine de Braunschweig, vous ne mettez qu&rsquo;\u00e0 peine dix minutes en train r\u00e9gional ou \u00e0 peine 20 minutes en bus pour vous rendre \u00e0 Wolfenb\u00fcttel. De plus, on peut par exemple atteindre Berlin en environ 1,5 heure.<\/p>\n\n\n\n\n<div class=\"banner-wrapper\">\n  <div class=\"banner-inner \">\n      <div class=\"img-container\">\n      <div class=\"img-wrapper\">\n        <img decoding=\"async\" src=\"https:\/\/9staedte.de\/wp-content\/smush-webp\/2023\/04\/Raddahren-in-Wolfenbuettel-c-Christian-Bierwagen.jpg.webp\" alt=\"La photo montre deux personnes avec des v\u00e9los. Elles portent des casques. Elles sont sur une place en ville. \u00c0 l\u2019arri\u00e8re, il y a une fontaine avec une statue. Les personnes sourient. Il fait beau.\" \/>\n                  <div class=\"thumbnail-label\">\n            <span>Radfahren in Wolfenb\u00fcttel c) Christian Bierwagen<\/span>\n          <\/div>\n              <\/div>\n    <\/div>\n        <div class=\"text-container\">\n      <div class=\"content\">\n        <h2>Vivre Wolfenb\u00fcttel durablement : 9 conseils<\/h2>\n<p>&#8211; Ville certifi\u00e9e Fairtrade<\/p>\n<p>&#8211; Boutiques gourmandes g\u00e9r\u00e9es par leurs propri\u00e9taires, comme des boucheries, des magasins de vins, des magasins d&rsquo;aliments naturels, etc.<\/p>\n<p>&#8211; March\u00e9 hebdomadaire le mercredi et le samedi avec, entre autres, des producteurs bio de la r\u00e9gion.<\/p>\n<p>&#8211; Distingu\u00e9e comme Commune amie des cyclistes : location de v\u00e9los \u00e9lectriques \u00e0 l&rsquo;office de tourisme, pour les visiteurs individuels et, sur r\u00e9servation, pour les groupes ; suggestions de circuits, par exemple : Sur les traces de Lessing, de Wolfenb\u00fcttel \u00e0 Braunschweig et retour.<\/p>\n<p>&#8211; D\u00e9tente en ville avec des parcs et des for\u00eats ou pour les familles : sentier de d\u00e9couverte de la for\u00eat L\u00d6WEPfad dans le bois de Lechlum directement \u00e0 la p\u00e9riph\u00e9rie nord de la ville (accessible par bus toutes les 15 minutes).<\/p>\n<p>&#8211; Location de cano\u00ebs et nombreux pontons le long de l&rsquo;Oker pour de longues randonn\u00e9es dans la nature.<\/p>\n<p>&#8211; G\u00e9ocaching sur les traces de Lessing<\/p>\n<p>&#8211; Syst\u00e8me de gobelets consign\u00e9s RECUP<\/p>\n      <\/div>\n    <\/div>\n    <\/div>\n<\/div>\n\n","protected":false},"excerpt":{"rendered":"<p>Vacances d\u00e8s le d\u00e9but Les vacances \u00e0 Wolfenb\u00fcttel commencent d\u00e9j\u00e0 par une promenade de la gare \u00e0 l&rsquo;h\u00e9bergement choisi. En longeant de magnifiques maisons datant de la fin du XIXe si\u00e8cle ou en traversant le Seeligerpark ou le Wallanlage avec ses vieux arbres, vous atteindrez la vieille ville en quelques minutes. La vieille ville convainc [&hellip;]<\/p>\n","protected":false},"author":1,"featured_media":17034,"parent":17963,"menu_order":0,"comment_status":"closed","ping_status":"closed","template":"pagetemplates\/template-stadtthema.php","meta":{"_acf_changed":false,"footnotes":""},"categories":[],"tags":[],"ncap_cities_tax":[1094,471],"class_list":["post-17030","page","type-page","status-publish","has-post-thumbnail","hentry","ncap_cities_tax-naturerlebnisse-und-nachhaltigkeit-wolfenbuettel-fr","ncap_cities_tax-wolfenbuettel-fr"],"acf":[],"yoast_head":"<!-- This site is optimized with the Yoast SEO plugin v26.8 - https:\/\/yoast.com\/product\/yoast-seo-wordpress\/ -->\n<title>Wolfenb\u00fcttel - d\u00e9couvrir durablement - 9 St\u00e4dte in Niedersachsen<\/title>\n<meta name=\"robots\" content=\"index, follow, max-snippet:-1, max-image-preview:large, max-video-preview:-1\" \/>\n<link rel=\"canonical\" href=\"https:\/\/9staedte.de\/fr\/wolfenbuttel-la-ville-de-lessing\/wolfenbuettel-decouvrir-durablement\/\" \/>\n<meta property=\"og:locale\" content=\"fr_FR\" \/>\n<meta property=\"og:type\" content=\"article\" \/>\n<meta property=\"og:title\" content=\"Wolfenb\u00fcttel - d\u00e9couvrir durablement - 9 St\u00e4dte in Niedersachsen\" \/>\n<meta property=\"og:description\" content=\"Vacances d\u00e8s le d\u00e9but Les vacances \u00e0 Wolfenb\u00fcttel commencent d\u00e9j\u00e0 par une promenade de la gare \u00e0 l&rsquo;h\u00e9bergement choisi. En longeant de magnifiques maisons datant de la fin du XIXe si\u00e8cle ou en traversant le Seeligerpark ou le Wallanlage avec ses vieux arbres, vous atteindrez la vieille ville en quelques minutes. La vieille ville convainc [&hellip;]\" \/>\n<meta property=\"og:url\" content=\"https:\/\/9staedte.de\/fr\/wolfenbuttel-la-ville-de-lessing\/wolfenbuettel-decouvrir-durablement\/\" \/>\n<meta property=\"og:site_name\" content=\"9 St\u00e4dte in Niedersachsen\" \/>\n<meta property=\"article:modified_time\" content=\"2024-03-21T15:00:10+00:00\" \/>\n<meta property=\"og:image\" content=\"https:\/\/9staedte.de\/wp-content\/uploads\/2023\/04\/Wallanlagen-Wolfenbuettel-c-Achim-Meurer.jpg\" \/>\n\t<meta property=\"og:image:width\" content=\"1020\" \/>\n\t<meta property=\"og:image:height\" content=\"560\" \/>\n\t<meta property=\"og:image:type\" content=\"image\/jpeg\" \/>\n<meta name=\"twitter:card\" content=\"summary_large_image\" \/>\n<meta name=\"twitter:label1\" content=\"Dur\u00e9e de lecture estim\u00e9e\" \/>\n\t<meta name=\"twitter:data1\" content=\"2 minutes\" \/>\n<script type=\"application\/ld+json\" class=\"yoast-schema-graph\">{\"@context\":\"https:\/\/schema.org\",\"@graph\":[{\"@type\":\"WebPage\",\"@id\":\"https:\/\/9staedte.de\/fr\/wolfenbuttel-la-ville-de-lessing\/wolfenbuettel-decouvrir-durablement\/\",\"url\":\"https:\/\/9staedte.de\/fr\/wolfenbuttel-la-ville-de-lessing\/wolfenbuettel-decouvrir-durablement\/\",\"name\":\"Wolfenb\u00fcttel - d\u00e9couvrir durablement - 9 St\u00e4dte in Niedersachsen\",\"isPartOf\":{\"@id\":\"https:\/\/9staedte.de\/fr\/#website\"},\"primaryImageOfPage\":{\"@id\":\"https:\/\/9staedte.de\/fr\/wolfenbuttel-la-ville-de-lessing\/wolfenbuettel-decouvrir-durablement\/#primaryimage\"},\"image\":{\"@id\":\"https:\/\/9staedte.de\/fr\/wolfenbuttel-la-ville-de-lessing\/wolfenbuettel-decouvrir-durablement\/#primaryimage\"},\"thumbnailUrl\":\"https:\/\/9staedte.de\/wp-content\/uploads\/2023\/04\/Wallanlagen-Wolfenbuettel-c-Achim-Meurer.jpg\",\"datePublished\":\"2023-11-02T08:47:01+00:00\",\"dateModified\":\"2024-03-21T15:00:10+00:00\",\"breadcrumb\":{\"@id\":\"https:\/\/9staedte.de\/fr\/wolfenbuttel-la-ville-de-lessing\/wolfenbuettel-decouvrir-durablement\/#breadcrumb\"},\"inLanguage\":\"fr-FR\",\"potentialAction\":[{\"@type\":\"ReadAction\",\"target\":[\"https:\/\/9staedte.de\/fr\/wolfenbuttel-la-ville-de-lessing\/wolfenbuettel-decouvrir-durablement\/\"]}]},{\"@type\":\"ImageObject\",\"inLanguage\":\"fr-FR\",\"@id\":\"https:\/\/9staedte.de\/fr\/wolfenbuttel-la-ville-de-lessing\/wolfenbuettel-decouvrir-durablement\/#primaryimage\",\"url\":\"https:\/\/9staedte.de\/wp-content\/uploads\/2023\/04\/Wallanlagen-Wolfenbuettel-c-Achim-Meurer.jpg\",\"contentUrl\":\"https:\/\/9staedte.de\/wp-content\/uploads\/2023\/04\/Wallanlagen-Wolfenbuettel-c-Achim-Meurer.jpg\",\"width\":1020,\"height\":560,\"caption\":\"Gr\u00fcnes Wolfenb\u00fcttel - Wallanlagen c) Achim Meurer\"},{\"@type\":\"BreadcrumbList\",\"@id\":\"https:\/\/9staedte.de\/fr\/wolfenbuttel-la-ville-de-lessing\/wolfenbuettel-decouvrir-durablement\/#breadcrumb\",\"itemListElement\":[{\"@type\":\"ListItem\",\"position\":1,\"name\":\"Startseite\",\"item\":\"https:\/\/9staedte.de\/fr\/\"},{\"@type\":\"ListItem\",\"position\":2,\"name\":\"Wolfenb\u00fcttel &#8211; La ville de Lessing\",\"item\":\"https:\/\/9staedte.de\/fr\/wolfenbuttel-la-ville-de-lessing\/\"},{\"@type\":\"ListItem\",\"position\":3,\"name\":\"Wolfenb\u00fcttel &#8211; d\u00e9couvrir durablement\"}]},{\"@type\":\"WebSite\",\"@id\":\"https:\/\/9staedte.de\/fr\/#website\",\"url\":\"https:\/\/9staedte.de\/fr\/\",\"name\":\"9 St\u00e4dte in Niedersachsen\",\"description\":\"\",\"publisher\":{\"@id\":\"https:\/\/9staedte.de\/fr\/#organization\"},\"potentialAction\":[{\"@type\":\"SearchAction\",\"target\":{\"@type\":\"EntryPoint\",\"urlTemplate\":\"https:\/\/9staedte.de\/fr\/?s={search_term_string}\"},\"query-input\":{\"@type\":\"PropertyValueSpecification\",\"valueRequired\":true,\"valueName\":\"search_term_string\"}}],\"inLanguage\":\"fr-FR\"},{\"@type\":\"Organization\",\"@id\":\"https:\/\/9staedte.de\/fr\/#organization\",\"name\":\"9 St\u00e4dte in Niedersachsen\",\"url\":\"https:\/\/9staedte.de\/fr\/\",\"logo\":{\"@type\":\"ImageObject\",\"inLanguage\":\"fr-FR\",\"@id\":\"https:\/\/9staedte.de\/fr\/#\/schema\/logo\/image\/\",\"url\":\"https:\/\/9staedte.de\/wp-content\/uploads\/2025\/01\/9-neg-deutsch-2-1.png\",\"contentUrl\":\"https:\/\/9staedte.de\/wp-content\/uploads\/2025\/01\/9-neg-deutsch-2-1.png\",\"width\":190,\"height\":114,\"caption\":\"9 St\u00e4dte in Niedersachsen\"},\"image\":{\"@id\":\"https:\/\/9staedte.de\/fr\/#\/schema\/logo\/image\/\"}}]}<\/script>\n<!-- \/ Yoast SEO plugin. -->","yoast_head_json":{"title":"Wolfenb\u00fcttel - d\u00e9couvrir durablement - 9 St\u00e4dte in Niedersachsen","robots":{"index":"index","follow":"follow","max-snippet":"max-snippet:-1","max-image-preview":"max-image-preview:large","max-video-preview":"max-video-preview:-1"},"canonical":"https:\/\/9staedte.de\/fr\/wolfenbuttel-la-ville-de-lessing\/wolfenbuettel-decouvrir-durablement\/","og_locale":"fr_FR","og_type":"article","og_title":"Wolfenb\u00fcttel - d\u00e9couvrir durablement - 9 St\u00e4dte in Niedersachsen","og_description":"Vacances d\u00e8s le d\u00e9but Les vacances \u00e0 Wolfenb\u00fcttel commencent d\u00e9j\u00e0 par une promenade de la gare \u00e0 l&rsquo;h\u00e9bergement choisi. En longeant de magnifiques maisons datant de la fin du XIXe si\u00e8cle ou en traversant le Seeligerpark ou le Wallanlage avec ses vieux arbres, vous atteindrez la vieille ville en quelques minutes. La vieille ville convainc [&hellip;]","og_url":"https:\/\/9staedte.de\/fr\/wolfenbuttel-la-ville-de-lessing\/wolfenbuettel-decouvrir-durablement\/","og_site_name":"9 St\u00e4dte in Niedersachsen","article_modified_time":"2024-03-21T15:00:10+00:00","og_image":[{"width":1020,"height":560,"url":"https:\/\/9staedte.de\/wp-content\/uploads\/2023\/04\/Wallanlagen-Wolfenbuettel-c-Achim-Meurer.jpg","type":"image\/jpeg"}],"twitter_card":"summary_large_image","twitter_misc":{"Dur\u00e9e de lecture estim\u00e9e":"2 minutes"},"schema":{"@context":"https:\/\/schema.org","@graph":[{"@type":"WebPage","@id":"https:\/\/9staedte.de\/fr\/wolfenbuttel-la-ville-de-lessing\/wolfenbuettel-decouvrir-durablement\/","url":"https:\/\/9staedte.de\/fr\/wolfenbuttel-la-ville-de-lessing\/wolfenbuettel-decouvrir-durablement\/","name":"Wolfenb\u00fcttel - d\u00e9couvrir durablement - 9 St\u00e4dte in Niedersachsen","isPartOf":{"@id":"https:\/\/9staedte.de\/fr\/#website"},"primaryImageOfPage":{"@id":"https:\/\/9staedte.de\/fr\/wolfenbuttel-la-ville-de-lessing\/wolfenbuettel-decouvrir-durablement\/#primaryimage"},"image":{"@id":"https:\/\/9staedte.de\/fr\/wolfenbuttel-la-ville-de-lessing\/wolfenbuettel-decouvrir-durablement\/#primaryimage"},"thumbnailUrl":"https:\/\/9staedte.de\/wp-content\/uploads\/2023\/04\/Wallanlagen-Wolfenbuettel-c-Achim-Meurer.jpg","datePublished":"2023-11-02T08:47:01+00:00","dateModified":"2024-03-21T15:00:10+00:00","breadcrumb":{"@id":"https:\/\/9staedte.de\/fr\/wolfenbuttel-la-ville-de-lessing\/wolfenbuettel-decouvrir-durablement\/#breadcrumb"},"inLanguage":"fr-FR","potentialAction":[{"@type":"ReadAction","target":["https:\/\/9staedte.de\/fr\/wolfenbuttel-la-ville-de-lessing\/wolfenbuettel-decouvrir-durablement\/"]}]},{"@type":"ImageObject","inLanguage":"fr-FR","@id":"https:\/\/9staedte.de\/fr\/wolfenbuttel-la-ville-de-lessing\/wolfenbuettel-decouvrir-durablement\/#primaryimage","url":"https:\/\/9staedte.de\/wp-content\/uploads\/2023\/04\/Wallanlagen-Wolfenbuettel-c-Achim-Meurer.jpg","contentUrl":"https:\/\/9staedte.de\/wp-content\/uploads\/2023\/04\/Wallanlagen-Wolfenbuettel-c-Achim-Meurer.jpg","width":1020,"height":560,"caption":"Gr\u00fcnes Wolfenb\u00fcttel - Wallanlagen c) Achim Meurer"},{"@type":"BreadcrumbList","@id":"https:\/\/9staedte.de\/fr\/wolfenbuttel-la-ville-de-lessing\/wolfenbuettel-decouvrir-durablement\/#breadcrumb","itemListElement":[{"@type":"ListItem","position":1,"name":"Startseite","item":"https:\/\/9staedte.de\/fr\/"},{"@type":"ListItem","position":2,"name":"Wolfenb\u00fcttel &#8211; La ville de Lessing","item":"https:\/\/9staedte.de\/fr\/wolfenbuttel-la-ville-de-lessing\/"},{"@type":"ListItem","position":3,"name":"Wolfenb\u00fcttel &#8211; d\u00e9couvrir durablement"}]},{"@type":"WebSite","@id":"https:\/\/9staedte.de\/fr\/#website","url":"https:\/\/9staedte.de\/fr\/","name":"9 St\u00e4dte in Niedersachsen","description":"","publisher":{"@id":"https:\/\/9staedte.de\/fr\/#organization"},"potentialAction":[{"@type":"SearchAction","target":{"@type":"EntryPoint","urlTemplate":"https:\/\/9staedte.de\/fr\/?s={search_term_string}"},"query-input":{"@type":"PropertyValueSpecification","valueRequired":true,"valueName":"search_term_string"}}],"inLanguage":"fr-FR"},{"@type":"Organization","@id":"https:\/\/9staedte.de\/fr\/#organization","name":"9 St\u00e4dte in Niedersachsen","url":"https:\/\/9staedte.de\/fr\/","logo":{"@type":"ImageObject","inLanguage":"fr-FR","@id":"https:\/\/9staedte.de\/fr\/#\/schema\/logo\/image\/","url":"https:\/\/9staedte.de\/wp-content\/uploads\/2025\/01\/9-neg-deutsch-2-1.png","contentUrl":"https:\/\/9staedte.de\/wp-content\/uploads\/2025\/01\/9-neg-deutsch-2-1.png","width":190,"height":114,"caption":"9 St\u00e4dte in Niedersachsen"},"image":{"@id":"https:\/\/9staedte.de\/fr\/#\/schema\/logo\/image\/"}}]}},"_links":{"self":[{"href":"https:\/\/9staedte.de\/fr\/wp-json\/wp\/v2\/pages\/17030","targetHints":{"allow":["GET"]}}],"collection":[{"href":"https:\/\/9staedte.de\/fr\/wp-json\/wp\/v2\/pages"}],"about":[{"href":"https:\/\/9staedte.de\/fr\/wp-json\/wp\/v2\/types\/page"}],"author":[{"embeddable":true,"href":"https:\/\/9staedte.de\/fr\/wp-json\/wp\/v2\/users\/1"}],"replies":[{"embeddable":true,"href":"https:\/\/9staedte.de\/fr\/wp-json\/wp\/v2\/comments?post=17030"}],"version-history":[{"count":3,"href":"https:\/\/9staedte.de\/fr\/wp-json\/wp\/v2\/pages\/17030\/revisions"}],"predecessor-version":[{"id":21524,"href":"https:\/\/9staedte.de\/fr\/wp-json\/wp\/v2\/pages\/17030\/revisions\/21524"}],"up":[{"embeddable":true,"href":"https:\/\/9staedte.de\/fr\/wp-json\/wp\/v2\/pages\/17963"}],"wp:featuredmedia":[{"embeddable":true,"href":"https:\/\/9staedte.de\/fr\/wp-json\/wp\/v2\/media\/17034"}],"wp:attachment":[{"href":"https:\/\/9staedte.de\/fr\/wp-json\/wp\/v2\/media?parent=17030"}],"wp:term":[{"taxonomy":"category","embeddable":true,"href":"https:\/\/9staedte.de\/fr\/wp-json\/wp\/v2\/categories?post=17030"},{"taxonomy":"post_tag","embeddable":true,"href":"https:\/\/9staedte.de\/fr\/wp-json\/wp\/v2\/tags?post=17030"},{"taxonomy":"ncap_cities_tax","embeddable":true,"href":"https:\/\/9staedte.de\/fr\/wp-json\/wp\/v2\/ncap_cities_tax?post=17030"}],"curies":[{"name":"wp","href":"https:\/\/api.w.org\/{rel}","templated":true}]}}