{"id":17027,"date":"2023-11-02T09:47:00","date_gmt":"2023-11-02T08:47:00","guid":{"rendered":"https:\/\/9staedte.de\/programmes-dune-journee-a-hildesheim\/"},"modified":"2023-11-02T18:15:55","modified_gmt":"2023-11-02T17:15:55","slug":"programmes-dune-journee-a-hildesheim","status":"publish","type":"page","link":"https:\/\/9staedte.de\/fr\/hildesheim-ville-classee-au-patrimoine-mondial-de-lunesco\/programmes-dune-journee-a-hildesheim\/","title":{"rendered":"Programmes d&rsquo;une journ\u00e9e \u00e0 Hildesheim"},"content":{"rendered":"\r\n\r\n    <div class=\"filter-posts\">\r\n            <div  id=\"filterContent\">\r\n                                                        \n<div class=\"contentKachel filtr-item\" data-category=\"hildesheim-fr\">\n    <a href=\"https:\/\/9staedte.de\/fr\/programme-du-jour-une-journee-au-patrimoine-mondial-de-lunesco\/\">\n        <div class=\"contentKachel-inner\">\n                            <div class=\"contentKachel-thumbnail\">\n                    <img loading=\"lazy\" decoding=\"async\" width=\"300\" height=\"165\" src=\"https:\/\/9staedte.de\/wp-content\/smush-webp\/2022\/07\/Mariendom-Hildesheim-\u00a9-Hildesheim-Marketing-GmbH-Foto-Clemens-Heidrich-300x165.jpg.webp\" class=\"objectfitcover withfilters wp-post-image\" alt=\"Sur la photo, on voit une grande \u00e9glise. L\u2019\u00e9glise s\u2019appelle la cath\u00e9drale de Hildesheim. Devant l\u2019\u00e9glise, il y a une statue en m\u00e9tal. Le toit est vert et il y a beaucoup de fen\u00eatres. Le soleil brille fort. L\u2019\u00e9glise fait partie du patrimoine mondial de l\u2019UNESCO. Cela veut dire : l\u2019\u00e9glise est importante pour tout le monde.\" srcset=\"https:\/\/9staedte.de\/wp-content\/smush-webp\/2022\/07\/Mariendom-Hildesheim-\u00a9-Hildesheim-Marketing-GmbH-Foto-Clemens-Heidrich-300x165.jpg.webp 300w, https:\/\/9staedte.de\/wp-content\/smush-webp\/2022\/07\/Mariendom-Hildesheim-\u00a9-Hildesheim-Marketing-GmbH-Foto-Clemens-Heidrich-768x422.jpg.webp 768w, https:\/\/9staedte.de\/wp-content\/smush-webp\/2022\/07\/Mariendom-Hildesheim-\u00a9-Hildesheim-Marketing-GmbH-Foto-Clemens-Heidrich.jpg.webp 1020w\" sizes=\"auto, (max-width: 300px) 100vw, 300px\" \/>                    <img loading=\"lazy\" decoding=\"async\" width=\"300\" height=\"165\" src=\"https:\/\/9staedte.de\/wp-content\/smush-webp\/2022\/07\/Mariendom-Hildesheim-\u00a9-Hildesheim-Marketing-GmbH-Foto-Clemens-Heidrich-300x165.jpg.webp\" class=\"objectfitcontain wp-post-image\" alt=\"Sur la photo, on voit une grande \u00e9glise. L\u2019\u00e9glise s\u2019appelle la cath\u00e9drale de Hildesheim. Devant l\u2019\u00e9glise, il y a une statue en m\u00e9tal. Le toit est vert et il y a beaucoup de fen\u00eatres. Le soleil brille fort. L\u2019\u00e9glise fait partie du patrimoine mondial de l\u2019UNESCO. Cela veut dire : l\u2019\u00e9glise est importante pour tout le monde.\" srcset=\"https:\/\/9staedte.de\/wp-content\/smush-webp\/2022\/07\/Mariendom-Hildesheim-\u00a9-Hildesheim-Marketing-GmbH-Foto-Clemens-Heidrich-300x165.jpg.webp 300w, https:\/\/9staedte.de\/wp-content\/smush-webp\/2022\/07\/Mariendom-Hildesheim-\u00a9-Hildesheim-Marketing-GmbH-Foto-Clemens-Heidrich-768x422.jpg.webp 768w, https:\/\/9staedte.de\/wp-content\/smush-webp\/2022\/07\/Mariendom-Hildesheim-\u00a9-Hildesheim-Marketing-GmbH-Foto-Clemens-Heidrich.jpg.webp 1020w\" sizes=\"auto, (max-width: 300px) 100vw, 300px\" \/>                        <div class=\"thumbnail-label\">\n    <span>UNSECO Welterbe Mariendom in Hildesheim c) Hildesheim Marketing GmbH Clemens Heidrich<\/span>\n    <\/div>\n                <\/div>\n                        <div class=\"contentKachel-content\">\n                                    <div class=\"city-tag bg-hildesheim\">\n                        Hildesheim                    <\/div>\n                \n                <div class=\"title\">\n\n                    Programme du jour : Une journ\u00e9e au patrimoine mondial de l&rsquo;UNESCO                    \n                <\/div>\n\n                            <\/div>\n\n        <\/div>\n    <\/a>\n<\/div>                                                        \n<div class=\"contentKachel filtr-item\" data-category=\"hildesheim-fr\">\n    <a href=\"https:\/\/9staedte.de\/fr\/programme-de-la-journee-lavent-dans-la-ville-historique-de-hildesheim\/\">\n        <div class=\"contentKachel-inner\">\n                            <div class=\"contentKachel-thumbnail\">\n                    <img loading=\"lazy\" decoding=\"async\" width=\"300\" height=\"165\" src=\"https:\/\/9staedte.de\/wp-content\/smush-webp\/2022\/07\/Hildesheim-Weihnachtsmarkt-cvanderValk-Hotel-300x165.jpg.webp\" class=\"objectfitcover withfilters wp-post-image\" alt=\"La photo montre le march\u00e9 de No\u00ebl \u00e0 Hildesheim. Beaucoup de gens se prom\u00e8nent. Il y a des petites cabanes avec des lumi\u00e8res. Il y a de la neige sur les toits. On voit de belles maisons anciennes.\" srcset=\"https:\/\/9staedte.de\/wp-content\/smush-webp\/2022\/07\/Hildesheim-Weihnachtsmarkt-cvanderValk-Hotel-300x165.jpg.webp 300w, https:\/\/9staedte.de\/wp-content\/smush-webp\/2022\/07\/Hildesheim-Weihnachtsmarkt-cvanderValk-Hotel-768x422.jpg.webp 768w, https:\/\/9staedte.de\/wp-content\/smush-webp\/2022\/07\/Hildesheim-Weihnachtsmarkt-cvanderValk-Hotel.jpg.webp 1020w\" sizes=\"auto, (max-width: 300px) 100vw, 300px\" \/>                    <img loading=\"lazy\" decoding=\"async\" width=\"300\" height=\"165\" src=\"https:\/\/9staedte.de\/wp-content\/smush-webp\/2022\/07\/Hildesheim-Weihnachtsmarkt-cvanderValk-Hotel-300x165.jpg.webp\" class=\"objectfitcontain wp-post-image\" alt=\"La photo montre le march\u00e9 de No\u00ebl \u00e0 Hildesheim. Beaucoup de gens se prom\u00e8nent. Il y a des petites cabanes avec des lumi\u00e8res. Il y a de la neige sur les toits. On voit de belles maisons anciennes.\" srcset=\"https:\/\/9staedte.de\/wp-content\/smush-webp\/2022\/07\/Hildesheim-Weihnachtsmarkt-cvanderValk-Hotel-300x165.jpg.webp 300w, https:\/\/9staedte.de\/wp-content\/smush-webp\/2022\/07\/Hildesheim-Weihnachtsmarkt-cvanderValk-Hotel-768x422.jpg.webp 768w, https:\/\/9staedte.de\/wp-content\/smush-webp\/2022\/07\/Hildesheim-Weihnachtsmarkt-cvanderValk-Hotel.jpg.webp 1020w\" sizes=\"auto, (max-width: 300px) 100vw, 300px\" \/>                        <div class=\"thumbnail-label\">\n    <span>Weihnachtsmarkt in Hildesheim c) Van der Valk Hotels<\/span>\n    <\/div>\n                <\/div>\n                        <div class=\"contentKachel-content\">\n                                    <div class=\"city-tag bg-hildesheim\">\n                        Hildesheim                    <\/div>\n                \n                <div class=\"title\">\n\n                    Programme de la journ\u00e9e : L&rsquo;Avent dans la ville historique de Hildesheim                    \n                <\/div>\n\n                            <\/div>\n\n        <\/div>\n    <\/a>\n<\/div>                                            <\/div>\r\n    <\/div>\r\n","protected":false},"excerpt":{"rendered":"","protected":false},"author":1,"featured_media":17035,"parent":17998,"menu_order":0,"comment_status":"closed","ping_status":"closed","template":"pagetemplates\/template-stadtthema.php","meta":{"_acf_changed":false,"footnotes":""},"categories":[],"tags":[],"ncap_cities_tax":[464,1059],"class_list":["post-17027","page","type-page","status-publish","has-post-thumbnail","hentry","ncap_cities_tax-hildesheim-fr","ncap_cities_tax-tagesprogramme-hildesheim-fr"],"acf":[],"yoast_head":"<!-- This site is optimized with the Yoast SEO plugin v26.8 - https:\/\/yoast.com\/product\/yoast-seo-wordpress\/ -->\n<title>Programmes d&#039;une journ\u00e9e \u00e0 Hildesheim - 9 St\u00e4dte in Niedersachsen<\/title>\n<meta name=\"robots\" content=\"index, follow, max-snippet:-1, max-image-preview:large, max-video-preview:-1\" \/>\n<link rel=\"canonical\" href=\"https:\/\/9staedte.de\/fr\/hildesheim-ville-classee-au-patrimoine-mondial-de-lunesco\/programmes-dune-journee-a-hildesheim\/\" \/>\n<meta property=\"og:locale\" content=\"fr_FR\" \/>\n<meta property=\"og:type\" content=\"article\" \/>\n<meta property=\"og:title\" content=\"Programmes d&#039;une journ\u00e9e \u00e0 Hildesheim - 9 St\u00e4dte in Niedersachsen\" \/>\n<meta property=\"og:url\" content=\"https:\/\/9staedte.de\/fr\/hildesheim-ville-classee-au-patrimoine-mondial-de-lunesco\/programmes-dune-journee-a-hildesheim\/\" \/>\n<meta property=\"og:site_name\" content=\"9 St\u00e4dte in Niedersachsen\" \/>\n<meta property=\"article:modified_time\" content=\"2023-11-02T17:15:55+00:00\" \/>\n<meta property=\"og:image\" content=\"https:\/\/9staedte.de\/wp-content\/uploads\/2023\/06\/\u00a9-Hildesheim-Marketing-GmbH-Foto-Dagmar-Schwelle-3.jpg\" \/>\n\t<meta property=\"og:image:width\" content=\"1020\" \/>\n\t<meta property=\"og:image:height\" content=\"560\" \/>\n\t<meta property=\"og:image:type\" content=\"image\/jpeg\" \/>\n<meta name=\"twitter:card\" content=\"summary_large_image\" \/>\n<script type=\"application\/ld+json\" class=\"yoast-schema-graph\">{\"@context\":\"https:\/\/schema.org\",\"@graph\":[{\"@type\":\"WebPage\",\"@id\":\"https:\/\/9staedte.de\/fr\/hildesheim-ville-classee-au-patrimoine-mondial-de-lunesco\/programmes-dune-journee-a-hildesheim\/\",\"url\":\"https:\/\/9staedte.de\/fr\/hildesheim-ville-classee-au-patrimoine-mondial-de-lunesco\/programmes-dune-journee-a-hildesheim\/\",\"name\":\"Programmes d'une journ\u00e9e \u00e0 Hildesheim - 9 St\u00e4dte in Niedersachsen\",\"isPartOf\":{\"@id\":\"https:\/\/9staedte.de\/fr\/#website\"},\"primaryImageOfPage\":{\"@id\":\"https:\/\/9staedte.de\/fr\/hildesheim-ville-classee-au-patrimoine-mondial-de-lunesco\/programmes-dune-journee-a-hildesheim\/#primaryimage\"},\"image\":{\"@id\":\"https:\/\/9staedte.de\/fr\/hildesheim-ville-classee-au-patrimoine-mondial-de-lunesco\/programmes-dune-journee-a-hildesheim\/#primaryimage\"},\"thumbnailUrl\":\"https:\/\/9staedte.de\/wp-content\/uploads\/2023\/06\/\u00a9-Hildesheim-Marketing-GmbH-Foto-Dagmar-Schwelle-3.jpg\",\"datePublished\":\"2023-11-02T08:47:00+00:00\",\"dateModified\":\"2023-11-02T17:15:55+00:00\",\"breadcrumb\":{\"@id\":\"https:\/\/9staedte.de\/fr\/hildesheim-ville-classee-au-patrimoine-mondial-de-lunesco\/programmes-dune-journee-a-hildesheim\/#breadcrumb\"},\"inLanguage\":\"fr-FR\",\"potentialAction\":[{\"@type\":\"ReadAction\",\"target\":[\"https:\/\/9staedte.de\/fr\/hildesheim-ville-classee-au-patrimoine-mondial-de-lunesco\/programmes-dune-journee-a-hildesheim\/\"]}]},{\"@type\":\"ImageObject\",\"inLanguage\":\"fr-FR\",\"@id\":\"https:\/\/9staedte.de\/fr\/hildesheim-ville-classee-au-patrimoine-mondial-de-lunesco\/programmes-dune-journee-a-hildesheim\/#primaryimage\",\"url\":\"https:\/\/9staedte.de\/wp-content\/uploads\/2023\/06\/\u00a9-Hildesheim-Marketing-GmbH-Foto-Dagmar-Schwelle-3.jpg\",\"contentUrl\":\"https:\/\/9staedte.de\/wp-content\/uploads\/2023\/06\/\u00a9-Hildesheim-Marketing-GmbH-Foto-Dagmar-Schwelle-3.jpg\",\"width\":1020,\"height\":560,\"caption\":\"Hildesheim Marktplatz c) Hildesheim Marketing Dagmar Schwelle\"},{\"@type\":\"BreadcrumbList\",\"@id\":\"https:\/\/9staedte.de\/fr\/hildesheim-ville-classee-au-patrimoine-mondial-de-lunesco\/programmes-dune-journee-a-hildesheim\/#breadcrumb\",\"itemListElement\":[{\"@type\":\"ListItem\",\"position\":1,\"name\":\"Startseite\",\"item\":\"https:\/\/9staedte.de\/fr\/\"},{\"@type\":\"ListItem\",\"position\":2,\"name\":\"Hildesheim &#8211; ville class\u00e9e au patrimoine mondial de l&#8217;UNESCO\",\"item\":\"https:\/\/9staedte.de\/fr\/hildesheim-ville-classee-au-patrimoine-mondial-de-lunesco\/\"},{\"@type\":\"ListItem\",\"position\":3,\"name\":\"Programmes d&#8217;une journ\u00e9e \u00e0 Hildesheim\"}]},{\"@type\":\"WebSite\",\"@id\":\"https:\/\/9staedte.de\/fr\/#website\",\"url\":\"https:\/\/9staedte.de\/fr\/\",\"name\":\"9 St\u00e4dte in Niedersachsen\",\"description\":\"\",\"publisher\":{\"@id\":\"https:\/\/9staedte.de\/fr\/#organization\"},\"potentialAction\":[{\"@type\":\"SearchAction\",\"target\":{\"@type\":\"EntryPoint\",\"urlTemplate\":\"https:\/\/9staedte.de\/fr\/?s={search_term_string}\"},\"query-input\":{\"@type\":\"PropertyValueSpecification\",\"valueRequired\":true,\"valueName\":\"search_term_string\"}}],\"inLanguage\":\"fr-FR\"},{\"@type\":\"Organization\",\"@id\":\"https:\/\/9staedte.de\/fr\/#organization\",\"name\":\"9 St\u00e4dte in Niedersachsen\",\"url\":\"https:\/\/9staedte.de\/fr\/\",\"logo\":{\"@type\":\"ImageObject\",\"inLanguage\":\"fr-FR\",\"@id\":\"https:\/\/9staedte.de\/fr\/#\/schema\/logo\/image\/\",\"url\":\"https:\/\/9staedte.de\/wp-content\/uploads\/2025\/01\/9-neg-deutsch-2-1.png\",\"contentUrl\":\"https:\/\/9staedte.de\/wp-content\/uploads\/2025\/01\/9-neg-deutsch-2-1.png\",\"width\":190,\"height\":114,\"caption\":\"9 St\u00e4dte in Niedersachsen\"},\"image\":{\"@id\":\"https:\/\/9staedte.de\/fr\/#\/schema\/logo\/image\/\"}}]}<\/script>\n<!-- \/ Yoast SEO plugin. -->","yoast_head_json":{"title":"Programmes d'une journ\u00e9e \u00e0 Hildesheim - 9 St\u00e4dte in Niedersachsen","robots":{"index":"index","follow":"follow","max-snippet":"max-snippet:-1","max-image-preview":"max-image-preview:large","max-video-preview":"max-video-preview:-1"},"canonical":"https:\/\/9staedte.de\/fr\/hildesheim-ville-classee-au-patrimoine-mondial-de-lunesco\/programmes-dune-journee-a-hildesheim\/","og_locale":"fr_FR","og_type":"article","og_title":"Programmes d'une journ\u00e9e \u00e0 Hildesheim - 9 St\u00e4dte in Niedersachsen","og_url":"https:\/\/9staedte.de\/fr\/hildesheim-ville-classee-au-patrimoine-mondial-de-lunesco\/programmes-dune-journee-a-hildesheim\/","og_site_name":"9 St\u00e4dte in Niedersachsen","article_modified_time":"2023-11-02T17:15:55+00:00","og_image":[{"width":1020,"height":560,"url":"https:\/\/9staedte.de\/wp-content\/uploads\/2023\/06\/\u00a9-Hildesheim-Marketing-GmbH-Foto-Dagmar-Schwelle-3.jpg","type":"image\/jpeg"}],"twitter_card":"summary_large_image","schema":{"@context":"https:\/\/schema.org","@graph":[{"@type":"WebPage","@id":"https:\/\/9staedte.de\/fr\/hildesheim-ville-classee-au-patrimoine-mondial-de-lunesco\/programmes-dune-journee-a-hildesheim\/","url":"https:\/\/9staedte.de\/fr\/hildesheim-ville-classee-au-patrimoine-mondial-de-lunesco\/programmes-dune-journee-a-hildesheim\/","name":"Programmes d'une journ\u00e9e \u00e0 Hildesheim - 9 St\u00e4dte in Niedersachsen","isPartOf":{"@id":"https:\/\/9staedte.de\/fr\/#website"},"primaryImageOfPage":{"@id":"https:\/\/9staedte.de\/fr\/hildesheim-ville-classee-au-patrimoine-mondial-de-lunesco\/programmes-dune-journee-a-hildesheim\/#primaryimage"},"image":{"@id":"https:\/\/9staedte.de\/fr\/hildesheim-ville-classee-au-patrimoine-mondial-de-lunesco\/programmes-dune-journee-a-hildesheim\/#primaryimage"},"thumbnailUrl":"https:\/\/9staedte.de\/wp-content\/uploads\/2023\/06\/\u00a9-Hildesheim-Marketing-GmbH-Foto-Dagmar-Schwelle-3.jpg","datePublished":"2023-11-02T08:47:00+00:00","dateModified":"2023-11-02T17:15:55+00:00","breadcrumb":{"@id":"https:\/\/9staedte.de\/fr\/hildesheim-ville-classee-au-patrimoine-mondial-de-lunesco\/programmes-dune-journee-a-hildesheim\/#breadcrumb"},"inLanguage":"fr-FR","potentialAction":[{"@type":"ReadAction","target":["https:\/\/9staedte.de\/fr\/hildesheim-ville-classee-au-patrimoine-mondial-de-lunesco\/programmes-dune-journee-a-hildesheim\/"]}]},{"@type":"ImageObject","inLanguage":"fr-FR","@id":"https:\/\/9staedte.de\/fr\/hildesheim-ville-classee-au-patrimoine-mondial-de-lunesco\/programmes-dune-journee-a-hildesheim\/#primaryimage","url":"https:\/\/9staedte.de\/wp-content\/uploads\/2023\/06\/\u00a9-Hildesheim-Marketing-GmbH-Foto-Dagmar-Schwelle-3.jpg","contentUrl":"https:\/\/9staedte.de\/wp-content\/uploads\/2023\/06\/\u00a9-Hildesheim-Marketing-GmbH-Foto-Dagmar-Schwelle-3.jpg","width":1020,"height":560,"caption":"Hildesheim Marktplatz c) Hildesheim Marketing Dagmar Schwelle"},{"@type":"BreadcrumbList","@id":"https:\/\/9staedte.de\/fr\/hildesheim-ville-classee-au-patrimoine-mondial-de-lunesco\/programmes-dune-journee-a-hildesheim\/#breadcrumb","itemListElement":[{"@type":"ListItem","position":1,"name":"Startseite","item":"https:\/\/9staedte.de\/fr\/"},{"@type":"ListItem","position":2,"name":"Hildesheim &#8211; ville class\u00e9e au patrimoine mondial de l&#8217;UNESCO","item":"https:\/\/9staedte.de\/fr\/hildesheim-ville-classee-au-patrimoine-mondial-de-lunesco\/"},{"@type":"ListItem","position":3,"name":"Programmes d&#8217;une journ\u00e9e \u00e0 Hildesheim"}]},{"@type":"WebSite","@id":"https:\/\/9staedte.de\/fr\/#website","url":"https:\/\/9staedte.de\/fr\/","name":"9 St\u00e4dte in Niedersachsen","description":"","publisher":{"@id":"https:\/\/9staedte.de\/fr\/#organization"},"potentialAction":[{"@type":"SearchAction","target":{"@type":"EntryPoint","urlTemplate":"https:\/\/9staedte.de\/fr\/?s={search_term_string}"},"query-input":{"@type":"PropertyValueSpecification","valueRequired":true,"valueName":"search_term_string"}}],"inLanguage":"fr-FR"},{"@type":"Organization","@id":"https:\/\/9staedte.de\/fr\/#organization","name":"9 St\u00e4dte in Niedersachsen","url":"https:\/\/9staedte.de\/fr\/","logo":{"@type":"ImageObject","inLanguage":"fr-FR","@id":"https:\/\/9staedte.de\/fr\/#\/schema\/logo\/image\/","url":"https:\/\/9staedte.de\/wp-content\/uploads\/2025\/01\/9-neg-deutsch-2-1.png","contentUrl":"https:\/\/9staedte.de\/wp-content\/uploads\/2025\/01\/9-neg-deutsch-2-1.png","width":190,"height":114,"caption":"9 St\u00e4dte in Niedersachsen"},"image":{"@id":"https:\/\/9staedte.de\/fr\/#\/schema\/logo\/image\/"}}]}},"_links":{"self":[{"href":"https:\/\/9staedte.de\/fr\/wp-json\/wp\/v2\/pages\/17027","targetHints":{"allow":["GET"]}}],"collection":[{"href":"https:\/\/9staedte.de\/fr\/wp-json\/wp\/v2\/pages"}],"about":[{"href":"https:\/\/9staedte.de\/fr\/wp-json\/wp\/v2\/types\/page"}],"author":[{"embeddable":true,"href":"https:\/\/9staedte.de\/fr\/wp-json\/wp\/v2\/users\/1"}],"replies":[{"embeddable":true,"href":"https:\/\/9staedte.de\/fr\/wp-json\/wp\/v2\/comments?post=17027"}],"version-history":[{"count":1,"href":"https:\/\/9staedte.de\/fr\/wp-json\/wp\/v2\/pages\/17027\/revisions"}],"predecessor-version":[{"id":19964,"href":"https:\/\/9staedte.de\/fr\/wp-json\/wp\/v2\/pages\/17027\/revisions\/19964"}],"up":[{"embeddable":true,"href":"https:\/\/9staedte.de\/fr\/wp-json\/wp\/v2\/pages\/17998"}],"wp:featuredmedia":[{"embeddable":true,"href":"https:\/\/9staedte.de\/fr\/wp-json\/wp\/v2\/media\/17035"}],"wp:attachment":[{"href":"https:\/\/9staedte.de\/fr\/wp-json\/wp\/v2\/media?parent=17027"}],"wp:term":[{"taxonomy":"category","embeddable":true,"href":"https:\/\/9staedte.de\/fr\/wp-json\/wp\/v2\/categories?post=17027"},{"taxonomy":"post_tag","embeddable":true,"href":"https:\/\/9staedte.de\/fr\/wp-json\/wp\/v2\/tags?post=17027"},{"taxonomy":"ncap_cities_tax","embeddable":true,"href":"https:\/\/9staedte.de\/fr\/wp-json\/wp\/v2\/ncap_cities_tax?post=17027"}],"curies":[{"name":"wp","href":"https:\/\/api.w.org\/{rel}","templated":true}]}}