{"id":17020,"date":"2023-11-02T09:47:00","date_gmt":"2023-11-02T08:47:00","guid":{"rendered":"https:\/\/9staedte.de\/informations-sur-les-guides-et-les-excursions-a-hildesheim\/"},"modified":"2024-10-21T10:33:13","modified_gmt":"2024-10-21T08:33:13","slug":"informations-sur-les-guides-et-les-excursions-a-hildesheim","status":"publish","type":"page","link":"https:\/\/9staedte.de\/fr\/hildesheim-ville-classee-au-patrimoine-mondial-de-lunesco\/informations-sur-les-guides-et-les-excursions-a-hildesheim\/","title":{"rendered":"Informations sur les guides et les excursions \u00e0 Hildesheim"},"content":{"rendered":"\n<h3 class=\"wp-block-heading\">Circuits dans la r\u00e9gion<\/h3>\n\n\n\n<p>Qu&rsquo;il s&rsquo;agisse du circuit du Harz, de la route des monast\u00e8res, le long de la Leine ou d&rsquo;informations int\u00e9ressantes sur les pommes de terre et la craie, laissez-vous guider par des guides sp\u00e9cialis\u00e9s qui vous montreront des t\u00e9moignages marquants et exceptionnels de l&rsquo;histoire dans les environs vari\u00e9s de Hildesheim. Ensemble, vous d\u00e9couvrirez d&rsquo;anciennes r\u00e9sidences princi\u00e8res et nobiliaires, admirerez des tr\u00e9sors artistiques et d&rsquo;importants monast\u00e8res ou d\u00e9gusterez un caf\u00e9 et un g\u00e2teau dans une sucrerie dans le cadre d&rsquo;excursions en bus d&rsquo;une demi-journ\u00e9e ou d&rsquo;une journ\u00e9e enti\u00e8re dans la r\u00e9gion.<\/p>\n\n\n\n<p>Prix et conditions sur demande<br><\/p>\n\n\n\n<h4 class=\"wp-block-heading\">Patrimoine mondial dans la r\u00e9gion de Hildesheim<\/h4>\n\n\n\n<p>D\u00e9couvrez le patrimoine mondial unique de l&rsquo;UNESCO de la r\u00e9gion de Hildesheim :<br>\u00c0 Hildesheim, visite de l&rsquo;\u00e9glise Saint-Michel et des \u0153uvres en bronze de l&rsquo;\u00e9v\u00eaque Bernard. Ensuite, nous nous rendrons \u00e0 Alfeld pour visiter l&rsquo;usine Fagus, le premier b\u00e2timent industriel de l&rsquo;\u00e8re moderne.<\/p>\n\n\n\n<p>Prix et conditions sur demande<\/p>\n\n\n\n<h4 class=\"wp-block-heading\">Plus d&rsquo;informations :<\/h4>\n\n\n\n<p>Information touristique<br>20, rue de la mairie (maison du temple)<br>31134 Hildesheim<br>T\u00e9l. : + 49 (0) 5121 1798 &#8211; 0<br>T\u00e9l\u00e9copieur : + 49 (0) 5121 1798 &#8211; 88<br>Courrier \u00e9lectronique : <a href=\"mailto:tourist-info@hildesheim-marketing.de\" target=\"_blank\" rel=\"noreferrer noopener\">tourist-info@hildesheim-marketing.de<\/a><br>Internet : <a href=\"https:\/\/www.hildesheim-tourismus.de\/\" target=\"_blank\" rel=\"noreferrer noopener\">www.hildesheim-tourismus.de<\/a><\/p>\n","protected":false},"excerpt":{"rendered":"<p>Circuits dans la r\u00e9gion Qu&rsquo;il s&rsquo;agisse du circuit du Harz, de la route des monast\u00e8res, le long de la Leine ou d&rsquo;informations int\u00e9ressantes sur les pommes de terre et la craie, laissez-vous guider par des guides sp\u00e9cialis\u00e9s qui vous montreront des t\u00e9moignages marquants et exceptionnels de l&rsquo;histoire dans les environs vari\u00e9s de Hildesheim. Ensemble, vous [&hellip;]<\/p>\n","protected":false},"author":1,"featured_media":17028,"parent":17998,"menu_order":0,"comment_status":"closed","ping_status":"closed","template":"pagetemplates\/template-stadtthema.php","meta":{"_acf_changed":false,"footnotes":""},"categories":[],"tags":[],"ncap_cities_tax":[464,1304],"class_list":["post-17020","page","type-page","status-publish","has-post-thumbnail","hentry","ncap_cities_tax-hildesheim-fr","ncap_cities_tax-reiseleitung-und-ausflugen-hildesheim-fr"],"acf":[],"yoast_head":"<!-- This site is optimized with the Yoast SEO plugin v26.8 - https:\/\/yoast.com\/product\/yoast-seo-wordpress\/ -->\n<title>Informations sur les guides et les excursions \u00e0 Hildesheim - 9 St\u00e4dte in Niedersachsen<\/title>\n<meta name=\"robots\" content=\"index, follow, max-snippet:-1, max-image-preview:large, max-video-preview:-1\" \/>\n<link rel=\"canonical\" href=\"https:\/\/9staedte.de\/fr\/hildesheim-ville-classee-au-patrimoine-mondial-de-lunesco\/informations-sur-les-guides-et-les-excursions-a-hildesheim\/\" \/>\n<meta property=\"og:locale\" content=\"fr_FR\" \/>\n<meta property=\"og:type\" content=\"article\" \/>\n<meta property=\"og:title\" content=\"Informations sur les guides et les excursions \u00e0 Hildesheim - 9 St\u00e4dte in Niedersachsen\" \/>\n<meta property=\"og:description\" content=\"Circuits dans la r\u00e9gion Qu&rsquo;il s&rsquo;agisse du circuit du Harz, de la route des monast\u00e8res, le long de la Leine ou d&rsquo;informations int\u00e9ressantes sur les pommes de terre et la craie, laissez-vous guider par des guides sp\u00e9cialis\u00e9s qui vous montreront des t\u00e9moignages marquants et exceptionnels de l&rsquo;histoire dans les environs vari\u00e9s de Hildesheim. Ensemble, vous [&hellip;]\" \/>\n<meta property=\"og:url\" content=\"https:\/\/9staedte.de\/fr\/hildesheim-ville-classee-au-patrimoine-mondial-de-lunesco\/informations-sur-les-guides-et-les-excursions-a-hildesheim\/\" \/>\n<meta property=\"og:site_name\" content=\"9 St\u00e4dte in Niedersachsen\" \/>\n<meta property=\"article:modified_time\" content=\"2024-10-21T08:33:13+00:00\" \/>\n<meta property=\"og:image\" content=\"https:\/\/9staedte.de\/wp-content\/uploads\/2023\/03\/FagusWerk-in-Alfeld-c-Fagus-Werk.jpg\" \/>\n\t<meta property=\"og:image:width\" content=\"945\" \/>\n\t<meta property=\"og:image:height\" content=\"531\" \/>\n\t<meta property=\"og:image:type\" content=\"image\/jpeg\" \/>\n<meta name=\"twitter:card\" content=\"summary_large_image\" \/>\n<meta name=\"twitter:label1\" content=\"Dur\u00e9e de lecture estim\u00e9e\" \/>\n\t<meta name=\"twitter:data1\" content=\"2 minutes\" \/>\n<script type=\"application\/ld+json\" class=\"yoast-schema-graph\">{\"@context\":\"https:\/\/schema.org\",\"@graph\":[{\"@type\":\"WebPage\",\"@id\":\"https:\/\/9staedte.de\/fr\/hildesheim-ville-classee-au-patrimoine-mondial-de-lunesco\/informations-sur-les-guides-et-les-excursions-a-hildesheim\/\",\"url\":\"https:\/\/9staedte.de\/fr\/hildesheim-ville-classee-au-patrimoine-mondial-de-lunesco\/informations-sur-les-guides-et-les-excursions-a-hildesheim\/\",\"name\":\"Informations sur les guides et les excursions \u00e0 Hildesheim - 9 St\u00e4dte in Niedersachsen\",\"isPartOf\":{\"@id\":\"https:\/\/9staedte.de\/fr\/#website\"},\"primaryImageOfPage\":{\"@id\":\"https:\/\/9staedte.de\/fr\/hildesheim-ville-classee-au-patrimoine-mondial-de-lunesco\/informations-sur-les-guides-et-les-excursions-a-hildesheim\/#primaryimage\"},\"image\":{\"@id\":\"https:\/\/9staedte.de\/fr\/hildesheim-ville-classee-au-patrimoine-mondial-de-lunesco\/informations-sur-les-guides-et-les-excursions-a-hildesheim\/#primaryimage\"},\"thumbnailUrl\":\"https:\/\/9staedte.de\/wp-content\/uploads\/2023\/03\/FagusWerk-in-Alfeld-c-Fagus-Werk.jpg\",\"datePublished\":\"2023-11-02T08:47:00+00:00\",\"dateModified\":\"2024-10-21T08:33:13+00:00\",\"breadcrumb\":{\"@id\":\"https:\/\/9staedte.de\/fr\/hildesheim-ville-classee-au-patrimoine-mondial-de-lunesco\/informations-sur-les-guides-et-les-excursions-a-hildesheim\/#breadcrumb\"},\"inLanguage\":\"fr-FR\",\"potentialAction\":[{\"@type\":\"ReadAction\",\"target\":[\"https:\/\/9staedte.de\/fr\/hildesheim-ville-classee-au-patrimoine-mondial-de-lunesco\/informations-sur-les-guides-et-les-excursions-a-hildesheim\/\"]}]},{\"@type\":\"ImageObject\",\"inLanguage\":\"fr-FR\",\"@id\":\"https:\/\/9staedte.de\/fr\/hildesheim-ville-classee-au-patrimoine-mondial-de-lunesco\/informations-sur-les-guides-et-les-excursions-a-hildesheim\/#primaryimage\",\"url\":\"https:\/\/9staedte.de\/wp-content\/uploads\/2023\/03\/FagusWerk-in-Alfeld-c-Fagus-Werk.jpg\",\"contentUrl\":\"https:\/\/9staedte.de\/wp-content\/uploads\/2023\/03\/FagusWerk-in-Alfeld-c-Fagus-Werk.jpg\",\"width\":945,\"height\":531,\"caption\":\"FagusWerk in Alfeld c) Fagus Werk\"},{\"@type\":\"BreadcrumbList\",\"@id\":\"https:\/\/9staedte.de\/fr\/hildesheim-ville-classee-au-patrimoine-mondial-de-lunesco\/informations-sur-les-guides-et-les-excursions-a-hildesheim\/#breadcrumb\",\"itemListElement\":[{\"@type\":\"ListItem\",\"position\":1,\"name\":\"Startseite\",\"item\":\"https:\/\/9staedte.de\/fr\/\"},{\"@type\":\"ListItem\",\"position\":2,\"name\":\"Hildesheim &#8211; ville class\u00e9e au patrimoine mondial de l&#8217;UNESCO\",\"item\":\"https:\/\/9staedte.de\/fr\/hildesheim-ville-classee-au-patrimoine-mondial-de-lunesco\/\"},{\"@type\":\"ListItem\",\"position\":3,\"name\":\"Informations sur les guides et les excursions \u00e0 Hildesheim\"}]},{\"@type\":\"WebSite\",\"@id\":\"https:\/\/9staedte.de\/fr\/#website\",\"url\":\"https:\/\/9staedte.de\/fr\/\",\"name\":\"9 St\u00e4dte in Niedersachsen\",\"description\":\"\",\"publisher\":{\"@id\":\"https:\/\/9staedte.de\/fr\/#organization\"},\"potentialAction\":[{\"@type\":\"SearchAction\",\"target\":{\"@type\":\"EntryPoint\",\"urlTemplate\":\"https:\/\/9staedte.de\/fr\/?s={search_term_string}\"},\"query-input\":{\"@type\":\"PropertyValueSpecification\",\"valueRequired\":true,\"valueName\":\"search_term_string\"}}],\"inLanguage\":\"fr-FR\"},{\"@type\":\"Organization\",\"@id\":\"https:\/\/9staedte.de\/fr\/#organization\",\"name\":\"9 St\u00e4dte in Niedersachsen\",\"url\":\"https:\/\/9staedte.de\/fr\/\",\"logo\":{\"@type\":\"ImageObject\",\"inLanguage\":\"fr-FR\",\"@id\":\"https:\/\/9staedte.de\/fr\/#\/schema\/logo\/image\/\",\"url\":\"https:\/\/9staedte.de\/wp-content\/uploads\/2025\/01\/9-neg-deutsch-2-1.png\",\"contentUrl\":\"https:\/\/9staedte.de\/wp-content\/uploads\/2025\/01\/9-neg-deutsch-2-1.png\",\"width\":190,\"height\":114,\"caption\":\"9 St\u00e4dte in Niedersachsen\"},\"image\":{\"@id\":\"https:\/\/9staedte.de\/fr\/#\/schema\/logo\/image\/\"}}]}<\/script>\n<!-- \/ Yoast SEO plugin. -->","yoast_head_json":{"title":"Informations sur les guides et les excursions \u00e0 Hildesheim - 9 St\u00e4dte in Niedersachsen","robots":{"index":"index","follow":"follow","max-snippet":"max-snippet:-1","max-image-preview":"max-image-preview:large","max-video-preview":"max-video-preview:-1"},"canonical":"https:\/\/9staedte.de\/fr\/hildesheim-ville-classee-au-patrimoine-mondial-de-lunesco\/informations-sur-les-guides-et-les-excursions-a-hildesheim\/","og_locale":"fr_FR","og_type":"article","og_title":"Informations sur les guides et les excursions \u00e0 Hildesheim - 9 St\u00e4dte in Niedersachsen","og_description":"Circuits dans la r\u00e9gion Qu&rsquo;il s&rsquo;agisse du circuit du Harz, de la route des monast\u00e8res, le long de la Leine ou d&rsquo;informations int\u00e9ressantes sur les pommes de terre et la craie, laissez-vous guider par des guides sp\u00e9cialis\u00e9s qui vous montreront des t\u00e9moignages marquants et exceptionnels de l&rsquo;histoire dans les environs vari\u00e9s de Hildesheim. Ensemble, vous [&hellip;]","og_url":"https:\/\/9staedte.de\/fr\/hildesheim-ville-classee-au-patrimoine-mondial-de-lunesco\/informations-sur-les-guides-et-les-excursions-a-hildesheim\/","og_site_name":"9 St\u00e4dte in Niedersachsen","article_modified_time":"2024-10-21T08:33:13+00:00","og_image":[{"width":945,"height":531,"url":"https:\/\/9staedte.de\/wp-content\/uploads\/2023\/03\/FagusWerk-in-Alfeld-c-Fagus-Werk.jpg","type":"image\/jpeg"}],"twitter_card":"summary_large_image","twitter_misc":{"Dur\u00e9e de lecture estim\u00e9e":"2 minutes"},"schema":{"@context":"https:\/\/schema.org","@graph":[{"@type":"WebPage","@id":"https:\/\/9staedte.de\/fr\/hildesheim-ville-classee-au-patrimoine-mondial-de-lunesco\/informations-sur-les-guides-et-les-excursions-a-hildesheim\/","url":"https:\/\/9staedte.de\/fr\/hildesheim-ville-classee-au-patrimoine-mondial-de-lunesco\/informations-sur-les-guides-et-les-excursions-a-hildesheim\/","name":"Informations sur les guides et les excursions \u00e0 Hildesheim - 9 St\u00e4dte in Niedersachsen","isPartOf":{"@id":"https:\/\/9staedte.de\/fr\/#website"},"primaryImageOfPage":{"@id":"https:\/\/9staedte.de\/fr\/hildesheim-ville-classee-au-patrimoine-mondial-de-lunesco\/informations-sur-les-guides-et-les-excursions-a-hildesheim\/#primaryimage"},"image":{"@id":"https:\/\/9staedte.de\/fr\/hildesheim-ville-classee-au-patrimoine-mondial-de-lunesco\/informations-sur-les-guides-et-les-excursions-a-hildesheim\/#primaryimage"},"thumbnailUrl":"https:\/\/9staedte.de\/wp-content\/uploads\/2023\/03\/FagusWerk-in-Alfeld-c-Fagus-Werk.jpg","datePublished":"2023-11-02T08:47:00+00:00","dateModified":"2024-10-21T08:33:13+00:00","breadcrumb":{"@id":"https:\/\/9staedte.de\/fr\/hildesheim-ville-classee-au-patrimoine-mondial-de-lunesco\/informations-sur-les-guides-et-les-excursions-a-hildesheim\/#breadcrumb"},"inLanguage":"fr-FR","potentialAction":[{"@type":"ReadAction","target":["https:\/\/9staedte.de\/fr\/hildesheim-ville-classee-au-patrimoine-mondial-de-lunesco\/informations-sur-les-guides-et-les-excursions-a-hildesheim\/"]}]},{"@type":"ImageObject","inLanguage":"fr-FR","@id":"https:\/\/9staedte.de\/fr\/hildesheim-ville-classee-au-patrimoine-mondial-de-lunesco\/informations-sur-les-guides-et-les-excursions-a-hildesheim\/#primaryimage","url":"https:\/\/9staedte.de\/wp-content\/uploads\/2023\/03\/FagusWerk-in-Alfeld-c-Fagus-Werk.jpg","contentUrl":"https:\/\/9staedte.de\/wp-content\/uploads\/2023\/03\/FagusWerk-in-Alfeld-c-Fagus-Werk.jpg","width":945,"height":531,"caption":"FagusWerk in Alfeld c) Fagus Werk"},{"@type":"BreadcrumbList","@id":"https:\/\/9staedte.de\/fr\/hildesheim-ville-classee-au-patrimoine-mondial-de-lunesco\/informations-sur-les-guides-et-les-excursions-a-hildesheim\/#breadcrumb","itemListElement":[{"@type":"ListItem","position":1,"name":"Startseite","item":"https:\/\/9staedte.de\/fr\/"},{"@type":"ListItem","position":2,"name":"Hildesheim &#8211; ville class\u00e9e au patrimoine mondial de l&#8217;UNESCO","item":"https:\/\/9staedte.de\/fr\/hildesheim-ville-classee-au-patrimoine-mondial-de-lunesco\/"},{"@type":"ListItem","position":3,"name":"Informations sur les guides et les excursions \u00e0 Hildesheim"}]},{"@type":"WebSite","@id":"https:\/\/9staedte.de\/fr\/#website","url":"https:\/\/9staedte.de\/fr\/","name":"9 St\u00e4dte in Niedersachsen","description":"","publisher":{"@id":"https:\/\/9staedte.de\/fr\/#organization"},"potentialAction":[{"@type":"SearchAction","target":{"@type":"EntryPoint","urlTemplate":"https:\/\/9staedte.de\/fr\/?s={search_term_string}"},"query-input":{"@type":"PropertyValueSpecification","valueRequired":true,"valueName":"search_term_string"}}],"inLanguage":"fr-FR"},{"@type":"Organization","@id":"https:\/\/9staedte.de\/fr\/#organization","name":"9 St\u00e4dte in Niedersachsen","url":"https:\/\/9staedte.de\/fr\/","logo":{"@type":"ImageObject","inLanguage":"fr-FR","@id":"https:\/\/9staedte.de\/fr\/#\/schema\/logo\/image\/","url":"https:\/\/9staedte.de\/wp-content\/uploads\/2025\/01\/9-neg-deutsch-2-1.png","contentUrl":"https:\/\/9staedte.de\/wp-content\/uploads\/2025\/01\/9-neg-deutsch-2-1.png","width":190,"height":114,"caption":"9 St\u00e4dte in Niedersachsen"},"image":{"@id":"https:\/\/9staedte.de\/fr\/#\/schema\/logo\/image\/"}}]}},"_links":{"self":[{"href":"https:\/\/9staedte.de\/fr\/wp-json\/wp\/v2\/pages\/17020","targetHints":{"allow":["GET"]}}],"collection":[{"href":"https:\/\/9staedte.de\/fr\/wp-json\/wp\/v2\/pages"}],"about":[{"href":"https:\/\/9staedte.de\/fr\/wp-json\/wp\/v2\/types\/page"}],"author":[{"embeddable":true,"href":"https:\/\/9staedte.de\/fr\/wp-json\/wp\/v2\/users\/1"}],"replies":[{"embeddable":true,"href":"https:\/\/9staedte.de\/fr\/wp-json\/wp\/v2\/comments?post=17020"}],"version-history":[{"count":3,"href":"https:\/\/9staedte.de\/fr\/wp-json\/wp\/v2\/pages\/17020\/revisions"}],"predecessor-version":[{"id":24014,"href":"https:\/\/9staedte.de\/fr\/wp-json\/wp\/v2\/pages\/17020\/revisions\/24014"}],"up":[{"embeddable":true,"href":"https:\/\/9staedte.de\/fr\/wp-json\/wp\/v2\/pages\/17998"}],"wp:featuredmedia":[{"embeddable":true,"href":"https:\/\/9staedte.de\/fr\/wp-json\/wp\/v2\/media\/17028"}],"wp:attachment":[{"href":"https:\/\/9staedte.de\/fr\/wp-json\/wp\/v2\/media?parent=17020"}],"wp:term":[{"taxonomy":"category","embeddable":true,"href":"https:\/\/9staedte.de\/fr\/wp-json\/wp\/v2\/categories?post=17020"},{"taxonomy":"post_tag","embeddable":true,"href":"https:\/\/9staedte.de\/fr\/wp-json\/wp\/v2\/tags?post=17020"},{"taxonomy":"ncap_cities_tax","embeddable":true,"href":"https:\/\/9staedte.de\/fr\/wp-json\/wp\/v2\/ncap_cities_tax?post=17020"}],"curies":[{"name":"wp","href":"https:\/\/api.w.org\/{rel}","templated":true}]}}