{"id":17004,"date":"2023-11-02T09:46:59","date_gmt":"2023-11-02T08:46:59","guid":{"rendered":"https:\/\/9staedte.de\/marche-de-noel-a-wolfenbuettel\/"},"modified":"2026-03-23T17:04:23","modified_gmt":"2026-03-23T16:04:23","slug":"marche-de-noel-a-wolfenbuettel","status":"publish","type":"page","link":"https:\/\/9staedte.de\/fr\/wolfenbuttel-la-ville-de-lessing\/marche-de-noel-a-wolfenbuettel\/","title":{"rendered":"March\u00e9 de No\u00ebl \u00e0 Wolfenb\u00fcttel"},"content":{"rendered":"\n<h2 class=\"wp-block-heading\">Ambiance de No\u00ebl dans la ville de Lessing<\/h2>\n\n<p>Depuis 1585 d\u00e9j\u00e0, le march\u00e9 de No\u00ebl de Wolfenb\u00fcttel brille dans des d\u00e9cors historiques du centre-ville. Cette ann\u00e9e encore, les chalets d\u00e9cor\u00e9s avec soin, l&rsquo;odeur des d\u00e9lices de No\u00ebl, les sapins scintillants, les id\u00e9es de cadeaux festifs et un programme plein d&rsquo;ambiance vous enchanteront sur la place du ch\u00e2teau. La musique de No\u00ebl pr\u00e9pare \u00e0 la plus belle f\u00eate de l&rsquo;ann\u00e9e. Et, bien s\u00fbr, le P\u00e8re No\u00ebl s&rsquo;y arr\u00eatera aussi. Pendant les week-ends de l&rsquo;Avent, le march\u00e9 artisanal de la Kommisse propose des d\u00e9corations de No\u00ebl faites \u00e0 la main et bien plus encore.<\/p>\n\n<p><\/p>\n\n<p><\/p>\n\n<p><a href=\"https:\/\/www.wolfenbuettel.de\/Stadtleben\/Veranstaltungskalender\/Weihnachtsmarkt\/\" target=\"_blank\" rel=\"noreferrer noopener\">Plus d&rsquo;informations<\/a><\/p>\n\n\n<div class=\"banner-wrapper\">\n  <div class=\"banner-inner \">\n      <div class=\"img-container\">\n      <div class=\"img-wrapper\">\n        <img decoding=\"async\" src=\"https:\/\/9staedte.de\/wp-content\/smush-webp\/2025\/10\/Wolfenbuettel-Weihnachtskugel-auf-dem-Stadtmarkt-c-Stadt-Wolfenbuettel-Christian-Bierwagen.jpg.webp\" alt=\"Sur la place du march\u00e9 de Wolfenb\u00fcttel se trouve une grande boule lumineuse en forme de d\u00e9coration de No\u00ebl. \u00c0 c\u00f4t\u00e9, un sapin de No\u00ebl. En arri\u00e8re-plan, des maisons \u00e0 colombages avec de nombreuses fen\u00eatres \u00e9clair\u00e9es. Des personnes traversent la place.\" \/>\n                  <div class=\"thumbnail-label\">\n            <span>Wolfenb\u00fcttel Weihnachtskugel auf dem Stadtmarkt (c) Stadt Wolfenb\u00fcttel Christian Bierwagen<\/span>\n          <\/div>\n              <\/div>\n    <\/div>\n        <div class=\"text-container\">\n      <div class=\"content\">\n        <h2 class=\"h3\">9 conseils pour visiter le march\u00e9 de No\u00ebl de Wolfenb\u00fcttel<\/h2>\n<p>&#8211; D\u00e9guster des d\u00e9lices de No\u00ebl et des friandises sur la place du ch\u00e2teau<br \/>\n&#8211; Boule de No\u00ebl illumin\u00e9e sur laquelle on peut marcher<br \/>\n&#8211; Personnages de No\u00ebl et centre-ville illumin\u00e9<br \/>\n&#8211; Fouiner sur les march\u00e9s d&rsquo;artisans de l&rsquo;Avent dans la Kommisse<br \/>\n&#8211; Visite guid\u00e9e de la soir\u00e9e de No\u00ebl, y compris.<br \/>\n&#8211; Programme familial quotidien sur sc\u00e8ne<br \/>\n&#8211; Visite d&rsquo;\u00e9glises importantes<br \/>\n&#8211; Ne pas oublier la Lessinghaus<br \/>\n&#8211; Boule de No\u00ebl exclusive avec motif Wolfenb\u00fcttel disponible \u00e0 l&rsquo;office de tourisme <\/p>\n<p>&nbsp;<\/p>\n      <\/div>\n    <\/div>\n    <\/div>\n<\/div>\n\n\n<p class=\"h3\"><strong>March\u00e9 de No\u00ebl \u00e0 Wolfenb\u00fcttel<\/strong><\/p>\n\n <div class=\"brlbs-cmpnt-container brlbs-cmpnt-content-blocker brlbs-cmpnt-with-individual-styles\" data-borlabs-cookie-content-blocker-id=\"google-maps\" data-borlabs-cookie-content=\"PGlmcmFtZSBzcmM9Imh0dHBzOi8vd3d3Lmdvb2dsZS5jb20vbWFwcy9kL3UvMC9lbWJlZD9taWQ9MXJWenpJWVlMeUdJc0VfWnJ5RWxsUlFmcGNCakpaN00mZWhiYz0yRTMxMkYiIHdpZHRoPSI2NDAiIGhlaWdodD0iNDgwIj48L2lmcmFtZT4=\"><div class=\"brlbs-cmpnt-cb-preset-b brlbs-cmpnt-cb-google-maps\"> <div class=\"brlbs-cmpnt-cb-thumbnail\" style=\"background-image: url('https:\/\/9staedte.de\/wp-content\/uploads\/borlabs-cookie\/1\/brlbs-cb-google-maps-main.png')\"><\/div> <div class=\"brlbs-cmpnt-cb-main\"> <div class=\"brlbs-cmpnt-cb-content\"> <p class=\"brlbs-cmpnt-cb-description\">Vous \u00eates actuellement en train de consulter le contenu d&rsquo;un espace r\u00e9serv\u00e9 de <strong>Google Maps<\/strong>. Pour acc\u00e9der au contenu r\u00e9el, cliquez sur le bouton ci-dessous. Veuillez noter que ce faisant, des donn\u00e9es seront partag\u00e9es avec des providers tiers.<\/p> <a class=\"brlbs-cmpnt-cb-provider-toggle\" href=\"#\" data-borlabs-cookie-show-provider-information role=\"button\">Plus d&rsquo;informations<\/a> <\/div> <div class=\"brlbs-cmpnt-cb-buttons\"> <a class=\"brlbs-cmpnt-cb-btn\" href=\"#\" data-borlabs-cookie-unblock role=\"button\">D\u00e9bloquer le contenu<\/a> <a class=\"brlbs-cmpnt-cb-btn\" href=\"#\" data-borlabs-cookie-accept-service role=\"button\" style=\"display: inherit\">Accepter le service requis et d\u00e9bloquer le contenu<\/a> <\/div> <\/div> <\/div><\/div>\n\n<div style=\"height:56px\" aria-hidden=\"true\" class=\"wp-block-spacer\"><\/div>\n\n<h2 class=\"wp-block-heading h3\"><strong>Pack d&rsquo;exp\u00e9riences festives sur le march\u00e9 de No\u00ebl de Wolfenb\u00fcttel<\/strong><\/h2>\n\n<p>No\u00ebl dans la ville de Lessing le march\u00e9 de No\u00ebl de Wolfenb\u00fcttel<\/p>\n\n<p>La vieille ville romantique, les offres culturelles et un march\u00e9 de No\u00ebl enchanteur vous feront passer un week-end de l&rsquo;Avent plein d&rsquo;ambiance dans la ville de Lessing Wolfenb\u00fcttel :<\/p>\n\n<p>&#8211; 2 nuits dans des h\u00f4tels s\u00e9lectionn\u00e9s<br\/>&#8211; 1 carte echt-lessig<br\/>&#8211; 1 visite guid\u00e9e de la ville de No\u00ebl + bon de consommation sur le march\u00e9 de No\u00ebl<br\/>&#8211; Cadeau de No\u00ebl<\/p>\n\n<p>Prix : sur demande<\/p>\n\n<p>R\u00e9servable sur demande<\/p>\n\n<p>Les conditions g\u00e9n\u00e9rales de la ville de Wolfenb\u00fcttel s&rsquo;appliquent.<\/p>\n","protected":false},"excerpt":{"rendered":"<p>Ambiance de No\u00ebl dans la ville de Lessing Depuis 1585 d\u00e9j\u00e0, le march\u00e9 de No\u00ebl de Wolfenb\u00fcttel brille dans des d\u00e9cors historiques du centre-ville. Cette ann\u00e9e encore, les chalets d\u00e9cor\u00e9s avec soin, l&rsquo;odeur des d\u00e9lices de No\u00ebl, les sapins scintillants, les id\u00e9es de cadeaux festifs et un programme plein d&rsquo;ambiance vous enchanteront sur la place [&hellip;]<\/p>\n","protected":false},"author":1,"featured_media":20280,"parent":17963,"menu_order":0,"comment_status":"closed","ping_status":"closed","template":"pagetemplates\/template-stadtthema.php","meta":{"_acf_changed":false,"footnotes":""},"categories":[],"tags":[],"ncap_cities_tax":[541,471],"class_list":["post-17004","page","type-page","status-publish","has-post-thumbnail","hentry","ncap_cities_tax-weihnachtsmarkte-wolfenbuettel-fr-wolfenbuettel-fr","ncap_cities_tax-wolfenbuettel-fr"],"acf":[],"yoast_head":"<!-- This site is optimized with the Yoast SEO plugin v26.8 - https:\/\/yoast.com\/product\/yoast-seo-wordpress\/ -->\n<title>March\u00e9 de No\u00ebl \u00e0 Wolfenb\u00fcttel - 9 St\u00e4dte in Niedersachsen<\/title>\n<meta name=\"description\" content=\"Des stands \u00e0 colombages uniques en leur genre, l&#039;ambiance historique de la place du ch\u00e2teau cr\u00e9ent une atmosph\u00e8re de No\u00ebl \u00e0 Wolfenb\u00fcttel, la ville de Lessing.\" \/>\n<meta name=\"robots\" content=\"index, follow, max-snippet:-1, max-image-preview:large, max-video-preview:-1\" \/>\n<link rel=\"canonical\" href=\"https:\/\/9staedte.de\/fr\/wolfenbuttel-la-ville-de-lessing\/marche-de-noel-a-wolfenbuettel\/\" \/>\n<meta property=\"og:locale\" content=\"fr_FR\" \/>\n<meta property=\"og:type\" content=\"article\" \/>\n<meta property=\"og:title\" content=\"March\u00e9 de No\u00ebl \u00e0 Wolfenb\u00fcttel - 9 St\u00e4dte in Niedersachsen\" \/>\n<meta property=\"og:description\" content=\"Des stands \u00e0 colombages uniques en leur genre, l&#039;ambiance historique de la place du ch\u00e2teau cr\u00e9ent une atmosph\u00e8re de No\u00ebl \u00e0 Wolfenb\u00fcttel, la ville de Lessing.\" \/>\n<meta property=\"og:url\" content=\"https:\/\/9staedte.de\/fr\/wolfenbuttel-la-ville-de-lessing\/marche-de-noel-a-wolfenbuettel\/\" \/>\n<meta property=\"og:site_name\" content=\"9 St\u00e4dte in Niedersachsen\" \/>\n<meta property=\"article:modified_time\" content=\"2026-03-23T16:04:23+00:00\" \/>\n<meta property=\"og:image\" content=\"https:\/\/9staedte.de\/wp-content\/uploads\/2023\/12\/Weihnachtsmarkt-Wolfenbuettel-2023-c-Stadt-Wolfenbuettel.jpg\" \/>\n\t<meta property=\"og:image:width\" content=\"1020\" \/>\n\t<meta property=\"og:image:height\" content=\"560\" \/>\n\t<meta property=\"og:image:type\" content=\"image\/jpeg\" \/>\n<meta name=\"twitter:card\" content=\"summary_large_image\" \/>\n<meta name=\"twitter:label1\" content=\"Dur\u00e9e de lecture estim\u00e9e\" \/>\n\t<meta name=\"twitter:data1\" content=\"2 minutes\" \/>\n<script type=\"application\/ld+json\" class=\"yoast-schema-graph\">{\"@context\":\"https:\/\/schema.org\",\"@graph\":[{\"@type\":\"WebPage\",\"@id\":\"https:\/\/9staedte.de\/fr\/wolfenbuttel-la-ville-de-lessing\/marche-de-noel-a-wolfenbuettel\/\",\"url\":\"https:\/\/9staedte.de\/fr\/wolfenbuttel-la-ville-de-lessing\/marche-de-noel-a-wolfenbuettel\/\",\"name\":\"March\u00e9 de No\u00ebl \u00e0 Wolfenb\u00fcttel - 9 St\u00e4dte in Niedersachsen\",\"isPartOf\":{\"@id\":\"https:\/\/9staedte.de\/fr\/#website\"},\"primaryImageOfPage\":{\"@id\":\"https:\/\/9staedte.de\/fr\/wolfenbuttel-la-ville-de-lessing\/marche-de-noel-a-wolfenbuettel\/#primaryimage\"},\"image\":{\"@id\":\"https:\/\/9staedte.de\/fr\/wolfenbuttel-la-ville-de-lessing\/marche-de-noel-a-wolfenbuettel\/#primaryimage\"},\"thumbnailUrl\":\"https:\/\/9staedte.de\/wp-content\/uploads\/2023\/12\/Weihnachtsmarkt-Wolfenbuettel-2023-c-Stadt-Wolfenbuettel.jpg\",\"datePublished\":\"2023-11-02T08:46:59+00:00\",\"dateModified\":\"2026-03-23T16:04:23+00:00\",\"description\":\"Des stands \u00e0 colombages uniques en leur genre, l'ambiance historique de la place du ch\u00e2teau cr\u00e9ent une atmosph\u00e8re de No\u00ebl \u00e0 Wolfenb\u00fcttel, la ville de Lessing.\",\"breadcrumb\":{\"@id\":\"https:\/\/9staedte.de\/fr\/wolfenbuttel-la-ville-de-lessing\/marche-de-noel-a-wolfenbuettel\/#breadcrumb\"},\"inLanguage\":\"fr-FR\",\"potentialAction\":[{\"@type\":\"ReadAction\",\"target\":[\"https:\/\/9staedte.de\/fr\/wolfenbuttel-la-ville-de-lessing\/marche-de-noel-a-wolfenbuettel\/\"]}]},{\"@type\":\"ImageObject\",\"inLanguage\":\"fr-FR\",\"@id\":\"https:\/\/9staedte.de\/fr\/wolfenbuttel-la-ville-de-lessing\/marche-de-noel-a-wolfenbuettel\/#primaryimage\",\"url\":\"https:\/\/9staedte.de\/wp-content\/uploads\/2023\/12\/Weihnachtsmarkt-Wolfenbuettel-2023-c-Stadt-Wolfenbuettel.jpg\",\"contentUrl\":\"https:\/\/9staedte.de\/wp-content\/uploads\/2023\/12\/Weihnachtsmarkt-Wolfenbuettel-2023-c-Stadt-Wolfenbuettel.jpg\",\"width\":1020,\"height\":560,\"caption\":\"Weihnachtsmarkt Wolfenb\u00fcttel 2023 c) Stadt Wolfenb\u00fcttel\"},{\"@type\":\"BreadcrumbList\",\"@id\":\"https:\/\/9staedte.de\/fr\/wolfenbuttel-la-ville-de-lessing\/marche-de-noel-a-wolfenbuettel\/#breadcrumb\",\"itemListElement\":[{\"@type\":\"ListItem\",\"position\":1,\"name\":\"Startseite\",\"item\":\"https:\/\/9staedte.de\/fr\/\"},{\"@type\":\"ListItem\",\"position\":2,\"name\":\"Wolfenb\u00fcttel &#8211; La ville de Lessing\",\"item\":\"https:\/\/9staedte.de\/fr\/wolfenbuttel-la-ville-de-lessing\/\"},{\"@type\":\"ListItem\",\"position\":3,\"name\":\"March\u00e9 de No\u00ebl \u00e0 Wolfenb\u00fcttel\"}]},{\"@type\":\"WebSite\",\"@id\":\"https:\/\/9staedte.de\/fr\/#website\",\"url\":\"https:\/\/9staedte.de\/fr\/\",\"name\":\"9 St\u00e4dte in Niedersachsen\",\"description\":\"\",\"publisher\":{\"@id\":\"https:\/\/9staedte.de\/fr\/#organization\"},\"potentialAction\":[{\"@type\":\"SearchAction\",\"target\":{\"@type\":\"EntryPoint\",\"urlTemplate\":\"https:\/\/9staedte.de\/fr\/?s={search_term_string}\"},\"query-input\":{\"@type\":\"PropertyValueSpecification\",\"valueRequired\":true,\"valueName\":\"search_term_string\"}}],\"inLanguage\":\"fr-FR\"},{\"@type\":\"Organization\",\"@id\":\"https:\/\/9staedte.de\/fr\/#organization\",\"name\":\"9 St\u00e4dte in Niedersachsen\",\"url\":\"https:\/\/9staedte.de\/fr\/\",\"logo\":{\"@type\":\"ImageObject\",\"inLanguage\":\"fr-FR\",\"@id\":\"https:\/\/9staedte.de\/fr\/#\/schema\/logo\/image\/\",\"url\":\"https:\/\/9staedte.de\/wp-content\/uploads\/2025\/01\/9-neg-deutsch-2-1.png\",\"contentUrl\":\"https:\/\/9staedte.de\/wp-content\/uploads\/2025\/01\/9-neg-deutsch-2-1.png\",\"width\":190,\"height\":114,\"caption\":\"9 St\u00e4dte in Niedersachsen\"},\"image\":{\"@id\":\"https:\/\/9staedte.de\/fr\/#\/schema\/logo\/image\/\"}}]}<\/script>\n<!-- \/ Yoast SEO plugin. -->","yoast_head_json":{"title":"March\u00e9 de No\u00ebl \u00e0 Wolfenb\u00fcttel - 9 St\u00e4dte in Niedersachsen","description":"Des stands \u00e0 colombages uniques en leur genre, l'ambiance historique de la place du ch\u00e2teau cr\u00e9ent une atmosph\u00e8re de No\u00ebl \u00e0 Wolfenb\u00fcttel, la ville de Lessing.","robots":{"index":"index","follow":"follow","max-snippet":"max-snippet:-1","max-image-preview":"max-image-preview:large","max-video-preview":"max-video-preview:-1"},"canonical":"https:\/\/9staedte.de\/fr\/wolfenbuttel-la-ville-de-lessing\/marche-de-noel-a-wolfenbuettel\/","og_locale":"fr_FR","og_type":"article","og_title":"March\u00e9 de No\u00ebl \u00e0 Wolfenb\u00fcttel - 9 St\u00e4dte in Niedersachsen","og_description":"Des stands \u00e0 colombages uniques en leur genre, l'ambiance historique de la place du ch\u00e2teau cr\u00e9ent une atmosph\u00e8re de No\u00ebl \u00e0 Wolfenb\u00fcttel, la ville de Lessing.","og_url":"https:\/\/9staedte.de\/fr\/wolfenbuttel-la-ville-de-lessing\/marche-de-noel-a-wolfenbuettel\/","og_site_name":"9 St\u00e4dte in Niedersachsen","article_modified_time":"2026-03-23T16:04:23+00:00","og_image":[{"width":1020,"height":560,"url":"https:\/\/9staedte.de\/wp-content\/uploads\/2023\/12\/Weihnachtsmarkt-Wolfenbuettel-2023-c-Stadt-Wolfenbuettel.jpg","type":"image\/jpeg"}],"twitter_card":"summary_large_image","twitter_misc":{"Dur\u00e9e de lecture estim\u00e9e":"2 minutes"},"schema":{"@context":"https:\/\/schema.org","@graph":[{"@type":"WebPage","@id":"https:\/\/9staedte.de\/fr\/wolfenbuttel-la-ville-de-lessing\/marche-de-noel-a-wolfenbuettel\/","url":"https:\/\/9staedte.de\/fr\/wolfenbuttel-la-ville-de-lessing\/marche-de-noel-a-wolfenbuettel\/","name":"March\u00e9 de No\u00ebl \u00e0 Wolfenb\u00fcttel - 9 St\u00e4dte in Niedersachsen","isPartOf":{"@id":"https:\/\/9staedte.de\/fr\/#website"},"primaryImageOfPage":{"@id":"https:\/\/9staedte.de\/fr\/wolfenbuttel-la-ville-de-lessing\/marche-de-noel-a-wolfenbuettel\/#primaryimage"},"image":{"@id":"https:\/\/9staedte.de\/fr\/wolfenbuttel-la-ville-de-lessing\/marche-de-noel-a-wolfenbuettel\/#primaryimage"},"thumbnailUrl":"https:\/\/9staedte.de\/wp-content\/uploads\/2023\/12\/Weihnachtsmarkt-Wolfenbuettel-2023-c-Stadt-Wolfenbuettel.jpg","datePublished":"2023-11-02T08:46:59+00:00","dateModified":"2026-03-23T16:04:23+00:00","description":"Des stands \u00e0 colombages uniques en leur genre, l'ambiance historique de la place du ch\u00e2teau cr\u00e9ent une atmosph\u00e8re de No\u00ebl \u00e0 Wolfenb\u00fcttel, la ville de Lessing.","breadcrumb":{"@id":"https:\/\/9staedte.de\/fr\/wolfenbuttel-la-ville-de-lessing\/marche-de-noel-a-wolfenbuettel\/#breadcrumb"},"inLanguage":"fr-FR","potentialAction":[{"@type":"ReadAction","target":["https:\/\/9staedte.de\/fr\/wolfenbuttel-la-ville-de-lessing\/marche-de-noel-a-wolfenbuettel\/"]}]},{"@type":"ImageObject","inLanguage":"fr-FR","@id":"https:\/\/9staedte.de\/fr\/wolfenbuttel-la-ville-de-lessing\/marche-de-noel-a-wolfenbuettel\/#primaryimage","url":"https:\/\/9staedte.de\/wp-content\/uploads\/2023\/12\/Weihnachtsmarkt-Wolfenbuettel-2023-c-Stadt-Wolfenbuettel.jpg","contentUrl":"https:\/\/9staedte.de\/wp-content\/uploads\/2023\/12\/Weihnachtsmarkt-Wolfenbuettel-2023-c-Stadt-Wolfenbuettel.jpg","width":1020,"height":560,"caption":"Weihnachtsmarkt Wolfenb\u00fcttel 2023 c) Stadt Wolfenb\u00fcttel"},{"@type":"BreadcrumbList","@id":"https:\/\/9staedte.de\/fr\/wolfenbuttel-la-ville-de-lessing\/marche-de-noel-a-wolfenbuettel\/#breadcrumb","itemListElement":[{"@type":"ListItem","position":1,"name":"Startseite","item":"https:\/\/9staedte.de\/fr\/"},{"@type":"ListItem","position":2,"name":"Wolfenb\u00fcttel &#8211; La ville de Lessing","item":"https:\/\/9staedte.de\/fr\/wolfenbuttel-la-ville-de-lessing\/"},{"@type":"ListItem","position":3,"name":"March\u00e9 de No\u00ebl \u00e0 Wolfenb\u00fcttel"}]},{"@type":"WebSite","@id":"https:\/\/9staedte.de\/fr\/#website","url":"https:\/\/9staedte.de\/fr\/","name":"9 St\u00e4dte in Niedersachsen","description":"","publisher":{"@id":"https:\/\/9staedte.de\/fr\/#organization"},"potentialAction":[{"@type":"SearchAction","target":{"@type":"EntryPoint","urlTemplate":"https:\/\/9staedte.de\/fr\/?s={search_term_string}"},"query-input":{"@type":"PropertyValueSpecification","valueRequired":true,"valueName":"search_term_string"}}],"inLanguage":"fr-FR"},{"@type":"Organization","@id":"https:\/\/9staedte.de\/fr\/#organization","name":"9 St\u00e4dte in Niedersachsen","url":"https:\/\/9staedte.de\/fr\/","logo":{"@type":"ImageObject","inLanguage":"fr-FR","@id":"https:\/\/9staedte.de\/fr\/#\/schema\/logo\/image\/","url":"https:\/\/9staedte.de\/wp-content\/uploads\/2025\/01\/9-neg-deutsch-2-1.png","contentUrl":"https:\/\/9staedte.de\/wp-content\/uploads\/2025\/01\/9-neg-deutsch-2-1.png","width":190,"height":114,"caption":"9 St\u00e4dte in Niedersachsen"},"image":{"@id":"https:\/\/9staedte.de\/fr\/#\/schema\/logo\/image\/"}}]}},"_links":{"self":[{"href":"https:\/\/9staedte.de\/fr\/wp-json\/wp\/v2\/pages\/17004","targetHints":{"allow":["GET"]}}],"collection":[{"href":"https:\/\/9staedte.de\/fr\/wp-json\/wp\/v2\/pages"}],"about":[{"href":"https:\/\/9staedte.de\/fr\/wp-json\/wp\/v2\/types\/page"}],"author":[{"embeddable":true,"href":"https:\/\/9staedte.de\/fr\/wp-json\/wp\/v2\/users\/1"}],"replies":[{"embeddable":true,"href":"https:\/\/9staedte.de\/fr\/wp-json\/wp\/v2\/comments?post=17004"}],"version-history":[{"count":16,"href":"https:\/\/9staedte.de\/fr\/wp-json\/wp\/v2\/pages\/17004\/revisions"}],"predecessor-version":[{"id":27641,"href":"https:\/\/9staedte.de\/fr\/wp-json\/wp\/v2\/pages\/17004\/revisions\/27641"}],"up":[{"embeddable":true,"href":"https:\/\/9staedte.de\/fr\/wp-json\/wp\/v2\/pages\/17963"}],"wp:featuredmedia":[{"embeddable":true,"href":"https:\/\/9staedte.de\/fr\/wp-json\/wp\/v2\/media\/20280"}],"wp:attachment":[{"href":"https:\/\/9staedte.de\/fr\/wp-json\/wp\/v2\/media?parent=17004"}],"wp:term":[{"taxonomy":"category","embeddable":true,"href":"https:\/\/9staedte.de\/fr\/wp-json\/wp\/v2\/categories?post=17004"},{"taxonomy":"post_tag","embeddable":true,"href":"https:\/\/9staedte.de\/fr\/wp-json\/wp\/v2\/tags?post=17004"},{"taxonomy":"ncap_cities_tax","embeddable":true,"href":"https:\/\/9staedte.de\/fr\/wp-json\/wp\/v2\/ncap_cities_tax?post=17004"}],"curies":[{"name":"wp","href":"https:\/\/api.w.org\/{rel}","templated":true}]}}