{"id":17000,"date":"2023-11-02T09:46:59","date_gmt":"2023-11-02T08:46:59","guid":{"rendered":"https:\/\/9staedte.de\/logements-a-hildesheim\/"},"modified":"2023-11-02T18:13:12","modified_gmt":"2023-11-02T17:13:12","slug":"logements-a-hildesheim","status":"publish","type":"page","link":"https:\/\/9staedte.de\/fr\/hildesheim-ville-classee-au-patrimoine-mondial-de-lunesco\/logements-a-hildesheim\/","title":{"rendered":"Logements \u00e0 Hildesheim"},"content":{"rendered":"\n<h2 class=\"wp-block-heading\">R\u00e9servation de chambres \u00e0 Hildesheim<\/h2>\n\n\n\n<p><a href=\"https:\/\/www.hildesheim-tourismus.de\/hildesheim\/ukv\/result?tt=bm2cr5mhp0va5on6bunlqt9srs\" target=\"_blank\" rel=\"noreferrer noopener\">Faites votre choix parmi les nombreuses offres propos\u00e9es ici :<\/a><\/p>\n\n\n\n<figure class=\"wp-block-image size-full\"><a href=\"https:\/\/www.hildesheim-tourismus.de\/hildesheim\/ukv\/result?tt=bm2cr5mhp0va5on6bunlqt9srs\"><img loading=\"lazy\" decoding=\"async\" width=\"931\" height=\"463\" src=\"https:\/\/9staedte.de\/wp-content\/smush-webp\/2023\/07\/Reservierung-Hildehseim-1.jpg.webp\" alt=\"\" class=\"wp-image-7457\" srcset=\"https:\/\/9staedte.de\/wp-content\/smush-webp\/2023\/07\/Reservierung-Hildehseim-1.jpg.webp 931w, https:\/\/9staedte.de\/wp-content\/smush-webp\/2023\/07\/Reservierung-Hildehseim-1-300x149.jpg.webp 300w, https:\/\/9staedte.de\/wp-content\/smush-webp\/2023\/07\/Reservierung-Hildehseim-1-768x382.jpg.webp 768w\" sizes=\"auto, (max-width: 931px) 100vw, 931px\" \/><\/a><\/figure>\n","protected":false},"excerpt":{"rendered":"<p>R\u00e9servation de chambres \u00e0 Hildesheim Faites votre choix parmi les nombreuses offres propos\u00e9es ici :<\/p>\n","protected":false},"author":1,"featured_media":17009,"parent":17998,"menu_order":0,"comment_status":"closed","ping_status":"closed","template":"pagetemplates\/template-stadtthema.php","meta":{"_acf_changed":false,"footnotes":""},"categories":[],"tags":[],"ncap_cities_tax":[464,1080],"class_list":["post-17000","page","type-page","status-publish","has-post-thumbnail","hentry","ncap_cities_tax-hildesheim-fr","ncap_cities_tax-reservierungen-hildesheim-fr"],"acf":[],"yoast_head":"<!-- This site is optimized with the Yoast SEO plugin v26.8 - https:\/\/yoast.com\/product\/yoast-seo-wordpress\/ -->\n<title>Logements \u00e0 Hildesheim - 9 St\u00e4dte in Niedersachsen<\/title>\n<meta name=\"robots\" content=\"index, follow, max-snippet:-1, max-image-preview:large, max-video-preview:-1\" \/>\n<link rel=\"canonical\" href=\"https:\/\/9staedte.de\/fr\/hildesheim-ville-classee-au-patrimoine-mondial-de-lunesco\/logements-a-hildesheim\/\" \/>\n<meta property=\"og:locale\" content=\"fr_FR\" \/>\n<meta property=\"og:type\" content=\"article\" \/>\n<meta property=\"og:title\" content=\"Logements \u00e0 Hildesheim - 9 St\u00e4dte in Niedersachsen\" \/>\n<meta property=\"og:description\" content=\"R\u00e9servation de chambres \u00e0 Hildesheim Faites votre choix parmi les nombreuses offres propos\u00e9es ici :\" \/>\n<meta property=\"og:url\" content=\"https:\/\/9staedte.de\/fr\/hildesheim-ville-classee-au-patrimoine-mondial-de-lunesco\/logements-a-hildesheim\/\" \/>\n<meta property=\"og:site_name\" content=\"9 St\u00e4dte in Niedersachsen\" \/>\n<meta property=\"article:modified_time\" content=\"2023-11-02T17:13:12+00:00\" \/>\n<meta property=\"og:image\" content=\"https:\/\/9staedte.de\/wp-content\/uploads\/2023\/02\/Markplatz2_Fotograph-Obornik\u00a9Hildesheim-Marketing.jpg\" \/>\n\t<meta property=\"og:image:width\" content=\"1021\" \/>\n\t<meta property=\"og:image:height\" content=\"558\" \/>\n\t<meta property=\"og:image:type\" content=\"image\/jpeg\" \/>\n<meta name=\"twitter:card\" content=\"summary_large_image\" \/>\n<meta name=\"twitter:label1\" content=\"Dur\u00e9e de lecture estim\u00e9e\" \/>\n\t<meta name=\"twitter:data1\" content=\"1 minute\" \/>\n<script type=\"application\/ld+json\" class=\"yoast-schema-graph\">{\"@context\":\"https:\/\/schema.org\",\"@graph\":[{\"@type\":\"WebPage\",\"@id\":\"https:\/\/9staedte.de\/fr\/hildesheim-ville-classee-au-patrimoine-mondial-de-lunesco\/logements-a-hildesheim\/\",\"url\":\"https:\/\/9staedte.de\/fr\/hildesheim-ville-classee-au-patrimoine-mondial-de-lunesco\/logements-a-hildesheim\/\",\"name\":\"Logements \u00e0 Hildesheim - 9 St\u00e4dte in Niedersachsen\",\"isPartOf\":{\"@id\":\"https:\/\/9staedte.de\/fr\/#website\"},\"primaryImageOfPage\":{\"@id\":\"https:\/\/9staedte.de\/fr\/hildesheim-ville-classee-au-patrimoine-mondial-de-lunesco\/logements-a-hildesheim\/#primaryimage\"},\"image\":{\"@id\":\"https:\/\/9staedte.de\/fr\/hildesheim-ville-classee-au-patrimoine-mondial-de-lunesco\/logements-a-hildesheim\/#primaryimage\"},\"thumbnailUrl\":\"https:\/\/9staedte.de\/wp-content\/uploads\/2023\/02\/Markplatz2_Fotograph-Obornik\u00a9Hildesheim-Marketing.jpg\",\"datePublished\":\"2023-11-02T08:46:59+00:00\",\"dateModified\":\"2023-11-02T17:13:12+00:00\",\"breadcrumb\":{\"@id\":\"https:\/\/9staedte.de\/fr\/hildesheim-ville-classee-au-patrimoine-mondial-de-lunesco\/logements-a-hildesheim\/#breadcrumb\"},\"inLanguage\":\"fr-FR\",\"potentialAction\":[{\"@type\":\"ReadAction\",\"target\":[\"https:\/\/9staedte.de\/fr\/hildesheim-ville-classee-au-patrimoine-mondial-de-lunesco\/logements-a-hildesheim\/\"]}]},{\"@type\":\"ImageObject\",\"inLanguage\":\"fr-FR\",\"@id\":\"https:\/\/9staedte.de\/fr\/hildesheim-ville-classee-au-patrimoine-mondial-de-lunesco\/logements-a-hildesheim\/#primaryimage\",\"url\":\"https:\/\/9staedte.de\/wp-content\/uploads\/2023\/02\/Markplatz2_Fotograph-Obornik\u00a9Hildesheim-Marketing.jpg\",\"contentUrl\":\"https:\/\/9staedte.de\/wp-content\/uploads\/2023\/02\/Markplatz2_Fotograph-Obornik\u00a9Hildesheim-Marketing.jpg\",\"width\":1021,\"height\":558,\"caption\":\"Markplatz Hildesheim Fotograph-Obornik\u00a9Hildesheim-Marketing\"},{\"@type\":\"BreadcrumbList\",\"@id\":\"https:\/\/9staedte.de\/fr\/hildesheim-ville-classee-au-patrimoine-mondial-de-lunesco\/logements-a-hildesheim\/#breadcrumb\",\"itemListElement\":[{\"@type\":\"ListItem\",\"position\":1,\"name\":\"Startseite\",\"item\":\"https:\/\/9staedte.de\/fr\/\"},{\"@type\":\"ListItem\",\"position\":2,\"name\":\"Hildesheim &#8211; ville class\u00e9e au patrimoine mondial de l&#8217;UNESCO\",\"item\":\"https:\/\/9staedte.de\/fr\/hildesheim-ville-classee-au-patrimoine-mondial-de-lunesco\/\"},{\"@type\":\"ListItem\",\"position\":3,\"name\":\"Logements \u00e0 Hildesheim\"}]},{\"@type\":\"WebSite\",\"@id\":\"https:\/\/9staedte.de\/fr\/#website\",\"url\":\"https:\/\/9staedte.de\/fr\/\",\"name\":\"9 St\u00e4dte in Niedersachsen\",\"description\":\"\",\"publisher\":{\"@id\":\"https:\/\/9staedte.de\/fr\/#organization\"},\"potentialAction\":[{\"@type\":\"SearchAction\",\"target\":{\"@type\":\"EntryPoint\",\"urlTemplate\":\"https:\/\/9staedte.de\/fr\/?s={search_term_string}\"},\"query-input\":{\"@type\":\"PropertyValueSpecification\",\"valueRequired\":true,\"valueName\":\"search_term_string\"}}],\"inLanguage\":\"fr-FR\"},{\"@type\":\"Organization\",\"@id\":\"https:\/\/9staedte.de\/fr\/#organization\",\"name\":\"9 St\u00e4dte in Niedersachsen\",\"url\":\"https:\/\/9staedte.de\/fr\/\",\"logo\":{\"@type\":\"ImageObject\",\"inLanguage\":\"fr-FR\",\"@id\":\"https:\/\/9staedte.de\/fr\/#\/schema\/logo\/image\/\",\"url\":\"https:\/\/9staedte.de\/wp-content\/uploads\/2025\/01\/9-neg-deutsch-2-1.png\",\"contentUrl\":\"https:\/\/9staedte.de\/wp-content\/uploads\/2025\/01\/9-neg-deutsch-2-1.png\",\"width\":190,\"height\":114,\"caption\":\"9 St\u00e4dte in Niedersachsen\"},\"image\":{\"@id\":\"https:\/\/9staedte.de\/fr\/#\/schema\/logo\/image\/\"}}]}<\/script>\n<!-- \/ Yoast SEO plugin. -->","yoast_head_json":{"title":"Logements \u00e0 Hildesheim - 9 St\u00e4dte in Niedersachsen","robots":{"index":"index","follow":"follow","max-snippet":"max-snippet:-1","max-image-preview":"max-image-preview:large","max-video-preview":"max-video-preview:-1"},"canonical":"https:\/\/9staedte.de\/fr\/hildesheim-ville-classee-au-patrimoine-mondial-de-lunesco\/logements-a-hildesheim\/","og_locale":"fr_FR","og_type":"article","og_title":"Logements \u00e0 Hildesheim - 9 St\u00e4dte in Niedersachsen","og_description":"R\u00e9servation de chambres \u00e0 Hildesheim Faites votre choix parmi les nombreuses offres propos\u00e9es ici :","og_url":"https:\/\/9staedte.de\/fr\/hildesheim-ville-classee-au-patrimoine-mondial-de-lunesco\/logements-a-hildesheim\/","og_site_name":"9 St\u00e4dte in Niedersachsen","article_modified_time":"2023-11-02T17:13:12+00:00","og_image":[{"width":1021,"height":558,"url":"https:\/\/9staedte.de\/wp-content\/uploads\/2023\/02\/Markplatz2_Fotograph-Obornik\u00a9Hildesheim-Marketing.jpg","type":"image\/jpeg"}],"twitter_card":"summary_large_image","twitter_misc":{"Dur\u00e9e de lecture estim\u00e9e":"1 minute"},"schema":{"@context":"https:\/\/schema.org","@graph":[{"@type":"WebPage","@id":"https:\/\/9staedte.de\/fr\/hildesheim-ville-classee-au-patrimoine-mondial-de-lunesco\/logements-a-hildesheim\/","url":"https:\/\/9staedte.de\/fr\/hildesheim-ville-classee-au-patrimoine-mondial-de-lunesco\/logements-a-hildesheim\/","name":"Logements \u00e0 Hildesheim - 9 St\u00e4dte in Niedersachsen","isPartOf":{"@id":"https:\/\/9staedte.de\/fr\/#website"},"primaryImageOfPage":{"@id":"https:\/\/9staedte.de\/fr\/hildesheim-ville-classee-au-patrimoine-mondial-de-lunesco\/logements-a-hildesheim\/#primaryimage"},"image":{"@id":"https:\/\/9staedte.de\/fr\/hildesheim-ville-classee-au-patrimoine-mondial-de-lunesco\/logements-a-hildesheim\/#primaryimage"},"thumbnailUrl":"https:\/\/9staedte.de\/wp-content\/uploads\/2023\/02\/Markplatz2_Fotograph-Obornik\u00a9Hildesheim-Marketing.jpg","datePublished":"2023-11-02T08:46:59+00:00","dateModified":"2023-11-02T17:13:12+00:00","breadcrumb":{"@id":"https:\/\/9staedte.de\/fr\/hildesheim-ville-classee-au-patrimoine-mondial-de-lunesco\/logements-a-hildesheim\/#breadcrumb"},"inLanguage":"fr-FR","potentialAction":[{"@type":"ReadAction","target":["https:\/\/9staedte.de\/fr\/hildesheim-ville-classee-au-patrimoine-mondial-de-lunesco\/logements-a-hildesheim\/"]}]},{"@type":"ImageObject","inLanguage":"fr-FR","@id":"https:\/\/9staedte.de\/fr\/hildesheim-ville-classee-au-patrimoine-mondial-de-lunesco\/logements-a-hildesheim\/#primaryimage","url":"https:\/\/9staedte.de\/wp-content\/uploads\/2023\/02\/Markplatz2_Fotograph-Obornik\u00a9Hildesheim-Marketing.jpg","contentUrl":"https:\/\/9staedte.de\/wp-content\/uploads\/2023\/02\/Markplatz2_Fotograph-Obornik\u00a9Hildesheim-Marketing.jpg","width":1021,"height":558,"caption":"Markplatz Hildesheim Fotograph-Obornik\u00a9Hildesheim-Marketing"},{"@type":"BreadcrumbList","@id":"https:\/\/9staedte.de\/fr\/hildesheim-ville-classee-au-patrimoine-mondial-de-lunesco\/logements-a-hildesheim\/#breadcrumb","itemListElement":[{"@type":"ListItem","position":1,"name":"Startseite","item":"https:\/\/9staedte.de\/fr\/"},{"@type":"ListItem","position":2,"name":"Hildesheim &#8211; ville class\u00e9e au patrimoine mondial de l&#8217;UNESCO","item":"https:\/\/9staedte.de\/fr\/hildesheim-ville-classee-au-patrimoine-mondial-de-lunesco\/"},{"@type":"ListItem","position":3,"name":"Logements \u00e0 Hildesheim"}]},{"@type":"WebSite","@id":"https:\/\/9staedte.de\/fr\/#website","url":"https:\/\/9staedte.de\/fr\/","name":"9 St\u00e4dte in Niedersachsen","description":"","publisher":{"@id":"https:\/\/9staedte.de\/fr\/#organization"},"potentialAction":[{"@type":"SearchAction","target":{"@type":"EntryPoint","urlTemplate":"https:\/\/9staedte.de\/fr\/?s={search_term_string}"},"query-input":{"@type":"PropertyValueSpecification","valueRequired":true,"valueName":"search_term_string"}}],"inLanguage":"fr-FR"},{"@type":"Organization","@id":"https:\/\/9staedte.de\/fr\/#organization","name":"9 St\u00e4dte in Niedersachsen","url":"https:\/\/9staedte.de\/fr\/","logo":{"@type":"ImageObject","inLanguage":"fr-FR","@id":"https:\/\/9staedte.de\/fr\/#\/schema\/logo\/image\/","url":"https:\/\/9staedte.de\/wp-content\/uploads\/2025\/01\/9-neg-deutsch-2-1.png","contentUrl":"https:\/\/9staedte.de\/wp-content\/uploads\/2025\/01\/9-neg-deutsch-2-1.png","width":190,"height":114,"caption":"9 St\u00e4dte in Niedersachsen"},"image":{"@id":"https:\/\/9staedte.de\/fr\/#\/schema\/logo\/image\/"}}]}},"_links":{"self":[{"href":"https:\/\/9staedte.de\/fr\/wp-json\/wp\/v2\/pages\/17000","targetHints":{"allow":["GET"]}}],"collection":[{"href":"https:\/\/9staedte.de\/fr\/wp-json\/wp\/v2\/pages"}],"about":[{"href":"https:\/\/9staedte.de\/fr\/wp-json\/wp\/v2\/types\/page"}],"author":[{"embeddable":true,"href":"https:\/\/9staedte.de\/fr\/wp-json\/wp\/v2\/users\/1"}],"replies":[{"embeddable":true,"href":"https:\/\/9staedte.de\/fr\/wp-json\/wp\/v2\/comments?post=17000"}],"version-history":[{"count":1,"href":"https:\/\/9staedte.de\/fr\/wp-json\/wp\/v2\/pages\/17000\/revisions"}],"predecessor-version":[{"id":19946,"href":"https:\/\/9staedte.de\/fr\/wp-json\/wp\/v2\/pages\/17000\/revisions\/19946"}],"up":[{"embeddable":true,"href":"https:\/\/9staedte.de\/fr\/wp-json\/wp\/v2\/pages\/17998"}],"wp:featuredmedia":[{"embeddable":true,"href":"https:\/\/9staedte.de\/fr\/wp-json\/wp\/v2\/media\/17009"}],"wp:attachment":[{"href":"https:\/\/9staedte.de\/fr\/wp-json\/wp\/v2\/media?parent=17000"}],"wp:term":[{"taxonomy":"category","embeddable":true,"href":"https:\/\/9staedte.de\/fr\/wp-json\/wp\/v2\/categories?post=17000"},{"taxonomy":"post_tag","embeddable":true,"href":"https:\/\/9staedte.de\/fr\/wp-json\/wp\/v2\/tags?post=17000"},{"taxonomy":"ncap_cities_tax","embeddable":true,"href":"https:\/\/9staedte.de\/fr\/wp-json\/wp\/v2\/ncap_cities_tax?post=17000"}],"curies":[{"name":"wp","href":"https:\/\/api.w.org\/{rel}","templated":true}]}}