{"id":16993,"date":"2023-11-02T09:46:31","date_gmt":"2023-11-02T08:46:31","guid":{"rendered":"https:\/\/9staedte.de\/informations-sur-les-guides-et-les-excursions-a-wolfenbuettel\/"},"modified":"2023-11-02T18:22:36","modified_gmt":"2023-11-02T17:22:36","slug":"informations-sur-les-guides-et-les-excursions-a-wolfenbuettel","status":"publish","type":"page","link":"https:\/\/9staedte.de\/fr\/wolfenbuttel-la-ville-de-lessing\/informations-sur-les-guides-et-les-excursions-a-wolfenbuettel\/","title":{"rendered":"Informations sur les guides et les excursions \u00e0 Wolfenb\u00fcttel"},"content":{"rendered":"\n<h2 class=\"wp-block-heading\">Un guide comp\u00e9tent pour votre programme<\/h2>\n\n\n\n<p>Nous vous mettons volontiers en contact avec un guide comp\u00e9tent et divertissant qui accompagnera votre groupe pendant toute une journ\u00e9e \u00e0 Wolfenb\u00fcttel, organisera des visites guid\u00e9es et des visites int\u00e9rieures, conna\u00eetra les bons endroits pour une pause d\u00e9jeuner ou caf\u00e9 et fera de tous les participants de v\u00e9ritables connaisseurs de Wolfenb\u00fcttel.<\/p>\n\n\n\n<p>Pour les excursions, par exemple dans les contreforts du Harz septentrional, dans le Harz, dans la ville de l&rsquo;automobile Wolfsburg, nous vous fournissons \u00e9galement le guide appropri\u00e9 &#8211; et si vous le souhaitez, nous pouvons aussi vous fournir un bus si vous n&rsquo;en avez pas.<\/p>\n\n\n\n<p><br><strong>Prix sur demande<\/strong><\/p>\n\n\n\n<p><\/p>\n\n\n\n<p>Wolfenb\u00fcttel, ville de la Lessing<br>Information touristique<br>1, rue du Lion<br>38300 Wolfenb\u00fcttel<br>T\u00e9l. : +49 (0) 5331\/86280<br>Fax. +49 (0) 5331\/867708<br>Courrier \u00e9lectronique : <a href=\"mailto:touristinfo@wolfenbuettel.de\">touristinfo@wolfenbuettel.de<br><\/a>Internet : <a href=\"http:\/\/www.lessingstadt-wolfenbuettel.de\/\">www.lessingstadt-wolfenbuettel.de<\/a><\/p>\n","protected":false},"excerpt":{"rendered":"<p>Un guide comp\u00e9tent pour votre programme Nous vous mettons volontiers en contact avec un guide comp\u00e9tent et divertissant qui accompagnera votre groupe pendant toute une journ\u00e9e \u00e0 Wolfenb\u00fcttel, organisera des visites guid\u00e9es et des visites int\u00e9rieures, conna\u00eetra les bons endroits pour une pause d\u00e9jeuner ou caf\u00e9 et fera de tous les participants de v\u00e9ritables connaisseurs [&hellip;]<\/p>\n","protected":false},"author":1,"featured_media":15904,"parent":17963,"menu_order":0,"comment_status":"closed","ping_status":"closed","template":"pagetemplates\/template-stadtthema.php","meta":{"_acf_changed":false,"footnotes":""},"categories":[],"tags":[],"ncap_cities_tax":[1313,471],"class_list":["post-16993","page","type-page","status-publish","has-post-thumbnail","hentry","ncap_cities_tax-reiseleitung-und-ausflugen-wolfenbuettel-fr","ncap_cities_tax-wolfenbuettel-fr"],"acf":[],"yoast_head":"<!-- This site is optimized with the Yoast SEO plugin v26.8 - https:\/\/yoast.com\/product\/yoast-seo-wordpress\/ -->\n<title>Informations sur les guides et les excursions \u00e0 Wolfenb\u00fcttel - 9 St\u00e4dte in Niedersachsen<\/title>\n<meta name=\"robots\" content=\"index, follow, max-snippet:-1, max-image-preview:large, max-video-preview:-1\" \/>\n<link rel=\"canonical\" href=\"https:\/\/9staedte.de\/fr\/wolfenbuttel-la-ville-de-lessing\/informations-sur-les-guides-et-les-excursions-a-wolfenbuettel\/\" \/>\n<meta property=\"og:locale\" content=\"fr_FR\" \/>\n<meta property=\"og:type\" content=\"article\" \/>\n<meta property=\"og:title\" content=\"Informations sur les guides et les excursions \u00e0 Wolfenb\u00fcttel - 9 St\u00e4dte in Niedersachsen\" \/>\n<meta property=\"og:description\" content=\"Un guide comp\u00e9tent pour votre programme Nous vous mettons volontiers en contact avec un guide comp\u00e9tent et divertissant qui accompagnera votre groupe pendant toute une journ\u00e9e \u00e0 Wolfenb\u00fcttel, organisera des visites guid\u00e9es et des visites int\u00e9rieures, conna\u00eetra les bons endroits pour une pause d\u00e9jeuner ou caf\u00e9 et fera de tous les participants de v\u00e9ritables connaisseurs [&hellip;]\" \/>\n<meta property=\"og:url\" content=\"https:\/\/9staedte.de\/fr\/wolfenbuttel-la-ville-de-lessing\/informations-sur-les-guides-et-les-excursions-a-wolfenbuettel\/\" \/>\n<meta property=\"og:site_name\" content=\"9 St\u00e4dte in Niedersachsen\" \/>\n<meta property=\"article:modified_time\" content=\"2023-11-02T17:22:36+00:00\" \/>\n<meta property=\"og:image\" content=\"https:\/\/9staedte.de\/wp-content\/uploads\/2022\/06\/Themenfuehrung-in-Wolfenbuettel-c-Lessingstadt-Wolfenbuettel.jpg\" \/>\n\t<meta property=\"og:image:width\" content=\"1019\" \/>\n\t<meta property=\"og:image:height\" content=\"560\" \/>\n\t<meta property=\"og:image:type\" content=\"image\/jpeg\" \/>\n<meta name=\"twitter:card\" content=\"summary_large_image\" \/>\n<meta name=\"twitter:label1\" content=\"Dur\u00e9e de lecture estim\u00e9e\" \/>\n\t<meta name=\"twitter:data1\" content=\"1 minute\" \/>\n<script type=\"application\/ld+json\" class=\"yoast-schema-graph\">{\"@context\":\"https:\/\/schema.org\",\"@graph\":[{\"@type\":\"WebPage\",\"@id\":\"https:\/\/9staedte.de\/fr\/wolfenbuttel-la-ville-de-lessing\/informations-sur-les-guides-et-les-excursions-a-wolfenbuettel\/\",\"url\":\"https:\/\/9staedte.de\/fr\/wolfenbuttel-la-ville-de-lessing\/informations-sur-les-guides-et-les-excursions-a-wolfenbuettel\/\",\"name\":\"Informations sur les guides et les excursions \u00e0 Wolfenb\u00fcttel - 9 St\u00e4dte in Niedersachsen\",\"isPartOf\":{\"@id\":\"https:\/\/9staedte.de\/fr\/#website\"},\"primaryImageOfPage\":{\"@id\":\"https:\/\/9staedte.de\/fr\/wolfenbuttel-la-ville-de-lessing\/informations-sur-les-guides-et-les-excursions-a-wolfenbuettel\/#primaryimage\"},\"image\":{\"@id\":\"https:\/\/9staedte.de\/fr\/wolfenbuttel-la-ville-de-lessing\/informations-sur-les-guides-et-les-excursions-a-wolfenbuettel\/#primaryimage\"},\"thumbnailUrl\":\"https:\/\/9staedte.de\/wp-content\/uploads\/2022\/06\/Themenfuehrung-in-Wolfenbuettel-c-Lessingstadt-Wolfenbuettel.jpg\",\"datePublished\":\"2023-11-02T08:46:31+00:00\",\"dateModified\":\"2023-11-02T17:22:36+00:00\",\"breadcrumb\":{\"@id\":\"https:\/\/9staedte.de\/fr\/wolfenbuttel-la-ville-de-lessing\/informations-sur-les-guides-et-les-excursions-a-wolfenbuettel\/#breadcrumb\"},\"inLanguage\":\"fr-FR\",\"potentialAction\":[{\"@type\":\"ReadAction\",\"target\":[\"https:\/\/9staedte.de\/fr\/wolfenbuttel-la-ville-de-lessing\/informations-sur-les-guides-et-les-excursions-a-wolfenbuettel\/\"]}]},{\"@type\":\"ImageObject\",\"inLanguage\":\"fr-FR\",\"@id\":\"https:\/\/9staedte.de\/fr\/wolfenbuttel-la-ville-de-lessing\/informations-sur-les-guides-et-les-excursions-a-wolfenbuettel\/#primaryimage\",\"url\":\"https:\/\/9staedte.de\/wp-content\/uploads\/2022\/06\/Themenfuehrung-in-Wolfenbuettel-c-Lessingstadt-Wolfenbuettel.jpg\",\"contentUrl\":\"https:\/\/9staedte.de\/wp-content\/uploads\/2022\/06\/Themenfuehrung-in-Wolfenbuettel-c-Lessingstadt-Wolfenbuettel.jpg\",\"width\":1019,\"height\":560,\"caption\":\"Themenf\u00fchrung in Wolfenb\u00fcttel c) Lessingstadt Wolfenb\u00fcttel c) Stadt Wolfenb\u00fcttel Christian Bierwagen\"},{\"@type\":\"BreadcrumbList\",\"@id\":\"https:\/\/9staedte.de\/fr\/wolfenbuttel-la-ville-de-lessing\/informations-sur-les-guides-et-les-excursions-a-wolfenbuettel\/#breadcrumb\",\"itemListElement\":[{\"@type\":\"ListItem\",\"position\":1,\"name\":\"Startseite\",\"item\":\"https:\/\/9staedte.de\/fr\/\"},{\"@type\":\"ListItem\",\"position\":2,\"name\":\"Wolfenb\u00fcttel &#8211; La ville de Lessing\",\"item\":\"https:\/\/9staedte.de\/fr\/wolfenbuttel-la-ville-de-lessing\/\"},{\"@type\":\"ListItem\",\"position\":3,\"name\":\"Informations sur les guides et les excursions \u00e0 Wolfenb\u00fcttel\"}]},{\"@type\":\"WebSite\",\"@id\":\"https:\/\/9staedte.de\/fr\/#website\",\"url\":\"https:\/\/9staedte.de\/fr\/\",\"name\":\"9 St\u00e4dte in Niedersachsen\",\"description\":\"\",\"publisher\":{\"@id\":\"https:\/\/9staedte.de\/fr\/#organization\"},\"potentialAction\":[{\"@type\":\"SearchAction\",\"target\":{\"@type\":\"EntryPoint\",\"urlTemplate\":\"https:\/\/9staedte.de\/fr\/?s={search_term_string}\"},\"query-input\":{\"@type\":\"PropertyValueSpecification\",\"valueRequired\":true,\"valueName\":\"search_term_string\"}}],\"inLanguage\":\"fr-FR\"},{\"@type\":\"Organization\",\"@id\":\"https:\/\/9staedte.de\/fr\/#organization\",\"name\":\"9 St\u00e4dte in Niedersachsen\",\"url\":\"https:\/\/9staedte.de\/fr\/\",\"logo\":{\"@type\":\"ImageObject\",\"inLanguage\":\"fr-FR\",\"@id\":\"https:\/\/9staedte.de\/fr\/#\/schema\/logo\/image\/\",\"url\":\"https:\/\/9staedte.de\/wp-content\/uploads\/2025\/01\/9-neg-deutsch-2-1.png\",\"contentUrl\":\"https:\/\/9staedte.de\/wp-content\/uploads\/2025\/01\/9-neg-deutsch-2-1.png\",\"width\":190,\"height\":114,\"caption\":\"9 St\u00e4dte in Niedersachsen\"},\"image\":{\"@id\":\"https:\/\/9staedte.de\/fr\/#\/schema\/logo\/image\/\"}}]}<\/script>\n<!-- \/ Yoast SEO plugin. -->","yoast_head_json":{"title":"Informations sur les guides et les excursions \u00e0 Wolfenb\u00fcttel - 9 St\u00e4dte in Niedersachsen","robots":{"index":"index","follow":"follow","max-snippet":"max-snippet:-1","max-image-preview":"max-image-preview:large","max-video-preview":"max-video-preview:-1"},"canonical":"https:\/\/9staedte.de\/fr\/wolfenbuttel-la-ville-de-lessing\/informations-sur-les-guides-et-les-excursions-a-wolfenbuettel\/","og_locale":"fr_FR","og_type":"article","og_title":"Informations sur les guides et les excursions \u00e0 Wolfenb\u00fcttel - 9 St\u00e4dte in Niedersachsen","og_description":"Un guide comp\u00e9tent pour votre programme Nous vous mettons volontiers en contact avec un guide comp\u00e9tent et divertissant qui accompagnera votre groupe pendant toute une journ\u00e9e \u00e0 Wolfenb\u00fcttel, organisera des visites guid\u00e9es et des visites int\u00e9rieures, conna\u00eetra les bons endroits pour une pause d\u00e9jeuner ou caf\u00e9 et fera de tous les participants de v\u00e9ritables connaisseurs [&hellip;]","og_url":"https:\/\/9staedte.de\/fr\/wolfenbuttel-la-ville-de-lessing\/informations-sur-les-guides-et-les-excursions-a-wolfenbuettel\/","og_site_name":"9 St\u00e4dte in Niedersachsen","article_modified_time":"2023-11-02T17:22:36+00:00","og_image":[{"width":1019,"height":560,"url":"https:\/\/9staedte.de\/wp-content\/uploads\/2022\/06\/Themenfuehrung-in-Wolfenbuettel-c-Lessingstadt-Wolfenbuettel.jpg","type":"image\/jpeg"}],"twitter_card":"summary_large_image","twitter_misc":{"Dur\u00e9e de lecture estim\u00e9e":"1 minute"},"schema":{"@context":"https:\/\/schema.org","@graph":[{"@type":"WebPage","@id":"https:\/\/9staedte.de\/fr\/wolfenbuttel-la-ville-de-lessing\/informations-sur-les-guides-et-les-excursions-a-wolfenbuettel\/","url":"https:\/\/9staedte.de\/fr\/wolfenbuttel-la-ville-de-lessing\/informations-sur-les-guides-et-les-excursions-a-wolfenbuettel\/","name":"Informations sur les guides et les excursions \u00e0 Wolfenb\u00fcttel - 9 St\u00e4dte in Niedersachsen","isPartOf":{"@id":"https:\/\/9staedte.de\/fr\/#website"},"primaryImageOfPage":{"@id":"https:\/\/9staedte.de\/fr\/wolfenbuttel-la-ville-de-lessing\/informations-sur-les-guides-et-les-excursions-a-wolfenbuettel\/#primaryimage"},"image":{"@id":"https:\/\/9staedte.de\/fr\/wolfenbuttel-la-ville-de-lessing\/informations-sur-les-guides-et-les-excursions-a-wolfenbuettel\/#primaryimage"},"thumbnailUrl":"https:\/\/9staedte.de\/wp-content\/uploads\/2022\/06\/Themenfuehrung-in-Wolfenbuettel-c-Lessingstadt-Wolfenbuettel.jpg","datePublished":"2023-11-02T08:46:31+00:00","dateModified":"2023-11-02T17:22:36+00:00","breadcrumb":{"@id":"https:\/\/9staedte.de\/fr\/wolfenbuttel-la-ville-de-lessing\/informations-sur-les-guides-et-les-excursions-a-wolfenbuettel\/#breadcrumb"},"inLanguage":"fr-FR","potentialAction":[{"@type":"ReadAction","target":["https:\/\/9staedte.de\/fr\/wolfenbuttel-la-ville-de-lessing\/informations-sur-les-guides-et-les-excursions-a-wolfenbuettel\/"]}]},{"@type":"ImageObject","inLanguage":"fr-FR","@id":"https:\/\/9staedte.de\/fr\/wolfenbuttel-la-ville-de-lessing\/informations-sur-les-guides-et-les-excursions-a-wolfenbuettel\/#primaryimage","url":"https:\/\/9staedte.de\/wp-content\/uploads\/2022\/06\/Themenfuehrung-in-Wolfenbuettel-c-Lessingstadt-Wolfenbuettel.jpg","contentUrl":"https:\/\/9staedte.de\/wp-content\/uploads\/2022\/06\/Themenfuehrung-in-Wolfenbuettel-c-Lessingstadt-Wolfenbuettel.jpg","width":1019,"height":560,"caption":"Themenf\u00fchrung in Wolfenb\u00fcttel c) Lessingstadt Wolfenb\u00fcttel c) Stadt Wolfenb\u00fcttel Christian Bierwagen"},{"@type":"BreadcrumbList","@id":"https:\/\/9staedte.de\/fr\/wolfenbuttel-la-ville-de-lessing\/informations-sur-les-guides-et-les-excursions-a-wolfenbuettel\/#breadcrumb","itemListElement":[{"@type":"ListItem","position":1,"name":"Startseite","item":"https:\/\/9staedte.de\/fr\/"},{"@type":"ListItem","position":2,"name":"Wolfenb\u00fcttel &#8211; La ville de Lessing","item":"https:\/\/9staedte.de\/fr\/wolfenbuttel-la-ville-de-lessing\/"},{"@type":"ListItem","position":3,"name":"Informations sur les guides et les excursions \u00e0 Wolfenb\u00fcttel"}]},{"@type":"WebSite","@id":"https:\/\/9staedte.de\/fr\/#website","url":"https:\/\/9staedte.de\/fr\/","name":"9 St\u00e4dte in Niedersachsen","description":"","publisher":{"@id":"https:\/\/9staedte.de\/fr\/#organization"},"potentialAction":[{"@type":"SearchAction","target":{"@type":"EntryPoint","urlTemplate":"https:\/\/9staedte.de\/fr\/?s={search_term_string}"},"query-input":{"@type":"PropertyValueSpecification","valueRequired":true,"valueName":"search_term_string"}}],"inLanguage":"fr-FR"},{"@type":"Organization","@id":"https:\/\/9staedte.de\/fr\/#organization","name":"9 St\u00e4dte in Niedersachsen","url":"https:\/\/9staedte.de\/fr\/","logo":{"@type":"ImageObject","inLanguage":"fr-FR","@id":"https:\/\/9staedte.de\/fr\/#\/schema\/logo\/image\/","url":"https:\/\/9staedte.de\/wp-content\/uploads\/2025\/01\/9-neg-deutsch-2-1.png","contentUrl":"https:\/\/9staedte.de\/wp-content\/uploads\/2025\/01\/9-neg-deutsch-2-1.png","width":190,"height":114,"caption":"9 St\u00e4dte in Niedersachsen"},"image":{"@id":"https:\/\/9staedte.de\/fr\/#\/schema\/logo\/image\/"}}]}},"_links":{"self":[{"href":"https:\/\/9staedte.de\/fr\/wp-json\/wp\/v2\/pages\/16993","targetHints":{"allow":["GET"]}}],"collection":[{"href":"https:\/\/9staedte.de\/fr\/wp-json\/wp\/v2\/pages"}],"about":[{"href":"https:\/\/9staedte.de\/fr\/wp-json\/wp\/v2\/types\/page"}],"author":[{"embeddable":true,"href":"https:\/\/9staedte.de\/fr\/wp-json\/wp\/v2\/users\/1"}],"replies":[{"embeddable":true,"href":"https:\/\/9staedte.de\/fr\/wp-json\/wp\/v2\/comments?post=16993"}],"version-history":[{"count":1,"href":"https:\/\/9staedte.de\/fr\/wp-json\/wp\/v2\/pages\/16993\/revisions"}],"predecessor-version":[{"id":20006,"href":"https:\/\/9staedte.de\/fr\/wp-json\/wp\/v2\/pages\/16993\/revisions\/20006"}],"up":[{"embeddable":true,"href":"https:\/\/9staedte.de\/fr\/wp-json\/wp\/v2\/pages\/17963"}],"wp:featuredmedia":[{"embeddable":true,"href":"https:\/\/9staedte.de\/fr\/wp-json\/wp\/v2\/media\/15904"}],"wp:attachment":[{"href":"https:\/\/9staedte.de\/fr\/wp-json\/wp\/v2\/media?parent=16993"}],"wp:term":[{"taxonomy":"category","embeddable":true,"href":"https:\/\/9staedte.de\/fr\/wp-json\/wp\/v2\/categories?post=16993"},{"taxonomy":"post_tag","embeddable":true,"href":"https:\/\/9staedte.de\/fr\/wp-json\/wp\/v2\/tags?post=16993"},{"taxonomy":"ncap_cities_tax","embeddable":true,"href":"https:\/\/9staedte.de\/fr\/wp-json\/wp\/v2\/ncap_cities_tax?post=16993"}],"curies":[{"name":"wp","href":"https:\/\/api.w.org\/{rel}","templated":true}]}}