{"id":16987,"date":"2023-11-02T09:46:29","date_gmt":"2023-11-02T08:46:29","guid":{"rendered":"https:\/\/9staedte.de\/visites-guidees-a-wolfenbuettel\/"},"modified":"2023-11-02T18:19:12","modified_gmt":"2023-11-02T17:19:12","slug":"visites-guidees-a-wolfenbuettel","status":"publish","type":"page","link":"https:\/\/9staedte.de\/fr\/wolfenbuttel-la-ville-de-lessing\/visites-guidees-a-wolfenbuettel\/","title":{"rendered":"Visites guid\u00e9es \u00e0 Wolfenb\u00fcttel"},"content":{"rendered":"\r\n\r\n    <div class=\"filter-posts\">\r\n            <div  id=\"filterContent\">\r\n                                                        \n<div class=\"contentKachel filtr-item\" data-category=\"wolfenbuettel-fr\">\n    <a href=\"https:\/\/9staedte.de\/fr\/circuit-de-wolfenbuttel-avec-plat-principal\/\">\n        <div class=\"contentKachel-inner\">\n                            <div class=\"contentKachel-thumbnail\">\n                    <img loading=\"lazy\" decoding=\"async\" width=\"300\" height=\"165\" src=\"https:\/\/9staedte.de\/wp-content\/smush-webp\/2023\/06\/Ausgehen-in-Wolfenbuettel-c-Stadt-Wolfenbuettel-Christian-Bierwagen-300x165.jpg.webp\" class=\"objectfitcover withfilters wp-post-image\" alt=\"Quatre personnes sont assises \u00e0 une table dans un restaurant. Elles rient et mangent ensemble. Sur la table, il y a de la pizza, de la salade, du vin et de l\u2019eau. Tout le monde a l\u2019air heureux. Derri\u00e8re, il y a des photos au mur. L\u2019ambiance est conviviale.\" srcset=\"https:\/\/9staedte.de\/wp-content\/smush-webp\/2023\/06\/Ausgehen-in-Wolfenbuettel-c-Stadt-Wolfenbuettel-Christian-Bierwagen-300x165.jpg.webp 300w, https:\/\/9staedte.de\/wp-content\/smush-webp\/2023\/06\/Ausgehen-in-Wolfenbuettel-c-Stadt-Wolfenbuettel-Christian-Bierwagen-768x422.jpg.webp 768w, https:\/\/9staedte.de\/wp-content\/smush-webp\/2023\/06\/Ausgehen-in-Wolfenbuettel-c-Stadt-Wolfenbuettel-Christian-Bierwagen.jpg.webp 1020w\" sizes=\"auto, (max-width: 300px) 100vw, 300px\" \/>                    <img loading=\"lazy\" decoding=\"async\" width=\"300\" height=\"165\" src=\"https:\/\/9staedte.de\/wp-content\/smush-webp\/2023\/06\/Ausgehen-in-Wolfenbuettel-c-Stadt-Wolfenbuettel-Christian-Bierwagen-300x165.jpg.webp\" class=\"objectfitcontain wp-post-image\" alt=\"Quatre personnes sont assises \u00e0 une table dans un restaurant. Elles rient et mangent ensemble. Sur la table, il y a de la pizza, de la salade, du vin et de l\u2019eau. Tout le monde a l\u2019air heureux. Derri\u00e8re, il y a des photos au mur. L\u2019ambiance est conviviale.\" srcset=\"https:\/\/9staedte.de\/wp-content\/smush-webp\/2023\/06\/Ausgehen-in-Wolfenbuettel-c-Stadt-Wolfenbuettel-Christian-Bierwagen-300x165.jpg.webp 300w, https:\/\/9staedte.de\/wp-content\/smush-webp\/2023\/06\/Ausgehen-in-Wolfenbuettel-c-Stadt-Wolfenbuettel-Christian-Bierwagen-768x422.jpg.webp 768w, https:\/\/9staedte.de\/wp-content\/smush-webp\/2023\/06\/Ausgehen-in-Wolfenbuettel-c-Stadt-Wolfenbuettel-Christian-Bierwagen.jpg.webp 1020w\" sizes=\"auto, (max-width: 300px) 100vw, 300px\" \/>                        <div class=\"thumbnail-label\">\n    <span>Ausgehen in Wolfenb\u00fcttel c) Stadt Wolfenb\u00fcttel Christian Bierwagen<\/span>\n    <\/div>\n                <\/div>\n                        <div class=\"contentKachel-content\">\n                                    <div class=\"city-tag bg-wolfenbuettel\">\n                        Wolfenb\u00fcttel                    <\/div>\n                \n                <div class=\"title\">\n\n                    Wolfenb\u00fcttel &#8211; Histoire et plaisir                    \n                <\/div>\n\n                            <\/div>\n\n        <\/div>\n    <\/a>\n<\/div>                                                        \n<div class=\"contentKachel filtr-item\" data-category=\"wolfenbuettel-fr\">\n    <a href=\"https:\/\/9staedte.de\/fr\/visite-guidee-de-la-vieille-ville-de-wolfenbuttel-pour-les-groupes\/\">\n        <div class=\"contentKachel-inner\">\n                            <div class=\"contentKachel-thumbnail\">\n                    <img loading=\"lazy\" decoding=\"async\" width=\"300\" height=\"200\" src=\"https:\/\/9staedte.de\/wp-content\/smush-webp\/2022\/06\/Altstadtrundgang-Wolfenbuettel-c-Stadt-Wolfenbuettel-Christian-Bierwagen1-300x200.jpg.webp\" class=\"objectfitcover withfilters wp-post-image\" alt=\"Beaucoup de personnes font une visite \u00e0 pied \u00e0 Wolfenb\u00fcttel. Un homme avec des lunettes et un badge raconte quelque chose. Il montre une maison du doigt. Les autres regardent en haut. La rue a de vieilles maisons \u00e0 colombages. Les gens sont int\u00e9ress\u00e9s.\" srcset=\"https:\/\/9staedte.de\/wp-content\/smush-webp\/2022\/06\/Altstadtrundgang-Wolfenbuettel-c-Stadt-Wolfenbuettel-Christian-Bierwagen1-300x200.jpg.webp 300w, https:\/\/9staedte.de\/wp-content\/smush-webp\/2022\/06\/Altstadtrundgang-Wolfenbuettel-c-Stadt-Wolfenbuettel-Christian-Bierwagen1.jpg.webp 580w\" sizes=\"auto, (max-width: 300px) 100vw, 300px\" \/>                    <img loading=\"lazy\" decoding=\"async\" width=\"300\" height=\"200\" src=\"https:\/\/9staedte.de\/wp-content\/smush-webp\/2022\/06\/Altstadtrundgang-Wolfenbuettel-c-Stadt-Wolfenbuettel-Christian-Bierwagen1-300x200.jpg.webp\" class=\"objectfitcontain wp-post-image\" alt=\"Beaucoup de personnes font une visite \u00e0 pied \u00e0 Wolfenb\u00fcttel. Un homme avec des lunettes et un badge raconte quelque chose. Il montre une maison du doigt. Les autres regardent en haut. La rue a de vieilles maisons \u00e0 colombages. Les gens sont int\u00e9ress\u00e9s.\" srcset=\"https:\/\/9staedte.de\/wp-content\/smush-webp\/2022\/06\/Altstadtrundgang-Wolfenbuettel-c-Stadt-Wolfenbuettel-Christian-Bierwagen1-300x200.jpg.webp 300w, https:\/\/9staedte.de\/wp-content\/smush-webp\/2022\/06\/Altstadtrundgang-Wolfenbuettel-c-Stadt-Wolfenbuettel-Christian-Bierwagen1.jpg.webp 580w\" sizes=\"auto, (max-width: 300px) 100vw, 300px\" \/>                        <div class=\"thumbnail-label\">\n    <span>Altstadtrundgang-Wolfenbuettel-c-Stadt-Wolfenbuettel-Christian-Bierwagen[1]<\/span>\n    <\/div>\n                <\/div>\n                        <div class=\"contentKachel-content\">\n                                    <div class=\"city-tag bg-wolfenbuettel\">\n                        Wolfenb\u00fcttel                    <\/div>\n                \n                <div class=\"title\">\n\n                    Visite guid\u00e9e de la vieille ville de Wolfenb\u00fcttel pour les groupes                    \n                <\/div>\n\n                            <\/div>\n\n        <\/div>\n    <\/a>\n<\/div>                                                        \n<div class=\"contentKachel filtr-item\" data-category=\"wolfenbuettel-fr\">\n    <a href=\"https:\/\/9staedte.de\/fr\/visites-guidees-de-la-ville-avec-un-petit-plus-visites-guidees-a-theme-wolfenbuttel\/\">\n        <div class=\"contentKachel-inner\">\n                            <div class=\"contentKachel-thumbnail\">\n                    <img loading=\"lazy\" decoding=\"async\" width=\"300\" height=\"165\" src=\"https:\/\/9staedte.de\/wp-content\/smush-webp\/2022\/06\/Themenfuehrung-in-Wolfenbuettel-c-Lessingstadt-Wolfenbuettel-300x165.jpg.webp\" class=\"objectfitcover withfilters wp-post-image\" alt=\"La photo montre une visite guid\u00e9e. Huit personnes sont devant un vieux b\u00e2timent. Elles regardent en haut et \u00e9coutent. Un homme porte un chapeau et tient un parapluie. Derri\u00e8re, on voit l\u2019affiche \u201cRetter der Antike\u201d. La visite est \u00e0 Wolfenb\u00fcttel.\" srcset=\"https:\/\/9staedte.de\/wp-content\/smush-webp\/2022\/06\/Themenfuehrung-in-Wolfenbuettel-c-Lessingstadt-Wolfenbuettel-300x165.jpg.webp 300w, https:\/\/9staedte.de\/wp-content\/smush-webp\/2022\/06\/Themenfuehrung-in-Wolfenbuettel-c-Lessingstadt-Wolfenbuettel-768x422.jpg.webp 768w, https:\/\/9staedte.de\/wp-content\/smush-webp\/2022\/06\/Themenfuehrung-in-Wolfenbuettel-c-Lessingstadt-Wolfenbuettel.jpg.webp 1019w\" sizes=\"auto, (max-width: 300px) 100vw, 300px\" \/>                    <img loading=\"lazy\" decoding=\"async\" width=\"300\" height=\"165\" src=\"https:\/\/9staedte.de\/wp-content\/smush-webp\/2022\/06\/Themenfuehrung-in-Wolfenbuettel-c-Lessingstadt-Wolfenbuettel-300x165.jpg.webp\" class=\"objectfitcontain wp-post-image\" alt=\"La photo montre une visite guid\u00e9e. Huit personnes sont devant un vieux b\u00e2timent. Elles regardent en haut et \u00e9coutent. Un homme porte un chapeau et tient un parapluie. Derri\u00e8re, on voit l\u2019affiche \u201cRetter der Antike\u201d. La visite est \u00e0 Wolfenb\u00fcttel.\" srcset=\"https:\/\/9staedte.de\/wp-content\/smush-webp\/2022\/06\/Themenfuehrung-in-Wolfenbuettel-c-Lessingstadt-Wolfenbuettel-300x165.jpg.webp 300w, https:\/\/9staedte.de\/wp-content\/smush-webp\/2022\/06\/Themenfuehrung-in-Wolfenbuettel-c-Lessingstadt-Wolfenbuettel-768x422.jpg.webp 768w, https:\/\/9staedte.de\/wp-content\/smush-webp\/2022\/06\/Themenfuehrung-in-Wolfenbuettel-c-Lessingstadt-Wolfenbuettel.jpg.webp 1019w\" sizes=\"auto, (max-width: 300px) 100vw, 300px\" \/>                        <div class=\"thumbnail-label\">\n    <span>Themenf\u00fchrung in Wolfenb\u00fcttel c) Lessingstadt Wolfenb\u00fcttel c) Stadt Wolfenb\u00fcttel Christian Bierwagen<\/span>\n    <\/div>\n                <\/div>\n                        <div class=\"contentKachel-content\">\n                                    <div class=\"city-tag bg-wolfenbuettel\">\n                        Wolfenb\u00fcttel                    <\/div>\n                \n                <div class=\"title\">\n\n                    Visites guid\u00e9es de la ville avec un petit plus : Visites guid\u00e9es \u00e0 th\u00e8me Wolfenb\u00fcttel                    \n                <\/div>\n\n                            <\/div>\n\n        <\/div>\n    <\/a>\n<\/div>                                            <\/div>\r\n    <\/div>\r\n","protected":false},"excerpt":{"rendered":"","protected":false},"author":1,"featured_media":16989,"parent":17963,"menu_order":0,"comment_status":"closed","ping_status":"closed","template":"pagetemplates\/template-stadtthema.php","meta":{"_acf_changed":false,"footnotes":""},"categories":[],"tags":[],"ncap_cities_tax":[1248,471],"class_list":["post-16987","page","type-page","status-publish","has-post-thumbnail","hentry","ncap_cities_tax-stadtfuhrungen-wolfenbuettel-fr-wolfenbuettel-fr","ncap_cities_tax-wolfenbuettel-fr"],"acf":[],"yoast_head":"<!-- This site is optimized with the Yoast SEO plugin v27.4 - https:\/\/yoast.com\/product\/yoast-seo-wordpress\/ -->\n<title>Visites guid\u00e9es \u00e0 Wolfenb\u00fcttel - 9 St\u00e4dte in Niedersachsen<\/title>\n<meta name=\"robots\" content=\"index, follow, max-snippet:-1, max-image-preview:large, max-video-preview:-1\" \/>\n<link rel=\"canonical\" href=\"https:\/\/9staedte.de\/fr\/wolfenbuttel-la-ville-de-lessing\/visites-guidees-a-wolfenbuettel\/\" \/>\n<meta property=\"og:locale\" content=\"fr_FR\" \/>\n<meta property=\"og:type\" content=\"article\" \/>\n<meta property=\"og:title\" content=\"Visites guid\u00e9es \u00e0 Wolfenb\u00fcttel - 9 St\u00e4dte in Niedersachsen\" \/>\n<meta property=\"og:url\" content=\"https:\/\/9staedte.de\/fr\/wolfenbuttel-la-ville-de-lessing\/visites-guidees-a-wolfenbuettel\/\" \/>\n<meta property=\"og:site_name\" content=\"9 St\u00e4dte in Niedersachsen\" \/>\n<meta property=\"article:modified_time\" content=\"2023-11-02T17:19:12+00:00\" \/>\n<meta property=\"og:image\" content=\"https:\/\/9staedte.de\/wp-content\/uploads\/2023\/02\/161008-wf-marketing-087.jpg\" \/>\n\t<meta property=\"og:image:width\" content=\"1020\" \/>\n\t<meta property=\"og:image:height\" content=\"575\" \/>\n\t<meta property=\"og:image:type\" content=\"image\/jpeg\" \/>\n<meta name=\"twitter:card\" content=\"summary_large_image\" \/>\n<script type=\"application\/ld+json\" class=\"yoast-schema-graph\">{\"@context\":\"https:\\\/\\\/schema.org\",\"@graph\":[{\"@type\":\"WebPage\",\"@id\":\"https:\\\/\\\/9staedte.de\\\/fr\\\/wolfenbuttel-la-ville-de-lessing\\\/visites-guidees-a-wolfenbuettel\\\/\",\"url\":\"https:\\\/\\\/9staedte.de\\\/fr\\\/wolfenbuttel-la-ville-de-lessing\\\/visites-guidees-a-wolfenbuettel\\\/\",\"name\":\"Visites guid\u00e9es \u00e0 Wolfenb\u00fcttel - 9 St\u00e4dte in Niedersachsen\",\"isPartOf\":{\"@id\":\"https:\\\/\\\/9staedte.de\\\/fr\\\/#website\"},\"primaryImageOfPage\":{\"@id\":\"https:\\\/\\\/9staedte.de\\\/fr\\\/wolfenbuttel-la-ville-de-lessing\\\/visites-guidees-a-wolfenbuettel\\\/#primaryimage\"},\"image\":{\"@id\":\"https:\\\/\\\/9staedte.de\\\/fr\\\/wolfenbuttel-la-ville-de-lessing\\\/visites-guidees-a-wolfenbuettel\\\/#primaryimage\"},\"thumbnailUrl\":\"https:\\\/\\\/9staedte.de\\\/wp-content\\\/uploads\\\/2023\\\/02\\\/161008-wf-marketing-087.jpg\",\"datePublished\":\"2023-11-02T08:46:29+00:00\",\"dateModified\":\"2023-11-02T17:19:12+00:00\",\"breadcrumb\":{\"@id\":\"https:\\\/\\\/9staedte.de\\\/fr\\\/wolfenbuttel-la-ville-de-lessing\\\/visites-guidees-a-wolfenbuettel\\\/#breadcrumb\"},\"inLanguage\":\"fr-FR\",\"potentialAction\":[{\"@type\":\"ReadAction\",\"target\":[\"https:\\\/\\\/9staedte.de\\\/fr\\\/wolfenbuttel-la-ville-de-lessing\\\/visites-guidees-a-wolfenbuettel\\\/\"]}]},{\"@type\":\"ImageObject\",\"inLanguage\":\"fr-FR\",\"@id\":\"https:\\\/\\\/9staedte.de\\\/fr\\\/wolfenbuttel-la-ville-de-lessing\\\/visites-guidees-a-wolfenbuettel\\\/#primaryimage\",\"url\":\"https:\\\/\\\/9staedte.de\\\/wp-content\\\/uploads\\\/2023\\\/02\\\/161008-wf-marketing-087.jpg\",\"contentUrl\":\"https:\\\/\\\/9staedte.de\\\/wp-content\\\/uploads\\\/2023\\\/02\\\/161008-wf-marketing-087.jpg\",\"width\":1020,\"height\":575,\"caption\":\"F\u00fchrung in Wolfenb\u00fcttel c) Stadt Wolfenb\u00fcttel Christian Bierwagen\"},{\"@type\":\"BreadcrumbList\",\"@id\":\"https:\\\/\\\/9staedte.de\\\/fr\\\/wolfenbuttel-la-ville-de-lessing\\\/visites-guidees-a-wolfenbuettel\\\/#breadcrumb\",\"itemListElement\":[{\"@type\":\"ListItem\",\"position\":1,\"name\":\"Startseite\",\"item\":\"https:\\\/\\\/9staedte.de\\\/fr\\\/\"},{\"@type\":\"ListItem\",\"position\":2,\"name\":\"Wolfenb\u00fcttel &#8211; La ville de Lessing\",\"item\":\"https:\\\/\\\/9staedte.de\\\/fr\\\/wolfenbuttel-la-ville-de-lessing\\\/\"},{\"@type\":\"ListItem\",\"position\":3,\"name\":\"Visites guid\u00e9es \u00e0 Wolfenb\u00fcttel\"}]},{\"@type\":\"WebSite\",\"@id\":\"https:\\\/\\\/9staedte.de\\\/fr\\\/#website\",\"url\":\"https:\\\/\\\/9staedte.de\\\/fr\\\/\",\"name\":\"9 St\u00e4dte in Niedersachsen\",\"description\":\"\",\"publisher\":{\"@id\":\"https:\\\/\\\/9staedte.de\\\/fr\\\/#organization\"},\"potentialAction\":[{\"@type\":\"SearchAction\",\"target\":{\"@type\":\"EntryPoint\",\"urlTemplate\":\"https:\\\/\\\/9staedte.de\\\/fr\\\/?s={search_term_string}\"},\"query-input\":{\"@type\":\"PropertyValueSpecification\",\"valueRequired\":true,\"valueName\":\"search_term_string\"}}],\"inLanguage\":\"fr-FR\"},{\"@type\":\"Organization\",\"@id\":\"https:\\\/\\\/9staedte.de\\\/fr\\\/#organization\",\"name\":\"9 St\u00e4dte in Niedersachsen\",\"url\":\"https:\\\/\\\/9staedte.de\\\/fr\\\/\",\"logo\":{\"@type\":\"ImageObject\",\"inLanguage\":\"fr-FR\",\"@id\":\"https:\\\/\\\/9staedte.de\\\/fr\\\/#\\\/schema\\\/logo\\\/image\\\/\",\"url\":\"https:\\\/\\\/9staedte.de\\\/wp-content\\\/uploads\\\/2025\\\/01\\\/9-neg-deutsch-2-1.png\",\"contentUrl\":\"https:\\\/\\\/9staedte.de\\\/wp-content\\\/uploads\\\/2025\\\/01\\\/9-neg-deutsch-2-1.png\",\"width\":190,\"height\":114,\"caption\":\"9 St\u00e4dte in Niedersachsen\"},\"image\":{\"@id\":\"https:\\\/\\\/9staedte.de\\\/fr\\\/#\\\/schema\\\/logo\\\/image\\\/\"}}]}<\/script>\n<!-- \/ Yoast SEO plugin. -->","yoast_head_json":{"title":"Visites guid\u00e9es \u00e0 Wolfenb\u00fcttel - 9 St\u00e4dte in Niedersachsen","robots":{"index":"index","follow":"follow","max-snippet":"max-snippet:-1","max-image-preview":"max-image-preview:large","max-video-preview":"max-video-preview:-1"},"canonical":"https:\/\/9staedte.de\/fr\/wolfenbuttel-la-ville-de-lessing\/visites-guidees-a-wolfenbuettel\/","og_locale":"fr_FR","og_type":"article","og_title":"Visites guid\u00e9es \u00e0 Wolfenb\u00fcttel - 9 St\u00e4dte in Niedersachsen","og_url":"https:\/\/9staedte.de\/fr\/wolfenbuttel-la-ville-de-lessing\/visites-guidees-a-wolfenbuettel\/","og_site_name":"9 St\u00e4dte in Niedersachsen","article_modified_time":"2023-11-02T17:19:12+00:00","og_image":[{"width":1020,"height":575,"url":"https:\/\/9staedte.de\/wp-content\/uploads\/2023\/02\/161008-wf-marketing-087.jpg","type":"image\/jpeg"}],"twitter_card":"summary_large_image","schema":{"@context":"https:\/\/schema.org","@graph":[{"@type":"WebPage","@id":"https:\/\/9staedte.de\/fr\/wolfenbuttel-la-ville-de-lessing\/visites-guidees-a-wolfenbuettel\/","url":"https:\/\/9staedte.de\/fr\/wolfenbuttel-la-ville-de-lessing\/visites-guidees-a-wolfenbuettel\/","name":"Visites guid\u00e9es \u00e0 Wolfenb\u00fcttel - 9 St\u00e4dte in Niedersachsen","isPartOf":{"@id":"https:\/\/9staedte.de\/fr\/#website"},"primaryImageOfPage":{"@id":"https:\/\/9staedte.de\/fr\/wolfenbuttel-la-ville-de-lessing\/visites-guidees-a-wolfenbuettel\/#primaryimage"},"image":{"@id":"https:\/\/9staedte.de\/fr\/wolfenbuttel-la-ville-de-lessing\/visites-guidees-a-wolfenbuettel\/#primaryimage"},"thumbnailUrl":"https:\/\/9staedte.de\/wp-content\/uploads\/2023\/02\/161008-wf-marketing-087.jpg","datePublished":"2023-11-02T08:46:29+00:00","dateModified":"2023-11-02T17:19:12+00:00","breadcrumb":{"@id":"https:\/\/9staedte.de\/fr\/wolfenbuttel-la-ville-de-lessing\/visites-guidees-a-wolfenbuettel\/#breadcrumb"},"inLanguage":"fr-FR","potentialAction":[{"@type":"ReadAction","target":["https:\/\/9staedte.de\/fr\/wolfenbuttel-la-ville-de-lessing\/visites-guidees-a-wolfenbuettel\/"]}]},{"@type":"ImageObject","inLanguage":"fr-FR","@id":"https:\/\/9staedte.de\/fr\/wolfenbuttel-la-ville-de-lessing\/visites-guidees-a-wolfenbuettel\/#primaryimage","url":"https:\/\/9staedte.de\/wp-content\/uploads\/2023\/02\/161008-wf-marketing-087.jpg","contentUrl":"https:\/\/9staedte.de\/wp-content\/uploads\/2023\/02\/161008-wf-marketing-087.jpg","width":1020,"height":575,"caption":"F\u00fchrung in Wolfenb\u00fcttel c) Stadt Wolfenb\u00fcttel Christian Bierwagen"},{"@type":"BreadcrumbList","@id":"https:\/\/9staedte.de\/fr\/wolfenbuttel-la-ville-de-lessing\/visites-guidees-a-wolfenbuettel\/#breadcrumb","itemListElement":[{"@type":"ListItem","position":1,"name":"Startseite","item":"https:\/\/9staedte.de\/fr\/"},{"@type":"ListItem","position":2,"name":"Wolfenb\u00fcttel &#8211; La ville de Lessing","item":"https:\/\/9staedte.de\/fr\/wolfenbuttel-la-ville-de-lessing\/"},{"@type":"ListItem","position":3,"name":"Visites guid\u00e9es \u00e0 Wolfenb\u00fcttel"}]},{"@type":"WebSite","@id":"https:\/\/9staedte.de\/fr\/#website","url":"https:\/\/9staedte.de\/fr\/","name":"9 St\u00e4dte in Niedersachsen","description":"","publisher":{"@id":"https:\/\/9staedte.de\/fr\/#organization"},"potentialAction":[{"@type":"SearchAction","target":{"@type":"EntryPoint","urlTemplate":"https:\/\/9staedte.de\/fr\/?s={search_term_string}"},"query-input":{"@type":"PropertyValueSpecification","valueRequired":true,"valueName":"search_term_string"}}],"inLanguage":"fr-FR"},{"@type":"Organization","@id":"https:\/\/9staedte.de\/fr\/#organization","name":"9 St\u00e4dte in Niedersachsen","url":"https:\/\/9staedte.de\/fr\/","logo":{"@type":"ImageObject","inLanguage":"fr-FR","@id":"https:\/\/9staedte.de\/fr\/#\/schema\/logo\/image\/","url":"https:\/\/9staedte.de\/wp-content\/uploads\/2025\/01\/9-neg-deutsch-2-1.png","contentUrl":"https:\/\/9staedte.de\/wp-content\/uploads\/2025\/01\/9-neg-deutsch-2-1.png","width":190,"height":114,"caption":"9 St\u00e4dte in Niedersachsen"},"image":{"@id":"https:\/\/9staedte.de\/fr\/#\/schema\/logo\/image\/"}}]}},"_links":{"self":[{"href":"https:\/\/9staedte.de\/fr\/wp-json\/wp\/v2\/pages\/16987","targetHints":{"allow":["GET"]}}],"collection":[{"href":"https:\/\/9staedte.de\/fr\/wp-json\/wp\/v2\/pages"}],"about":[{"href":"https:\/\/9staedte.de\/fr\/wp-json\/wp\/v2\/types\/page"}],"author":[{"embeddable":true,"href":"https:\/\/9staedte.de\/fr\/wp-json\/wp\/v2\/users\/1"}],"replies":[{"embeddable":true,"href":"https:\/\/9staedte.de\/fr\/wp-json\/wp\/v2\/comments?post=16987"}],"version-history":[{"count":1,"href":"https:\/\/9staedte.de\/fr\/wp-json\/wp\/v2\/pages\/16987\/revisions"}],"predecessor-version":[{"id":19985,"href":"https:\/\/9staedte.de\/fr\/wp-json\/wp\/v2\/pages\/16987\/revisions\/19985"}],"up":[{"embeddable":true,"href":"https:\/\/9staedte.de\/fr\/wp-json\/wp\/v2\/pages\/17963"}],"wp:featuredmedia":[{"embeddable":true,"href":"https:\/\/9staedte.de\/fr\/wp-json\/wp\/v2\/media\/16989"}],"wp:attachment":[{"href":"https:\/\/9staedte.de\/fr\/wp-json\/wp\/v2\/media?parent=16987"}],"wp:term":[{"taxonomy":"category","embeddable":true,"href":"https:\/\/9staedte.de\/fr\/wp-json\/wp\/v2\/categories?post=16987"},{"taxonomy":"post_tag","embeddable":true,"href":"https:\/\/9staedte.de\/fr\/wp-json\/wp\/v2\/tags?post=16987"},{"taxonomy":"ncap_cities_tax","embeddable":true,"href":"https:\/\/9staedte.de\/fr\/wp-json\/wp\/v2\/ncap_cities_tax?post=16987"}],"curies":[{"name":"wp","href":"https:\/\/api.w.org\/{rel}","templated":true}]}}