{"id":16973,"date":"2023-11-02T09:46:24","date_gmt":"2023-11-02T08:46:24","guid":{"rendered":"https:\/\/9staedte.de\/forfaits-a-einbeck\/"},"modified":"2024-07-04T10:36:30","modified_gmt":"2024-07-04T08:36:30","slug":"forfaits-a-einbeck","status":"publish","type":"page","link":"https:\/\/9staedte.de\/fr\/einbeck-voitures-anciennes-colombages-biere\/forfaits-a-einbeck\/","title":{"rendered":"Forfaits \u00e0 Einbeck"},"content":{"rendered":"\r\n\r\n    <div class=\"filter-posts\">\r\n            <div  id=\"filterContent\">\r\n                                                        \n<div class=\"contentKachel filtr-item\" data-category=\"einbeck-fr\">\n    <a href=\"https:\/\/9staedte.de\/fr\/forfait-week-end-eingenuss\/\">\n        <div class=\"contentKachel-inner\">\n                            <div class=\"contentKachel-thumbnail\">\n                    <img loading=\"lazy\" decoding=\"async\" width=\"300\" height=\"161\" src=\"https:\/\/9staedte.de\/wp-content\/smush-webp\/2023\/05\/Bierchen-vor-dem-Brodhaus-Einbeck-\u00a9Daniel-Li-Photography-300x161.jpg.webp\" class=\"objectfitcover withfilters wp-post-image\" alt=\"Deux femmes trinquent avec des verres de bi\u00e8re. Elles sourient. En arri\u00e8re-plan, il y a une vieille maison \u00e0 colombages. Il fait beau et ensoleill\u00e9.\" srcset=\"https:\/\/9staedte.de\/wp-content\/smush-webp\/2023\/05\/Bierchen-vor-dem-Brodhaus-Einbeck-\u00a9Daniel-Li-Photography-300x161.jpg.webp 300w, https:\/\/9staedte.de\/wp-content\/smush-webp\/2023\/05\/Bierchen-vor-dem-Brodhaus-Einbeck-\u00a9Daniel-Li-Photography-768x412.jpg.webp 768w, https:\/\/9staedte.de\/wp-content\/smush-webp\/2023\/05\/Bierchen-vor-dem-Brodhaus-Einbeck-\u00a9Daniel-Li-Photography.jpg.webp 1020w\" sizes=\"auto, (max-width: 300px) 100vw, 300px\" \/>                    <img loading=\"lazy\" decoding=\"async\" width=\"300\" height=\"161\" src=\"https:\/\/9staedte.de\/wp-content\/smush-webp\/2023\/05\/Bierchen-vor-dem-Brodhaus-Einbeck-\u00a9Daniel-Li-Photography-300x161.jpg.webp\" class=\"objectfitcontain wp-post-image\" alt=\"Deux femmes trinquent avec des verres de bi\u00e8re. Elles sourient. En arri\u00e8re-plan, il y a une vieille maison \u00e0 colombages. Il fait beau et ensoleill\u00e9.\" srcset=\"https:\/\/9staedte.de\/wp-content\/smush-webp\/2023\/05\/Bierchen-vor-dem-Brodhaus-Einbeck-\u00a9Daniel-Li-Photography-300x161.jpg.webp 300w, https:\/\/9staedte.de\/wp-content\/smush-webp\/2023\/05\/Bierchen-vor-dem-Brodhaus-Einbeck-\u00a9Daniel-Li-Photography-768x412.jpg.webp 768w, https:\/\/9staedte.de\/wp-content\/smush-webp\/2023\/05\/Bierchen-vor-dem-Brodhaus-Einbeck-\u00a9Daniel-Li-Photography.jpg.webp 1020w\" sizes=\"auto, (max-width: 300px) 100vw, 300px\" \/>                        <div class=\"thumbnail-label\">\n    <span>EInbeck Bier vor dem Brodhaus &#8211; Einbeck &#8211; \u00a9Daniel Li Photography<\/span>\n    <\/div>\n                <\/div>\n                        <div class=\"contentKachel-content\">\n                                    <div class=\"city-tag bg-einbeck\">\n                        Einbeck                    <\/div>\n                \n                <div class=\"title\">\n\n                    Forfait : Week-end EINGenuss                    \n                <\/div>\n\n                            <\/div>\n\n        <\/div>\n    <\/a>\n<\/div>                                                        \n<div class=\"contentKachel filtr-item\" data-category=\"einbeck-fr\">\n    <a href=\"https:\/\/9staedte.de\/fr\/jahr-der-mobilitaet-in-einbeck-einbeck-bewegt-dich\/\">\n        <div class=\"contentKachel-inner\">\n                            <div class=\"contentKachel-thumbnail\">\n                    <img loading=\"lazy\" decoding=\"async\" width=\"300\" height=\"165\" src=\"https:\/\/9staedte.de\/wp-content\/smush-webp\/2024\/07\/Einbeck-PS.SPEICHER-\u00a9Spieker-Fotografie-300x165.jpg.webp\" class=\"objectfitcover withfilters wp-post-image\" alt=\"L\u2019image montre le b\u00e2timent du PS.Speicher \u00e0 Einbeck. Au premier plan, on voit une vieille Coccinelle Volkswagen grise. Le b\u00e2timent est construit en briques rouges et comporte de nombreuses fen\u00eatres. Sur la droite, on aper\u00e7oit une extension moderne. \u00c0 gauche, une ancienne fontaine est entour\u00e9e de petits arbres et de plantes.\" srcset=\"https:\/\/9staedte.de\/wp-content\/smush-webp\/2024\/07\/Einbeck-PS.SPEICHER-\u00a9Spieker-Fotografie-300x165.jpg.webp 300w, https:\/\/9staedte.de\/wp-content\/smush-webp\/2024\/07\/Einbeck-PS.SPEICHER-\u00a9Spieker-Fotografie-768x422.jpg.webp 768w, https:\/\/9staedte.de\/wp-content\/smush-webp\/2024\/07\/Einbeck-PS.SPEICHER-\u00a9Spieker-Fotografie.jpg.webp 1020w\" sizes=\"auto, (max-width: 300px) 100vw, 300px\" \/>                    <img loading=\"lazy\" decoding=\"async\" width=\"300\" height=\"165\" src=\"https:\/\/9staedte.de\/wp-content\/smush-webp\/2024\/07\/Einbeck-PS.SPEICHER-\u00a9Spieker-Fotografie-300x165.jpg.webp\" class=\"objectfitcontain wp-post-image\" alt=\"L\u2019image montre le b\u00e2timent du PS.Speicher \u00e0 Einbeck. Au premier plan, on voit une vieille Coccinelle Volkswagen grise. Le b\u00e2timent est construit en briques rouges et comporte de nombreuses fen\u00eatres. Sur la droite, on aper\u00e7oit une extension moderne. \u00c0 gauche, une ancienne fontaine est entour\u00e9e de petits arbres et de plantes.\" srcset=\"https:\/\/9staedte.de\/wp-content\/smush-webp\/2024\/07\/Einbeck-PS.SPEICHER-\u00a9Spieker-Fotografie-300x165.jpg.webp 300w, https:\/\/9staedte.de\/wp-content\/smush-webp\/2024\/07\/Einbeck-PS.SPEICHER-\u00a9Spieker-Fotografie-768x422.jpg.webp 768w, https:\/\/9staedte.de\/wp-content\/smush-webp\/2024\/07\/Einbeck-PS.SPEICHER-\u00a9Spieker-Fotografie.jpg.webp 1020w\" sizes=\"auto, (max-width: 300px) 100vw, 300px\" \/>                        <div class=\"thumbnail-label\">\n    <span>Einbeck PS.SPEICHER, \u00a9Spieker Fotografie<\/span>\n    <\/div>\n                <\/div>\n                        <div class=\"contentKachel-content\">\n                                    <div class=\"city-tag bg-einbeck\">\n                        Einbeck                    <\/div>\n                \n                <div class=\"title\">\n\n                    Ann\u00e9e de la mobilit\u00e9 \u00e0 Einbeck &#8211; Einbeck vous fait bouger                    \n                <\/div>\n\n                            <\/div>\n\n        <\/div>\n    <\/a>\n<\/div>                                                        \n<div class=\"contentKachel filtr-item\" data-category=\"einbeck-fr\">\n    <a href=\"https:\/\/9staedte.de\/fr\/jahr-der-mobilitaet-einbeck-bewegt-exklusiv\/\">\n        <div class=\"contentKachel-inner\">\n                            <div class=\"contentKachel-thumbnail\">\n                    <img loading=\"lazy\" decoding=\"async\" width=\"300\" height=\"165\" src=\"https:\/\/9staedte.de\/wp-content\/smush-webp\/2024\/07\/PS.SPEICHER-Ausstellung-Auto-Horch-Motorraeder-CC0-300x165.jpg.webp\" class=\"objectfitcover withfilters wp-post-image\" alt=\"L\u2019image montre une exposition au PS.Speicher \u00e0 Einbeck. On y voit une moto ancienne avec side-car, une autre moto classique et une voiture historique de la marque Horch. \u00c0 l\u2019arri\u00e8re-plan se trouve une grande photo en noir et blanc d\u2019une rue \u00e0 colombages historique. Les v\u00e9hicules datent des ann\u00e9es 1920. La sc\u00e8ne \u00e9voque la nostalgie et l\u2019histoire de l\u2019automobile.\" srcset=\"https:\/\/9staedte.de\/wp-content\/smush-webp\/2024\/07\/PS.SPEICHER-Ausstellung-Auto-Horch-Motorraeder-CC0-300x165.jpg.webp 300w, https:\/\/9staedte.de\/wp-content\/smush-webp\/2024\/07\/PS.SPEICHER-Ausstellung-Auto-Horch-Motorraeder-CC0-768x422.jpg.webp 768w, https:\/\/9staedte.de\/wp-content\/smush-webp\/2024\/07\/PS.SPEICHER-Ausstellung-Auto-Horch-Motorraeder-CC0.jpg.webp 1020w\" sizes=\"auto, (max-width: 300px) 100vw, 300px\" \/>                    <img loading=\"lazy\" decoding=\"async\" width=\"300\" height=\"165\" src=\"https:\/\/9staedte.de\/wp-content\/smush-webp\/2024\/07\/PS.SPEICHER-Ausstellung-Auto-Horch-Motorraeder-CC0-300x165.jpg.webp\" class=\"objectfitcontain wp-post-image\" alt=\"L\u2019image montre une exposition au PS.Speicher \u00e0 Einbeck. On y voit une moto ancienne avec side-car, une autre moto classique et une voiture historique de la marque Horch. \u00c0 l\u2019arri\u00e8re-plan se trouve une grande photo en noir et blanc d\u2019une rue \u00e0 colombages historique. Les v\u00e9hicules datent des ann\u00e9es 1920. La sc\u00e8ne \u00e9voque la nostalgie et l\u2019histoire de l\u2019automobile.\" srcset=\"https:\/\/9staedte.de\/wp-content\/smush-webp\/2024\/07\/PS.SPEICHER-Ausstellung-Auto-Horch-Motorraeder-CC0-300x165.jpg.webp 300w, https:\/\/9staedte.de\/wp-content\/smush-webp\/2024\/07\/PS.SPEICHER-Ausstellung-Auto-Horch-Motorraeder-CC0-768x422.jpg.webp 768w, https:\/\/9staedte.de\/wp-content\/smush-webp\/2024\/07\/PS.SPEICHER-Ausstellung-Auto-Horch-Motorraeder-CC0.jpg.webp 1020w\" sizes=\"auto, (max-width: 300px) 100vw, 300px\" \/>                        <div class=\"thumbnail-label\">\n    <span>PS.SPEICHER, November 2022<\/span>\n    <\/div>\n                <\/div>\n                        <div class=\"contentKachel-content\">\n                                    <div class=\"city-tag bg-einbeck\">\n                        Einbeck                    <\/div>\n                \n                <div class=\"title\">\n\n                    Ann\u00e9e de la mobilit\u00e9 &#8211; Einbeck bouge en exclusivit\u00e9                    \n                <\/div>\n\n                            <\/div>\n\n        <\/div>\n    <\/a>\n<\/div>                                            <\/div>\r\n    <\/div>\r\n","protected":false},"excerpt":{"rendered":"","protected":false},"author":6,"featured_media":15617,"parent":18033,"menu_order":0,"comment_status":"closed","ping_status":"closed","template":"pagetemplates\/template-stadtthema.php","meta":{"_acf_changed":false,"footnotes":""},"categories":[],"tags":[],"ncap_cities_tax":[478,1388],"class_list":["post-16973","page","type-page","status-publish","has-post-thumbnail","hentry","ncap_cities_tax-einbeck-fr","ncap_cities_tax-pauschalen-einbeck-fr"],"acf":[],"yoast_head":"<!-- This site is optimized with the Yoast SEO plugin v27.4 - https:\/\/yoast.com\/product\/yoast-seo-wordpress\/ -->\n<title>Forfaits \u00e0 Einbeck - 9 St\u00e4dte in Niedersachsen<\/title>\n<meta name=\"robots\" content=\"index, follow, max-snippet:-1, max-image-preview:large, max-video-preview:-1\" \/>\n<link rel=\"canonical\" href=\"https:\/\/9staedte.de\/fr\/einbeck-voitures-anciennes-colombages-biere\/forfaits-a-einbeck\/\" \/>\n<meta property=\"og:locale\" content=\"fr_FR\" \/>\n<meta property=\"og:type\" content=\"article\" \/>\n<meta property=\"og:title\" content=\"Forfaits \u00e0 Einbeck - 9 St\u00e4dte in Niedersachsen\" \/>\n<meta property=\"og:url\" content=\"https:\/\/9staedte.de\/fr\/einbeck-voitures-anciennes-colombages-biere\/forfaits-a-einbeck\/\" \/>\n<meta property=\"og:site_name\" content=\"9 St\u00e4dte in Niedersachsen\" \/>\n<meta property=\"article:modified_time\" content=\"2024-07-04T08:36:30+00:00\" \/>\n<meta property=\"og:image\" content=\"https:\/\/9staedte.de\/wp-content\/uploads\/2023\/05\/Bierchen-vor-dem-Brodhaus-Einbeck-\u00a9Daniel-Li-Photography.jpg\" \/>\n\t<meta property=\"og:image:width\" content=\"1020\" \/>\n\t<meta property=\"og:image:height\" content=\"547\" \/>\n\t<meta property=\"og:image:type\" content=\"image\/jpeg\" \/>\n<meta name=\"twitter:card\" content=\"summary_large_image\" \/>\n<script type=\"application\/ld+json\" class=\"yoast-schema-graph\">{\"@context\":\"https:\\\/\\\/schema.org\",\"@graph\":[{\"@type\":\"WebPage\",\"@id\":\"https:\\\/\\\/9staedte.de\\\/fr\\\/einbeck-voitures-anciennes-colombages-biere\\\/forfaits-a-einbeck\\\/\",\"url\":\"https:\\\/\\\/9staedte.de\\\/fr\\\/einbeck-voitures-anciennes-colombages-biere\\\/forfaits-a-einbeck\\\/\",\"name\":\"Forfaits \u00e0 Einbeck - 9 St\u00e4dte in Niedersachsen\",\"isPartOf\":{\"@id\":\"https:\\\/\\\/9staedte.de\\\/fr\\\/#website\"},\"primaryImageOfPage\":{\"@id\":\"https:\\\/\\\/9staedte.de\\\/fr\\\/einbeck-voitures-anciennes-colombages-biere\\\/forfaits-a-einbeck\\\/#primaryimage\"},\"image\":{\"@id\":\"https:\\\/\\\/9staedte.de\\\/fr\\\/einbeck-voitures-anciennes-colombages-biere\\\/forfaits-a-einbeck\\\/#primaryimage\"},\"thumbnailUrl\":\"https:\\\/\\\/9staedte.de\\\/wp-content\\\/uploads\\\/2023\\\/05\\\/Bierchen-vor-dem-Brodhaus-Einbeck-\u00a9Daniel-Li-Photography.jpg\",\"datePublished\":\"2023-11-02T08:46:24+00:00\",\"dateModified\":\"2024-07-04T08:36:30+00:00\",\"breadcrumb\":{\"@id\":\"https:\\\/\\\/9staedte.de\\\/fr\\\/einbeck-voitures-anciennes-colombages-biere\\\/forfaits-a-einbeck\\\/#breadcrumb\"},\"inLanguage\":\"fr-FR\",\"potentialAction\":[{\"@type\":\"ReadAction\",\"target\":[\"https:\\\/\\\/9staedte.de\\\/fr\\\/einbeck-voitures-anciennes-colombages-biere\\\/forfaits-a-einbeck\\\/\"]}]},{\"@type\":\"ImageObject\",\"inLanguage\":\"fr-FR\",\"@id\":\"https:\\\/\\\/9staedte.de\\\/fr\\\/einbeck-voitures-anciennes-colombages-biere\\\/forfaits-a-einbeck\\\/#primaryimage\",\"url\":\"https:\\\/\\\/9staedte.de\\\/wp-content\\\/uploads\\\/2023\\\/05\\\/Bierchen-vor-dem-Brodhaus-Einbeck-\u00a9Daniel-Li-Photography.jpg\",\"contentUrl\":\"https:\\\/\\\/9staedte.de\\\/wp-content\\\/uploads\\\/2023\\\/05\\\/Bierchen-vor-dem-Brodhaus-Einbeck-\u00a9Daniel-Li-Photography.jpg\",\"width\":1020,\"height\":547,\"caption\":\"EInbeck Bier vor dem Brodhaus - Einbeck - \u00a9Daniel Li Photography\"},{\"@type\":\"BreadcrumbList\",\"@id\":\"https:\\\/\\\/9staedte.de\\\/fr\\\/einbeck-voitures-anciennes-colombages-biere\\\/forfaits-a-einbeck\\\/#breadcrumb\",\"itemListElement\":[{\"@type\":\"ListItem\",\"position\":1,\"name\":\"Startseite\",\"item\":\"https:\\\/\\\/9staedte.de\\\/fr\\\/\"},{\"@type\":\"ListItem\",\"position\":2,\"name\":\"Einbeck &#8211; voitures anciennes, colombages, bi\u00e8re\",\"item\":\"https:\\\/\\\/9staedte.de\\\/fr\\\/einbeck-voitures-anciennes-colombages-biere\\\/\"},{\"@type\":\"ListItem\",\"position\":3,\"name\":\"Forfaits \u00e0 Einbeck\"}]},{\"@type\":\"WebSite\",\"@id\":\"https:\\\/\\\/9staedte.de\\\/fr\\\/#website\",\"url\":\"https:\\\/\\\/9staedte.de\\\/fr\\\/\",\"name\":\"9 St\u00e4dte in Niedersachsen\",\"description\":\"\",\"publisher\":{\"@id\":\"https:\\\/\\\/9staedte.de\\\/fr\\\/#organization\"},\"potentialAction\":[{\"@type\":\"SearchAction\",\"target\":{\"@type\":\"EntryPoint\",\"urlTemplate\":\"https:\\\/\\\/9staedte.de\\\/fr\\\/?s={search_term_string}\"},\"query-input\":{\"@type\":\"PropertyValueSpecification\",\"valueRequired\":true,\"valueName\":\"search_term_string\"}}],\"inLanguage\":\"fr-FR\"},{\"@type\":\"Organization\",\"@id\":\"https:\\\/\\\/9staedte.de\\\/fr\\\/#organization\",\"name\":\"9 St\u00e4dte in Niedersachsen\",\"url\":\"https:\\\/\\\/9staedte.de\\\/fr\\\/\",\"logo\":{\"@type\":\"ImageObject\",\"inLanguage\":\"fr-FR\",\"@id\":\"https:\\\/\\\/9staedte.de\\\/fr\\\/#\\\/schema\\\/logo\\\/image\\\/\",\"url\":\"https:\\\/\\\/9staedte.de\\\/wp-content\\\/uploads\\\/2025\\\/01\\\/9-neg-deutsch-2-1.png\",\"contentUrl\":\"https:\\\/\\\/9staedte.de\\\/wp-content\\\/uploads\\\/2025\\\/01\\\/9-neg-deutsch-2-1.png\",\"width\":190,\"height\":114,\"caption\":\"9 St\u00e4dte in Niedersachsen\"},\"image\":{\"@id\":\"https:\\\/\\\/9staedte.de\\\/fr\\\/#\\\/schema\\\/logo\\\/image\\\/\"}}]}<\/script>\n<!-- \/ Yoast SEO plugin. -->","yoast_head_json":{"title":"Forfaits \u00e0 Einbeck - 9 St\u00e4dte in Niedersachsen","robots":{"index":"index","follow":"follow","max-snippet":"max-snippet:-1","max-image-preview":"max-image-preview:large","max-video-preview":"max-video-preview:-1"},"canonical":"https:\/\/9staedte.de\/fr\/einbeck-voitures-anciennes-colombages-biere\/forfaits-a-einbeck\/","og_locale":"fr_FR","og_type":"article","og_title":"Forfaits \u00e0 Einbeck - 9 St\u00e4dte in Niedersachsen","og_url":"https:\/\/9staedte.de\/fr\/einbeck-voitures-anciennes-colombages-biere\/forfaits-a-einbeck\/","og_site_name":"9 St\u00e4dte in Niedersachsen","article_modified_time":"2024-07-04T08:36:30+00:00","og_image":[{"width":1020,"height":547,"url":"https:\/\/9staedte.de\/wp-content\/uploads\/2023\/05\/Bierchen-vor-dem-Brodhaus-Einbeck-\u00a9Daniel-Li-Photography.jpg","type":"image\/jpeg"}],"twitter_card":"summary_large_image","schema":{"@context":"https:\/\/schema.org","@graph":[{"@type":"WebPage","@id":"https:\/\/9staedte.de\/fr\/einbeck-voitures-anciennes-colombages-biere\/forfaits-a-einbeck\/","url":"https:\/\/9staedte.de\/fr\/einbeck-voitures-anciennes-colombages-biere\/forfaits-a-einbeck\/","name":"Forfaits \u00e0 Einbeck - 9 St\u00e4dte in Niedersachsen","isPartOf":{"@id":"https:\/\/9staedte.de\/fr\/#website"},"primaryImageOfPage":{"@id":"https:\/\/9staedte.de\/fr\/einbeck-voitures-anciennes-colombages-biere\/forfaits-a-einbeck\/#primaryimage"},"image":{"@id":"https:\/\/9staedte.de\/fr\/einbeck-voitures-anciennes-colombages-biere\/forfaits-a-einbeck\/#primaryimage"},"thumbnailUrl":"https:\/\/9staedte.de\/wp-content\/uploads\/2023\/05\/Bierchen-vor-dem-Brodhaus-Einbeck-\u00a9Daniel-Li-Photography.jpg","datePublished":"2023-11-02T08:46:24+00:00","dateModified":"2024-07-04T08:36:30+00:00","breadcrumb":{"@id":"https:\/\/9staedte.de\/fr\/einbeck-voitures-anciennes-colombages-biere\/forfaits-a-einbeck\/#breadcrumb"},"inLanguage":"fr-FR","potentialAction":[{"@type":"ReadAction","target":["https:\/\/9staedte.de\/fr\/einbeck-voitures-anciennes-colombages-biere\/forfaits-a-einbeck\/"]}]},{"@type":"ImageObject","inLanguage":"fr-FR","@id":"https:\/\/9staedte.de\/fr\/einbeck-voitures-anciennes-colombages-biere\/forfaits-a-einbeck\/#primaryimage","url":"https:\/\/9staedte.de\/wp-content\/uploads\/2023\/05\/Bierchen-vor-dem-Brodhaus-Einbeck-\u00a9Daniel-Li-Photography.jpg","contentUrl":"https:\/\/9staedte.de\/wp-content\/uploads\/2023\/05\/Bierchen-vor-dem-Brodhaus-Einbeck-\u00a9Daniel-Li-Photography.jpg","width":1020,"height":547,"caption":"EInbeck Bier vor dem Brodhaus - Einbeck - \u00a9Daniel Li Photography"},{"@type":"BreadcrumbList","@id":"https:\/\/9staedte.de\/fr\/einbeck-voitures-anciennes-colombages-biere\/forfaits-a-einbeck\/#breadcrumb","itemListElement":[{"@type":"ListItem","position":1,"name":"Startseite","item":"https:\/\/9staedte.de\/fr\/"},{"@type":"ListItem","position":2,"name":"Einbeck &#8211; voitures anciennes, colombages, bi\u00e8re","item":"https:\/\/9staedte.de\/fr\/einbeck-voitures-anciennes-colombages-biere\/"},{"@type":"ListItem","position":3,"name":"Forfaits \u00e0 Einbeck"}]},{"@type":"WebSite","@id":"https:\/\/9staedte.de\/fr\/#website","url":"https:\/\/9staedte.de\/fr\/","name":"9 St\u00e4dte in Niedersachsen","description":"","publisher":{"@id":"https:\/\/9staedte.de\/fr\/#organization"},"potentialAction":[{"@type":"SearchAction","target":{"@type":"EntryPoint","urlTemplate":"https:\/\/9staedte.de\/fr\/?s={search_term_string}"},"query-input":{"@type":"PropertyValueSpecification","valueRequired":true,"valueName":"search_term_string"}}],"inLanguage":"fr-FR"},{"@type":"Organization","@id":"https:\/\/9staedte.de\/fr\/#organization","name":"9 St\u00e4dte in Niedersachsen","url":"https:\/\/9staedte.de\/fr\/","logo":{"@type":"ImageObject","inLanguage":"fr-FR","@id":"https:\/\/9staedte.de\/fr\/#\/schema\/logo\/image\/","url":"https:\/\/9staedte.de\/wp-content\/uploads\/2025\/01\/9-neg-deutsch-2-1.png","contentUrl":"https:\/\/9staedte.de\/wp-content\/uploads\/2025\/01\/9-neg-deutsch-2-1.png","width":190,"height":114,"caption":"9 St\u00e4dte in Niedersachsen"},"image":{"@id":"https:\/\/9staedte.de\/fr\/#\/schema\/logo\/image\/"}}]}},"_links":{"self":[{"href":"https:\/\/9staedte.de\/fr\/wp-json\/wp\/v2\/pages\/16973","targetHints":{"allow":["GET"]}}],"collection":[{"href":"https:\/\/9staedte.de\/fr\/wp-json\/wp\/v2\/pages"}],"about":[{"href":"https:\/\/9staedte.de\/fr\/wp-json\/wp\/v2\/types\/page"}],"author":[{"embeddable":true,"href":"https:\/\/9staedte.de\/fr\/wp-json\/wp\/v2\/users\/6"}],"replies":[{"embeddable":true,"href":"https:\/\/9staedte.de\/fr\/wp-json\/wp\/v2\/comments?post=16973"}],"version-history":[{"count":2,"href":"https:\/\/9staedte.de\/fr\/wp-json\/wp\/v2\/pages\/16973\/revisions"}],"predecessor-version":[{"id":22948,"href":"https:\/\/9staedte.de\/fr\/wp-json\/wp\/v2\/pages\/16973\/revisions\/22948"}],"up":[{"embeddable":true,"href":"https:\/\/9staedte.de\/fr\/wp-json\/wp\/v2\/pages\/18033"}],"wp:featuredmedia":[{"embeddable":true,"href":"https:\/\/9staedte.de\/fr\/wp-json\/wp\/v2\/media\/15617"}],"wp:attachment":[{"href":"https:\/\/9staedte.de\/fr\/wp-json\/wp\/v2\/media?parent=16973"}],"wp:term":[{"taxonomy":"category","embeddable":true,"href":"https:\/\/9staedte.de\/fr\/wp-json\/wp\/v2\/categories?post=16973"},{"taxonomy":"post_tag","embeddable":true,"href":"https:\/\/9staedte.de\/fr\/wp-json\/wp\/v2\/tags?post=16973"},{"taxonomy":"ncap_cities_tax","embeddable":true,"href":"https:\/\/9staedte.de\/fr\/wp-json\/wp\/v2\/ncap_cities_tax?post=16973"}],"curies":[{"name":"wp","href":"https:\/\/api.w.org\/{rel}","templated":true}]}}