{"id":16967,"date":"2023-11-02T09:46:24","date_gmt":"2023-11-02T08:46:24","guid":{"rendered":"https:\/\/9staedte.de\/visites-guidees-de-la-ville-deinbeck\/"},"modified":"2023-11-02T17:37:01","modified_gmt":"2023-11-02T16:37:01","slug":"visites-guidees-de-la-ville-deinbeck","status":"publish","type":"page","link":"https:\/\/9staedte.de\/fr\/einbeck-voitures-anciennes-colombages-biere\/visites-guidees-de-la-ville-deinbeck\/","title":{"rendered":"Visites guid\u00e9es de la ville d&rsquo;Einbeck"},"content":{"rendered":"\r\n\r\n    <div class=\"filter-posts\">\r\n            <div  id=\"filterContent\">\r\n                                                        \n<div class=\"contentKachel filtr-item\" data-category=\"einbeck-fr\">\n    <a href=\"https:\/\/9staedte.de\/fr\/en-bus-et-a-pied\/\">\n        <div class=\"contentKachel-inner\">\n                            <div class=\"contentKachel-thumbnail\">\n                    <img loading=\"lazy\" decoding=\"async\" width=\"300\" height=\"164\" src=\"https:\/\/9staedte.de\/wp-content\/smush-webp\/2023\/05\/Blick-auf-St.-Alexandri-Einbeck-CC0-300x164.jpg.webp\" class=\"objectfitcover withfilters wp-post-image\" alt=\"On voit une ville d&#039;en haut. Beaucoup de maisons ont des toits rouges. Devant, il y a des maisons \u00e0 colombages. Au fond, une grande \u00e9glise. Derri\u00e8re, une for\u00eat verte.\" srcset=\"https:\/\/9staedte.de\/wp-content\/smush-webp\/2023\/05\/Blick-auf-St.-Alexandri-Einbeck-CC0-300x164.jpg.webp 300w, https:\/\/9staedte.de\/wp-content\/smush-webp\/2023\/05\/Blick-auf-St.-Alexandri-Einbeck-CC0-768x421.jpg.webp 768w, https:\/\/9staedte.de\/wp-content\/smush-webp\/2023\/05\/Blick-auf-St.-Alexandri-Einbeck-CC0.jpg.webp 1020w\" sizes=\"auto, (max-width: 300px) 100vw, 300px\" \/>                    <img loading=\"lazy\" decoding=\"async\" width=\"300\" height=\"164\" src=\"https:\/\/9staedte.de\/wp-content\/smush-webp\/2023\/05\/Blick-auf-St.-Alexandri-Einbeck-CC0-300x164.jpg.webp\" class=\"objectfitcontain wp-post-image\" alt=\"On voit une ville d&#039;en haut. Beaucoup de maisons ont des toits rouges. Devant, il y a des maisons \u00e0 colombages. Au fond, une grande \u00e9glise. Derri\u00e8re, une for\u00eat verte.\" srcset=\"https:\/\/9staedte.de\/wp-content\/smush-webp\/2023\/05\/Blick-auf-St.-Alexandri-Einbeck-CC0-300x164.jpg.webp 300w, https:\/\/9staedte.de\/wp-content\/smush-webp\/2023\/05\/Blick-auf-St.-Alexandri-Einbeck-CC0-768x421.jpg.webp 768w, https:\/\/9staedte.de\/wp-content\/smush-webp\/2023\/05\/Blick-auf-St.-Alexandri-Einbeck-CC0.jpg.webp 1020w\" sizes=\"auto, (max-width: 300px) 100vw, 300px\" \/>                        <div class=\"thumbnail-label\">\n    <span>Blick auf St. Alexandri Einbeck cc0<\/span>\n    <\/div>\n                <\/div>\n                        <div class=\"contentKachel-content\">\n                                    <div class=\"city-tag bg-einbeck\">\n                        Einbeck                    <\/div>\n                \n                <div class=\"title\">\n\n                    En bus et \u00e0 pied                    \n                <\/div>\n\n                            <\/div>\n\n        <\/div>\n    <\/a>\n<\/div>                                                        \n<div class=\"contentKachel filtr-item\" data-category=\"einbeck-fr\">\n    <a href=\"https:\/\/9staedte.de\/fr\/aux-portes-de-la-ville-a-travers-chateaux-et-salines\/\">\n        <div class=\"contentKachel-inner\">\n                            <div class=\"contentKachel-thumbnail\">\n                    <img loading=\"lazy\" decoding=\"async\" width=\"300\" height=\"199\" src=\"https:\/\/9staedte.de\/wp-content\/smush-webp\/2023\/05\/Heldenburg\u00a9mehlehundertmark-Fotografie-300x199.jpg.webp\" class=\"objectfitcover withfilters wp-post-image\" alt=\"Sur la photo, on voit une vieille ruine de ch\u00e2teau vue d\u2019en haut. Autour du ch\u00e2teau, il y a beaucoup de maisons aux toits rouges. \u00c0 l\u2019arri\u00e8re-plan, on voit des champs et prairies verts.\" srcset=\"https:\/\/9staedte.de\/wp-content\/smush-webp\/2023\/05\/Heldenburg\u00a9mehlehundertmark-Fotografie-300x199.jpg.webp 300w, https:\/\/9staedte.de\/wp-content\/smush-webp\/2023\/05\/Heldenburg\u00a9mehlehundertmark-Fotografie-768x510.jpg.webp 768w, https:\/\/9staedte.de\/wp-content\/smush-webp\/2023\/05\/Heldenburg\u00a9mehlehundertmark-Fotografie.jpg.webp 1000w\" sizes=\"auto, (max-width: 300px) 100vw, 300px\" \/>                    <img loading=\"lazy\" decoding=\"async\" width=\"300\" height=\"199\" src=\"https:\/\/9staedte.de\/wp-content\/smush-webp\/2023\/05\/Heldenburg\u00a9mehlehundertmark-Fotografie-300x199.jpg.webp\" class=\"objectfitcontain wp-post-image\" alt=\"Sur la photo, on voit une vieille ruine de ch\u00e2teau vue d\u2019en haut. Autour du ch\u00e2teau, il y a beaucoup de maisons aux toits rouges. \u00c0 l\u2019arri\u00e8re-plan, on voit des champs et prairies verts.\" srcset=\"https:\/\/9staedte.de\/wp-content\/smush-webp\/2023\/05\/Heldenburg\u00a9mehlehundertmark-Fotografie-300x199.jpg.webp 300w, https:\/\/9staedte.de\/wp-content\/smush-webp\/2023\/05\/Heldenburg\u00a9mehlehundertmark-Fotografie-768x510.jpg.webp 768w, https:\/\/9staedte.de\/wp-content\/smush-webp\/2023\/05\/Heldenburg\u00a9mehlehundertmark-Fotografie.jpg.webp 1000w\" sizes=\"auto, (max-width: 300px) 100vw, 300px\" \/>                        <div class=\"thumbnail-label\">\n    <span>Heldenburg,\u00a9mehlehundertmark Fotografie<\/span>\n    <\/div>\n                <\/div>\n                        <div class=\"contentKachel-content\">\n                                    <div class=\"city-tag bg-einbeck\">\n                        Einbeck                    <\/div>\n                \n                <div class=\"title\">\n\n                    Aux portes de la ville : \u00e0 travers ch\u00e2teaux et salines                    \n                <\/div>\n\n                            <\/div>\n\n        <\/div>\n    <\/a>\n<\/div>                                                        \n<div class=\"contentKachel filtr-item\" data-category=\"einbeck-fr\">\n    <a href=\"https:\/\/9staedte.de\/fr\/tout-sur-la-biere\/\">\n        <div class=\"contentKachel-inner\">\n                            <div class=\"contentKachel-thumbnail\">\n                    <img loading=\"lazy\" decoding=\"async\" width=\"300\" height=\"165\" src=\"https:\/\/9staedte.de\/wp-content\/smush-webp\/2023\/05\/Einbecker-Bierdiplom\u00a9Ole-Spata-300x165.jpg.webp\" class=\"objectfitcover withfilters wp-post-image\" alt=\"L\u2019image montre cinq personnes \u00e0 une table en bois. Elles trinquent avec des verres de bi\u00e8re. Une femme porte un costume historique. Sur la table, il y a des petits verres avec des grains. L\u2019ambiance est joyeuse.\" srcset=\"https:\/\/9staedte.de\/wp-content\/smush-webp\/2023\/05\/Einbecker-Bierdiplom\u00a9Ole-Spata-300x165.jpg.webp 300w, https:\/\/9staedte.de\/wp-content\/smush-webp\/2023\/05\/Einbecker-Bierdiplom\u00a9Ole-Spata-768x422.jpg.webp 768w, https:\/\/9staedte.de\/wp-content\/smush-webp\/2023\/05\/Einbecker-Bierdiplom\u00a9Ole-Spata.jpg.webp 1020w\" sizes=\"auto, (max-width: 300px) 100vw, 300px\" \/>                    <img loading=\"lazy\" decoding=\"async\" width=\"300\" height=\"165\" src=\"https:\/\/9staedte.de\/wp-content\/smush-webp\/2023\/05\/Einbecker-Bierdiplom\u00a9Ole-Spata-300x165.jpg.webp\" class=\"objectfitcontain wp-post-image\" alt=\"L\u2019image montre cinq personnes \u00e0 une table en bois. Elles trinquent avec des verres de bi\u00e8re. Une femme porte un costume historique. Sur la table, il y a des petits verres avec des grains. L\u2019ambiance est joyeuse.\" srcset=\"https:\/\/9staedte.de\/wp-content\/smush-webp\/2023\/05\/Einbecker-Bierdiplom\u00a9Ole-Spata-300x165.jpg.webp 300w, https:\/\/9staedte.de\/wp-content\/smush-webp\/2023\/05\/Einbecker-Bierdiplom\u00a9Ole-Spata-768x422.jpg.webp 768w, https:\/\/9staedte.de\/wp-content\/smush-webp\/2023\/05\/Einbecker-Bierdiplom\u00a9Ole-Spata.jpg.webp 1020w\" sizes=\"auto, (max-width: 300px) 100vw, 300px\" \/>                        <div class=\"thumbnail-label\">\n    <span>Einbecker Bierdiplom c) Ole Spata<\/span>\n    <\/div>\n                <\/div>\n                        <div class=\"contentKachel-content\">\n                                    <div class=\"city-tag bg-einbeck\">\n                        Einbeck                    <\/div>\n                \n                <div class=\"title\">\n\n                    Tout sur la bi\u00e8re                    \n                <\/div>\n\n                            <\/div>\n\n        <\/div>\n    <\/a>\n<\/div>                                                        \n<div class=\"contentKachel filtr-item\" data-category=\"einbeck-fr\">\n    <a href=\"https:\/\/9staedte.de\/fr\/a-travers-les-siecles\/\">\n        <div class=\"contentKachel-inner\">\n                            <div class=\"contentKachel-thumbnail\">\n                    <img loading=\"lazy\" decoding=\"async\" width=\"300\" height=\"165\" src=\"https:\/\/9staedte.de\/wp-content\/smush-webp\/2023\/05\/Stadtfuehrung-\u00a9Daniel-Li-Photography-300x165.jpg.webp\" class=\"objectfitcover withfilters wp-post-image\" alt=\"Une femme montre un grand vieux b\u00e2timent. Cela ressemble \u00e0 une \u00e9glise. Quatre personnes l&#039;\u00e9coutent. Ils sont sur une place avec de vieilles maisons \u00e0 colombages.\" srcset=\"https:\/\/9staedte.de\/wp-content\/smush-webp\/2023\/05\/Stadtfuehrung-\u00a9Daniel-Li-Photography-300x165.jpg.webp 300w, https:\/\/9staedte.de\/wp-content\/smush-webp\/2023\/05\/Stadtfuehrung-\u00a9Daniel-Li-Photography-768x422.jpg.webp 768w, https:\/\/9staedte.de\/wp-content\/smush-webp\/2023\/05\/Stadtfuehrung-\u00a9Daniel-Li-Photography.jpg.webp 1020w\" sizes=\"auto, (max-width: 300px) 100vw, 300px\" \/>                    <img loading=\"lazy\" decoding=\"async\" width=\"300\" height=\"165\" src=\"https:\/\/9staedte.de\/wp-content\/smush-webp\/2023\/05\/Stadtfuehrung-\u00a9Daniel-Li-Photography-300x165.jpg.webp\" class=\"objectfitcontain wp-post-image\" alt=\"Une femme montre un grand vieux b\u00e2timent. Cela ressemble \u00e0 une \u00e9glise. Quatre personnes l&#039;\u00e9coutent. Ils sont sur une place avec de vieilles maisons \u00e0 colombages.\" srcset=\"https:\/\/9staedte.de\/wp-content\/smush-webp\/2023\/05\/Stadtfuehrung-\u00a9Daniel-Li-Photography-300x165.jpg.webp 300w, https:\/\/9staedte.de\/wp-content\/smush-webp\/2023\/05\/Stadtfuehrung-\u00a9Daniel-Li-Photography-768x422.jpg.webp 768w, https:\/\/9staedte.de\/wp-content\/smush-webp\/2023\/05\/Stadtfuehrung-\u00a9Daniel-Li-Photography.jpg.webp 1020w\" sizes=\"auto, (max-width: 300px) 100vw, 300px\" \/>                        <div class=\"thumbnail-label\">\n    <span>Stadtf\u00fchrung in Einbeck c) Daniel Li Photography<\/span>\n    <\/div>\n                <\/div>\n                        <div class=\"contentKachel-content\">\n                                    <div class=\"city-tag bg-einbeck\">\n                        Einbeck                    <\/div>\n                \n                <div class=\"title\">\n\n                    \u00c0 travers les si\u00e8cles                    \n                <\/div>\n\n                            <\/div>\n\n        <\/div>\n    <\/a>\n<\/div>                                                        \n<div class=\"contentKachel filtr-item\" data-category=\"einbeck-fr\">\n    <a href=\"https:\/\/9staedte.de\/fr\/biere-claire-et-ombres-sombres\/\">\n        <div class=\"contentKachel-inner\">\n                            <div class=\"contentKachel-thumbnail\">\n                    <img loading=\"lazy\" decoding=\"async\" width=\"300\" height=\"165\" src=\"https:\/\/9staedte.de\/wp-content\/smush-webp\/2023\/05\/Altes-Rathaus-bei-Nacht-CC0-300x165.jpg.webp\" class=\"objectfitcover withfilters wp-post-image\" alt=\"Un vieil h\u00f4tel de ville est \u00e9clair\u00e9 la nuit. On voit trois grandes tours. De nombreuses fen\u00eatres brillent. Le b\u00e2timent est d\u00e9cor\u00e9.\" srcset=\"https:\/\/9staedte.de\/wp-content\/smush-webp\/2023\/05\/Altes-Rathaus-bei-Nacht-CC0-300x165.jpg.webp 300w, https:\/\/9staedte.de\/wp-content\/smush-webp\/2023\/05\/Altes-Rathaus-bei-Nacht-CC0-768x422.jpg.webp 768w, https:\/\/9staedte.de\/wp-content\/smush-webp\/2023\/05\/Altes-Rathaus-bei-Nacht-CC0.jpg.webp 1020w\" sizes=\"auto, (max-width: 300px) 100vw, 300px\" \/>                    <img loading=\"lazy\" decoding=\"async\" width=\"300\" height=\"165\" src=\"https:\/\/9staedte.de\/wp-content\/smush-webp\/2023\/05\/Altes-Rathaus-bei-Nacht-CC0-300x165.jpg.webp\" class=\"objectfitcontain wp-post-image\" alt=\"Un vieil h\u00f4tel de ville est \u00e9clair\u00e9 la nuit. On voit trois grandes tours. De nombreuses fen\u00eatres brillent. Le b\u00e2timent est d\u00e9cor\u00e9.\" srcset=\"https:\/\/9staedte.de\/wp-content\/smush-webp\/2023\/05\/Altes-Rathaus-bei-Nacht-CC0-300x165.jpg.webp 300w, https:\/\/9staedte.de\/wp-content\/smush-webp\/2023\/05\/Altes-Rathaus-bei-Nacht-CC0-768x422.jpg.webp 768w, https:\/\/9staedte.de\/wp-content\/smush-webp\/2023\/05\/Altes-Rathaus-bei-Nacht-CC0.jpg.webp 1020w\" sizes=\"auto, (max-width: 300px) 100vw, 300px\" \/>                        <div class=\"thumbnail-label\">\n    <span>Einbeck Altes Rathaus bei Nacht CC0<\/span>\n    <\/div>\n                <\/div>\n                        <div class=\"contentKachel-content\">\n                                    <div class=\"city-tag bg-einbeck\">\n                        Einbeck                    <\/div>\n                \n                <div class=\"title\">\n\n                    Bi\u00e8re claire et ombres sombres                    \n                <\/div>\n\n                            <\/div>\n\n        <\/div>\n    <\/a>\n<\/div>                                            <\/div>\r\n    <\/div>\r\n","protected":false},"excerpt":{"rendered":"","protected":false},"author":1,"featured_media":16976,"parent":18033,"menu_order":0,"comment_status":"closed","ping_status":"closed","template":"pagetemplates\/template-stadtthema.php","meta":{"_acf_changed":false,"footnotes":""},"categories":[],"tags":[],"ncap_cities_tax":[478,1256],"class_list":["post-16967","page","type-page","status-publish","has-post-thumbnail","hentry","ncap_cities_tax-einbeck-fr","ncap_cities_tax-stadtfuhrungen-einbeck-fr"],"acf":[],"yoast_head":"<!-- This site is optimized with the Yoast SEO plugin v26.8 - https:\/\/yoast.com\/product\/yoast-seo-wordpress\/ -->\n<title>Visites guid\u00e9es de la ville d&#039;Einbeck - 9 St\u00e4dte in Niedersachsen<\/title>\n<meta name=\"robots\" content=\"index, follow, max-snippet:-1, max-image-preview:large, max-video-preview:-1\" \/>\n<link rel=\"canonical\" href=\"https:\/\/9staedte.de\/fr\/einbeck-voitures-anciennes-colombages-biere\/visites-guidees-de-la-ville-deinbeck\/\" \/>\n<meta property=\"og:locale\" content=\"fr_FR\" \/>\n<meta property=\"og:type\" content=\"article\" \/>\n<meta property=\"og:title\" content=\"Visites guid\u00e9es de la ville d&#039;Einbeck - 9 St\u00e4dte in Niedersachsen\" \/>\n<meta property=\"og:url\" content=\"https:\/\/9staedte.de\/fr\/einbeck-voitures-anciennes-colombages-biere\/visites-guidees-de-la-ville-deinbeck\/\" \/>\n<meta property=\"og:site_name\" content=\"9 St\u00e4dte in Niedersachsen\" \/>\n<meta property=\"article:modified_time\" content=\"2023-11-02T16:37:01+00:00\" \/>\n<meta property=\"og:image\" content=\"https:\/\/9staedte.de\/wp-content\/uploads\/2023\/05\/Fuehrung-durch-die-Stadt-\u00a9Daniel-Li-Photography.jpg\" \/>\n\t<meta property=\"og:image:width\" content=\"1020\" \/>\n\t<meta property=\"og:image:height\" content=\"560\" \/>\n\t<meta property=\"og:image:type\" content=\"image\/jpeg\" \/>\n<meta name=\"twitter:card\" content=\"summary_large_image\" \/>\n<script type=\"application\/ld+json\" class=\"yoast-schema-graph\">{\"@context\":\"https:\/\/schema.org\",\"@graph\":[{\"@type\":\"WebPage\",\"@id\":\"https:\/\/9staedte.de\/fr\/einbeck-voitures-anciennes-colombages-biere\/visites-guidees-de-la-ville-deinbeck\/\",\"url\":\"https:\/\/9staedte.de\/fr\/einbeck-voitures-anciennes-colombages-biere\/visites-guidees-de-la-ville-deinbeck\/\",\"name\":\"Visites guid\u00e9es de la ville d'Einbeck - 9 St\u00e4dte in Niedersachsen\",\"isPartOf\":{\"@id\":\"https:\/\/9staedte.de\/fr\/#website\"},\"primaryImageOfPage\":{\"@id\":\"https:\/\/9staedte.de\/fr\/einbeck-voitures-anciennes-colombages-biere\/visites-guidees-de-la-ville-deinbeck\/#primaryimage\"},\"image\":{\"@id\":\"https:\/\/9staedte.de\/fr\/einbeck-voitures-anciennes-colombages-biere\/visites-guidees-de-la-ville-deinbeck\/#primaryimage\"},\"thumbnailUrl\":\"https:\/\/9staedte.de\/wp-content\/uploads\/2023\/05\/Fuehrung-durch-die-Stadt-\u00a9Daniel-Li-Photography.jpg\",\"datePublished\":\"2023-11-02T08:46:24+00:00\",\"dateModified\":\"2023-11-02T16:37:01+00:00\",\"breadcrumb\":{\"@id\":\"https:\/\/9staedte.de\/fr\/einbeck-voitures-anciennes-colombages-biere\/visites-guidees-de-la-ville-deinbeck\/#breadcrumb\"},\"inLanguage\":\"fr-FR\",\"potentialAction\":[{\"@type\":\"ReadAction\",\"target\":[\"https:\/\/9staedte.de\/fr\/einbeck-voitures-anciennes-colombages-biere\/visites-guidees-de-la-ville-deinbeck\/\"]}]},{\"@type\":\"ImageObject\",\"inLanguage\":\"fr-FR\",\"@id\":\"https:\/\/9staedte.de\/fr\/einbeck-voitures-anciennes-colombages-biere\/visites-guidees-de-la-ville-deinbeck\/#primaryimage\",\"url\":\"https:\/\/9staedte.de\/wp-content\/uploads\/2023\/05\/Fuehrung-durch-die-Stadt-\u00a9Daniel-Li-Photography.jpg\",\"contentUrl\":\"https:\/\/9staedte.de\/wp-content\/uploads\/2023\/05\/Fuehrung-durch-die-Stadt-\u00a9Daniel-Li-Photography.jpg\",\"width\":1020,\"height\":560,\"caption\":\"Einbeck F\u00fchrung durch die Stadt c) Daniel Li Photography\"},{\"@type\":\"BreadcrumbList\",\"@id\":\"https:\/\/9staedte.de\/fr\/einbeck-voitures-anciennes-colombages-biere\/visites-guidees-de-la-ville-deinbeck\/#breadcrumb\",\"itemListElement\":[{\"@type\":\"ListItem\",\"position\":1,\"name\":\"Startseite\",\"item\":\"https:\/\/9staedte.de\/fr\/\"},{\"@type\":\"ListItem\",\"position\":2,\"name\":\"Einbeck &#8211; voitures anciennes, colombages, bi\u00e8re\",\"item\":\"https:\/\/9staedte.de\/fr\/einbeck-voitures-anciennes-colombages-biere\/\"},{\"@type\":\"ListItem\",\"position\":3,\"name\":\"Visites guid\u00e9es de la ville d&#8217;Einbeck\"}]},{\"@type\":\"WebSite\",\"@id\":\"https:\/\/9staedte.de\/fr\/#website\",\"url\":\"https:\/\/9staedte.de\/fr\/\",\"name\":\"9 St\u00e4dte in Niedersachsen\",\"description\":\"\",\"publisher\":{\"@id\":\"https:\/\/9staedte.de\/fr\/#organization\"},\"potentialAction\":[{\"@type\":\"SearchAction\",\"target\":{\"@type\":\"EntryPoint\",\"urlTemplate\":\"https:\/\/9staedte.de\/fr\/?s={search_term_string}\"},\"query-input\":{\"@type\":\"PropertyValueSpecification\",\"valueRequired\":true,\"valueName\":\"search_term_string\"}}],\"inLanguage\":\"fr-FR\"},{\"@type\":\"Organization\",\"@id\":\"https:\/\/9staedte.de\/fr\/#organization\",\"name\":\"9 St\u00e4dte in Niedersachsen\",\"url\":\"https:\/\/9staedte.de\/fr\/\",\"logo\":{\"@type\":\"ImageObject\",\"inLanguage\":\"fr-FR\",\"@id\":\"https:\/\/9staedte.de\/fr\/#\/schema\/logo\/image\/\",\"url\":\"https:\/\/9staedte.de\/wp-content\/uploads\/2025\/01\/9-neg-deutsch-2-1.png\",\"contentUrl\":\"https:\/\/9staedte.de\/wp-content\/uploads\/2025\/01\/9-neg-deutsch-2-1.png\",\"width\":190,\"height\":114,\"caption\":\"9 St\u00e4dte in Niedersachsen\"},\"image\":{\"@id\":\"https:\/\/9staedte.de\/fr\/#\/schema\/logo\/image\/\"}}]}<\/script>\n<!-- \/ Yoast SEO plugin. -->","yoast_head_json":{"title":"Visites guid\u00e9es de la ville d'Einbeck - 9 St\u00e4dte in Niedersachsen","robots":{"index":"index","follow":"follow","max-snippet":"max-snippet:-1","max-image-preview":"max-image-preview:large","max-video-preview":"max-video-preview:-1"},"canonical":"https:\/\/9staedte.de\/fr\/einbeck-voitures-anciennes-colombages-biere\/visites-guidees-de-la-ville-deinbeck\/","og_locale":"fr_FR","og_type":"article","og_title":"Visites guid\u00e9es de la ville d'Einbeck - 9 St\u00e4dte in Niedersachsen","og_url":"https:\/\/9staedte.de\/fr\/einbeck-voitures-anciennes-colombages-biere\/visites-guidees-de-la-ville-deinbeck\/","og_site_name":"9 St\u00e4dte in Niedersachsen","article_modified_time":"2023-11-02T16:37:01+00:00","og_image":[{"width":1020,"height":560,"url":"https:\/\/9staedte.de\/wp-content\/uploads\/2023\/05\/Fuehrung-durch-die-Stadt-\u00a9Daniel-Li-Photography.jpg","type":"image\/jpeg"}],"twitter_card":"summary_large_image","schema":{"@context":"https:\/\/schema.org","@graph":[{"@type":"WebPage","@id":"https:\/\/9staedte.de\/fr\/einbeck-voitures-anciennes-colombages-biere\/visites-guidees-de-la-ville-deinbeck\/","url":"https:\/\/9staedte.de\/fr\/einbeck-voitures-anciennes-colombages-biere\/visites-guidees-de-la-ville-deinbeck\/","name":"Visites guid\u00e9es de la ville d'Einbeck - 9 St\u00e4dte in Niedersachsen","isPartOf":{"@id":"https:\/\/9staedte.de\/fr\/#website"},"primaryImageOfPage":{"@id":"https:\/\/9staedte.de\/fr\/einbeck-voitures-anciennes-colombages-biere\/visites-guidees-de-la-ville-deinbeck\/#primaryimage"},"image":{"@id":"https:\/\/9staedte.de\/fr\/einbeck-voitures-anciennes-colombages-biere\/visites-guidees-de-la-ville-deinbeck\/#primaryimage"},"thumbnailUrl":"https:\/\/9staedte.de\/wp-content\/uploads\/2023\/05\/Fuehrung-durch-die-Stadt-\u00a9Daniel-Li-Photography.jpg","datePublished":"2023-11-02T08:46:24+00:00","dateModified":"2023-11-02T16:37:01+00:00","breadcrumb":{"@id":"https:\/\/9staedte.de\/fr\/einbeck-voitures-anciennes-colombages-biere\/visites-guidees-de-la-ville-deinbeck\/#breadcrumb"},"inLanguage":"fr-FR","potentialAction":[{"@type":"ReadAction","target":["https:\/\/9staedte.de\/fr\/einbeck-voitures-anciennes-colombages-biere\/visites-guidees-de-la-ville-deinbeck\/"]}]},{"@type":"ImageObject","inLanguage":"fr-FR","@id":"https:\/\/9staedte.de\/fr\/einbeck-voitures-anciennes-colombages-biere\/visites-guidees-de-la-ville-deinbeck\/#primaryimage","url":"https:\/\/9staedte.de\/wp-content\/uploads\/2023\/05\/Fuehrung-durch-die-Stadt-\u00a9Daniel-Li-Photography.jpg","contentUrl":"https:\/\/9staedte.de\/wp-content\/uploads\/2023\/05\/Fuehrung-durch-die-Stadt-\u00a9Daniel-Li-Photography.jpg","width":1020,"height":560,"caption":"Einbeck F\u00fchrung durch die Stadt c) Daniel Li Photography"},{"@type":"BreadcrumbList","@id":"https:\/\/9staedte.de\/fr\/einbeck-voitures-anciennes-colombages-biere\/visites-guidees-de-la-ville-deinbeck\/#breadcrumb","itemListElement":[{"@type":"ListItem","position":1,"name":"Startseite","item":"https:\/\/9staedte.de\/fr\/"},{"@type":"ListItem","position":2,"name":"Einbeck &#8211; voitures anciennes, colombages, bi\u00e8re","item":"https:\/\/9staedte.de\/fr\/einbeck-voitures-anciennes-colombages-biere\/"},{"@type":"ListItem","position":3,"name":"Visites guid\u00e9es de la ville d&#8217;Einbeck"}]},{"@type":"WebSite","@id":"https:\/\/9staedte.de\/fr\/#website","url":"https:\/\/9staedte.de\/fr\/","name":"9 St\u00e4dte in Niedersachsen","description":"","publisher":{"@id":"https:\/\/9staedte.de\/fr\/#organization"},"potentialAction":[{"@type":"SearchAction","target":{"@type":"EntryPoint","urlTemplate":"https:\/\/9staedte.de\/fr\/?s={search_term_string}"},"query-input":{"@type":"PropertyValueSpecification","valueRequired":true,"valueName":"search_term_string"}}],"inLanguage":"fr-FR"},{"@type":"Organization","@id":"https:\/\/9staedte.de\/fr\/#organization","name":"9 St\u00e4dte in Niedersachsen","url":"https:\/\/9staedte.de\/fr\/","logo":{"@type":"ImageObject","inLanguage":"fr-FR","@id":"https:\/\/9staedte.de\/fr\/#\/schema\/logo\/image\/","url":"https:\/\/9staedte.de\/wp-content\/uploads\/2025\/01\/9-neg-deutsch-2-1.png","contentUrl":"https:\/\/9staedte.de\/wp-content\/uploads\/2025\/01\/9-neg-deutsch-2-1.png","width":190,"height":114,"caption":"9 St\u00e4dte in Niedersachsen"},"image":{"@id":"https:\/\/9staedte.de\/fr\/#\/schema\/logo\/image\/"}}]}},"_links":{"self":[{"href":"https:\/\/9staedte.de\/fr\/wp-json\/wp\/v2\/pages\/16967","targetHints":{"allow":["GET"]}}],"collection":[{"href":"https:\/\/9staedte.de\/fr\/wp-json\/wp\/v2\/pages"}],"about":[{"href":"https:\/\/9staedte.de\/fr\/wp-json\/wp\/v2\/types\/page"}],"author":[{"embeddable":true,"href":"https:\/\/9staedte.de\/fr\/wp-json\/wp\/v2\/users\/1"}],"replies":[{"embeddable":true,"href":"https:\/\/9staedte.de\/fr\/wp-json\/wp\/v2\/comments?post=16967"}],"version-history":[{"count":1,"href":"https:\/\/9staedte.de\/fr\/wp-json\/wp\/v2\/pages\/16967\/revisions"}],"predecessor-version":[{"id":19769,"href":"https:\/\/9staedte.de\/fr\/wp-json\/wp\/v2\/pages\/16967\/revisions\/19769"}],"up":[{"embeddable":true,"href":"https:\/\/9staedte.de\/fr\/wp-json\/wp\/v2\/pages\/18033"}],"wp:featuredmedia":[{"embeddable":true,"href":"https:\/\/9staedte.de\/fr\/wp-json\/wp\/v2\/media\/16976"}],"wp:attachment":[{"href":"https:\/\/9staedte.de\/fr\/wp-json\/wp\/v2\/media?parent=16967"}],"wp:term":[{"taxonomy":"category","embeddable":true,"href":"https:\/\/9staedte.de\/fr\/wp-json\/wp\/v2\/categories?post=16967"},{"taxonomy":"post_tag","embeddable":true,"href":"https:\/\/9staedte.de\/fr\/wp-json\/wp\/v2\/tags?post=16967"},{"taxonomy":"ncap_cities_tax","embeddable":true,"href":"https:\/\/9staedte.de\/fr\/wp-json\/wp\/v2\/ncap_cities_tax?post=16967"}],"curies":[{"name":"wp","href":"https:\/\/api.w.org\/{rel}","templated":true}]}}