{"id":16952,"date":"2023-11-02T09:46:23","date_gmt":"2023-11-02T08:46:23","guid":{"rendered":"https:\/\/9staedte.de\/le-monde-hivernal-de-lautostadt-a-wolfsburg\/"},"modified":"2026-01-05T10:46:31","modified_gmt":"2026-01-05T09:46:31","slug":"le-monde-hivernal-de-lautostadt-a-wolfsburg","status":"publish","type":"page","link":"https:\/\/9staedte.de\/fr\/le-monde-hivernal-de-lautostadt-a-wolfsburg\/","title":{"rendered":"Le monde hivernal de l&rsquo;Autostadt \u00e0 Wolfsburg"},"content":{"rendered":"\n<h2 class=\"wp-block-heading\">Le monde de l&rsquo;hiver et le march\u00e9 de No\u00ebl \u00e0 Autostadt<\/h2>\n\n<p>Lorsque les jours raccourcissent, c&rsquo;est pour beaucoup la plus belle p\u00e9riode de l&rsquo;ann\u00e9e qui commence &#8211; et dans le monde hivernal de l&rsquo;Autostadt, vous pouvez vraiment profiter de cette p\u00e9riode : avec un paysage de parc d\u00e9cor\u00e9 de mani\u00e8re festive, une immense patinoire, un march\u00e9 d&rsquo;hiver typique et bien plus encore.<br\/>D\u00e9couvrez l&rsquo;action dans la neige et sur la glace ou passez des moments contemplatifs et agr\u00e9ables avec des amis ou la famille dans un doux scintillement de lumi\u00e8res et un parfum de cannelle, de clous de girofle et d&rsquo;orange sur le petit march\u00e9 de No\u00ebl.<br\/>(sous r\u00e9serve de modifications)<\/p>\n\n<p><a href=\"http:\/\/www.autostadt.de\/veranstaltungen\">Plus d&rsquo;informations<\/a><\/p>\n\n<div style=\"height:30px\" aria-hidden=\"true\" class=\"wp-block-spacer\"><\/div>\n\n<h3 class=\"wp-block-heading\">Autostadt \u00e0 Wolfsburg<\/h3>\n\n <div class=\"brlbs-cmpnt-container brlbs-cmpnt-content-blocker brlbs-cmpnt-with-individual-styles\" data-borlabs-cookie-content-blocker-id=\"google-maps\" data-borlabs-cookie-content=\"PGlmcmFtZSBzcmM9Imh0dHBzOi8vd3d3Lmdvb2dsZS5jb20vbWFwcy9lbWJlZD9wYj0hMW0xOCExbTEyITFtMyExZDI0MzIuNTY1NDcwMzMwMjYhMmQxMC43OTE2MzAzNzY5NzMyNiEzZDUyLjQzMjY3MDY0MjY5MTEyITJtMyExZjAhMmYwITNmMCEzbTIhMWkxMDI0ITJpNzY4ITRmMTMuMSEzbTMhMW0yITFzMHg0N2FmOTNiN2I4OWJmYWNmJTNBMHg0ZGNkZjA3ZjRkMjM3ZmY4ITJzQXV0b3N0YWR0ITVlMCEzbTIhMXNkZSEyc2RlITR2MTY5MjYyNDgzNzE0OCE1bTIhMXNkZSEyc2RlIiB3aWR0aD0iNjAwIiBoZWlnaHQ9IjQ1MCIgc3R5bGU9ImJvcmRlcjowOyIgYWxsb3dmdWxsc2NyZWVuPSIiIGxvYWRpbmc9ImxhenkiIHJlZmVycmVycG9saWN5PSJuby1yZWZlcnJlci13aGVuLWRvd25ncmFkZSI+PC9pZnJhbWU+\"><div class=\"brlbs-cmpnt-cb-preset-b brlbs-cmpnt-cb-google-maps\"> <div class=\"brlbs-cmpnt-cb-thumbnail\" style=\"background-image: url('https:\/\/9staedte.de\/wp-content\/uploads\/borlabs-cookie\/1\/brlbs-cb-google-maps-main.png')\"><\/div> <div class=\"brlbs-cmpnt-cb-main\"> <div class=\"brlbs-cmpnt-cb-content\"> <p class=\"brlbs-cmpnt-cb-description\">Vous \u00eates actuellement en train de consulter le contenu d&rsquo;un espace r\u00e9serv\u00e9 de <strong>Google Maps<\/strong>. Pour acc\u00e9der au contenu r\u00e9el, cliquez sur le bouton ci-dessous. Veuillez noter que ce faisant, des donn\u00e9es seront partag\u00e9es avec des providers tiers.<\/p> <a class=\"brlbs-cmpnt-cb-provider-toggle\" href=\"#\" data-borlabs-cookie-show-provider-information role=\"button\">Plus d&rsquo;informations<\/a> <\/div> <div class=\"brlbs-cmpnt-cb-buttons\"> <a class=\"brlbs-cmpnt-cb-btn\" href=\"#\" data-borlabs-cookie-unblock role=\"button\">D\u00e9bloquer le contenu<\/a> <a class=\"brlbs-cmpnt-cb-btn\" href=\"#\" data-borlabs-cookie-accept-service role=\"button\" style=\"display: inherit\">Accepter le service requis et d\u00e9bloquer le contenu<\/a> <\/div> <\/div> <\/div><\/div>\n\n<div style=\"height:30px\" aria-hidden=\"true\" class=\"wp-block-spacer\"><\/div>\n","protected":false},"excerpt":{"rendered":"<p>Le monde de l&rsquo;hiver et le march\u00e9 de No\u00ebl \u00e0 Autostadt Lorsque les jours raccourcissent, c&rsquo;est pour beaucoup la plus belle p\u00e9riode de l&rsquo;ann\u00e9e qui commence &#8211; et dans le monde hivernal de l&rsquo;Autostadt, vous pouvez vraiment profiter de cette p\u00e9riode : avec un paysage de parc d\u00e9cor\u00e9 de mani\u00e8re festive, une immense patinoire, un [&hellip;]<\/p>\n","protected":false},"author":6,"featured_media":15178,"parent":0,"menu_order":0,"comment_status":"closed","ping_status":"closed","template":"","meta":{"_acf_changed":false,"footnotes":""},"categories":[],"tags":[],"ncap_cities_tax":[485,556],"class_list":["post-16952","page","type-page","status-publish","has-post-thumbnail","hentry","ncap_cities_tax-autostadt-fr","ncap_cities_tax-weihnachtsmarkte-autostadt-fr"],"acf":[],"yoast_head":"<!-- This site is optimized with the Yoast SEO plugin v27.4 - https:\/\/yoast.com\/product\/yoast-seo-wordpress\/ -->\n<title>Le monde hivernal de l&#039;Autostadt \u00e0 Wolfsburg - 9 St\u00e4dte in Niedersachsen<\/title>\n<meta name=\"description\" content=\"Le monde hivernal de l&#039;Autostadt \u00e0 Wolfsburg : un pays des merveilles hivernales avec un parc d\u00e9cor\u00e9 pour les f\u00eates, une patinoire, un march\u00e9 d&#039;hiver\" \/>\n<meta name=\"robots\" content=\"index, follow, max-snippet:-1, max-image-preview:large, max-video-preview:-1\" \/>\n<link rel=\"canonical\" href=\"https:\/\/9staedte.de\/fr\/le-monde-hivernal-de-lautostadt-a-wolfsburg\/\" \/>\n<meta property=\"og:locale\" content=\"fr_FR\" \/>\n<meta property=\"og:type\" content=\"article\" \/>\n<meta property=\"og:title\" content=\"Le monde hivernal de l&#039;Autostadt \u00e0 Wolfsburg - 9 St\u00e4dte in Niedersachsen\" \/>\n<meta property=\"og:description\" content=\"Le monde hivernal de l&#039;Autostadt \u00e0 Wolfsburg : un pays des merveilles hivernales avec un parc d\u00e9cor\u00e9 pour les f\u00eates, une patinoire, un march\u00e9 d&#039;hiver\" \/>\n<meta property=\"og:url\" content=\"https:\/\/9staedte.de\/fr\/le-monde-hivernal-de-lautostadt-a-wolfsburg\/\" \/>\n<meta property=\"og:site_name\" content=\"9 St\u00e4dte in Niedersachsen\" \/>\n<meta property=\"article:modified_time\" content=\"2026-01-05T09:46:31+00:00\" \/>\n<meta property=\"og:image\" content=\"https:\/\/9staedte.de\/wp-content\/uploads\/2023\/07\/Winter-in-der-Autostadt_Credit-Michael-Jungblut.jpg\" \/>\n\t<meta property=\"og:image:width\" content=\"1020\" \/>\n\t<meta property=\"og:image:height\" content=\"561\" \/>\n\t<meta property=\"og:image:type\" content=\"image\/jpeg\" \/>\n<meta name=\"twitter:card\" content=\"summary_large_image\" \/>\n<meta name=\"twitter:label1\" content=\"Dur\u00e9e de lecture estim\u00e9e\" \/>\n\t<meta name=\"twitter:data1\" content=\"1 minute\" \/>\n<script type=\"application\/ld+json\" class=\"yoast-schema-graph\">{\"@context\":\"https:\\\/\\\/schema.org\",\"@graph\":[{\"@type\":\"WebPage\",\"@id\":\"https:\\\/\\\/9staedte.de\\\/fr\\\/le-monde-hivernal-de-lautostadt-a-wolfsburg\\\/\",\"url\":\"https:\\\/\\\/9staedte.de\\\/fr\\\/le-monde-hivernal-de-lautostadt-a-wolfsburg\\\/\",\"name\":\"Le monde hivernal de l'Autostadt \u00e0 Wolfsburg - 9 St\u00e4dte in Niedersachsen\",\"isPartOf\":{\"@id\":\"https:\\\/\\\/9staedte.de\\\/fr\\\/#website\"},\"primaryImageOfPage\":{\"@id\":\"https:\\\/\\\/9staedte.de\\\/fr\\\/le-monde-hivernal-de-lautostadt-a-wolfsburg\\\/#primaryimage\"},\"image\":{\"@id\":\"https:\\\/\\\/9staedte.de\\\/fr\\\/le-monde-hivernal-de-lautostadt-a-wolfsburg\\\/#primaryimage\"},\"thumbnailUrl\":\"https:\\\/\\\/9staedte.de\\\/wp-content\\\/uploads\\\/2023\\\/07\\\/Winter-in-der-Autostadt_Credit-Michael-Jungblut.jpg\",\"datePublished\":\"2023-11-02T08:46:23+00:00\",\"dateModified\":\"2026-01-05T09:46:31+00:00\",\"description\":\"Le monde hivernal de l'Autostadt \u00e0 Wolfsburg : un pays des merveilles hivernales avec un parc d\u00e9cor\u00e9 pour les f\u00eates, une patinoire, un march\u00e9 d'hiver\",\"breadcrumb\":{\"@id\":\"https:\\\/\\\/9staedte.de\\\/fr\\\/le-monde-hivernal-de-lautostadt-a-wolfsburg\\\/#breadcrumb\"},\"inLanguage\":\"fr-FR\",\"potentialAction\":[{\"@type\":\"ReadAction\",\"target\":[\"https:\\\/\\\/9staedte.de\\\/fr\\\/le-monde-hivernal-de-lautostadt-a-wolfsburg\\\/\"]}]},{\"@type\":\"ImageObject\",\"inLanguage\":\"fr-FR\",\"@id\":\"https:\\\/\\\/9staedte.de\\\/fr\\\/le-monde-hivernal-de-lautostadt-a-wolfsburg\\\/#primaryimage\",\"url\":\"https:\\\/\\\/9staedte.de\\\/wp-content\\\/uploads\\\/2023\\\/07\\\/Winter-in-der-Autostadt_Credit-Michael-Jungblut.jpg\",\"contentUrl\":\"https:\\\/\\\/9staedte.de\\\/wp-content\\\/uploads\\\/2023\\\/07\\\/Winter-in-der-Autostadt_Credit-Michael-Jungblut.jpg\",\"width\":1020,\"height\":561,\"caption\":\"Winter in der Autostadt_Credit Michael Jungblut\"},{\"@type\":\"BreadcrumbList\",\"@id\":\"https:\\\/\\\/9staedte.de\\\/fr\\\/le-monde-hivernal-de-lautostadt-a-wolfsburg\\\/#breadcrumb\",\"itemListElement\":[{\"@type\":\"ListItem\",\"position\":1,\"name\":\"Startseite\",\"item\":\"https:\\\/\\\/9staedte.de\\\/fr\\\/\"},{\"@type\":\"ListItem\",\"position\":2,\"name\":\"Le monde hivernal de l&#8217;Autostadt \u00e0 Wolfsburg\"}]},{\"@type\":\"WebSite\",\"@id\":\"https:\\\/\\\/9staedte.de\\\/fr\\\/#website\",\"url\":\"https:\\\/\\\/9staedte.de\\\/fr\\\/\",\"name\":\"9 St\u00e4dte in Niedersachsen\",\"description\":\"\",\"publisher\":{\"@id\":\"https:\\\/\\\/9staedte.de\\\/fr\\\/#organization\"},\"potentialAction\":[{\"@type\":\"SearchAction\",\"target\":{\"@type\":\"EntryPoint\",\"urlTemplate\":\"https:\\\/\\\/9staedte.de\\\/fr\\\/?s={search_term_string}\"},\"query-input\":{\"@type\":\"PropertyValueSpecification\",\"valueRequired\":true,\"valueName\":\"search_term_string\"}}],\"inLanguage\":\"fr-FR\"},{\"@type\":\"Organization\",\"@id\":\"https:\\\/\\\/9staedte.de\\\/fr\\\/#organization\",\"name\":\"9 St\u00e4dte in Niedersachsen\",\"url\":\"https:\\\/\\\/9staedte.de\\\/fr\\\/\",\"logo\":{\"@type\":\"ImageObject\",\"inLanguage\":\"fr-FR\",\"@id\":\"https:\\\/\\\/9staedte.de\\\/fr\\\/#\\\/schema\\\/logo\\\/image\\\/\",\"url\":\"https:\\\/\\\/9staedte.de\\\/wp-content\\\/uploads\\\/2025\\\/01\\\/9-neg-deutsch-2-1.png\",\"contentUrl\":\"https:\\\/\\\/9staedte.de\\\/wp-content\\\/uploads\\\/2025\\\/01\\\/9-neg-deutsch-2-1.png\",\"width\":190,\"height\":114,\"caption\":\"9 St\u00e4dte in Niedersachsen\"},\"image\":{\"@id\":\"https:\\\/\\\/9staedte.de\\\/fr\\\/#\\\/schema\\\/logo\\\/image\\\/\"}}]}<\/script>\n<!-- \/ Yoast SEO plugin. -->","yoast_head_json":{"title":"Le monde hivernal de l'Autostadt \u00e0 Wolfsburg - 9 St\u00e4dte in Niedersachsen","description":"Le monde hivernal de l'Autostadt \u00e0 Wolfsburg : un pays des merveilles hivernales avec un parc d\u00e9cor\u00e9 pour les f\u00eates, une patinoire, un march\u00e9 d'hiver","robots":{"index":"index","follow":"follow","max-snippet":"max-snippet:-1","max-image-preview":"max-image-preview:large","max-video-preview":"max-video-preview:-1"},"canonical":"https:\/\/9staedte.de\/fr\/le-monde-hivernal-de-lautostadt-a-wolfsburg\/","og_locale":"fr_FR","og_type":"article","og_title":"Le monde hivernal de l'Autostadt \u00e0 Wolfsburg - 9 St\u00e4dte in Niedersachsen","og_description":"Le monde hivernal de l'Autostadt \u00e0 Wolfsburg : un pays des merveilles hivernales avec un parc d\u00e9cor\u00e9 pour les f\u00eates, une patinoire, un march\u00e9 d'hiver","og_url":"https:\/\/9staedte.de\/fr\/le-monde-hivernal-de-lautostadt-a-wolfsburg\/","og_site_name":"9 St\u00e4dte in Niedersachsen","article_modified_time":"2026-01-05T09:46:31+00:00","og_image":[{"width":1020,"height":561,"url":"https:\/\/9staedte.de\/wp-content\/uploads\/2023\/07\/Winter-in-der-Autostadt_Credit-Michael-Jungblut.jpg","type":"image\/jpeg"}],"twitter_card":"summary_large_image","twitter_misc":{"Dur\u00e9e de lecture estim\u00e9e":"1 minute"},"schema":{"@context":"https:\/\/schema.org","@graph":[{"@type":"WebPage","@id":"https:\/\/9staedte.de\/fr\/le-monde-hivernal-de-lautostadt-a-wolfsburg\/","url":"https:\/\/9staedte.de\/fr\/le-monde-hivernal-de-lautostadt-a-wolfsburg\/","name":"Le monde hivernal de l'Autostadt \u00e0 Wolfsburg - 9 St\u00e4dte in Niedersachsen","isPartOf":{"@id":"https:\/\/9staedte.de\/fr\/#website"},"primaryImageOfPage":{"@id":"https:\/\/9staedte.de\/fr\/le-monde-hivernal-de-lautostadt-a-wolfsburg\/#primaryimage"},"image":{"@id":"https:\/\/9staedte.de\/fr\/le-monde-hivernal-de-lautostadt-a-wolfsburg\/#primaryimage"},"thumbnailUrl":"https:\/\/9staedte.de\/wp-content\/uploads\/2023\/07\/Winter-in-der-Autostadt_Credit-Michael-Jungblut.jpg","datePublished":"2023-11-02T08:46:23+00:00","dateModified":"2026-01-05T09:46:31+00:00","description":"Le monde hivernal de l'Autostadt \u00e0 Wolfsburg : un pays des merveilles hivernales avec un parc d\u00e9cor\u00e9 pour les f\u00eates, une patinoire, un march\u00e9 d'hiver","breadcrumb":{"@id":"https:\/\/9staedte.de\/fr\/le-monde-hivernal-de-lautostadt-a-wolfsburg\/#breadcrumb"},"inLanguage":"fr-FR","potentialAction":[{"@type":"ReadAction","target":["https:\/\/9staedte.de\/fr\/le-monde-hivernal-de-lautostadt-a-wolfsburg\/"]}]},{"@type":"ImageObject","inLanguage":"fr-FR","@id":"https:\/\/9staedte.de\/fr\/le-monde-hivernal-de-lautostadt-a-wolfsburg\/#primaryimage","url":"https:\/\/9staedte.de\/wp-content\/uploads\/2023\/07\/Winter-in-der-Autostadt_Credit-Michael-Jungblut.jpg","contentUrl":"https:\/\/9staedte.de\/wp-content\/uploads\/2023\/07\/Winter-in-der-Autostadt_Credit-Michael-Jungblut.jpg","width":1020,"height":561,"caption":"Winter in der Autostadt_Credit Michael Jungblut"},{"@type":"BreadcrumbList","@id":"https:\/\/9staedte.de\/fr\/le-monde-hivernal-de-lautostadt-a-wolfsburg\/#breadcrumb","itemListElement":[{"@type":"ListItem","position":1,"name":"Startseite","item":"https:\/\/9staedte.de\/fr\/"},{"@type":"ListItem","position":2,"name":"Le monde hivernal de l&#8217;Autostadt \u00e0 Wolfsburg"}]},{"@type":"WebSite","@id":"https:\/\/9staedte.de\/fr\/#website","url":"https:\/\/9staedte.de\/fr\/","name":"9 St\u00e4dte in Niedersachsen","description":"","publisher":{"@id":"https:\/\/9staedte.de\/fr\/#organization"},"potentialAction":[{"@type":"SearchAction","target":{"@type":"EntryPoint","urlTemplate":"https:\/\/9staedte.de\/fr\/?s={search_term_string}"},"query-input":{"@type":"PropertyValueSpecification","valueRequired":true,"valueName":"search_term_string"}}],"inLanguage":"fr-FR"},{"@type":"Organization","@id":"https:\/\/9staedte.de\/fr\/#organization","name":"9 St\u00e4dte in Niedersachsen","url":"https:\/\/9staedte.de\/fr\/","logo":{"@type":"ImageObject","inLanguage":"fr-FR","@id":"https:\/\/9staedte.de\/fr\/#\/schema\/logo\/image\/","url":"https:\/\/9staedte.de\/wp-content\/uploads\/2025\/01\/9-neg-deutsch-2-1.png","contentUrl":"https:\/\/9staedte.de\/wp-content\/uploads\/2025\/01\/9-neg-deutsch-2-1.png","width":190,"height":114,"caption":"9 St\u00e4dte in Niedersachsen"},"image":{"@id":"https:\/\/9staedte.de\/fr\/#\/schema\/logo\/image\/"}}]}},"_links":{"self":[{"href":"https:\/\/9staedte.de\/fr\/wp-json\/wp\/v2\/pages\/16952","targetHints":{"allow":["GET"]}}],"collection":[{"href":"https:\/\/9staedte.de\/fr\/wp-json\/wp\/v2\/pages"}],"about":[{"href":"https:\/\/9staedte.de\/fr\/wp-json\/wp\/v2\/types\/page"}],"author":[{"embeddable":true,"href":"https:\/\/9staedte.de\/fr\/wp-json\/wp\/v2\/users\/6"}],"replies":[{"embeddable":true,"href":"https:\/\/9staedte.de\/fr\/wp-json\/wp\/v2\/comments?post=16952"}],"version-history":[{"count":2,"href":"https:\/\/9staedte.de\/fr\/wp-json\/wp\/v2\/pages\/16952\/revisions"}],"predecessor-version":[{"id":26998,"href":"https:\/\/9staedte.de\/fr\/wp-json\/wp\/v2\/pages\/16952\/revisions\/26998"}],"wp:featuredmedia":[{"embeddable":true,"href":"https:\/\/9staedte.de\/fr\/wp-json\/wp\/v2\/media\/15178"}],"wp:attachment":[{"href":"https:\/\/9staedte.de\/fr\/wp-json\/wp\/v2\/media?parent=16952"}],"wp:term":[{"taxonomy":"category","embeddable":true,"href":"https:\/\/9staedte.de\/fr\/wp-json\/wp\/v2\/categories?post=16952"},{"taxonomy":"post_tag","embeddable":true,"href":"https:\/\/9staedte.de\/fr\/wp-json\/wp\/v2\/tags?post=16952"},{"taxonomy":"ncap_cities_tax","embeddable":true,"href":"https:\/\/9staedte.de\/fr\/wp-json\/wp\/v2\/ncap_cities_tax?post=16952"}],"curies":[{"name":"wp","href":"https:\/\/api.w.org\/{rel}","templated":true}]}}