{"id":16950,"date":"2023-11-02T09:46:23","date_gmt":"2023-11-02T08:46:23","guid":{"rendered":"https:\/\/9staedte.de\/conseils-pour-votre-congres-a-wolfenbuettel\/"},"modified":"2023-11-02T09:46:23","modified_gmt":"2023-11-02T08:46:23","slug":"conseils-pour-votre-congres-a-wolfenbuettel","status":"publish","type":"page","link":"https:\/\/9staedte.de\/fr\/conseils-pour-votre-congres-a-wolfenbuettel\/","title":{"rendered":"Conseils pour votre congr\u00e8s \u00e0 Wolfenb\u00fcttel :"},"content":{"rendered":"\n<p><strong>Journ\u00e9es au ch\u00e2teau de Wolfenb\u00fcttel<\/strong><br>Organisez votre congr\u00e8s dans le deuxi\u00e8me plus grand ch\u00e2teau de Basse-Saxe et r\u00e9sidez comme le faisaient autrefois les ducs de Guelfes. Nous vous proposons des locaux historiques ainsi que des programmes cadres adapt\u00e9s et inoubliables dans le centre imm\u00e9diat de Wolfenb\u00fcttel.<\/p>\n\n\n\n<p><strong>Congr\u00e8s \u00e0 la Lindenhalle de Wolfenb\u00fcttel<\/strong><br>La meilleure adresse pour les r\u00e9unions et les congr\u00e8s dans un style classique mais moderne. En tant que plus grand centre \u00e9v\u00e9nementiel de Wolfenb\u00fcttel, la Lindenhalle vous offre une grande flexibilit\u00e9, un \u00e9quipement ultramoderne ainsi qu&rsquo;une infrastructure adapt\u00e9e.<\/p>\n\n\n\n<p><strong>Nature et modernit\u00e9 \u00e0 l&rsquo;auberge de jeunesse de Wolfenb\u00fcttel<\/strong><br>L&rsquo;auberge de jeunesse de Wolfenb\u00fcttel est situ\u00e9e au centre de la ville de Wolfenb\u00fcttel et offre, en plus de diff\u00e9rentes salles de r\u00e9union et de possibilit\u00e9s d&rsquo;h\u00e9bergement, un acc\u00e8s direct \u00e0 notre parc municipal, le Seeligerpark. Ici, il y a beaucoup de place pour les activit\u00e9s ext\u00e9rieures, les discussions anim\u00e9es et les bonnes d\u00e9cisions.<\/p>\n\n\n\n<p><strong>Kommisse &#8230; des r\u00e9unions exceptionnelles dans un cadre historique<\/strong><br>La Kommisse Wolfenb\u00fcttel est un ancien b\u00e2timent traditionnel situ\u00e9 au c\u0153ur de la ville de Wolfenb\u00fcttel. Construit en tant que moulin, il fut mis au service des ducs de Guelfes et servit depuis lors de magasin de vente ainsi que de maison de jeu et de mariage. Aujourd&rsquo;hui, les locaux restaur\u00e9s \u00e0 l&rsquo;identique offrent une possibilit\u00e9 parfaite de faire de chaque \u00e9v\u00e9nement un moment fort.<\/p>\n\n\n\n<p><strong>Programmes cadres individuels<\/strong><br>En collaboration avec notre office de tourisme, nous nous ferons un plaisir d&rsquo;organiser un programme cadre adapt\u00e9 \u00e0 votre r\u00e9union ou congr\u00e8s. Nous nous ferons un plaisir de vous proposer des visites guid\u00e9es culinaires de la vieille ville, des activit\u00e9s sportives en guise de team building, des promenades nocturnes \u00e0 la J\u00e4germeister et bien d&rsquo;autres choses encore.<\/p>\n\n\n\n<p><strong>Un service de restauration adapt\u00e9 \u00e0 vos besoins !<\/strong><br>Nous vous offrons le meilleur service possible pour nourrir vos invit\u00e9s. Nous organisons la restauration de vos invit\u00e9s de mani\u00e8re tout \u00e0 fait individuelle, selon vos souhaits. Gr\u00e2ce \u00e0 des partenaires s\u00e9lectionn\u00e9s et vari\u00e9s, le service de restauration contribuera au succ\u00e8s de votre \u00e9v\u00e9nement.<br>Des forfaits pour tous les souhaits<br>Nos diff\u00e9rents forfaits de r\u00e9union offrent une bonne possibilit\u00e9 de ma\u00eetriser les co\u00fbts pour chaque \u00e9v\u00e9nement, sans pour autant devoir renoncer \u00e0 quoi que ce soit. Nous pouvons \u00e9galement vous proposer un forfait personnalis\u00e9 selon vos souhaits.<\/p>\n\n\n\n<p><strong>Des r\u00e9unions de plusieurs jours pour tous les budgets<\/strong><br>Pour les \u00e9v\u00e9nements de plusieurs jours, nous vous aidons \u00e0 h\u00e9berger vos participants. Pour les participants soucieux de leur budget, l&rsquo;auberge de jeunesse propose jusqu&rsquo;\u00e0 131 lits dans des chambres modernes et fonctionnelles de un \u00e0 quatre lits. Mais gr\u00e2ce \u00e0 un bon r\u00e9seau dans la r\u00e9gion, nous pouvons aussi vous procurer un h\u00f4tel 5 \u00e9toiles.<\/p>\n","protected":false},"excerpt":{"rendered":"<p>Journ\u00e9es au ch\u00e2teau de Wolfenb\u00fcttelOrganisez votre congr\u00e8s dans le deuxi\u00e8me plus grand ch\u00e2teau de Basse-Saxe et r\u00e9sidez comme le faisaient autrefois les ducs de Guelfes. Nous vous proposons des locaux historiques ainsi que des programmes cadres adapt\u00e9s et inoubliables dans le centre imm\u00e9diat de Wolfenb\u00fcttel. Congr\u00e8s \u00e0 la Lindenhalle de Wolfenb\u00fcttelLa meilleure adresse pour les [&hellip;]<\/p>\n","protected":false},"author":6,"featured_media":16959,"parent":0,"menu_order":0,"comment_status":"closed","ping_status":"closed","template":"","meta":{"_acf_changed":false,"footnotes":""},"categories":[],"tags":[],"ncap_cities_tax":[471],"class_list":["post-16950","page","type-page","status-publish","has-post-thumbnail","hentry","ncap_cities_tax-wolfenbuettel-fr"],"acf":[],"yoast_head":"<!-- This site is optimized with the Yoast SEO plugin v26.8 - https:\/\/yoast.com\/product\/yoast-seo-wordpress\/ -->\n<title>Conseils pour votre congr\u00e8s \u00e0 Wolfenb\u00fcttel : - 9 St\u00e4dte in Niedersachsen<\/title>\n<meta name=\"robots\" content=\"index, follow, max-snippet:-1, max-image-preview:large, max-video-preview:-1\" \/>\n<link rel=\"canonical\" href=\"https:\/\/9staedte.de\/fr\/conseils-pour-votre-congres-a-wolfenbuettel\/\" \/>\n<meta property=\"og:locale\" content=\"fr_FR\" \/>\n<meta property=\"og:type\" content=\"article\" \/>\n<meta property=\"og:title\" content=\"Conseils pour votre congr\u00e8s \u00e0 Wolfenb\u00fcttel : - 9 St\u00e4dte in Niedersachsen\" \/>\n<meta property=\"og:description\" content=\"Journ\u00e9es au ch\u00e2teau de Wolfenb\u00fcttelOrganisez votre congr\u00e8s dans le deuxi\u00e8me plus grand ch\u00e2teau de Basse-Saxe et r\u00e9sidez comme le faisaient autrefois les ducs de Guelfes. Nous vous proposons des locaux historiques ainsi que des programmes cadres adapt\u00e9s et inoubliables dans le centre imm\u00e9diat de Wolfenb\u00fcttel. Congr\u00e8s \u00e0 la Lindenhalle de Wolfenb\u00fcttelLa meilleure adresse pour les [&hellip;]\" \/>\n<meta property=\"og:url\" content=\"https:\/\/9staedte.de\/fr\/conseils-pour-votre-congres-a-wolfenbuettel\/\" \/>\n<meta property=\"og:site_name\" content=\"9 St\u00e4dte in Niedersachsen\" \/>\n<meta name=\"twitter:card\" content=\"summary_large_image\" \/>\n<meta name=\"twitter:label1\" content=\"Dur\u00e9e de lecture estim\u00e9e\" \/>\n\t<meta name=\"twitter:data1\" content=\"2 minutes\" \/>\n<script type=\"application\/ld+json\" class=\"yoast-schema-graph\">{\"@context\":\"https:\/\/schema.org\",\"@graph\":[{\"@type\":\"WebPage\",\"@id\":\"https:\/\/9staedte.de\/fr\/conseils-pour-votre-congres-a-wolfenbuettel\/\",\"url\":\"https:\/\/9staedte.de\/fr\/conseils-pour-votre-congres-a-wolfenbuettel\/\",\"name\":\"Conseils pour votre congr\u00e8s \u00e0 Wolfenb\u00fcttel : - 9 St\u00e4dte in Niedersachsen\",\"isPartOf\":{\"@id\":\"https:\/\/9staedte.de\/fr\/#website\"},\"primaryImageOfPage\":{\"@id\":\"https:\/\/9staedte.de\/fr\/conseils-pour-votre-congres-a-wolfenbuettel\/#primaryimage\"},\"image\":{\"@id\":\"https:\/\/9staedte.de\/fr\/conseils-pour-votre-congres-a-wolfenbuettel\/#primaryimage\"},\"thumbnailUrl\":\"https:\/\/9staedte.de\/wp-content\/uploads\/2023\/03\/Lindenhalle-c-Susanne-Huebner.jpg\",\"datePublished\":\"2023-11-02T08:46:23+00:00\",\"breadcrumb\":{\"@id\":\"https:\/\/9staedte.de\/fr\/conseils-pour-votre-congres-a-wolfenbuettel\/#breadcrumb\"},\"inLanguage\":\"fr-FR\",\"potentialAction\":[{\"@type\":\"ReadAction\",\"target\":[\"https:\/\/9staedte.de\/fr\/conseils-pour-votre-congres-a-wolfenbuettel\/\"]}]},{\"@type\":\"ImageObject\",\"inLanguage\":\"fr-FR\",\"@id\":\"https:\/\/9staedte.de\/fr\/conseils-pour-votre-congres-a-wolfenbuettel\/#primaryimage\",\"url\":\"https:\/\/9staedte.de\/wp-content\/uploads\/2023\/03\/Lindenhalle-c-Susanne-Huebner.jpg\",\"contentUrl\":\"https:\/\/9staedte.de\/wp-content\/uploads\/2023\/03\/Lindenhalle-c-Susanne-Huebner.jpg\",\"width\":1019,\"height\":558,\"caption\":\"Lindenhalle Wolfenb\u00fcttel (c) Susanne H\u00fcbner\"},{\"@type\":\"BreadcrumbList\",\"@id\":\"https:\/\/9staedte.de\/fr\/conseils-pour-votre-congres-a-wolfenbuettel\/#breadcrumb\",\"itemListElement\":[{\"@type\":\"ListItem\",\"position\":1,\"name\":\"Startseite\",\"item\":\"https:\/\/9staedte.de\/fr\/\"},{\"@type\":\"ListItem\",\"position\":2,\"name\":\"Conseils pour votre congr\u00e8s \u00e0 Wolfenb\u00fcttel :\"}]},{\"@type\":\"WebSite\",\"@id\":\"https:\/\/9staedte.de\/fr\/#website\",\"url\":\"https:\/\/9staedte.de\/fr\/\",\"name\":\"9 St\u00e4dte in Niedersachsen\",\"description\":\"\",\"publisher\":{\"@id\":\"https:\/\/9staedte.de\/fr\/#organization\"},\"potentialAction\":[{\"@type\":\"SearchAction\",\"target\":{\"@type\":\"EntryPoint\",\"urlTemplate\":\"https:\/\/9staedte.de\/fr\/?s={search_term_string}\"},\"query-input\":{\"@type\":\"PropertyValueSpecification\",\"valueRequired\":true,\"valueName\":\"search_term_string\"}}],\"inLanguage\":\"fr-FR\"},{\"@type\":\"Organization\",\"@id\":\"https:\/\/9staedte.de\/fr\/#organization\",\"name\":\"9 St\u00e4dte in Niedersachsen\",\"url\":\"https:\/\/9staedte.de\/fr\/\",\"logo\":{\"@type\":\"ImageObject\",\"inLanguage\":\"fr-FR\",\"@id\":\"https:\/\/9staedte.de\/fr\/#\/schema\/logo\/image\/\",\"url\":\"https:\/\/9staedte.de\/wp-content\/uploads\/2025\/01\/9-neg-deutsch-2-1.png\",\"contentUrl\":\"https:\/\/9staedte.de\/wp-content\/uploads\/2025\/01\/9-neg-deutsch-2-1.png\",\"width\":190,\"height\":114,\"caption\":\"9 St\u00e4dte in Niedersachsen\"},\"image\":{\"@id\":\"https:\/\/9staedte.de\/fr\/#\/schema\/logo\/image\/\"}}]}<\/script>\n<!-- \/ Yoast SEO plugin. -->","yoast_head_json":{"title":"Conseils pour votre congr\u00e8s \u00e0 Wolfenb\u00fcttel : - 9 St\u00e4dte in Niedersachsen","robots":{"index":"index","follow":"follow","max-snippet":"max-snippet:-1","max-image-preview":"max-image-preview:large","max-video-preview":"max-video-preview:-1"},"canonical":"https:\/\/9staedte.de\/fr\/conseils-pour-votre-congres-a-wolfenbuettel\/","og_locale":"fr_FR","og_type":"article","og_title":"Conseils pour votre congr\u00e8s \u00e0 Wolfenb\u00fcttel : - 9 St\u00e4dte in Niedersachsen","og_description":"Journ\u00e9es au ch\u00e2teau de Wolfenb\u00fcttelOrganisez votre congr\u00e8s dans le deuxi\u00e8me plus grand ch\u00e2teau de Basse-Saxe et r\u00e9sidez comme le faisaient autrefois les ducs de Guelfes. Nous vous proposons des locaux historiques ainsi que des programmes cadres adapt\u00e9s et inoubliables dans le centre imm\u00e9diat de Wolfenb\u00fcttel. Congr\u00e8s \u00e0 la Lindenhalle de Wolfenb\u00fcttelLa meilleure adresse pour les [&hellip;]","og_url":"https:\/\/9staedte.de\/fr\/conseils-pour-votre-congres-a-wolfenbuettel\/","og_site_name":"9 St\u00e4dte in Niedersachsen","twitter_card":"summary_large_image","twitter_misc":{"Dur\u00e9e de lecture estim\u00e9e":"2 minutes"},"schema":{"@context":"https:\/\/schema.org","@graph":[{"@type":"WebPage","@id":"https:\/\/9staedte.de\/fr\/conseils-pour-votre-congres-a-wolfenbuettel\/","url":"https:\/\/9staedte.de\/fr\/conseils-pour-votre-congres-a-wolfenbuettel\/","name":"Conseils pour votre congr\u00e8s \u00e0 Wolfenb\u00fcttel : - 9 St\u00e4dte in Niedersachsen","isPartOf":{"@id":"https:\/\/9staedte.de\/fr\/#website"},"primaryImageOfPage":{"@id":"https:\/\/9staedte.de\/fr\/conseils-pour-votre-congres-a-wolfenbuettel\/#primaryimage"},"image":{"@id":"https:\/\/9staedte.de\/fr\/conseils-pour-votre-congres-a-wolfenbuettel\/#primaryimage"},"thumbnailUrl":"https:\/\/9staedte.de\/wp-content\/uploads\/2023\/03\/Lindenhalle-c-Susanne-Huebner.jpg","datePublished":"2023-11-02T08:46:23+00:00","breadcrumb":{"@id":"https:\/\/9staedte.de\/fr\/conseils-pour-votre-congres-a-wolfenbuettel\/#breadcrumb"},"inLanguage":"fr-FR","potentialAction":[{"@type":"ReadAction","target":["https:\/\/9staedte.de\/fr\/conseils-pour-votre-congres-a-wolfenbuettel\/"]}]},{"@type":"ImageObject","inLanguage":"fr-FR","@id":"https:\/\/9staedte.de\/fr\/conseils-pour-votre-congres-a-wolfenbuettel\/#primaryimage","url":"https:\/\/9staedte.de\/wp-content\/uploads\/2023\/03\/Lindenhalle-c-Susanne-Huebner.jpg","contentUrl":"https:\/\/9staedte.de\/wp-content\/uploads\/2023\/03\/Lindenhalle-c-Susanne-Huebner.jpg","width":1019,"height":558,"caption":"Lindenhalle Wolfenb\u00fcttel (c) Susanne H\u00fcbner"},{"@type":"BreadcrumbList","@id":"https:\/\/9staedte.de\/fr\/conseils-pour-votre-congres-a-wolfenbuettel\/#breadcrumb","itemListElement":[{"@type":"ListItem","position":1,"name":"Startseite","item":"https:\/\/9staedte.de\/fr\/"},{"@type":"ListItem","position":2,"name":"Conseils pour votre congr\u00e8s \u00e0 Wolfenb\u00fcttel :"}]},{"@type":"WebSite","@id":"https:\/\/9staedte.de\/fr\/#website","url":"https:\/\/9staedte.de\/fr\/","name":"9 St\u00e4dte in Niedersachsen","description":"","publisher":{"@id":"https:\/\/9staedte.de\/fr\/#organization"},"potentialAction":[{"@type":"SearchAction","target":{"@type":"EntryPoint","urlTemplate":"https:\/\/9staedte.de\/fr\/?s={search_term_string}"},"query-input":{"@type":"PropertyValueSpecification","valueRequired":true,"valueName":"search_term_string"}}],"inLanguage":"fr-FR"},{"@type":"Organization","@id":"https:\/\/9staedte.de\/fr\/#organization","name":"9 St\u00e4dte in Niedersachsen","url":"https:\/\/9staedte.de\/fr\/","logo":{"@type":"ImageObject","inLanguage":"fr-FR","@id":"https:\/\/9staedte.de\/fr\/#\/schema\/logo\/image\/","url":"https:\/\/9staedte.de\/wp-content\/uploads\/2025\/01\/9-neg-deutsch-2-1.png","contentUrl":"https:\/\/9staedte.de\/wp-content\/uploads\/2025\/01\/9-neg-deutsch-2-1.png","width":190,"height":114,"caption":"9 St\u00e4dte in Niedersachsen"},"image":{"@id":"https:\/\/9staedte.de\/fr\/#\/schema\/logo\/image\/"}}]}},"_links":{"self":[{"href":"https:\/\/9staedte.de\/fr\/wp-json\/wp\/v2\/pages\/16950","targetHints":{"allow":["GET"]}}],"collection":[{"href":"https:\/\/9staedte.de\/fr\/wp-json\/wp\/v2\/pages"}],"about":[{"href":"https:\/\/9staedte.de\/fr\/wp-json\/wp\/v2\/types\/page"}],"author":[{"embeddable":true,"href":"https:\/\/9staedte.de\/fr\/wp-json\/wp\/v2\/users\/6"}],"replies":[{"embeddable":true,"href":"https:\/\/9staedte.de\/fr\/wp-json\/wp\/v2\/comments?post=16950"}],"version-history":[{"count":0,"href":"https:\/\/9staedte.de\/fr\/wp-json\/wp\/v2\/pages\/16950\/revisions"}],"wp:featuredmedia":[{"embeddable":true,"href":"https:\/\/9staedte.de\/fr\/wp-json\/wp\/v2\/media\/16959"}],"wp:attachment":[{"href":"https:\/\/9staedte.de\/fr\/wp-json\/wp\/v2\/media?parent=16950"}],"wp:term":[{"taxonomy":"category","embeddable":true,"href":"https:\/\/9staedte.de\/fr\/wp-json\/wp\/v2\/categories?post=16950"},{"taxonomy":"post_tag","embeddable":true,"href":"https:\/\/9staedte.de\/fr\/wp-json\/wp\/v2\/tags?post=16950"},{"taxonomy":"ncap_cities_tax","embeddable":true,"href":"https:\/\/9staedte.de\/fr\/wp-json\/wp\/v2\/ncap_cities_tax?post=16950"}],"curies":[{"name":"wp","href":"https:\/\/api.w.org\/{rel}","templated":true}]}}