{"id":16938,"date":"2023-11-02T09:46:22","date_gmt":"2023-11-02T08:46:22","guid":{"rendered":"https:\/\/9staedte.de\/marche-de-noel-a-einbeck\/"},"modified":"2026-03-23T12:57:44","modified_gmt":"2026-03-23T11:57:44","slug":"marche-de-noel-a-einbeck","status":"publish","type":"page","link":"https:\/\/9staedte.de\/fr\/einbeck-voitures-anciennes-colombages-biere\/marche-de-noel-a-einbeck\/","title":{"rendered":"March\u00e9 de No\u00ebl \u00e0 Einbeck"},"content":{"rendered":"\n<h2 class=\"wp-block-heading\">Ambiance contemplative au village de No\u00ebl<\/h2>\n\n<p>Le village de No\u00ebl d&rsquo;Einbeck, avec son d\u00e9cor historique de maisons \u00e0 colombages, invite chaque ann\u00e9e de fin novembre \u00e0 fin d\u00e9cembre \u00e0 se mettre dans l&rsquo;ambiance de la f\u00eate de No\u00ebl. Vin chaud, gourmandise ou petits cadeaux, chacun y trouvera son compte. Les lumi\u00e8res de No\u00ebl illuminent le centre-ville d&rsquo;Einbeck et les visiteurs peuvent se r\u00e9jouir d&rsquo;une offre vari\u00e9e d&rsquo;artisanat, de sp\u00e9cialit\u00e9s r\u00e9gionales et d&rsquo;un programme diversifi\u00e9. Une visite au village de No\u00ebl d&rsquo;Einbeck promet des moments inoubliables au milieu d&rsquo;un d\u00e9cor plein d&rsquo;ambiance et d&rsquo;anticipation de No\u00ebl.   <\/p>\n\n<p><a href=\"https:\/\/www.einbeck-tourismus.de\/stadtfeste-maerkte-events\">Plus d&rsquo;informations<\/a><\/p>\n\n\n<div class=\"banner-wrapper\">\n  <div class=\"banner-inner \">\n      <div class=\"img-container\">\n      <div class=\"img-wrapper\">\n        <img decoding=\"async\" src=\"https:\/\/9staedte.de\/wp-content\/smush-webp\/2025\/10\/Einbeck-Weihnachtdorf-Fachwerk-\u00a9Spieker-Fotografie.jpg.webp\" alt=\"Sur la photo, on voit un march\u00e9 de No\u00ebl. Beaucoup de gens sont devant des petites cabanes en bois. Il y a un grand sapin de No\u00ebl avec des lumi\u00e8res. Les maisons derri\u00e8re sont anciennes et jolies. Tout est d\u00e9cor\u00e9 et festif.\" \/>\n                  <div class=\"thumbnail-label\">\n            <span>Einbeck Weihnachtdorf Fachwerk \u00a9Spieker Fotografie<\/span>\n          <\/div>\n              <\/div>\n    <\/div>\n        <div class=\"text-container\">\n      <div class=\"content\">\n        <p><strong>9 conseils pour visiter le march\u00e9 de No\u00ebl d&rsquo;Einbeck :<\/strong><\/p>\n<ul>\n<li>Savourer la fameuse bi\u00e8re d&rsquo;Einbeck<\/li>\n<li>Une soir\u00e9e conviviale sur la piste de canne<\/li>\n<li>L&rsquo;\u00e9clat de No\u00ebl avec les quatre points photo<\/li>\n<li>Un cadeau culinaire du Genuss Kontor Einbeck<\/li>\n<li>Un programme vari\u00e9 pendant toute la p\u00e9riode de l&rsquo;Avent<\/li>\n<li>Visite du plus grand mus\u00e9e de voitures anciennes d&rsquo;Europe, le PS.SPEICHER<\/li>\n<li>Exp\u00e9rience d&rsquo;impression traditionnelle \u00e0 Einbecker Blaudruck<\/li>\n<li>Sur les traces de la tradition brassicole sur le sentier de la bi\u00e8re d&rsquo;Einbeck<\/li>\n<li>La plus grande galerie de street art en plein air du sud de la Basse-Saxe dans la vieille ville<\/li>\n<\/ul>\n      <\/div>\n    <\/div>\n    <\/div>\n<\/div>\n\n\n<div style=\"height:49px\" aria-hidden=\"true\" class=\"wp-block-spacer\"><\/div>\n\n<p class=\"h3\"><strong>March\u00e9 de No\u00ebl \u00e0 Einbeck<\/strong><\/p>\n\n <div class=\"brlbs-cmpnt-container brlbs-cmpnt-content-blocker brlbs-cmpnt-with-individual-styles\" data-borlabs-cookie-content-blocker-id=\"google-maps\" data-borlabs-cookie-content=\"PGlmcmFtZSBzcmM9Imh0dHBzOi8vd3d3Lmdvb2dsZS5jb20vbWFwcy9lbWJlZD9wYj0hMW0xOCExbTEyITFtMyExZDQ3NS40NTA3MDg1NjM1NTExMyEyZDkuODY2NDg4NjgxOTIwODc3ITNkNTEuODE4MzQ5MjA0MDQ0MTMhMm0zITFmMCEyZjAhM2YwITNtMiExaTEwMjQhMmk3NjghNGYxMy4xITNtMyExbTIhMXMweDQ3YmFjZjNiMTcyZjc4MjklM0EweDlmYTdjOWMzNGNmNGIzZWQhMnNNYXJrdHBsYXR6JTIwRWluYmVjayE1ZTAhM20yITFzZGUhMnNkZSE0djE2OTIxODMxNDA2OTMhNW0yITFzZGUhMnNkZSIgd2lkdGg9IjYwMCIgaGVpZ2h0PSI0NTAiIHN0eWxlPSJib3JkZXI6MDsiIGFsbG93ZnVsbHNjcmVlbj0iIiBsb2FkaW5nPSJsYXp5IiByZWZlcnJlcnBvbGljeT0ibm8tcmVmZXJyZXItd2hlbi1kb3duZ3JhZGUiPjwvaWZyYW1lPg==\"><div class=\"brlbs-cmpnt-cb-preset-b brlbs-cmpnt-cb-google-maps\"> <div class=\"brlbs-cmpnt-cb-thumbnail\" style=\"background-image: url('https:\/\/9staedte.de\/wp-content\/uploads\/borlabs-cookie\/1\/brlbs-cb-google-maps-main.png')\"><\/div> <div class=\"brlbs-cmpnt-cb-main\"> <div class=\"brlbs-cmpnt-cb-content\"> <p class=\"brlbs-cmpnt-cb-description\">Vous \u00eates actuellement en train de consulter le contenu d&rsquo;un espace r\u00e9serv\u00e9 de <strong>Google Maps<\/strong>. Pour acc\u00e9der au contenu r\u00e9el, cliquez sur le bouton ci-dessous. Veuillez noter que ce faisant, des donn\u00e9es seront partag\u00e9es avec des providers tiers.<\/p> <a class=\"brlbs-cmpnt-cb-provider-toggle\" href=\"#\" data-borlabs-cookie-show-provider-information role=\"button\">Plus d&rsquo;informations<\/a> <\/div> <div class=\"brlbs-cmpnt-cb-buttons\"> <a class=\"brlbs-cmpnt-cb-btn\" href=\"#\" data-borlabs-cookie-unblock role=\"button\">D\u00e9bloquer le contenu<\/a> <a class=\"brlbs-cmpnt-cb-btn\" href=\"#\" data-borlabs-cookie-accept-service role=\"button\" style=\"display: inherit\">Accepter le service requis et d\u00e9bloquer le contenu<\/a> <\/div> <\/div> <\/div><\/div>\n","protected":false},"excerpt":{"rendered":"<p>Ambiance contemplative au village de No\u00ebl Le village de No\u00ebl d&rsquo;Einbeck, avec son d\u00e9cor historique de maisons \u00e0 colombages, invite chaque ann\u00e9e de fin novembre \u00e0 fin d\u00e9cembre \u00e0 se mettre dans l&rsquo;ambiance de la f\u00eate de No\u00ebl. Vin chaud, gourmandise ou petits cadeaux, chacun y trouvera son compte. Les lumi\u00e8res de No\u00ebl illuminent le [&hellip;]<\/p>\n","protected":false},"author":1,"featured_media":23424,"parent":18033,"menu_order":0,"comment_status":"closed","ping_status":"closed","template":"pagetemplates\/template-stadtthema.php","meta":{"_acf_changed":false,"footnotes":""},"categories":[],"tags":[],"ncap_cities_tax":[478,548],"class_list":["post-16938","page","type-page","status-publish","has-post-thumbnail","hentry","ncap_cities_tax-einbeck-fr","ncap_cities_tax-weihnachtsmarkte-einbeck-fr"],"acf":[],"yoast_head":"<!-- This site is optimized with the Yoast SEO plugin v26.8 - https:\/\/yoast.com\/product\/yoast-seo-wordpress\/ -->\n<title>March\u00e9 de No\u00ebl \u00e0 Einbeck - 9 St\u00e4dte in Niedersachsen<\/title>\n<meta name=\"description\" content=\"Le village de No\u00ebl d&#039;Einbeck, situ\u00e9 dans un d\u00e9cor historique de maisons \u00e0 colombages, invite chaque ann\u00e9e \u00e0 se mettre dans l&#039;ambiance de la f\u00eate de No\u00ebl.\" \/>\n<meta name=\"robots\" content=\"index, follow, max-snippet:-1, max-image-preview:large, max-video-preview:-1\" \/>\n<link rel=\"canonical\" href=\"https:\/\/9staedte.de\/fr\/einbeck-voitures-anciennes-colombages-biere\/marche-de-noel-a-einbeck\/\" \/>\n<meta property=\"og:locale\" content=\"fr_FR\" \/>\n<meta property=\"og:type\" content=\"article\" \/>\n<meta property=\"og:title\" content=\"March\u00e9 de No\u00ebl \u00e0 Einbeck - 9 St\u00e4dte in Niedersachsen\" \/>\n<meta property=\"og:description\" content=\"Le village de No\u00ebl d&#039;Einbeck, situ\u00e9 dans un d\u00e9cor historique de maisons \u00e0 colombages, invite chaque ann\u00e9e \u00e0 se mettre dans l&#039;ambiance de la f\u00eate de No\u00ebl.\" \/>\n<meta property=\"og:url\" content=\"https:\/\/9staedte.de\/fr\/einbeck-voitures-anciennes-colombages-biere\/marche-de-noel-a-einbeck\/\" \/>\n<meta property=\"og:site_name\" content=\"9 St\u00e4dte in Niedersachsen\" \/>\n<meta property=\"article:modified_time\" content=\"2026-03-23T11:57:44+00:00\" \/>\n<meta property=\"og:image\" content=\"https:\/\/9staedte.de\/wp-content\/uploads\/2024\/08\/Weihnachtsdorf-Weihnachten-Markt-Winter-\u00a9Spieker-Fotografie-2.jpg\" \/>\n\t<meta property=\"og:image:width\" content=\"1020\" \/>\n\t<meta property=\"og:image:height\" content=\"559\" \/>\n\t<meta property=\"og:image:type\" content=\"image\/jpeg\" \/>\n<meta name=\"twitter:card\" content=\"summary_large_image\" \/>\n<meta name=\"twitter:label1\" content=\"Dur\u00e9e de lecture estim\u00e9e\" \/>\n\t<meta name=\"twitter:data1\" content=\"1 minute\" \/>\n<script type=\"application\/ld+json\" class=\"yoast-schema-graph\">{\"@context\":\"https:\/\/schema.org\",\"@graph\":[{\"@type\":\"WebPage\",\"@id\":\"https:\/\/9staedte.de\/fr\/einbeck-voitures-anciennes-colombages-biere\/marche-de-noel-a-einbeck\/\",\"url\":\"https:\/\/9staedte.de\/fr\/einbeck-voitures-anciennes-colombages-biere\/marche-de-noel-a-einbeck\/\",\"name\":\"March\u00e9 de No\u00ebl \u00e0 Einbeck - 9 St\u00e4dte in Niedersachsen\",\"isPartOf\":{\"@id\":\"https:\/\/9staedte.de\/fr\/#website\"},\"primaryImageOfPage\":{\"@id\":\"https:\/\/9staedte.de\/fr\/einbeck-voitures-anciennes-colombages-biere\/marche-de-noel-a-einbeck\/#primaryimage\"},\"image\":{\"@id\":\"https:\/\/9staedte.de\/fr\/einbeck-voitures-anciennes-colombages-biere\/marche-de-noel-a-einbeck\/#primaryimage\"},\"thumbnailUrl\":\"https:\/\/9staedte.de\/wp-content\/uploads\/2024\/08\/Weihnachtsdorf-Weihnachten-Markt-Winter-\u00a9Spieker-Fotografie-2.jpg\",\"datePublished\":\"2023-11-02T08:46:22+00:00\",\"dateModified\":\"2026-03-23T11:57:44+00:00\",\"description\":\"Le village de No\u00ebl d'Einbeck, situ\u00e9 dans un d\u00e9cor historique de maisons \u00e0 colombages, invite chaque ann\u00e9e \u00e0 se mettre dans l'ambiance de la f\u00eate de No\u00ebl.\",\"breadcrumb\":{\"@id\":\"https:\/\/9staedte.de\/fr\/einbeck-voitures-anciennes-colombages-biere\/marche-de-noel-a-einbeck\/#breadcrumb\"},\"inLanguage\":\"fr-FR\",\"potentialAction\":[{\"@type\":\"ReadAction\",\"target\":[\"https:\/\/9staedte.de\/fr\/einbeck-voitures-anciennes-colombages-biere\/marche-de-noel-a-einbeck\/\"]}]},{\"@type\":\"ImageObject\",\"inLanguage\":\"fr-FR\",\"@id\":\"https:\/\/9staedte.de\/fr\/einbeck-voitures-anciennes-colombages-biere\/marche-de-noel-a-einbeck\/#primaryimage\",\"url\":\"https:\/\/9staedte.de\/wp-content\/uploads\/2024\/08\/Weihnachtsdorf-Weihnachten-Markt-Winter-\u00a9Spieker-Fotografie-2.jpg\",\"contentUrl\":\"https:\/\/9staedte.de\/wp-content\/uploads\/2024\/08\/Weihnachtsdorf-Weihnachten-Markt-Winter-\u00a9Spieker-Fotografie-2.jpg\",\"width\":1020,\"height\":559,\"caption\":\"Einbeck Weihnachtsdorf, Weihnachten, Markt, Winter, \u00a9Spieker Fotografie (2)\"},{\"@type\":\"BreadcrumbList\",\"@id\":\"https:\/\/9staedte.de\/fr\/einbeck-voitures-anciennes-colombages-biere\/marche-de-noel-a-einbeck\/#breadcrumb\",\"itemListElement\":[{\"@type\":\"ListItem\",\"position\":1,\"name\":\"Startseite\",\"item\":\"https:\/\/9staedte.de\/fr\/\"},{\"@type\":\"ListItem\",\"position\":2,\"name\":\"Einbeck &#8211; voitures anciennes, colombages, bi\u00e8re\",\"item\":\"https:\/\/9staedte.de\/fr\/einbeck-voitures-anciennes-colombages-biere\/\"},{\"@type\":\"ListItem\",\"position\":3,\"name\":\"March\u00e9 de No\u00ebl \u00e0 Einbeck\"}]},{\"@type\":\"WebSite\",\"@id\":\"https:\/\/9staedte.de\/fr\/#website\",\"url\":\"https:\/\/9staedte.de\/fr\/\",\"name\":\"9 St\u00e4dte in Niedersachsen\",\"description\":\"\",\"publisher\":{\"@id\":\"https:\/\/9staedte.de\/fr\/#organization\"},\"potentialAction\":[{\"@type\":\"SearchAction\",\"target\":{\"@type\":\"EntryPoint\",\"urlTemplate\":\"https:\/\/9staedte.de\/fr\/?s={search_term_string}\"},\"query-input\":{\"@type\":\"PropertyValueSpecification\",\"valueRequired\":true,\"valueName\":\"search_term_string\"}}],\"inLanguage\":\"fr-FR\"},{\"@type\":\"Organization\",\"@id\":\"https:\/\/9staedte.de\/fr\/#organization\",\"name\":\"9 St\u00e4dte in Niedersachsen\",\"url\":\"https:\/\/9staedte.de\/fr\/\",\"logo\":{\"@type\":\"ImageObject\",\"inLanguage\":\"fr-FR\",\"@id\":\"https:\/\/9staedte.de\/fr\/#\/schema\/logo\/image\/\",\"url\":\"https:\/\/9staedte.de\/wp-content\/uploads\/2025\/01\/9-neg-deutsch-2-1.png\",\"contentUrl\":\"https:\/\/9staedte.de\/wp-content\/uploads\/2025\/01\/9-neg-deutsch-2-1.png\",\"width\":190,\"height\":114,\"caption\":\"9 St\u00e4dte in Niedersachsen\"},\"image\":{\"@id\":\"https:\/\/9staedte.de\/fr\/#\/schema\/logo\/image\/\"}}]}<\/script>\n<!-- \/ Yoast SEO plugin. -->","yoast_head_json":{"title":"March\u00e9 de No\u00ebl \u00e0 Einbeck - 9 St\u00e4dte in Niedersachsen","description":"Le village de No\u00ebl d'Einbeck, situ\u00e9 dans un d\u00e9cor historique de maisons \u00e0 colombages, invite chaque ann\u00e9e \u00e0 se mettre dans l'ambiance de la f\u00eate de No\u00ebl.","robots":{"index":"index","follow":"follow","max-snippet":"max-snippet:-1","max-image-preview":"max-image-preview:large","max-video-preview":"max-video-preview:-1"},"canonical":"https:\/\/9staedte.de\/fr\/einbeck-voitures-anciennes-colombages-biere\/marche-de-noel-a-einbeck\/","og_locale":"fr_FR","og_type":"article","og_title":"March\u00e9 de No\u00ebl \u00e0 Einbeck - 9 St\u00e4dte in Niedersachsen","og_description":"Le village de No\u00ebl d'Einbeck, situ\u00e9 dans un d\u00e9cor historique de maisons \u00e0 colombages, invite chaque ann\u00e9e \u00e0 se mettre dans l'ambiance de la f\u00eate de No\u00ebl.","og_url":"https:\/\/9staedte.de\/fr\/einbeck-voitures-anciennes-colombages-biere\/marche-de-noel-a-einbeck\/","og_site_name":"9 St\u00e4dte in Niedersachsen","article_modified_time":"2026-03-23T11:57:44+00:00","og_image":[{"width":1020,"height":559,"url":"https:\/\/9staedte.de\/wp-content\/uploads\/2024\/08\/Weihnachtsdorf-Weihnachten-Markt-Winter-\u00a9Spieker-Fotografie-2.jpg","type":"image\/jpeg"}],"twitter_card":"summary_large_image","twitter_misc":{"Dur\u00e9e de lecture estim\u00e9e":"1 minute"},"schema":{"@context":"https:\/\/schema.org","@graph":[{"@type":"WebPage","@id":"https:\/\/9staedte.de\/fr\/einbeck-voitures-anciennes-colombages-biere\/marche-de-noel-a-einbeck\/","url":"https:\/\/9staedte.de\/fr\/einbeck-voitures-anciennes-colombages-biere\/marche-de-noel-a-einbeck\/","name":"March\u00e9 de No\u00ebl \u00e0 Einbeck - 9 St\u00e4dte in Niedersachsen","isPartOf":{"@id":"https:\/\/9staedte.de\/fr\/#website"},"primaryImageOfPage":{"@id":"https:\/\/9staedte.de\/fr\/einbeck-voitures-anciennes-colombages-biere\/marche-de-noel-a-einbeck\/#primaryimage"},"image":{"@id":"https:\/\/9staedte.de\/fr\/einbeck-voitures-anciennes-colombages-biere\/marche-de-noel-a-einbeck\/#primaryimage"},"thumbnailUrl":"https:\/\/9staedte.de\/wp-content\/uploads\/2024\/08\/Weihnachtsdorf-Weihnachten-Markt-Winter-\u00a9Spieker-Fotografie-2.jpg","datePublished":"2023-11-02T08:46:22+00:00","dateModified":"2026-03-23T11:57:44+00:00","description":"Le village de No\u00ebl d'Einbeck, situ\u00e9 dans un d\u00e9cor historique de maisons \u00e0 colombages, invite chaque ann\u00e9e \u00e0 se mettre dans l'ambiance de la f\u00eate de No\u00ebl.","breadcrumb":{"@id":"https:\/\/9staedte.de\/fr\/einbeck-voitures-anciennes-colombages-biere\/marche-de-noel-a-einbeck\/#breadcrumb"},"inLanguage":"fr-FR","potentialAction":[{"@type":"ReadAction","target":["https:\/\/9staedte.de\/fr\/einbeck-voitures-anciennes-colombages-biere\/marche-de-noel-a-einbeck\/"]}]},{"@type":"ImageObject","inLanguage":"fr-FR","@id":"https:\/\/9staedte.de\/fr\/einbeck-voitures-anciennes-colombages-biere\/marche-de-noel-a-einbeck\/#primaryimage","url":"https:\/\/9staedte.de\/wp-content\/uploads\/2024\/08\/Weihnachtsdorf-Weihnachten-Markt-Winter-\u00a9Spieker-Fotografie-2.jpg","contentUrl":"https:\/\/9staedte.de\/wp-content\/uploads\/2024\/08\/Weihnachtsdorf-Weihnachten-Markt-Winter-\u00a9Spieker-Fotografie-2.jpg","width":1020,"height":559,"caption":"Einbeck Weihnachtsdorf, Weihnachten, Markt, Winter, \u00a9Spieker Fotografie (2)"},{"@type":"BreadcrumbList","@id":"https:\/\/9staedte.de\/fr\/einbeck-voitures-anciennes-colombages-biere\/marche-de-noel-a-einbeck\/#breadcrumb","itemListElement":[{"@type":"ListItem","position":1,"name":"Startseite","item":"https:\/\/9staedte.de\/fr\/"},{"@type":"ListItem","position":2,"name":"Einbeck &#8211; voitures anciennes, colombages, bi\u00e8re","item":"https:\/\/9staedte.de\/fr\/einbeck-voitures-anciennes-colombages-biere\/"},{"@type":"ListItem","position":3,"name":"March\u00e9 de No\u00ebl \u00e0 Einbeck"}]},{"@type":"WebSite","@id":"https:\/\/9staedte.de\/fr\/#website","url":"https:\/\/9staedte.de\/fr\/","name":"9 St\u00e4dte in Niedersachsen","description":"","publisher":{"@id":"https:\/\/9staedte.de\/fr\/#organization"},"potentialAction":[{"@type":"SearchAction","target":{"@type":"EntryPoint","urlTemplate":"https:\/\/9staedte.de\/fr\/?s={search_term_string}"},"query-input":{"@type":"PropertyValueSpecification","valueRequired":true,"valueName":"search_term_string"}}],"inLanguage":"fr-FR"},{"@type":"Organization","@id":"https:\/\/9staedte.de\/fr\/#organization","name":"9 St\u00e4dte in Niedersachsen","url":"https:\/\/9staedte.de\/fr\/","logo":{"@type":"ImageObject","inLanguage":"fr-FR","@id":"https:\/\/9staedte.de\/fr\/#\/schema\/logo\/image\/","url":"https:\/\/9staedte.de\/wp-content\/uploads\/2025\/01\/9-neg-deutsch-2-1.png","contentUrl":"https:\/\/9staedte.de\/wp-content\/uploads\/2025\/01\/9-neg-deutsch-2-1.png","width":190,"height":114,"caption":"9 St\u00e4dte in Niedersachsen"},"image":{"@id":"https:\/\/9staedte.de\/fr\/#\/schema\/logo\/image\/"}}]}},"_links":{"self":[{"href":"https:\/\/9staedte.de\/fr\/wp-json\/wp\/v2\/pages\/16938","targetHints":{"allow":["GET"]}}],"collection":[{"href":"https:\/\/9staedte.de\/fr\/wp-json\/wp\/v2\/pages"}],"about":[{"href":"https:\/\/9staedte.de\/fr\/wp-json\/wp\/v2\/types\/page"}],"author":[{"embeddable":true,"href":"https:\/\/9staedte.de\/fr\/wp-json\/wp\/v2\/users\/1"}],"replies":[{"embeddable":true,"href":"https:\/\/9staedte.de\/fr\/wp-json\/wp\/v2\/comments?post=16938"}],"version-history":[{"count":8,"href":"https:\/\/9staedte.de\/fr\/wp-json\/wp\/v2\/pages\/16938\/revisions"}],"predecessor-version":[{"id":27916,"href":"https:\/\/9staedte.de\/fr\/wp-json\/wp\/v2\/pages\/16938\/revisions\/27916"}],"up":[{"embeddable":true,"href":"https:\/\/9staedte.de\/fr\/wp-json\/wp\/v2\/pages\/18033"}],"wp:featuredmedia":[{"embeddable":true,"href":"https:\/\/9staedte.de\/fr\/wp-json\/wp\/v2\/media\/23424"}],"wp:attachment":[{"href":"https:\/\/9staedte.de\/fr\/wp-json\/wp\/v2\/media?parent=16938"}],"wp:term":[{"taxonomy":"category","embeddable":true,"href":"https:\/\/9staedte.de\/fr\/wp-json\/wp\/v2\/categories?post=16938"},{"taxonomy":"post_tag","embeddable":true,"href":"https:\/\/9staedte.de\/fr\/wp-json\/wp\/v2\/tags?post=16938"},{"taxonomy":"ncap_cities_tax","embeddable":true,"href":"https:\/\/9staedte.de\/fr\/wp-json\/wp\/v2\/ncap_cities_tax?post=16938"}],"curies":[{"name":"wp","href":"https:\/\/api.w.org\/{rel}","templated":true}]}}