{"id":16918,"date":"2023-11-02T09:46:20","date_gmt":"2023-11-02T08:46:20","guid":{"rendered":"https:\/\/9staedte.de\/programmes-dune-demi-journee-a-einbeck\/"},"modified":"2023-11-02T17:39:30","modified_gmt":"2023-11-02T16:39:30","slug":"programmes-dune-demi-journee-a-einbeck","status":"publish","type":"page","link":"https:\/\/9staedte.de\/fr\/einbeck-voitures-anciennes-colombages-biere\/programmes-dune-demi-journee-a-einbeck\/","title":{"rendered":"Programmes d&rsquo;une demi-journ\u00e9e \u00e0 Einbeck"},"content":{"rendered":"\r\n\r\n    <div class=\"filter-posts\">\r\n            <div  id=\"filterContent\">\r\n                                                        \n<div class=\"contentKachel filtr-item\" data-category=\"einbeck-fr\">\n    <a href=\"https:\/\/9staedte.de\/fr\/programme-dune-demi-journee-lart-des-colombages-et-le-cafe\/\">\n        <div class=\"contentKachel-inner\">\n                            <div class=\"contentKachel-thumbnail\">\n                    <img loading=\"lazy\" decoding=\"async\" width=\"300\" height=\"165\" src=\"https:\/\/9staedte.de\/wp-content\/smush-webp\/2023\/05\/Einbeck-Eickesches-Haus-2-c-Daniel-Li-Photography-300x165.jpg.webp\" class=\"objectfitcover withfilters wp-post-image\" alt=\"L\u2019image montre une vieille maison \u00e0 colombages. Il y a beaucoup de sculptures et de figures en bois. Trois personnes en costumes anciens regardent par les fen\u00eatres. En bas, on lit : Tourist-Information-Kulturring. C\u2019est la maison Eickesches Haus \u00e0 Einbeck.\" srcset=\"https:\/\/9staedte.de\/wp-content\/smush-webp\/2023\/05\/Einbeck-Eickesches-Haus-2-c-Daniel-Li-Photography-300x165.jpg.webp 300w, https:\/\/9staedte.de\/wp-content\/smush-webp\/2023\/05\/Einbeck-Eickesches-Haus-2-c-Daniel-Li-Photography-768x422.jpg.webp 768w, https:\/\/9staedte.de\/wp-content\/smush-webp\/2023\/05\/Einbeck-Eickesches-Haus-2-c-Daniel-Li-Photography.jpg.webp 1020w\" sizes=\"auto, (max-width: 300px) 100vw, 300px\" \/>                    <img loading=\"lazy\" decoding=\"async\" width=\"300\" height=\"165\" src=\"https:\/\/9staedte.de\/wp-content\/smush-webp\/2023\/05\/Einbeck-Eickesches-Haus-2-c-Daniel-Li-Photography-300x165.jpg.webp\" class=\"objectfitcontain wp-post-image\" alt=\"L\u2019image montre une vieille maison \u00e0 colombages. Il y a beaucoup de sculptures et de figures en bois. Trois personnes en costumes anciens regardent par les fen\u00eatres. En bas, on lit : Tourist-Information-Kulturring. C\u2019est la maison Eickesches Haus \u00e0 Einbeck.\" srcset=\"https:\/\/9staedte.de\/wp-content\/smush-webp\/2023\/05\/Einbeck-Eickesches-Haus-2-c-Daniel-Li-Photography-300x165.jpg.webp 300w, https:\/\/9staedte.de\/wp-content\/smush-webp\/2023\/05\/Einbeck-Eickesches-Haus-2-c-Daniel-Li-Photography-768x422.jpg.webp 768w, https:\/\/9staedte.de\/wp-content\/smush-webp\/2023\/05\/Einbeck-Eickesches-Haus-2-c-Daniel-Li-Photography.jpg.webp 1020w\" sizes=\"auto, (max-width: 300px) 100vw, 300px\" \/>                        <div class=\"thumbnail-label\">\n    <span>Einbeck Eickesches Haus 2 c) Daniel Li Photography<\/span>\n    <\/div>\n                <\/div>\n                        <div class=\"contentKachel-content\">\n                                    <div class=\"city-tag bg-einbeck\">\n                        Einbeck                    <\/div>\n                \n                <div class=\"title\">\n\n                    Programme d&rsquo;une demi-journ\u00e9e : l&rsquo;art des colombages et le caf\u00e9                    \n                <\/div>\n\n                            <\/div>\n\n        <\/div>\n    <\/a>\n<\/div>                                                        \n<div class=\"contentKachel filtr-item\" data-category=\"einbeck-fr\">\n    <a href=\"https:\/\/9staedte.de\/fr\/programme-dune-demi-journee-lart-du-colombage-et-le-plaisir-de-la-biere\/\">\n        <div class=\"contentKachel-inner\">\n                            <div class=\"contentKachel-thumbnail\">\n                    <img loading=\"lazy\" decoding=\"async\" width=\"300\" height=\"165\" src=\"https:\/\/9staedte.de\/wp-content\/smush-webp\/2023\/05\/Einbecker-Bierdiplom\u00a9Ole-Spata-300x165.jpg.webp\" class=\"objectfitcover withfilters wp-post-image\" alt=\"L\u2019image montre cinq personnes \u00e0 une table en bois. Elles trinquent avec des verres de bi\u00e8re. Une femme porte un costume historique. Sur la table, il y a des petits verres avec des grains. L\u2019ambiance est joyeuse.\" srcset=\"https:\/\/9staedte.de\/wp-content\/smush-webp\/2023\/05\/Einbecker-Bierdiplom\u00a9Ole-Spata-300x165.jpg.webp 300w, https:\/\/9staedte.de\/wp-content\/smush-webp\/2023\/05\/Einbecker-Bierdiplom\u00a9Ole-Spata-768x422.jpg.webp 768w, https:\/\/9staedte.de\/wp-content\/smush-webp\/2023\/05\/Einbecker-Bierdiplom\u00a9Ole-Spata.jpg.webp 1020w\" sizes=\"auto, (max-width: 300px) 100vw, 300px\" \/>                    <img loading=\"lazy\" decoding=\"async\" width=\"300\" height=\"165\" src=\"https:\/\/9staedte.de\/wp-content\/smush-webp\/2023\/05\/Einbecker-Bierdiplom\u00a9Ole-Spata-300x165.jpg.webp\" class=\"objectfitcontain wp-post-image\" alt=\"L\u2019image montre cinq personnes \u00e0 une table en bois. Elles trinquent avec des verres de bi\u00e8re. Une femme porte un costume historique. Sur la table, il y a des petits verres avec des grains. L\u2019ambiance est joyeuse.\" srcset=\"https:\/\/9staedte.de\/wp-content\/smush-webp\/2023\/05\/Einbecker-Bierdiplom\u00a9Ole-Spata-300x165.jpg.webp 300w, https:\/\/9staedte.de\/wp-content\/smush-webp\/2023\/05\/Einbecker-Bierdiplom\u00a9Ole-Spata-768x422.jpg.webp 768w, https:\/\/9staedte.de\/wp-content\/smush-webp\/2023\/05\/Einbecker-Bierdiplom\u00a9Ole-Spata.jpg.webp 1020w\" sizes=\"auto, (max-width: 300px) 100vw, 300px\" \/>                        <div class=\"thumbnail-label\">\n    <span>Einbecker Bierdiplom c) Ole Spata<\/span>\n    <\/div>\n                <\/div>\n                        <div class=\"contentKachel-content\">\n                                    <div class=\"city-tag bg-einbeck\">\n                        Einbeck                    <\/div>\n                \n                <div class=\"title\">\n\n                    Programme d&rsquo;une demi-journ\u00e9e : l&rsquo;art du colombage et le plaisir de la bi\u00e8re                    \n                <\/div>\n\n                            <\/div>\n\n        <\/div>\n    <\/a>\n<\/div>                                                        \n<div class=\"contentKachel filtr-item\" data-category=\"einbeck-fr\">\n    <a href=\"https:\/\/9staedte.de\/fr\/programme-dune-demi-journee-biere-a-einbeck\/\">\n        <div class=\"contentKachel-inner\">\n                            <div class=\"contentKachel-thumbnail\">\n                    <img loading=\"lazy\" decoding=\"async\" width=\"300\" height=\"165\" src=\"https:\/\/9staedte.de\/wp-content\/smush-webp\/2023\/05\/Beertasting\u00a9Einbecker-Brauhaus-AG-300x165.jpg.webp\" class=\"objectfitcover withfilters wp-post-image\" alt=\"L\u2019image montre deux personnes qui d\u00e9gustent de la bi\u00e8re. Elles sont assises \u00e0 une table dans un bar chaleureux. Devant, il y a un verre de bi\u00e8re plein avec de la mousse. Une bougie est allum\u00e9e sur la table. L\u2019ambiance est calme et agr\u00e9able.\" srcset=\"https:\/\/9staedte.de\/wp-content\/smush-webp\/2023\/05\/Beertasting\u00a9Einbecker-Brauhaus-AG-300x165.jpg.webp 300w, https:\/\/9staedte.de\/wp-content\/smush-webp\/2023\/05\/Beertasting\u00a9Einbecker-Brauhaus-AG-768x423.jpg.webp 768w, https:\/\/9staedte.de\/wp-content\/smush-webp\/2023\/05\/Beertasting\u00a9Einbecker-Brauhaus-AG.jpg.webp 1019w\" sizes=\"auto, (max-width: 300px) 100vw, 300px\" \/>                    <img loading=\"lazy\" decoding=\"async\" width=\"300\" height=\"165\" src=\"https:\/\/9staedte.de\/wp-content\/smush-webp\/2023\/05\/Beertasting\u00a9Einbecker-Brauhaus-AG-300x165.jpg.webp\" class=\"objectfitcontain wp-post-image\" alt=\"L\u2019image montre deux personnes qui d\u00e9gustent de la bi\u00e8re. Elles sont assises \u00e0 une table dans un bar chaleureux. Devant, il y a un verre de bi\u00e8re plein avec de la mousse. Une bougie est allum\u00e9e sur la table. L\u2019ambiance est calme et agr\u00e9able.\" srcset=\"https:\/\/9staedte.de\/wp-content\/smush-webp\/2023\/05\/Beertasting\u00a9Einbecker-Brauhaus-AG-300x165.jpg.webp 300w, https:\/\/9staedte.de\/wp-content\/smush-webp\/2023\/05\/Beertasting\u00a9Einbecker-Brauhaus-AG-768x423.jpg.webp 768w, https:\/\/9staedte.de\/wp-content\/smush-webp\/2023\/05\/Beertasting\u00a9Einbecker-Brauhaus-AG.jpg.webp 1019w\" sizes=\"auto, (max-width: 300px) 100vw, 300px\" \/>                        <div class=\"thumbnail-label\">\n    <span>Beertasting\u00a9Einbecker Brauhaus AG<\/span>\n    <\/div>\n                <\/div>\n                        <div class=\"contentKachel-content\">\n                                    <div class=\"city-tag bg-einbeck\">\n                        Einbeck                    <\/div>\n                \n                <div class=\"title\">\n\n                    Programme d&rsquo;une demi-journ\u00e9e : Bi\u00e8re \u00e0 EInbeck                    \n                <\/div>\n\n                            <\/div>\n\n        <\/div>\n    <\/a>\n<\/div>                                            <\/div>\r\n    <\/div>\r\n","protected":false},"excerpt":{"rendered":"","protected":false},"author":6,"featured_media":16922,"parent":18033,"menu_order":0,"comment_status":"closed","ping_status":"closed","template":"pagetemplates\/template-stadtthema.php","meta":{"_acf_changed":false,"footnotes":""},"categories":[],"tags":[],"ncap_cities_tax":[478,1110],"class_list":["post-16918","page","type-page","status-publish","has-post-thumbnail","hentry","ncap_cities_tax-einbeck-fr","ncap_cities_tax-tagesprogramme-einbeck-fr"],"acf":[],"yoast_head":"<!-- This site is optimized with the Yoast SEO plugin v26.8 - https:\/\/yoast.com\/product\/yoast-seo-wordpress\/ -->\n<title>Programmes d&#039;une demi-journ\u00e9e \u00e0 Einbeck - 9 St\u00e4dte in Niedersachsen<\/title>\n<meta name=\"robots\" content=\"index, follow, max-snippet:-1, max-image-preview:large, max-video-preview:-1\" \/>\n<link rel=\"canonical\" href=\"https:\/\/9staedte.de\/fr\/einbeck-voitures-anciennes-colombages-biere\/programmes-dune-demi-journee-a-einbeck\/\" \/>\n<meta property=\"og:locale\" content=\"fr_FR\" \/>\n<meta property=\"og:type\" content=\"article\" \/>\n<meta property=\"og:title\" content=\"Programmes d&#039;une demi-journ\u00e9e \u00e0 Einbeck - 9 St\u00e4dte in Niedersachsen\" \/>\n<meta property=\"og:url\" content=\"https:\/\/9staedte.de\/fr\/einbeck-voitures-anciennes-colombages-biere\/programmes-dune-demi-journee-a-einbeck\/\" \/>\n<meta property=\"og:site_name\" content=\"9 St\u00e4dte in Niedersachsen\" \/>\n<meta property=\"article:modified_time\" content=\"2023-11-02T16:39:30+00:00\" \/>\n<meta property=\"og:image\" content=\"https:\/\/9staedte.de\/wp-content\/uploads\/2023\/05\/Bierstadt-\u00a9Einbecker-Brauhaus-AG.jpg\" \/>\n\t<meta property=\"og:image:width\" content=\"1020\" \/>\n\t<meta property=\"og:image:height\" content=\"560\" \/>\n\t<meta property=\"og:image:type\" content=\"image\/jpeg\" \/>\n<meta name=\"twitter:card\" content=\"summary_large_image\" \/>\n<script type=\"application\/ld+json\" class=\"yoast-schema-graph\">{\"@context\":\"https:\/\/schema.org\",\"@graph\":[{\"@type\":\"WebPage\",\"@id\":\"https:\/\/9staedte.de\/fr\/einbeck-voitures-anciennes-colombages-biere\/programmes-dune-demi-journee-a-einbeck\/\",\"url\":\"https:\/\/9staedte.de\/fr\/einbeck-voitures-anciennes-colombages-biere\/programmes-dune-demi-journee-a-einbeck\/\",\"name\":\"Programmes d'une demi-journ\u00e9e \u00e0 Einbeck - 9 St\u00e4dte in Niedersachsen\",\"isPartOf\":{\"@id\":\"https:\/\/9staedte.de\/fr\/#website\"},\"primaryImageOfPage\":{\"@id\":\"https:\/\/9staedte.de\/fr\/einbeck-voitures-anciennes-colombages-biere\/programmes-dune-demi-journee-a-einbeck\/#primaryimage\"},\"image\":{\"@id\":\"https:\/\/9staedte.de\/fr\/einbeck-voitures-anciennes-colombages-biere\/programmes-dune-demi-journee-a-einbeck\/#primaryimage\"},\"thumbnailUrl\":\"https:\/\/9staedte.de\/wp-content\/uploads\/2023\/05\/Bierstadt-\u00a9Einbecker-Brauhaus-AG.jpg\",\"datePublished\":\"2023-11-02T08:46:20+00:00\",\"dateModified\":\"2023-11-02T16:39:30+00:00\",\"breadcrumb\":{\"@id\":\"https:\/\/9staedte.de\/fr\/einbeck-voitures-anciennes-colombages-biere\/programmes-dune-demi-journee-a-einbeck\/#breadcrumb\"},\"inLanguage\":\"fr-FR\",\"potentialAction\":[{\"@type\":\"ReadAction\",\"target\":[\"https:\/\/9staedte.de\/fr\/einbeck-voitures-anciennes-colombages-biere\/programmes-dune-demi-journee-a-einbeck\/\"]}]},{\"@type\":\"ImageObject\",\"inLanguage\":\"fr-FR\",\"@id\":\"https:\/\/9staedte.de\/fr\/einbeck-voitures-anciennes-colombages-biere\/programmes-dune-demi-journee-a-einbeck\/#primaryimage\",\"url\":\"https:\/\/9staedte.de\/wp-content\/uploads\/2023\/05\/Bierstadt-\u00a9Einbecker-Brauhaus-AG.jpg\",\"contentUrl\":\"https:\/\/9staedte.de\/wp-content\/uploads\/2023\/05\/Bierstadt-\u00a9Einbecker-Brauhaus-AG.jpg\",\"width\":1020,\"height\":560,\"caption\":\"Bierstadt, \u00a9Einbecker Brauhaus AG\"},{\"@type\":\"BreadcrumbList\",\"@id\":\"https:\/\/9staedte.de\/fr\/einbeck-voitures-anciennes-colombages-biere\/programmes-dune-demi-journee-a-einbeck\/#breadcrumb\",\"itemListElement\":[{\"@type\":\"ListItem\",\"position\":1,\"name\":\"Startseite\",\"item\":\"https:\/\/9staedte.de\/fr\/\"},{\"@type\":\"ListItem\",\"position\":2,\"name\":\"Einbeck &#8211; voitures anciennes, colombages, bi\u00e8re\",\"item\":\"https:\/\/9staedte.de\/fr\/einbeck-voitures-anciennes-colombages-biere\/\"},{\"@type\":\"ListItem\",\"position\":3,\"name\":\"Programmes d&#8217;une demi-journ\u00e9e \u00e0 Einbeck\"}]},{\"@type\":\"WebSite\",\"@id\":\"https:\/\/9staedte.de\/fr\/#website\",\"url\":\"https:\/\/9staedte.de\/fr\/\",\"name\":\"9 St\u00e4dte in Niedersachsen\",\"description\":\"\",\"publisher\":{\"@id\":\"https:\/\/9staedte.de\/fr\/#organization\"},\"potentialAction\":[{\"@type\":\"SearchAction\",\"target\":{\"@type\":\"EntryPoint\",\"urlTemplate\":\"https:\/\/9staedte.de\/fr\/?s={search_term_string}\"},\"query-input\":{\"@type\":\"PropertyValueSpecification\",\"valueRequired\":true,\"valueName\":\"search_term_string\"}}],\"inLanguage\":\"fr-FR\"},{\"@type\":\"Organization\",\"@id\":\"https:\/\/9staedte.de\/fr\/#organization\",\"name\":\"9 St\u00e4dte in Niedersachsen\",\"url\":\"https:\/\/9staedte.de\/fr\/\",\"logo\":{\"@type\":\"ImageObject\",\"inLanguage\":\"fr-FR\",\"@id\":\"https:\/\/9staedte.de\/fr\/#\/schema\/logo\/image\/\",\"url\":\"https:\/\/9staedte.de\/wp-content\/uploads\/2025\/01\/9-neg-deutsch-2-1.png\",\"contentUrl\":\"https:\/\/9staedte.de\/wp-content\/uploads\/2025\/01\/9-neg-deutsch-2-1.png\",\"width\":190,\"height\":114,\"caption\":\"9 St\u00e4dte in Niedersachsen\"},\"image\":{\"@id\":\"https:\/\/9staedte.de\/fr\/#\/schema\/logo\/image\/\"}}]}<\/script>\n<!-- \/ Yoast SEO plugin. -->","yoast_head_json":{"title":"Programmes d'une demi-journ\u00e9e \u00e0 Einbeck - 9 St\u00e4dte in Niedersachsen","robots":{"index":"index","follow":"follow","max-snippet":"max-snippet:-1","max-image-preview":"max-image-preview:large","max-video-preview":"max-video-preview:-1"},"canonical":"https:\/\/9staedte.de\/fr\/einbeck-voitures-anciennes-colombages-biere\/programmes-dune-demi-journee-a-einbeck\/","og_locale":"fr_FR","og_type":"article","og_title":"Programmes d'une demi-journ\u00e9e \u00e0 Einbeck - 9 St\u00e4dte in Niedersachsen","og_url":"https:\/\/9staedte.de\/fr\/einbeck-voitures-anciennes-colombages-biere\/programmes-dune-demi-journee-a-einbeck\/","og_site_name":"9 St\u00e4dte in Niedersachsen","article_modified_time":"2023-11-02T16:39:30+00:00","og_image":[{"width":1020,"height":560,"url":"https:\/\/9staedte.de\/wp-content\/uploads\/2023\/05\/Bierstadt-\u00a9Einbecker-Brauhaus-AG.jpg","type":"image\/jpeg"}],"twitter_card":"summary_large_image","schema":{"@context":"https:\/\/schema.org","@graph":[{"@type":"WebPage","@id":"https:\/\/9staedte.de\/fr\/einbeck-voitures-anciennes-colombages-biere\/programmes-dune-demi-journee-a-einbeck\/","url":"https:\/\/9staedte.de\/fr\/einbeck-voitures-anciennes-colombages-biere\/programmes-dune-demi-journee-a-einbeck\/","name":"Programmes d'une demi-journ\u00e9e \u00e0 Einbeck - 9 St\u00e4dte in Niedersachsen","isPartOf":{"@id":"https:\/\/9staedte.de\/fr\/#website"},"primaryImageOfPage":{"@id":"https:\/\/9staedte.de\/fr\/einbeck-voitures-anciennes-colombages-biere\/programmes-dune-demi-journee-a-einbeck\/#primaryimage"},"image":{"@id":"https:\/\/9staedte.de\/fr\/einbeck-voitures-anciennes-colombages-biere\/programmes-dune-demi-journee-a-einbeck\/#primaryimage"},"thumbnailUrl":"https:\/\/9staedte.de\/wp-content\/uploads\/2023\/05\/Bierstadt-\u00a9Einbecker-Brauhaus-AG.jpg","datePublished":"2023-11-02T08:46:20+00:00","dateModified":"2023-11-02T16:39:30+00:00","breadcrumb":{"@id":"https:\/\/9staedte.de\/fr\/einbeck-voitures-anciennes-colombages-biere\/programmes-dune-demi-journee-a-einbeck\/#breadcrumb"},"inLanguage":"fr-FR","potentialAction":[{"@type":"ReadAction","target":["https:\/\/9staedte.de\/fr\/einbeck-voitures-anciennes-colombages-biere\/programmes-dune-demi-journee-a-einbeck\/"]}]},{"@type":"ImageObject","inLanguage":"fr-FR","@id":"https:\/\/9staedte.de\/fr\/einbeck-voitures-anciennes-colombages-biere\/programmes-dune-demi-journee-a-einbeck\/#primaryimage","url":"https:\/\/9staedte.de\/wp-content\/uploads\/2023\/05\/Bierstadt-\u00a9Einbecker-Brauhaus-AG.jpg","contentUrl":"https:\/\/9staedte.de\/wp-content\/uploads\/2023\/05\/Bierstadt-\u00a9Einbecker-Brauhaus-AG.jpg","width":1020,"height":560,"caption":"Bierstadt, \u00a9Einbecker Brauhaus AG"},{"@type":"BreadcrumbList","@id":"https:\/\/9staedte.de\/fr\/einbeck-voitures-anciennes-colombages-biere\/programmes-dune-demi-journee-a-einbeck\/#breadcrumb","itemListElement":[{"@type":"ListItem","position":1,"name":"Startseite","item":"https:\/\/9staedte.de\/fr\/"},{"@type":"ListItem","position":2,"name":"Einbeck &#8211; voitures anciennes, colombages, bi\u00e8re","item":"https:\/\/9staedte.de\/fr\/einbeck-voitures-anciennes-colombages-biere\/"},{"@type":"ListItem","position":3,"name":"Programmes d&#8217;une demi-journ\u00e9e \u00e0 Einbeck"}]},{"@type":"WebSite","@id":"https:\/\/9staedte.de\/fr\/#website","url":"https:\/\/9staedte.de\/fr\/","name":"9 St\u00e4dte in Niedersachsen","description":"","publisher":{"@id":"https:\/\/9staedte.de\/fr\/#organization"},"potentialAction":[{"@type":"SearchAction","target":{"@type":"EntryPoint","urlTemplate":"https:\/\/9staedte.de\/fr\/?s={search_term_string}"},"query-input":{"@type":"PropertyValueSpecification","valueRequired":true,"valueName":"search_term_string"}}],"inLanguage":"fr-FR"},{"@type":"Organization","@id":"https:\/\/9staedte.de\/fr\/#organization","name":"9 St\u00e4dte in Niedersachsen","url":"https:\/\/9staedte.de\/fr\/","logo":{"@type":"ImageObject","inLanguage":"fr-FR","@id":"https:\/\/9staedte.de\/fr\/#\/schema\/logo\/image\/","url":"https:\/\/9staedte.de\/wp-content\/uploads\/2025\/01\/9-neg-deutsch-2-1.png","contentUrl":"https:\/\/9staedte.de\/wp-content\/uploads\/2025\/01\/9-neg-deutsch-2-1.png","width":190,"height":114,"caption":"9 St\u00e4dte in Niedersachsen"},"image":{"@id":"https:\/\/9staedte.de\/fr\/#\/schema\/logo\/image\/"}}]}},"_links":{"self":[{"href":"https:\/\/9staedte.de\/fr\/wp-json\/wp\/v2\/pages\/16918","targetHints":{"allow":["GET"]}}],"collection":[{"href":"https:\/\/9staedte.de\/fr\/wp-json\/wp\/v2\/pages"}],"about":[{"href":"https:\/\/9staedte.de\/fr\/wp-json\/wp\/v2\/types\/page"}],"author":[{"embeddable":true,"href":"https:\/\/9staedte.de\/fr\/wp-json\/wp\/v2\/users\/6"}],"replies":[{"embeddable":true,"href":"https:\/\/9staedte.de\/fr\/wp-json\/wp\/v2\/comments?post=16918"}],"version-history":[{"count":1,"href":"https:\/\/9staedte.de\/fr\/wp-json\/wp\/v2\/pages\/16918\/revisions"}],"predecessor-version":[{"id":19783,"href":"https:\/\/9staedte.de\/fr\/wp-json\/wp\/v2\/pages\/16918\/revisions\/19783"}],"up":[{"embeddable":true,"href":"https:\/\/9staedte.de\/fr\/wp-json\/wp\/v2\/pages\/18033"}],"wp:featuredmedia":[{"embeddable":true,"href":"https:\/\/9staedte.de\/fr\/wp-json\/wp\/v2\/media\/16922"}],"wp:attachment":[{"href":"https:\/\/9staedte.de\/fr\/wp-json\/wp\/v2\/media?parent=16918"}],"wp:term":[{"taxonomy":"category","embeddable":true,"href":"https:\/\/9staedte.de\/fr\/wp-json\/wp\/v2\/categories?post=16918"},{"taxonomy":"post_tag","embeddable":true,"href":"https:\/\/9staedte.de\/fr\/wp-json\/wp\/v2\/tags?post=16918"},{"taxonomy":"ncap_cities_tax","embeddable":true,"href":"https:\/\/9staedte.de\/fr\/wp-json\/wp\/v2\/ncap_cities_tax?post=16918"}],"curies":[{"name":"wp","href":"https:\/\/api.w.org\/{rel}","templated":true}]}}