{"id":16917,"date":"2023-11-02T09:46:20","date_gmt":"2023-11-02T08:46:20","guid":{"rendered":"https:\/\/9staedte.de\/decouverte-de-la-nature-et-durabilite-a-einbeck\/"},"modified":"2024-03-21T15:56:13","modified_gmt":"2024-03-21T14:56:13","slug":"decouverte-de-la-nature-et-durabilite-a-einbeck","status":"publish","type":"page","link":"https:\/\/9staedte.de\/fr\/einbeck-voitures-anciennes-colombages-biere\/decouverte-de-la-nature-et-durabilite-a-einbeck\/","title":{"rendered":"D\u00e9couverte de la nature et durabilit\u00e9 \u00e0 Einbeck"},"content":{"rendered":"\n<h2 class=\"wp-block-heading\">D\u00e9couvrir Einbeck de mani\u00e8re durable<\/h2>\n\n\n\n<p>Dans cette ancienne ville hans\u00e9atique, on trouve des maisons \u00e0 colombages historiques magnifiquement d\u00e9cor\u00e9es, la d\u00e9licieuse bi\u00e8re Bock d&rsquo;Einbeck et la plus grande collection de voitures anciennes d&rsquo;Europe au PS.SPEICHER. Einbeck et ses 46 localit\u00e9s peuvent \u00e9galement marquer des points en mati\u00e8re de d\u00e9tente dans la nature : Promenades \u00e0 travers la ville, le long des remparts historiques, d\u00e9tente sur les remparts, randonn\u00e9es dans la \u00ab\u00a0Hube\u00a0\u00bb, la for\u00eat urbaine d&rsquo;Einbeck ou v\u00e9lo de ch\u00e2teau en ch\u00e2teau. Des produits r\u00e9gionaux vari\u00e9s, comme la moutarde d&rsquo;Einbeck, sont ici chez eux. Lors d&rsquo;une excursion en cano\u00eb sur la Leine et l&rsquo;Ilme, les zones urbaines d&rsquo;Einbeck peuvent \u00eatre d\u00e9couvertes directement depuis l&rsquo;eau et la r\u00e9gion des lacs de Northeim, toute proche, offre de nombreuses possibilit\u00e9s de p\u00e9dalo, de voile, de stand-up paddle et de natation.<\/p>\n\n\n\n\n<div class=\"banner-wrapper\">\n  <div class=\"banner-inner \">\n      <div class=\"img-container\">\n      <div class=\"img-wrapper\">\n        <img decoding=\"async\" src=\"https:\/\/9staedte.de\/wp-content\/smush-webp\/2023\/07\/Rad-Leinepolder-\u00a9mehle-hundertmark-Fotografie.jpg.webp\" alt=\"Un homme et une femme sont assis sur un banc pr\u00e8s d\u2019un chemin. Ils portent des vestes. Deux v\u00e9los sont \u00e0 c\u00f4t\u00e9 du banc. L\u2019homme montre quelque chose au loin. Devant eux, il y a des champs verts et des collines.\" \/>\n                  <div class=\"thumbnail-label\">\n            <span>Foto: Michaela Hundertmark, Michael Mehle<\/span>\n          <\/div>\n              <\/div>\n    <\/div>\n        <div class=\"text-container\">\n      <div class=\"content\">\n        <h2>Vivre Einbeck de mani\u00e8re durable : 9 conseils<\/h2>\n<ol>\n<li><a href=\"https:\/\/www.einbeck-tourismus.de\/freizeit-und-sport\">Se d\u00e9placer activement<\/a>: Einbeck et ses environs regorgent de sentiers de randonn\u00e9e et de pistes cyclables, de parcs et de for\u00eats.<\/li>\n<li>Tous les mercredis et samedis, le march\u00e9 hebdomadaire de la vieille ville propose des d\u00e9lices r\u00e9gionaux.<\/li>\n<li><a href=\"https:\/\/www.einbeck-tourismus.de\/einbecker-senfmuehle\">Moutarde d&rsquo;Einbeck<\/a>: bio, r\u00e9gionale et moulue \u00e0 froid &#8211; la plus piquante du Nord<\/li>\n<li>Bi\u00e8re d&rsquo;Einbeck : le plaisir de la bi\u00e8re en provenance directe d&rsquo;Einbeck<\/li>\n<li><a href=\"https:\/\/www.einbeck-tourismus.de\/unsere-46-ortschaften\">Les 46 quartiers d&rsquo;Einbecker<\/a>: Les localit\u00e9s vari\u00e9es et uniques d&rsquo;Einbeck sont parfaites pour une excursion et valent absolument la peine d&rsquo;\u00eatre v\u00e9cues.<\/li>\n<li><a href=\"https:\/\/www.einbeck-tourismus.de\/wohnmobilstellplatz\">Aire de camping-car<\/a>: situation centrale avec des possibilit\u00e9s parfaites pour des activit\u00e9s dans la nature ou en ville.<\/li>\n<li><a href=\"https:\/\/www.einbeck-tourismus.de\/stadtfuehrungen-und-erlebnisse\/fuehrungen-durch-burgen-und-salinen\">Visites guid\u00e9es des ch\u00e2teaux et des salines<\/a>: Jeter un coup d&rsquo;\u0153il sur le pass\u00e9 passionnant des ch\u00e2teaux situ\u00e9s aux portes de la ville ou tout apprendre sur la tradition de la production de sel.<\/li>\n<li><a href=\"https:\/\/www.einbeck-tourismus.de\/fachwerk-meets-graffiti\">Mile de street art d&rsquo;Einbeck<\/a>: La plus grande galerie en plein air du sud de la Basse-Saxe.<\/li>\n<li><a href=\"https:\/\/einbeck-erleben.de\/regional-zehner\">Einbecker 10er<\/a>: cette monnaie r\u00e9gionale permet de faire des achats dans les commerces locaux et favorise le pouvoir d&rsquo;achat local.<\/li>\n<\/ol>\n      <\/div>\n    <\/div>\n    <\/div>\n<\/div>\n\n","protected":false},"excerpt":{"rendered":"<p>D\u00e9couvrir Einbeck de mani\u00e8re durable Dans cette ancienne ville hans\u00e9atique, on trouve des maisons \u00e0 colombages historiques magnifiquement d\u00e9cor\u00e9es, la d\u00e9licieuse bi\u00e8re Bock d&rsquo;Einbeck et la plus grande collection de voitures anciennes d&rsquo;Europe au PS.SPEICHER. Einbeck et ses 46 localit\u00e9s peuvent \u00e9galement marquer des points en mati\u00e8re de d\u00e9tente dans la nature : Promenades \u00e0 [&hellip;]<\/p>\n","protected":false},"author":6,"featured_media":15618,"parent":18033,"menu_order":0,"comment_status":"closed","ping_status":"closed","template":"pagetemplates\/template-stadtthema.php","meta":{"_acf_changed":false,"footnotes":""},"categories":[],"tags":[],"ncap_cities_tax":[478,1115],"class_list":["post-16917","page","type-page","status-publish","has-post-thumbnail","hentry","ncap_cities_tax-einbeck-fr","ncap_cities_tax-naturerlebnisse-und-nachhaltigkeit-einbeck-fr"],"acf":[],"yoast_head":"<!-- This site is optimized with the Yoast SEO plugin v26.8 - https:\/\/yoast.com\/product\/yoast-seo-wordpress\/ -->\n<title>D\u00e9couverte de la nature et durabilit\u00e9 \u00e0 Einbeck - 9 St\u00e4dte in Niedersachsen<\/title>\n<meta name=\"robots\" content=\"index, follow, max-snippet:-1, max-image-preview:large, max-video-preview:-1\" \/>\n<link rel=\"canonical\" href=\"https:\/\/9staedte.de\/fr\/einbeck-voitures-anciennes-colombages-biere\/decouverte-de-la-nature-et-durabilite-a-einbeck\/\" \/>\n<meta property=\"og:locale\" content=\"fr_FR\" \/>\n<meta property=\"og:type\" content=\"article\" \/>\n<meta property=\"og:title\" content=\"D\u00e9couverte de la nature et durabilit\u00e9 \u00e0 Einbeck - 9 St\u00e4dte in Niedersachsen\" \/>\n<meta property=\"og:description\" content=\"D\u00e9couvrir Einbeck de mani\u00e8re durable Dans cette ancienne ville hans\u00e9atique, on trouve des maisons \u00e0 colombages historiques magnifiquement d\u00e9cor\u00e9es, la d\u00e9licieuse bi\u00e8re Bock d&rsquo;Einbeck et la plus grande collection de voitures anciennes d&rsquo;Europe au PS.SPEICHER. Einbeck et ses 46 localit\u00e9s peuvent \u00e9galement marquer des points en mati\u00e8re de d\u00e9tente dans la nature : Promenades \u00e0 [&hellip;]\" \/>\n<meta property=\"og:url\" content=\"https:\/\/9staedte.de\/fr\/einbeck-voitures-anciennes-colombages-biere\/decouverte-de-la-nature-et-durabilite-a-einbeck\/\" \/>\n<meta property=\"og:site_name\" content=\"9 St\u00e4dte in Niedersachsen\" \/>\n<meta property=\"article:modified_time\" content=\"2024-03-21T14:56:13+00:00\" \/>\n<meta property=\"og:image\" content=\"https:\/\/9staedte.de\/wp-content\/uploads\/2023\/05\/Blick-auf-St.-Alexandri-Einbeck-CC0.jpg\" \/>\n\t<meta property=\"og:image:width\" content=\"1020\" \/>\n\t<meta property=\"og:image:height\" content=\"559\" \/>\n\t<meta property=\"og:image:type\" content=\"image\/jpeg\" \/>\n<meta name=\"twitter:card\" content=\"summary_large_image\" \/>\n<meta name=\"twitter:label1\" content=\"Dur\u00e9e de lecture estim\u00e9e\" \/>\n\t<meta name=\"twitter:data1\" content=\"1 minute\" \/>\n<script type=\"application\/ld+json\" class=\"yoast-schema-graph\">{\"@context\":\"https:\/\/schema.org\",\"@graph\":[{\"@type\":\"WebPage\",\"@id\":\"https:\/\/9staedte.de\/fr\/einbeck-voitures-anciennes-colombages-biere\/decouverte-de-la-nature-et-durabilite-a-einbeck\/\",\"url\":\"https:\/\/9staedte.de\/fr\/einbeck-voitures-anciennes-colombages-biere\/decouverte-de-la-nature-et-durabilite-a-einbeck\/\",\"name\":\"D\u00e9couverte de la nature et durabilit\u00e9 \u00e0 Einbeck - 9 St\u00e4dte in Niedersachsen\",\"isPartOf\":{\"@id\":\"https:\/\/9staedte.de\/fr\/#website\"},\"primaryImageOfPage\":{\"@id\":\"https:\/\/9staedte.de\/fr\/einbeck-voitures-anciennes-colombages-biere\/decouverte-de-la-nature-et-durabilite-a-einbeck\/#primaryimage\"},\"image\":{\"@id\":\"https:\/\/9staedte.de\/fr\/einbeck-voitures-anciennes-colombages-biere\/decouverte-de-la-nature-et-durabilite-a-einbeck\/#primaryimage\"},\"thumbnailUrl\":\"https:\/\/9staedte.de\/wp-content\/uploads\/2023\/05\/Blick-auf-St.-Alexandri-Einbeck-CC0.jpg\",\"datePublished\":\"2023-11-02T08:46:20+00:00\",\"dateModified\":\"2024-03-21T14:56:13+00:00\",\"breadcrumb\":{\"@id\":\"https:\/\/9staedte.de\/fr\/einbeck-voitures-anciennes-colombages-biere\/decouverte-de-la-nature-et-durabilite-a-einbeck\/#breadcrumb\"},\"inLanguage\":\"fr-FR\",\"potentialAction\":[{\"@type\":\"ReadAction\",\"target\":[\"https:\/\/9staedte.de\/fr\/einbeck-voitures-anciennes-colombages-biere\/decouverte-de-la-nature-et-durabilite-a-einbeck\/\"]}]},{\"@type\":\"ImageObject\",\"inLanguage\":\"fr-FR\",\"@id\":\"https:\/\/9staedte.de\/fr\/einbeck-voitures-anciennes-colombages-biere\/decouverte-de-la-nature-et-durabilite-a-einbeck\/#primaryimage\",\"url\":\"https:\/\/9staedte.de\/wp-content\/uploads\/2023\/05\/Blick-auf-St.-Alexandri-Einbeck-CC0.jpg\",\"contentUrl\":\"https:\/\/9staedte.de\/wp-content\/uploads\/2023\/05\/Blick-auf-St.-Alexandri-Einbeck-CC0.jpg\",\"width\":1020,\"height\":559,\"caption\":\"Blick auf St. Alexandri Einbeck cc0\"},{\"@type\":\"BreadcrumbList\",\"@id\":\"https:\/\/9staedte.de\/fr\/einbeck-voitures-anciennes-colombages-biere\/decouverte-de-la-nature-et-durabilite-a-einbeck\/#breadcrumb\",\"itemListElement\":[{\"@type\":\"ListItem\",\"position\":1,\"name\":\"Startseite\",\"item\":\"https:\/\/9staedte.de\/fr\/\"},{\"@type\":\"ListItem\",\"position\":2,\"name\":\"Einbeck &#8211; voitures anciennes, colombages, bi\u00e8re\",\"item\":\"https:\/\/9staedte.de\/fr\/einbeck-voitures-anciennes-colombages-biere\/\"},{\"@type\":\"ListItem\",\"position\":3,\"name\":\"D\u00e9couverte de la nature et durabilit\u00e9 \u00e0 Einbeck\"}]},{\"@type\":\"WebSite\",\"@id\":\"https:\/\/9staedte.de\/fr\/#website\",\"url\":\"https:\/\/9staedte.de\/fr\/\",\"name\":\"9 St\u00e4dte in Niedersachsen\",\"description\":\"\",\"publisher\":{\"@id\":\"https:\/\/9staedte.de\/fr\/#organization\"},\"potentialAction\":[{\"@type\":\"SearchAction\",\"target\":{\"@type\":\"EntryPoint\",\"urlTemplate\":\"https:\/\/9staedte.de\/fr\/?s={search_term_string}\"},\"query-input\":{\"@type\":\"PropertyValueSpecification\",\"valueRequired\":true,\"valueName\":\"search_term_string\"}}],\"inLanguage\":\"fr-FR\"},{\"@type\":\"Organization\",\"@id\":\"https:\/\/9staedte.de\/fr\/#organization\",\"name\":\"9 St\u00e4dte in Niedersachsen\",\"url\":\"https:\/\/9staedte.de\/fr\/\",\"logo\":{\"@type\":\"ImageObject\",\"inLanguage\":\"fr-FR\",\"@id\":\"https:\/\/9staedte.de\/fr\/#\/schema\/logo\/image\/\",\"url\":\"https:\/\/9staedte.de\/wp-content\/uploads\/2025\/01\/9-neg-deutsch-2-1.png\",\"contentUrl\":\"https:\/\/9staedte.de\/wp-content\/uploads\/2025\/01\/9-neg-deutsch-2-1.png\",\"width\":190,\"height\":114,\"caption\":\"9 St\u00e4dte in Niedersachsen\"},\"image\":{\"@id\":\"https:\/\/9staedte.de\/fr\/#\/schema\/logo\/image\/\"}}]}<\/script>\n<!-- \/ Yoast SEO plugin. -->","yoast_head_json":{"title":"D\u00e9couverte de la nature et durabilit\u00e9 \u00e0 Einbeck - 9 St\u00e4dte in Niedersachsen","robots":{"index":"index","follow":"follow","max-snippet":"max-snippet:-1","max-image-preview":"max-image-preview:large","max-video-preview":"max-video-preview:-1"},"canonical":"https:\/\/9staedte.de\/fr\/einbeck-voitures-anciennes-colombages-biere\/decouverte-de-la-nature-et-durabilite-a-einbeck\/","og_locale":"fr_FR","og_type":"article","og_title":"D\u00e9couverte de la nature et durabilit\u00e9 \u00e0 Einbeck - 9 St\u00e4dte in Niedersachsen","og_description":"D\u00e9couvrir Einbeck de mani\u00e8re durable Dans cette ancienne ville hans\u00e9atique, on trouve des maisons \u00e0 colombages historiques magnifiquement d\u00e9cor\u00e9es, la d\u00e9licieuse bi\u00e8re Bock d&rsquo;Einbeck et la plus grande collection de voitures anciennes d&rsquo;Europe au PS.SPEICHER. Einbeck et ses 46 localit\u00e9s peuvent \u00e9galement marquer des points en mati\u00e8re de d\u00e9tente dans la nature : Promenades \u00e0 [&hellip;]","og_url":"https:\/\/9staedte.de\/fr\/einbeck-voitures-anciennes-colombages-biere\/decouverte-de-la-nature-et-durabilite-a-einbeck\/","og_site_name":"9 St\u00e4dte in Niedersachsen","article_modified_time":"2024-03-21T14:56:13+00:00","og_image":[{"width":1020,"height":559,"url":"https:\/\/9staedte.de\/wp-content\/uploads\/2023\/05\/Blick-auf-St.-Alexandri-Einbeck-CC0.jpg","type":"image\/jpeg"}],"twitter_card":"summary_large_image","twitter_misc":{"Dur\u00e9e de lecture estim\u00e9e":"1 minute"},"schema":{"@context":"https:\/\/schema.org","@graph":[{"@type":"WebPage","@id":"https:\/\/9staedte.de\/fr\/einbeck-voitures-anciennes-colombages-biere\/decouverte-de-la-nature-et-durabilite-a-einbeck\/","url":"https:\/\/9staedte.de\/fr\/einbeck-voitures-anciennes-colombages-biere\/decouverte-de-la-nature-et-durabilite-a-einbeck\/","name":"D\u00e9couverte de la nature et durabilit\u00e9 \u00e0 Einbeck - 9 St\u00e4dte in Niedersachsen","isPartOf":{"@id":"https:\/\/9staedte.de\/fr\/#website"},"primaryImageOfPage":{"@id":"https:\/\/9staedte.de\/fr\/einbeck-voitures-anciennes-colombages-biere\/decouverte-de-la-nature-et-durabilite-a-einbeck\/#primaryimage"},"image":{"@id":"https:\/\/9staedte.de\/fr\/einbeck-voitures-anciennes-colombages-biere\/decouverte-de-la-nature-et-durabilite-a-einbeck\/#primaryimage"},"thumbnailUrl":"https:\/\/9staedte.de\/wp-content\/uploads\/2023\/05\/Blick-auf-St.-Alexandri-Einbeck-CC0.jpg","datePublished":"2023-11-02T08:46:20+00:00","dateModified":"2024-03-21T14:56:13+00:00","breadcrumb":{"@id":"https:\/\/9staedte.de\/fr\/einbeck-voitures-anciennes-colombages-biere\/decouverte-de-la-nature-et-durabilite-a-einbeck\/#breadcrumb"},"inLanguage":"fr-FR","potentialAction":[{"@type":"ReadAction","target":["https:\/\/9staedte.de\/fr\/einbeck-voitures-anciennes-colombages-biere\/decouverte-de-la-nature-et-durabilite-a-einbeck\/"]}]},{"@type":"ImageObject","inLanguage":"fr-FR","@id":"https:\/\/9staedte.de\/fr\/einbeck-voitures-anciennes-colombages-biere\/decouverte-de-la-nature-et-durabilite-a-einbeck\/#primaryimage","url":"https:\/\/9staedte.de\/wp-content\/uploads\/2023\/05\/Blick-auf-St.-Alexandri-Einbeck-CC0.jpg","contentUrl":"https:\/\/9staedte.de\/wp-content\/uploads\/2023\/05\/Blick-auf-St.-Alexandri-Einbeck-CC0.jpg","width":1020,"height":559,"caption":"Blick auf St. Alexandri Einbeck cc0"},{"@type":"BreadcrumbList","@id":"https:\/\/9staedte.de\/fr\/einbeck-voitures-anciennes-colombages-biere\/decouverte-de-la-nature-et-durabilite-a-einbeck\/#breadcrumb","itemListElement":[{"@type":"ListItem","position":1,"name":"Startseite","item":"https:\/\/9staedte.de\/fr\/"},{"@type":"ListItem","position":2,"name":"Einbeck &#8211; voitures anciennes, colombages, bi\u00e8re","item":"https:\/\/9staedte.de\/fr\/einbeck-voitures-anciennes-colombages-biere\/"},{"@type":"ListItem","position":3,"name":"D\u00e9couverte de la nature et durabilit\u00e9 \u00e0 Einbeck"}]},{"@type":"WebSite","@id":"https:\/\/9staedte.de\/fr\/#website","url":"https:\/\/9staedte.de\/fr\/","name":"9 St\u00e4dte in Niedersachsen","description":"","publisher":{"@id":"https:\/\/9staedte.de\/fr\/#organization"},"potentialAction":[{"@type":"SearchAction","target":{"@type":"EntryPoint","urlTemplate":"https:\/\/9staedte.de\/fr\/?s={search_term_string}"},"query-input":{"@type":"PropertyValueSpecification","valueRequired":true,"valueName":"search_term_string"}}],"inLanguage":"fr-FR"},{"@type":"Organization","@id":"https:\/\/9staedte.de\/fr\/#organization","name":"9 St\u00e4dte in Niedersachsen","url":"https:\/\/9staedte.de\/fr\/","logo":{"@type":"ImageObject","inLanguage":"fr-FR","@id":"https:\/\/9staedte.de\/fr\/#\/schema\/logo\/image\/","url":"https:\/\/9staedte.de\/wp-content\/uploads\/2025\/01\/9-neg-deutsch-2-1.png","contentUrl":"https:\/\/9staedte.de\/wp-content\/uploads\/2025\/01\/9-neg-deutsch-2-1.png","width":190,"height":114,"caption":"9 St\u00e4dte in Niedersachsen"},"image":{"@id":"https:\/\/9staedte.de\/fr\/#\/schema\/logo\/image\/"}}]}},"_links":{"self":[{"href":"https:\/\/9staedte.de\/fr\/wp-json\/wp\/v2\/pages\/16917","targetHints":{"allow":["GET"]}}],"collection":[{"href":"https:\/\/9staedte.de\/fr\/wp-json\/wp\/v2\/pages"}],"about":[{"href":"https:\/\/9staedte.de\/fr\/wp-json\/wp\/v2\/types\/page"}],"author":[{"embeddable":true,"href":"https:\/\/9staedte.de\/fr\/wp-json\/wp\/v2\/users\/6"}],"replies":[{"embeddable":true,"href":"https:\/\/9staedte.de\/fr\/wp-json\/wp\/v2\/comments?post=16917"}],"version-history":[{"count":4,"href":"https:\/\/9staedte.de\/fr\/wp-json\/wp\/v2\/pages\/16917\/revisions"}],"predecessor-version":[{"id":21511,"href":"https:\/\/9staedte.de\/fr\/wp-json\/wp\/v2\/pages\/16917\/revisions\/21511"}],"up":[{"embeddable":true,"href":"https:\/\/9staedte.de\/fr\/wp-json\/wp\/v2\/pages\/18033"}],"wp:featuredmedia":[{"embeddable":true,"href":"https:\/\/9staedte.de\/fr\/wp-json\/wp\/v2\/media\/15618"}],"wp:attachment":[{"href":"https:\/\/9staedte.de\/fr\/wp-json\/wp\/v2\/media?parent=16917"}],"wp:term":[{"taxonomy":"category","embeddable":true,"href":"https:\/\/9staedte.de\/fr\/wp-json\/wp\/v2\/categories?post=16917"},{"taxonomy":"post_tag","embeddable":true,"href":"https:\/\/9staedte.de\/fr\/wp-json\/wp\/v2\/tags?post=16917"},{"taxonomy":"ncap_cities_tax","embeddable":true,"href":"https:\/\/9staedte.de\/fr\/wp-json\/wp\/v2\/ncap_cities_tax?post=16917"}],"curies":[{"name":"wp","href":"https:\/\/api.w.org\/{rel}","templated":true}]}}