{"id":16901,"date":"2023-11-02T09:46:19","date_gmt":"2023-11-02T08:46:19","guid":{"rendered":"https:\/\/9staedte.de\/logements-a-einbeck\/"},"modified":"2023-11-02T17:36:47","modified_gmt":"2023-11-02T16:36:47","slug":"logements-a-einbeck","status":"publish","type":"page","link":"https:\/\/9staedte.de\/fr\/einbeck-voitures-anciennes-colombages-biere\/logements-a-einbeck\/","title":{"rendered":"Logements \u00e0 Einbeck"},"content":{"rendered":"\n<h2 class=\"wp-block-heading\">R\u00e9servation de chambres \u00e0 Einbeck<\/h2>\n\n\n\n<h3 class=\"wp-block-heading\"><a href=\"https:\/\/www.einbeck-tourismus.de\/online-buchen\/unterkuenfte\" target=\"_blank\" rel=\"noreferrer noopener\"><strong>Faites votre choix parmi les nombreuses offres propos\u00e9es ici :<\/strong><\/a><\/h3>\n\n\n\n<figure class=\"wp-block-image size-large\"><a href=\"https:\/\/www.einbeck-tourismus.de\/unterkunft-buchen\/unterkuenfte\"><img loading=\"lazy\" decoding=\"async\" width=\"1024\" height=\"504\" src=\"https:\/\/9staedte.de\/wp-content\/smush-webp\/2023\/07\/Reservierung-Einbeck-1024x504.jpg.webp\" alt=\"\" class=\"wp-image-7415\" srcset=\"https:\/\/9staedte.de\/wp-content\/smush-webp\/2023\/07\/Reservierung-Einbeck-1024x504.jpg.webp 1024w, https:\/\/9staedte.de\/wp-content\/smush-webp\/2023\/07\/Reservierung-Einbeck-300x148.jpg.webp 300w, https:\/\/9staedte.de\/wp-content\/smush-webp\/2023\/07\/Reservierung-Einbeck-768x378.jpg.webp 768w, https:\/\/9staedte.de\/wp-content\/smush-webp\/2023\/07\/Reservierung-Einbeck.jpg.webp 1028w\" sizes=\"auto, (max-width: 1024px) 100vw, 1024px\" \/><\/a><\/figure>\n","protected":false},"excerpt":{"rendered":"<p>R\u00e9servation de chambres \u00e0 Einbeck Faites votre choix parmi les nombreuses offres propos\u00e9es ici :<\/p>\n","protected":false},"author":1,"featured_media":15678,"parent":18033,"menu_order":0,"comment_status":"closed","ping_status":"closed","template":"pagetemplates\/template-stadtthema.php","meta":{"_acf_changed":false,"footnotes":""},"categories":[],"tags":[],"ncap_cities_tax":[478,1122],"class_list":["post-16901","page","type-page","status-publish","has-post-thumbnail","hentry","ncap_cities_tax-einbeck-fr","ncap_cities_tax-reservierungen-einbeck-fr"],"acf":[],"yoast_head":"<!-- This site is optimized with the Yoast SEO plugin v26.8 - https:\/\/yoast.com\/product\/yoast-seo-wordpress\/ -->\n<title>Logements \u00e0 Einbeck - 9 St\u00e4dte in Niedersachsen<\/title>\n<meta name=\"robots\" content=\"index, follow, max-snippet:-1, max-image-preview:large, max-video-preview:-1\" \/>\n<link rel=\"canonical\" href=\"https:\/\/9staedte.de\/fr\/einbeck-voitures-anciennes-colombages-biere\/logements-a-einbeck\/\" \/>\n<meta property=\"og:locale\" content=\"fr_FR\" \/>\n<meta property=\"og:type\" content=\"article\" \/>\n<meta property=\"og:title\" content=\"Logements \u00e0 Einbeck - 9 St\u00e4dte in Niedersachsen\" \/>\n<meta property=\"og:description\" content=\"R\u00e9servation de chambres \u00e0 Einbeck Faites votre choix parmi les nombreuses offres propos\u00e9es ici :\" \/>\n<meta property=\"og:url\" content=\"https:\/\/9staedte.de\/fr\/einbeck-voitures-anciennes-colombages-biere\/logements-a-einbeck\/\" \/>\n<meta property=\"og:site_name\" content=\"9 St\u00e4dte in Niedersachsen\" \/>\n<meta property=\"article:modified_time\" content=\"2023-11-02T16:36:47+00:00\" \/>\n<meta property=\"og:image\" content=\"https:\/\/9staedte.de\/wp-content\/uploads\/2023\/05\/Altes-Rathaus-bei-Nacht-CC0.jpg\" \/>\n\t<meta property=\"og:image:width\" content=\"1020\" \/>\n\t<meta property=\"og:image:height\" content=\"560\" \/>\n\t<meta property=\"og:image:type\" content=\"image\/jpeg\" \/>\n<meta name=\"twitter:card\" content=\"summary_large_image\" \/>\n<meta name=\"twitter:label1\" content=\"Dur\u00e9e de lecture estim\u00e9e\" \/>\n\t<meta name=\"twitter:data1\" content=\"1 minute\" \/>\n<script type=\"application\/ld+json\" class=\"yoast-schema-graph\">{\"@context\":\"https:\/\/schema.org\",\"@graph\":[{\"@type\":\"WebPage\",\"@id\":\"https:\/\/9staedte.de\/fr\/einbeck-voitures-anciennes-colombages-biere\/logements-a-einbeck\/\",\"url\":\"https:\/\/9staedte.de\/fr\/einbeck-voitures-anciennes-colombages-biere\/logements-a-einbeck\/\",\"name\":\"Logements \u00e0 Einbeck - 9 St\u00e4dte in Niedersachsen\",\"isPartOf\":{\"@id\":\"https:\/\/9staedte.de\/fr\/#website\"},\"primaryImageOfPage\":{\"@id\":\"https:\/\/9staedte.de\/fr\/einbeck-voitures-anciennes-colombages-biere\/logements-a-einbeck\/#primaryimage\"},\"image\":{\"@id\":\"https:\/\/9staedte.de\/fr\/einbeck-voitures-anciennes-colombages-biere\/logements-a-einbeck\/#primaryimage\"},\"thumbnailUrl\":\"https:\/\/9staedte.de\/wp-content\/uploads\/2023\/05\/Altes-Rathaus-bei-Nacht-CC0.jpg\",\"datePublished\":\"2023-11-02T08:46:19+00:00\",\"dateModified\":\"2023-11-02T16:36:47+00:00\",\"breadcrumb\":{\"@id\":\"https:\/\/9staedte.de\/fr\/einbeck-voitures-anciennes-colombages-biere\/logements-a-einbeck\/#breadcrumb\"},\"inLanguage\":\"fr-FR\",\"potentialAction\":[{\"@type\":\"ReadAction\",\"target\":[\"https:\/\/9staedte.de\/fr\/einbeck-voitures-anciennes-colombages-biere\/logements-a-einbeck\/\"]}]},{\"@type\":\"ImageObject\",\"inLanguage\":\"fr-FR\",\"@id\":\"https:\/\/9staedte.de\/fr\/einbeck-voitures-anciennes-colombages-biere\/logements-a-einbeck\/#primaryimage\",\"url\":\"https:\/\/9staedte.de\/wp-content\/uploads\/2023\/05\/Altes-Rathaus-bei-Nacht-CC0.jpg\",\"contentUrl\":\"https:\/\/9staedte.de\/wp-content\/uploads\/2023\/05\/Altes-Rathaus-bei-Nacht-CC0.jpg\",\"width\":1020,\"height\":560,\"caption\":\"Einbeck Altes Rathaus bei Nacht CC0\"},{\"@type\":\"BreadcrumbList\",\"@id\":\"https:\/\/9staedte.de\/fr\/einbeck-voitures-anciennes-colombages-biere\/logements-a-einbeck\/#breadcrumb\",\"itemListElement\":[{\"@type\":\"ListItem\",\"position\":1,\"name\":\"Startseite\",\"item\":\"https:\/\/9staedte.de\/fr\/\"},{\"@type\":\"ListItem\",\"position\":2,\"name\":\"Einbeck &#8211; voitures anciennes, colombages, bi\u00e8re\",\"item\":\"https:\/\/9staedte.de\/fr\/einbeck-voitures-anciennes-colombages-biere\/\"},{\"@type\":\"ListItem\",\"position\":3,\"name\":\"Logements \u00e0 Einbeck\"}]},{\"@type\":\"WebSite\",\"@id\":\"https:\/\/9staedte.de\/fr\/#website\",\"url\":\"https:\/\/9staedte.de\/fr\/\",\"name\":\"9 St\u00e4dte in Niedersachsen\",\"description\":\"\",\"publisher\":{\"@id\":\"https:\/\/9staedte.de\/fr\/#organization\"},\"potentialAction\":[{\"@type\":\"SearchAction\",\"target\":{\"@type\":\"EntryPoint\",\"urlTemplate\":\"https:\/\/9staedte.de\/fr\/?s={search_term_string}\"},\"query-input\":{\"@type\":\"PropertyValueSpecification\",\"valueRequired\":true,\"valueName\":\"search_term_string\"}}],\"inLanguage\":\"fr-FR\"},{\"@type\":\"Organization\",\"@id\":\"https:\/\/9staedte.de\/fr\/#organization\",\"name\":\"9 St\u00e4dte in Niedersachsen\",\"url\":\"https:\/\/9staedte.de\/fr\/\",\"logo\":{\"@type\":\"ImageObject\",\"inLanguage\":\"fr-FR\",\"@id\":\"https:\/\/9staedte.de\/fr\/#\/schema\/logo\/image\/\",\"url\":\"https:\/\/9staedte.de\/wp-content\/uploads\/2025\/01\/9-neg-deutsch-2-1.png\",\"contentUrl\":\"https:\/\/9staedte.de\/wp-content\/uploads\/2025\/01\/9-neg-deutsch-2-1.png\",\"width\":190,\"height\":114,\"caption\":\"9 St\u00e4dte in Niedersachsen\"},\"image\":{\"@id\":\"https:\/\/9staedte.de\/fr\/#\/schema\/logo\/image\/\"}}]}<\/script>\n<!-- \/ Yoast SEO plugin. -->","yoast_head_json":{"title":"Logements \u00e0 Einbeck - 9 St\u00e4dte in Niedersachsen","robots":{"index":"index","follow":"follow","max-snippet":"max-snippet:-1","max-image-preview":"max-image-preview:large","max-video-preview":"max-video-preview:-1"},"canonical":"https:\/\/9staedte.de\/fr\/einbeck-voitures-anciennes-colombages-biere\/logements-a-einbeck\/","og_locale":"fr_FR","og_type":"article","og_title":"Logements \u00e0 Einbeck - 9 St\u00e4dte in Niedersachsen","og_description":"R\u00e9servation de chambres \u00e0 Einbeck Faites votre choix parmi les nombreuses offres propos\u00e9es ici :","og_url":"https:\/\/9staedte.de\/fr\/einbeck-voitures-anciennes-colombages-biere\/logements-a-einbeck\/","og_site_name":"9 St\u00e4dte in Niedersachsen","article_modified_time":"2023-11-02T16:36:47+00:00","og_image":[{"width":1020,"height":560,"url":"https:\/\/9staedte.de\/wp-content\/uploads\/2023\/05\/Altes-Rathaus-bei-Nacht-CC0.jpg","type":"image\/jpeg"}],"twitter_card":"summary_large_image","twitter_misc":{"Dur\u00e9e de lecture estim\u00e9e":"1 minute"},"schema":{"@context":"https:\/\/schema.org","@graph":[{"@type":"WebPage","@id":"https:\/\/9staedte.de\/fr\/einbeck-voitures-anciennes-colombages-biere\/logements-a-einbeck\/","url":"https:\/\/9staedte.de\/fr\/einbeck-voitures-anciennes-colombages-biere\/logements-a-einbeck\/","name":"Logements \u00e0 Einbeck - 9 St\u00e4dte in Niedersachsen","isPartOf":{"@id":"https:\/\/9staedte.de\/fr\/#website"},"primaryImageOfPage":{"@id":"https:\/\/9staedte.de\/fr\/einbeck-voitures-anciennes-colombages-biere\/logements-a-einbeck\/#primaryimage"},"image":{"@id":"https:\/\/9staedte.de\/fr\/einbeck-voitures-anciennes-colombages-biere\/logements-a-einbeck\/#primaryimage"},"thumbnailUrl":"https:\/\/9staedte.de\/wp-content\/uploads\/2023\/05\/Altes-Rathaus-bei-Nacht-CC0.jpg","datePublished":"2023-11-02T08:46:19+00:00","dateModified":"2023-11-02T16:36:47+00:00","breadcrumb":{"@id":"https:\/\/9staedte.de\/fr\/einbeck-voitures-anciennes-colombages-biere\/logements-a-einbeck\/#breadcrumb"},"inLanguage":"fr-FR","potentialAction":[{"@type":"ReadAction","target":["https:\/\/9staedte.de\/fr\/einbeck-voitures-anciennes-colombages-biere\/logements-a-einbeck\/"]}]},{"@type":"ImageObject","inLanguage":"fr-FR","@id":"https:\/\/9staedte.de\/fr\/einbeck-voitures-anciennes-colombages-biere\/logements-a-einbeck\/#primaryimage","url":"https:\/\/9staedte.de\/wp-content\/uploads\/2023\/05\/Altes-Rathaus-bei-Nacht-CC0.jpg","contentUrl":"https:\/\/9staedte.de\/wp-content\/uploads\/2023\/05\/Altes-Rathaus-bei-Nacht-CC0.jpg","width":1020,"height":560,"caption":"Einbeck Altes Rathaus bei Nacht CC0"},{"@type":"BreadcrumbList","@id":"https:\/\/9staedte.de\/fr\/einbeck-voitures-anciennes-colombages-biere\/logements-a-einbeck\/#breadcrumb","itemListElement":[{"@type":"ListItem","position":1,"name":"Startseite","item":"https:\/\/9staedte.de\/fr\/"},{"@type":"ListItem","position":2,"name":"Einbeck &#8211; voitures anciennes, colombages, bi\u00e8re","item":"https:\/\/9staedte.de\/fr\/einbeck-voitures-anciennes-colombages-biere\/"},{"@type":"ListItem","position":3,"name":"Logements \u00e0 Einbeck"}]},{"@type":"WebSite","@id":"https:\/\/9staedte.de\/fr\/#website","url":"https:\/\/9staedte.de\/fr\/","name":"9 St\u00e4dte in Niedersachsen","description":"","publisher":{"@id":"https:\/\/9staedte.de\/fr\/#organization"},"potentialAction":[{"@type":"SearchAction","target":{"@type":"EntryPoint","urlTemplate":"https:\/\/9staedte.de\/fr\/?s={search_term_string}"},"query-input":{"@type":"PropertyValueSpecification","valueRequired":true,"valueName":"search_term_string"}}],"inLanguage":"fr-FR"},{"@type":"Organization","@id":"https:\/\/9staedte.de\/fr\/#organization","name":"9 St\u00e4dte in Niedersachsen","url":"https:\/\/9staedte.de\/fr\/","logo":{"@type":"ImageObject","inLanguage":"fr-FR","@id":"https:\/\/9staedte.de\/fr\/#\/schema\/logo\/image\/","url":"https:\/\/9staedte.de\/wp-content\/uploads\/2025\/01\/9-neg-deutsch-2-1.png","contentUrl":"https:\/\/9staedte.de\/wp-content\/uploads\/2025\/01\/9-neg-deutsch-2-1.png","width":190,"height":114,"caption":"9 St\u00e4dte in Niedersachsen"},"image":{"@id":"https:\/\/9staedte.de\/fr\/#\/schema\/logo\/image\/"}}]}},"_links":{"self":[{"href":"https:\/\/9staedte.de\/fr\/wp-json\/wp\/v2\/pages\/16901","targetHints":{"allow":["GET"]}}],"collection":[{"href":"https:\/\/9staedte.de\/fr\/wp-json\/wp\/v2\/pages"}],"about":[{"href":"https:\/\/9staedte.de\/fr\/wp-json\/wp\/v2\/types\/page"}],"author":[{"embeddable":true,"href":"https:\/\/9staedte.de\/fr\/wp-json\/wp\/v2\/users\/1"}],"replies":[{"embeddable":true,"href":"https:\/\/9staedte.de\/fr\/wp-json\/wp\/v2\/comments?post=16901"}],"version-history":[{"count":1,"href":"https:\/\/9staedte.de\/fr\/wp-json\/wp\/v2\/pages\/16901\/revisions"}],"predecessor-version":[{"id":19766,"href":"https:\/\/9staedte.de\/fr\/wp-json\/wp\/v2\/pages\/16901\/revisions\/19766"}],"up":[{"embeddable":true,"href":"https:\/\/9staedte.de\/fr\/wp-json\/wp\/v2\/pages\/18033"}],"wp:featuredmedia":[{"embeddable":true,"href":"https:\/\/9staedte.de\/fr\/wp-json\/wp\/v2\/media\/15678"}],"wp:attachment":[{"href":"https:\/\/9staedte.de\/fr\/wp-json\/wp\/v2\/media?parent=16901"}],"wp:term":[{"taxonomy":"category","embeddable":true,"href":"https:\/\/9staedte.de\/fr\/wp-json\/wp\/v2\/categories?post=16901"},{"taxonomy":"post_tag","embeddable":true,"href":"https:\/\/9staedte.de\/fr\/wp-json\/wp\/v2\/tags?post=16901"},{"taxonomy":"ncap_cities_tax","embeddable":true,"href":"https:\/\/9staedte.de\/fr\/wp-json\/wp\/v2\/ncap_cities_tax?post=16901"}],"curies":[{"name":"wp","href":"https:\/\/api.w.org\/{rel}","templated":true}]}}