{"id":16895,"date":"2023-11-02T09:46:19","date_gmt":"2023-11-02T08:46:19","guid":{"rendered":"https:\/\/9staedte.de\/evenements-reunions-et-conferences-dans-lautostadt\/"},"modified":"2023-11-02T09:46:19","modified_gmt":"2023-11-02T08:46:19","slug":"evenements-reunions-et-conferences-dans-lautostadt","status":"publish","type":"page","link":"https:\/\/9staedte.de\/fr\/evenements-reunions-et-conferences-dans-lautostadt\/","title":{"rendered":"\u00c9v\u00e9nements, r\u00e9unions et conf\u00e9rences dans l&rsquo;Autostadt"},"content":{"rendered":"\n<p>Peu importe ce que vous cherchez, vous trouverez le cadre ad\u00e9quat \u00e0 l&rsquo;Autostadt de Wolfsburg : Des petites r\u00e9unions aux grands \u00e9v\u00e9nements pouvant accueillir jusqu&rsquo;\u00e0 1.400 personnes, nous mettons tout en \u0153uvre pour vous. Pour cela, vous disposez d&rsquo;un interlocuteur personnel qui met toute son \u00e9nergie \u00e0 vous aider \u00e0 atteindre vos objectifs. Et si c&rsquo;est faisable, m\u00eame au-del\u00e0.<\/p>\n\n\n\n<p>Pour les demandes de r\u00e9unions et d&rsquo;\u00e9v\u00e9nements, veuillez envoyer un e-mail \u00e0&nbsp;<a href=\"mailto:events@autostadt.de\">events@autostadt.de<\/a><\/p>\n\n\n\n<p>La brochure actuelle de l&rsquo;\u00e9v\u00e9nement \u00e0 <a href=\"https:\/\/9staedte.de\/wp-content\/uploads\/2023\/07\/konferenzen_2023_low.pdf\" target=\"_blank\" rel=\"noreferrer noopener\">t\u00e9l\u00e9charger<\/a><\/p>\n\n\n\n<p><a href=\"https:\/\/www.autostadt.de\/veranstaltungen\/eventlocation-autostadt\" target=\"_blank\" rel=\"noreferrer noopener\">Plus d&rsquo;informations :<\/a><\/p>\n","protected":false},"excerpt":{"rendered":"<p>Peu importe ce que vous cherchez, vous trouverez le cadre ad\u00e9quat \u00e0 l&rsquo;Autostadt de Wolfsburg : Des petites r\u00e9unions aux grands \u00e9v\u00e9nements pouvant accueillir jusqu&rsquo;\u00e0 1.400 personnes, nous mettons tout en \u0153uvre pour vous. Pour cela, vous disposez d&rsquo;un interlocuteur personnel qui met toute son \u00e9nergie \u00e0 vous aider \u00e0 atteindre vos objectifs. Et si [&hellip;]<\/p>\n","protected":false},"author":6,"featured_media":16907,"parent":0,"menu_order":0,"comment_status":"closed","ping_status":"closed","template":"","meta":{"_acf_changed":false,"footnotes":""},"categories":[],"tags":[],"ncap_cities_tax":[485,1194],"class_list":["post-16895","page","type-page","status-publish","has-post-thumbnail","hentry","ncap_cities_tax-autostadt-fr","ncap_cities_tax-tagungen-und-kongresse-autostadt-fr"],"acf":[],"yoast_head":"<!-- This site is optimized with the Yoast SEO plugin v26.8 - https:\/\/yoast.com\/product\/yoast-seo-wordpress\/ -->\n<title>\u00c9v\u00e9nements, r\u00e9unions et conf\u00e9rences dans l&#039;Autostadt - 9 St\u00e4dte in Niedersachsen<\/title>\n<meta name=\"robots\" content=\"index, follow, max-snippet:-1, max-image-preview:large, max-video-preview:-1\" \/>\n<link rel=\"canonical\" href=\"https:\/\/9staedte.de\/fr\/evenements-reunions-et-conferences-dans-lautostadt\/\" \/>\n<meta property=\"og:locale\" content=\"fr_FR\" \/>\n<meta property=\"og:type\" content=\"article\" \/>\n<meta property=\"og:title\" content=\"\u00c9v\u00e9nements, r\u00e9unions et conf\u00e9rences dans l&#039;Autostadt - 9 St\u00e4dte in Niedersachsen\" \/>\n<meta property=\"og:description\" content=\"Peu importe ce que vous cherchez, vous trouverez le cadre ad\u00e9quat \u00e0 l&rsquo;Autostadt de Wolfsburg : Des petites r\u00e9unions aux grands \u00e9v\u00e9nements pouvant accueillir jusqu&rsquo;\u00e0 1.400 personnes, nous mettons tout en \u0153uvre pour vous. Pour cela, vous disposez d&rsquo;un interlocuteur personnel qui met toute son \u00e9nergie \u00e0 vous aider \u00e0 atteindre vos objectifs. Et si [&hellip;]\" \/>\n<meta property=\"og:url\" content=\"https:\/\/9staedte.de\/fr\/evenements-reunions-et-conferences-dans-lautostadt\/\" \/>\n<meta property=\"og:site_name\" content=\"9 St\u00e4dte in Niedersachsen\" \/>\n<meta name=\"twitter:card\" content=\"summary_large_image\" \/>\n<script type=\"application\/ld+json\" class=\"yoast-schema-graph\">{\"@context\":\"https:\/\/schema.org\",\"@graph\":[{\"@type\":\"WebPage\",\"@id\":\"https:\/\/9staedte.de\/fr\/evenements-reunions-et-conferences-dans-lautostadt\/\",\"url\":\"https:\/\/9staedte.de\/fr\/evenements-reunions-et-conferences-dans-lautostadt\/\",\"name\":\"\u00c9v\u00e9nements, r\u00e9unions et conf\u00e9rences dans l'Autostadt - 9 St\u00e4dte in Niedersachsen\",\"isPartOf\":{\"@id\":\"https:\/\/9staedte.de\/fr\/#website\"},\"primaryImageOfPage\":{\"@id\":\"https:\/\/9staedte.de\/fr\/evenements-reunions-et-conferences-dans-lautostadt\/#primaryimage\"},\"image\":{\"@id\":\"https:\/\/9staedte.de\/fr\/evenements-reunions-et-conferences-dans-lautostadt\/#primaryimage\"},\"thumbnailUrl\":\"https:\/\/9staedte.de\/wp-content\/uploads\/2023\/07\/Autostadt-Uebersicht-c-Autostadt-GmbH-Klaus-Bossemeyer.jpg\",\"datePublished\":\"2023-11-02T08:46:19+00:00\",\"breadcrumb\":{\"@id\":\"https:\/\/9staedte.de\/fr\/evenements-reunions-et-conferences-dans-lautostadt\/#breadcrumb\"},\"inLanguage\":\"fr-FR\",\"potentialAction\":[{\"@type\":\"ReadAction\",\"target\":[\"https:\/\/9staedte.de\/fr\/evenements-reunions-et-conferences-dans-lautostadt\/\"]}]},{\"@type\":\"ImageObject\",\"inLanguage\":\"fr-FR\",\"@id\":\"https:\/\/9staedte.de\/fr\/evenements-reunions-et-conferences-dans-lautostadt\/#primaryimage\",\"url\":\"https:\/\/9staedte.de\/wp-content\/uploads\/2023\/07\/Autostadt-Uebersicht-c-Autostadt-GmbH-Klaus-Bossemeyer.jpg\",\"contentUrl\":\"https:\/\/9staedte.de\/wp-content\/uploads\/2023\/07\/Autostadt-Uebersicht-c-Autostadt-GmbH-Klaus-Bossemeyer.jpg\",\"width\":1020,\"height\":560,\"caption\":\"Autostadt \u00dcbersicht c) Autostadt GmbH Klaus Bossemeyer\"},{\"@type\":\"BreadcrumbList\",\"@id\":\"https:\/\/9staedte.de\/fr\/evenements-reunions-et-conferences-dans-lautostadt\/#breadcrumb\",\"itemListElement\":[{\"@type\":\"ListItem\",\"position\":1,\"name\":\"Startseite\",\"item\":\"https:\/\/9staedte.de\/fr\/\"},{\"@type\":\"ListItem\",\"position\":2,\"name\":\"\u00c9v\u00e9nements, r\u00e9unions et conf\u00e9rences dans l&#8217;Autostadt\"}]},{\"@type\":\"WebSite\",\"@id\":\"https:\/\/9staedte.de\/fr\/#website\",\"url\":\"https:\/\/9staedte.de\/fr\/\",\"name\":\"9 St\u00e4dte in Niedersachsen\",\"description\":\"\",\"publisher\":{\"@id\":\"https:\/\/9staedte.de\/fr\/#organization\"},\"potentialAction\":[{\"@type\":\"SearchAction\",\"target\":{\"@type\":\"EntryPoint\",\"urlTemplate\":\"https:\/\/9staedte.de\/fr\/?s={search_term_string}\"},\"query-input\":{\"@type\":\"PropertyValueSpecification\",\"valueRequired\":true,\"valueName\":\"search_term_string\"}}],\"inLanguage\":\"fr-FR\"},{\"@type\":\"Organization\",\"@id\":\"https:\/\/9staedte.de\/fr\/#organization\",\"name\":\"9 St\u00e4dte in Niedersachsen\",\"url\":\"https:\/\/9staedte.de\/fr\/\",\"logo\":{\"@type\":\"ImageObject\",\"inLanguage\":\"fr-FR\",\"@id\":\"https:\/\/9staedte.de\/fr\/#\/schema\/logo\/image\/\",\"url\":\"https:\/\/9staedte.de\/wp-content\/uploads\/2025\/01\/9-neg-deutsch-2-1.png\",\"contentUrl\":\"https:\/\/9staedte.de\/wp-content\/uploads\/2025\/01\/9-neg-deutsch-2-1.png\",\"width\":190,\"height\":114,\"caption\":\"9 St\u00e4dte in Niedersachsen\"},\"image\":{\"@id\":\"https:\/\/9staedte.de\/fr\/#\/schema\/logo\/image\/\"}}]}<\/script>\n<!-- \/ Yoast SEO plugin. -->","yoast_head_json":{"title":"\u00c9v\u00e9nements, r\u00e9unions et conf\u00e9rences dans l'Autostadt - 9 St\u00e4dte in Niedersachsen","robots":{"index":"index","follow":"follow","max-snippet":"max-snippet:-1","max-image-preview":"max-image-preview:large","max-video-preview":"max-video-preview:-1"},"canonical":"https:\/\/9staedte.de\/fr\/evenements-reunions-et-conferences-dans-lautostadt\/","og_locale":"fr_FR","og_type":"article","og_title":"\u00c9v\u00e9nements, r\u00e9unions et conf\u00e9rences dans l'Autostadt - 9 St\u00e4dte in Niedersachsen","og_description":"Peu importe ce que vous cherchez, vous trouverez le cadre ad\u00e9quat \u00e0 l&rsquo;Autostadt de Wolfsburg : Des petites r\u00e9unions aux grands \u00e9v\u00e9nements pouvant accueillir jusqu&rsquo;\u00e0 1.400 personnes, nous mettons tout en \u0153uvre pour vous. Pour cela, vous disposez d&rsquo;un interlocuteur personnel qui met toute son \u00e9nergie \u00e0 vous aider \u00e0 atteindre vos objectifs. Et si [&hellip;]","og_url":"https:\/\/9staedte.de\/fr\/evenements-reunions-et-conferences-dans-lautostadt\/","og_site_name":"9 St\u00e4dte in Niedersachsen","twitter_card":"summary_large_image","schema":{"@context":"https:\/\/schema.org","@graph":[{"@type":"WebPage","@id":"https:\/\/9staedte.de\/fr\/evenements-reunions-et-conferences-dans-lautostadt\/","url":"https:\/\/9staedte.de\/fr\/evenements-reunions-et-conferences-dans-lautostadt\/","name":"\u00c9v\u00e9nements, r\u00e9unions et conf\u00e9rences dans l'Autostadt - 9 St\u00e4dte in Niedersachsen","isPartOf":{"@id":"https:\/\/9staedte.de\/fr\/#website"},"primaryImageOfPage":{"@id":"https:\/\/9staedte.de\/fr\/evenements-reunions-et-conferences-dans-lautostadt\/#primaryimage"},"image":{"@id":"https:\/\/9staedte.de\/fr\/evenements-reunions-et-conferences-dans-lautostadt\/#primaryimage"},"thumbnailUrl":"https:\/\/9staedte.de\/wp-content\/uploads\/2023\/07\/Autostadt-Uebersicht-c-Autostadt-GmbH-Klaus-Bossemeyer.jpg","datePublished":"2023-11-02T08:46:19+00:00","breadcrumb":{"@id":"https:\/\/9staedte.de\/fr\/evenements-reunions-et-conferences-dans-lautostadt\/#breadcrumb"},"inLanguage":"fr-FR","potentialAction":[{"@type":"ReadAction","target":["https:\/\/9staedte.de\/fr\/evenements-reunions-et-conferences-dans-lautostadt\/"]}]},{"@type":"ImageObject","inLanguage":"fr-FR","@id":"https:\/\/9staedte.de\/fr\/evenements-reunions-et-conferences-dans-lautostadt\/#primaryimage","url":"https:\/\/9staedte.de\/wp-content\/uploads\/2023\/07\/Autostadt-Uebersicht-c-Autostadt-GmbH-Klaus-Bossemeyer.jpg","contentUrl":"https:\/\/9staedte.de\/wp-content\/uploads\/2023\/07\/Autostadt-Uebersicht-c-Autostadt-GmbH-Klaus-Bossemeyer.jpg","width":1020,"height":560,"caption":"Autostadt \u00dcbersicht c) Autostadt GmbH Klaus Bossemeyer"},{"@type":"BreadcrumbList","@id":"https:\/\/9staedte.de\/fr\/evenements-reunions-et-conferences-dans-lautostadt\/#breadcrumb","itemListElement":[{"@type":"ListItem","position":1,"name":"Startseite","item":"https:\/\/9staedte.de\/fr\/"},{"@type":"ListItem","position":2,"name":"\u00c9v\u00e9nements, r\u00e9unions et conf\u00e9rences dans l&#8217;Autostadt"}]},{"@type":"WebSite","@id":"https:\/\/9staedte.de\/fr\/#website","url":"https:\/\/9staedte.de\/fr\/","name":"9 St\u00e4dte in Niedersachsen","description":"","publisher":{"@id":"https:\/\/9staedte.de\/fr\/#organization"},"potentialAction":[{"@type":"SearchAction","target":{"@type":"EntryPoint","urlTemplate":"https:\/\/9staedte.de\/fr\/?s={search_term_string}"},"query-input":{"@type":"PropertyValueSpecification","valueRequired":true,"valueName":"search_term_string"}}],"inLanguage":"fr-FR"},{"@type":"Organization","@id":"https:\/\/9staedte.de\/fr\/#organization","name":"9 St\u00e4dte in Niedersachsen","url":"https:\/\/9staedte.de\/fr\/","logo":{"@type":"ImageObject","inLanguage":"fr-FR","@id":"https:\/\/9staedte.de\/fr\/#\/schema\/logo\/image\/","url":"https:\/\/9staedte.de\/wp-content\/uploads\/2025\/01\/9-neg-deutsch-2-1.png","contentUrl":"https:\/\/9staedte.de\/wp-content\/uploads\/2025\/01\/9-neg-deutsch-2-1.png","width":190,"height":114,"caption":"9 St\u00e4dte in Niedersachsen"},"image":{"@id":"https:\/\/9staedte.de\/fr\/#\/schema\/logo\/image\/"}}]}},"_links":{"self":[{"href":"https:\/\/9staedte.de\/fr\/wp-json\/wp\/v2\/pages\/16895","targetHints":{"allow":["GET"]}}],"collection":[{"href":"https:\/\/9staedte.de\/fr\/wp-json\/wp\/v2\/pages"}],"about":[{"href":"https:\/\/9staedte.de\/fr\/wp-json\/wp\/v2\/types\/page"}],"author":[{"embeddable":true,"href":"https:\/\/9staedte.de\/fr\/wp-json\/wp\/v2\/users\/6"}],"replies":[{"embeddable":true,"href":"https:\/\/9staedte.de\/fr\/wp-json\/wp\/v2\/comments?post=16895"}],"version-history":[{"count":0,"href":"https:\/\/9staedte.de\/fr\/wp-json\/wp\/v2\/pages\/16895\/revisions"}],"wp:featuredmedia":[{"embeddable":true,"href":"https:\/\/9staedte.de\/fr\/wp-json\/wp\/v2\/media\/16907"}],"wp:attachment":[{"href":"https:\/\/9staedte.de\/fr\/wp-json\/wp\/v2\/media?parent=16895"}],"wp:term":[{"taxonomy":"category","embeddable":true,"href":"https:\/\/9staedte.de\/fr\/wp-json\/wp\/v2\/categories?post=16895"},{"taxonomy":"post_tag","embeddable":true,"href":"https:\/\/9staedte.de\/fr\/wp-json\/wp\/v2\/tags?post=16895"},{"taxonomy":"ncap_cities_tax","embeddable":true,"href":"https:\/\/9staedte.de\/fr\/wp-json\/wp\/v2\/ncap_cities_tax?post=16895"}],"curies":[{"name":"wp","href":"https:\/\/api.w.org\/{rel}","templated":true}]}}