{"id":26568,"date":"2025-06-27T09:19:34","date_gmt":"2025-06-27T07:19:34","guid":{"rendered":"https:\/\/9staedte.de\/declaracion-sobre-accesibilidad\/"},"modified":"2025-06-27T09:19:34","modified_gmt":"2025-06-27T07:19:34","slug":"declaracion-sobre-accesibilidad","status":"publish","type":"page","link":"https:\/\/9staedte.de\/es\/declaracion-sobre-accesibilidad\/","title":{"rendered":"Declaraci\u00f3n sobre accesibilidad"},"content":{"rendered":"\n<p>Los operadores del sitio web https:\/\/9staedte.de conceden gran importancia a garantizar que el mayor n\u00famero posible de personas -independientemente de sus capacidades individuales o ayudas t\u00e9cnicas- puedan utilizar nuestros contenidos sin problemas.<\/p>\n\n<p>Nos esforzamos por dise\u00f1ar nuestro sitio web sin barreras de acuerdo con los requisitos legales, en particular de acuerdo con los requisitos de la Ley alemana de Protecci\u00f3n de Datos:<\/p>\n\n<p>&#8211; Ordenanza sobre Tecnolog\u00edas de la Informaci\u00f3n sin Barreras (BITV 2.0)<br\/>&#8211; Directrices de las Pautas de Accesibilidad al Contenido en la Web (WCAG) 2.1, nivel de conformidad AA<br\/>&#8211; Art\u00edculos 12 y siguientes de la Ley de Discriminaci\u00f3n por Discapacidad (BGG)<\/p>\n\n<div style=\"height:16px\" aria-hidden=\"true\" class=\"wp-block-spacer\"><\/div>\n\n<h2 class=\"wp-block-heading\">Estado de accesibilidad<\/h2>\n\n<p>El sitio web es<strong> parcialmente accesible<\/strong>.<\/p>\n\n<p>Algunos contenidos y funciones ya cumplen los requisitos de BITV 2.0, otros a\u00fan se est\u00e1n revisando.<\/p>\n\n<h3 class=\"wp-block-heading\">Barreras que a\u00fan existen<\/h3>\n\n<p>A pesar de nuestros esfuerzos, actualmente pueden darse los siguientes obst\u00e1culos:<\/p>\n\n<p>&#8211; No todas las im\u00e1genes contienen <strong>textos alternativos<\/strong><br\/>&#8211; Algunos<strong> documentos PDF<\/strong> no est\u00e1n libres de barreras<br\/>&#8211; <strong>El funcionamiento del teclado<\/strong> sigue siendo limitado en algunas partes<br\/>&#8211; <strong>Los contrastes<\/strong> y los <strong>indicadores de enfoque<\/strong> no son \u00f3ptimos en todas partes<br\/>&#8211; <strong>Los v\u00eddeos <\/strong>no tienen actualmente <strong>subt\u00edtulos ni descripciones de audio<\/strong> en todo el contenido.<\/p>\n\n<p>Trabajamos constantemente para mejorar la accesibilidad de nuestros contenidos.<\/p>\n\n<div style=\"height:16px\" aria-hidden=\"true\" class=\"wp-block-spacer\"><\/div>\n\n<h2 class=\"wp-block-heading\">Comentarios y contacto<\/h2>\n\n<p>Si observas alg\u00fan obst\u00e1culo en nuestro sitio web o si tienes alguna sugerencia, estaremos encantados de escucharte.<\/p>\n\n<p>Ponte en contacto con<\/p>\n\n<p><strong>9 Ciudades de Baja Sajonia<br\/><\/strong>c\/o G\u00f6ttingen Tourismus und Marketing e. V.<br\/>Markt 9<br\/>37073 G\u00f6ttingen<br\/>Tel\u00e9fono: +49 (0)551 499 80 12<br\/>Correo electr\u00f3nico: <a href=\"mailto:info@9staedte.de\">info@9staedte.de<\/a><\/p>\n\n<h3 class=\"wp-block-heading\">Procedimiento de arbitraje<\/h3>\n\n<p>Si consideras que no hemos respondido adecuadamente a tu informaci\u00f3n, tienes la opci\u00f3n de ponerte en contacto con la junta de arbitraje de acuerdo con el art\u00edculo 16 de la BGG.<\/p>\n\n<h4 class=\"wp-block-heading\"><strong>Ponte en contacto con el \u00f3rgano de conciliaci\u00f3n BGG:<\/strong><\/h4>\n\n<p>\u00d3rgano de conciliaci\u00f3n BGG<br\/>en el Comisionado del Gobierno Federal para Asuntos Relacionados con las Personas con Discapacidad<br\/>Mauerstra\u00dfe 53<br\/>10117 Berl\u00edn<br\/>Tel\u00e9fono: 030 18 527 2805<br\/>Correo electr\u00f3nico: info@schlichtungsstelle-bgg.de<br\/>P\u00e1gina web: www.schlichtungsstelle-bgg.de<\/p>\n\n<div style=\"height:16px\" aria-hidden=\"true\" class=\"wp-block-spacer\"><\/div>\n\n<p><strong>Estado de esta declaraci\u00f3n:<\/strong> 25 de junio de 2025<\/p>\n","protected":false},"excerpt":{"rendered":"<p>Los operadores del sitio web https:\/\/9staedte.de conceden gran importancia a garantizar que el mayor n\u00famero posible de personas -independientemente de sus capacidades individuales o ayudas t\u00e9cnicas- puedan utilizar nuestros contenidos sin problemas. Nos esforzamos por dise\u00f1ar nuestro sitio web sin barreras de acuerdo con los requisitos legales, en particular de acuerdo con los requisitos de [&hellip;]<\/p>\n","protected":false},"author":11,"featured_media":0,"parent":0,"menu_order":0,"comment_status":"closed","ping_status":"closed","template":"","meta":{"_acf_changed":false,"footnotes":""},"categories":[],"tags":[],"ncap_cities_tax":[],"class_list":["post-26568","page","type-page","status-publish","hentry"],"acf":[],"yoast_head":"<!-- This site is optimized with the Yoast SEO plugin v26.8 - https:\/\/yoast.com\/product\/yoast-seo-wordpress\/ -->\n<title>Declaraci\u00f3n sobre accesibilidad - 9 St\u00e4dte in Niedersachsen<\/title>\n<meta name=\"robots\" content=\"index, follow, max-snippet:-1, max-image-preview:large, max-video-preview:-1\" \/>\n<link rel=\"canonical\" href=\"https:\/\/9staedte.de\/es\/declaracion-sobre-accesibilidad\/\" \/>\n<meta property=\"og:locale\" content=\"es_ES\" \/>\n<meta property=\"og:type\" content=\"article\" \/>\n<meta property=\"og:title\" content=\"Declaraci\u00f3n sobre accesibilidad - 9 St\u00e4dte in Niedersachsen\" \/>\n<meta property=\"og:description\" content=\"Los operadores del sitio web https:\/\/9staedte.de conceden gran importancia a garantizar que el mayor n\u00famero posible de personas -independientemente de sus capacidades individuales o ayudas t\u00e9cnicas- puedan utilizar nuestros contenidos sin problemas. Nos esforzamos por dise\u00f1ar nuestro sitio web sin barreras de acuerdo con los requisitos legales, en particular de acuerdo con los requisitos de [&hellip;]\" \/>\n<meta property=\"og:url\" content=\"https:\/\/9staedte.de\/es\/declaracion-sobre-accesibilidad\/\" \/>\n<meta property=\"og:site_name\" content=\"9 St\u00e4dte in Niedersachsen\" \/>\n<meta name=\"twitter:card\" content=\"summary_large_image\" \/>\n<meta name=\"twitter:label1\" content=\"Tiempo de lectura\" \/>\n\t<meta name=\"twitter:data1\" content=\"2 minutos\" \/>\n<script type=\"application\/ld+json\" class=\"yoast-schema-graph\">{\"@context\":\"https:\/\/schema.org\",\"@graph\":[{\"@type\":\"WebPage\",\"@id\":\"https:\/\/9staedte.de\/es\/declaracion-sobre-accesibilidad\/\",\"url\":\"https:\/\/9staedte.de\/es\/declaracion-sobre-accesibilidad\/\",\"name\":\"Declaraci\u00f3n sobre accesibilidad - 9 St\u00e4dte in Niedersachsen\",\"isPartOf\":{\"@id\":\"https:\/\/9staedte.de\/es\/#website\"},\"datePublished\":\"2025-06-27T07:19:34+00:00\",\"breadcrumb\":{\"@id\":\"https:\/\/9staedte.de\/es\/declaracion-sobre-accesibilidad\/#breadcrumb\"},\"inLanguage\":\"es\",\"potentialAction\":[{\"@type\":\"ReadAction\",\"target\":[\"https:\/\/9staedte.de\/es\/declaracion-sobre-accesibilidad\/\"]}]},{\"@type\":\"BreadcrumbList\",\"@id\":\"https:\/\/9staedte.de\/es\/declaracion-sobre-accesibilidad\/#breadcrumb\",\"itemListElement\":[{\"@type\":\"ListItem\",\"position\":1,\"name\":\"Startseite\",\"item\":\"https:\/\/9staedte.de\/es\/\"},{\"@type\":\"ListItem\",\"position\":2,\"name\":\"Declaraci\u00f3n sobre accesibilidad\"}]},{\"@type\":\"WebSite\",\"@id\":\"https:\/\/9staedte.de\/es\/#website\",\"url\":\"https:\/\/9staedte.de\/es\/\",\"name\":\"9 St\u00e4dte in Niedersachsen\",\"description\":\"\",\"publisher\":{\"@id\":\"https:\/\/9staedte.de\/es\/#organization\"},\"potentialAction\":[{\"@type\":\"SearchAction\",\"target\":{\"@type\":\"EntryPoint\",\"urlTemplate\":\"https:\/\/9staedte.de\/es\/?s={search_term_string}\"},\"query-input\":{\"@type\":\"PropertyValueSpecification\",\"valueRequired\":true,\"valueName\":\"search_term_string\"}}],\"inLanguage\":\"es\"},{\"@type\":\"Organization\",\"@id\":\"https:\/\/9staedte.de\/es\/#organization\",\"name\":\"9 St\u00e4dte in Niedersachsen\",\"url\":\"https:\/\/9staedte.de\/es\/\",\"logo\":{\"@type\":\"ImageObject\",\"inLanguage\":\"es\",\"@id\":\"https:\/\/9staedte.de\/es\/#\/schema\/logo\/image\/\",\"url\":\"https:\/\/9staedte.de\/wp-content\/uploads\/2025\/01\/9-neg-deutsch-2-1.png\",\"contentUrl\":\"https:\/\/9staedte.de\/wp-content\/uploads\/2025\/01\/9-neg-deutsch-2-1.png\",\"width\":190,\"height\":114,\"caption\":\"9 St\u00e4dte in Niedersachsen\"},\"image\":{\"@id\":\"https:\/\/9staedte.de\/es\/#\/schema\/logo\/image\/\"}}]}<\/script>\n<!-- \/ Yoast SEO plugin. -->","yoast_head_json":{"title":"Declaraci\u00f3n sobre accesibilidad - 9 St\u00e4dte in Niedersachsen","robots":{"index":"index","follow":"follow","max-snippet":"max-snippet:-1","max-image-preview":"max-image-preview:large","max-video-preview":"max-video-preview:-1"},"canonical":"https:\/\/9staedte.de\/es\/declaracion-sobre-accesibilidad\/","og_locale":"es_ES","og_type":"article","og_title":"Declaraci\u00f3n sobre accesibilidad - 9 St\u00e4dte in Niedersachsen","og_description":"Los operadores del sitio web https:\/\/9staedte.de conceden gran importancia a garantizar que el mayor n\u00famero posible de personas -independientemente de sus capacidades individuales o ayudas t\u00e9cnicas- puedan utilizar nuestros contenidos sin problemas. Nos esforzamos por dise\u00f1ar nuestro sitio web sin barreras de acuerdo con los requisitos legales, en particular de acuerdo con los requisitos de [&hellip;]","og_url":"https:\/\/9staedte.de\/es\/declaracion-sobre-accesibilidad\/","og_site_name":"9 St\u00e4dte in Niedersachsen","twitter_card":"summary_large_image","twitter_misc":{"Tiempo de lectura":"2 minutos"},"schema":{"@context":"https:\/\/schema.org","@graph":[{"@type":"WebPage","@id":"https:\/\/9staedte.de\/es\/declaracion-sobre-accesibilidad\/","url":"https:\/\/9staedte.de\/es\/declaracion-sobre-accesibilidad\/","name":"Declaraci\u00f3n sobre accesibilidad - 9 St\u00e4dte in Niedersachsen","isPartOf":{"@id":"https:\/\/9staedte.de\/es\/#website"},"datePublished":"2025-06-27T07:19:34+00:00","breadcrumb":{"@id":"https:\/\/9staedte.de\/es\/declaracion-sobre-accesibilidad\/#breadcrumb"},"inLanguage":"es","potentialAction":[{"@type":"ReadAction","target":["https:\/\/9staedte.de\/es\/declaracion-sobre-accesibilidad\/"]}]},{"@type":"BreadcrumbList","@id":"https:\/\/9staedte.de\/es\/declaracion-sobre-accesibilidad\/#breadcrumb","itemListElement":[{"@type":"ListItem","position":1,"name":"Startseite","item":"https:\/\/9staedte.de\/es\/"},{"@type":"ListItem","position":2,"name":"Declaraci\u00f3n sobre accesibilidad"}]},{"@type":"WebSite","@id":"https:\/\/9staedte.de\/es\/#website","url":"https:\/\/9staedte.de\/es\/","name":"9 St\u00e4dte in Niedersachsen","description":"","publisher":{"@id":"https:\/\/9staedte.de\/es\/#organization"},"potentialAction":[{"@type":"SearchAction","target":{"@type":"EntryPoint","urlTemplate":"https:\/\/9staedte.de\/es\/?s={search_term_string}"},"query-input":{"@type":"PropertyValueSpecification","valueRequired":true,"valueName":"search_term_string"}}],"inLanguage":"es"},{"@type":"Organization","@id":"https:\/\/9staedte.de\/es\/#organization","name":"9 St\u00e4dte in Niedersachsen","url":"https:\/\/9staedte.de\/es\/","logo":{"@type":"ImageObject","inLanguage":"es","@id":"https:\/\/9staedte.de\/es\/#\/schema\/logo\/image\/","url":"https:\/\/9staedte.de\/wp-content\/uploads\/2025\/01\/9-neg-deutsch-2-1.png","contentUrl":"https:\/\/9staedte.de\/wp-content\/uploads\/2025\/01\/9-neg-deutsch-2-1.png","width":190,"height":114,"caption":"9 St\u00e4dte in Niedersachsen"},"image":{"@id":"https:\/\/9staedte.de\/es\/#\/schema\/logo\/image\/"}}]}},"_links":{"self":[{"href":"https:\/\/9staedte.de\/es\/wp-json\/wp\/v2\/pages\/26568","targetHints":{"allow":["GET"]}}],"collection":[{"href":"https:\/\/9staedte.de\/es\/wp-json\/wp\/v2\/pages"}],"about":[{"href":"https:\/\/9staedte.de\/es\/wp-json\/wp\/v2\/types\/page"}],"author":[{"embeddable":true,"href":"https:\/\/9staedte.de\/es\/wp-json\/wp\/v2\/users\/11"}],"replies":[{"embeddable":true,"href":"https:\/\/9staedte.de\/es\/wp-json\/wp\/v2\/comments?post=26568"}],"version-history":[{"count":1,"href":"https:\/\/9staedte.de\/es\/wp-json\/wp\/v2\/pages\/26568\/revisions"}],"predecessor-version":[{"id":26569,"href":"https:\/\/9staedte.de\/es\/wp-json\/wp\/v2\/pages\/26568\/revisions\/26569"}],"wp:attachment":[{"href":"https:\/\/9staedte.de\/es\/wp-json\/wp\/v2\/media?parent=26568"}],"wp:term":[{"taxonomy":"category","embeddable":true,"href":"https:\/\/9staedte.de\/es\/wp-json\/wp\/v2\/categories?post=26568"},{"taxonomy":"post_tag","embeddable":true,"href":"https:\/\/9staedte.de\/es\/wp-json\/wp\/v2\/tags?post=26568"},{"taxonomy":"ncap_cities_tax","embeddable":true,"href":"https:\/\/9staedte.de\/es\/wp-json\/wp\/v2\/ncap_cities_tax?post=26568"}],"curies":[{"name":"wp","href":"https:\/\/api.w.org\/{rel}","templated":true}]}}